{"id":4815,"date":"2021-09-02T08:17:51","date_gmt":"2021-10-13T16:36:57","guid":{"rendered":"https:\/\/ryfi.online\/product\/zaino-per-bambini-frozen-ryfi-3d\/"},"modified":"2024-11-04T14:25:57","modified_gmt":"2024-11-04T14:25:57","slug":"ryfi-zaino-3d-bambino-congelato","status":"publish","type":"product","link":"https:\/\/ryfi.online\/it\/prodotto\/ryfi-zaino-3d-bambino-congelato\/","title":{"rendered":"ZAINO PER BAMBINI Ryfi 3D FROZEN TH9122"},"content":{"rendered":"<ul class=\"a-unordered-list a-vertical a-spacing-mini\">\n<li>Zaino Frozen per ragazze<\/li>\n<li><span class=\"a-list-item\">Misure: 32x24x11<\/span><\/li>\n<li><span class=\"a-list-item\">Stagione autunno-inverno<\/span><\/li>\n<li><span class=\"a-list-item\">Et\u00e0: 3-7 anni<\/span><\/li>\n<\/ul>\n","protected":false},"excerpt":{"rendered":"<p>Spedizione veloce e sicura in 1-3 giorni lavorativi<\/p>\n","protected":false},"featured_media":4816,"comment_status":"open","ping_status":"closed","template":"","meta":[],"product_brand":[],"product_cat":[234],"product_tag":[],"class_list":{"0":"post-4815","1":"product","2":"type-product","3":"status-publish","4":"has-post-thumbnail","6":"product_cat-zaino","8":"first","9":"instock","10":"featured","11":"taxable","12":"shipping-taxable","13":"purchasable","14":"product-type-simple"},"yoast_head":"<!-- This site is optimized with the Yoast SEO Premium plugin v17.1.2 (Yoast SEO v27.4) - https:\/\/yoast.com\/product\/yoast-seo-premium-wordpress\/ -->\n<title>ZAINO PER BAMBINI Ryfi 3D FROZEN TH9122 - Ryfi Online Store<\/title>\n<meta name=\"description\" content=\"Trova la migliore collezione di zaini congelati per bambini dai 3 ai 7 anni in Spagna su Ryfi Online Store. Spedizione veloce e gratuita in 1-3 giorni lavorativi.\" \/>\n<meta name=\"robots\" content=\"index, follow, max-snippet:-1, max-image-preview:large, max-video-preview:-1\" \/>\n<link rel=\"canonical\" href=\"https:\/\/ryfi.online\/it\/prodotto\/ryfi-zaino-3d-bambino-congelato\/\" \/>\n<meta property=\"og:locale\" content=\"it_IT\" \/>\n<meta property=\"og:type\" content=\"article\" \/>\n<meta property=\"og:title\" content=\"ZAINO PER BAMBINI Ryfi 3D FROZEN TH9122\" \/>\n<meta property=\"og:description\" content=\"Trova la migliore collezione di zaini congelati per bambini dai 3 ai 7 anni in Spagna su Ryfi Online Store. Spedizione veloce e gratuita in 1-3 giorni lavorativi.\" \/>\n<meta property=\"og:url\" content=\"https:\/\/ryfi.online\/it\/prodotto\/ryfi-zaino-3d-bambino-congelato\/\" \/>\n<meta property=\"og:site_name\" content=\"Ryfi Online Store\" \/>\n<meta property=\"article:publisher\" content=\"https:\/\/www.facebook.com\/ryfi.online\/\" \/>\n<meta property=\"article:modified_time\" content=\"2024-11-04T14:25:57+00:00\" \/>\n<meta property=\"og:image\" content=\"https:\/\/ryfi.online\/wp-content\/uploads\/2021\/09\/th9122.e00.jpg\" \/>\n\t<meta property=\"og:image:width\" content=\"800\" \/>\n\t<meta property=\"og:image:height\" content=\"566\" \/>\n\t<meta property=\"og:image:type\" content=\"image\/jpeg\" \/>\n<meta name=\"twitter:card\" content=\"summary_large_image\" \/>\n<meta name=\"twitter:label1\" content=\"Prezzo\" \/>\n\t<meta name=\"twitter:data1\" content=\"&#036;14.99\" \/>\n\t<meta name=\"twitter:label2\" content=\"Availability\" \/>\n\t<meta name=\"twitter:data2\" content=\"In stock\" \/>\n<meta property=\"product:brand\" content=\"Zaino\" \/>\n<meta property=\"product:price:amount\" content=\"14.99\" \/>\n<meta property=\"product:price:currency\" content=\"USD\" \/>\n<meta property=\"og:availability\" content=\"instock\" \/>\n<meta property=\"product:availability\" content=\"instock\" \/>\n<meta property=\"product:condition\" content=\"new\" \/>\n<!-- \/ Yoast SEO Premium plugin. -->","yoast_head_json":{"title":"ZAINO PER BAMBINI Ryfi 3D FROZEN TH9122 - Ryfi Online Store","description":"Trova la migliore collezione di zaini congelati per bambini dai 3 ai 7 anni in Spagna su Ryfi Online Store. Spedizione veloce e gratuita in 1-3 giorni lavorativi.","robots":{"index":"index","follow":"follow","max-snippet":"max-snippet:-1","max-image-preview":"max-image-preview:large","max-video-preview":"max-video-preview:-1"},"canonical":"https:\/\/ryfi.online\/it\/prodotto\/ryfi-zaino-3d-bambino-congelato\/","og_locale":"it_IT","og_type":"article","og_title":"ZAINO PER BAMBINI Ryfi 3D FROZEN TH9122","og_description":"Trova la migliore collezione di zaini congelati per bambini dai 3 ai 7 anni in Spagna su Ryfi Online Store. Spedizione veloce e gratuita in 1-3 giorni lavorativi.","og_url":"https:\/\/ryfi.online\/it\/prodotto\/ryfi-zaino-3d-bambino-congelato\/","og_site_name":"Ryfi Online Store","article_publisher":"https:\/\/www.facebook.com\/ryfi.online\/","article_modified_time":"2024-11-04T14:25:57+00:00","og_image":[{"width":800,"height":566,"url":"https:\/\/ryfi.online\/wp-content\/uploads\/2021\/09\/th9122.e00.jpg","type":"image\/jpeg"}],"twitter_card":"summary_large_image","twitter_misc":{"Prezzo":"&#36;14.99","Availability":"In stock"},"schema":{"@context":"https:\/\/schema.org","@graph":[{"@type":"WebPage","@id":"https:\/\/ryfi.online\/it\/prodotto\/ryfi-zaino-3d-bambino-congelato\/","url":"https:\/\/ryfi.online\/it\/prodotto\/ryfi-zaino-3d-bambino-congelato\/","name":"ZAINO PER BAMBINI Ryfi 3D FROZEN TH9122 - Ryfi Online Store","isPartOf":{"@id":"https:\/\/ryfi.online\/it\/#website"},"primaryImageOfPage":{"@id":"https:\/\/ryfi.online\/it\/prodotto\/ryfi-zaino-3d-bambino-congelato\/#primaryimage"},"image":{"@id":"https:\/\/ryfi.online\/it\/prodotto\/ryfi-zaino-3d-bambino-congelato\/#primaryimage"},"thumbnailUrl":"https:\/\/ryfi.online\/wp-content\/uploads\/2021\/09\/th9122.e00.jpg","datePublished":"2021-10-13T16:36:57+00:00","dateModified":"2024-11-04T14:25:57+00:00","description":"Trova la migliore collezione di zaini congelati per bambini dai 3 ai 7 anni in Spagna su Ryfi Online Store. Spedizione veloce e gratuita in 1-3 giorni lavorativi.","breadcrumb":{"@id":"https:\/\/ryfi.online\/it\/prodotto\/ryfi-zaino-3d-bambino-congelato\/#breadcrumb"},"inLanguage":"it-IT","potentialAction":[{"@type":"ReadAction","target":["https:\/\/ryfi.online\/it\/prodotto\/ryfi-zaino-3d-bambino-congelato\/"]}]},{"@type":"ImageObject","inLanguage":"it-IT","@id":"https:\/\/ryfi.online\/it\/prodotto\/ryfi-zaino-3d-bambino-congelato\/#primaryimage","url":"https:\/\/ryfi.online\/wp-content\/uploads\/2021\/09\/th9122.e00.jpg","contentUrl":"https:\/\/ryfi.online\/wp-content\/uploads\/2021\/09\/th9122.e00.jpg","width":800,"height":566,"caption":"Mochila 3D Frozen -1"},{"@type":"BreadcrumbList","@id":"https:\/\/ryfi.online\/it\/prodotto\/ryfi-zaino-3d-bambino-congelato\/#breadcrumb","itemListElement":[{"@type":"ListItem","position":1,"name":"Home","item":"https:\/\/ryfi.online\/it\/"},{"@type":"ListItem","position":2,"name":"Free and Fast Shipping whitin 1-3 Days!!!","item":"https:\/\/ryfi.online\/shop\/"},{"@type":"ListItem","position":3,"name":"ZAINO PER BAMBINI Ryfi 3D FROZEN TH9122"}]},{"@type":"WebSite","@id":"https:\/\/ryfi.online\/it\/#website","url":"https:\/\/ryfi.online\/it\/","name":"Ryfi Online Store","description":"Online Store","publisher":{"@id":"https:\/\/ryfi.online\/it\/#organization"},"potentialAction":[{"@type":"SearchAction","target":{"@type":"EntryPoint","urlTemplate":"https:\/\/ryfi.online\/it\/?s={search_term_string}"},"query-input":{"@type":"PropertyValueSpecification","valueRequired":true,"valueName":"search_term_string"}}],"inLanguage":"it-IT"},{"@type":"Organization","@id":"https:\/\/ryfi.online\/it\/#organization","name":"Ryan Future Investments LLC","url":"https:\/\/ryfi.online\/it\/","logo":{"@type":"ImageObject","inLanguage":"it-IT","@id":"https:\/\/ryfi.online\/it\/#\/schema\/logo\/image\/","url":"https:\/\/ryfi.online\/wp-content\/uploads\/2021\/03\/2-03.png","contentUrl":"https:\/\/ryfi.online\/wp-content\/uploads\/2021\/03\/2-03.png","width":1010,"height":310,"caption":"Ryan Future Investments LLC"},"image":{"@id":"https:\/\/ryfi.online\/it\/#\/schema\/logo\/image\/"},"sameAs":["https:\/\/www.facebook.com\/ryfi.online\/"]}]},"product_brand":"Zaino","product_price_amount":"14.99","product_price_currency":"USD","og_availability":"instock","product_availability":"instock","product_condition":"new"},"jetpack-related-posts":[{"id":6977,"url":"https:\/\/ryfi.online\/de\/produkt\/ryfi-langer-gefrorener-fleece-pyjama\/","url_meta":{"origin":4815,"position":0},"title":"Ryfi Long Polar Pyjama Frozen HU7366","date":"Ottobre 31, 2021","format":false,"excerpt":"Schneller und sicherer Versand in 1-3 Werktagen","rel":"","context":"Articolo simile","img":{"alt_text":"","src":"https:\/\/i0.wp.com\/ryfi.online\/wp-content\/uploads\/2021\/10\/hu7366.i00.b.jpg?resize=350%2C200&ssl=1","width":350,"height":200},"classes":[]},{"id":9763,"url":"https:\/\/ryfi.online\/de\/produkt\/t-shirt-mit-disney-frozen-design-fur-madchen\/","url_meta":{"origin":4815,"position":1},"title":"Disney Frozen T-Shirt f\u00fcr M\u00e4dchen","date":"Giugno 9, 2021","format":false,"excerpt":"Kostenloser Versand 1-3 Werktage Kostenlose R\u00fccksendung","rel":"","context":"Articolo simile","img":{"alt_text":"Disney Frozen-T-Shirt","src":"https:\/\/i0.wp.com\/ryfi.online\/wp-content\/uploads\/2021\/06\/ET1222_WH.jpg?resize=350%2C200&ssl=1","width":350,"height":200},"classes":[]},{"id":7076,"url":"https:\/\/ryfi.online\/de\/produkt\/ryfi-fleece-pyjama-girl-frozen\/","url_meta":{"origin":4815,"position":2},"title":"Ryfi M\u00e4dchen Polar Pyjama Frozen HU2022","date":"Ottobre 31, 2021","format":false,"excerpt":"Schneller und sicherer Versand in 1-3 Werktagen","rel":"","context":"Articolo simile","img":{"alt_text":"","src":"https:\/\/i0.wp.com\/ryfi.online\/wp-content\/uploads\/2021\/10\/hu2022.jpg?resize=350%2C200&ssl=1","width":350,"height":200},"classes":[]},{"id":9541,"url":"https:\/\/ryfi.online\/de\/produkt\/kurzarm-t-shirt-frozen-ev1017\/","url_meta":{"origin":4815,"position":3},"title":"Gefrorenes Kurzarm-T-Shirt f\u00fcr M\u00e4dchen EV1017","date":"Aprile 29, 2022","format":false,"excerpt":"Schneller und sicherer Versand in 1-3 Werktagen","rel":"","context":"Articolo simile","img":{"alt_text":"","src":"https:\/\/i0.wp.com\/ryfi.online\/wp-content\/uploads\/2022\/04\/ev1017.jpg?resize=350%2C200&ssl=1","width":350,"height":200},"classes":[]},{"id":5739,"url":"https:\/\/ryfi.online\/de\/produkt\/girls-disney-frozen-baseball-cap-for-girls\/","url_meta":{"origin":4815,"position":4},"title":"M\u00e4dchen Disney Frozen Baseball Cap ET4121","date":"Giugno 9, 2021","format":false,"excerpt":"Kostenloser Versand in 1-3 Werktagen","rel":"","context":"Articolo simile","img":{"alt_text":"Eisk\u00f6nigin M\u00fctze Disney","src":"https:\/\/i0.wp.com\/ryfi.online\/wp-content\/uploads\/2021\/06\/et4117_tur.jpg?resize=350%2C200&ssl=1","width":350,"height":200},"classes":[]},{"id":4024,"url":"https:\/\/ryfi.online\/de\/produkt\/disney-frozen-2-anna-elsa-figuren-trainingsanzug-hose\/","url_meta":{"origin":4815,"position":5},"title":"Disney Frozen 2 Anna &amp; Elsa Figuren Jogginghose TH1076","date":"Ottobre 8, 2021","format":false,"excerpt":"Schneller und sicherer Versand in 1-3 Werktagen","rel":"","context":"Articolo simile","img":{"alt_text":" Trainingsanz\u00fcge f\u00fcr M\u00e4dchen Anna&amp;Elsa -1","src":"https:\/\/i0.wp.com\/ryfi.online\/wp-content\/uploads\/2021\/10\/th1076.jpg?resize=350%2C200&ssl=1","width":350,"height":200},"classes":[]}],"_links":{"self":[{"href":"https:\/\/ryfi.online\/it\/wp-json\/wp\/v2\/product\/4815","targetHints":{"allow":["GET"]}}],"collection":[{"href":"https:\/\/ryfi.online\/it\/wp-json\/wp\/v2\/product"}],"about":[{"href":"https:\/\/ryfi.online\/it\/wp-json\/wp\/v2\/types\/product"}],"replies":[{"embeddable":true,"href":"https:\/\/ryfi.online\/it\/wp-json\/wp\/v2\/comments?post=4815"}],"wp:featuredmedia":[{"embeddable":true,"href":"https:\/\/ryfi.online\/it\/wp-json\/wp\/v2\/media\/4816"}],"wp:attachment":[{"href":"https:\/\/ryfi.online\/it\/wp-json\/wp\/v2\/media?parent=4815"}],"wp:term":[{"taxonomy":"product_brand","embeddable":true,"href":"https:\/\/ryfi.online\/it\/wp-json\/wp\/v2\/product_brand?post=4815"},{"taxonomy":"product_cat","embeddable":true,"href":"https:\/\/ryfi.online\/it\/wp-json\/wp\/v2\/product_cat?post=4815"},{"taxonomy":"product_tag","embeddable":true,"href":"https:\/\/ryfi.online\/it\/wp-json\/wp\/v2\/product_tag?post=4815"}],"curies":[{"name":"wp","href":"https:\/\/api.w.org\/{rel}","templated":true}]}}