{"id":4675,"date":"2021-09-03T15:01:10","date_gmt":"2021-10-13T15:33:04","guid":{"rendered":"https:\/\/ryfi.online\/product\/sport-easy-flacone-da-420-ml-avengers-rolling-thunder\/"},"modified":"2022-05-16T18:06:22","modified_gmt":"2022-05-16T18:06:22","slug":"bottle-sport-easy-420-ml-avengers-rolling-thunder","status":"publish","type":"product","link":"https:\/\/ryfi.online\/it\/prodotto\/bottle-sport-easy-420-ml-avengers-rolling-thunder\/","title":{"rendered":"BOTTIGLIA SPORT EASY 420 ML AVENGERS ROLLING THUNDER"},"content":{"rendered":"<div><img fetchpriority=\"high\" decoding=\"async\" class=\"alignnone size-medium wp-image-4691\" src=\"https:\/\/ryfi.online\/wp-content\/uploads\/2021\/09\/57731_A-300x300.jpg\" alt=\"BOTELLA SPORT EASY 420 ML AVENGERS ROLLING THUNDER\" width=\"300\" height=\"300\" srcset=\"https:\/\/ryfi.online\/wp-content\/uploads\/2021\/09\/57731_A-300x300.jpg 300w, https:\/\/ryfi.online\/wp-content\/uploads\/2021\/09\/57731_A-1024x1024.jpg 1024w, https:\/\/ryfi.online\/wp-content\/uploads\/2021\/09\/57731_A-150x150.jpg 150w, https:\/\/ryfi.online\/wp-content\/uploads\/2021\/09\/57731_A-768x768.jpg 768w, https:\/\/ryfi.online\/wp-content\/uploads\/2021\/09\/57731_A-1536x1536.jpg 1536w, https:\/\/ryfi.online\/wp-content\/uploads\/2021\/09\/57731_A-60x60.jpg 60w, https:\/\/ryfi.online\/wp-content\/uploads\/2021\/09\/57731_A-100x100.jpg 100w, https:\/\/ryfi.online\/wp-content\/uploads\/2021\/09\/57731_A.jpg 2000w\" sizes=\"(max-width: 300px) 100vw, 300px\" \/> <img decoding=\"async\" class=\"alignnone size-medium wp-image-4681\" src=\"https:\/\/ryfi.online\/wp-content\/uploads\/2021\/09\/57731_B-300x300.jpg\" alt=\"BOTELLA SPORT EASY 420 ML AVENGERS ROLLING THUNDER\" width=\"300\" height=\"300\" srcset=\"https:\/\/ryfi.online\/wp-content\/uploads\/2021\/09\/57731_B-300x300.jpg 300w, https:\/\/ryfi.online\/wp-content\/uploads\/2021\/09\/57731_B-1024x1024.jpg 1024w, https:\/\/ryfi.online\/wp-content\/uploads\/2021\/09\/57731_B-150x150.jpg 150w, https:\/\/ryfi.online\/wp-content\/uploads\/2021\/09\/57731_B-768x768.jpg 768w, https:\/\/ryfi.online\/wp-content\/uploads\/2021\/09\/57731_B-1536x1536.jpg 1536w, https:\/\/ryfi.online\/wp-content\/uploads\/2021\/09\/57731_B-60x60.jpg 60w, https:\/\/ryfi.online\/wp-content\/uploads\/2021\/09\/57731_B-100x100.jpg 100w, https:\/\/ryfi.online\/wp-content\/uploads\/2021\/09\/57731_B.jpg 2000w\" sizes=\"(max-width: 300px) 100vw, 300px\" \/> <img decoding=\"async\" class=\"alignnone size-medium wp-image-4686\" src=\"https:\/\/ryfi.online\/wp-content\/uploads\/2021\/09\/57731_C-300x300.jpg\" alt=\"BOTELLA SPORT EASY 420 ML AVENGERS ROLLING THUNDER\" width=\"300\" height=\"300\" srcset=\"https:\/\/ryfi.online\/wp-content\/uploads\/2021\/09\/57731_C-300x300.jpg 300w, https:\/\/ryfi.online\/wp-content\/uploads\/2021\/09\/57731_C-1024x1024.jpg 1024w, https:\/\/ryfi.online\/wp-content\/uploads\/2021\/09\/57731_C-150x150.jpg 150w, https:\/\/ryfi.online\/wp-content\/uploads\/2021\/09\/57731_C-768x768.jpg 768w, https:\/\/ryfi.online\/wp-content\/uploads\/2021\/09\/57731_C-1536x1536.jpg 1536w, https:\/\/ryfi.online\/wp-content\/uploads\/2021\/09\/57731_C-60x60.jpg 60w, https:\/\/ryfi.online\/wp-content\/uploads\/2021\/09\/57731_C-100x100.jpg 100w, https:\/\/ryfi.online\/wp-content\/uploads\/2021\/09\/57731_C.jpg 2000w\" sizes=\"(max-width: 300px) 100vw, 300px\" \/><\/div>\n<div id=\"short_description_content\" class=\"rte align_justify\">BOTTIGLIA SPORT EASY 420 ML AVENGERS ROLLING THUNDER | Negozio di marca<\/div>\n<div id=\"description_product\" class=\"rte align_justify\">\n<p>Pratica borraccia sportiva dal design ergonomico, che facilita l&#8217;utilizzo da parte dei bambini. Ha un cappuccio di sicurezza per evitare gocciolamenti e versamenti accidentali ed \u00e8 disponibile in diversi modelli con diversi design basati su alcuni dei personaggi pi\u00f9 famosi del mondo del cinema e della televisione. Un biberon ideale, che i pi\u00f9 piccoli saranno felici di usare in ogni momento e con il quale potranno idratarsi quando ne avranno bisogno.<\/p>\n<p><strong>Caratteristica:<\/strong><\/p>\n<p>&#8211; Capacit\u00e0: 420 ml.<br \/>\n&#8211; Design ergonomico<br \/>\n&#8211; Cappuccio antigoccia<br \/>\n&#8211; Senza BPA<\/p>\n<\/div>\n<div><\/div>\n<div>\n<table class=\"table-data-sheet\" style=\"height: 201px;\" width=\"463\">\n<tbody>\n<tr class=\"odd\">\n<td>Carattere<\/td>\n<td>Vendicatori<\/td>\n<\/tr>\n<tr class=\"even\">\n<td>Materiale<\/td>\n<td>Plastica<\/td>\n<\/tr>\n<tr class=\"odd\">\n<td>Capacit\u00e0<\/td>\n<td>420 ml<\/td>\n<\/tr>\n<tr class=\"odd\">\n<td>Alto<\/td>\n<td>16 cm<\/td>\n<\/tr>\n<tr class=\"odd\">\n<td>Ampio<\/td>\n<td>6,8 cm<\/td>\n<\/tr>\n<tr class=\"odd\">\n<td>Metter il fondo a<\/td>\n<td>6,8 cm<\/td>\n<\/tr>\n<tr class=\"odd\">\n<td>Il peso<\/td>\n<td>33 g<\/td>\n<\/tr>\n<\/tbody>\n<\/table>\n<p>&nbsp;<\/p>\n<\/div>\n","protected":false},"excerpt":{"rendered":"<p>Spedizione gratuita 1-3 giorni lavorativi<\/p>\n<p>Reso gratuito<\/p>\n","protected":false},"featured_media":4691,"comment_status":"open","ping_status":"closed","template":"","meta":[],"product_brand":[],"product_cat":[231,232],"product_tag":[],"class_list":{"0":"post-4675","1":"product","2":"type-product","3":"status-publish","4":"has-post-thumbnail","6":"product_cat-borracce-sportive","7":"product_cat-bottiglia","9":"first","10":"instock","11":"featured","12":"taxable","13":"shipping-taxable","14":"purchasable","15":"product-type-simple"},"yoast_head":"<!-- This site is optimized with the Yoast SEO Premium plugin v17.1.2 (Yoast SEO v27.6) - https:\/\/yoast.com\/product\/yoast-seo-premium-wordpress\/ -->\n<title>Acquista Online Borraccia Sportiva Rolling Thunder 420 ML - Ryfi Online Store<\/title>\n<meta name=\"description\" content=\"Stiamo offrendo la migliore selezione di borracce sportive Rolling Thunder per bambini in Spagna a un prezzo molto ragionevole che si adatta al tuo budget. Acquista ora!\" \/>\n<meta name=\"robots\" content=\"index, follow, max-snippet:-1, max-image-preview:large, max-video-preview:-1\" \/>\n<link rel=\"canonical\" href=\"https:\/\/ryfi.online\/it\/prodotto\/bottle-sport-easy-420-ml-avengers-rolling-thunder\/\" \/>\n<meta property=\"og:locale\" content=\"it_IT\" \/>\n<meta property=\"og:type\" content=\"article\" \/>\n<meta property=\"og:title\" content=\"BOTTIGLIA SPORT EASY 420 ML AVENGERS ROLLING THUNDER\" \/>\n<meta property=\"og:description\" content=\"Stiamo offrendo la migliore selezione di borracce sportive Rolling Thunder per bambini in Spagna a un prezzo molto ragionevole che si adatta al tuo budget. Acquista ora!\" \/>\n<meta property=\"og:url\" content=\"https:\/\/ryfi.online\/it\/prodotto\/bottle-sport-easy-420-ml-avengers-rolling-thunder\/\" \/>\n<meta property=\"og:site_name\" content=\"Ryfi Online Store\" \/>\n<meta property=\"article:publisher\" content=\"https:\/\/www.facebook.com\/ryfi.online\/\" \/>\n<meta property=\"article:modified_time\" content=\"2022-05-16T18:06:22+00:00\" \/>\n<meta property=\"og:image\" content=\"https:\/\/ryfi.online\/wp-content\/uploads\/2021\/09\/57731_A.jpg\" \/>\n\t<meta property=\"og:image:width\" content=\"2000\" \/>\n\t<meta property=\"og:image:height\" content=\"2000\" \/>\n\t<meta property=\"og:image:type\" content=\"image\/jpeg\" \/>\n<meta name=\"twitter:card\" content=\"summary_large_image\" \/>\n<meta name=\"twitter:label1\" content=\"Prezzo\" \/>\n\t<meta name=\"twitter:data1\" content=\"&#036;11.98\" \/>\n\t<meta name=\"twitter:label2\" content=\"Availability\" \/>\n\t<meta name=\"twitter:data2\" content=\"In stock\" \/>\n<meta property=\"product:brand\" content=\"Bottiglia\" \/>\n<meta property=\"product:price:amount\" content=\"11.98\" \/>\n<meta property=\"product:price:currency\" content=\"USD\" \/>\n<meta property=\"og:availability\" content=\"instock\" \/>\n<meta property=\"product:availability\" content=\"instock\" \/>\n<meta property=\"product:condition\" content=\"new\" \/>\n<!-- \/ Yoast SEO Premium plugin. -->","yoast_head_json":{"title":"Acquista Online Borraccia Sportiva Rolling Thunder 420 ML - Ryfi Online Store","description":"Stiamo offrendo la migliore selezione di borracce sportive Rolling Thunder per bambini in Spagna a un prezzo molto ragionevole che si adatta al tuo budget. Acquista ora!","robots":{"index":"index","follow":"follow","max-snippet":"max-snippet:-1","max-image-preview":"max-image-preview:large","max-video-preview":"max-video-preview:-1"},"canonical":"https:\/\/ryfi.online\/it\/prodotto\/bottle-sport-easy-420-ml-avengers-rolling-thunder\/","og_locale":"it_IT","og_type":"article","og_title":"BOTTIGLIA SPORT EASY 420 ML AVENGERS ROLLING THUNDER","og_description":"Stiamo offrendo la migliore selezione di borracce sportive Rolling Thunder per bambini in Spagna a un prezzo molto ragionevole che si adatta al tuo budget. Acquista ora!","og_url":"https:\/\/ryfi.online\/it\/prodotto\/bottle-sport-easy-420-ml-avengers-rolling-thunder\/","og_site_name":"Ryfi Online Store","article_publisher":"https:\/\/www.facebook.com\/ryfi.online\/","article_modified_time":"2022-05-16T18:06:22+00:00","og_image":[{"width":2000,"height":2000,"url":"https:\/\/ryfi.online\/wp-content\/uploads\/2021\/09\/57731_A.jpg","type":"image\/jpeg"}],"twitter_card":"summary_large_image","twitter_misc":{"Prezzo":"&#36;11.98","Availability":"In stock"},"schema":{"@context":"https:\/\/schema.org","@graph":[{"@type":"WebPage","@id":"https:\/\/ryfi.online\/it\/prodotto\/bottle-sport-easy-420-ml-avengers-rolling-thunder\/","url":"https:\/\/ryfi.online\/it\/prodotto\/bottle-sport-easy-420-ml-avengers-rolling-thunder\/","name":"Acquista Online Borraccia Sportiva Rolling Thunder 420 ML - Ryfi Online Store","isPartOf":{"@id":"https:\/\/ryfi.online\/it\/#website"},"primaryImageOfPage":{"@id":"https:\/\/ryfi.online\/it\/prodotto\/bottle-sport-easy-420-ml-avengers-rolling-thunder\/#primaryimage"},"image":{"@id":"https:\/\/ryfi.online\/it\/prodotto\/bottle-sport-easy-420-ml-avengers-rolling-thunder\/#primaryimage"},"thumbnailUrl":"https:\/\/ryfi.online\/wp-content\/uploads\/2021\/09\/57731_A.jpg","datePublished":"2021-10-13T15:33:04+00:00","dateModified":"2022-05-16T18:06:22+00:00","description":"Stiamo offrendo la migliore selezione di borracce sportive Rolling Thunder per bambini in Spagna a un prezzo molto ragionevole che si adatta al tuo budget. Acquista ora!","breadcrumb":{"@id":"https:\/\/ryfi.online\/it\/prodotto\/bottle-sport-easy-420-ml-avengers-rolling-thunder\/#breadcrumb"},"inLanguage":"it-IT","potentialAction":[{"@type":"ReadAction","target":["https:\/\/ryfi.online\/it\/prodotto\/bottle-sport-easy-420-ml-avengers-rolling-thunder\/"]}]},{"@type":"ImageObject","inLanguage":"it-IT","@id":"https:\/\/ryfi.online\/it\/prodotto\/bottle-sport-easy-420-ml-avengers-rolling-thunder\/#primaryimage","url":"https:\/\/ryfi.online\/wp-content\/uploads\/2021\/09\/57731_A.jpg","contentUrl":"https:\/\/ryfi.online\/wp-content\/uploads\/2021\/09\/57731_A.jpg","width":2000,"height":2000,"caption":"BOTTIGLIA SPORT EASY 420 ML AVENGERS ROLLING THUNDER"},{"@type":"BreadcrumbList","@id":"https:\/\/ryfi.online\/it\/prodotto\/bottle-sport-easy-420-ml-avengers-rolling-thunder\/#breadcrumb","itemListElement":[{"@type":"ListItem","position":1,"name":"Home","item":"https:\/\/ryfi.online\/it\/"},{"@type":"ListItem","position":2,"name":"Free and Fast Shipping whitin 1-3 Days!!!","item":"https:\/\/ryfi.online\/shop\/"},{"@type":"ListItem","position":3,"name":"BOTTIGLIA SPORT EASY 420 ML AVENGERS ROLLING THUNDER"}]},{"@type":"WebSite","@id":"https:\/\/ryfi.online\/it\/#website","url":"https:\/\/ryfi.online\/it\/","name":"Ryfi Online Store","description":"Online Store","publisher":{"@id":"https:\/\/ryfi.online\/it\/#organization"},"potentialAction":[{"@type":"SearchAction","target":{"@type":"EntryPoint","urlTemplate":"https:\/\/ryfi.online\/it\/?s={search_term_string}"},"query-input":{"@type":"PropertyValueSpecification","valueRequired":true,"valueName":"search_term_string"}}],"inLanguage":"it-IT"},{"@type":"Organization","@id":"https:\/\/ryfi.online\/it\/#organization","name":"Ryan Future Investments LLC","url":"https:\/\/ryfi.online\/it\/","logo":{"@type":"ImageObject","inLanguage":"it-IT","@id":"https:\/\/ryfi.online\/it\/#\/schema\/logo\/image\/","url":"https:\/\/ryfi.online\/wp-content\/uploads\/2021\/03\/2-03.png","contentUrl":"https:\/\/ryfi.online\/wp-content\/uploads\/2021\/03\/2-03.png","width":1010,"height":310,"caption":"Ryan Future Investments LLC"},"image":{"@id":"https:\/\/ryfi.online\/it\/#\/schema\/logo\/image\/"},"sameAs":["https:\/\/www.facebook.com\/ryfi.online\/"]}]},"product_brand":"Bottiglia","product_price_amount":"11.98","product_price_currency":"USD","og_availability":"instock","product_availability":"instock","product_condition":"new"},"jetpack-related-posts":[{"id":2496,"url":"https:\/\/ryfi.online\/product\/bottle-sport-easy-420-ml-avengers-rolling-thunder\/","url_meta":{"origin":4675,"position":0},"title":"SPORT EASY 420 ML BOTTLE AVENGERS ROLLING THUNDER","date":"Settembre 3, 2021","format":false,"excerpt":"Free Shipping 1-3 business days Free Return","rel":"","context":"Articolo simile","img":{"alt_text":"SPORT EASY 420 ML BOTTLE AVENGERS ROLLING THUNDER","src":"https:\/\/i0.wp.com\/ryfi.online\/wp-content\/uploads\/2021\/09\/57731_A.jpg?resize=350%2C200&ssl=1","width":350,"height":200},"classes":[]},{"id":11840,"url":"https:\/\/ryfi.online\/ro\/produs\/sticla-sport-easy-420-ml-avengers-rolling-thunder\/","url_meta":{"origin":4675,"position":1},"title":"SPORT EASY BOTTLE 420 ML AVENGERS ROLLING THUNDER","date":"Settembre 3, 2021","format":false,"excerpt":"Livrare gratuit\u0103 1-3 zile lucr\u0103toare Retur gratuit","rel":"","context":"Articolo simile","img":{"alt_text":"SPORT EASY BOTTLE 420 ML AVENGERS ROLLING THUNDER","src":"https:\/\/i0.wp.com\/ryfi.online\/wp-content\/uploads\/2021\/09\/57731_A.jpg?resize=350%2C200&ssl=1","width":350,"height":200},"classes":[]},{"id":4571,"url":"https:\/\/ryfi.online\/fr\/produit\/bidon-sport-easy-420-ml-avengers-rolling-thunder\/","url_meta":{"origin":4675,"position":2},"title":"BOUTEILLE SPORT EASY 420 ML AVENGERS ROLLING THUNDER","date":"Settembre 3, 2021","format":false,"excerpt":"Livraison gratuite 1-3 jours ouvrables Retour gratuit","rel":"","context":"Articolo simile","img":{"alt_text":"BOUTEILLE SPORT EASY 420 ML AVENGERS ROLLING THUNDER","src":"https:\/\/i0.wp.com\/ryfi.online\/wp-content\/uploads\/2021\/09\/57731_A.jpg?resize=350%2C200&ssl=1","width":350,"height":200},"classes":[]},{"id":9692,"url":"https:\/\/ryfi.online\/de\/produkt\/flasche-sport-einfach-420-ml-avengers-rollender-donner\/","url_meta":{"origin":4675,"position":3},"title":"SPORT EASY FLASCHE 420 ML AVENGERS ROLLING THUNDER","date":"Settembre 3, 2021","format":false,"excerpt":"Kostenloser Versand 1-3 Werktage Kostenlose R\u00fccksendung","rel":"","context":"Articolo simile","img":{"alt_text":"SPORT EASY FLASCHE 420 ML AVENGERS ROLLING THUNDER","src":"https:\/\/i0.wp.com\/ryfi.online\/wp-content\/uploads\/2021\/09\/57731_A.jpg?resize=350%2C200&ssl=1","width":350,"height":200},"classes":[]},{"id":2454,"url":"https:\/\/ryfi.online\/es\/producto\/botella-sport-easy-420-ml-avengers-rolling-thunder\/","url_meta":{"origin":4675,"position":4},"title":"BOTELLA SPORT EASY 420 ML AVENGERS ROLLING THUNDER","date":"Settembre 3, 2021","format":false,"excerpt":"Envio Gratis 1-3 dias laborales Devolucion Gratuito","rel":"","context":"Articolo simile","img":{"alt_text":"BOTELLA SPORT EASY 420 ML AVENGERS ROLLING THUNDER","src":"https:\/\/i0.wp.com\/ryfi.online\/wp-content\/uploads\/2021\/09\/57731_A.jpg?resize=350%2C200&ssl=1","width":350,"height":200},"classes":[]},{"id":4612,"url":"https:\/\/ryfi.online\/it\/prodotto\/bottiglia-ergo-400-ml-minions-fun-land\/","url_meta":{"origin":4675,"position":5},"title":"BOTTIGLIA ERGO 400 ML | TERRA DIVERTENTE DEI MINIONS","date":"Settembre 3, 2021","format":false,"excerpt":"Spedizione gratuita 1-3 giorni lavorativi Reso gratuito","rel":"","context":"Articolo simile","img":{"alt_text":"BOTTIGLIA ERGO 400 ML | TERRA DIVERTENTE DEI MINIONS","src":"https:\/\/i0.wp.com\/ryfi.online\/wp-content\/uploads\/2021\/09\/17428_B.jpg?resize=350%2C200&ssl=1","width":350,"height":200},"classes":[]}],"_links":{"self":[{"href":"https:\/\/ryfi.online\/it\/wp-json\/wp\/v2\/product\/4675","targetHints":{"allow":["GET"]}}],"collection":[{"href":"https:\/\/ryfi.online\/it\/wp-json\/wp\/v2\/product"}],"about":[{"href":"https:\/\/ryfi.online\/it\/wp-json\/wp\/v2\/types\/product"}],"replies":[{"embeddable":true,"href":"https:\/\/ryfi.online\/it\/wp-json\/wp\/v2\/comments?post=4675"}],"wp:featuredmedia":[{"embeddable":true,"href":"https:\/\/ryfi.online\/it\/wp-json\/wp\/v2\/media\/4691"}],"wp:attachment":[{"href":"https:\/\/ryfi.online\/it\/wp-json\/wp\/v2\/media?parent=4675"}],"wp:term":[{"taxonomy":"product_brand","embeddable":true,"href":"https:\/\/ryfi.online\/it\/wp-json\/wp\/v2\/product_brand?post=4675"},{"taxonomy":"product_cat","embeddable":true,"href":"https:\/\/ryfi.online\/it\/wp-json\/wp\/v2\/product_cat?post=4675"},{"taxonomy":"product_tag","embeddable":true,"href":"https:\/\/ryfi.online\/it\/wp-json\/wp\/v2\/product_tag?post=4675"}],"curies":[{"name":"wp","href":"https:\/\/api.w.org\/{rel}","templated":true}]}}