{"id":4193,"date":"2021-10-08T14:38:01","date_gmt":"2021-10-13T15:30:39","guid":{"rendered":"https:\/\/ryfi.online\/product\/felpa-con-cappuccio-minions-per-ragazzi-prodotto-ufficiale-minions\/"},"modified":"2022-05-16T18:06:16","modified_gmt":"2022-05-16T18:06:16","slug":"minions-hoodie-sweatshirt-for-boy-minions-prodotto-ufficiale","status":"publish","type":"product","link":"https:\/\/ryfi.online\/it\/prodotto\/minions-hoodie-sweatshirt-for-boy-minions-prodotto-ufficiale\/","title":{"rendered":"Felpa con cappuccio Minions per ragazzi &#8211; Prodotto ufficiale Minions EP1033"},"content":{"rendered":"<p>Come regalo di compleanno, a Pasqua o semplicemente cos\u00ec. Con questa bellissima felpa con cappuccio dei Minions, non puoi sbagliare! La fattura \u00e8 ottima e i colori molto forti. Lavabile in lavatrice a 30\u00b0C, per una lunga durata, ma si consiglia il lavaggio a mano. Con questa maglia gli occhi dei bambini iniziano a brillare!<\/p>\n<ul class=\"a-unordered-list a-vertical a-spacing-mini\">\n<li>Felpa con cappuccio per bambini Minion<\/li>\n<li><span class=\"a-list-item\">65% poliestere 35% cotone<\/span><\/li>\n<li><span class=\"a-list-item\">lavabile in lavatrice<\/span><\/li>\n<li><span class=\"a-list-item\">Cappuccio<\/span><\/li>\n<li><span class=\"a-list-item\">241 g<\/span><\/li>\n<li><span class=\"a-list-item\">Prodotto ufficiale<\/span><\/li>\n<\/ul>\n","protected":false},"excerpt":{"rendered":"<p>Spedizione veloce e sicura in 1-3 giorni. lavoro<\/p>\n","protected":false},"featured_media":4232,"comment_status":"open","ping_status":"closed","template":"","meta":[],"product_brand":[],"product_cat":[226],"product_tag":[],"class_list":{"0":"post-4193","1":"product","2":"type-product","3":"status-publish","4":"has-post-thumbnail","6":"product_cat-sudadera-con-capucha-it","8":"first","9":"instock","10":"featured","11":"taxable","12":"shipping-taxable","13":"purchasable","14":"product-type-variable"},"yoast_head":"<!-- This site is optimized with the Yoast SEO Premium plugin v17.1.2 (Yoast SEO v27.5) - https:\/\/yoast.com\/product\/yoast-seo-premium-wordpress\/ -->\n<title>Felpa ufficiale Minions per bambino - Ryfi Online Store<\/title>\n<meta name=\"description\" content=\"Acquista la felpa con cappuccio ufficiale dei Minions per bambino a un prezzo molto conveniente nel negozio online Ryfi. Ottieni uno scambio o un reso gratuito.\" \/>\n<meta name=\"robots\" content=\"index, follow, max-snippet:-1, max-image-preview:large, max-video-preview:-1\" \/>\n<link rel=\"canonical\" href=\"https:\/\/ryfi.online\/it\/prodotto\/minions-hoodie-sweatshirt-for-boy-minions-prodotto-ufficiale\/\" \/>\n<meta property=\"og:locale\" content=\"it_IT\" \/>\n<meta property=\"og:type\" content=\"article\" \/>\n<meta property=\"og:title\" content=\"Felpa con cappuccio Minions per ragazzi - Prodotto ufficiale Minions EP1033\" \/>\n<meta property=\"og:description\" content=\"Acquista la felpa con cappuccio ufficiale dei Minions per bambino a un prezzo molto conveniente nel negozio online Ryfi. Ottieni uno scambio o un reso gratuito.\" \/>\n<meta property=\"og:url\" content=\"https:\/\/ryfi.online\/it\/prodotto\/minions-hoodie-sweatshirt-for-boy-minions-prodotto-ufficiale\/\" \/>\n<meta property=\"og:site_name\" content=\"Ryfi Online Store\" \/>\n<meta property=\"article:publisher\" content=\"https:\/\/www.facebook.com\/ryfi.online\/\" \/>\n<meta property=\"article:modified_time\" content=\"2022-05-16T18:06:16+00:00\" \/>\n<meta property=\"og:image\" content=\"https:\/\/ryfi.online\/wp-content\/uploads\/2021\/10\/ep1033.jpg\" \/>\n\t<meta property=\"og:image:width\" content=\"800\" \/>\n\t<meta property=\"og:image:height\" content=\"565\" \/>\n\t<meta property=\"og:image:type\" content=\"image\/jpeg\" \/>\n<meta name=\"twitter:card\" content=\"summary_large_image\" \/>\n<meta name=\"twitter:label1\" content=\"Availability\" \/>\n\t<meta name=\"twitter:data1\" content=\"In stock\" \/>\n<meta property=\"product:brand\" content=\"Sudadera con Capucha\" \/>\n<meta property=\"og:availability\" content=\"instock\" \/>\n<meta property=\"product:availability\" content=\"instock\" \/>\n<meta property=\"product:condition\" content=\"new\" \/>\n<!-- \/ Yoast SEO Premium plugin. -->","yoast_head_json":{"title":"Felpa ufficiale Minions per bambino - Ryfi Online Store","description":"Acquista la felpa con cappuccio ufficiale dei Minions per bambino a un prezzo molto conveniente nel negozio online Ryfi. Ottieni uno scambio o un reso gratuito.","robots":{"index":"index","follow":"follow","max-snippet":"max-snippet:-1","max-image-preview":"max-image-preview:large","max-video-preview":"max-video-preview:-1"},"canonical":"https:\/\/ryfi.online\/it\/prodotto\/minions-hoodie-sweatshirt-for-boy-minions-prodotto-ufficiale\/","og_locale":"it_IT","og_type":"article","og_title":"Felpa con cappuccio Minions per ragazzi - Prodotto ufficiale Minions EP1033","og_description":"Acquista la felpa con cappuccio ufficiale dei Minions per bambino a un prezzo molto conveniente nel negozio online Ryfi. Ottieni uno scambio o un reso gratuito.","og_url":"https:\/\/ryfi.online\/it\/prodotto\/minions-hoodie-sweatshirt-for-boy-minions-prodotto-ufficiale\/","og_site_name":"Ryfi Online Store","article_publisher":"https:\/\/www.facebook.com\/ryfi.online\/","article_modified_time":"2022-05-16T18:06:16+00:00","og_image":[{"width":800,"height":565,"url":"https:\/\/ryfi.online\/wp-content\/uploads\/2021\/10\/ep1033.jpg","type":"image\/jpeg"}],"twitter_card":"summary_large_image","twitter_misc":{"Availability":"In stock"},"schema":{"@context":"https:\/\/schema.org","@graph":[{"@type":"WebPage","@id":"https:\/\/ryfi.online\/it\/prodotto\/minions-hoodie-sweatshirt-for-boy-minions-prodotto-ufficiale\/","url":"https:\/\/ryfi.online\/it\/prodotto\/minions-hoodie-sweatshirt-for-boy-minions-prodotto-ufficiale\/","name":"Felpa ufficiale Minions per bambino - Ryfi Online Store","isPartOf":{"@id":"https:\/\/ryfi.online\/it\/#website"},"primaryImageOfPage":{"@id":"https:\/\/ryfi.online\/it\/prodotto\/minions-hoodie-sweatshirt-for-boy-minions-prodotto-ufficiale\/#primaryimage"},"image":{"@id":"https:\/\/ryfi.online\/it\/prodotto\/minions-hoodie-sweatshirt-for-boy-minions-prodotto-ufficiale\/#primaryimage"},"thumbnailUrl":"https:\/\/ryfi.online\/wp-content\/uploads\/2021\/10\/ep1033.jpg","datePublished":"2021-10-13T15:30:39+00:00","dateModified":"2022-05-16T18:06:16+00:00","description":"Acquista la felpa con cappuccio ufficiale dei Minions per bambino a un prezzo molto conveniente nel negozio online Ryfi. Ottieni uno scambio o un reso gratuito.","breadcrumb":{"@id":"https:\/\/ryfi.online\/it\/prodotto\/minions-hoodie-sweatshirt-for-boy-minions-prodotto-ufficiale\/#breadcrumb"},"inLanguage":"it-IT","potentialAction":[{"@type":"ReadAction","target":["https:\/\/ryfi.online\/it\/prodotto\/minions-hoodie-sweatshirt-for-boy-minions-prodotto-ufficiale\/"]}]},{"@type":"ImageObject","inLanguage":"it-IT","@id":"https:\/\/ryfi.online\/it\/prodotto\/minions-hoodie-sweatshirt-for-boy-minions-prodotto-ufficiale\/#primaryimage","url":"https:\/\/ryfi.online\/wp-content\/uploads\/2021\/10\/ep1033.jpg","contentUrl":"https:\/\/ryfi.online\/wp-content\/uploads\/2021\/10\/ep1033.jpg","width":800,"height":565},{"@type":"BreadcrumbList","@id":"https:\/\/ryfi.online\/it\/prodotto\/minions-hoodie-sweatshirt-for-boy-minions-prodotto-ufficiale\/#breadcrumb","itemListElement":[{"@type":"ListItem","position":1,"name":"Home","item":"https:\/\/ryfi.online\/it\/"},{"@type":"ListItem","position":2,"name":"Free and Fast Shipping whitin 1-3 Days!!!","item":"https:\/\/ryfi.online\/shop\/"},{"@type":"ListItem","position":3,"name":"Felpa con cappuccio Minions per ragazzi &#8211; Prodotto ufficiale Minions EP1033"}]},{"@type":"WebSite","@id":"https:\/\/ryfi.online\/it\/#website","url":"https:\/\/ryfi.online\/it\/","name":"Ryfi Online Store","description":"Online Store","publisher":{"@id":"https:\/\/ryfi.online\/it\/#organization"},"potentialAction":[{"@type":"SearchAction","target":{"@type":"EntryPoint","urlTemplate":"https:\/\/ryfi.online\/it\/?s={search_term_string}"},"query-input":{"@type":"PropertyValueSpecification","valueRequired":true,"valueName":"search_term_string"}}],"inLanguage":"it-IT"},{"@type":"Organization","@id":"https:\/\/ryfi.online\/it\/#organization","name":"Ryan Future Investments LLC","url":"https:\/\/ryfi.online\/it\/","logo":{"@type":"ImageObject","inLanguage":"it-IT","@id":"https:\/\/ryfi.online\/it\/#\/schema\/logo\/image\/","url":"https:\/\/ryfi.online\/wp-content\/uploads\/2021\/03\/2-03.png","contentUrl":"https:\/\/ryfi.online\/wp-content\/uploads\/2021\/03\/2-03.png","width":1010,"height":310,"caption":"Ryan Future Investments LLC"},"image":{"@id":"https:\/\/ryfi.online\/it\/#\/schema\/logo\/image\/"},"sameAs":["https:\/\/www.facebook.com\/ryfi.online\/"]}]},"product_brand":"Sudadera con Capucha","og_availability":"instock","product_availability":"instock","product_condition":"new"},"jetpack-related-posts":[{"id":9678,"url":"https:\/\/ryfi.online\/de\/produkt\/minions-hoodie-sweatshirt-fur-jungen-minions-offizielles-produkt\/","url_meta":{"origin":4193,"position":0},"title":"Minions Kapuzen-Sweatshirt f\u00fcr Jungen &#8211; Offizielles Produkt Minions EP1033","date":"Ottobre 8, 2021","format":false,"excerpt":"Schneller und sicherer Versand in 1-3 Tagen. Arbeit","rel":"","context":"Articolo simile","img":{"alt_text":"","src":"https:\/\/i0.wp.com\/ryfi.online\/wp-content\/uploads\/2021\/10\/ep1033.jpg?resize=350%2C200&ssl=1","width":350,"height":200},"classes":[]},{"id":3721,"url":"https:\/\/ryfi.online\/de\/produkt\/minion-kapuzen-sweatshirt-fur-madchen\/","url_meta":{"origin":4193,"position":1},"title":"MINION &#8211; Sweatshirt mit Kapuze &#8211; f\u00fcr M\u00e4dchen PH1522","date":"Ottobre 8, 2021","format":false,"excerpt":"Schneller und sicherer Versand in 1-3 Werktagen","rel":"","context":"Articolo simile","img":{"alt_text":"","src":"https:\/\/i0.wp.com\/ryfi.online\/wp-content\/uploads\/2021\/10\/ph1522.jpg?resize=350%2C200&ssl=1","width":350,"height":200},"classes":[]},{"id":3736,"url":"https:\/\/ryfi.online\/de\/produkt\/robe-minions-fur-kinder\/","url_meta":{"origin":4193,"position":2},"title":"Minions-Morgenmantel f\u00fcr Kinder HU2043","date":"Ottobre 8, 2021","format":false,"excerpt":"Schneller und sicherer Versand in 1-3 Werktagen","rel":"","context":"Articolo simile","img":{"alt_text":"","src":"https:\/\/i0.wp.com\/ryfi.online\/wp-content\/uploads\/2021\/10\/hu2043.jpg?resize=350%2C200&ssl=1","width":350,"height":200},"classes":[]},{"id":4468,"url":"https:\/\/ryfi.online\/de\/produkt\/brik-460-ml-minions-taglicher-gebrauch\/","url_meta":{"origin":4193,"position":3},"title":"ZIEGEL 460ML | MINIONS T\u00c4GLICHER GEBRAUCH","date":"Settembre 3, 2021","format":false,"excerpt":"Kostenloser Versand 1-3 Werktage Kostenlose R\u00fccksendung","rel":"","context":"Articolo simile","img":{"alt_text":"ZIEGEL 460ML | MINIONS T\u00c4GLICHER GEBRAUCH","src":"https:\/\/i0.wp.com\/ryfi.online\/wp-content\/uploads\/2021\/09\/04938_A.jpg?resize=350%2C200&ssl=1","width":350,"height":200},"classes":[]},{"id":7058,"url":"https:\/\/ryfi.online\/de\/produkt\/ryfi-pyjamas-fleece-boy-minions\/","url_meta":{"origin":4193,"position":4},"title":"Ryfi Pyjama Fleece Junge Minions HU2046","date":"Ottobre 31, 2021","format":false,"excerpt":"Schneller und sicherer Versand in 1-3 Werktagen","rel":"","context":"Articolo simile","img":{"alt_text":"","src":"https:\/\/i0.wp.com\/ryfi.online\/wp-content\/uploads\/2021\/10\/hu2046.jpg?resize=350%2C200&ssl=1","width":350,"height":200},"classes":[]},{"id":9462,"url":"https:\/\/ryfi.online\/de\/produkt\/t-shirt-minions-et6729\/","url_meta":{"origin":4193,"position":5},"title":"Minions-T-Shirt f\u00fcr Kinder ET6729","date":"Aprile 29, 2022","format":false,"excerpt":"Schneller und sicherer Versand in 1-3 Werktagen","rel":"","context":"Articolo simile","img":{"alt_text":"","src":"https:\/\/i0.wp.com\/ryfi.online\/wp-content\/uploads\/2022\/04\/et6729.e18-scaled.jpg?resize=350%2C200&ssl=1","width":350,"height":200},"classes":[]}],"_links":{"self":[{"href":"https:\/\/ryfi.online\/it\/wp-json\/wp\/v2\/product\/4193","targetHints":{"allow":["GET"]}}],"collection":[{"href":"https:\/\/ryfi.online\/it\/wp-json\/wp\/v2\/product"}],"about":[{"href":"https:\/\/ryfi.online\/it\/wp-json\/wp\/v2\/types\/product"}],"replies":[{"embeddable":true,"href":"https:\/\/ryfi.online\/it\/wp-json\/wp\/v2\/comments?post=4193"}],"wp:featuredmedia":[{"embeddable":true,"href":"https:\/\/ryfi.online\/it\/wp-json\/wp\/v2\/media\/4232"}],"wp:attachment":[{"href":"https:\/\/ryfi.online\/it\/wp-json\/wp\/v2\/media?parent=4193"}],"wp:term":[{"taxonomy":"product_brand","embeddable":true,"href":"https:\/\/ryfi.online\/it\/wp-json\/wp\/v2\/product_brand?post=4193"},{"taxonomy":"product_cat","embeddable":true,"href":"https:\/\/ryfi.online\/it\/wp-json\/wp\/v2\/product_cat?post=4193"},{"taxonomy":"product_tag","embeddable":true,"href":"https:\/\/ryfi.online\/it\/wp-json\/wp\/v2\/product_tag?post=4193"}],"curies":[{"name":"wp","href":"https:\/\/api.w.org\/{rel}","templated":true}]}}