{"id":13010,"date":"2021-05-04T18:57:58","date_gmt":"2022-11-30T19:07:31","guid":{"rendered":"https:\/\/ryfi.online\/product\/paw-patrol-palla-di-peluche-da-5-peluche-per-bambini-da-1-anno-in-su\/"},"modified":"2022-11-30T19:07:31","modified_gmt":"2022-11-30T19:07:31","slug":"paw-patrol-5-plush-pallina-plush-per-eta-1-e-up","status":"publish","type":"product","link":"https:\/\/ryfi.online\/it\/prodotto\/paw-patrol-5-plush-pallina-plush-per-eta-1-e-up\/","title":{"rendered":"Paw Patrol &#8211; Palla di peluche da 5&#8243;, peluche per bambini da 1 anno in su"},"content":{"rendered":"<ul class=\"a-unordered-list a-vertical a-spacing-mini\">\n<li><span class=\"a-list-item\">DIMENSIONI: Ogni pallina misura circa 5&#8243; &#8211; 6&#8243; di diametro. Le palline leggere e morbide sono sorprendentemente resistenti e divertenti da lanciare.<\/span><\/li>\n<li><span class=\"a-list-item\">SET REGALO: Ideale per bambini da 1 anno in su. Ideale per giocare all&#8217;interno e all&#8217;esterno!<\/span><\/li>\n<li><span class=\"a-list-item\">DIVERTIMENTO E SICUREZZA: Queste palline di peluche sono imbottite e morbide. Sono completamente sicuri e divertenti da lanciare e non feriscono i bambini se vengono accidentalmente colpiti da uno di essi!<\/span><\/li>\n<li><span class=\"a-list-item\">DIMENSIONE PERFETTA: 5&#8243; I pollici sono abbastanza grandi da poter essere giocati da bambini di tutte le et\u00e0, ma sono anche<\/span><\/li>\n<\/ul>\n","protected":false},"excerpt":{"rendered":"<p>DIMENSIONI: Ogni pallina misura circa 5&#8243; &#8211; 6&#8243; di diametro. Le palline leggere e morbide sono sorprendentemente resistenti e divertenti da lanciare. SET REGALO: Ideale per bambini da 1 anno in su. Ideale per giocare all&#8217;interno e all&#8217;esterno! DIVERTIMENTO E SICUREZZA: Queste palline di peluche sono imbottite e morbide. Sono completamente sicuri e divertenti da [&hellip;]<\/p>\n","protected":false},"featured_media":10793,"comment_status":"open","ping_status":"closed","template":"","meta":[],"product_brand":[],"product_cat":[295],"product_tag":[246],"class_list":{"0":"post-13010","1":"product","2":"type-product","3":"status-publish","4":"has-post-thumbnail","6":"product_cat-giocattoli-di-peluche","7":"product_tag-it","9":"first","10":"instock","11":"featured","12":"taxable","13":"shipping-taxable","14":"purchasable","15":"product-type-variable"},"yoast_head":"<!-- This site is optimized with the Yoast SEO Premium plugin v17.1.2 (Yoast SEO v27.4) - https:\/\/yoast.com\/product\/yoast-seo-premium-wordpress\/ -->\n<title>Palla di peluche Paw Patrol - Ryfi Online Store<\/title>\n<meta name=\"description\" content=\"Se stai cercando la palla di peluche Paw Patrol negli Stati Uniti? Allora siete arrivati nel posto giusto, Ryfi.online fornisce i diversi tipi di peluche, per maggiori informazioni visitate il nostro sito oggi stesso!\" \/>\n<meta name=\"robots\" content=\"index, follow, max-snippet:-1, max-image-preview:large, max-video-preview:-1\" \/>\n<link rel=\"canonical\" href=\"https:\/\/ryfi.online\/it\/prodotto\/paw-patrol-5-plush-pallina-plush-per-eta-1-e-up\/\" \/>\n<meta property=\"og:locale\" content=\"it_IT\" \/>\n<meta property=\"og:type\" content=\"article\" \/>\n<meta property=\"og:title\" content=\"Paw Patrol - Palla di peluche da 5&quot;, peluche per bambini da 1 anno in su\" \/>\n<meta property=\"og:description\" content=\"Se stai cercando la palla di peluche Paw Patrol negli Stati Uniti? Allora siete arrivati nel posto giusto, Ryfi.online fornisce i diversi tipi di peluche, per maggiori informazioni visitate il nostro sito oggi stesso!\" \/>\n<meta property=\"og:url\" content=\"https:\/\/ryfi.online\/it\/prodotto\/paw-patrol-5-plush-pallina-plush-per-eta-1-e-up\/\" \/>\n<meta property=\"og:site_name\" content=\"Ryfi Online Store\" \/>\n<meta property=\"article:publisher\" content=\"https:\/\/www.facebook.com\/ryfi.online\/\" \/>\n<meta property=\"og:image\" content=\"https:\/\/ryfi.online\/wp-content\/uploads\/2021\/05\/20210504_1503061-scaled.jpg\" \/>\n\t<meta property=\"og:image:width\" content=\"2560\" \/>\n\t<meta property=\"og:image:height\" content=\"1277\" \/>\n\t<meta property=\"og:image:type\" content=\"image\/jpeg\" \/>\n<meta name=\"twitter:card\" content=\"summary_large_image\" \/>\n<meta name=\"twitter:label1\" content=\"Availability\" \/>\n\t<meta name=\"twitter:data1\" content=\"In stock\" \/>\n<meta property=\"product:brand\" content=\"Giocattoli di peluche\" \/>\n<meta property=\"og:availability\" content=\"instock\" \/>\n<meta property=\"product:availability\" content=\"instock\" \/>\n<meta property=\"product:condition\" content=\"new\" \/>\n<!-- \/ Yoast SEO Premium plugin. -->","yoast_head_json":{"title":"Palla di peluche Paw Patrol - Ryfi Online Store","description":"Se stai cercando la palla di peluche Paw Patrol negli Stati Uniti? Allora siete arrivati nel posto giusto, Ryfi.online fornisce i diversi tipi di peluche, per maggiori informazioni visitate il nostro sito oggi stesso!","robots":{"index":"index","follow":"follow","max-snippet":"max-snippet:-1","max-image-preview":"max-image-preview:large","max-video-preview":"max-video-preview:-1"},"canonical":"https:\/\/ryfi.online\/it\/prodotto\/paw-patrol-5-plush-pallina-plush-per-eta-1-e-up\/","og_locale":"it_IT","og_type":"article","og_title":"Paw Patrol - Palla di peluche da 5\", peluche per bambini da 1 anno in su","og_description":"Se stai cercando la palla di peluche Paw Patrol negli Stati Uniti? Allora siete arrivati nel posto giusto, Ryfi.online fornisce i diversi tipi di peluche, per maggiori informazioni visitate il nostro sito oggi stesso!","og_url":"https:\/\/ryfi.online\/it\/prodotto\/paw-patrol-5-plush-pallina-plush-per-eta-1-e-up\/","og_site_name":"Ryfi Online Store","article_publisher":"https:\/\/www.facebook.com\/ryfi.online\/","og_image":[{"width":2560,"height":1277,"url":"https:\/\/ryfi.online\/wp-content\/uploads\/2021\/05\/20210504_1503061-scaled.jpg","type":"image\/jpeg"}],"twitter_card":"summary_large_image","twitter_misc":{"Availability":"In stock"},"schema":{"@context":"https:\/\/schema.org","@graph":[{"@type":"WebPage","@id":"https:\/\/ryfi.online\/it\/prodotto\/paw-patrol-5-plush-pallina-plush-per-eta-1-e-up\/","url":"https:\/\/ryfi.online\/it\/prodotto\/paw-patrol-5-plush-pallina-plush-per-eta-1-e-up\/","name":"Palla di peluche Paw Patrol - Ryfi Online Store","isPartOf":{"@id":"https:\/\/ryfi.online\/it\/#website"},"primaryImageOfPage":{"@id":"https:\/\/ryfi.online\/it\/prodotto\/paw-patrol-5-plush-pallina-plush-per-eta-1-e-up\/#primaryimage"},"image":{"@id":"https:\/\/ryfi.online\/it\/prodotto\/paw-patrol-5-plush-pallina-plush-per-eta-1-e-up\/#primaryimage"},"thumbnailUrl":"https:\/\/ryfi.online\/wp-content\/uploads\/2021\/05\/20210504_1503061-scaled.jpg","datePublished":"2022-11-30T19:07:31+00:00","description":"Se stai cercando la palla di peluche Paw Patrol negli Stati Uniti? Allora siete arrivati nel posto giusto, Ryfi.online fornisce i diversi tipi di peluche, per maggiori informazioni visitate il nostro sito oggi stesso!","breadcrumb":{"@id":"https:\/\/ryfi.online\/it\/prodotto\/paw-patrol-5-plush-pallina-plush-per-eta-1-e-up\/#breadcrumb"},"inLanguage":"it-IT","potentialAction":[{"@type":"ReadAction","target":["https:\/\/ryfi.online\/it\/prodotto\/paw-patrol-5-plush-pallina-plush-per-eta-1-e-up\/"]}]},{"@type":"ImageObject","inLanguage":"it-IT","@id":"https:\/\/ryfi.online\/it\/prodotto\/paw-patrol-5-plush-pallina-plush-per-eta-1-e-up\/#primaryimage","url":"https:\/\/ryfi.online\/wp-content\/uploads\/2021\/05\/20210504_1503061-scaled.jpg","contentUrl":"https:\/\/ryfi.online\/wp-content\/uploads\/2021\/05\/20210504_1503061-scaled.jpg","width":2560,"height":1277},{"@type":"BreadcrumbList","@id":"https:\/\/ryfi.online\/it\/prodotto\/paw-patrol-5-plush-pallina-plush-per-eta-1-e-up\/#breadcrumb","itemListElement":[{"@type":"ListItem","position":1,"name":"Home","item":"https:\/\/ryfi.online\/it\/"},{"@type":"ListItem","position":2,"name":"Free and Fast Shipping whitin 1-3 Days!!!","item":"https:\/\/ryfi.online\/shop\/"},{"@type":"ListItem","position":3,"name":"Paw Patrol &#8211; Palla di peluche da 5&#8243;, peluche per bambini da 1 anno in su"}]},{"@type":"WebSite","@id":"https:\/\/ryfi.online\/it\/#website","url":"https:\/\/ryfi.online\/it\/","name":"Ryfi Online Store","description":"Online Store","publisher":{"@id":"https:\/\/ryfi.online\/it\/#organization"},"potentialAction":[{"@type":"SearchAction","target":{"@type":"EntryPoint","urlTemplate":"https:\/\/ryfi.online\/it\/?s={search_term_string}"},"query-input":{"@type":"PropertyValueSpecification","valueRequired":true,"valueName":"search_term_string"}}],"inLanguage":"it-IT"},{"@type":"Organization","@id":"https:\/\/ryfi.online\/it\/#organization","name":"Ryan Future Investments LLC","url":"https:\/\/ryfi.online\/it\/","logo":{"@type":"ImageObject","inLanguage":"it-IT","@id":"https:\/\/ryfi.online\/it\/#\/schema\/logo\/image\/","url":"https:\/\/ryfi.online\/wp-content\/uploads\/2021\/03\/2-03.png","contentUrl":"https:\/\/ryfi.online\/wp-content\/uploads\/2021\/03\/2-03.png","width":1010,"height":310,"caption":"Ryan Future Investments LLC"},"image":{"@id":"https:\/\/ryfi.online\/it\/#\/schema\/logo\/image\/"},"sameAs":["https:\/\/www.facebook.com\/ryfi.online\/"]}]},"product_brand":"Giocattoli di peluche","og_availability":"instock","product_availability":"instock","product_condition":"new"},"jetpack-related-posts":[{"id":12938,"url":"https:\/\/ryfi.online\/de\/produkt\/paw-patrol-5-plusch-ball-plusch-fur-alter-1-und-auf\/","url_meta":{"origin":13010,"position":0},"title":"Paw Patrol &#8211; 5&#8243; Pl\u00fcschball, Pl\u00fcsch f\u00fcr 1 Jahr und \u00e4lter","date":"Maggio 4, 2021","format":false,"excerpt":"ABMESSUNGEN: Jede Kugel misst ca. 5\" - 6\" im Durchmesser. Weiche, quetschbare und leichte B\u00e4lle sind erstaunlich haltbar und machen Spa\u00df. GESCHENKSET: Ideal f\u00fcr Kinder ab 1 Jahr. Ideal zum Spielen drinnen und drau\u00dfen! SPASS & SICHER: Diese Pl\u00fcschb\u00e4lle sind gef\u00fcllt und weich. Sie sind absolut sicher, machen Spa\u00df und\u2026","rel":"","context":"Articolo simile","img":{"alt_text":"","src":"https:\/\/i0.wp.com\/ryfi.online\/wp-content\/uploads\/2021\/05\/20210504_1503061-scaled.jpg?resize=350%2C200&ssl=1","width":350,"height":200},"classes":[]},{"id":5178,"url":"https:\/\/ryfi.online\/de\/produkt\/3-peppa-pig-girls-100-baumwollslip-4-5-jahre\/","url_meta":{"origin":13010,"position":1},"title":"Set 3 Peppa Pig M\u00e4dchen Slips aus 100 % Baumwolle 4\u20135 Jahre UE3026","date":"Luglio 5, 2021","format":false,"excerpt":"Kostenloser Versand 1-3 Tage Kostenlose R\u00fcckgabe","rel":"","context":"Articolo simile","img":{"alt_text":"Set 3 Calzoncillos Peppa Pig - 1","src":"https:\/\/i0.wp.com\/ryfi.online\/wp-content\/uploads\/2021\/07\/ue3026.45y.e00-scaled.jpg?resize=350%2C200&ssl=1","width":350,"height":200},"classes":[]},{"id":5062,"url":"https:\/\/ryfi.online\/de\/produkt\/set-3-marvel-avengers-100-baumwollslips-fur-jungen-4-5-jahre\/","url_meta":{"origin":13010,"position":2},"title":"Set 3 Marvel Avengers Slips aus 100 % Baumwolle f\u00fcr Jungen 4\u20135 Jahre UE3028","date":"Luglio 5, 2021","format":false,"excerpt":"Kostenloser Versand 1-3 Tage Kostenlose R\u00fcckgabe","rel":"","context":"Articolo simile","img":{"alt_text":"","src":"https:\/\/i0.wp.com\/ryfi.online\/wp-content\/uploads\/2021\/07\/ue3028.45y.e00-scaled.jpg?resize=350%2C200&ssl=1","width":350,"height":200},"classes":[]},{"id":5154,"url":"https:\/\/ryfi.online\/de\/produkt\/set-3-batman-100-cotton-slips-fur-jungen-4-5-jahre\/","url_meta":{"origin":13010,"position":3},"title":"Set 3 Batman Slips aus 100 % Baumwolle f\u00fcr Jungen 4\u20135 Jahre UE8088","date":"Luglio 5, 2021","format":false,"excerpt":"Kostenloser Versand 1-3 Tage Kostenlose R\u00fcckgabe","rel":"","context":"Articolo simile","img":{"alt_text":"","src":"https:\/\/i0.wp.com\/ryfi.online\/wp-content\/uploads\/2021\/07\/ue8088.45y.e00-scaled.jpg?resize=350%2C200&ssl=1","width":350,"height":200},"classes":[]},{"id":3855,"url":"https:\/\/ryfi.online\/de\/produkt\/langarm-t-shirt-spiderman\/","url_meta":{"origin":13010,"position":4},"title":"Spiderman-Langarm-T-Shirt HU1007","date":"Ottobre 8, 2021","format":false,"excerpt":"Kostenloser Versand in 1-3 Werktagen","rel":"","context":"Articolo simile","img":{"alt_text":"Spiderman Kinder T-Shirt - 1","src":"https:\/\/i0.wp.com\/ryfi.online\/wp-content\/uploads\/2021\/10\/hu1007.jpg?resize=350%2C200&ssl=1","width":350,"height":200},"classes":[]},{"id":9190,"url":"https:\/\/ryfi.online\/de\/produkt\/set-minnie-ev1079\/","url_meta":{"origin":13010,"position":5},"title":"Minnie-Set f\u00fcr M\u00e4dchen EV1079","date":"Aprile 30, 2022","format":false,"excerpt":"Schneller und sicherer Versand in 1-3 Werktagen","rel":"","context":"Articolo simile","img":{"alt_text":"Minnie-Set","src":"https:\/\/i0.wp.com\/ryfi.online\/wp-content\/uploads\/2022\/04\/ev1079.jpg?resize=350%2C200&ssl=1","width":350,"height":200},"classes":[]}],"_links":{"self":[{"href":"https:\/\/ryfi.online\/it\/wp-json\/wp\/v2\/product\/13010","targetHints":{"allow":["GET"]}}],"collection":[{"href":"https:\/\/ryfi.online\/it\/wp-json\/wp\/v2\/product"}],"about":[{"href":"https:\/\/ryfi.online\/it\/wp-json\/wp\/v2\/types\/product"}],"replies":[{"embeddable":true,"href":"https:\/\/ryfi.online\/it\/wp-json\/wp\/v2\/comments?post=13010"}],"wp:featuredmedia":[{"embeddable":true,"href":"https:\/\/ryfi.online\/it\/wp-json\/wp\/v2\/media\/10793"}],"wp:attachment":[{"href":"https:\/\/ryfi.online\/it\/wp-json\/wp\/v2\/media?parent=13010"}],"wp:term":[{"taxonomy":"product_brand","embeddable":true,"href":"https:\/\/ryfi.online\/it\/wp-json\/wp\/v2\/product_brand?post=13010"},{"taxonomy":"product_cat","embeddable":true,"href":"https:\/\/ryfi.online\/it\/wp-json\/wp\/v2\/product_cat?post=13010"},{"taxonomy":"product_tag","embeddable":true,"href":"https:\/\/ryfi.online\/it\/wp-json\/wp\/v2\/product_tag?post=13010"}],"curies":[{"name":"wp","href":"https:\/\/api.w.org\/{rel}","templated":true}]}}