{"id":12994,"date":"2021-05-04T18:37:31","date_gmt":"2022-11-30T19:07:29","guid":{"rendered":"https:\/\/ryfi.online\/product\/paw-patrol-peluche-skye-da-10-peluche-in-piedi-con-dettagli-cuciti-dai-3-anni-in-su\/"},"modified":"2022-11-30T19:07:29","modified_gmt":"2022-11-30T19:07:29","slug":"paw-patrol-10-skye-plush-toy-standing-plush-con-dettagli-cuciti-per-eta-3-e-up","status":"publish","type":"product","link":"https:\/\/ryfi.online\/it\/prodotto\/paw-patrol-10-skye-plush-toy-standing-plush-con-dettagli-cuciti-per-eta-3-e-up\/","title":{"rendered":"Paw Patrol &#8211; Peluche Skye da 10&#8243;, peluche in piedi con dettagli cuciti, dai 3 anni in su"},"content":{"rendered":"<p>I piccoli fan di PAW Patrol possono accoccolarsi e sognare l&#8217;avventura con il loro cucciolo preferito, Skye! Questa cucciola di peluche alta 10 pollici sta in piedi da sola, pronta all&#8217;azione! Skye sfoggia la sua caratteristica uniforme PAW Patrol, completa di cappello e distintivo PAW Patrol. Ha persino le impronte delle zampe a quattro zampe! La sua morbida pelliccia e il suo volto espressivo danno vita a questo amato personaggio. Il peluche Skye da 10 pollici offre al tuo piccolo fan dei PAW Patrol un amico che potr\u00e0 portare con s\u00e9 dal momento del gioco a quello del pisolino!<\/p>\n<ul class=\"a-unordered-list a-vertical a-spacing-mini\">\n<li><span class=\"a-list-item\">GIOCATTOLO IN PUGNO: coccolatevi con l&#8217;amata cucciola della PAW Patrol: Skye Questo cucciolo di peluche sta in piedi da solo, su zampe con vere impronte di zampe. Alto 10&#8243;, \u00e8 la misura perfetta per i piccoli fan della PAW Patrol.<\/span><\/li>\n<li><span class=\"a-list-item\">CARATTERISTICHE REALISTICHE: Realizzata in materiale morbido, Skye indossa un cappello di peluche e la sua caratteristica uniforme PAW Patrol. Con dettagli realistici, questo amato personaggio prende vita.<\/span><\/li>\n<li><span class=\"a-list-item\">COLLEZIONALI TUTTI: Aggiungi tutti i peluche dei cuccioli di PAW Patrol alla tua collezione e ricrea tutte le emozioni e le avventure della serie televisiva di successo Ciascuno di essi \u00e8 venduto separatamente.<\/span><\/li>\n<li><span class=\"a-list-item\">Il peluche PAW Patrol Skye \u00e8 per bambini dai 3 anni in su. Portate a casa questo cucciolo di peluche per giocare e sognare il pisolino.<\/span><\/li>\n<\/ul>\n","protected":false},"excerpt":{"rendered":"<p>I piccoli fan di PAW Patrol possono accoccolarsi e sognare l&#8217;avventura con il loro cucciolo preferito, Skye! Questa cucciola di peluche alta 10 pollici sta in piedi da sola, pronta all&#8217;azione! Skye sfoggia la sua caratteristica uniforme PAW Patrol, completa di cappello e distintivo PAW Patrol. Ha persino le impronte delle zampe a quattro zampe! [&hellip;]<\/p>\n","protected":false},"featured_media":10745,"comment_status":"open","ping_status":"closed","template":"","meta":[],"product_brand":[],"product_cat":[295],"product_tag":[246],"class_list":{"0":"post-12994","1":"product","2":"type-product","3":"status-publish","4":"has-post-thumbnail","6":"product_cat-giocattoli-di-peluche","7":"product_tag-it","9":"first","10":"instock","11":"featured","12":"taxable","13":"shipping-taxable","14":"purchasable","15":"product-type-simple"},"yoast_head":"<!-- This site is optimized with the Yoast SEO Premium plugin v17.1.2 (Yoast SEO v27.5) - https:\/\/yoast.com\/product\/yoast-seo-premium-wordpress\/ -->\n<title>Peluche Paw Patrol Skye - Peluche in piedi con dettagli cuciti - Ryfi Online Store<\/title>\n<meta name=\"description\" content=\"Se stai cercando i giocattoli di peluche Paw Patrol Skye negli Stati Uniti? Allora siete arrivati nel posto giusto, Ryfi.online fornisce i diversi tipi di peluche, per maggiori informazioni visitate il nostro sito oggi stesso!\" \/>\n<meta name=\"robots\" content=\"index, follow, max-snippet:-1, max-image-preview:large, max-video-preview:-1\" \/>\n<link rel=\"canonical\" href=\"https:\/\/ryfi.online\/it\/prodotto\/paw-patrol-10-skye-plush-toy-standing-plush-con-dettagli-cuciti-per-eta-3-e-up\/\" \/>\n<meta property=\"og:locale\" content=\"it_IT\" \/>\n<meta property=\"og:type\" content=\"article\" \/>\n<meta property=\"og:title\" content=\"Paw Patrol - Peluche Skye da 10&quot;, peluche in piedi con dettagli cuciti, dai 3 anni in su\" \/>\n<meta property=\"og:description\" content=\"Se stai cercando i giocattoli di peluche Paw Patrol Skye negli Stati Uniti? Allora siete arrivati nel posto giusto, Ryfi.online fornisce i diversi tipi di peluche, per maggiori informazioni visitate il nostro sito oggi stesso!\" \/>\n<meta property=\"og:url\" content=\"https:\/\/ryfi.online\/it\/prodotto\/paw-patrol-10-skye-plush-toy-standing-plush-con-dettagli-cuciti-per-eta-3-e-up\/\" \/>\n<meta property=\"og:site_name\" content=\"Ryfi Online Store\" \/>\n<meta property=\"article:publisher\" content=\"https:\/\/www.facebook.com\/ryfi.online\/\" \/>\n<meta property=\"og:image\" content=\"https:\/\/ryfi.online\/wp-content\/uploads\/2021\/05\/81EbdDqXYyL._AC_SL1500_.jpg\" \/>\n\t<meta property=\"og:image:width\" content=\"1222\" \/>\n\t<meta property=\"og:image:height\" content=\"1500\" \/>\n\t<meta property=\"og:image:type\" content=\"image\/jpeg\" \/>\n<meta name=\"twitter:card\" content=\"summary_large_image\" \/>\n<meta name=\"twitter:label1\" content=\"Prezzo\" \/>\n\t<meta name=\"twitter:data1\" content=\"&#036;14.99\" \/>\n\t<meta name=\"twitter:label2\" content=\"Availability\" \/>\n\t<meta name=\"twitter:data2\" content=\"In stock\" \/>\n<meta property=\"product:brand\" content=\"Giocattoli di peluche\" \/>\n<meta property=\"product:price:amount\" content=\"14.99\" \/>\n<meta property=\"product:price:currency\" content=\"USD\" \/>\n<meta property=\"og:availability\" content=\"instock\" \/>\n<meta property=\"product:availability\" content=\"instock\" \/>\n<meta property=\"product:condition\" content=\"new\" \/>\n<!-- \/ Yoast SEO Premium plugin. -->","yoast_head_json":{"title":"Peluche Paw Patrol Skye - Peluche in piedi con dettagli cuciti - Ryfi Online Store","description":"Se stai cercando i giocattoli di peluche Paw Patrol Skye negli Stati Uniti? Allora siete arrivati nel posto giusto, Ryfi.online fornisce i diversi tipi di peluche, per maggiori informazioni visitate il nostro sito oggi stesso!","robots":{"index":"index","follow":"follow","max-snippet":"max-snippet:-1","max-image-preview":"max-image-preview:large","max-video-preview":"max-video-preview:-1"},"canonical":"https:\/\/ryfi.online\/it\/prodotto\/paw-patrol-10-skye-plush-toy-standing-plush-con-dettagli-cuciti-per-eta-3-e-up\/","og_locale":"it_IT","og_type":"article","og_title":"Paw Patrol - Peluche Skye da 10\", peluche in piedi con dettagli cuciti, dai 3 anni in su","og_description":"Se stai cercando i giocattoli di peluche Paw Patrol Skye negli Stati Uniti? Allora siete arrivati nel posto giusto, Ryfi.online fornisce i diversi tipi di peluche, per maggiori informazioni visitate il nostro sito oggi stesso!","og_url":"https:\/\/ryfi.online\/it\/prodotto\/paw-patrol-10-skye-plush-toy-standing-plush-con-dettagli-cuciti-per-eta-3-e-up\/","og_site_name":"Ryfi Online Store","article_publisher":"https:\/\/www.facebook.com\/ryfi.online\/","og_image":[{"width":1222,"height":1500,"url":"https:\/\/ryfi.online\/wp-content\/uploads\/2021\/05\/81EbdDqXYyL._AC_SL1500_.jpg","type":"image\/jpeg"}],"twitter_card":"summary_large_image","twitter_misc":{"Prezzo":"&#36;14.99","Availability":"In stock"},"schema":{"@context":"https:\/\/schema.org","@graph":[{"@type":"WebPage","@id":"https:\/\/ryfi.online\/it\/prodotto\/paw-patrol-10-skye-plush-toy-standing-plush-con-dettagli-cuciti-per-eta-3-e-up\/","url":"https:\/\/ryfi.online\/it\/prodotto\/paw-patrol-10-skye-plush-toy-standing-plush-con-dettagli-cuciti-per-eta-3-e-up\/","name":"Peluche Paw Patrol Skye - Peluche in piedi con dettagli cuciti - Ryfi Online Store","isPartOf":{"@id":"https:\/\/ryfi.online\/it\/#website"},"primaryImageOfPage":{"@id":"https:\/\/ryfi.online\/it\/prodotto\/paw-patrol-10-skye-plush-toy-standing-plush-con-dettagli-cuciti-per-eta-3-e-up\/#primaryimage"},"image":{"@id":"https:\/\/ryfi.online\/it\/prodotto\/paw-patrol-10-skye-plush-toy-standing-plush-con-dettagli-cuciti-per-eta-3-e-up\/#primaryimage"},"thumbnailUrl":"https:\/\/ryfi.online\/wp-content\/uploads\/2021\/05\/81EbdDqXYyL._AC_SL1500_.jpg","datePublished":"2022-11-30T19:07:29+00:00","description":"Se stai cercando i giocattoli di peluche Paw Patrol Skye negli Stati Uniti? Allora siete arrivati nel posto giusto, Ryfi.online fornisce i diversi tipi di peluche, per maggiori informazioni visitate il nostro sito oggi stesso!","breadcrumb":{"@id":"https:\/\/ryfi.online\/it\/prodotto\/paw-patrol-10-skye-plush-toy-standing-plush-con-dettagli-cuciti-per-eta-3-e-up\/#breadcrumb"},"inLanguage":"it-IT","potentialAction":[{"@type":"ReadAction","target":["https:\/\/ryfi.online\/it\/prodotto\/paw-patrol-10-skye-plush-toy-standing-plush-con-dettagli-cuciti-per-eta-3-e-up\/"]}]},{"@type":"ImageObject","inLanguage":"it-IT","@id":"https:\/\/ryfi.online\/it\/prodotto\/paw-patrol-10-skye-plush-toy-standing-plush-con-dettagli-cuciti-per-eta-3-e-up\/#primaryimage","url":"https:\/\/ryfi.online\/wp-content\/uploads\/2021\/05\/81EbdDqXYyL._AC_SL1500_.jpg","contentUrl":"https:\/\/ryfi.online\/wp-content\/uploads\/2021\/05\/81EbdDqXYyL._AC_SL1500_.jpg","width":1222,"height":1500},{"@type":"BreadcrumbList","@id":"https:\/\/ryfi.online\/it\/prodotto\/paw-patrol-10-skye-plush-toy-standing-plush-con-dettagli-cuciti-per-eta-3-e-up\/#breadcrumb","itemListElement":[{"@type":"ListItem","position":1,"name":"Home","item":"https:\/\/ryfi.online\/it\/"},{"@type":"ListItem","position":2,"name":"Free and Fast Shipping whitin 1-3 Days!!!","item":"https:\/\/ryfi.online\/shop\/"},{"@type":"ListItem","position":3,"name":"Paw Patrol &#8211; Peluche Skye da 10&#8243;, peluche in piedi con dettagli cuciti, dai 3 anni in su"}]},{"@type":"WebSite","@id":"https:\/\/ryfi.online\/it\/#website","url":"https:\/\/ryfi.online\/it\/","name":"Ryfi Online Store","description":"Online Store","publisher":{"@id":"https:\/\/ryfi.online\/it\/#organization"},"potentialAction":[{"@type":"SearchAction","target":{"@type":"EntryPoint","urlTemplate":"https:\/\/ryfi.online\/it\/?s={search_term_string}"},"query-input":{"@type":"PropertyValueSpecification","valueRequired":true,"valueName":"search_term_string"}}],"inLanguage":"it-IT"},{"@type":"Organization","@id":"https:\/\/ryfi.online\/it\/#organization","name":"Ryan Future Investments LLC","url":"https:\/\/ryfi.online\/it\/","logo":{"@type":"ImageObject","inLanguage":"it-IT","@id":"https:\/\/ryfi.online\/it\/#\/schema\/logo\/image\/","url":"https:\/\/ryfi.online\/wp-content\/uploads\/2021\/03\/2-03.png","contentUrl":"https:\/\/ryfi.online\/wp-content\/uploads\/2021\/03\/2-03.png","width":1010,"height":310,"caption":"Ryan Future Investments LLC"},"image":{"@id":"https:\/\/ryfi.online\/it\/#\/schema\/logo\/image\/"},"sameAs":["https:\/\/www.facebook.com\/ryfi.online\/"]}]},"product_brand":"Giocattoli di peluche","product_price_amount":"14.99","product_price_currency":"USD","og_availability":"instock","product_availability":"instock","product_condition":"new"},"jetpack-related-posts":[{"id":13068,"url":"https:\/\/ryfi.online\/it\/prodotto\/paw-patrol-10-marshall-plush-toy-standing-plush-con-dettagli-cuciti-per-eta-3-e-superiori\/","url_meta":{"origin":12994,"position":0},"title":"Paw Patrol &#8211; Peluche Marshall da 10&#8243;, peluche in piedi con dettagli cuciti, dai 3 anni in su","date":"Maggio 4, 2021","format":false,"excerpt":"I piccoli fan di PAW Patrol possono accoccolarsi e sognare l'avventura con il loro cucciolo preferito, Marshall! Questo cucciolo di peluche alto 10 pollici sta in piedi da solo, pronto all'azione! Marshall sfoggia la sua caratteristica uniforme PAW Patrol, completa di cappello e distintivo PAW Patrol. Ha persino le impronte\u2026","rel":"","context":"Articolo simile","img":{"alt_text":"","src":"https:\/\/i0.wp.com\/ryfi.online\/wp-content\/uploads\/2021\/05\/71x19VxDhSL._AC_SL1500_.jpg?resize=350%2C200&ssl=1","width":350,"height":200},"classes":[]},{"id":12979,"url":"https:\/\/ryfi.online\/it\/prodotto\/paw-patrol-10-rubble-plush-toy-standing-plush-con-dettagli-cuciti-per-eta-3-e-su-multicolor\/","url_meta":{"origin":12994,"position":1},"title":"Paw Patrol &#8211; Peluche Rubble da 10&#8243;, peluche in piedi con dettagli cuciti, dai 3 anni in su, Multicolore","date":"Maggio 4, 2021","format":false,"excerpt":"I piccoli fan di PAW Patrol potranno accoccolarsi e sognare avventure con il loro cucciolo preferito, Rubble! Questo cucciolo di peluche alto 10 pollici sta in piedi da solo, pronto all'azione! Rubble sfoggia la sua caratteristica uniforme PAW Patrol, completa di cappello e distintivo PAW Patrol. Ha persino le impronte\u2026","rel":"","context":"Articolo simile","img":{"alt_text":"","src":"https:\/\/i0.wp.com\/ryfi.online\/wp-content\/uploads\/2021\/05\/71AtjhCJL._AC_SL1500_.jpg?resize=350%2C200&ssl=1","width":350,"height":200},"classes":[]},{"id":12991,"url":"https:\/\/ryfi.online\/fr\/produit\/paw-patrol-10-skye-plush-toy-standing-plush-with-stitched-detailing-for-ages-3-and-up-2\/","url_meta":{"origin":12994,"position":2},"title":"Paw Patrol &#8211; Jouet en peluche Skye 10&#8243;, peluche debout avec d\u00e9tails cousus, pour les 3 ans et plus","date":"Maggio 4, 2021","format":false,"excerpt":"Les petits fans de PAW Patrol peuvent se blottir et r\u00eaver d'aventure avec leur chiot pr\u00e9f\u00e9r\u00e9, Skye ! Ce chiot en peluche de 10 pouces se tient debout tout seul, pr\u00eat \u00e0 l'action ! Skye porte son uniforme caract\u00e9ristique de la Patrouille des papillons, avec son bonnet douillet et son\u2026","rel":"","context":"Articolo simile","img":{"alt_text":"","src":"https:\/\/i0.wp.com\/ryfi.online\/wp-content\/uploads\/2021\/05\/81EbdDqXYyL._AC_SL1500_.jpg?resize=350%2C200&ssl=1","width":350,"height":200},"classes":[]},{"id":12936,"url":"https:\/\/ryfi.online\/es\/producto\/paw-patrol-10-skye-plush-toy-standing-plush-con-detalle-cosido-para-edad-3-y-arriba\/","url_meta":{"origin":12994,"position":3},"title":"Paw Patrol &#8211; Peluche Skye de 10&#8243;, de pie con detalles cosidos, para mayores de 3 a\u00f1os","date":"Maggio 4, 2021","format":false,"excerpt":"Los peque\u00f1os fans de la Patrulla Canina pueden acurrucarse y so\u00f1ar con aventuras con su cachorro favorito, Skye. Este cachorro de peluche de 10\" de altura se mantiene erguido por s\u00ed mismo, \u00a1listo para la acci\u00f3n! Skye luce su caracter\u00edstico uniforme de la Patrulla Canina, con su gorro y la\u2026","rel":"","context":"Articolo simile","img":{"alt_text":"","src":"https:\/\/i0.wp.com\/ryfi.online\/wp-content\/uploads\/2021\/05\/81EbdDqXYyL._AC_SL1500_.jpg?resize=350%2C200&ssl=1","width":350,"height":200},"classes":[]},{"id":5293,"url":"https:\/\/ryfi.online\/it\/prodotto\/nickelodeon-paw-patrol-pattern-berretto-da-baseball-per-ragazze\/","url_meta":{"origin":12994,"position":4},"title":"Berretto da baseball da bambina Nickelodeon Paw Patrol UE4205","date":"Giugno 16, 2021","format":false,"excerpt":"Spedizione gratuita 1-3 giorni lavorativi Reso gratuito","rel":"","context":"Articolo simile","img":{"alt_text":"Cappello di pattuglia della zampa","src":"https:\/\/i0.wp.com\/ryfi.online\/wp-content\/uploads\/2021\/06\/ue4205_pi.jpg?resize=350%2C200&ssl=1","width":350,"height":200},"classes":[]},{"id":13048,"url":"https:\/\/ryfi.online\/ro\/produs\/paw-patrol-10-skye-plush-toy-standing-plush-with-stitched-detailing-for-ages-3-and-up-2\/","url_meta":{"origin":12994,"position":5},"title":"Paw Patrol &#8211; Juc\u0103rie de plu\u0219 Skye de 10&#8243;, \u00een picioare cu detalii cusute, pentru v\u00e2rste de la 3 ani \u00een sus","date":"Maggio 4, 2021","format":false,"excerpt":"Micii fani PAW Patrol se pot ghemui \u0219i visa la aventur\u0103 al\u0103turi de c\u0103\u021belul lor preferat, Skye! Aceast\u0103 c\u0103\u021belu\u0219\u0103 de plu\u0219 \u00eenalt\u0103 de 10\" st\u0103 \u00een picioare singur\u0103, gata de ac\u021biune! Skye poart\u0103 uniforma ei caracteristic\u0103, cu p\u0103l\u0103rie \u0219i insigna PAW Patrol. Are chiar \u0219i urme de l\u0103bu\u021be \u00een patru\u2026","rel":"","context":"Articolo simile","img":{"alt_text":"","src":"https:\/\/i0.wp.com\/ryfi.online\/wp-content\/uploads\/2021\/05\/81EbdDqXYyL._AC_SL1500_.jpg?resize=350%2C200&ssl=1","width":350,"height":200},"classes":[]}],"_links":{"self":[{"href":"https:\/\/ryfi.online\/it\/wp-json\/wp\/v2\/product\/12994","targetHints":{"allow":["GET"]}}],"collection":[{"href":"https:\/\/ryfi.online\/it\/wp-json\/wp\/v2\/product"}],"about":[{"href":"https:\/\/ryfi.online\/it\/wp-json\/wp\/v2\/types\/product"}],"replies":[{"embeddable":true,"href":"https:\/\/ryfi.online\/it\/wp-json\/wp\/v2\/comments?post=12994"}],"wp:featuredmedia":[{"embeddable":true,"href":"https:\/\/ryfi.online\/it\/wp-json\/wp\/v2\/media\/10745"}],"wp:attachment":[{"href":"https:\/\/ryfi.online\/it\/wp-json\/wp\/v2\/media?parent=12994"}],"wp:term":[{"taxonomy":"product_brand","embeddable":true,"href":"https:\/\/ryfi.online\/it\/wp-json\/wp\/v2\/product_brand?post=12994"},{"taxonomy":"product_cat","embeddable":true,"href":"https:\/\/ryfi.online\/it\/wp-json\/wp\/v2\/product_cat?post=12994"},{"taxonomy":"product_tag","embeddable":true,"href":"https:\/\/ryfi.online\/it\/wp-json\/wp\/v2\/product_tag?post=12994"}],"curies":[{"name":"wp","href":"https:\/\/api.w.org\/{rel}","templated":true}]}}