{"id":12883,"date":"2021-04-04T20:12:14","date_gmt":"2022-11-30T18:58:24","guid":{"rendered":"https:\/\/ryfi.online\/product\/disney-1-pack-minnie-mouse-bowtique-16oz-pull-top-bottiglie-dacqua-viola-rosa-bpa-free\/"},"modified":"2022-11-30T18:58:24","modified_gmt":"2022-11-30T18:58:24","slug":"disney-1-pack-minnie-mouse-bowtique-16oz-pull-top-squirt-bottiglie-dacqua-porpora-rosa-senza-bpa","status":"publish","type":"product","link":"https:\/\/ryfi.online\/it\/prodotto\/disney-1-pack-minnie-mouse-bowtique-16oz-pull-top-squirt-bottiglie-dacqua-porpora-rosa-senza-bpa\/","title":{"rendered":"Disney 1-Pack Minnie Mouse Bowtique 16oz Pull-Top bottiglie d&#8217;acqua, viola \/ rosa, BPA-Free"},"content":{"rendered":"<p>Perfetto per tutte le occasioni. All&#8217;interno e all&#8217;esterno. La forma modellata \u00e8 facile da impugnare per le piccole mani. Dimensioni perfette per le borse da pranzo. Coperchio avvitabile con apertura facilitata e chiusura a strappo. 100% riutilizzabile. Set di 1.<\/p>\n<p><span class=\"a-list-item\">\u2705 Set di 1 borracce a strappo con Minnie Mouse Disney<\/span><\/p>\n<p><span class=\"a-list-item\">Realizzato in plastica senza BPA da Zak Designs<\/span><\/p>\n<p><span class=\"a-list-item\">\u2705 Coperchio con chiusura a vite e valvola dell&#8217;acqua estraibile<\/span><\/p>\n<p><span class=\"a-list-item\">Ogni bottiglia ha una capacit\u00e0 di 16 oz.<\/span><\/p>\n<p><span class=\"a-list-item\">Perfetto per i cestini del pranzo<\/span><\/p>\n","protected":false},"excerpt":{"rendered":"<p><strong>Spedizione gratuita e veloce entro 1-3 giorni.<\/strong><\/p>\n<h3><strong>Compri 4 prendi 5<\/strong><\/h3>\n<h3><span style=\"color: #ff0000;\"><strong><em>Affrettati, vendite calde!!!<\/em><\/strong><\/span><\/h3>\n","protected":false},"featured_media":10573,"comment_status":"open","ping_status":"closed","template":"","meta":[],"product_brand":[],"product_cat":[231],"product_tag":[246],"class_list":{"0":"post-12883","1":"product","2":"type-product","3":"status-publish","4":"has-post-thumbnail","6":"product_cat-borracce-sportive","7":"product_tag-it","9":"first","10":"instock","11":"featured","12":"taxable","13":"shipping-taxable","14":"purchasable","15":"product-type-simple"},"yoast_head":"<!-- This site is optimized with the Yoast SEO Premium plugin v17.1.2 (Yoast SEO v27.5) - https:\/\/yoast.com\/product\/yoast-seo-premium-wordpress\/ -->\n<title>Bottiglie d&#039;acqua con tappo a strappo | Bottiglie d&#039;acqua di Minnie Mouse<\/title>\n<meta name=\"description\" content=\"Se state cercando di acquistare bottiglie d&#039;acqua con tappo a strappo per bambini negli Stati Uniti. Acquista ora un&#039;ampia gamma di borracce da ryfi.online!\" \/>\n<meta name=\"robots\" content=\"index, follow, max-snippet:-1, max-image-preview:large, max-video-preview:-1\" \/>\n<link rel=\"canonical\" href=\"https:\/\/ryfi.online\/it\/prodotto\/disney-1-pack-minnie-mouse-bowtique-16oz-pull-top-squirt-bottiglie-dacqua-porpora-rosa-senza-bpa\/\" \/>\n<meta property=\"og:locale\" content=\"it_IT\" \/>\n<meta property=\"og:type\" content=\"article\" \/>\n<meta property=\"og:title\" content=\"Disney 1-Pack Minnie Mouse Bowtique 16oz Pull-Top bottiglie d&#039;acqua, viola \/ rosa, BPA-Free\" \/>\n<meta property=\"og:description\" content=\"Se state cercando di acquistare bottiglie d&#039;acqua con tappo a strappo per bambini negli Stati Uniti. Acquista ora un&#039;ampia gamma di borracce da ryfi.online!\" \/>\n<meta property=\"og:url\" content=\"https:\/\/ryfi.online\/it\/prodotto\/disney-1-pack-minnie-mouse-bowtique-16oz-pull-top-squirt-bottiglie-dacqua-porpora-rosa-senza-bpa\/\" \/>\n<meta property=\"og:site_name\" content=\"Ryfi Online Store\" \/>\n<meta property=\"article:publisher\" content=\"https:\/\/www.facebook.com\/ryfi.online\/\" \/>\n<meta property=\"og:image\" content=\"https:\/\/ryfi.online\/wp-content\/uploads\/2021\/04\/51TjhBshTML._AC_SL1000_.jpg\" \/>\n\t<meta property=\"og:image:width\" content=\"692\" \/>\n\t<meta property=\"og:image:height\" content=\"928\" \/>\n\t<meta property=\"og:image:type\" content=\"image\/jpeg\" \/>\n<meta name=\"twitter:card\" content=\"summary_large_image\" \/>\n<meta name=\"twitter:label1\" content=\"Prezzo\" \/>\n\t<meta name=\"twitter:data1\" content=\"&#036;9.99\" \/>\n\t<meta name=\"twitter:label2\" content=\"Availability\" \/>\n\t<meta name=\"twitter:data2\" content=\"In stock\" \/>\n<meta property=\"product:brand\" content=\"Borracce sportive\" \/>\n<meta property=\"product:price:amount\" content=\"9.99\" \/>\n<meta property=\"product:price:currency\" content=\"USD\" \/>\n<meta property=\"og:availability\" content=\"instock\" \/>\n<meta property=\"product:availability\" content=\"instock\" \/>\n<meta property=\"product:condition\" content=\"new\" \/>\n<!-- \/ Yoast SEO Premium plugin. -->","yoast_head_json":{"title":"Bottiglie d'acqua con tappo a strappo | Bottiglie d'acqua di Minnie Mouse","description":"Se state cercando di acquistare bottiglie d'acqua con tappo a strappo per bambini negli Stati Uniti. Acquista ora un'ampia gamma di borracce da ryfi.online!","robots":{"index":"index","follow":"follow","max-snippet":"max-snippet:-1","max-image-preview":"max-image-preview:large","max-video-preview":"max-video-preview:-1"},"canonical":"https:\/\/ryfi.online\/it\/prodotto\/disney-1-pack-minnie-mouse-bowtique-16oz-pull-top-squirt-bottiglie-dacqua-porpora-rosa-senza-bpa\/","og_locale":"it_IT","og_type":"article","og_title":"Disney 1-Pack Minnie Mouse Bowtique 16oz Pull-Top bottiglie d'acqua, viola \/ rosa, BPA-Free","og_description":"Se state cercando di acquistare bottiglie d'acqua con tappo a strappo per bambini negli Stati Uniti. Acquista ora un'ampia gamma di borracce da ryfi.online!","og_url":"https:\/\/ryfi.online\/it\/prodotto\/disney-1-pack-minnie-mouse-bowtique-16oz-pull-top-squirt-bottiglie-dacqua-porpora-rosa-senza-bpa\/","og_site_name":"Ryfi Online Store","article_publisher":"https:\/\/www.facebook.com\/ryfi.online\/","og_image":[{"width":692,"height":928,"url":"https:\/\/ryfi.online\/wp-content\/uploads\/2021\/04\/51TjhBshTML._AC_SL1000_.jpg","type":"image\/jpeg"}],"twitter_card":"summary_large_image","twitter_misc":{"Prezzo":"&#36;9.99","Availability":"In stock"},"schema":{"@context":"https:\/\/schema.org","@graph":[{"@type":"WebPage","@id":"https:\/\/ryfi.online\/it\/prodotto\/disney-1-pack-minnie-mouse-bowtique-16oz-pull-top-squirt-bottiglie-dacqua-porpora-rosa-senza-bpa\/","url":"https:\/\/ryfi.online\/it\/prodotto\/disney-1-pack-minnie-mouse-bowtique-16oz-pull-top-squirt-bottiglie-dacqua-porpora-rosa-senza-bpa\/","name":"Bottiglie d'acqua con tappo a strappo | Bottiglie d'acqua di Minnie Mouse","isPartOf":{"@id":"https:\/\/ryfi.online\/it\/#website"},"primaryImageOfPage":{"@id":"https:\/\/ryfi.online\/it\/prodotto\/disney-1-pack-minnie-mouse-bowtique-16oz-pull-top-squirt-bottiglie-dacqua-porpora-rosa-senza-bpa\/#primaryimage"},"image":{"@id":"https:\/\/ryfi.online\/it\/prodotto\/disney-1-pack-minnie-mouse-bowtique-16oz-pull-top-squirt-bottiglie-dacqua-porpora-rosa-senza-bpa\/#primaryimage"},"thumbnailUrl":"https:\/\/ryfi.online\/wp-content\/uploads\/2021\/04\/51TjhBshTML._AC_SL1000_.jpg","datePublished":"2022-11-30T18:58:24+00:00","description":"Se state cercando di acquistare bottiglie d'acqua con tappo a strappo per bambini negli Stati Uniti. Acquista ora un'ampia gamma di borracce da ryfi.online!","breadcrumb":{"@id":"https:\/\/ryfi.online\/it\/prodotto\/disney-1-pack-minnie-mouse-bowtique-16oz-pull-top-squirt-bottiglie-dacqua-porpora-rosa-senza-bpa\/#breadcrumb"},"inLanguage":"it-IT","potentialAction":[{"@type":"ReadAction","target":["https:\/\/ryfi.online\/it\/prodotto\/disney-1-pack-minnie-mouse-bowtique-16oz-pull-top-squirt-bottiglie-dacqua-porpora-rosa-senza-bpa\/"]}]},{"@type":"ImageObject","inLanguage":"it-IT","@id":"https:\/\/ryfi.online\/it\/prodotto\/disney-1-pack-minnie-mouse-bowtique-16oz-pull-top-squirt-bottiglie-dacqua-porpora-rosa-senza-bpa\/#primaryimage","url":"https:\/\/ryfi.online\/wp-content\/uploads\/2021\/04\/51TjhBshTML._AC_SL1000_.jpg","contentUrl":"https:\/\/ryfi.online\/wp-content\/uploads\/2021\/04\/51TjhBshTML._AC_SL1000_.jpg","width":692,"height":928},{"@type":"BreadcrumbList","@id":"https:\/\/ryfi.online\/it\/prodotto\/disney-1-pack-minnie-mouse-bowtique-16oz-pull-top-squirt-bottiglie-dacqua-porpora-rosa-senza-bpa\/#breadcrumb","itemListElement":[{"@type":"ListItem","position":1,"name":"Home","item":"https:\/\/ryfi.online\/it\/"},{"@type":"ListItem","position":2,"name":"Free and Fast Shipping whitin 1-3 Days!!!","item":"https:\/\/ryfi.online\/shop\/"},{"@type":"ListItem","position":3,"name":"Disney 1-Pack Minnie Mouse Bowtique 16oz Pull-Top bottiglie d&#8217;acqua, viola \/ rosa, BPA-Free"}]},{"@type":"WebSite","@id":"https:\/\/ryfi.online\/it\/#website","url":"https:\/\/ryfi.online\/it\/","name":"Ryfi Online Store","description":"Online Store","publisher":{"@id":"https:\/\/ryfi.online\/it\/#organization"},"potentialAction":[{"@type":"SearchAction","target":{"@type":"EntryPoint","urlTemplate":"https:\/\/ryfi.online\/it\/?s={search_term_string}"},"query-input":{"@type":"PropertyValueSpecification","valueRequired":true,"valueName":"search_term_string"}}],"inLanguage":"it-IT"},{"@type":"Organization","@id":"https:\/\/ryfi.online\/it\/#organization","name":"Ryan Future Investments LLC","url":"https:\/\/ryfi.online\/it\/","logo":{"@type":"ImageObject","inLanguage":"it-IT","@id":"https:\/\/ryfi.online\/it\/#\/schema\/logo\/image\/","url":"https:\/\/ryfi.online\/wp-content\/uploads\/2021\/03\/2-03.png","contentUrl":"https:\/\/ryfi.online\/wp-content\/uploads\/2021\/03\/2-03.png","width":1010,"height":310,"caption":"Ryan Future Investments LLC"},"image":{"@id":"https:\/\/ryfi.online\/it\/#\/schema\/logo\/image\/"},"sameAs":["https:\/\/www.facebook.com\/ryfi.online\/"]}]},"product_brand":"Borracce sportive","product_price_amount":"9.99","product_price_currency":"USD","og_availability":"instock","product_availability":"instock","product_condition":"new"},"jetpack-related-posts":[{"id":12897,"url":"https:\/\/ryfi.online\/it\/prodotto\/disney-minnie-mouse-striped-15oz-buddy-sip-tumbler-tazza-con-coperchio-straw-bpa-free\/","url_meta":{"origin":12883,"position":0},"title":"Tazza Buddy Sip da 15 oz con coperchio e cannuccia, senza BPA, di Disney Minnie Mouse a strisce","date":"Aprile 4, 2021","format":false,"excerpt":"Spedizione gratuita e veloce entro 1-3 giorni. Compri 4 prendi 5 Affrettati, vendite calde!!!","rel":"","context":"Articolo simile","img":{"alt_text":"","src":"https:\/\/i0.wp.com\/ryfi.online\/wp-content\/uploads\/2021\/04\/71jFmrzWXL._AC_SL1244_.jpg?resize=350%2C200&ssl=1","width":350,"height":200},"classes":[]},{"id":9794,"url":"https:\/\/ryfi.online\/it\/prodotto\/gorra-de-beisbol-con-diseno-de-minnie-de-disney-para-ninas\/","url_meta":{"origin":12883,"position":1},"title":"Gorra de b\u00e9isbol con dise\u00f1o de Minnie de Disney para ni\u00f1as ET4050","date":"Giugno 9, 2021","format":false,"excerpt":"Env\u00edo gratuito en 1-3 d\u00edas laborales","rel":"","context":"Articolo simile","img":{"alt_text":"Gorra Minnie Disney","src":"https:\/\/i0.wp.com\/ryfi.online\/wp-content\/uploads\/2021\/06\/et4050_pi.jpg?resize=350%2C200&ssl=1","width":350,"height":200},"classes":[]},{"id":5208,"url":"https:\/\/ryfi.online\/it\/prodotto\/3-disney-minnie-bambine-100-slip-cotone-2-3-anni\/","url_meta":{"origin":12883,"position":2},"title":"Set 3 slip Disney Minnie 100% cotone 2\u20133 anni UE3000","date":"Luglio 5, 2021","format":false,"excerpt":"Spedizione gratuita 1-3 giorni Reso gratuito","rel":"","context":"Articolo simile","img":{"alt_text":"Set 3 calzoncillos Minnie -1","src":"https:\/\/i0.wp.com\/ryfi.online\/wp-content\/uploads\/2021\/07\/ue3000.23y.e00-scaled.jpg?resize=350%2C200&ssl=1","width":350,"height":200},"classes":[]},{"id":5765,"url":"https:\/\/ryfi.online\/it\/prodotto\/cappellino-da-baseball-con-motivo-disney-topolino-per-bambini\/","url_meta":{"origin":12883,"position":3},"title":"Berretto da baseball da bambino Disney Mickey Design UE4176","date":"Giugno 9, 2021","format":false,"excerpt":"Env\u00edo gratuito en 1-3 d\u00edas laborales","rel":"","context":"Articolo simile","img":{"alt_text":"Cappello di Topolino Disney","src":"https:\/\/i0.wp.com\/ryfi.online\/wp-content\/uploads\/2021\/06\/ue4176_lna.jpg?resize=350%2C200&ssl=1","width":350,"height":200},"classes":[]},{"id":5732,"url":"https:\/\/ryfi.online\/it\/prodotto\/ragazze-disney-congelato-berretto-da-baseball-per-ragazze\/","url_meta":{"origin":12883,"position":4},"title":"Berretto da baseball per bambina Disney Frozen ET4121","date":"Giugno 9, 2021","format":false,"excerpt":"Env\u00edo gratuito en 1-3 d\u00edas laborales","rel":"","context":"Articolo simile","img":{"alt_text":"Cappello congelato Disney","src":"https:\/\/i0.wp.com\/ryfi.online\/wp-content\/uploads\/2021\/06\/et4117_tur.jpg?resize=350%2C200&ssl=1","width":350,"height":200},"classes":[]},{"id":5757,"url":"https:\/\/ryfi.online\/it\/prodotto\/cappellino-da-baseball-con-principessa-disney-design-per-ragazze\/","url_meta":{"origin":12883,"position":5},"title":"Berretto da baseball per ragazze Disney Princess ET4145","date":"Giugno 9, 2021","format":false,"excerpt":"Spedizione gratuita 1-3 giorni lavorativi Reso gratuito","rel":"","context":"Articolo simile","img":{"alt_text":"Cappello da principessa Disney","src":"https:\/\/i0.wp.com\/ryfi.online\/wp-content\/uploads\/2021\/06\/et4145_wh.jpg?resize=350%2C200&ssl=1","width":350,"height":200},"classes":[]}],"_links":{"self":[{"href":"https:\/\/ryfi.online\/it\/wp-json\/wp\/v2\/product\/12883","targetHints":{"allow":["GET"]}}],"collection":[{"href":"https:\/\/ryfi.online\/it\/wp-json\/wp\/v2\/product"}],"about":[{"href":"https:\/\/ryfi.online\/it\/wp-json\/wp\/v2\/types\/product"}],"replies":[{"embeddable":true,"href":"https:\/\/ryfi.online\/it\/wp-json\/wp\/v2\/comments?post=12883"}],"wp:featuredmedia":[{"embeddable":true,"href":"https:\/\/ryfi.online\/it\/wp-json\/wp\/v2\/media\/10573"}],"wp:attachment":[{"href":"https:\/\/ryfi.online\/it\/wp-json\/wp\/v2\/media?parent=12883"}],"wp:term":[{"taxonomy":"product_brand","embeddable":true,"href":"https:\/\/ryfi.online\/it\/wp-json\/wp\/v2\/product_brand?post=12883"},{"taxonomy":"product_cat","embeddable":true,"href":"https:\/\/ryfi.online\/it\/wp-json\/wp\/v2\/product_cat?post=12883"},{"taxonomy":"product_tag","embeddable":true,"href":"https:\/\/ryfi.online\/it\/wp-json\/wp\/v2\/product_tag?post=12883"}],"curies":[{"name":"wp","href":"https:\/\/api.w.org\/{rel}","templated":true}]}}