{"id":12789,"date":"2021-03-15T18:49:23","date_gmt":"2022-11-30T18:57:35","guid":{"rendered":"https:\/\/ryfi.online\/product\/custodia-per-iphone-12-telefono-cellulare-con-portacarte-per-iphone-12-12-pro-12-pro-max-12-mini\/"},"modified":"2025-07-20T20:08:19","modified_gmt":"2025-07-20T20:08:19","slug":"iphone-12-tutti-i-modelli-case-mobile-case-con-adsorbimento-magnetico-card-holder-per-iphone-1212-pro12-pro-max12-mini","status":"publish","type":"product","link":"https:\/\/ryfi.online\/it\/prodotto\/iphone-12-tutti-i-modelli-case-mobile-case-con-adsorbimento-magnetico-card-holder-per-iphone-1212-pro12-pro-max12-mini\/","title":{"rendered":"Custodia per iPhone 12 Telefono cellulare con portacarte per iPhone 12, 12 Pro, 12 Pro Max, 12 Mini"},"content":{"rendered":"<div class=\"woocommerce-product-details__short-description\">\n<p>Custodia per iPhone 12, 12 Pro, 12 Pro Max, 12 Mini progettata con tecnologia MILITARE, impedisce al vostro amato iPhone di scivolare e cadere accidentalmente.<\/p>\n<\/div>\n<p>\u2705 [SGS Drop Protection] Questa custodia portacarte per iPhone \u00e8 progettata con tecnologia MILITARE, quattro tasche d&#8217;aria negli angoli impediscono al vostro amato iPhone 12, 12 Pro, 12 Pro Max e 12 Mini di scivolare e cadere accidentalmente.<\/p>\n<p>\u2705 [iPhone 12,12 Pro,12 Pro Max and 12 Mini Case] Permette di staccare rapidamente la custodia e di indossarla comodamente senza graffiare il telefono.Durevole e flessibile: Resistente, non si graffia e non si strappa e impedisce l&#8217;accumulo di polvere e olio.<\/p>\n<p>\u2705 [Compatible with iPhone 12,12 Pro,12 Pro Max and 12 Mini] La custodia \u00e8 adatta per iPhone 12, 12 Pro, 12 Pro Max e 12 Mini e solo le custodie del telefono sono incluse nella fornitura, si prega di scegliere il modello di telefono cellulare da sopra e ordinare stard. Se c&#8217;\u00e8 qualche problema di qualit\u00e0 non preoccupatevi, forniremo un servizio clienti tempestivo per risolvere meglio il vostro problema.<\/p>\n<p>Protezione completa: La cornice rialzata e l&#8217;apertura per la fotocamera proteggono l&#8217;obiettivo. Offre una protezione completa, tutti gli angoli, i bordi e il retro sono completamente coperti.<\/p>\n<p>Perfetta vestibilit\u00e0: Ritagli precisi per tutti i controlli delle porte, dei sensori e della fotocamera, per un facile accesso alle funzioni del telefono senza doverlo rimuovere.<\/p>\n","protected":false},"excerpt":{"rendered":"<p><strong>Spedizione gratuita e veloce entro 1-3 giorni.<\/strong><\/p>\n<h3><strong>Compri 4 prendi 5<\/strong><\/h3>\n<h3><span style=\"color: #ff0000;\"><strong><em>Affrettati, vendite calde!!!<\/em><\/strong><\/span><\/h3>\n","protected":false},"featured_media":10221,"comment_status":"open","ping_status":"closed","template":"","meta":[],"product_brand":[],"product_cat":[336],"product_tag":[246],"class_list":{"0":"post-12789","1":"product","2":"type-product","3":"status-publish","4":"has-post-thumbnail","6":"product_cat-custodia-per-telefono","7":"product_tag-it","9":"first","10":"instock","11":"featured","12":"taxable","13":"shipping-taxable","14":"purchasable","15":"product-type-variable"},"yoast_head":"<!-- This site is optimized with the Yoast SEO Premium plugin v17.1.2 (Yoast SEO v27.6) - https:\/\/yoast.com\/product\/yoast-seo-premium-wordpress\/ -->\n<title>Acquista iPhone 12 Custodia Cellulare | Iphone Xs Max Custodia con Portacarte<\/title>\n<meta name=\"description\" content=\"Ottieni le custodie di alta qualit\u00e0 per iPhone 12 e Iphone Xs con portacarte. Consegniamo il prodotto rapidamente a casa vostra. Visitate il nostro sito web!!!\" \/>\n<meta name=\"robots\" content=\"index, follow, max-snippet:-1, max-image-preview:large, max-video-preview:-1\" \/>\n<link rel=\"canonical\" href=\"https:\/\/ryfi.online\/it\/prodotto\/iphone-12-tutti-i-modelli-case-mobile-case-con-adsorbimento-magnetico-card-holder-per-iphone-1212-pro12-pro-max12-mini\/\" \/>\n<meta property=\"og:locale\" content=\"it_IT\" \/>\n<meta property=\"og:type\" content=\"article\" \/>\n<meta property=\"og:title\" content=\"Custodia per iPhone 12 Telefono cellulare con portacarte per iPhone 12, 12 Pro, 12 Pro Max, 12 Mini\" \/>\n<meta property=\"og:description\" content=\"Ottieni le custodie di alta qualit\u00e0 per iPhone 12 e Iphone Xs con portacarte. Consegniamo il prodotto rapidamente a casa vostra. Visitate il nostro sito web!!!\" \/>\n<meta property=\"og:url\" content=\"https:\/\/ryfi.online\/it\/prodotto\/iphone-12-tutti-i-modelli-case-mobile-case-con-adsorbimento-magnetico-card-holder-per-iphone-1212-pro12-pro-max12-mini\/\" \/>\n<meta property=\"og:site_name\" content=\"Ryfi Online Store\" \/>\n<meta property=\"article:publisher\" content=\"https:\/\/www.facebook.com\/ryfi.online\/\" \/>\n<meta property=\"article:modified_time\" content=\"2025-07-20T20:08:19+00:00\" \/>\n<meta property=\"og:image\" content=\"https:\/\/ryfi.online\/wp-content\/uploads\/2021\/03\/H9fbad9f47c5041c980a84525fb257ec9v-1.png\" \/>\n\t<meta property=\"og:image:width\" content=\"1000\" \/>\n\t<meta property=\"og:image:height\" content=\"1000\" \/>\n\t<meta property=\"og:image:type\" content=\"image\/png\" \/>\n<meta name=\"twitter:card\" content=\"summary_large_image\" \/>\n<meta name=\"twitter:label1\" content=\"Availability\" \/>\n\t<meta name=\"twitter:data1\" content=\"In stock\" \/>\n<meta property=\"product:brand\" content=\"Custodia per telefono\" \/>\n<meta property=\"og:availability\" content=\"instock\" \/>\n<meta property=\"product:availability\" content=\"instock\" \/>\n<meta property=\"product:condition\" content=\"new\" \/>\n<!-- \/ Yoast SEO Premium plugin. -->","yoast_head_json":{"title":"Acquista iPhone 12 Custodia Cellulare | Iphone Xs Max Custodia con Portacarte","description":"Ottieni le custodie di alta qualit\u00e0 per iPhone 12 e Iphone Xs con portacarte. Consegniamo il prodotto rapidamente a casa vostra. Visitate il nostro sito web!!!","robots":{"index":"index","follow":"follow","max-snippet":"max-snippet:-1","max-image-preview":"max-image-preview:large","max-video-preview":"max-video-preview:-1"},"canonical":"https:\/\/ryfi.online\/it\/prodotto\/iphone-12-tutti-i-modelli-case-mobile-case-con-adsorbimento-magnetico-card-holder-per-iphone-1212-pro12-pro-max12-mini\/","og_locale":"it_IT","og_type":"article","og_title":"Custodia per iPhone 12 Telefono cellulare con portacarte per iPhone 12, 12 Pro, 12 Pro Max, 12 Mini","og_description":"Ottieni le custodie di alta qualit\u00e0 per iPhone 12 e Iphone Xs con portacarte. Consegniamo il prodotto rapidamente a casa vostra. Visitate il nostro sito web!!!","og_url":"https:\/\/ryfi.online\/it\/prodotto\/iphone-12-tutti-i-modelli-case-mobile-case-con-adsorbimento-magnetico-card-holder-per-iphone-1212-pro12-pro-max12-mini\/","og_site_name":"Ryfi Online Store","article_publisher":"https:\/\/www.facebook.com\/ryfi.online\/","article_modified_time":"2025-07-20T20:08:19+00:00","og_image":[{"width":1000,"height":1000,"url":"https:\/\/ryfi.online\/wp-content\/uploads\/2021\/03\/H9fbad9f47c5041c980a84525fb257ec9v-1.png","type":"image\/png"}],"twitter_card":"summary_large_image","twitter_misc":{"Availability":"In stock"},"schema":{"@context":"https:\/\/schema.org","@graph":[{"@type":"WebPage","@id":"https:\/\/ryfi.online\/it\/prodotto\/iphone-12-tutti-i-modelli-case-mobile-case-con-adsorbimento-magnetico-card-holder-per-iphone-1212-pro12-pro-max12-mini\/","url":"https:\/\/ryfi.online\/it\/prodotto\/iphone-12-tutti-i-modelli-case-mobile-case-con-adsorbimento-magnetico-card-holder-per-iphone-1212-pro12-pro-max12-mini\/","name":"Acquista iPhone 12 Custodia Cellulare | Iphone Xs Max Custodia con Portacarte","isPartOf":{"@id":"https:\/\/ryfi.online\/it\/#website"},"primaryImageOfPage":{"@id":"https:\/\/ryfi.online\/it\/prodotto\/iphone-12-tutti-i-modelli-case-mobile-case-con-adsorbimento-magnetico-card-holder-per-iphone-1212-pro12-pro-max12-mini\/#primaryimage"},"image":{"@id":"https:\/\/ryfi.online\/it\/prodotto\/iphone-12-tutti-i-modelli-case-mobile-case-con-adsorbimento-magnetico-card-holder-per-iphone-1212-pro12-pro-max12-mini\/#primaryimage"},"thumbnailUrl":"https:\/\/ryfi.online\/wp-content\/uploads\/2021\/03\/H9fbad9f47c5041c980a84525fb257ec9v-1.png","datePublished":"2022-11-30T18:57:35+00:00","dateModified":"2025-07-20T20:08:19+00:00","description":"Ottieni le custodie di alta qualit\u00e0 per iPhone 12 e Iphone Xs con portacarte. Consegniamo il prodotto rapidamente a casa vostra. Visitate il nostro sito web!!!","breadcrumb":{"@id":"https:\/\/ryfi.online\/it\/prodotto\/iphone-12-tutti-i-modelli-case-mobile-case-con-adsorbimento-magnetico-card-holder-per-iphone-1212-pro12-pro-max12-mini\/#breadcrumb"},"inLanguage":"it-IT","potentialAction":[{"@type":"ReadAction","target":["https:\/\/ryfi.online\/it\/prodotto\/iphone-12-tutti-i-modelli-case-mobile-case-con-adsorbimento-magnetico-card-holder-per-iphone-1212-pro12-pro-max12-mini\/"]}]},{"@type":"ImageObject","inLanguage":"it-IT","@id":"https:\/\/ryfi.online\/it\/prodotto\/iphone-12-tutti-i-modelli-case-mobile-case-con-adsorbimento-magnetico-card-holder-per-iphone-1212-pro12-pro-max12-mini\/#primaryimage","url":"https:\/\/ryfi.online\/wp-content\/uploads\/2021\/03\/H9fbad9f47c5041c980a84525fb257ec9v-1.png","contentUrl":"https:\/\/ryfi.online\/wp-content\/uploads\/2021\/03\/H9fbad9f47c5041c980a84525fb257ec9v-1.png","width":1000,"height":1000},{"@type":"BreadcrumbList","@id":"https:\/\/ryfi.online\/it\/prodotto\/iphone-12-tutti-i-modelli-case-mobile-case-con-adsorbimento-magnetico-card-holder-per-iphone-1212-pro12-pro-max12-mini\/#breadcrumb","itemListElement":[{"@type":"ListItem","position":1,"name":"Home","item":"https:\/\/ryfi.online\/it\/"},{"@type":"ListItem","position":2,"name":"Free and Fast Shipping whitin 1-3 Days!!!","item":"https:\/\/ryfi.online\/shop\/"},{"@type":"ListItem","position":3,"name":"Custodia per iPhone 12 Telefono cellulare con portacarte per iPhone 12, 12 Pro, 12 Pro Max, 12 Mini"}]},{"@type":"WebSite","@id":"https:\/\/ryfi.online\/it\/#website","url":"https:\/\/ryfi.online\/it\/","name":"Ryfi Online Store","description":"Online Store","publisher":{"@id":"https:\/\/ryfi.online\/it\/#organization"},"potentialAction":[{"@type":"SearchAction","target":{"@type":"EntryPoint","urlTemplate":"https:\/\/ryfi.online\/it\/?s={search_term_string}"},"query-input":{"@type":"PropertyValueSpecification","valueRequired":true,"valueName":"search_term_string"}}],"inLanguage":"it-IT"},{"@type":"Organization","@id":"https:\/\/ryfi.online\/it\/#organization","name":"Ryan Future Investments LLC","url":"https:\/\/ryfi.online\/it\/","logo":{"@type":"ImageObject","inLanguage":"it-IT","@id":"https:\/\/ryfi.online\/it\/#\/schema\/logo\/image\/","url":"https:\/\/ryfi.online\/wp-content\/uploads\/2021\/03\/2-03.png","contentUrl":"https:\/\/ryfi.online\/wp-content\/uploads\/2021\/03\/2-03.png","width":1010,"height":310,"caption":"Ryan Future Investments LLC"},"image":{"@id":"https:\/\/ryfi.online\/it\/#\/schema\/logo\/image\/"},"sameAs":["https:\/\/www.facebook.com\/ryfi.online\/"]}]},"product_brand":"Custodia per telefono","og_availability":"instock","product_availability":"instock","product_condition":"new"},"jetpack-related-posts":[{"id":12790,"url":"https:\/\/ryfi.online\/it\/prodotto\/iphone-11-case-mobile-phone-case-con-adsorbimento-magnetico-card-holder-per-iphone-11\/","url_meta":{"origin":12789,"position":0},"title":"Custodia per iPhone 11 Telefono cellulare con portacarte per iPhone 11, 11 Pro, 11 Pro Max","date":"Marzo 10, 2021","format":false,"excerpt":"Spedizione gratuita e veloce entro 1-3 giorni. Compri 4 prendi 5 Affrettati, vendite calde!!!","rel":"","context":"Articolo simile","img":{"alt_text":"","src":"https:\/\/i0.wp.com\/ryfi.online\/wp-content\/uploads\/2021\/03\/HTB16OjSX7P2gK0jSZPx761cQpXaw.png?resize=350%2C200&ssl=1","width":350,"height":200},"classes":[]},{"id":12738,"url":"https:\/\/ryfi.online\/it\/prodotto\/iphone-xs-max-case-mobile-phone-case-con-adsorbimento-magnetico-card-holder-per-iphone-xs-max\/","url_meta":{"origin":12789,"position":1},"title":"Custodia per iPhone Xs Max Telefono cellulare con portacarte per iPhone Xs Max","date":"Marzo 13, 2021","format":false,"excerpt":"Spedizione gratuita e veloce entro 1-3 giorni. Compri 4 prendi 5 Affrettati, vendite calde!!!","rel":"","context":"Articolo simile","img":{"alt_text":"","src":"https:\/\/i0.wp.com\/ryfi.online\/wp-content\/uploads\/2021\/03\/HTB17H_UXYr1gK0jSZR0762P8XXaD-1.png?resize=350%2C200&ssl=1","width":350,"height":200},"classes":[]},{"id":12852,"url":"https:\/\/ryfi.online\/es\/producto\/iphone-12-todos-los-modelos-carcasa-de-telefono-movil-con-adsorcion-magnetica-soporte-tarjeta-para-iphone-1212-pro12-pro-max12-mini\/","url_meta":{"origin":12789,"position":2},"title":"Funda para iPhone 12 con tarjetero para iPhone 12,12 Pro,12 Pro Max,12 Mini","date":"Marzo 15, 2021","format":false,"excerpt":"Env\u00edo gratuito y r\u00e1pido en 1-3 d\u00edas. Compre 4 y obtenga 5 \u00a1Date prisa, ventas rapides!","rel":"","context":"Articolo simile","img":{"alt_text":"","src":"https:\/\/i0.wp.com\/ryfi.online\/wp-content\/uploads\/2021\/03\/H9fbad9f47c5041c980a84525fb257ec9v-1.png?resize=350%2C200&ssl=1","width":350,"height":200},"classes":[]},{"id":12665,"url":"https:\/\/ryfi.online\/es\/producto\/funda-de-telefono-movil-para-el-iphone-11-con-soporte-de-tarjeta-magnetica-para-el-iphone-11\/","url_meta":{"origin":12789,"position":3},"title":"Funda para iPhone 11 con tarjetero para iPhone 11,11 Pro,11 Pro Max","date":"Marzo 10, 2021","format":false,"excerpt":"Env\u00edo gratuito y r\u00e1pido en 1-3 d\u00edas. Compre 4 y obtenga 5 \u00a1Date prisa, ventas rapides!","rel":"","context":"Articolo simile","img":{"alt_text":"","src":"https:\/\/i0.wp.com\/ryfi.online\/wp-content\/uploads\/2021\/03\/HTB16OjSX7P2gK0jSZPx761cQpXaw.png?resize=350%2C200&ssl=1","width":350,"height":200},"classes":[]},{"id":659,"url":"https:\/\/ryfi.online\/product\/iphone-12-all-models-case-mobile-phone-case-with-magnetic-adsorption-card-holder-for-iphone-1212-pro12-pro-max12-mini\/","url_meta":{"origin":12789,"position":4},"title":"iPhone 12 Case Mobile Phone with  Card Holder for iPhone 12,12 Pro,12 Pro Max,12 Mini","date":"Marzo 15, 2021","format":false,"excerpt":"Free and fast shipping within 1-3 days. Buy 4\u00a0 get 5 Hurry up, hot sales!!!","rel":"","context":"Con 1 commento","img":{"alt_text":"Phone Case Iphone Card","src":"https:\/\/i0.wp.com\/ryfi.online\/wp-content\/uploads\/2021\/03\/H9fbad9f47c5041c980a84525fb257ec9v-1.png?resize=350%2C200&ssl=1","width":350,"height":200},"classes":[]},{"id":12833,"url":"https:\/\/ryfi.online\/de\/produkt\/iphone-12-alle-modelle-etui-mobiltelefon-etui-mit-magnetischer-adsorption-kartenhalter-fur-iphone-1212-pro12-pro-max12-mini\/","url_meta":{"origin":12789,"position":5},"title":"iPhone 12 Handytasche mit Kartenhalter f\u00fcr iPhone 12,12 Pro,12 Pro Max,12 Mini","date":"Marzo 15, 2021","format":false,"excerpt":"Kostenloser und schneller Versand innerhalb von 1-3 Tagen. Kaufe 4, erhalte 5 Beeilen Sie sich, hei\u00dfe Verk\u00e4ufe!!!","rel":"","context":"Articolo simile","img":{"alt_text":"","src":"https:\/\/i0.wp.com\/ryfi.online\/wp-content\/uploads\/2021\/03\/H9fbad9f47c5041c980a84525fb257ec9v-1.png?resize=350%2C200&ssl=1","width":350,"height":200},"classes":[]}],"_links":{"self":[{"href":"https:\/\/ryfi.online\/it\/wp-json\/wp\/v2\/product\/12789","targetHints":{"allow":["GET"]}}],"collection":[{"href":"https:\/\/ryfi.online\/it\/wp-json\/wp\/v2\/product"}],"about":[{"href":"https:\/\/ryfi.online\/it\/wp-json\/wp\/v2\/types\/product"}],"replies":[{"embeddable":true,"href":"https:\/\/ryfi.online\/it\/wp-json\/wp\/v2\/comments?post=12789"}],"wp:featuredmedia":[{"embeddable":true,"href":"https:\/\/ryfi.online\/it\/wp-json\/wp\/v2\/media\/10221"}],"wp:attachment":[{"href":"https:\/\/ryfi.online\/it\/wp-json\/wp\/v2\/media?parent=12789"}],"wp:term":[{"taxonomy":"product_brand","embeddable":true,"href":"https:\/\/ryfi.online\/it\/wp-json\/wp\/v2\/product_brand?post=12789"},{"taxonomy":"product_cat","embeddable":true,"href":"https:\/\/ryfi.online\/it\/wp-json\/wp\/v2\/product_cat?post=12789"},{"taxonomy":"product_tag","embeddable":true,"href":"https:\/\/ryfi.online\/it\/wp-json\/wp\/v2\/product_tag?post=12789"}],"curies":[{"name":"wp","href":"https:\/\/api.w.org\/{rel}","templated":true}]}}