{"id":12662,"date":"2021-06-09T15:24:30","date_gmt":"2022-11-30T18:52:49","guid":{"rendered":"https:\/\/ryfi.online\/product\/ragazze-cappellino-da-baseball-disney-minnie\/"},"modified":"2025-05-27T05:49:21","modified_gmt":"2025-05-27T05:49:21","slug":"berretto-da-baseball-per-bambine-disegnato-da-disney-minnie","status":"publish","type":"product","link":"https:\/\/ryfi.online\/it\/prodotto\/berretto-da-baseball-per-bambine-disegnato-da-disney-minnie\/","title":{"rendered":"Ragazze Cappellino da baseball Disney Minnie"},"content":{"rendered":"<p>Come regalo di compleanno, vacanze oa Pasqua o semplicemente cos\u00ec. Con il bellissimo cappellino Disney Minnie, non si pu\u00f2 sbagliare! 100% cotone e 100% poliestere. C&#8217;\u00e8 una chiusura sul retro per una perfetta vestibilit\u00e0 con le testine per il massimo comfort. La fattura \u00e8 ottima e i colori molto forti. Il berretto con visiera \u00e8 l&#8217;ideale per una passeggiata al sole, una giornata in piscina o per le vacanze. Cos\u00ec le teste dei piccoli sono ben protette dal sole cocente. Il cappuccio \u00e8 lavabile in lavatrice a 30\u00b0C, per una lunga durata, ma si consiglia il lavaggio a mano. Con questo berretto, gli occhi delle ragazze iniziano a brillare!<\/p>\n<p><span class=\"a-list-item\">Cappellino da baseball Disney Minnie Girls con retro regolabile<\/span><\/p>\n<p><span class=\"a-list-item\">\u2705 Rosa con cartone animato di Minnie  <\/span><\/p>\n<p><span class=\"a-list-item\">\u2705 80% cotone, 20% poliestere<\/span><\/p>\n<p id=\"title\" class=\"a-size-large a-spacing-none\"><span id=\"productTitle\" class=\"a-size-large product-title-word-break\">?<span class=\"a-list-item\"> Regolabile da 3 a 8 anni<\/span> <\/span><\/p>\n<p><span id=\"productTitle\" class=\"a-size-large product-title-word-break\"><span class=\"a-list-item\">?<\/span> 52-54 cm <\/span><\/p>\n","protected":false},"excerpt":{"rendered":"<p>Come regalo di compleanno, vacanze oa Pasqua o semplicemente cos\u00ec. Con il bellissimo cappellino Disney Minnie, non si pu\u00f2 sbagliare! 100% cotone e 100% poliestere. C&#8217;\u00e8 una chiusura sul retro per una perfetta vestibilit\u00e0 con le testine per il massimo comfort. La fattura \u00e8 ottima e i colori molto forti. Il berretto con visiera \u00e8 [&hellip;]<\/p>\n","protected":false},"featured_media":9795,"comment_status":"open","ping_status":"closed","template":"","meta":[],"product_brand":[],"product_cat":[259,258],"product_tag":[],"class_list":{"0":"post-12662","1":"product","2":"type-product","3":"status-publish","4":"has-post-thumbnail","6":"product_cat-cappellini-da-ragazza","7":"product_cat-cappellini-per-bambini","9":"first","10":"instock","11":"featured","12":"taxable","13":"shipping-taxable","14":"purchasable","15":"product-type-simple"},"yoast_head":"<!-- This site is optimized with the Yoast SEO Premium plugin v17.1.2 (Yoast SEO v27.4) - https:\/\/yoast.com\/product\/yoast-seo-premium-wordpress\/ -->\n<title>Ragazze Cappellino da baseball Disney Minnie - Ryfi Online Store<\/title>\n<meta name=\"robots\" content=\"index, follow, max-snippet:-1, max-image-preview:large, max-video-preview:-1\" \/>\n<link rel=\"canonical\" href=\"https:\/\/ryfi.online\/it\/prodotto\/berretto-da-baseball-per-bambine-disegnato-da-disney-minnie\/\" \/>\n<meta property=\"og:locale\" content=\"it_IT\" \/>\n<meta property=\"og:type\" content=\"article\" \/>\n<meta property=\"og:title\" content=\"Ragazze Cappellino da baseball Disney Minnie\" \/>\n<meta property=\"og:description\" content=\"Come regalo di compleanno, vacanze oa Pasqua o semplicemente cos\u00ec. Con il bellissimo cappellino Disney Minnie, non si pu\u00f2 sbagliare! 100% cotone e 100% poliestere. C&#8217;\u00e8 una chiusura sul retro per una perfetta vestibilit\u00e0 con le testine per il massimo comfort. La fattura \u00e8 ottima e i colori molto forti. Il berretto con visiera \u00e8 [&hellip;]\" \/>\n<meta property=\"og:url\" content=\"https:\/\/ryfi.online\/it\/prodotto\/berretto-da-baseball-per-bambine-disegnato-da-disney-minnie\/\" \/>\n<meta property=\"og:site_name\" content=\"Ryfi Online Store\" \/>\n<meta property=\"article:publisher\" content=\"https:\/\/www.facebook.com\/ryfi.online\/\" \/>\n<meta property=\"article:modified_time\" content=\"2025-05-27T05:49:21+00:00\" \/>\n<meta property=\"og:image\" content=\"https:\/\/ryfi.online\/wp-content\/uploads\/2021\/03\/H89f48063f95940e583df854ff6ec5f689-Copy-Copy.jpg\" \/>\n\t<meta property=\"og:image:width\" content=\"500\" \/>\n\t<meta property=\"og:image:height\" content=\"500\" \/>\n\t<meta property=\"og:image:type\" content=\"image\/jpeg\" \/>\n<meta name=\"twitter:card\" content=\"summary_large_image\" \/>\n<meta name=\"twitter:label1\" content=\"Prezzo\" \/>\n\t<meta name=\"twitter:data1\" content=\"&#036;17.97\" \/>\n\t<meta name=\"twitter:label2\" content=\"Availability\" \/>\n\t<meta name=\"twitter:data2\" content=\"In stock\" \/>\n<meta property=\"product:brand\" content=\"Cappellini da ragazza\" \/>\n<meta property=\"product:price:amount\" content=\"17.97\" \/>\n<meta property=\"product:price:currency\" content=\"USD\" \/>\n<meta property=\"og:availability\" content=\"instock\" \/>\n<meta property=\"product:availability\" content=\"instock\" \/>\n<meta property=\"product:condition\" content=\"new\" \/>\n<!-- \/ Yoast SEO Premium plugin. -->","yoast_head_json":{"title":"Ragazze Cappellino da baseball Disney Minnie - Ryfi Online Store","robots":{"index":"index","follow":"follow","max-snippet":"max-snippet:-1","max-image-preview":"max-image-preview:large","max-video-preview":"max-video-preview:-1"},"canonical":"https:\/\/ryfi.online\/it\/prodotto\/berretto-da-baseball-per-bambine-disegnato-da-disney-minnie\/","og_locale":"it_IT","og_type":"article","og_title":"Ragazze Cappellino da baseball Disney Minnie","og_description":"Come regalo di compleanno, vacanze oa Pasqua o semplicemente cos\u00ec. Con il bellissimo cappellino Disney Minnie, non si pu\u00f2 sbagliare! 100% cotone e 100% poliestere. C&#8217;\u00e8 una chiusura sul retro per una perfetta vestibilit\u00e0 con le testine per il massimo comfort. La fattura \u00e8 ottima e i colori molto forti. Il berretto con visiera \u00e8 [&hellip;]","og_url":"https:\/\/ryfi.online\/it\/prodotto\/berretto-da-baseball-per-bambine-disegnato-da-disney-minnie\/","og_site_name":"Ryfi Online Store","article_publisher":"https:\/\/www.facebook.com\/ryfi.online\/","article_modified_time":"2025-05-27T05:49:21+00:00","og_image":[{"width":500,"height":500,"url":"https:\/\/ryfi.online\/wp-content\/uploads\/2021\/03\/H89f48063f95940e583df854ff6ec5f689-Copy-Copy.jpg","type":"image\/jpeg"}],"twitter_card":"summary_large_image","twitter_misc":{"Prezzo":"&#36;17.97","Availability":"In stock"},"schema":{"@context":"https:\/\/schema.org","@graph":[{"@type":"WebPage","@id":"https:\/\/ryfi.online\/it\/prodotto\/berretto-da-baseball-per-bambine-disegnato-da-disney-minnie\/","url":"https:\/\/ryfi.online\/it\/prodotto\/berretto-da-baseball-per-bambine-disegnato-da-disney-minnie\/","name":"Ragazze Cappellino da baseball Disney Minnie - Ryfi Online Store","isPartOf":{"@id":"https:\/\/ryfi.online\/it\/#website"},"primaryImageOfPage":{"@id":"https:\/\/ryfi.online\/it\/prodotto\/berretto-da-baseball-per-bambine-disegnato-da-disney-minnie\/#primaryimage"},"image":{"@id":"https:\/\/ryfi.online\/it\/prodotto\/berretto-da-baseball-per-bambine-disegnato-da-disney-minnie\/#primaryimage"},"thumbnailUrl":"https:\/\/ryfi.online\/wp-content\/uploads\/2021\/06\/et4050_pi.jpg","datePublished":"2022-11-30T18:52:49+00:00","dateModified":"2025-05-27T05:49:21+00:00","breadcrumb":{"@id":"https:\/\/ryfi.online\/it\/prodotto\/berretto-da-baseball-per-bambine-disegnato-da-disney-minnie\/#breadcrumb"},"inLanguage":"it-IT","potentialAction":[{"@type":"ReadAction","target":["https:\/\/ryfi.online\/it\/prodotto\/berretto-da-baseball-per-bambine-disegnato-da-disney-minnie\/"]}]},{"@type":"ImageObject","inLanguage":"it-IT","@id":"https:\/\/ryfi.online\/it\/prodotto\/berretto-da-baseball-per-bambine-disegnato-da-disney-minnie\/#primaryimage","url":"https:\/\/ryfi.online\/wp-content\/uploads\/2021\/06\/et4050_pi.jpg","contentUrl":"https:\/\/ryfi.online\/wp-content\/uploads\/2021\/06\/et4050_pi.jpg","width":800,"height":1200,"caption":"Gorra Minnie Disney"},{"@type":"BreadcrumbList","@id":"https:\/\/ryfi.online\/it\/prodotto\/berretto-da-baseball-per-bambine-disegnato-da-disney-minnie\/#breadcrumb","itemListElement":[{"@type":"ListItem","position":1,"name":"Home","item":"https:\/\/ryfi.online\/it\/"},{"@type":"ListItem","position":2,"name":"Free and Fast Shipping whitin 1-3 Days!!!","item":"https:\/\/ryfi.online\/shop\/"},{"@type":"ListItem","position":3,"name":"Ragazze Cappellino da baseball Disney Minnie"}]},{"@type":"WebSite","@id":"https:\/\/ryfi.online\/it\/#website","url":"https:\/\/ryfi.online\/it\/","name":"Ryfi Online Store","description":"Online Store","publisher":{"@id":"https:\/\/ryfi.online\/it\/#organization"},"potentialAction":[{"@type":"SearchAction","target":{"@type":"EntryPoint","urlTemplate":"https:\/\/ryfi.online\/it\/?s={search_term_string}"},"query-input":{"@type":"PropertyValueSpecification","valueRequired":true,"valueName":"search_term_string"}}],"inLanguage":"it-IT"},{"@type":"Organization","@id":"https:\/\/ryfi.online\/it\/#organization","name":"Ryan Future Investments LLC","url":"https:\/\/ryfi.online\/it\/","logo":{"@type":"ImageObject","inLanguage":"it-IT","@id":"https:\/\/ryfi.online\/it\/#\/schema\/logo\/image\/","url":"https:\/\/ryfi.online\/wp-content\/uploads\/2021\/03\/2-03.png","contentUrl":"https:\/\/ryfi.online\/wp-content\/uploads\/2021\/03\/2-03.png","width":1010,"height":310,"caption":"Ryan Future Investments LLC"},"image":{"@id":"https:\/\/ryfi.online\/it\/#\/schema\/logo\/image\/"},"sameAs":["https:\/\/www.facebook.com\/ryfi.online\/"]}]},"product_brand":"Cappellini da ragazza","product_price_amount":"17.97","product_price_currency":"USD","og_availability":"instock","product_availability":"instock","product_condition":"new"},"jetpack-related-posts":[{"id":12657,"url":"https:\/\/ryfi.online\/es\/producto\/disney-minnie-diseno-gorra-de-beisbol-para-chicas\/","url_meta":{"origin":12662,"position":0},"title":"Gorra de b\u00e9isbol Disney Minnie para ni\u00f1as","date":"Giugno 9, 2021","format":false,"excerpt":"Como regalo de cumplea\u00f1os, de vacaciones o en Pascua o as\u00ed. Con la preciosa gorra de Minnie de Disney, \u00a1no puedes equivocarte! 100% algod\u00f3n y 100% poli\u00e9ster. Hay un cierre en la parte trasera para un ajuste perfecto con las cabecitas para una m\u00e1xima comodidad. La mano de obra es\u2026","rel":"","context":"Articolo simile","img":{"alt_text":"Gorra Minnie Disney","src":"https:\/\/i0.wp.com\/ryfi.online\/wp-content\/uploads\/2021\/06\/et4050_pi.jpg?resize=350%2C200&ssl=1","width":350,"height":200},"classes":[]},{"id":1428,"url":"https:\/\/ryfi.online\/es\/producto\/camiseta-con-diseno-de-minnie-de-disney-para-ninas\/","url_meta":{"origin":12662,"position":1},"title":"Camiseta con dise\u00f1o de Minnie de Disney para ni\u00f1as ET1119","date":"Giugno 9, 2021","format":false,"excerpt":"Envio Gratis 1-3 dias laborales Devolucion Gratuito","rel":"","context":"Articolo simile","img":{"alt_text":"Camiseta Minnie Disney","src":"https:\/\/i0.wp.com\/ryfi.online\/wp-content\/uploads\/2021\/06\/ET1119_REF1.jpg?resize=350%2C200&ssl=1","width":350,"height":200},"classes":[]},{"id":1465,"url":"https:\/\/ryfi.online\/es\/producto\/set-2-body-bebes-ninas-minnie-disney\/","url_meta":{"origin":12662,"position":2},"title":"Set 2 Body Bebes-Ni\u00f1as Minnie Disney UE0314","date":"Giugno 9, 2021","format":false,"excerpt":"Env\u00edo gratuito y r\u00e1pido en 1-3 d\u00edas.","rel":"","context":"Articolo simile","img":{"alt_text":"Set 2 body bebes-ni\u00f1as Minnie Disney","src":"https:\/\/i0.wp.com\/ryfi.online\/wp-content\/uploads\/2021\/06\/UE0314_SET-1.jpg?resize=350%2C200&ssl=1","width":350,"height":200},"classes":[]},{"id":2114,"url":"https:\/\/ryfi.online\/es\/producto\/3-disney-minnie-ninas-100-calzoncillos-de-algodon-2-3-anos\/","url_meta":{"origin":12662,"position":3},"title":"Set de 3 calzoncillos de 100% algod\u00f3n de Disney Minnie para ni\u00f1as de 2 a 3 a\u00f1os UE3000","date":"Luglio 5, 2021","format":false,"excerpt":"Env\u00edo rapido y seguro en 1-3 dias laborales","rel":"","context":"Articolo simile","img":{"alt_text":"Set 3 calzoncillos Minnie -1","src":"https:\/\/i0.wp.com\/ryfi.online\/wp-content\/uploads\/2021\/07\/ue3000.23y.e00-scaled.jpg?resize=350%2C200&ssl=1","width":350,"height":200},"classes":[]},{"id":1413,"url":"https:\/\/ryfi.online\/es\/producto\/gorra-de-beisbol-con-diseno-de-minnie-de-disney-para-ninas\/","url_meta":{"origin":12662,"position":4},"title":"Gorra de b\u00e9isbol con dise\u00f1o de Minnie de Disney para ni\u00f1as ET4050","date":"Giugno 9, 2021","format":false,"excerpt":"Env\u00edo gratuito y r\u00e1pido en 1-3 d\u00edas.","rel":"","context":"Articolo simile","img":{"alt_text":"Gorra Minnie Disney","src":"https:\/\/i0.wp.com\/ryfi.online\/wp-content\/uploads\/2021\/06\/et4050_pi.jpg?resize=350%2C200&ssl=1","width":350,"height":200},"classes":[]},{"id":13135,"url":"https:\/\/ryfi.online\/es\/producto\/set-2-body-bebes-ninas-minnie-disney-ue0316\/","url_meta":{"origin":12662,"position":5},"title":"Set 2 Body Bebes-Ni\u00f1as Minnie Disney UE0316","date":"Dicembre 19, 2022","format":false,"excerpt":"Env\u00edo gratuito y r\u00e1pido en 1-3 d\u00edas.","rel":"","context":"Articolo simile","img":{"alt_text":"","src":"https:\/\/i0.wp.com\/ryfi.online\/wp-content\/uploads\/2022\/12\/81BDJioEU8L._AC_SL1500_.jpg?resize=350%2C200&ssl=1","width":350,"height":200},"classes":[]}],"_links":{"self":[{"href":"https:\/\/ryfi.online\/it\/wp-json\/wp\/v2\/product\/12662","targetHints":{"allow":["GET"]}}],"collection":[{"href":"https:\/\/ryfi.online\/it\/wp-json\/wp\/v2\/product"}],"about":[{"href":"https:\/\/ryfi.online\/it\/wp-json\/wp\/v2\/types\/product"}],"replies":[{"embeddable":true,"href":"https:\/\/ryfi.online\/it\/wp-json\/wp\/v2\/comments?post=12662"}],"wp:featuredmedia":[{"embeddable":true,"href":"https:\/\/ryfi.online\/it\/wp-json\/wp\/v2\/media\/9795"}],"wp:attachment":[{"href":"https:\/\/ryfi.online\/it\/wp-json\/wp\/v2\/media?parent=12662"}],"wp:term":[{"taxonomy":"product_brand","embeddable":true,"href":"https:\/\/ryfi.online\/it\/wp-json\/wp\/v2\/product_brand?post=12662"},{"taxonomy":"product_cat","embeddable":true,"href":"https:\/\/ryfi.online\/it\/wp-json\/wp\/v2\/product_cat?post=12662"},{"taxonomy":"product_tag","embeddable":true,"href":"https:\/\/ryfi.online\/it\/wp-json\/wp\/v2\/product_tag?post=12662"}],"curies":[{"name":"wp","href":"https:\/\/api.w.org\/{rel}","templated":true}]}}