{"id":11686,"date":"2021-10-08T15:37:27","date_gmt":"2022-05-16T17:44:46","guid":{"rendered":"https:\/\/ryfi.online\/product\/pigiama-per-bambini-paw-patrol-hu2034\/"},"modified":"2022-05-16T17:44:46","modified_gmt":"2022-05-16T17:44:46","slug":"zampa-pattuglia-pijama-para-ninos","status":"publish","type":"product","link":"https:\/\/ryfi.online\/it\/prodotto\/zampa-pattuglia-pijama-para-ninos\/","title":{"rendered":"Pigiama per bambini Paw Patrol HU2034"},"content":{"rendered":"<p>Como regalo de cumplea\u00f1os, en Semana Santa o simplemente as\u00ed. Con el hermoso pijama de Pijama, no puedes equivocarte! La mano de obra es excelente y los colores muy fuertes. Con este maravilloso pijama, los ni\u00f1os descansaran genial! Lavabile a 30 \u00b0 C en la m\u00e1quina, para una larga vida \u00fatil, pero se recomienda lavarse las manos. Con este conjunto los ojos de los ni\u00f1os empiezan a irradiar!<\/p>\n<ul class=\"a-unordered-list a-vertical a-spacing-mini\">\n<li><span class=\"a-list-item\">Pigiama per i bambini della Patrulla Canina per i bambini<br \/>\n<\/span><\/li>\n<li><span class=\"a-list-item\">Vibrante pijama para ni\u00f1os de La Patrulla Canina que viene con un gran estampado de dos de los cachorritos, Chase y Marshall, en el frente de la camisa.<\/span><\/li>\n<li><span class=\"a-list-item\">100% Algodon<\/span><\/li>\n<li><span class=\"a-list-item\">\u00c8 perfetto per i seguidores de La Patrulla Canina!<\/span><\/li>\n<li><span class=\"a-list-item\">Mercanc\u00eda de la Patrulla Canina con licenza ufficiale dise\u00f1ada exclusivamente<\/span><\/li>\n<li>Edad 3 anni, 4 anni, 5 anni e 6 anni<\/li>\n<\/ul>\n","protected":false},"excerpt":{"rendered":"<div class=\"woocommerce-product-details__short-description\">\n<div class=\"woocommerce-product-details__short-description\">\n<div class=\"woocommerce-product-details__short-description\">\n<div class=\"woocommerce-product-details__short-description\">\n<p>Env\u00edo rapido e seguro in 1-3 dia laborales<\/p>\n<\/div>\n<\/div>\n<\/div>\n<\/div>\n","protected":false},"featured_media":11177,"comment_status":"open","ping_status":"closed","template":"","meta":[],"product_brand":[],"product_cat":[215],"product_tag":[],"class_list":{"0":"post-11686","1":"product","2":"type-product","3":"status-publish","4":"has-post-thumbnail","6":"product_cat-pigiama-polare","8":"first","9":"instock","10":"featured","11":"taxable","12":"shipping-taxable","13":"purchasable","14":"product-type-variable"},"yoast_head":"<!-- This site is optimized with the Yoast SEO Premium plugin v17.1.2 (Yoast SEO v27.4) - https:\/\/yoast.com\/product\/yoast-seo-premium-wordpress\/ -->\n<title>Pigiami di Paw Patrol per i bambini alla venta - Ryfi Online Store<\/title>\n<meta name=\"description\" content=\"Echa un vistazo a la Mejor Selecci\u00f3n de Pijamas para Ni\u00f1o de Paw Patrol a la venta en Espa\u00f1a a un prezzo molto conveniente. Per ottenere maggiori informazioni, visitare il nuovo sito web.\" \/>\n<meta name=\"robots\" content=\"index, follow, max-snippet:-1, max-image-preview:large, max-video-preview:-1\" \/>\n<link rel=\"canonical\" href=\"https:\/\/ryfi.online\/it\/prodotto\/zampa-pattuglia-pijama-para-ninos\/\" \/>\n<meta property=\"og:locale\" content=\"it_IT\" \/>\n<meta property=\"og:type\" content=\"article\" \/>\n<meta property=\"og:title\" content=\"Pigiama per bambini Paw Patrol HU2034\" \/>\n<meta property=\"og:description\" content=\"Echa un vistazo a la Mejor Selecci\u00f3n de Pijamas para Ni\u00f1o de Paw Patrol a la venta en Espa\u00f1a a un prezzo molto conveniente. Per ottenere maggiori informazioni, visitare il nuovo sito web.\" \/>\n<meta property=\"og:url\" content=\"https:\/\/ryfi.online\/it\/prodotto\/zampa-pattuglia-pijama-para-ninos\/\" \/>\n<meta property=\"og:site_name\" content=\"Ryfi Online Store\" \/>\n<meta property=\"article:publisher\" content=\"https:\/\/www.facebook.com\/ryfi.online\/\" \/>\n<meta property=\"og:image\" content=\"https:\/\/ryfi.online\/wp-content\/uploads\/2021\/10\/hu2034.jpg\" \/>\n\t<meta property=\"og:image:width\" content=\"800\" \/>\n\t<meta property=\"og:image:height\" content=\"565\" \/>\n\t<meta property=\"og:image:type\" content=\"image\/jpeg\" \/>\n<meta name=\"twitter:card\" content=\"summary_large_image\" \/>\n<meta name=\"twitter:label1\" content=\"Availability\" \/>\n\t<meta name=\"twitter:data1\" content=\"In stock\" \/>\n<meta property=\"product:brand\" content=\"Pigiama polare\" \/>\n<meta property=\"og:availability\" content=\"instock\" \/>\n<meta property=\"product:availability\" content=\"instock\" \/>\n<meta property=\"product:condition\" content=\"new\" \/>\n<!-- \/ Yoast SEO Premium plugin. -->","yoast_head_json":{"title":"Pigiami di Paw Patrol per i bambini alla venta - Ryfi Online Store","description":"Echa un vistazo a la Mejor Selecci\u00f3n de Pijamas para Ni\u00f1o de Paw Patrol a la venta en Espa\u00f1a a un prezzo molto conveniente. Per ottenere maggiori informazioni, visitare il nuovo sito web.","robots":{"index":"index","follow":"follow","max-snippet":"max-snippet:-1","max-image-preview":"max-image-preview:large","max-video-preview":"max-video-preview:-1"},"canonical":"https:\/\/ryfi.online\/it\/prodotto\/zampa-pattuglia-pijama-para-ninos\/","og_locale":"it_IT","og_type":"article","og_title":"Pigiama per bambini Paw Patrol HU2034","og_description":"Echa un vistazo a la Mejor Selecci\u00f3n de Pijamas para Ni\u00f1o de Paw Patrol a la venta en Espa\u00f1a a un prezzo molto conveniente. Per ottenere maggiori informazioni, visitare il nuovo sito web.","og_url":"https:\/\/ryfi.online\/it\/prodotto\/zampa-pattuglia-pijama-para-ninos\/","og_site_name":"Ryfi Online Store","article_publisher":"https:\/\/www.facebook.com\/ryfi.online\/","og_image":[{"width":800,"height":565,"url":"https:\/\/ryfi.online\/wp-content\/uploads\/2021\/10\/hu2034.jpg","type":"image\/jpeg"}],"twitter_card":"summary_large_image","twitter_misc":{"Availability":"In stock"},"schema":{"@context":"https:\/\/schema.org","@graph":[{"@type":"WebPage","@id":"https:\/\/ryfi.online\/it\/prodotto\/zampa-pattuglia-pijama-para-ninos\/","url":"https:\/\/ryfi.online\/it\/prodotto\/zampa-pattuglia-pijama-para-ninos\/","name":"Pigiami di Paw Patrol per i bambini alla venta - Ryfi Online Store","isPartOf":{"@id":"https:\/\/ryfi.online\/it\/#website"},"primaryImageOfPage":{"@id":"https:\/\/ryfi.online\/it\/prodotto\/zampa-pattuglia-pijama-para-ninos\/#primaryimage"},"image":{"@id":"https:\/\/ryfi.online\/it\/prodotto\/zampa-pattuglia-pijama-para-ninos\/#primaryimage"},"thumbnailUrl":"https:\/\/ryfi.online\/wp-content\/uploads\/2021\/10\/hu2034.jpg","datePublished":"2022-05-16T17:44:46+00:00","description":"Echa un vistazo a la Mejor Selecci\u00f3n de Pijamas para Ni\u00f1o de Paw Patrol a la venta en Espa\u00f1a a un prezzo molto conveniente. Per ottenere maggiori informazioni, visitare il nuovo sito web.","breadcrumb":{"@id":"https:\/\/ryfi.online\/it\/prodotto\/zampa-pattuglia-pijama-para-ninos\/#breadcrumb"},"inLanguage":"it-IT","potentialAction":[{"@type":"ReadAction","target":["https:\/\/ryfi.online\/it\/prodotto\/zampa-pattuglia-pijama-para-ninos\/"]}]},{"@type":"ImageObject","inLanguage":"it-IT","@id":"https:\/\/ryfi.online\/it\/prodotto\/zampa-pattuglia-pijama-para-ninos\/#primaryimage","url":"https:\/\/ryfi.online\/wp-content\/uploads\/2021\/10\/hu2034.jpg","contentUrl":"https:\/\/ryfi.online\/wp-content\/uploads\/2021\/10\/hu2034.jpg","width":800,"height":565},{"@type":"BreadcrumbList","@id":"https:\/\/ryfi.online\/it\/prodotto\/zampa-pattuglia-pijama-para-ninos\/#breadcrumb","itemListElement":[{"@type":"ListItem","position":1,"name":"Home","item":"https:\/\/ryfi.online\/it\/"},{"@type":"ListItem","position":2,"name":"Free and Fast Shipping whitin 1-3 Days!!!","item":"https:\/\/ryfi.online\/shop\/"},{"@type":"ListItem","position":3,"name":"Pigiama per bambini Paw Patrol HU2034"}]},{"@type":"WebSite","@id":"https:\/\/ryfi.online\/it\/#website","url":"https:\/\/ryfi.online\/it\/","name":"Ryfi Online Store","description":"Online Store","publisher":{"@id":"https:\/\/ryfi.online\/it\/#organization"},"potentialAction":[{"@type":"SearchAction","target":{"@type":"EntryPoint","urlTemplate":"https:\/\/ryfi.online\/it\/?s={search_term_string}"},"query-input":{"@type":"PropertyValueSpecification","valueRequired":true,"valueName":"search_term_string"}}],"inLanguage":"it-IT"},{"@type":"Organization","@id":"https:\/\/ryfi.online\/it\/#organization","name":"Ryan Future Investments LLC","url":"https:\/\/ryfi.online\/it\/","logo":{"@type":"ImageObject","inLanguage":"it-IT","@id":"https:\/\/ryfi.online\/it\/#\/schema\/logo\/image\/","url":"https:\/\/ryfi.online\/wp-content\/uploads\/2021\/03\/2-03.png","contentUrl":"https:\/\/ryfi.online\/wp-content\/uploads\/2021\/03\/2-03.png","width":1010,"height":310,"caption":"Ryan Future Investments LLC"},"image":{"@id":"https:\/\/ryfi.online\/it\/#\/schema\/logo\/image\/"},"sameAs":["https:\/\/www.facebook.com\/ryfi.online\/"]}]},"product_brand":"Pigiama polare","og_availability":"instock","product_availability":"instock","product_condition":"new"},"jetpack-related-posts":[{"id":2923,"url":"https:\/\/ryfi.online\/es\/producto\/paw-patrol-pijama-para-ninos\/","url_meta":{"origin":11686,"position":0},"title":"Paw Patrol Pijama para ni\u00f1os HU2034","date":"Ottobre 8, 2021","format":false,"excerpt":"Env\u00edo rapido y seguro en 1-3 dia laborales","rel":"","context":"Articolo simile","img":{"alt_text":"","src":"https:\/\/i0.wp.com\/ryfi.online\/wp-content\/uploads\/2021\/10\/hu2034.jpg?resize=350%2C200&ssl=1","width":350,"height":200},"classes":[]},{"id":1418,"url":"https:\/\/ryfi.online\/es\/producto\/gorra-de-beisbol-con-diseno-de-patrulla-canina-de-nickelodeon-para-ninos\/","url_meta":{"origin":11686,"position":1},"title":"Gorra de b\u00e9isbol con dise\u00f1o de Patrulla Canina de Nickelodeon para ni\u00f1os UE4157","date":"Giugno 9, 2021","format":false,"excerpt":"Env\u00edo gratuito y r\u00e1pido en 1-3 d\u00edas.","rel":"","context":"Articolo simile","img":{"alt_text":"Gorra Patrulla Canina Nickelodeon","src":"https:\/\/i0.wp.com\/ryfi.online\/wp-content\/uploads\/2021\/06\/ue4157_ye.jpg?resize=350%2C200&ssl=1","width":350,"height":200},"classes":[]},{"id":1743,"url":"https:\/\/ryfi.online\/es\/producto\/gorra-de-beisbol-con-diseno-de-patrulla-canina-de-nickelodeon-para-ninas\/","url_meta":{"origin":11686,"position":2},"title":"Gorra de b\u00e9isbol con dise\u00f1o de Patrulla Canina de Nickelodeon para ni\u00f1as UE4205","date":"Giugno 16, 2021","format":false,"excerpt":"Envio Gratis 1-3 dias laborales Devolucion Gratuito","rel":"","context":"Articolo simile","img":{"alt_text":"Gorra Patrulla Canina","src":"https:\/\/i0.wp.com\/ryfi.online\/wp-content\/uploads\/2021\/06\/ue4205_pi.jpg?resize=350%2C200&ssl=1","width":350,"height":200},"classes":[]},{"id":13079,"url":"https:\/\/ryfi.online\/es\/producto\/paw-patrol-10-marshall-plush-toy-standing-plush-con-detalle-cosido-para-edades-3-y-arriba\/","url_meta":{"origin":11686,"position":3},"title":"La Patrulla Canina &#8211; Peluche de Marshall de 10&#8243;, de pie con detalles cosidos, para mayores de 3 a\u00f1os","date":"Maggio 4, 2021","format":false,"excerpt":"Los peque\u00f1os fans de la Patrulla Canina pueden acurrucarse y so\u00f1ar con aventuras con su cachorro favorito, Marshall. Este cachorro de peluche de 10\" de altura se mantiene erguido por s\u00ed mismo, \u00a1listo para la acci\u00f3n! Marshall luce su caracter\u00edstico uniforme de la Patrulla Canina, con su gorro y la\u2026","rel":"","context":"Articolo simile","img":{"alt_text":"","src":"https:\/\/i0.wp.com\/ryfi.online\/wp-content\/uploads\/2021\/05\/71x19VxDhSL._AC_SL1500_.jpg?resize=350%2C200&ssl=1","width":350,"height":200},"classes":[]},{"id":12950,"url":"https:\/\/ryfi.online\/es\/producto\/paw-patrol-10-chase-plush-toy-standing-plush-con-detalles-cosidos-para-edades-3-y-arriba\/","url_meta":{"origin":11686,"position":4},"title":"La Patrulla Canina &#8211; Peluche Chase de 10&#8243;, peluche de pie con detalles cosidos, para mayores de 3 a\u00f1os","date":"Maggio 4, 2021","format":false,"excerpt":"Los peque\u00f1os fans de la Patrulla Canina pueden acurrucarse y so\u00f1ar con aventuras con su cachorro favorito, Chase. Este cachorro de peluche de 10\" de altura se mantiene erguido por s\u00ed mismo, \u00a1listo para la acci\u00f3n! Chase luce su caracter\u00edstico uniforme de la Patrulla Canina, con su gorro y la\u2026","rel":"","context":"Articolo simile","img":{"alt_text":"","src":"https:\/\/i0.wp.com\/ryfi.online\/wp-content\/uploads\/2021\/05\/81c46n9nwAL._AC_SL1500_.jpg?resize=350%2C200&ssl=1","width":350,"height":200},"classes":[]},{"id":12939,"url":"https:\/\/ryfi.online\/es\/producto\/paw-patrol-10-rubble-plush-toy-standing-plush-con-detalles-cosidos-para-edades-3-y-arriba-multicolor\/","url_meta":{"origin":11686,"position":5},"title":"La Patrulla Canina &#8211; Peluche de Rubble de 10&#8243;, de pie y con detalles cosidos, para mayores de 3 a\u00f1os, multicolor","date":"Maggio 4, 2021","format":false,"excerpt":"Los peque\u00f1os fans de la Patrulla Canina pueden acurrucarse y so\u00f1ar con aventuras con su cachorro favorito, Rubble. Este cachorro de peluche de 10\" de altura se mantiene erguido por s\u00ed mismo, \u00a1listo para la acci\u00f3n! Rubble luce su caracter\u00edstico uniforme de la Patrulla Canina, con su gorro y la\u2026","rel":"","context":"Articolo simile","img":{"alt_text":"","src":"https:\/\/i0.wp.com\/ryfi.online\/wp-content\/uploads\/2021\/05\/71AtjhCJL._AC_SL1500_.jpg?resize=350%2C200&ssl=1","width":350,"height":200},"classes":[]}],"_links":{"self":[{"href":"https:\/\/ryfi.online\/it\/wp-json\/wp\/v2\/product\/11686","targetHints":{"allow":["GET"]}}],"collection":[{"href":"https:\/\/ryfi.online\/it\/wp-json\/wp\/v2\/product"}],"about":[{"href":"https:\/\/ryfi.online\/it\/wp-json\/wp\/v2\/types\/product"}],"replies":[{"embeddable":true,"href":"https:\/\/ryfi.online\/it\/wp-json\/wp\/v2\/comments?post=11686"}],"wp:featuredmedia":[{"embeddable":true,"href":"https:\/\/ryfi.online\/it\/wp-json\/wp\/v2\/media\/11177"}],"wp:attachment":[{"href":"https:\/\/ryfi.online\/it\/wp-json\/wp\/v2\/media?parent=11686"}],"wp:term":[{"taxonomy":"product_brand","embeddable":true,"href":"https:\/\/ryfi.online\/it\/wp-json\/wp\/v2\/product_brand?post=11686"},{"taxonomy":"product_cat","embeddable":true,"href":"https:\/\/ryfi.online\/it\/wp-json\/wp\/v2\/product_cat?post=11686"},{"taxonomy":"product_tag","embeddable":true,"href":"https:\/\/ryfi.online\/it\/wp-json\/wp\/v2\/product_tag?post=11686"}],"curies":[{"name":"wp","href":"https:\/\/api.w.org\/{rel}","templated":true}]}}