{"id":3643,"date":"2021-10-11T14:12:00","date_gmt":"2021-10-11T14:12:00","guid":{"rendered":"https:\/\/ryfi.online\/politica-di-spedizione\/"},"modified":"2021-10-11T14:12:07","modified_gmt":"2021-10-11T14:12:07","slug":"politica-di-spedizione","status":"publish","type":"page","link":"https:\/\/ryfi.online\/it\/politica-di-spedizione\/","title":{"rendered":"Politica di spedizione"},"content":{"rendered":"\t\t<div data-elementor-type=\"wp-page\" data-elementor-id=\"3643\" class=\"elementor elementor-3643 elementor-603\">\n\t\t\t\t\t\t<section class=\"elementor-section elementor-top-section elementor-element elementor-element-4b34b5f1 elementor-section-boxed elementor-section-height-default elementor-section-height-default\" data-id=\"4b34b5f1\" data-element_type=\"section\" data-e-type=\"section\">\n\t\t\t\t\t\t<div class=\"elementor-container elementor-column-gap-default\">\n\t\t\t\t\t<div class=\"elementor-column elementor-col-100 elementor-top-column elementor-element elementor-element-41c9f960\" data-id=\"41c9f960\" data-element_type=\"column\" data-e-type=\"column\">\n\t\t\t<div class=\"elementor-widget-wrap elementor-element-populated\">\n\t\t\t\t\t\t<div class=\"elementor-element elementor-element-43e030a8 elementor-widget elementor-widget-text-editor\" data-id=\"43e030a8\" data-element_type=\"widget\" data-e-type=\"widget\" data-widget_type=\"text-editor.default\">\n\t\t\t\t<div class=\"elementor-widget-container\">\n\t\t\t\t\t\t\t\t\t<div>\n<p><strong>DOVE CONSEGNIAMO?<\/strong><\/p>\n<p><span style=\"color: #ff0000;\">Forniamo SPEDIZIONE GRATUITA negli Stati Uniti e in Europa.<\/span><\/p>\n<p><strong><span style=\"font-size: inherit; text-align: inherit; background-color: inherit; color: var(--theme-text-color); font-family: var(--fontFamily); font-style: var(--fontStyle, inherit); letter-spacing: var(--letterSpacing); text-transform: var(--textTransform);\">QUANTO COSTA LA SPEDIZIONE?<\/span><\/strong><\/p>\n<p>I costi di spedizione variano a seconda della destinazione di spedizione e del numero di articoli acquistati. Puoi ottenere un calcolo delle spese di spedizione esatte aggiungendo articoli al carrello, procedendo al pagamento e inserendo il tuo indirizzo postale. Il costo di spedizione si aggiorner\u00e0 automaticamente e verr\u00e0 visualizzato nei costi totali.<\/p>\n<hr>\n<p><strong><span style=\"font-size: inherit; text-align: inherit; background-color: inherit; color: var(--theme-text-color); font-family: var(--fontFamily); font-style: var(--fontStyle, inherit); letter-spacing: var(--letterSpacing); text-transform: var(--textTransform);\">IN QUANTO TEMPO L&#8217;ACQUIRENTE RICEVE L&#8217;ORDINE?<\/span><\/strong><\/p>\n<p>In media, la merce viene prodotta e spedita dalla nostra struttura lo stesso giorno lavorativo successivo all&#8217;acquisto. Si applicano i tempi di spedizione\/transito standard (1-3 giorni per Stati Uniti e Spagna e 3-7 giorni per il resto d&#8217;Europa).<\/p>\n<div><strong>DOVE TROVO IL MIO NUMERO DI TRACKING?<\/strong><\/div>\n<div> <\/div>\n<p><span style=\"{wpml_trans_unit_2_0_0_9_0_-1_0}\"><span style=\"{wpml_trans_unit_2_0_0_9_0_0_-1_0}\">Riceverai un&#8217;e-mail di conferma con un link con il tuo numero di tracciamento.<\/span><\/span><span style=\"text-align: inherit; letter-spacing: var(--letterSpacing); text-transform: var(--textTransform); color: #202124; font-family: arial, sans-serif; font-size: 16px; background-color: #ffffff;\"> una volta che sei<\/span> ordine<span style=\"text-align: inherit; letter-spacing: var(--letterSpacing); text-transform: var(--textTransform); color: #202124; font-family: arial, sans-serif; font-size: 16px; background-color: #ffffff;\"> navi, a<\/span> monitoraggio<span style=\"text-align: inherit; letter-spacing: var(--letterSpacing); text-transform: var(--textTransform); color: #202124; font-family: arial, sans-serif; font-size: 16px; background-color: #ffffff;\"> il numero verr\u00e0 assegnato e apparir\u00e0 nel tuo<\/span> ordine<span style=\"text-align: inherit; letter-spacing: var(--letterSpacing); text-transform: var(--textTransform); color: #202124; font-family: arial, sans-serif; font-size: 16px; background-color: #ffffff;\"> informazione. puoi allora <\/span>traccia<span style=\"text-align: inherit; letter-spacing: var(--letterSpacing); text-transform: var(--textTransform); color: #202124; font-family: arial, sans-serif; font-size: 16px; background-color: #ffffff;\"> tuo<\/span> ordine<span style=\"text-align: inherit; letter-spacing: var(--letterSpacing); text-transform: var(--textTransform); color: #202124; font-family: arial, sans-serif; font-size: 16px; background-color: #ffffff;\"> con la vostra<\/span> monitoraggio<span style=\"text-align: inherit; letter-spacing: var(--letterSpacing); text-transform: var(--textTransform); color: #202124; font-family: arial, sans-serif; font-size: 16px; background-color: #ffffff;\"> numero.<\/span><\/p>\n<div><strong><span style=\"font-size: inherit; text-align: inherit; background-color: inherit; color: var(--theme-text-color); font-family: var(--fontFamily); font-style: var(--fontStyle, inherit); letter-spacing: var(--letterSpacing); text-transform: var(--textTransform);\">L&#8217;ORDINE PUO&#8217; ESSERE CONSEGNATO A PIU&#8217; INDIRIZZI?<\/span><\/strong><\/div>\n<div> <\/div>\n<p>Non offriamo la spedizione a pi\u00f9 indirizzi per un unico ordine. Se desideri che gli articoli vengano consegnati a pi\u00f9 indirizzi, effettua gli ordini separatamente.<\/p>\n<hr>\n<p><strong>OFFRITE LA CONSEGNA ALLE CASELLE POSTALI O A INDIRIZZI APO\/FPO MILITARI?<\/strong><\/p>\n<p>S\u00ec, possiamo inviare spedizioni a caselle postali e indirizzi militari APO\/FPO<\/p>\n<\/div>\n\t\t\t\t\t\t\t\t<\/div>\n\t\t\t\t<\/div>\n\t\t\t\t\t<\/div>\n\t\t<\/div>\n\t\t\t\t\t<\/div>\n\t\t<\/section>\n\t\t\t\t<\/div>\n\t\t","protected":false},"excerpt":{"rendered":"<p>DOVE CONSEGNIAMO? Forniamo SPEDIZIONE GRATUITA negli Stati Uniti e in Europa. QUANTO COSTA LA SPEDIZIONE? I costi di spedizione variano a seconda della destinazione di spedizione e del numero di articoli acquistati. Puoi ottenere un calcolo delle spese di spedizione esatte aggiungendo articoli al carrello, procedendo al pagamento e inserendo il tuo indirizzo postale. Il [&hellip;]<\/p>\n","protected":false},"author":1,"featured_media":0,"parent":0,"menu_order":0,"comment_status":"closed","ping_status":"closed","template":"","meta":{"footnotes":""},"class_list":["post-3643","page","type-page","status-publish","hentry"],"blocksy_meta":{"styles_descriptor":{"styles":{"desktop":"","tablet":"","mobile":""},"google_fonts":[],"version":6}},"yoast_head":"<!-- This site is optimized with the Yoast SEO Premium plugin v17.1.2 (Yoast SEO v27.4) - https:\/\/yoast.com\/product\/yoast-seo-premium-wordpress\/ -->\n<title>Politica di spedizione - Ryfi Online Store<\/title>\n<meta name=\"description\" content=\"Leggi la nostra politica di spedizione: \u00e8 cos\u00ec che procediamo con la tua politica di spedizione.\" \/>\n<meta name=\"robots\" content=\"index, follow, max-snippet:-1, max-image-preview:large, max-video-preview:-1\" \/>\n<link rel=\"canonical\" href=\"https:\/\/ryfi.online\/it\/politica-di-spedizione\/\" \/>\n<meta property=\"og:locale\" content=\"it_IT\" \/>\n<meta property=\"og:type\" content=\"article\" \/>\n<meta property=\"og:title\" content=\"Politica di spedizione\" \/>\n<meta property=\"og:description\" content=\"Leggi la nostra politica di spedizione: \u00e8 cos\u00ec che procediamo con la tua politica di spedizione.\" \/>\n<meta property=\"og:url\" content=\"https:\/\/ryfi.online\/it\/politica-di-spedizione\/\" \/>\n<meta property=\"og:site_name\" content=\"Ryfi Online Store\" \/>\n<meta property=\"article:publisher\" content=\"https:\/\/www.facebook.com\/ryfi.online\/\" \/>\n<meta property=\"article:modified_time\" content=\"2021-10-11T14:12:07+00:00\" \/>\n<meta property=\"og:image\" content=\"https:\/\/ryfi.online\/wp-content\/uploads\/2021\/03\/H89f48063f95940e583df854ff6ec5f689-Copy-Copy.jpg\" \/>\n\t<meta property=\"og:image:width\" content=\"500\" \/>\n\t<meta property=\"og:image:height\" content=\"500\" \/>\n\t<meta property=\"og:image:type\" content=\"image\/jpeg\" \/>\n<meta name=\"twitter:card\" content=\"summary_large_image\" \/>\n<meta name=\"twitter:label1\" content=\"Tempo di lettura stimato\" \/>\n\t<meta name=\"twitter:data1\" content=\"1 minuto\" \/>\n<!-- \/ Yoast SEO Premium plugin. -->","yoast_head_json":{"title":"Politica di spedizione - Ryfi Online Store","description":"Leggi la nostra politica di spedizione: \u00e8 cos\u00ec che procediamo con la tua politica di spedizione.","robots":{"index":"index","follow":"follow","max-snippet":"max-snippet:-1","max-image-preview":"max-image-preview:large","max-video-preview":"max-video-preview:-1"},"canonical":"https:\/\/ryfi.online\/it\/politica-di-spedizione\/","og_locale":"it_IT","og_type":"article","og_title":"Politica di spedizione","og_description":"Leggi la nostra politica di spedizione: \u00e8 cos\u00ec che procediamo con la tua politica di spedizione.","og_url":"https:\/\/ryfi.online\/it\/politica-di-spedizione\/","og_site_name":"Ryfi Online Store","article_publisher":"https:\/\/www.facebook.com\/ryfi.online\/","article_modified_time":"2021-10-11T14:12:07+00:00","og_image":[{"width":500,"height":500,"url":"https:\/\/ryfi.online\/wp-content\/uploads\/2021\/03\/H89f48063f95940e583df854ff6ec5f689-Copy-Copy.jpg","type":"image\/jpeg"}],"twitter_card":"summary_large_image","twitter_misc":{"Tempo di lettura stimato":"1 minuto"},"schema":{"@context":"https:\/\/schema.org","@graph":[{"@type":"WebPage","@id":"https:\/\/ryfi.online\/it\/politica-di-spedizione\/","url":"https:\/\/ryfi.online\/it\/politica-di-spedizione\/","name":"Politica di spedizione - Ryfi Online Store","isPartOf":{"@id":"https:\/\/ryfi.online\/it\/#website"},"datePublished":"2021-10-11T14:12:00+00:00","dateModified":"2021-10-11T14:12:07+00:00","description":"Leggi la nostra politica di spedizione: \u00e8 cos\u00ec che procediamo con la tua politica di spedizione.","breadcrumb":{"@id":"https:\/\/ryfi.online\/it\/politica-di-spedizione\/#breadcrumb"},"inLanguage":"it-IT","potentialAction":[{"@type":"ReadAction","target":["https:\/\/ryfi.online\/it\/politica-di-spedizione\/"]}]},{"@type":"BreadcrumbList","@id":"https:\/\/ryfi.online\/it\/politica-di-spedizione\/#breadcrumb","itemListElement":[{"@type":"ListItem","position":1,"name":"Home","item":"https:\/\/ryfi.online\/it\/"},{"@type":"ListItem","position":2,"name":"Politica di spedizione"}]},{"@type":"WebSite","@id":"https:\/\/ryfi.online\/it\/#website","url":"https:\/\/ryfi.online\/it\/","name":"Ryfi Online Store","description":"Online Store","publisher":{"@id":"https:\/\/ryfi.online\/it\/#organization"},"potentialAction":[{"@type":"SearchAction","target":{"@type":"EntryPoint","urlTemplate":"https:\/\/ryfi.online\/it\/?s={search_term_string}"},"query-input":{"@type":"PropertyValueSpecification","valueRequired":true,"valueName":"search_term_string"}}],"inLanguage":"it-IT"},{"@type":"Organization","@id":"https:\/\/ryfi.online\/it\/#organization","name":"Ryan Future Investments LLC","url":"https:\/\/ryfi.online\/it\/","logo":{"@type":"ImageObject","inLanguage":"it-IT","@id":"https:\/\/ryfi.online\/it\/#\/schema\/logo\/image\/","url":"https:\/\/ryfi.online\/wp-content\/uploads\/2021\/03\/2-03.png","contentUrl":"https:\/\/ryfi.online\/wp-content\/uploads\/2021\/03\/2-03.png","width":1010,"height":310,"caption":"Ryan Future Investments LLC"},"image":{"@id":"https:\/\/ryfi.online\/it\/#\/schema\/logo\/image\/"},"sameAs":["https:\/\/www.facebook.com\/ryfi.online\/"]}]}},"jetpack-related-posts":[{"id":3628,"url":"https:\/\/ryfi.online\/it\/rimborso-e-restituzione\/","url_meta":{"origin":3643,"position":0},"title":"Rimborso e restituzione","date":"Ottobre 11, 2021","format":false,"excerpt":"I clienti possono richiedere un rimborso o un reso entro 30 giorni dalla ricezione dei prodotti. I rimborsi verranno effettuati con lo stesso metodo utilizzato per il pagamento. Gli articoli in vendita e promozionali sono esclusi e rimangono soggetti alla nostra normale politica di rimborso\/restituzione. CANCELLAZIONE Accettiamo cancellazioni di ordini\u2026","rel":"","context":"Articolo simile","img":{"alt_text":"","src":"","width":0,"height":0},"classes":[]},{"id":3295,"url":"https:\/\/ryfi.online\/it\/riguardo-a-noi\/","url_meta":{"origin":3643,"position":1},"title":"Riguardo a noi","date":"Ottobre 11, 2021","format":false,"excerpt":"Massa sed elementum tempus egestas sed sed risus. Risus at ultrices mi tempus imperdiet nulla malesuada pellentesque elit.","rel":"","context":"Articolo simile","img":{"alt_text":"","src":"https:\/\/i1.wp.com\/ryfi.online\/wp-content\/uploads\/2020\/03\/zachary-kyra-derksen-RfgWAyCBNWk-unsplash.jpg?fit=660%2C400&ssl=1&resize=350%2C200","width":350,"height":200},"classes":[]},{"id":3341,"url":"https:\/\/ryfi.online\/it\/spedizione-gratuita-e-veloce-in-1-3-giorni\/","url_meta":{"origin":3643,"position":2},"title":"Spedizione gratuita e veloce in 1-3 giorni!!!","date":"Ottobre 11, 2021","format":false,"excerpt":"","rel":"","context":"Articolo simile","img":{"alt_text":"","src":"","width":0,"height":0},"classes":[]},{"id":3647,"url":"https:\/\/ryfi.online\/fr\/politique-dexpedition\/","url_meta":{"origin":3643,"position":3},"title":"Politique d&#8217;exp\u00e9dition","date":"Ottobre 11, 2021","format":false,"excerpt":"O LIVRONS-NOUS ? Nous fournissons la LIVRAISON GRATUITE aux \u00c9tats-Unis et en Europe. QUEL EST LE MONTANT DES FRAIS D'EXP\u00c9DITION? Les frais d'exp\u00e9dition varient en fonction de la destination d'exp\u00e9dition et du nombre d'articles que vous achetez. Vous pouvez obtenir un calcul de vos frais d'exp\u00e9dition exacts en ajoutant des\u2026","rel":"","context":"Articolo simile","img":{"alt_text":"","src":"","width":0,"height":0},"classes":[]},{"id":3332,"url":"https:\/\/ryfi.online\/it\/contattaci\/","url_meta":{"origin":3643,"position":4},"title":"Contattaci","date":"Ottobre 11, 2021","format":false,"excerpt":"Velturpis nunc eget lorem dolor sedviverra ipsum malesuada fames ac turpis egestas mecenas pharetra amet facilisis magna etiam tempor.","rel":"","context":"Articolo simile","img":{"alt_text":"","src":"","width":0,"height":0},"classes":[]},{"id":1521,"url":"https:\/\/ryfi.online\/es\/politica-de-envios\/","url_meta":{"origin":3643,"position":5},"title":"Politica de envios","date":"Giugno 12, 2021","format":false,"excerpt":"\u00bfD\u00d3NDE ENTREGAMOS? Ofrecemos ENV\u00cdO GRATIS y R\u00e1pido en toda\u00a0 Europa. \u00bfCU\u00c1NTO CUESTA EL ENV\u00cdO? Los costos de env\u00edo var\u00edan seg\u00fan el destino de env\u00edo y la cantidad de art\u00edculos que compre. Puede obtener un c\u00e1lculo de sus gastos de env\u00edo exactos agregando art\u00edculos a su carrito, pasando por el pago\u2026","rel":"","context":"Articolo simile","img":{"alt_text":"","src":"","width":0,"height":0},"classes":[]}],"_links":{"self":[{"href":"https:\/\/ryfi.online\/it\/wp-json\/wp\/v2\/pages\/3643","targetHints":{"allow":["GET"]}}],"collection":[{"href":"https:\/\/ryfi.online\/it\/wp-json\/wp\/v2\/pages"}],"about":[{"href":"https:\/\/ryfi.online\/it\/wp-json\/wp\/v2\/types\/page"}],"author":[{"embeddable":true,"href":"https:\/\/ryfi.online\/it\/wp-json\/wp\/v2\/users\/1"}],"replies":[{"embeddable":true,"href":"https:\/\/ryfi.online\/it\/wp-json\/wp\/v2\/comments?post=3643"}],"version-history":[{"count":3,"href":"https:\/\/ryfi.online\/it\/wp-json\/wp\/v2\/pages\/3643\/revisions"}],"predecessor-version":[{"id":3646,"href":"https:\/\/ryfi.online\/it\/wp-json\/wp\/v2\/pages\/3643\/revisions\/3646"}],"wp:attachment":[{"href":"https:\/\/ryfi.online\/it\/wp-json\/wp\/v2\/media?parent=3643"}],"curies":[{"name":"wp","href":"https:\/\/api.w.org\/{rel}","templated":true}]}}