{"id":3628,"date":"2021-10-11T14:00:53","date_gmt":"2021-10-11T14:00:53","guid":{"rendered":"https:\/\/ryfi.online\/rimborso-e-restituzione\/"},"modified":"2021-10-13T14:55:27","modified_gmt":"2021-10-13T14:55:27","slug":"rimborso-e-restituzione","status":"publish","type":"page","link":"https:\/\/ryfi.online\/it\/rimborso-e-restituzione\/","title":{"rendered":"Rimborso e restituzione"},"content":{"rendered":"\t\t<div data-elementor-type=\"wp-page\" data-elementor-id=\"3628\" class=\"elementor elementor-3628 elementor-1183\">\n\t\t\t\t\t\t<section class=\"elementor-section elementor-top-section elementor-element elementor-element-907a248 elementor-section-boxed elementor-section-height-default elementor-section-height-default\" data-id=\"907a248\" data-element_type=\"section\" data-e-type=\"section\">\n\t\t\t\t\t\t<div class=\"elementor-container elementor-column-gap-default\">\n\t\t\t\t\t<div class=\"elementor-column elementor-col-100 elementor-top-column elementor-element elementor-element-fc24c6c\" data-id=\"fc24c6c\" data-element_type=\"column\" data-e-type=\"column\">\n\t\t\t<div class=\"elementor-widget-wrap elementor-element-populated\">\n\t\t\t\t\t\t<div class=\"elementor-element elementor-element-3ff3e0a elementor-widget elementor-widget-text-editor\" data-id=\"3ff3e0a\" data-element_type=\"widget\" data-e-type=\"widget\" data-widget_type=\"text-editor.default\">\n\t\t\t\t<div class=\"elementor-widget-container\">\n\t\t\t\t\t\t\t\t\t<p>I clienti possono richiedere un rimborso o un reso entro 30 giorni dalla ricezione dei prodotti. I rimborsi verranno effettuati con lo stesso metodo utilizzato per il pagamento.<\/p>\n<p>Gli articoli in vendita e promozionali sono esclusi e rimangono soggetti alla nostra normale politica di rimborso\/restituzione.<\/p>\n<p>CANCELLAZIONE<\/p>\n<p>Accettiamo cancellazioni di ordini prima dell&#8217;elaborazione del prodotto. Se l&#8217;ordine viene annullato entro tale termine, riceverai un rimborso completo.<\/p>\n<p>Se il prodotto \u00e8 gi\u00e0 stato spedito, purtroppo non saremo in grado di annullare l&#8217;ordine.<\/p>\n<p>CONDIZIONI DI RIMBORSO\/RESTITUZIONE<\/p>\n<p>Tutti gli articoli devono essere restituiti nelle loro condizioni di vendita originali, senza essere stati indossati, lavati o alterati e con tutte le etichette ancora attaccate.<br \/>Tutti gli articoli devono essere restituiti con le loro scatole originali.<br \/>Tutti gli articoli devono essere restituiti in un unico pacchetto.<br \/>Le spedizioni di rimborso\/restituzione devono essere effettuate utilizzando lo stesso servizio della consegna originale.<br \/>Possiamo accettare solo rimborsi\/restituzioni dal paese in cui \u00e8 stato originariamente spedito un ordine, ad esempio, gli ordini consegnati negli Stati Uniti devono essere restituiti dagli Stati Uniti<br \/>Gli articoli personalizzati non possono essere restituiti.<br \/>Il reso\/cambio purtroppo non \u00e8 gratuito (le spese di importazione e di spedizione verranno addebitate a proprie spese).<br \/>Naturalmente qualsiasi articolo difettoso pu\u00f2 essere restituito.<\/p>\n<p>Ci riserviamo il diritto di non accettare alcun reso\/cambio se il prodotto mostra segni di usura o \u00e8 stato utilizzato o alterato rispetto alle sue condizioni originali.<\/p>\n<p>Sarai informato se proponiamo di rifiutare il tuo rimborso\/cambio; puoi scegliere di farti rispedire il prodotto a tue spese.<\/p>\n<p>COME RESTITUIRE UN ARTICOLO O UN INTERO ORDINE?<\/p>\n<p>Passaggio 1: contatta il nostro team per avviare la procedura di reso con le seguenti informazioni:<\/p>\n<p>Numero d&#8217;ordine<br \/>Prova d&#8217;acquisto<br \/>Video o foto del prodotto difettoso<\/p>\n<p>Passaggio 2: inserisci la ricevuta, insieme agli articoli, nella confezione originale.<\/p>\n<p>Passaggio 3: consegna il pacco al corriere, dopo che il corriere ha controllato la spedizione di ritorno, chiudi il pacco in modo sicuro.<\/p>\n<p>RIMBORSO<\/p>\n<p>In caso di reso, il rimborso verr\u00e0 accreditato sul metodo di pagamento originale. Le spese di spedizione non saranno rimborsate.<\/p>\n<p>Una volta che il pacco ci raggiunge, si prega di consentire 1-3 giorni lavorativi (a seconda delle ore di punta) per l&#8217;elaborazione del reso. Se il tuo reso non soddisfa le condizioni elencate, il pacco ti verr\u00e0 rispedito a tue spese. Quando il tuo reso sar\u00e0 stato accettato, verr\u00e0 emesso il rimborso e riceverai un&#8217;e-mail di conferma.<\/p><\/p>\n\t\t\t\t\t\t\t\t<\/div>\n\t\t\t\t<\/div>\n\t\t\t\t\t<\/div>\n\t\t<\/div>\n\t\t\t\t\t<\/div>\n\t\t<\/section>\n\t\t\t\t<\/div>\n\t\t","protected":false},"excerpt":{"rendered":"<p>I clienti possono richiedere un rimborso o un reso entro 30 giorni dalla ricezione dei prodotti. I rimborsi verranno effettuati con lo stesso metodo utilizzato per il pagamento. Gli articoli in vendita e promozionali sono esclusi e rimangono soggetti alla nostra normale politica di rimborso\/restituzione. CANCELLAZIONE Accettiamo cancellazioni di ordini prima dell&#8217;elaborazione del prodotto. Se [&hellip;]<\/p>\n","protected":false},"author":1,"featured_media":0,"parent":0,"menu_order":0,"comment_status":"closed","ping_status":"closed","template":"","meta":{"footnotes":""},"class_list":["post-3628","page","type-page","status-publish","hentry"],"blocksy_meta":{"styles_descriptor":{"styles":{"desktop":"","tablet":"","mobile":""},"google_fonts":[],"version":6}},"yoast_head":"<!-- This site is optimized with the Yoast SEO Premium plugin v17.1.2 (Yoast SEO v27.4) - https:\/\/yoast.com\/product\/yoast-seo-premium-wordpress\/ -->\n<title>Rimborso e restituzione - Ryfi Online Store<\/title>\n<meta name=\"description\" content=\"Leggi la nostra Politica sui resi e sui cambi: ecco come puoi restituire o sostituire il tuo prodotto.\" \/>\n<meta name=\"robots\" content=\"index, follow, max-snippet:-1, max-image-preview:large, max-video-preview:-1\" \/>\n<link rel=\"canonical\" href=\"https:\/\/ryfi.online\/it\/rimborso-e-restituzione\/\" \/>\n<meta property=\"og:locale\" content=\"it_IT\" \/>\n<meta property=\"og:type\" content=\"article\" \/>\n<meta property=\"og:title\" content=\"Rimborso e restituzione\" \/>\n<meta property=\"og:description\" content=\"Leggi la nostra Politica sui resi e sui cambi: ecco come puoi restituire o sostituire il tuo prodotto.\" \/>\n<meta property=\"og:url\" content=\"https:\/\/ryfi.online\/it\/rimborso-e-restituzione\/\" \/>\n<meta property=\"og:site_name\" content=\"Ryfi Online Store\" \/>\n<meta property=\"article:publisher\" content=\"https:\/\/www.facebook.com\/ryfi.online\/\" \/>\n<meta property=\"article:modified_time\" content=\"2021-10-13T14:55:27+00:00\" \/>\n<meta property=\"og:image\" content=\"https:\/\/ryfi.online\/wp-content\/uploads\/2021\/03\/H89f48063f95940e583df854ff6ec5f689-Copy-Copy.jpg\" \/>\n\t<meta property=\"og:image:width\" content=\"500\" \/>\n\t<meta property=\"og:image:height\" content=\"500\" \/>\n\t<meta property=\"og:image:type\" content=\"image\/jpeg\" \/>\n<meta name=\"twitter:card\" content=\"summary_large_image\" \/>\n<meta name=\"twitter:label1\" content=\"Tempo di lettura stimato\" \/>\n\t<meta name=\"twitter:data1\" content=\"2 minuti\" \/>\n<!-- \/ Yoast SEO Premium plugin. -->","yoast_head_json":{"title":"Rimborso e restituzione - Ryfi Online Store","description":"Leggi la nostra Politica sui resi e sui cambi: ecco come puoi restituire o sostituire il tuo prodotto.","robots":{"index":"index","follow":"follow","max-snippet":"max-snippet:-1","max-image-preview":"max-image-preview:large","max-video-preview":"max-video-preview:-1"},"canonical":"https:\/\/ryfi.online\/it\/rimborso-e-restituzione\/","og_locale":"it_IT","og_type":"article","og_title":"Rimborso e restituzione","og_description":"Leggi la nostra Politica sui resi e sui cambi: ecco come puoi restituire o sostituire il tuo prodotto.","og_url":"https:\/\/ryfi.online\/it\/rimborso-e-restituzione\/","og_site_name":"Ryfi Online Store","article_publisher":"https:\/\/www.facebook.com\/ryfi.online\/","article_modified_time":"2021-10-13T14:55:27+00:00","og_image":[{"width":500,"height":500,"url":"https:\/\/ryfi.online\/wp-content\/uploads\/2021\/03\/H89f48063f95940e583df854ff6ec5f689-Copy-Copy.jpg","type":"image\/jpeg"}],"twitter_card":"summary_large_image","twitter_misc":{"Tempo di lettura stimato":"2 minuti"},"schema":{"@context":"https:\/\/schema.org","@graph":[{"@type":"WebPage","@id":"https:\/\/ryfi.online\/it\/rimborso-e-restituzione\/","url":"https:\/\/ryfi.online\/it\/rimborso-e-restituzione\/","name":"Rimborso e restituzione - Ryfi Online Store","isPartOf":{"@id":"https:\/\/ryfi.online\/it\/#website"},"datePublished":"2021-10-11T14:00:53+00:00","dateModified":"2021-10-13T14:55:27+00:00","description":"Leggi la nostra Politica sui resi e sui cambi: ecco come puoi restituire o sostituire il tuo prodotto.","breadcrumb":{"@id":"https:\/\/ryfi.online\/it\/rimborso-e-restituzione\/#breadcrumb"},"inLanguage":"it-IT","potentialAction":[{"@type":"ReadAction","target":["https:\/\/ryfi.online\/it\/rimborso-e-restituzione\/"]}]},{"@type":"BreadcrumbList","@id":"https:\/\/ryfi.online\/it\/rimborso-e-restituzione\/#breadcrumb","itemListElement":[{"@type":"ListItem","position":1,"name":"Home","item":"https:\/\/ryfi.online\/it\/"},{"@type":"ListItem","position":2,"name":"Rimborso e restituzione"}]},{"@type":"WebSite","@id":"https:\/\/ryfi.online\/it\/#website","url":"https:\/\/ryfi.online\/it\/","name":"Ryfi Online Store","description":"Online Store","publisher":{"@id":"https:\/\/ryfi.online\/it\/#organization"},"potentialAction":[{"@type":"SearchAction","target":{"@type":"EntryPoint","urlTemplate":"https:\/\/ryfi.online\/it\/?s={search_term_string}"},"query-input":{"@type":"PropertyValueSpecification","valueRequired":true,"valueName":"search_term_string"}}],"inLanguage":"it-IT"},{"@type":"Organization","@id":"https:\/\/ryfi.online\/it\/#organization","name":"Ryan Future Investments LLC","url":"https:\/\/ryfi.online\/it\/","logo":{"@type":"ImageObject","inLanguage":"it-IT","@id":"https:\/\/ryfi.online\/it\/#\/schema\/logo\/image\/","url":"https:\/\/ryfi.online\/wp-content\/uploads\/2021\/03\/2-03.png","contentUrl":"https:\/\/ryfi.online\/wp-content\/uploads\/2021\/03\/2-03.png","width":1010,"height":310,"caption":"Ryan Future Investments LLC"},"image":{"@id":"https:\/\/ryfi.online\/it\/#\/schema\/logo\/image\/"},"sameAs":["https:\/\/www.facebook.com\/ryfi.online\/"]}]}},"jetpack-related-posts":[{"id":3643,"url":"https:\/\/ryfi.online\/it\/politica-di-spedizione\/","url_meta":{"origin":3628,"position":0},"title":"Politica di spedizione","date":"Ottobre 11, 2021","format":false,"excerpt":"DOVE CONSEGNIAMO? Forniamo SPEDIZIONE GRATUITA negli Stati Uniti e in Europa. QUANTO COSTA LA SPEDIZIONE? I costi di spedizione variano a seconda della destinazione di spedizione e del numero di articoli acquistati. Puoi ottenere un calcolo delle spese di spedizione esatte aggiungendo articoli al carrello, procedendo al pagamento e inserendo\u2026","rel":"","context":"Articolo simile","img":{"alt_text":"","src":"","width":0,"height":0},"classes":[]},{"id":3537,"url":"https:\/\/ryfi.online\/it\/","url_meta":{"origin":3628,"position":1},"title":"Casa","date":"Ottobre 11, 2021","format":false,"excerpt":"Offerta della settimana! COMPRA 4 OTTIENI 5 Afferra l'affare ora 25 % Affrettati, saldi caldi!! Benvenuto nel negozio online Ryfi Previous Next Acquista 4 Ottieni 5 I nostri clienti felici! Cosa dicono i clienti dei nostri prodotti. Lo adoro!!! Mio figlio \u00e8 molto felice... comprer\u00f2 pi\u00f9 colori di questo polpo\u2026","rel":"","context":"Articolo simile","img":{"alt_text":"","src":"https:\/\/i0.wp.com\/ryfi.online\/wp-content\/uploads\/2020\/03\/stefan-stefancik-QXevDflbl8A-unsplash.jpg?resize=350%2C200&ssl=1","width":350,"height":200},"classes":[]},{"id":3647,"url":"https:\/\/ryfi.online\/fr\/politique-dexpedition\/","url_meta":{"origin":3628,"position":2},"title":"Politique d&#8217;exp\u00e9dition","date":"Ottobre 11, 2021","format":false,"excerpt":"O LIVRONS-NOUS ? Nous fournissons la LIVRAISON GRATUITE aux \u00c9tats-Unis et en Europe. QUEL EST LE MONTANT DES FRAIS D'EXP\u00c9DITION? Les frais d'exp\u00e9dition varient en fonction de la destination d'exp\u00e9dition et du nombre d'articles que vous achetez. Vous pouvez obtenir un calcul de vos frais d'exp\u00e9dition exacts en ajoutant des\u2026","rel":"","context":"Articolo simile","img":{"alt_text":"","src":"","width":0,"height":0},"classes":[]},{"id":1517,"url":"https:\/\/ryfi.online\/es\/reembolso-y-devolucion\/","url_meta":{"origin":3628,"position":3},"title":"Reembolso y devoluci\u00f3n","date":"Giugno 12, 2021","format":false,"excerpt":"Los clientes pueden solicitar un reembolso o devoluci\u00f3n dentro de los 30 d\u00edas posteriores a la recepci\u00f3n de los productos. Los reembolsos se realizar\u00e1n mediante el mismo m\u00e9todo que utiliz\u00f3 para pagar. Los art\u00edculos en oferta y promocionales est\u00e1n excluidos y siguen sujetos a nuestra pol\u00edtica regular de reembolso \/\u2026","rel":"","context":"Articolo simile","img":{"alt_text":"","src":"","width":0,"height":0},"classes":[]},{"id":10435,"url":"https:\/\/ryfi.online\/ro\/politica-de-livrare\/","url_meta":{"origin":3628,"position":4},"title":"Politic\u0103 de livrare","date":"Maggio 9, 2022","format":false,"excerpt":"UNDE LIVR\u0102M?Oferim LIVRARE GRATUIT\u0102 \u00een SUA \u0219i Europa.C\u00c2T COSTA TRANSPORTUL?Costurile de transport variaz\u0103 \u00een func\u021bie de destina\u021bia de expediere \u0219i de num\u0103rul de articole pe care le achizi\u021biona\u021bi. Pute\u021bi ob\u021bine un calcul al taxelor de expediere exacte ad\u0103ug\u00e2nd articole \u00een co\u0219, proced\u00e2nd la finalizarea comenzii \u0219i introduc\u00e2nd adresa dvs. po\u0219tal\u0103.\u2026","rel":"","context":"Articolo simile","img":{"alt_text":"","src":"","width":0,"height":0},"classes":[]},{"id":3295,"url":"https:\/\/ryfi.online\/it\/riguardo-a-noi\/","url_meta":{"origin":3628,"position":5},"title":"Riguardo a noi","date":"Ottobre 11, 2021","format":false,"excerpt":"Massa sed elementum tempus egestas sed sed risus. Risus at ultrices mi tempus imperdiet nulla malesuada pellentesque elit.","rel":"","context":"Articolo simile","img":{"alt_text":"","src":"https:\/\/i1.wp.com\/ryfi.online\/wp-content\/uploads\/2020\/03\/zachary-kyra-derksen-RfgWAyCBNWk-unsplash.jpg?fit=660%2C400&ssl=1&resize=350%2C200","width":350,"height":200},"classes":[]}],"_links":{"self":[{"href":"https:\/\/ryfi.online\/it\/wp-json\/wp\/v2\/pages\/3628","targetHints":{"allow":["GET"]}}],"collection":[{"href":"https:\/\/ryfi.online\/it\/wp-json\/wp\/v2\/pages"}],"about":[{"href":"https:\/\/ryfi.online\/it\/wp-json\/wp\/v2\/types\/page"}],"author":[{"embeddable":true,"href":"https:\/\/ryfi.online\/it\/wp-json\/wp\/v2\/users\/1"}],"replies":[{"embeddable":true,"href":"https:\/\/ryfi.online\/it\/wp-json\/wp\/v2\/comments?post=3628"}],"version-history":[{"count":3,"href":"https:\/\/ryfi.online\/it\/wp-json\/wp\/v2\/pages\/3628\/revisions"}],"predecessor-version":[{"id":3659,"href":"https:\/\/ryfi.online\/it\/wp-json\/wp\/v2\/pages\/3628\/revisions\/3659"}],"wp:attachment":[{"href":"https:\/\/ryfi.online\/it\/wp-json\/wp\/v2\/media?parent=3628"}],"curies":[{"name":"wp","href":"https:\/\/api.w.org\/{rel}","templated":true}]}}