{"id":3341,"date":"2021-10-11T13:57:20","date_gmt":"2021-10-11T13:57:20","guid":{"rendered":"https:\/\/ryfi.online\/spedizione-gratuita-e-veloce-in-1-3-giorni\/"},"modified":"2021-10-11T13:59:20","modified_gmt":"2021-10-11T13:59:20","slug":"spedizione-gratuita-e-veloce-in-1-3-giorni","status":"publish","type":"page","link":"https:\/\/ryfi.online\/it\/spedizione-gratuita-e-veloce-in-1-3-giorni\/","title":{"rendered":"Spedizione gratuita e veloce in 1-3 giorni!!!"},"content":{"rendered":"","protected":false},"excerpt":{"rendered":"","protected":false},"author":1,"featured_media":0,"parent":0,"menu_order":0,"comment_status":"closed","ping_status":"closed","template":"","meta":{"footnotes":""},"class_list":["post-3341","page","type-page","status-publish","hentry"],"blocksy_meta":{"page_title_panel":"","has_hero_section":"default","97143a3fc202f38c42fd7d18d0467eb1":"","hero_section":"type-2","hero_alignment1":"left","hero_alignment2":"center","hero_height":{"0":"500px","1":"500px","2":"500px","3":"500px","4":"500px","desktop":"600px","tablet":"500px","mobile":"400px","__changed":["tablet","tablet","mobile","mobile"]},"page_title_bg_type":"featured_image","custom_hero_background":{"attachment_id":121,"url":"https:\/\/demo.creativethemes.com\/blocksy\/modern-shop\/wp-content\/uploads\/2020\/03\/balazs-busznyak-3mtcyvbAqzM-unsplash-1024x422.jpg"},"parallax":{"desktop":true,"tablet":false,"mobile":false},"c49a36677592fa12b9cd22137642c83a":"","single_meta_elements":{"author":false,"date":false,"categories":false,"comments":false,"updated":false,"tags":false},"has_meta_label":"yes","has_meta_avatar":"yes","date_format_source":"custom","single_meta_date_format":"M j, Y","87e5a2eadf1ff6d7cfad47197a9e6b45":"","page_excerpt_visibility":{"desktop":true,"tablet":true,"mobile":true},"pageTitleFont":{"family":"Default","variation":"n9","size":{"desktop":"55px","tablet":"40px","mobile":"30px","__changed":["tablet","tablet","mobile","mobile","mobile"]},"line-height":"1.3","letter-spacing":"CT_CSS_SKIP_RULE","text-transform":"CT_CSS_SKIP_RULE","text-decoration":"CT_CSS_SKIP_RULE"},"pageTitleFontColor":{"default":{"color":"CT_CSS_SKIP_RULEDEFAULT"}},"pageMetaFont":{"family":"Default","variation":"n6","size":{"desktop":"12px","tablet":"12px","mobile":"12px"},"line-height":"1.3","letter-spacing":"CT_CSS_SKIP_RULE","text-transform":"uppercase","text-decoration":"CT_CSS_SKIP_RULE"},"pageMetaFontColor":{"default":{"color":"CT_CSS_SKIP_RULEDEFAULT"},"hover":{"color":"CT_CSS_SKIP_RULEDEFAULT"}},"pageExcerptFont":{"family":"Default","variation":"n5","size":"CT_CSS_SKIP_RULE","line-height":"CT_CSS_SKIP_RULE","letter-spacing":"CT_CSS_SKIP_RULE","text-transform":"CT_CSS_SKIP_RULE","text-decoration":"CT_CSS_SKIP_RULE"},"pageExcerptColor":{"default":{"color":"CT_CSS_SKIP_RULEDEFAULT"}},"pageTitleOverlay":{"default":{"color":"CT_CSS_SKIP_RULE"}},"pageTitleBackground":{"background_type":"color","background_pattern":"type-1","background_image":{"attachment_id":null,"x":0,"y":0},"background_repeat":"no-repeat","background_size":"auto","background_attachment":"scroll","patternColor":{"default":{"color":"#e5e7ea"}},"backgroundColor":{"default":{"color":"#edeff2"}},"default":{"color":"#EDEFF2"}},"5a2e4116f5bff48877afb166ed6ed617":"","page_structure_type":"default","page_enable_vertical_spacing":"yes","366a5846d7f5cecdd0e17e28e0c292d5":"","disable_featured_image":"no","c926cac1800c30e20a37d6ed952d3594":"","83d1a829a263fae4a7b2de9b006f6a26":"","e5302dfb3916b134e11472deaf680dfc":"","65c63cd66ab0a2d76303dd7483d2271e":"","66bd62df883b2314b143ec51ac2a8d7d":"","3822049ae1329c464a039c3d276c0701":"","25745abedab0ffbaaef1fb1c765fc682":"","d33090ea1a342f8154236b1c88772caf":"","a00e2072a73b9c21f1aba66ee866af86":"","2fe6bd0985332283b86401dee8b42d81":"","671327f0d2c1781e4e6b60e506f4fa35":"","14218d43c250349c1f3bd573829c276d":"","2b259e3b6b3c9b389f291f8fc23eee3d":"","22b69caf5c1371230d915de17fede4d3":"","b5010fece3cb6945a073a6a30a7b3ebd":"","a25ecadcd4f475e9d00c26d48c80272a":"","hero_elements":[{"id":"custom_title","enabled":true,"heading_tag":"h1","title":"Home"},{"id":"custom_description","enabled":true,"description_visibility":{"desktop":true,"tablet":true,"mobile":false}},{"id":"custom_meta","enabled":false,"meta_elements":[{"id":"author","enabled":true,"label":"By","has_author_avatar":"yes","avatar_size":25},{"id":"post_date","enabled":true,"label":"On","date_format_source":"default","date_format":"M j, Y"},{"id":"comments","enabled":true}],"page_meta_elements":{"joined":true,"articles_count":true,"comments":true}},{"id":"breadcrumbs","enabled":false}],"01a2712cb54515d9204658b5c98c9ce4":"","hero_vertical_alignment":"center","hero_structure":"narrow","breadcrumbsFont":{"family":"Default","variation":"n6","size":"12px","line-height":"CT_CSS_SKIP_RULE","letter-spacing":"CT_CSS_SKIP_RULE","text-transform":"uppercase","text-decoration":"CT_CSS_SKIP_RULE"},"breadcrumbsFontColor":{"default":{"color":"CT_CSS_SKIP_RULEDEFAULT"},"initial":{"color":"CT_CSS_SKIP_RULEDEFAULT"},"hover":{"color":"CT_CSS_SKIP_RULEDEFAULT"}},"3a0314e26892cf250630f7ca0ec17dfc":"","content_style":"inherit","vertical_spacing_source":"inherit","content_area_spacing":"both","background":{"background_type":"color","background_pattern":"type-1","background_image":{"attachment_id":null,"x":0,"y":0},"background_repeat":"no-repeat","background_size":"auto","background_attachment":"scroll","patternColor":{"default":{"color":"#e5e7ea"}},"backgroundColor":{"default":{"color":"CT_CSS_SKIP_RULE"}}},"content_background":{"background_type":"color","background_pattern":"type-1","background_image":{"attachment_id":null,"x":0,"y":0},"background_repeat":"no-repeat","background_size":"auto","background_attachment":"scroll","patternColor":{"default":{"color":"#e5e7ea"}},"backgroundColor":{"default":{"color":"#ffffff"}}},"content_boxed_spacing":{"desktop":"40px","tablet":"35px","mobile":"20px"},"content_boxed_radius":{"top":"3px","bottom":"3px","left":"3px","right":"3px","linked":true},"content_boxed_shadow":{"blur":18,"spread":-6,"v_offset":12,"h_offset":0,"inset":false,"enable":true,"color":{"color":"rgba(34, 56, 101, 0.04)"}},"0dd8c81e4ea79dd7321af7ec73da3c20":"","9a6d0d3c0ba77bb03b9f69c8fe6cc917":"","87ef3e89c42494cd60d670e2a9ae4dbb":"","6af2d0a1d58498f9018a8cdfd01902a6":"","a03da30317cf0c5c7f4b8be36b2a09e8":"","styles_descriptor":{"styles":{"desktop":"","tablet":"","mobile":""},"google_fonts":[],"version":6}},"yoast_head":"<!-- This site is optimized with the Yoast SEO Premium plugin v17.1.2 (Yoast SEO v27.4) - https:\/\/yoast.com\/product\/yoast-seo-premium-wordpress\/ -->\n<title>Spedizione gratuita e veloce in 1-3 giorni!!! - Ryfi Online Store<\/title>\n<meta name=\"description\" content=\"Goditi una vasta esperienza di shopping su ryfi.online negli Stati Uniti! I soci Miles &amp; More possono accumulare miglia con i loro acquisti.\" \/>\n<meta name=\"robots\" content=\"index, follow, max-snippet:-1, max-image-preview:large, max-video-preview:-1\" \/>\n<link rel=\"canonical\" href=\"https:\/\/ryfi.online\/it\/spedizione-gratuita-e-veloce-in-1-3-giorni\/\" \/>\n<meta property=\"og:locale\" content=\"it_IT\" \/>\n<meta property=\"og:type\" content=\"article\" \/>\n<meta property=\"og:title\" content=\"Spedizione gratuita e veloce in 1-3 giorni!!!\" \/>\n<meta property=\"og:description\" content=\"Goditi una vasta esperienza di shopping su ryfi.online negli Stati Uniti! I soci Miles &amp; More possono accumulare miglia con i loro acquisti.\" \/>\n<meta property=\"og:url\" content=\"https:\/\/ryfi.online\/it\/spedizione-gratuita-e-veloce-in-1-3-giorni\/\" \/>\n<meta property=\"og:site_name\" content=\"Ryfi Online Store\" \/>\n<meta property=\"article:publisher\" content=\"https:\/\/www.facebook.com\/ryfi.online\/\" \/>\n<meta property=\"article:modified_time\" content=\"2021-10-11T13:59:20+00:00\" \/>\n<meta property=\"og:image\" content=\"https:\/\/ryfi.online\/wp-content\/uploads\/2021\/03\/H89f48063f95940e583df854ff6ec5f689-Copy-Copy.jpg\" \/>\n\t<meta property=\"og:image:width\" content=\"500\" \/>\n\t<meta property=\"og:image:height\" content=\"500\" \/>\n\t<meta property=\"og:image:type\" content=\"image\/jpeg\" \/>\n<meta name=\"twitter:card\" content=\"summary_large_image\" \/>\n<!-- \/ Yoast SEO Premium plugin. -->","yoast_head_json":{"title":"Spedizione gratuita e veloce in 1-3 giorni!!! - Ryfi Online Store","description":"Goditi una vasta esperienza di shopping su ryfi.online negli Stati Uniti! I soci Miles & More possono accumulare miglia con i loro acquisti.","robots":{"index":"index","follow":"follow","max-snippet":"max-snippet:-1","max-image-preview":"max-image-preview:large","max-video-preview":"max-video-preview:-1"},"canonical":"https:\/\/ryfi.online\/it\/spedizione-gratuita-e-veloce-in-1-3-giorni\/","og_locale":"it_IT","og_type":"article","og_title":"Spedizione gratuita e veloce in 1-3 giorni!!!","og_description":"Goditi una vasta esperienza di shopping su ryfi.online negli Stati Uniti! I soci Miles & More possono accumulare miglia con i loro acquisti.","og_url":"https:\/\/ryfi.online\/it\/spedizione-gratuita-e-veloce-in-1-3-giorni\/","og_site_name":"Ryfi Online Store","article_publisher":"https:\/\/www.facebook.com\/ryfi.online\/","article_modified_time":"2021-10-11T13:59:20+00:00","og_image":[{"width":500,"height":500,"url":"https:\/\/ryfi.online\/wp-content\/uploads\/2021\/03\/H89f48063f95940e583df854ff6ec5f689-Copy-Copy.jpg","type":"image\/jpeg"}],"twitter_card":"summary_large_image","schema":{"@context":"https:\/\/schema.org","@graph":[{"@type":"WebPage","@id":"https:\/\/ryfi.online\/it\/spedizione-gratuita-e-veloce-in-1-3-giorni\/","url":"https:\/\/ryfi.online\/it\/spedizione-gratuita-e-veloce-in-1-3-giorni\/","name":"Spedizione gratuita e veloce in 1-3 giorni!!! - Ryfi Online Store","isPartOf":{"@id":"https:\/\/ryfi.online\/it\/#website"},"datePublished":"2021-10-11T13:57:20+00:00","dateModified":"2021-10-11T13:59:20+00:00","description":"Goditi una vasta esperienza di shopping su ryfi.online negli Stati Uniti! I soci Miles & More possono accumulare miglia con i loro acquisti.","breadcrumb":{"@id":"https:\/\/ryfi.online\/it\/spedizione-gratuita-e-veloce-in-1-3-giorni\/#breadcrumb"},"inLanguage":"it-IT","potentialAction":[{"@type":"ReadAction","target":["https:\/\/ryfi.online\/it\/spedizione-gratuita-e-veloce-in-1-3-giorni\/"]}]},{"@type":"BreadcrumbList","@id":"https:\/\/ryfi.online\/it\/spedizione-gratuita-e-veloce-in-1-3-giorni\/#breadcrumb","itemListElement":[{"@type":"ListItem","position":1,"name":"Home","item":"https:\/\/ryfi.online\/it\/"},{"@type":"ListItem","position":2,"name":"Spedizione gratuita e veloce in 1-3 giorni!!!"}]},{"@type":"WebSite","@id":"https:\/\/ryfi.online\/it\/#website","url":"https:\/\/ryfi.online\/it\/","name":"Ryfi Online Store","description":"Online Store","publisher":{"@id":"https:\/\/ryfi.online\/it\/#organization"},"potentialAction":[{"@type":"SearchAction","target":{"@type":"EntryPoint","urlTemplate":"https:\/\/ryfi.online\/it\/?s={search_term_string}"},"query-input":{"@type":"PropertyValueSpecification","valueRequired":true,"valueName":"search_term_string"}}],"inLanguage":"it-IT"},{"@type":"Organization","@id":"https:\/\/ryfi.online\/it\/#organization","name":"Ryan Future Investments LLC","url":"https:\/\/ryfi.online\/it\/","logo":{"@type":"ImageObject","inLanguage":"it-IT","@id":"https:\/\/ryfi.online\/it\/#\/schema\/logo\/image\/","url":"https:\/\/ryfi.online\/wp-content\/uploads\/2021\/03\/2-03.png","contentUrl":"https:\/\/ryfi.online\/wp-content\/uploads\/2021\/03\/2-03.png","width":1010,"height":310,"caption":"Ryan Future Investments LLC"},"image":{"@id":"https:\/\/ryfi.online\/it\/#\/schema\/logo\/image\/"},"sameAs":["https:\/\/www.facebook.com\/ryfi.online\/"]}]}},"jetpack-related-posts":[{"id":3295,"url":"https:\/\/ryfi.online\/it\/riguardo-a-noi\/","url_meta":{"origin":3341,"position":0},"title":"Riguardo a noi","date":"Ottobre 11, 2021","format":false,"excerpt":"Massa sed elementum tempus egestas sed sed risus. Risus at ultrices mi tempus imperdiet nulla malesuada pellentesque elit.","rel":"","context":"Articolo simile","img":{"alt_text":"","src":"https:\/\/i1.wp.com\/ryfi.online\/wp-content\/uploads\/2020\/03\/zachary-kyra-derksen-RfgWAyCBNWk-unsplash.jpg?fit=660%2C400&ssl=1&resize=350%2C200","width":350,"height":200},"classes":[]},{"id":3643,"url":"https:\/\/ryfi.online\/it\/politica-di-spedizione\/","url_meta":{"origin":3341,"position":1},"title":"Politica di spedizione","date":"Ottobre 11, 2021","format":false,"excerpt":"DOVE CONSEGNIAMO? Forniamo SPEDIZIONE GRATUITA negli Stati Uniti e in Europa. QUANTO COSTA LA SPEDIZIONE? I costi di spedizione variano a seconda della destinazione di spedizione e del numero di articoli acquistati. Puoi ottenere un calcolo delle spese di spedizione esatte aggiungendo articoli al carrello, procedendo al pagamento e inserendo\u2026","rel":"","context":"Articolo simile","img":{"alt_text":"","src":"","width":0,"height":0},"classes":[]},{"id":3628,"url":"https:\/\/ryfi.online\/it\/rimborso-e-restituzione\/","url_meta":{"origin":3341,"position":2},"title":"Rimborso e restituzione","date":"Ottobre 11, 2021","format":false,"excerpt":"I clienti possono richiedere un rimborso o un reso entro 30 giorni dalla ricezione dei prodotti. I rimborsi verranno effettuati con lo stesso metodo utilizzato per il pagamento. Gli articoli in vendita e promozionali sono esclusi e rimangono soggetti alla nostra normale politica di rimborso\/restituzione. CANCELLAZIONE Accettiamo cancellazioni di ordini\u2026","rel":"","context":"Articolo simile","img":{"alt_text":"","src":"","width":0,"height":0},"classes":[]},{"id":10432,"url":"https:\/\/ryfi.online\/ro\/livrare-rapida-si-gratuita-in-1-3-zile\/","url_meta":{"origin":3341,"position":3},"title":"Livrare rapida si gratuita in 1-3 zile!!!","date":"Maggio 9, 2022","format":false,"excerpt":"","rel":"","context":"Articolo simile","img":{"alt_text":"","src":"","width":0,"height":0},"classes":[]},{"id":10435,"url":"https:\/\/ryfi.online\/ro\/politica-de-livrare\/","url_meta":{"origin":3341,"position":4},"title":"Politic\u0103 de livrare","date":"Maggio 9, 2022","format":false,"excerpt":"UNDE LIVR\u0102M?Oferim LIVRARE GRATUIT\u0102 \u00een SUA \u0219i Europa.C\u00c2T COSTA TRANSPORTUL?Costurile de transport variaz\u0103 \u00een func\u021bie de destina\u021bia de expediere \u0219i de num\u0103rul de articole pe care le achizi\u021biona\u021bi. Pute\u021bi ob\u021bine un calcul al taxelor de expediere exacte ad\u0103ug\u00e2nd articole \u00een co\u0219, proced\u00e2nd la finalizarea comenzii \u0219i introduc\u00e2nd adresa dvs. po\u0219tal\u0103.\u2026","rel":"","context":"Articolo simile","img":{"alt_text":"","src":"","width":0,"height":0},"classes":[]},{"id":10387,"url":"https:\/\/ryfi.online\/ro\/despre-noi\/","url_meta":{"origin":3341,"position":5},"title":"Despre noi","date":"Maggio 9, 2022","format":false,"excerpt":"Massa sed elementum tempus egestas sed sed risus. Risus at ultrices mi tempus imperdiet nulla malesuada pellentesque elit.","rel":"","context":"Articolo simile","img":{"alt_text":"","src":"https:\/\/i0.wp.com\/ryfi.online\/wp-content\/uploads\/2020\/03\/zachary-kyra-derksen-RfgWAyCBNWk-unsplash.jpg?fit=660%2C400&ssl=1&resize=350%2C200","width":350,"height":200},"classes":[]}],"_links":{"self":[{"href":"https:\/\/ryfi.online\/it\/wp-json\/wp\/v2\/pages\/3341","targetHints":{"allow":["GET"]}}],"collection":[{"href":"https:\/\/ryfi.online\/it\/wp-json\/wp\/v2\/pages"}],"about":[{"href":"https:\/\/ryfi.online\/it\/wp-json\/wp\/v2\/types\/page"}],"author":[{"embeddable":true,"href":"https:\/\/ryfi.online\/it\/wp-json\/wp\/v2\/users\/1"}],"replies":[{"embeddable":true,"href":"https:\/\/ryfi.online\/it\/wp-json\/wp\/v2\/comments?post=3341"}],"version-history":[{"count":1,"href":"https:\/\/ryfi.online\/it\/wp-json\/wp\/v2\/pages\/3341\/revisions"}],"predecessor-version":[{"id":3385,"href":"https:\/\/ryfi.online\/it\/wp-json\/wp\/v2\/pages\/3341\/revisions\/3385"}],"wp:attachment":[{"href":"https:\/\/ryfi.online\/it\/wp-json\/wp\/v2\/media?parent=3341"}],"curies":[{"name":"wp","href":"https:\/\/api.w.org\/{rel}","templated":true}]}}