{"id":9706,"date":"2021-06-30T21:37:17","date_gmt":"2022-05-03T18:21:44","guid":{"rendered":"https:\/\/ryfi.online\/product\/mochila-reversible-mickey-2-en-1-th9136\/"},"modified":"2022-05-17T13:40:10","modified_gmt":"2022-05-17T13:40:10","slug":"sac-a-dos-mickey-reversible-2-en-1","status":"publish","type":"product","link":"https:\/\/ryfi.online\/fr\/produit\/sac-a-dos-mickey-reversible-2-en-1\/","title":{"rendered":"Sac \u00e0 dos r\u00e9versible 2 en 1 Mickey TH9136"},"content":{"rendered":"<ul class=\"a-unordered-list a-vertical a-spacing-mini\">\n<li>Sac \u00e0 dos Mickey pour enfants<\/li>\n<li><span class=\"a-list-item\">Dimensions : 35x28x14 cm<\/span><\/li>\n<li><span class=\"a-list-item\">\u00c2ge : 7-15 ans<\/span><\/li>\n<\/ul>\n","protected":false},"excerpt":{"rendered":"<p>Exp\u00e9dition rapide et s\u00fbre en 1-3 jours ouvrables<\/p>\n","protected":false},"featured_media":5200,"comment_status":"open","ping_status":"closed","template":"","meta":[],"product_brand":[],"product_cat":[233],"product_tag":[],"class_list":{"0":"post-9706","1":"product","2":"type-product","3":"status-publish","4":"has-post-thumbnail","6":"product_cat-sac-a-dos","8":"first","9":"instock","10":"featured","11":"taxable","12":"shipping-taxable","13":"purchasable","14":"product-type-simple"},"yoast_head":"<!-- This site is optimized with the Yoast SEO Premium plugin v17.1.2 (Yoast SEO v27.4) - https:\/\/yoast.com\/product\/yoast-seo-premium-wordpress\/ -->\n<title>Acheter Sac \u00e0 dos r\u00e9versible Mickey pour enfants | Sac \u00e0 dos r\u00e9versible Mickey<\/title>\n<meta name=\"description\" content=\"Achetez l&#039;authentique sac \u00e0 dos Mickey r\u00e9versible pour gar\u00e7on. Notre sac \u00e0 dos a un bon espace pour tout ranger et est l\u00e9ger \u00e0 transporter. Visitez notre site Internet!!\" \/>\n<meta name=\"robots\" content=\"index, follow, max-snippet:-1, max-image-preview:large, max-video-preview:-1\" \/>\n<link rel=\"canonical\" href=\"https:\/\/ryfi.online\/fr\/produit\/sac-a-dos-mickey-reversible-2-en-1\/\" \/>\n<meta property=\"og:locale\" content=\"fr_FR\" \/>\n<meta property=\"og:type\" content=\"article\" \/>\n<meta property=\"og:title\" content=\"Sac \u00e0 dos r\u00e9versible 2 en 1 Mickey TH9136\" \/>\n<meta property=\"og:description\" content=\"Achetez l&#039;authentique sac \u00e0 dos Mickey r\u00e9versible pour gar\u00e7on. Notre sac \u00e0 dos a un bon espace pour tout ranger et est l\u00e9ger \u00e0 transporter. Visitez notre site Internet!!\" \/>\n<meta property=\"og:url\" content=\"https:\/\/ryfi.online\/fr\/produit\/sac-a-dos-mickey-reversible-2-en-1\/\" \/>\n<meta property=\"og:site_name\" content=\"Ryfi Online Store\" \/>\n<meta property=\"article:publisher\" content=\"https:\/\/www.facebook.com\/ryfi.online\/\" \/>\n<meta property=\"article:modified_time\" content=\"2022-05-17T13:40:10+00:00\" \/>\n<meta property=\"og:image\" content=\"https:\/\/ryfi.online\/wp-content\/uploads\/2021\/06\/th9136.e00.jpg\" \/>\n\t<meta property=\"og:image:width\" content=\"800\" \/>\n\t<meta property=\"og:image:height\" content=\"566\" \/>\n\t<meta property=\"og:image:type\" content=\"image\/jpeg\" \/>\n<meta name=\"twitter:card\" content=\"summary_large_image\" \/>\n<meta name=\"twitter:label1\" content=\"Prix\" \/>\n\t<meta name=\"twitter:data1\" content=\"&#036;14.99\" \/>\n\t<meta name=\"twitter:label2\" content=\"Availability\" \/>\n\t<meta name=\"twitter:data2\" content=\"In stock\" \/>\n<meta property=\"product:brand\" content=\"Sac \u00e0 dos\" \/>\n<meta property=\"product:price:amount\" content=\"14.99\" \/>\n<meta property=\"product:price:currency\" content=\"USD\" \/>\n<meta property=\"og:availability\" content=\"instock\" \/>\n<meta property=\"product:availability\" content=\"instock\" \/>\n<meta property=\"product:condition\" content=\"new\" \/>\n<!-- \/ Yoast SEO Premium plugin. -->","yoast_head_json":{"title":"Acheter Sac \u00e0 dos r\u00e9versible Mickey pour enfants | Sac \u00e0 dos r\u00e9versible Mickey","description":"Achetez l'authentique sac \u00e0 dos Mickey r\u00e9versible pour gar\u00e7on. Notre sac \u00e0 dos a un bon espace pour tout ranger et est l\u00e9ger \u00e0 transporter. Visitez notre site Internet!!","robots":{"index":"index","follow":"follow","max-snippet":"max-snippet:-1","max-image-preview":"max-image-preview:large","max-video-preview":"max-video-preview:-1"},"canonical":"https:\/\/ryfi.online\/fr\/produit\/sac-a-dos-mickey-reversible-2-en-1\/","og_locale":"fr_FR","og_type":"article","og_title":"Sac \u00e0 dos r\u00e9versible 2 en 1 Mickey TH9136","og_description":"Achetez l'authentique sac \u00e0 dos Mickey r\u00e9versible pour gar\u00e7on. Notre sac \u00e0 dos a un bon espace pour tout ranger et est l\u00e9ger \u00e0 transporter. Visitez notre site Internet!!","og_url":"https:\/\/ryfi.online\/fr\/produit\/sac-a-dos-mickey-reversible-2-en-1\/","og_site_name":"Ryfi Online Store","article_publisher":"https:\/\/www.facebook.com\/ryfi.online\/","article_modified_time":"2022-05-17T13:40:10+00:00","og_image":[{"width":800,"height":566,"url":"https:\/\/ryfi.online\/wp-content\/uploads\/2021\/06\/th9136.e00.jpg","type":"image\/jpeg"}],"twitter_card":"summary_large_image","twitter_misc":{"Prix":"&#36;14.99","Availability":"In stock"},"schema":{"@context":"https:\/\/schema.org","@graph":[{"@type":"WebPage","@id":"https:\/\/ryfi.online\/fr\/produit\/sac-a-dos-mickey-reversible-2-en-1\/","url":"https:\/\/ryfi.online\/fr\/produit\/sac-a-dos-mickey-reversible-2-en-1\/","name":"Acheter Sac \u00e0 dos r\u00e9versible Mickey pour enfants | Sac \u00e0 dos r\u00e9versible Mickey","isPartOf":{"@id":"https:\/\/ryfi.online\/fr\/#website"},"primaryImageOfPage":{"@id":"https:\/\/ryfi.online\/fr\/produit\/sac-a-dos-mickey-reversible-2-en-1\/#primaryimage"},"image":{"@id":"https:\/\/ryfi.online\/fr\/produit\/sac-a-dos-mickey-reversible-2-en-1\/#primaryimage"},"thumbnailUrl":"https:\/\/ryfi.online\/wp-content\/uploads\/2021\/06\/th9136.e00.jpg","datePublished":"2022-05-03T18:21:44+00:00","dateModified":"2022-05-17T13:40:10+00:00","description":"Achetez l'authentique sac \u00e0 dos Mickey r\u00e9versible pour gar\u00e7on. Notre sac \u00e0 dos a un bon espace pour tout ranger et est l\u00e9ger \u00e0 transporter. Visitez notre site Internet!!","breadcrumb":{"@id":"https:\/\/ryfi.online\/fr\/produit\/sac-a-dos-mickey-reversible-2-en-1\/#breadcrumb"},"inLanguage":"fr-FR","potentialAction":[{"@type":"ReadAction","target":["https:\/\/ryfi.online\/fr\/produit\/sac-a-dos-mickey-reversible-2-en-1\/"]}]},{"@type":"ImageObject","inLanguage":"fr-FR","@id":"https:\/\/ryfi.online\/fr\/produit\/sac-a-dos-mickey-reversible-2-en-1\/#primaryimage","url":"https:\/\/ryfi.online\/wp-content\/uploads\/2021\/06\/th9136.e00.jpg","contentUrl":"https:\/\/ryfi.online\/wp-content\/uploads\/2021\/06\/th9136.e00.jpg","width":800,"height":566,"caption":"Mochilla reversible Minnie"},{"@type":"BreadcrumbList","@id":"https:\/\/ryfi.online\/fr\/produit\/sac-a-dos-mickey-reversible-2-en-1\/#breadcrumb","itemListElement":[{"@type":"ListItem","position":1,"name":"Home","item":"https:\/\/ryfi.online\/fr\/"},{"@type":"ListItem","position":2,"name":"Free and Fast Shipping whitin 1-3 Days!!!","item":"https:\/\/ryfi.online\/shop\/"},{"@type":"ListItem","position":3,"name":"Sac \u00e0 dos r\u00e9versible 2 en 1 Mickey TH9136"}]},{"@type":"WebSite","@id":"https:\/\/ryfi.online\/fr\/#website","url":"https:\/\/ryfi.online\/fr\/","name":"Ryfi Online Store","description":"Online Store","publisher":{"@id":"https:\/\/ryfi.online\/fr\/#organization"},"potentialAction":[{"@type":"SearchAction","target":{"@type":"EntryPoint","urlTemplate":"https:\/\/ryfi.online\/fr\/?s={search_term_string}"},"query-input":{"@type":"PropertyValueSpecification","valueRequired":true,"valueName":"search_term_string"}}],"inLanguage":"fr-FR"},{"@type":"Organization","@id":"https:\/\/ryfi.online\/fr\/#organization","name":"Ryan Future Investments LLC","url":"https:\/\/ryfi.online\/fr\/","logo":{"@type":"ImageObject","inLanguage":"fr-FR","@id":"https:\/\/ryfi.online\/fr\/#\/schema\/logo\/image\/","url":"https:\/\/ryfi.online\/wp-content\/uploads\/2021\/03\/2-03.png","contentUrl":"https:\/\/ryfi.online\/wp-content\/uploads\/2021\/03\/2-03.png","width":1010,"height":310,"caption":"Ryan Future Investments LLC"},"image":{"@id":"https:\/\/ryfi.online\/fr\/#\/schema\/logo\/image\/"},"sameAs":["https:\/\/www.facebook.com\/ryfi.online\/"]}]},"product_brand":"Sac \u00e0 dos","product_price_amount":"14.99","product_price_currency":"USD","og_availability":"instock","product_availability":"instock","product_condition":"new"},"jetpack-related-posts":[{"id":2064,"url":"https:\/\/ryfi.online\/es\/producto\/mochila-reversible-mickey-2-en-1\/","url_meta":{"origin":9706,"position":0},"title":"Mochila Reversible Mickey 2 en 1 TH9136","date":"juin 30, 2021","format":false,"excerpt":"Env\u00edo rapido y seguro en 1-3 dias laborales","rel":"","context":"Article similaire","img":{"alt_text":"","src":"https:\/\/i0.wp.com\/ryfi.online\/wp-content\/uploads\/2021\/06\/th9136.e00.jpg?resize=350%2C200&ssl=1","width":350,"height":200},"classes":[]},{"id":2878,"url":"https:\/\/ryfi.online\/es\/producto\/pantalones-de-chandal-nino-con-estampado-de-mickey-mouse\/","url_meta":{"origin":9706,"position":1},"title":"Pantalones de ch\u00e1ndal ni\u00f1o con Estampado de Mickey Mouse UE1161","date":"octobre 8, 2021","format":false,"excerpt":"Env\u00edo rapido y seguro en 1-3 dias laborales","rel":"","context":"Article similaire","img":{"alt_text":" Chandals para ninos Mickey Mouse -1","src":"https:\/\/i0.wp.com\/ryfi.online\/wp-content\/uploads\/2021\/10\/ue1161.jpg?resize=350%2C200&ssl=1","width":350,"height":200},"classes":[]},{"id":5127,"url":"https:\/\/ryfi.online\/fr\/produit\/set-3-disney-mickey-100-coton-slips-pour-garcons-6-8-ans\/","url_meta":{"origin":9706,"position":2},"title":"Set 3 slips Disney Mickey 100% coton gar\u00e7on 6-8 ans UE3091","date":"juillet 5, 2021","format":false,"excerpt":"Livraison gratuite 1-3 jours Retour gratuit","rel":"","context":"Article similaire","img":{"alt_text":"Set 3 calzoncillos Mickey - 1","src":"https:\/\/i0.wp.com\/ryfi.online\/wp-content\/uploads\/2021\/07\/er3091.68y.e00.jpg?resize=350%2C200&ssl=1","width":350,"height":200},"classes":[]},{"id":3995,"url":"https:\/\/ryfi.online\/fr\/produit\/pantalon-de-jogging-garcon-avec-imprime-mickey-mouse\/","url_meta":{"origin":9706,"position":3},"title":"Pantalon de surv\u00eatement gar\u00e7on avec imprim\u00e9 Mickey Mouse UE1161","date":"octobre 8, 2021","format":false,"excerpt":"Exp\u00e9dition rapide et s\u00fbre en 1-3 jours ouvrables","rel":"","context":"Article similaire","img":{"alt_text":" Surv\u00eatements pour gar\u00e7ons Mickey Mouse -1","src":"https:\/\/i0.wp.com\/ryfi.online\/wp-content\/uploads\/2021\/10\/ue1161.jpg?resize=350%2C200&ssl=1","width":350,"height":200},"classes":[]},{"id":1456,"url":"https:\/\/ryfi.online\/es\/producto\/camiseta-dibujo-animado-de-mickey-de-disney-para-ninos\/","url_meta":{"origin":9706,"position":4},"title":"Camiseta dibujo animado de Mickey de Disney para ni\u00f1os UE1167","date":"juin 9, 2021","format":false,"excerpt":"Env\u00edo gratuito y r\u00e1pido en 1-3 d\u00edas.","rel":"","context":"Article similaire","img":{"alt_text":"Camiseta Mickey Ninos","src":"https:\/\/i0.wp.com\/ryfi.online\/wp-content\/uploads\/2021\/06\/UE1167_RD.jpg?resize=350%2C200&ssl=1","width":350,"height":200},"classes":[]},{"id":5099,"url":"https:\/\/ryfi.online\/fr\/produit\/t-shirt-dessin-anime-de-mickey-de-disney-pour-les-enfants\/","url_meta":{"origin":9706,"position":5},"title":"T-shirt dessin anim\u00e9 Disney Mickey pour gar\u00e7on UE1167","date":"juin 9, 2021","format":false,"excerpt":"Exp\u00e9dition rapide et s\u00fbre en 1-3 jours ouvrables","rel":"","context":"Article similaire","img":{"alt_text":"T-shirt Enfant Mickey","src":"https:\/\/i0.wp.com\/ryfi.online\/wp-content\/uploads\/2021\/06\/UE1167_RD.jpg?resize=350%2C200&ssl=1","width":350,"height":200},"classes":[]}],"_links":{"self":[{"href":"https:\/\/ryfi.online\/fr\/wp-json\/wp\/v2\/product\/9706","targetHints":{"allow":["GET"]}}],"collection":[{"href":"https:\/\/ryfi.online\/fr\/wp-json\/wp\/v2\/product"}],"about":[{"href":"https:\/\/ryfi.online\/fr\/wp-json\/wp\/v2\/types\/product"}],"replies":[{"embeddable":true,"href":"https:\/\/ryfi.online\/fr\/wp-json\/wp\/v2\/comments?post=9706"}],"wp:featuredmedia":[{"embeddable":true,"href":"https:\/\/ryfi.online\/fr\/wp-json\/wp\/v2\/media\/5200"}],"wp:attachment":[{"href":"https:\/\/ryfi.online\/fr\/wp-json\/wp\/v2\/media?parent=9706"}],"wp:term":[{"taxonomy":"product_brand","embeddable":true,"href":"https:\/\/ryfi.online\/fr\/wp-json\/wp\/v2\/product_brand?post=9706"},{"taxonomy":"product_cat","embeddable":true,"href":"https:\/\/ryfi.online\/fr\/wp-json\/wp\/v2\/product_cat?post=9706"},{"taxonomy":"product_tag","embeddable":true,"href":"https:\/\/ryfi.online\/fr\/wp-json\/wp\/v2\/product_tag?post=9706"}],"curies":[{"name":"wp","href":"https:\/\/api.w.org\/{rel}","templated":true}]}}