{"id":9579,"date":"2022-04-19T23:37:15","date_gmt":"2022-05-02T19:38:33","guid":{"rendered":"https:\/\/ryfi.online\/product\/ensemble-t-shirt-et-pantalon-spiderman-pour-enfants-ue1109\/"},"modified":"2023-02-03T15:49:42","modified_gmt":"2023-02-03T15:49:42","slug":"spiderman-t-shirt-et-pantalon-enfant","status":"publish","type":"product","link":"https:\/\/ryfi.online\/fr\/produit\/spiderman-t-shirt-et-pantalon-enfant\/","title":{"rendered":"Ensemble t-shirt et pantalon Spiderman pour enfants UE1109"},"content":{"rendered":"<p>Comme cadeau d&#8217;anniversaire, \u00e0 P\u00e2ques ou juste comme \u00e7a. Avec le bel ensemble de Spiderman, vous ne pouvez pas vous tromper&nbsp;! La finition est excellente et les couleurs tr\u00e8s fortes. L&#8217;ensemble Spiderman est id\u00e9al pour le porter aux meilleurs moments. Lavable en machine \u00e0 30\u00b0C, pour une longue dur\u00e9e de vie, mais le lavage \u00e0 la main est recommand\u00e9. Avec cet ensemble, les yeux des enfants commencent \u00e0 rayonner !<\/p>\n<p>&nbsp;<\/p>\n<p><span class=\"a-list-item\">\u2705 Ensemble t-shirt et pantalon Spiderman pour enfants<\/span><\/p>\n<p><span class=\"a-list-item\">\u2705 Couleurs : Rouge-Bleu<\/span><\/p>\n<p><span class=\"a-list-item\">\u2705 100% Coton,<\/span><\/p>\n<p id=\"title\" class=\"a-size-large a-spacing-none\"><span id=\"productTitle\" class=\"a-size-large product-title-word-break\"><span class=\"a-list-item\">\u2705<\/span> \u00c2ge : 3 ans, 4 ans, 6 ans, 8 ans<\/span><\/p>\n","protected":false},"excerpt":{"rendered":"<p>Exp\u00e9dition rapide et s\u00fbre en 1-3 jours ouvrables<\/p>\n","protected":false},"featured_media":7781,"comment_status":"open","ping_status":"closed","template":"","meta":[],"product_brand":[],"product_cat":[239,222,209],"product_tag":[],"class_list":{"0":"post-9579","1":"product","2":"type-product","3":"status-publish","4":"has-post-thumbnail","6":"product_cat-ensemble-pour-enfants","7":"product_cat-survetement","8":"product_cat-t-shirt-pour-garcons","10":"first","11":"instock","12":"featured","13":"taxable","14":"shipping-taxable","15":"purchasable","16":"product-type-variable"},"yoast_head":"<!-- This site is optimized with the Yoast SEO Premium plugin v17.1.2 (Yoast SEO v27.5) - https:\/\/yoast.com\/product\/yoast-seo-premium-wordpress\/ -->\n<title>Ensemble t-shirt et pantalon Spiderman pour enfants UE1109 - Ryfi Online Store<\/title>\n<meta name=\"description\" content=\"Trouvez les meilleurs t-shirts et pantalons Spiderman pour enfants dans notre boutique en ligne \u00e0 des prix tr\u00e8s bas. Nous exp\u00e9dions le maillot et le pantalon sous 1 \u00e0 3 jours ouvrables. Commandez maintenant!!\" \/>\n<meta name=\"robots\" content=\"index, follow, max-snippet:-1, max-image-preview:large, max-video-preview:-1\" \/>\n<link rel=\"canonical\" href=\"https:\/\/ryfi.online\/fr\/produit\/spiderman-t-shirt-et-pantalon-enfant\/\" \/>\n<meta property=\"og:locale\" content=\"fr_FR\" \/>\n<meta property=\"og:type\" content=\"article\" \/>\n<meta property=\"og:title\" content=\"Ensemble t-shirt et pantalon Spiderman pour enfants UE1109\" \/>\n<meta property=\"og:description\" content=\"Trouvez les meilleurs t-shirts et pantalons Spiderman pour enfants dans notre boutique en ligne \u00e0 des prix tr\u00e8s bas. Nous exp\u00e9dions le maillot et le pantalon sous 1 \u00e0 3 jours ouvrables. Commandez maintenant!!\" \/>\n<meta property=\"og:url\" content=\"https:\/\/ryfi.online\/fr\/produit\/spiderman-t-shirt-et-pantalon-enfant\/\" \/>\n<meta property=\"og:site_name\" content=\"Ryfi Online Store\" \/>\n<meta property=\"article:publisher\" content=\"https:\/\/www.facebook.com\/ryfi.online\/\" \/>\n<meta property=\"article:modified_time\" content=\"2023-02-03T15:49:42+00:00\" \/>\n<meta property=\"og:image\" content=\"https:\/\/ryfi.online\/wp-content\/uploads\/2022\/04\/img_142084_b9dd3931f3ae76581b7aae01014ee611_20.jpg\" \/>\n\t<meta property=\"og:image:width\" content=\"499\" \/>\n\t<meta property=\"og:image:height\" content=\"438\" \/>\n\t<meta property=\"og:image:type\" content=\"image\/jpeg\" \/>\n<meta name=\"twitter:card\" content=\"summary_large_image\" \/>\n<meta name=\"twitter:label1\" content=\"Availability\" \/>\n\t<meta name=\"twitter:data1\" content=\"In stock\" \/>\n<meta property=\"product:brand\" content=\"T-shirt pour gar\u00e7ons\" \/>\n<meta property=\"og:availability\" content=\"instock\" \/>\n<meta property=\"product:availability\" content=\"instock\" \/>\n<meta property=\"product:condition\" content=\"new\" \/>\n<!-- \/ Yoast SEO Premium plugin. -->","yoast_head_json":{"title":"Ensemble t-shirt et pantalon Spiderman pour enfants UE1109 - Ryfi Online Store","description":"Trouvez les meilleurs t-shirts et pantalons Spiderman pour enfants dans notre boutique en ligne \u00e0 des prix tr\u00e8s bas. Nous exp\u00e9dions le maillot et le pantalon sous 1 \u00e0 3 jours ouvrables. Commandez maintenant!!","robots":{"index":"index","follow":"follow","max-snippet":"max-snippet:-1","max-image-preview":"max-image-preview:large","max-video-preview":"max-video-preview:-1"},"canonical":"https:\/\/ryfi.online\/fr\/produit\/spiderman-t-shirt-et-pantalon-enfant\/","og_locale":"fr_FR","og_type":"article","og_title":"Ensemble t-shirt et pantalon Spiderman pour enfants UE1109","og_description":"Trouvez les meilleurs t-shirts et pantalons Spiderman pour enfants dans notre boutique en ligne \u00e0 des prix tr\u00e8s bas. Nous exp\u00e9dions le maillot et le pantalon sous 1 \u00e0 3 jours ouvrables. Commandez maintenant!!","og_url":"https:\/\/ryfi.online\/fr\/produit\/spiderman-t-shirt-et-pantalon-enfant\/","og_site_name":"Ryfi Online Store","article_publisher":"https:\/\/www.facebook.com\/ryfi.online\/","article_modified_time":"2023-02-03T15:49:42+00:00","og_image":[{"width":499,"height":438,"url":"https:\/\/ryfi.online\/wp-content\/uploads\/2022\/04\/img_142084_b9dd3931f3ae76581b7aae01014ee611_20.jpg","type":"image\/jpeg"}],"twitter_card":"summary_large_image","twitter_misc":{"Availability":"In stock"},"schema":{"@context":"https:\/\/schema.org","@graph":[{"@type":"WebPage","@id":"https:\/\/ryfi.online\/fr\/produit\/spiderman-t-shirt-et-pantalon-enfant\/","url":"https:\/\/ryfi.online\/fr\/produit\/spiderman-t-shirt-et-pantalon-enfant\/","name":"Ensemble t-shirt et pantalon Spiderman pour enfants UE1109 - Ryfi Online Store","isPartOf":{"@id":"https:\/\/ryfi.online\/fr\/#website"},"primaryImageOfPage":{"@id":"https:\/\/ryfi.online\/fr\/produit\/spiderman-t-shirt-et-pantalon-enfant\/#primaryimage"},"image":{"@id":"https:\/\/ryfi.online\/fr\/produit\/spiderman-t-shirt-et-pantalon-enfant\/#primaryimage"},"thumbnailUrl":"https:\/\/ryfi.online\/wp-content\/uploads\/2022\/04\/img_142084_b9dd3931f3ae76581b7aae01014ee611_20.jpg","datePublished":"2022-05-02T19:38:33+00:00","dateModified":"2023-02-03T15:49:42+00:00","description":"Trouvez les meilleurs t-shirts et pantalons Spiderman pour enfants dans notre boutique en ligne \u00e0 des prix tr\u00e8s bas. Nous exp\u00e9dions le maillot et le pantalon sous 1 \u00e0 3 jours ouvrables. Commandez maintenant!!","breadcrumb":{"@id":"https:\/\/ryfi.online\/fr\/produit\/spiderman-t-shirt-et-pantalon-enfant\/#breadcrumb"},"inLanguage":"fr-FR","potentialAction":[{"@type":"ReadAction","target":["https:\/\/ryfi.online\/fr\/produit\/spiderman-t-shirt-et-pantalon-enfant\/"]}]},{"@type":"ImageObject","inLanguage":"fr-FR","@id":"https:\/\/ryfi.online\/fr\/produit\/spiderman-t-shirt-et-pantalon-enfant\/#primaryimage","url":"https:\/\/ryfi.online\/wp-content\/uploads\/2022\/04\/img_142084_b9dd3931f3ae76581b7aae01014ee611_20.jpg","contentUrl":"https:\/\/ryfi.online\/wp-content\/uploads\/2022\/04\/img_142084_b9dd3931f3ae76581b7aae01014ee611_20.jpg","width":499,"height":438,"caption":"Ensemble Spiderman"},{"@type":"BreadcrumbList","@id":"https:\/\/ryfi.online\/fr\/produit\/spiderman-t-shirt-et-pantalon-enfant\/#breadcrumb","itemListElement":[{"@type":"ListItem","position":1,"name":"Home","item":"https:\/\/ryfi.online\/fr\/"},{"@type":"ListItem","position":2,"name":"Free and Fast Shipping whitin 1-3 Days!!!","item":"https:\/\/ryfi.online\/shop\/"},{"@type":"ListItem","position":3,"name":"Ensemble t-shirt et pantalon Spiderman pour enfants UE1109"}]},{"@type":"WebSite","@id":"https:\/\/ryfi.online\/fr\/#website","url":"https:\/\/ryfi.online\/fr\/","name":"Ryfi Online Store","description":"Online Store","publisher":{"@id":"https:\/\/ryfi.online\/fr\/#organization"},"potentialAction":[{"@type":"SearchAction","target":{"@type":"EntryPoint","urlTemplate":"https:\/\/ryfi.online\/fr\/?s={search_term_string}"},"query-input":{"@type":"PropertyValueSpecification","valueRequired":true,"valueName":"search_term_string"}}],"inLanguage":"fr-FR"},{"@type":"Organization","@id":"https:\/\/ryfi.online\/fr\/#organization","name":"Ryan Future Investments LLC","url":"https:\/\/ryfi.online\/fr\/","logo":{"@type":"ImageObject","inLanguage":"fr-FR","@id":"https:\/\/ryfi.online\/fr\/#\/schema\/logo\/image\/","url":"https:\/\/ryfi.online\/wp-content\/uploads\/2021\/03\/2-03.png","contentUrl":"https:\/\/ryfi.online\/wp-content\/uploads\/2021\/03\/2-03.png","width":1010,"height":310,"caption":"Ryan Future Investments LLC"},"image":{"@id":"https:\/\/ryfi.online\/fr\/#\/schema\/logo\/image\/"},"sameAs":["https:\/\/www.facebook.com\/ryfi.online\/"]}]},"product_brand":"T-shirt pour gar\u00e7ons","og_availability":"instock","product_availability":"instock","product_condition":"new"},"jetpack-related-posts":[{"id":9392,"url":"https:\/\/ryfi.online\/fr\/produit\/set-spiderman-ev1057\/","url_meta":{"origin":9579,"position":0},"title":"Ensemble Spiderman pour enfants EV1057","date":"avril 29, 2022","format":false,"excerpt":"Exp\u00e9dition rapide et s\u00fbre en 1-3 jours ouvrables","rel":"","context":"Article similaire","img":{"alt_text":"","src":"https:\/\/i0.wp.com\/ryfi.online\/wp-content\/uploads\/2022\/04\/ev1057.jpg?resize=350%2C200&ssl=1","width":350,"height":200},"classes":[]},{"id":9592,"url":"https:\/\/ryfi.online\/fr\/produit\/set-cars-enfants-t-shirt-et-pantalon-copy\/","url_meta":{"origin":9579,"position":1},"title":"Ensemble t-shirt et pantalon enfant Cars ET1081","date":"avril 21, 2022","format":false,"excerpt":"Exp\u00e9dition rapide et s\u00fbre en 1-3 jours ouvrables","rel":"","context":"Article similaire","img":{"alt_text":"Conjunto camiseta pantalones Cars","src":"https:\/\/i0.wp.com\/ryfi.online\/wp-content\/uploads\/2022\/04\/et1081.jpg?resize=350%2C200&ssl=1","width":350,"height":200},"classes":[]},{"id":4854,"url":"https:\/\/ryfi.online\/fr\/produit\/marvel-avengers-t-shirt-et-short-enfant\/","url_meta":{"origin":9579,"position":2},"title":"Ensemble t-shirt et pantalon Avengers pour enfants UE1068","date":"juillet 30, 2021","format":false,"excerpt":"Exp\u00e9dition rapide et s\u00fbre en 1-3 jours ouvrables","rel":"","context":"Article similaire","img":{"alt_text":"Conjunto camiseta pantalones Avengers","src":"https:\/\/i0.wp.com\/ryfi.online\/wp-content\/uploads\/2021\/07\/ue1068.jpg?resize=350%2C200&ssl=1","width":350,"height":200},"classes":[]},{"id":9212,"url":"https:\/\/ryfi.online\/fr\/produit\/set-avengers-ev1061\/","url_meta":{"origin":9579,"position":3},"title":"Ensemble Avengers pour enfants EV1061","date":"avril 30, 2022","format":false,"excerpt":"Exp\u00e9dition rapide et s\u00fbre en 1-3 jours ouvrables","rel":"","context":"Article similaire","img":{"alt_text":"","src":"https:\/\/i0.wp.com\/ryfi.online\/wp-content\/uploads\/2022\/04\/ev1061.jpg?resize=350%2C200&ssl=1","width":350,"height":200},"classes":[]},{"id":9072,"url":"https:\/\/ryfi.online\/fr\/produit\/ensemble-mickey-ev1094\/","url_meta":{"origin":9579,"position":4},"title":"Ensemble Mickey pour enfants EV1094","date":"avril 30, 2022","format":false,"excerpt":"Exp\u00e9dition rapide et s\u00e9curis\u00e9e sous 1 \u00e0 3 jours ouvrables","rel":"","context":"Article similaire","img":{"alt_text":"Ensemble Mickey","src":"https:\/\/i0.wp.com\/ryfi.online\/wp-content\/uploads\/2022\/04\/ev1094.jpg?resize=350%2C200&ssl=1","width":350,"height":200},"classes":[]},{"id":9376,"url":"https:\/\/ryfi.online\/fr\/produit\/tee-shirt-manches-courtes-avengers-ev1060\/","url_meta":{"origin":9579,"position":5},"title":"T-shirt manches courtes Avengers pour enfants EV1060","date":"avril 29, 2022","format":false,"excerpt":"Exp\u00e9dition rapide et s\u00fbre en 1-3 jours ouvrables","rel":"","context":"Article similaire","img":{"alt_text":"","src":"https:\/\/i0.wp.com\/ryfi.online\/wp-content\/uploads\/2022\/04\/ev1060.jpg?resize=350%2C200&ssl=1","width":350,"height":200},"classes":[]}],"_links":{"self":[{"href":"https:\/\/ryfi.online\/fr\/wp-json\/wp\/v2\/product\/9579","targetHints":{"allow":["GET"]}}],"collection":[{"href":"https:\/\/ryfi.online\/fr\/wp-json\/wp\/v2\/product"}],"about":[{"href":"https:\/\/ryfi.online\/fr\/wp-json\/wp\/v2\/types\/product"}],"replies":[{"embeddable":true,"href":"https:\/\/ryfi.online\/fr\/wp-json\/wp\/v2\/comments?post=9579"}],"wp:featuredmedia":[{"embeddable":true,"href":"https:\/\/ryfi.online\/fr\/wp-json\/wp\/v2\/media\/7781"}],"wp:attachment":[{"href":"https:\/\/ryfi.online\/fr\/wp-json\/wp\/v2\/media?parent=9579"}],"wp:term":[{"taxonomy":"product_brand","embeddable":true,"href":"https:\/\/ryfi.online\/fr\/wp-json\/wp\/v2\/product_brand?post=9579"},{"taxonomy":"product_cat","embeddable":true,"href":"https:\/\/ryfi.online\/fr\/wp-json\/wp\/v2\/product_cat?post=9579"},{"taxonomy":"product_tag","embeddable":true,"href":"https:\/\/ryfi.online\/fr\/wp-json\/wp\/v2\/product_tag?post=9579"}],"curies":[{"name":"wp","href":"https:\/\/api.w.org\/{rel}","templated":true}]}}