{"id":9551,"date":"2022-04-27T23:17:48","date_gmt":"2022-05-02T19:38:28","guid":{"rendered":"https:\/\/ryfi.online\/product\/casquette-minions-ep4341\/"},"modified":"2022-05-16T17:23:58","modified_gmt":"2022-05-16T17:23:58","slug":"cap-minions","status":"publish","type":"product","link":"https:\/\/ryfi.online\/fr\/produit\/cap-minions\/","title":{"rendered":"Casquette Minions EP4341"},"content":{"rendered":"<p>Comme cadeau d&#8217;anniversaire, \u00e0 P\u00e2ques ou juste comme \u00e7a. Avec la belle casquette des Minions, impossible de se tromper ! Le Cappy est 100% coton et 100% polyester. Il y a une fermeture velcro \u00e0 l&#8217;arri\u00e8re pour un ajustement parfait avec des petites t\u00eates pour un maximum de confort. La finition est excellente et les couleurs tr\u00e8s fortes. La casquette \u00e0 visi\u00e8re est id\u00e9ale pour une promenade au soleil, une journ\u00e9e \u00e0 la piscine ou pour les vacances. Ainsi, la t\u00eate des petits est bien prot\u00e9g\u00e9e du soleil br\u00fblant. Le couvercle est lavable en machine \u00e0 30\u00b0C, pour une longue dur\u00e9e de vie, mais le lavage \u00e0 la main est recommand\u00e9. Avec cette casquette, les yeux des enfants commencent \u00e0 rayonner !<\/p>\n<p>&nbsp;<\/p>\n<p><span class=\"a-list-item\">\u2705 Casquette de baseball pour enfants Minions avec dos r\u00e9glable.<\/span><\/p>\n<p><span class=\"a-list-item\">\u2705 Couleur : rose-jaune avec dessin anim\u00e9 Minions<\/span><\/p>\n<p><span class=\"a-list-item\">\u2705 100 % polyester<\/span><\/p>\n<p id=\"title\" class=\"a-size-large a-spacing-none\"><span id=\"productTitle\" class=\"a-size-large product-title-word-break\"><span class=\"a-list-item\">\u2705<\/span> R\u00e9glable de 3 \u00e0 8 ans <\/span><\/p>\n<p><span id=\"productTitle\" class=\"a-size-large product-title-word-break\"><span class=\"a-list-item\">\u2705 52-54cm<\/span> <\/span><\/p>\n<p><span id=\"productTitle\" class=\"a-size-large product-title-word-break\"><span class=\"a-list-item\">\u2705 Film Octobre 2021<\/span><\/span><\/p>\n","protected":false},"excerpt":{"rendered":"<p>Exp\u00e9dition rapide et s\u00e9curis\u00e9e en 1 \u00e0 3 jours ouvrables<\/p>\n<p>Retour gratuit<\/p>\n","protected":false},"featured_media":8471,"comment_status":"open","ping_status":"closed","template":"","meta":[],"product_brand":[],"product_cat":[254],"product_tag":[],"class_list":{"0":"post-9551","1":"product","2":"type-product","3":"status-publish","4":"has-post-thumbnail","6":"product_cat-casquettes-enfants","8":"first","9":"instock","10":"featured","11":"taxable","12":"shipping-taxable","13":"purchasable","14":"product-type-variable"},"yoast_head":"<!-- This site is optimized with the Yoast SEO Premium plugin v17.1.2 (Yoast SEO v27.5) - https:\/\/yoast.com\/product\/yoast-seo-premium-wordpress\/ -->\n<title>Casquette Minions EP4341 - Ryfi Online Store<\/title>\n<meta name=\"description\" content=\"Achetez une casquette pour enfant avec dessin anim\u00e9 Minions avec dos r\u00e9glable de 3 ans \u00e0 8 ans en rose ou jaune.\" \/>\n<meta name=\"robots\" content=\"index, follow, max-snippet:-1, max-image-preview:large, max-video-preview:-1\" \/>\n<link rel=\"canonical\" href=\"https:\/\/ryfi.online\/fr\/produit\/cap-minions\/\" \/>\n<meta property=\"og:locale\" content=\"fr_FR\" \/>\n<meta property=\"og:type\" content=\"article\" \/>\n<meta property=\"og:title\" content=\"Casquette Minions EP4341\" \/>\n<meta property=\"og:description\" content=\"Achetez une casquette pour enfant avec dessin anim\u00e9 Minions avec dos r\u00e9glable de 3 ans \u00e0 8 ans en rose ou jaune.\" \/>\n<meta property=\"og:url\" content=\"https:\/\/ryfi.online\/fr\/produit\/cap-minions\/\" \/>\n<meta property=\"og:site_name\" content=\"Ryfi Online Store\" \/>\n<meta property=\"article:publisher\" content=\"https:\/\/www.facebook.com\/ryfi.online\/\" \/>\n<meta property=\"article:modified_time\" content=\"2022-05-16T17:23:58+00:00\" \/>\n<meta property=\"og:image\" content=\"https:\/\/ryfi.online\/wp-content\/uploads\/2022\/04\/ep4341_ye.jpg\" \/>\n\t<meta property=\"og:image:width\" content=\"800\" \/>\n\t<meta property=\"og:image:height\" content=\"1200\" \/>\n\t<meta property=\"og:image:type\" content=\"image\/jpeg\" \/>\n<meta name=\"twitter:card\" content=\"summary_large_image\" \/>\n<meta name=\"twitter:label1\" content=\"Availability\" \/>\n\t<meta name=\"twitter:data1\" content=\"In stock\" \/>\n<meta property=\"product:brand\" content=\"Casquettes enfants\" \/>\n<meta property=\"og:availability\" content=\"instock\" \/>\n<meta property=\"product:availability\" content=\"instock\" \/>\n<meta property=\"product:condition\" content=\"new\" \/>\n<!-- \/ Yoast SEO Premium plugin. -->","yoast_head_json":{"title":"Casquette Minions EP4341 - Ryfi Online Store","description":"Achetez une casquette pour enfant avec dessin anim\u00e9 Minions avec dos r\u00e9glable de 3 ans \u00e0 8 ans en rose ou jaune.","robots":{"index":"index","follow":"follow","max-snippet":"max-snippet:-1","max-image-preview":"max-image-preview:large","max-video-preview":"max-video-preview:-1"},"canonical":"https:\/\/ryfi.online\/fr\/produit\/cap-minions\/","og_locale":"fr_FR","og_type":"article","og_title":"Casquette Minions EP4341","og_description":"Achetez une casquette pour enfant avec dessin anim\u00e9 Minions avec dos r\u00e9glable de 3 ans \u00e0 8 ans en rose ou jaune.","og_url":"https:\/\/ryfi.online\/fr\/produit\/cap-minions\/","og_site_name":"Ryfi Online Store","article_publisher":"https:\/\/www.facebook.com\/ryfi.online\/","article_modified_time":"2022-05-16T17:23:58+00:00","og_image":[{"width":800,"height":1200,"url":"https:\/\/ryfi.online\/wp-content\/uploads\/2022\/04\/ep4341_ye.jpg","type":"image\/jpeg"}],"twitter_card":"summary_large_image","twitter_misc":{"Availability":"In stock"},"schema":{"@context":"https:\/\/schema.org","@graph":[{"@type":"WebPage","@id":"https:\/\/ryfi.online\/fr\/produit\/cap-minions\/","url":"https:\/\/ryfi.online\/fr\/produit\/cap-minions\/","name":"Casquette Minions EP4341 - Ryfi Online Store","isPartOf":{"@id":"https:\/\/ryfi.online\/fr\/#website"},"primaryImageOfPage":{"@id":"https:\/\/ryfi.online\/fr\/produit\/cap-minions\/#primaryimage"},"image":{"@id":"https:\/\/ryfi.online\/fr\/produit\/cap-minions\/#primaryimage"},"thumbnailUrl":"https:\/\/ryfi.online\/wp-content\/uploads\/2022\/04\/ep4341_ye.jpg","datePublished":"2022-05-02T19:38:28+00:00","dateModified":"2022-05-16T17:23:58+00:00","description":"Achetez une casquette pour enfant avec dessin anim\u00e9 Minions avec dos r\u00e9glable de 3 ans \u00e0 8 ans en rose ou jaune.","breadcrumb":{"@id":"https:\/\/ryfi.online\/fr\/produit\/cap-minions\/#breadcrumb"},"inLanguage":"fr-FR","potentialAction":[{"@type":"ReadAction","target":["https:\/\/ryfi.online\/fr\/produit\/cap-minions\/"]}]},{"@type":"ImageObject","inLanguage":"fr-FR","@id":"https:\/\/ryfi.online\/fr\/produit\/cap-minions\/#primaryimage","url":"https:\/\/ryfi.online\/wp-content\/uploads\/2022\/04\/ep4341_ye.jpg","contentUrl":"https:\/\/ryfi.online\/wp-content\/uploads\/2022\/04\/ep4341_ye.jpg","width":800,"height":1200,"caption":"Casquette Minion Jaune"},{"@type":"BreadcrumbList","@id":"https:\/\/ryfi.online\/fr\/produit\/cap-minions\/#breadcrumb","itemListElement":[{"@type":"ListItem","position":1,"name":"Home","item":"https:\/\/ryfi.online\/fr\/"},{"@type":"ListItem","position":2,"name":"Free and Fast Shipping whitin 1-3 Days!!!","item":"https:\/\/ryfi.online\/shop\/"},{"@type":"ListItem","position":3,"name":"Casquette Minions EP4341"}]},{"@type":"WebSite","@id":"https:\/\/ryfi.online\/fr\/#website","url":"https:\/\/ryfi.online\/fr\/","name":"Ryfi Online Store","description":"Online Store","publisher":{"@id":"https:\/\/ryfi.online\/fr\/#organization"},"potentialAction":[{"@type":"SearchAction","target":{"@type":"EntryPoint","urlTemplate":"https:\/\/ryfi.online\/fr\/?s={search_term_string}"},"query-input":{"@type":"PropertyValueSpecification","valueRequired":true,"valueName":"search_term_string"}}],"inLanguage":"fr-FR"},{"@type":"Organization","@id":"https:\/\/ryfi.online\/fr\/#organization","name":"Ryan Future Investments LLC","url":"https:\/\/ryfi.online\/fr\/","logo":{"@type":"ImageObject","inLanguage":"fr-FR","@id":"https:\/\/ryfi.online\/fr\/#\/schema\/logo\/image\/","url":"https:\/\/ryfi.online\/wp-content\/uploads\/2021\/03\/2-03.png","contentUrl":"https:\/\/ryfi.online\/wp-content\/uploads\/2021\/03\/2-03.png","width":1010,"height":310,"caption":"Ryan Future Investments LLC"},"image":{"@id":"https:\/\/ryfi.online\/fr\/#\/schema\/logo\/image\/"},"sameAs":["https:\/\/www.facebook.com\/ryfi.online\/"]}]},"product_brand":"Casquettes enfants","og_availability":"instock","product_availability":"instock","product_condition":"new"},"jetpack-related-posts":[{"id":5846,"url":"https:\/\/ryfi.online\/fr\/produit\/casquette-de-baseball-avec-motif-disney-mickey-pour-enfants\/","url_meta":{"origin":9551,"position":0},"title":"Casquette de Baseball Gar\u00e7on Disney Mickey Design UE4176","date":"juin 9, 2021","format":false,"excerpt":"Env\u00edo gratuito en 1-3 d\u00edas laborales","rel":"","context":"Article similaire","img":{"alt_text":"Casquette Disney Mickey","src":"https:\/\/i0.wp.com\/ryfi.online\/wp-content\/uploads\/2021\/06\/ue4176_lna.jpg?resize=350%2C200&ssl=1","width":350,"height":200},"classes":[]},{"id":5294,"url":"https:\/\/ryfi.online\/fr\/produit\/casquette-de-baseball-avec-motif-batman-pour-enfants\/","url_meta":{"origin":9551,"position":1},"title":"Casquette de Baseball Gar\u00e7on Batman Design UE4224","date":"juin 16, 2021","format":false,"excerpt":"Livraison gratuite 1-3 jours ouvrables Retour gratuit","rel":"","context":"Article similaire","img":{"alt_text":"casquette batman","src":"https:\/\/i0.wp.com\/ryfi.online\/wp-content\/uploads\/2021\/06\/ue4224_bk.jpg?resize=350%2C200&ssl=1","width":350,"height":200},"classes":[]},{"id":5710,"url":"https:\/\/ryfi.online\/fr\/produit\/casquette-de-baseball-avec-design-mervel-avengers-pour-les-enfants\/","url_meta":{"origin":9551,"position":2},"title":"Casquette de baseball Marvel Avengers pour gar\u00e7on","date":"juin 9, 2021","format":false,"excerpt":"Env\u00edo gratuito en 1-3 d\u00edas laborales","rel":"","context":"Article similaire","img":{"alt_text":"Casquette Avengers Marvel","src":"https:\/\/i0.wp.com\/ryfi.online\/wp-content\/uploads\/2021\/06\/et4174_bl-1.jpg?resize=350%2C200&ssl=1","width":350,"height":200},"classes":[]},{"id":5667,"url":"https:\/\/ryfi.online\/fr\/produit\/casquette-de-baseball-a-motif-spider-man-pour-enfants-marvel\/","url_meta":{"origin":9551,"position":3},"title":"Casquette de baseball Marvel Spiderman pour gar\u00e7on","date":"juin 9, 2021","format":false,"excerpt":"Env\u00edo gratuito en 1-3 d\u00edas laborales","rel":"","context":"Article similaire","img":{"alt_text":"Casquette Marvel Spiderman","src":"https:\/\/i0.wp.com\/ryfi.online\/wp-content\/uploads\/2021\/06\/et4022_bk.jpg?resize=350%2C200&ssl=1","width":350,"height":200},"classes":[]},{"id":9361,"url":"https:\/\/ryfi.online\/fr\/produit\/casquette-spiderman-ev4009\/","url_meta":{"origin":9551,"position":4},"title":"Casquette Spiderman pour enfant EV4009","date":"avril 29, 2022","format":false,"excerpt":"Exp\u00e9dition rapide et s\u00fbre en 1-3 jours ouvrables","rel":"","context":"Article similaire","img":{"alt_text":"","src":"https:\/\/i0.wp.com\/ryfi.online\/wp-content\/uploads\/2022\/04\/ev4009_bl.jpg?resize=350%2C200&ssl=1","width":350,"height":200},"classes":[]},{"id":9472,"url":"https:\/\/ryfi.online\/fr\/produit\/casquette-star-wars-et4183\/","url_meta":{"origin":9551,"position":5},"title":"Casquette Star Wars ET4183","date":"avril 29, 2022","format":false,"excerpt":"Exp\u00e9dition rapide et s\u00e9curis\u00e9e en 1 \u00e0 3 jours ouvrables Retour gratuit","rel":"","context":"Article similaire","img":{"alt_text":"Casquette bleue et noire Star Wars","src":"https:\/\/i0.wp.com\/ryfi.online\/wp-content\/uploads\/2022\/04\/et4183.jpg?resize=350%2C200&ssl=1","width":350,"height":200},"classes":[]}],"_links":{"self":[{"href":"https:\/\/ryfi.online\/fr\/wp-json\/wp\/v2\/product\/9551","targetHints":{"allow":["GET"]}}],"collection":[{"href":"https:\/\/ryfi.online\/fr\/wp-json\/wp\/v2\/product"}],"about":[{"href":"https:\/\/ryfi.online\/fr\/wp-json\/wp\/v2\/types\/product"}],"replies":[{"embeddable":true,"href":"https:\/\/ryfi.online\/fr\/wp-json\/wp\/v2\/comments?post=9551"}],"wp:featuredmedia":[{"embeddable":true,"href":"https:\/\/ryfi.online\/fr\/wp-json\/wp\/v2\/media\/8471"}],"wp:attachment":[{"href":"https:\/\/ryfi.online\/fr\/wp-json\/wp\/v2\/media?parent=9551"}],"wp:term":[{"taxonomy":"product_brand","embeddable":true,"href":"https:\/\/ryfi.online\/fr\/wp-json\/wp\/v2\/product_brand?post=9551"},{"taxonomy":"product_cat","embeddable":true,"href":"https:\/\/ryfi.online\/fr\/wp-json\/wp\/v2\/product_cat?post=9551"},{"taxonomy":"product_tag","embeddable":true,"href":"https:\/\/ryfi.online\/fr\/wp-json\/wp\/v2\/product_tag?post=9551"}],"curies":[{"name":"wp","href":"https:\/\/api.w.org\/{rel}","templated":true}]}}