{"id":9518,"date":"2022-04-30T19:23:15","date_gmt":"2022-05-02T18:35:14","guid":{"rendered":"https:\/\/ryfi.online\/product\/pyjama-batman-garcon-ev2051\/"},"modified":"2023-02-03T17:51:51","modified_gmt":"2023-02-03T17:51:51","slug":"batman-pyjama-pour-enfants-ev2051","status":"publish","type":"product","link":"https:\/\/ryfi.online\/fr\/produit\/batman-pyjama-pour-enfants-ev2051\/","title":{"rendered":"Pyjama Batman Gar\u00e7on EV2051"},"content":{"rendered":"<p>Comme cadeau d&#8217;anniversaire, \u00e0 P\u00e2ques ou juste comme \u00e7a. Avec le magnifique pyjama Batman, vous ne pouvez pas vous tromper ! La finition est excellente et les couleurs tr\u00e8s fortes. Avec ce magnifique pyjama, les enfants se reposeront bien ! Lavable en machine \u00e0 30\u00b0C, pour une longue dur\u00e9e de vie, mais le lavage \u00e0 la main est recommand\u00e9. Avec cet ensemble, les yeux des enfants commencent \u00e0 rayonner !<\/p>\n","protected":false},"excerpt":{"rendered":"<p>Exp\u00e9dition rapide et s\u00fbre en 1-3 jours ouvrables<\/p>\n","protected":false},"featured_media":8813,"comment_status":"open","ping_status":"closed","template":"","meta":[],"product_brand":[],"product_cat":[220],"product_tag":[],"class_list":{"0":"post-9518","1":"product","2":"type-product","3":"status-publish","4":"has-post-thumbnail","6":"product_cat-pyjama-polaire","8":"first","9":"instock","10":"featured","11":"taxable","12":"shipping-taxable","13":"purchasable","14":"product-type-variable"},"yoast_head":"<!-- This site is optimized with the Yoast SEO Premium plugin v17.1.2 (Yoast SEO v27.5) - https:\/\/yoast.com\/product\/yoast-seo-premium-wordpress\/ -->\n<title>Pyjama Batman Gar\u00e7on EV2051 - Ryfi Online Store<\/title>\n<meta name=\"robots\" content=\"index, follow, max-snippet:-1, max-image-preview:large, max-video-preview:-1\" \/>\n<link rel=\"canonical\" href=\"https:\/\/ryfi.online\/fr\/produit\/batman-pyjama-pour-enfants-ev2051\/\" \/>\n<meta property=\"og:locale\" content=\"fr_FR\" \/>\n<meta property=\"og:type\" content=\"article\" \/>\n<meta property=\"og:title\" content=\"Pyjama Batman Gar\u00e7on EV2051\" \/>\n<meta property=\"og:description\" content=\"Exp\u00e9dition rapide et s\u00fbre en 1-3 jours ouvrables\" \/>\n<meta property=\"og:url\" content=\"https:\/\/ryfi.online\/fr\/produit\/batman-pyjama-pour-enfants-ev2051\/\" \/>\n<meta property=\"og:site_name\" content=\"Ryfi Online Store\" \/>\n<meta property=\"article:publisher\" content=\"https:\/\/www.facebook.com\/ryfi.online\/\" \/>\n<meta property=\"article:modified_time\" content=\"2023-02-03T17:51:51+00:00\" \/>\n<meta property=\"og:image\" content=\"https:\/\/ryfi.online\/wp-content\/uploads\/2022\/04\/ev2051.jpg\" \/>\n\t<meta property=\"og:image:width\" content=\"800\" \/>\n\t<meta property=\"og:image:height\" content=\"565\" \/>\n\t<meta property=\"og:image:type\" content=\"image\/jpeg\" \/>\n<meta name=\"twitter:card\" content=\"summary_large_image\" \/>\n<meta name=\"twitter:label1\" content=\"Availability\" \/>\n\t<meta name=\"twitter:data1\" content=\"In stock\" \/>\n<meta property=\"product:brand\" content=\"Pyjama polaire\" \/>\n<meta property=\"og:availability\" content=\"instock\" \/>\n<meta property=\"product:availability\" content=\"instock\" \/>\n<meta property=\"product:condition\" content=\"new\" \/>\n<!-- \/ Yoast SEO Premium plugin. -->","yoast_head_json":{"title":"Pyjama Batman Gar\u00e7on EV2051 - Ryfi Online Store","robots":{"index":"index","follow":"follow","max-snippet":"max-snippet:-1","max-image-preview":"max-image-preview:large","max-video-preview":"max-video-preview:-1"},"canonical":"https:\/\/ryfi.online\/fr\/produit\/batman-pyjama-pour-enfants-ev2051\/","og_locale":"fr_FR","og_type":"article","og_title":"Pyjama Batman Gar\u00e7on EV2051","og_description":"Exp\u00e9dition rapide et s\u00fbre en 1-3 jours ouvrables","og_url":"https:\/\/ryfi.online\/fr\/produit\/batman-pyjama-pour-enfants-ev2051\/","og_site_name":"Ryfi Online Store","article_publisher":"https:\/\/www.facebook.com\/ryfi.online\/","article_modified_time":"2023-02-03T17:51:51+00:00","og_image":[{"width":800,"height":565,"url":"https:\/\/ryfi.online\/wp-content\/uploads\/2022\/04\/ev2051.jpg","type":"image\/jpeg"}],"twitter_card":"summary_large_image","twitter_misc":{"Availability":"In stock"},"schema":{"@context":"https:\/\/schema.org","@graph":[{"@type":"WebPage","@id":"https:\/\/ryfi.online\/fr\/produit\/batman-pyjama-pour-enfants-ev2051\/","url":"https:\/\/ryfi.online\/fr\/produit\/batman-pyjama-pour-enfants-ev2051\/","name":"Pyjama Batman Gar\u00e7on EV2051 - Ryfi Online Store","isPartOf":{"@id":"https:\/\/ryfi.online\/fr\/#website"},"primaryImageOfPage":{"@id":"https:\/\/ryfi.online\/fr\/produit\/batman-pyjama-pour-enfants-ev2051\/#primaryimage"},"image":{"@id":"https:\/\/ryfi.online\/fr\/produit\/batman-pyjama-pour-enfants-ev2051\/#primaryimage"},"thumbnailUrl":"https:\/\/ryfi.online\/wp-content\/uploads\/2022\/04\/ev2051.jpg","datePublished":"2022-05-02T18:35:14+00:00","dateModified":"2023-02-03T17:51:51+00:00","breadcrumb":{"@id":"https:\/\/ryfi.online\/fr\/produit\/batman-pyjama-pour-enfants-ev2051\/#breadcrumb"},"inLanguage":"fr-FR","potentialAction":[{"@type":"ReadAction","target":["https:\/\/ryfi.online\/fr\/produit\/batman-pyjama-pour-enfants-ev2051\/"]}]},{"@type":"ImageObject","inLanguage":"fr-FR","@id":"https:\/\/ryfi.online\/fr\/produit\/batman-pyjama-pour-enfants-ev2051\/#primaryimage","url":"https:\/\/ryfi.online\/wp-content\/uploads\/2022\/04\/ev2051.jpg","contentUrl":"https:\/\/ryfi.online\/wp-content\/uploads\/2022\/04\/ev2051.jpg","width":800,"height":565,"caption":"pyjama batman"},{"@type":"BreadcrumbList","@id":"https:\/\/ryfi.online\/fr\/produit\/batman-pyjama-pour-enfants-ev2051\/#breadcrumb","itemListElement":[{"@type":"ListItem","position":1,"name":"Home","item":"https:\/\/ryfi.online\/fr\/"},{"@type":"ListItem","position":2,"name":"Free and Fast Shipping whitin 1-3 Days!!!","item":"https:\/\/ryfi.online\/shop\/"},{"@type":"ListItem","position":3,"name":"Pyjama Batman Gar\u00e7on EV2051"}]},{"@type":"WebSite","@id":"https:\/\/ryfi.online\/fr\/#website","url":"https:\/\/ryfi.online\/fr\/","name":"Ryfi Online Store","description":"Online Store","publisher":{"@id":"https:\/\/ryfi.online\/fr\/#organization"},"potentialAction":[{"@type":"SearchAction","target":{"@type":"EntryPoint","urlTemplate":"https:\/\/ryfi.online\/fr\/?s={search_term_string}"},"query-input":{"@type":"PropertyValueSpecification","valueRequired":true,"valueName":"search_term_string"}}],"inLanguage":"fr-FR"},{"@type":"Organization","@id":"https:\/\/ryfi.online\/fr\/#organization","name":"Ryan Future Investments LLC","url":"https:\/\/ryfi.online\/fr\/","logo":{"@type":"ImageObject","inLanguage":"fr-FR","@id":"https:\/\/ryfi.online\/fr\/#\/schema\/logo\/image\/","url":"https:\/\/ryfi.online\/wp-content\/uploads\/2021\/03\/2-03.png","contentUrl":"https:\/\/ryfi.online\/wp-content\/uploads\/2021\/03\/2-03.png","width":1010,"height":310,"caption":"Ryan Future Investments LLC"},"image":{"@id":"https:\/\/ryfi.online\/fr\/#\/schema\/logo\/image\/"},"sameAs":["https:\/\/www.facebook.com\/ryfi.online\/"]}]},"product_brand":"Pyjama polaire","og_availability":"instock","product_availability":"instock","product_condition":"new"},"jetpack-related-posts":[{"id":8935,"url":"https:\/\/ryfi.online\/fr\/produit\/pyjama-paw-patrouille-enfant-ev2098\/","url_meta":{"origin":9518,"position":0},"title":"Pyjama Paw Patrol gar\u00e7on EV2098","date":"avril 30, 2022","format":false,"excerpt":"Exp\u00e9dition rapide et s\u00fbre en 1-3 jours ouvrables","rel":"","context":"Article similaire","img":{"alt_text":"pyjama pat patrouille","src":"https:\/\/i0.wp.com\/ryfi.online\/wp-content\/uploads\/2022\/04\/ev2098.i00.b.jpg?resize=350%2C200&ssl=1","width":350,"height":200},"classes":[]},{"id":7021,"url":"https:\/\/ryfi.online\/fr\/produit\/pyjama-pyjama-garcon-spiderman-ryfi-polaire\/","url_meta":{"origin":9518,"position":1},"title":"Ryfi Pyjama Polaire Gar\u00e7on Spiderman HU2130","date":"octobre 31, 2021","format":false,"excerpt":"Exp\u00e9dition rapide et s\u00fbre en 1-3 jours ouvrables","rel":"","context":"Article similaire","img":{"alt_text":"","src":"https:\/\/i0.wp.com\/ryfi.online\/wp-content\/uploads\/2021\/10\/hu2130.jpg?resize=350%2C200&ssl=1","width":350,"height":200},"classes":[]},{"id":7096,"url":"https:\/\/ryfi.online\/fr\/produit\/ryfi-polaire-pyjama-fille-gelee\/","url_meta":{"origin":9518,"position":2},"title":"Pyjama polaire pour fille Ryfi Frozen HU2022","date":"octobre 31, 2021","format":false,"excerpt":"Exp\u00e9dition rapide et s\u00fbre en 1-3 jours ouvrables","rel":"","context":"Article similaire","img":{"alt_text":"","src":"https:\/\/i0.wp.com\/ryfi.online\/wp-content\/uploads\/2021\/10\/hu2022.jpg?resize=350%2C200&ssl=1","width":350,"height":200},"classes":[]},{"id":7040,"url":"https:\/\/ryfi.online\/fr\/produit\/ryfi-pyjama-polaire-garcon-sbires\/","url_meta":{"origin":9518,"position":3},"title":"Ryfi Pyjama Polaire Gar\u00e7on Minions HU2046","date":"octobre 31, 2021","format":false,"excerpt":"Exp\u00e9dition rapide et s\u00fbre en 1-3 jours ouvrables","rel":"","context":"Article similaire","img":{"alt_text":"","src":"https:\/\/i0.wp.com\/ryfi.online\/wp-content\/uploads\/2021\/10\/hu2046.jpg?resize=350%2C200&ssl=1","width":350,"height":200},"classes":[]},{"id":4112,"url":"https:\/\/ryfi.online\/fr\/produit\/pyjama-polaire-manches-longues-pour-enfants-captain-america\/","url_meta":{"origin":9518,"position":4},"title":"Pyjama molletonn\u00e9 \u00e0 manches longues Captain America pour gar\u00e7ons TH2154","date":"octobre 8, 2021","format":false,"excerpt":"Exp\u00e9dition rapide et s\u00fbre en 1-3 jours ouvrables","rel":"","context":"Article similaire","img":{"alt_text":"","src":"https:\/\/i0.wp.com\/ryfi.online\/wp-content\/uploads\/2021\/10\/th2154_bl.jpg?resize=350%2C200&ssl=1","width":350,"height":200},"classes":[]},{"id":3765,"url":"https:\/\/ryfi.online\/fr\/produit\/pyjama-long-coralina-avengers\/","url_meta":{"origin":9518,"position":5},"title":"Coraline Avengers Pyjama Long HU7382","date":"octobre 8, 2021","format":false,"excerpt":"Exp\u00e9dition rapide et s\u00fbre en 1-3 jours ouvrables","rel":"","context":"Article similaire","img":{"alt_text":"","src":"https:\/\/i0.wp.com\/ryfi.online\/wp-content\/uploads\/2021\/10\/hu7382.i00.b.jpg?resize=350%2C200&ssl=1","width":350,"height":200},"classes":[]}],"_links":{"self":[{"href":"https:\/\/ryfi.online\/fr\/wp-json\/wp\/v2\/product\/9518","targetHints":{"allow":["GET"]}}],"collection":[{"href":"https:\/\/ryfi.online\/fr\/wp-json\/wp\/v2\/product"}],"about":[{"href":"https:\/\/ryfi.online\/fr\/wp-json\/wp\/v2\/types\/product"}],"replies":[{"embeddable":true,"href":"https:\/\/ryfi.online\/fr\/wp-json\/wp\/v2\/comments?post=9518"}],"wp:featuredmedia":[{"embeddable":true,"href":"https:\/\/ryfi.online\/fr\/wp-json\/wp\/v2\/media\/8813"}],"wp:attachment":[{"href":"https:\/\/ryfi.online\/fr\/wp-json\/wp\/v2\/media?parent=9518"}],"wp:term":[{"taxonomy":"product_brand","embeddable":true,"href":"https:\/\/ryfi.online\/fr\/wp-json\/wp\/v2\/product_brand?post=9518"},{"taxonomy":"product_cat","embeddable":true,"href":"https:\/\/ryfi.online\/fr\/wp-json\/wp\/v2\/product_cat?post=9518"},{"taxonomy":"product_tag","embeddable":true,"href":"https:\/\/ryfi.online\/fr\/wp-json\/wp\/v2\/product_tag?post=9518"}],"curies":[{"name":"wp","href":"https:\/\/api.w.org\/{rel}","templated":true}]}}