{"id":9136,"date":"2022-04-30T17:16:37","date_gmt":"2022-05-02T18:13:18","guid":{"rendered":"https:\/\/ryfi.online\/product\/t-shirt-manches-courtes-minnie-pour-filles-ev1081\/"},"modified":"2025-05-24T18:45:11","modified_gmt":"2025-05-24T18:45:11","slug":"t-shirt-manches-courtes-minnie-ev1081","status":"publish","type":"product","link":"https:\/\/ryfi.online\/fr\/produit\/t-shirt-manches-courtes-minnie-ev1081\/","title":{"rendered":"T-shirt manches courtes Minnie pour filles EV1081"},"content":{"rendered":"<p>Comme cadeau d&#8217;anniversaire, \u00e0 P\u00e2ques ou juste comme \u00e7a. Avec cette belle chemise Minnie, vous ne pouvez pas vous tromper ! La finition est excellente et les couleurs tr\u00e8s fortes. Lavable en machine \u00e0 30\u00b0C, pour une longue dur\u00e9e de vie, mais le lavage \u00e0 la main est recommand\u00e9. Avec cet ensemble, les yeux des enfants commencent \u00e0 rayonner !<\/p>\n<p>&nbsp;<\/p>\n<p>\u2705 T-shirt manches courtes Minnie pour fille<\/p>\n<p>\u2705 Couleur : Blanc-Turquoise<\/p>\n<p>\u2705 100% Coton,<\/p>\n<p>\u2705 \u00c2ge : 3 ans, 4 ans, 6 ans, 8 ans<\/p>\n","protected":false},"excerpt":{"rendered":"<p>Exp\u00e9dition rapide et s\u00fbre en 1-3 jours ouvrables<\/p>\n","protected":false},"featured_media":8773,"comment_status":"open","ping_status":"closed","template":"","meta":[],"product_brand":[],"product_cat":[212],"product_tag":[],"class_list":{"0":"post-9136","1":"product","2":"type-product","3":"status-publish","4":"has-post-thumbnail","6":"product_cat-t-shirt-fille","8":"first","9":"instock","10":"featured","11":"taxable","12":"shipping-taxable","13":"purchasable","14":"product-type-variable"},"yoast_head":"<!-- This site is optimized with the Yoast SEO Premium plugin v17.1.2 (Yoast SEO v27.5) - https:\/\/yoast.com\/product\/yoast-seo-premium-wordpress\/ -->\n<title>T-shirt manches courtes Minnie pour filles EV1081 - Ryfi Online Store<\/title>\n<meta name=\"robots\" content=\"index, follow, max-snippet:-1, max-image-preview:large, max-video-preview:-1\" \/>\n<link rel=\"canonical\" href=\"https:\/\/ryfi.online\/fr\/produit\/t-shirt-manches-courtes-minnie-ev1081\/\" \/>\n<meta property=\"og:locale\" content=\"fr_FR\" \/>\n<meta property=\"og:type\" content=\"article\" \/>\n<meta property=\"og:title\" content=\"T-shirt manches courtes Minnie pour filles EV1081\" \/>\n<meta property=\"og:description\" content=\"Exp\u00e9dition rapide et s\u00fbre en 1-3 jours ouvrables\" \/>\n<meta property=\"og:url\" content=\"https:\/\/ryfi.online\/fr\/produit\/t-shirt-manches-courtes-minnie-ev1081\/\" \/>\n<meta property=\"og:site_name\" content=\"Ryfi Online Store\" \/>\n<meta property=\"article:publisher\" content=\"https:\/\/www.facebook.com\/ryfi.online\/\" \/>\n<meta property=\"article:modified_time\" content=\"2025-05-24T18:45:11+00:00\" \/>\n<meta property=\"og:image\" content=\"https:\/\/ryfi.online\/wp-content\/uploads\/2022\/04\/ev1081.jpg\" \/>\n\t<meta property=\"og:image:width\" content=\"800\" \/>\n\t<meta property=\"og:image:height\" content=\"565\" \/>\n\t<meta property=\"og:image:type\" content=\"image\/jpeg\" \/>\n<meta name=\"twitter:card\" content=\"summary_large_image\" \/>\n<meta name=\"twitter:label1\" content=\"Availability\" \/>\n\t<meta name=\"twitter:data1\" content=\"In stock\" \/>\n<meta property=\"product:brand\" content=\"T-shirt fille\" \/>\n<meta property=\"og:availability\" content=\"instock\" \/>\n<meta property=\"product:availability\" content=\"instock\" \/>\n<meta property=\"product:condition\" content=\"new\" \/>\n<!-- \/ Yoast SEO Premium plugin. -->","yoast_head_json":{"title":"T-shirt manches courtes Minnie pour filles EV1081 - Ryfi Online Store","robots":{"index":"index","follow":"follow","max-snippet":"max-snippet:-1","max-image-preview":"max-image-preview:large","max-video-preview":"max-video-preview:-1"},"canonical":"https:\/\/ryfi.online\/fr\/produit\/t-shirt-manches-courtes-minnie-ev1081\/","og_locale":"fr_FR","og_type":"article","og_title":"T-shirt manches courtes Minnie pour filles EV1081","og_description":"Exp\u00e9dition rapide et s\u00fbre en 1-3 jours ouvrables","og_url":"https:\/\/ryfi.online\/fr\/produit\/t-shirt-manches-courtes-minnie-ev1081\/","og_site_name":"Ryfi Online Store","article_publisher":"https:\/\/www.facebook.com\/ryfi.online\/","article_modified_time":"2025-05-24T18:45:11+00:00","og_image":[{"width":800,"height":565,"url":"https:\/\/ryfi.online\/wp-content\/uploads\/2022\/04\/ev1081.jpg","type":"image\/jpeg"}],"twitter_card":"summary_large_image","twitter_misc":{"Availability":"In stock"},"schema":{"@context":"https:\/\/schema.org","@graph":[{"@type":"WebPage","@id":"https:\/\/ryfi.online\/fr\/produit\/t-shirt-manches-courtes-minnie-ev1081\/","url":"https:\/\/ryfi.online\/fr\/produit\/t-shirt-manches-courtes-minnie-ev1081\/","name":"T-shirt manches courtes Minnie pour filles EV1081 - Ryfi Online Store","isPartOf":{"@id":"https:\/\/ryfi.online\/fr\/#website"},"primaryImageOfPage":{"@id":"https:\/\/ryfi.online\/fr\/produit\/t-shirt-manches-courtes-minnie-ev1081\/#primaryimage"},"image":{"@id":"https:\/\/ryfi.online\/fr\/produit\/t-shirt-manches-courtes-minnie-ev1081\/#primaryimage"},"thumbnailUrl":"https:\/\/ryfi.online\/wp-content\/uploads\/2022\/04\/ev1081.jpg","datePublished":"2022-05-02T18:13:18+00:00","dateModified":"2025-05-24T18:45:11+00:00","breadcrumb":{"@id":"https:\/\/ryfi.online\/fr\/produit\/t-shirt-manches-courtes-minnie-ev1081\/#breadcrumb"},"inLanguage":"fr-FR","potentialAction":[{"@type":"ReadAction","target":["https:\/\/ryfi.online\/fr\/produit\/t-shirt-manches-courtes-minnie-ev1081\/"]}]},{"@type":"ImageObject","inLanguage":"fr-FR","@id":"https:\/\/ryfi.online\/fr\/produit\/t-shirt-manches-courtes-minnie-ev1081\/#primaryimage","url":"https:\/\/ryfi.online\/wp-content\/uploads\/2022\/04\/ev1081.jpg","contentUrl":"https:\/\/ryfi.online\/wp-content\/uploads\/2022\/04\/ev1081.jpg","width":800,"height":565,"caption":"T-shirt Minnie"},{"@type":"BreadcrumbList","@id":"https:\/\/ryfi.online\/fr\/produit\/t-shirt-manches-courtes-minnie-ev1081\/#breadcrumb","itemListElement":[{"@type":"ListItem","position":1,"name":"Home","item":"https:\/\/ryfi.online\/fr\/"},{"@type":"ListItem","position":2,"name":"Free and Fast Shipping whitin 1-3 Days!!!","item":"https:\/\/ryfi.online\/shop\/"},{"@type":"ListItem","position":3,"name":"T-shirt manches courtes Minnie pour filles EV1081"}]},{"@type":"WebSite","@id":"https:\/\/ryfi.online\/fr\/#website","url":"https:\/\/ryfi.online\/fr\/","name":"Ryfi Online Store","description":"Online Store","publisher":{"@id":"https:\/\/ryfi.online\/fr\/#organization"},"potentialAction":[{"@type":"SearchAction","target":{"@type":"EntryPoint","urlTemplate":"https:\/\/ryfi.online\/fr\/?s={search_term_string}"},"query-input":{"@type":"PropertyValueSpecification","valueRequired":true,"valueName":"search_term_string"}}],"inLanguage":"fr-FR"},{"@type":"Organization","@id":"https:\/\/ryfi.online\/fr\/#organization","name":"Ryan Future Investments LLC","url":"https:\/\/ryfi.online\/fr\/","logo":{"@type":"ImageObject","inLanguage":"fr-FR","@id":"https:\/\/ryfi.online\/fr\/#\/schema\/logo\/image\/","url":"https:\/\/ryfi.online\/wp-content\/uploads\/2021\/03\/2-03.png","contentUrl":"https:\/\/ryfi.online\/wp-content\/uploads\/2021\/03\/2-03.png","width":1010,"height":310,"caption":"Ryan Future Investments LLC"},"image":{"@id":"https:\/\/ryfi.online\/fr\/#\/schema\/logo\/image\/"},"sameAs":["https:\/\/www.facebook.com\/ryfi.online\/"]}]},"product_brand":"T-shirt fille","og_availability":"instock","product_availability":"instock","product_condition":"new"},"jetpack-related-posts":[{"id":6116,"url":"https:\/\/ryfi.online\/fr\/produit\/t-shirt-avec-motif-disney-minnie-pour-fille\/","url_meta":{"origin":9136,"position":0},"title":"T-shirt Disney Minnie Mouse ET1119 pour fille","date":"juin 9, 2021","format":false,"excerpt":"Livraison gratuite 1-3 jours ouvrables Retour gratuit","rel":"","context":"Article similaire","img":{"alt_text":"T-shirt Minnie Mouse","src":"https:\/\/i0.wp.com\/ryfi.online\/wp-content\/uploads\/2021\/06\/ET1119_REF1.jpg?resize=350%2C200&ssl=1","width":350,"height":200},"classes":[]},{"id":9376,"url":"https:\/\/ryfi.online\/fr\/produit\/tee-shirt-manches-courtes-avengers-ev1060\/","url_meta":{"origin":9136,"position":1},"title":"T-shirt manches courtes Avengers pour enfants EV1060","date":"avril 29, 2022","format":false,"excerpt":"Exp\u00e9dition rapide et s\u00fbre en 1-3 jours ouvrables","rel":"","context":"Article similaire","img":{"alt_text":"","src":"https:\/\/i0.wp.com\/ryfi.online\/wp-content\/uploads\/2022\/04\/ev1060.jpg?resize=350%2C200&ssl=1","width":350,"height":200},"classes":[]},{"id":9517,"url":"https:\/\/ryfi.online\/fr\/produit\/t-shirt-manches-courtes-frozen-ev1017\/","url_meta":{"origin":9136,"position":2},"title":"T-shirt \u00e0 manches courtes Frozen pour filles EV1017","date":"avril 29, 2022","format":false,"excerpt":"Exp\u00e9dition rapide et s\u00fbre en 1-3 jours ouvrables","rel":"","context":"Article similaire","img":{"alt_text":"","src":"https:\/\/i0.wp.com\/ryfi.online\/wp-content\/uploads\/2022\/04\/ev1017.jpg?resize=350%2C200&ssl=1","width":350,"height":200},"classes":[]},{"id":9486,"url":"https:\/\/ryfi.online\/fr\/produit\/batman-t-shirt-manches-courtes-ev1215\/","url_meta":{"origin":9136,"position":3},"title":"T-shirt Batman pour enfant EV1215","date":"avril 30, 2022","format":false,"excerpt":"Exp\u00e9dition rapide et s\u00fbre en 1-3 jours ouvrables","rel":"","context":"Article similaire","img":{"alt_text":"","src":"https:\/\/i0.wp.com\/ryfi.online\/wp-content\/uploads\/2022\/04\/ev1215.jpg?resize=350%2C200&ssl=1","width":350,"height":200},"classes":[]},{"id":9208,"url":"https:\/\/ryfi.online\/fr\/produit\/ensemble-minnie-ev1079\/","url_meta":{"origin":9136,"position":4},"title":"Ensemble Minnie fille EV1079","date":"avril 30, 2022","format":false,"excerpt":"Exp\u00e9dition rapide et s\u00fbre en 1-3 jours ouvrables","rel":"","context":"Article similaire","img":{"alt_text":"Ensemble Minnie","src":"https:\/\/i0.wp.com\/ryfi.online\/wp-content\/uploads\/2022\/04\/ev1079.jpg?resize=350%2C200&ssl=1","width":350,"height":200},"classes":[]},{"id":9253,"url":"https:\/\/ryfi.online\/fr\/produit\/t-shirt-manches-courtes-cars-ev1066\/","url_meta":{"origin":9136,"position":5},"title":"T-shirt manches courtes Cars pour enfants EV1066","date":"avril 30, 2022","format":false,"excerpt":"Exp\u00e9dition rapide et s\u00fbre en 1-3 jours ouvrables","rel":"","context":"Article similaire","img":{"alt_text":"","src":"https:\/\/i0.wp.com\/ryfi.online\/wp-content\/uploads\/2022\/04\/ev1066.jpg?resize=350%2C200&ssl=1","width":350,"height":200},"classes":[]}],"_links":{"self":[{"href":"https:\/\/ryfi.online\/fr\/wp-json\/wp\/v2\/product\/9136","targetHints":{"allow":["GET"]}}],"collection":[{"href":"https:\/\/ryfi.online\/fr\/wp-json\/wp\/v2\/product"}],"about":[{"href":"https:\/\/ryfi.online\/fr\/wp-json\/wp\/v2\/types\/product"}],"replies":[{"embeddable":true,"href":"https:\/\/ryfi.online\/fr\/wp-json\/wp\/v2\/comments?post=9136"}],"wp:featuredmedia":[{"embeddable":true,"href":"https:\/\/ryfi.online\/fr\/wp-json\/wp\/v2\/media\/8773"}],"wp:attachment":[{"href":"https:\/\/ryfi.online\/fr\/wp-json\/wp\/v2\/media?parent=9136"}],"wp:term":[{"taxonomy":"product_brand","embeddable":true,"href":"https:\/\/ryfi.online\/fr\/wp-json\/wp\/v2\/product_brand?post=9136"},{"taxonomy":"product_cat","embeddable":true,"href":"https:\/\/ryfi.online\/fr\/wp-json\/wp\/v2\/product_cat?post=9136"},{"taxonomy":"product_tag","embeddable":true,"href":"https:\/\/ryfi.online\/fr\/wp-json\/wp\/v2\/product_tag?post=9136"}],"curies":[{"name":"wp","href":"https:\/\/api.w.org\/{rel}","templated":true}]}}