{"id":7171,"date":"2021-10-31T09:17:52","date_gmt":"2021-11-01T09:52:51","guid":{"rendered":"https:\/\/ryfi.online\/product\/t-shirt-a-manches-longues-pour-garcons-avengers\/"},"modified":"2022-05-16T17:36:51","modified_gmt":"2022-05-16T17:36:51","slug":"t-shirt-avengers-enfants-manches-longues","status":"publish","type":"product","link":"https:\/\/ryfi.online\/fr\/produit\/t-shirt-avengers-enfants-manches-longues\/","title":{"rendered":"T-shirt \u00e0 manches longues pour enfants Avengers HU1296"},"content":{"rendered":"<p>Comme cadeau d&#8217;anniversaire, \u00e0 P\u00e2ques ou juste comme \u00e7a. Avec ce magnifique t-shirt Avengers, vous ne pouvez pas vous tromper ! La finition est excellente et les couleurs tr\u00e8s fortes. Lavable en machine \u00e0 30\u00b0C, pour une longue dur\u00e9e de vie, mais le lavage \u00e0 la main est recommand\u00e9. Avec ce t-shirt, les yeux des enfants commencent \u00e0 rayonner !<\/p>\n<ul>\n<li>T-shirt \u00e0 manches longues Avengers pour enfants<\/li>\n<li>100% coton \u00e0 manches longues Pour les vrais amoureux des Avengers<\/li>\n<li>\u00c2ge 4 ans, 6 ans, 8 ans et 10 ans<\/li>\n<\/ul>\n","protected":false},"excerpt":{"rendered":"<p>Exp\u00e9dition rapide et s\u00fbre en 1-3 jours ouvrables<\/p>\n","protected":false},"featured_media":6489,"comment_status":"open","ping_status":"closed","template":"","meta":[],"product_brand":[],"product_cat":[209],"product_tag":[],"class_list":{"0":"post-7171","1":"product","2":"type-product","3":"status-publish","4":"has-post-thumbnail","6":"product_cat-t-shirt-pour-garcons","8":"first","9":"instock","10":"featured","11":"taxable","12":"shipping-taxable","13":"purchasable","14":"product-type-variable"},"yoast_head":"<!-- This site is optimized with the Yoast SEO Premium plugin v17.1.2 (Yoast SEO v27.5) - https:\/\/yoast.com\/product\/yoast-seo-premium-wordpress\/ -->\n<title>Acheter en Ligne T-Shirt Enfants Avengers - Boutique en Ligne Ryfi<\/title>\n<meta name=\"description\" content=\"Achetez le t-shirt Kids Avengers en ligne \u00e0 des prix tr\u00e8s abordables. Notre t-shirt est en pur coton, ce qui le rend agr\u00e9able \u00e0 porter. Commandez maintenant!!\" \/>\n<meta name=\"robots\" content=\"index, follow, max-snippet:-1, max-image-preview:large, max-video-preview:-1\" \/>\n<link rel=\"canonical\" href=\"https:\/\/ryfi.online\/fr\/produit\/t-shirt-avengers-enfants-manches-longues\/\" \/>\n<meta property=\"og:locale\" content=\"fr_FR\" \/>\n<meta property=\"og:type\" content=\"article\" \/>\n<meta property=\"og:title\" content=\"T-shirt \u00e0 manches longues pour enfants Avengers HU1296\" \/>\n<meta property=\"og:description\" content=\"Achetez le t-shirt Kids Avengers en ligne \u00e0 des prix tr\u00e8s abordables. Notre t-shirt est en pur coton, ce qui le rend agr\u00e9able \u00e0 porter. Commandez maintenant!!\" \/>\n<meta property=\"og:url\" content=\"https:\/\/ryfi.online\/fr\/produit\/t-shirt-avengers-enfants-manches-longues\/\" \/>\n<meta property=\"og:site_name\" content=\"Ryfi Online Store\" \/>\n<meta property=\"article:publisher\" content=\"https:\/\/www.facebook.com\/ryfi.online\/\" \/>\n<meta property=\"article:modified_time\" content=\"2022-05-16T17:36:51+00:00\" \/>\n<meta property=\"og:image\" content=\"https:\/\/ryfi.online\/wp-content\/uploads\/2021\/10\/hu1296_bl.jpg\" \/>\n\t<meta property=\"og:image:width\" content=\"800\" \/>\n\t<meta property=\"og:image:height\" content=\"1200\" \/>\n\t<meta property=\"og:image:type\" content=\"image\/jpeg\" \/>\n<meta name=\"twitter:card\" content=\"summary_large_image\" \/>\n<meta name=\"twitter:label1\" content=\"Availability\" \/>\n\t<meta name=\"twitter:data1\" content=\"In stock\" \/>\n<meta property=\"product:brand\" content=\"T-shirt pour gar\u00e7ons\" \/>\n<meta property=\"og:availability\" content=\"instock\" \/>\n<meta property=\"product:availability\" content=\"instock\" \/>\n<meta property=\"product:condition\" content=\"new\" \/>\n<!-- \/ Yoast SEO Premium plugin. -->","yoast_head_json":{"title":"Acheter en Ligne T-Shirt Enfants Avengers - Boutique en Ligne Ryfi","description":"Achetez le t-shirt Kids Avengers en ligne \u00e0 des prix tr\u00e8s abordables. Notre t-shirt est en pur coton, ce qui le rend agr\u00e9able \u00e0 porter. Commandez maintenant!!","robots":{"index":"index","follow":"follow","max-snippet":"max-snippet:-1","max-image-preview":"max-image-preview:large","max-video-preview":"max-video-preview:-1"},"canonical":"https:\/\/ryfi.online\/fr\/produit\/t-shirt-avengers-enfants-manches-longues\/","og_locale":"fr_FR","og_type":"article","og_title":"T-shirt \u00e0 manches longues pour enfants Avengers HU1296","og_description":"Achetez le t-shirt Kids Avengers en ligne \u00e0 des prix tr\u00e8s abordables. Notre t-shirt est en pur coton, ce qui le rend agr\u00e9able \u00e0 porter. Commandez maintenant!!","og_url":"https:\/\/ryfi.online\/fr\/produit\/t-shirt-avengers-enfants-manches-longues\/","og_site_name":"Ryfi Online Store","article_publisher":"https:\/\/www.facebook.com\/ryfi.online\/","article_modified_time":"2022-05-16T17:36:51+00:00","og_image":[{"width":800,"height":1200,"url":"https:\/\/ryfi.online\/wp-content\/uploads\/2021\/10\/hu1296_bl.jpg","type":"image\/jpeg"}],"twitter_card":"summary_large_image","twitter_misc":{"Availability":"In stock"},"schema":{"@context":"https:\/\/schema.org","@graph":[{"@type":"WebPage","@id":"https:\/\/ryfi.online\/fr\/produit\/t-shirt-avengers-enfants-manches-longues\/","url":"https:\/\/ryfi.online\/fr\/produit\/t-shirt-avengers-enfants-manches-longues\/","name":"Acheter en Ligne T-Shirt Enfants Avengers - Boutique en Ligne Ryfi","isPartOf":{"@id":"https:\/\/ryfi.online\/fr\/#website"},"primaryImageOfPage":{"@id":"https:\/\/ryfi.online\/fr\/produit\/t-shirt-avengers-enfants-manches-longues\/#primaryimage"},"image":{"@id":"https:\/\/ryfi.online\/fr\/produit\/t-shirt-avengers-enfants-manches-longues\/#primaryimage"},"thumbnailUrl":"https:\/\/ryfi.online\/wp-content\/uploads\/2021\/10\/hu1296_bl.jpg","datePublished":"2021-11-01T09:52:51+00:00","dateModified":"2022-05-16T17:36:51+00:00","description":"Achetez le t-shirt Kids Avengers en ligne \u00e0 des prix tr\u00e8s abordables. Notre t-shirt est en pur coton, ce qui le rend agr\u00e9able \u00e0 porter. Commandez maintenant!!","breadcrumb":{"@id":"https:\/\/ryfi.online\/fr\/produit\/t-shirt-avengers-enfants-manches-longues\/#breadcrumb"},"inLanguage":"fr-FR","potentialAction":[{"@type":"ReadAction","target":["https:\/\/ryfi.online\/fr\/produit\/t-shirt-avengers-enfants-manches-longues\/"]}]},{"@type":"ImageObject","inLanguage":"fr-FR","@id":"https:\/\/ryfi.online\/fr\/produit\/t-shirt-avengers-enfants-manches-longues\/#primaryimage","url":"https:\/\/ryfi.online\/wp-content\/uploads\/2021\/10\/hu1296_bl.jpg","contentUrl":"https:\/\/ryfi.online\/wp-content\/uploads\/2021\/10\/hu1296_bl.jpg","width":800,"height":1200,"caption":"Camiseta para ninos Avengers -1"},{"@type":"BreadcrumbList","@id":"https:\/\/ryfi.online\/fr\/produit\/t-shirt-avengers-enfants-manches-longues\/#breadcrumb","itemListElement":[{"@type":"ListItem","position":1,"name":"Home","item":"https:\/\/ryfi.online\/fr\/"},{"@type":"ListItem","position":2,"name":"Free and Fast Shipping whitin 1-3 Days!!!","item":"https:\/\/ryfi.online\/shop\/"},{"@type":"ListItem","position":3,"name":"T-shirt \u00e0 manches longues pour enfants Avengers HU1296"}]},{"@type":"WebSite","@id":"https:\/\/ryfi.online\/fr\/#website","url":"https:\/\/ryfi.online\/fr\/","name":"Ryfi Online Store","description":"Online Store","publisher":{"@id":"https:\/\/ryfi.online\/fr\/#organization"},"potentialAction":[{"@type":"SearchAction","target":{"@type":"EntryPoint","urlTemplate":"https:\/\/ryfi.online\/fr\/?s={search_term_string}"},"query-input":{"@type":"PropertyValueSpecification","valueRequired":true,"valueName":"search_term_string"}}],"inLanguage":"fr-FR"},{"@type":"Organization","@id":"https:\/\/ryfi.online\/fr\/#organization","name":"Ryan Future Investments LLC","url":"https:\/\/ryfi.online\/fr\/","logo":{"@type":"ImageObject","inLanguage":"fr-FR","@id":"https:\/\/ryfi.online\/fr\/#\/schema\/logo\/image\/","url":"https:\/\/ryfi.online\/wp-content\/uploads\/2021\/03\/2-03.png","contentUrl":"https:\/\/ryfi.online\/wp-content\/uploads\/2021\/03\/2-03.png","width":1010,"height":310,"caption":"Ryan Future Investments LLC"},"image":{"@id":"https:\/\/ryfi.online\/fr\/#\/schema\/logo\/image\/"},"sameAs":["https:\/\/www.facebook.com\/ryfi.online\/"]}]},"product_brand":"T-shirt pour gar\u00e7ons","og_availability":"instock","product_availability":"instock","product_condition":"new"},"jetpack-related-posts":[{"id":9376,"url":"https:\/\/ryfi.online\/fr\/produit\/tee-shirt-manches-courtes-avengers-ev1060\/","url_meta":{"origin":7171,"position":0},"title":"T-shirt manches courtes Avengers pour enfants EV1060","date":"avril 29, 2022","format":false,"excerpt":"Exp\u00e9dition rapide et s\u00fbre en 1-3 jours ouvrables","rel":"","context":"Article similaire","img":{"alt_text":"","src":"https:\/\/i0.wp.com\/ryfi.online\/wp-content\/uploads\/2022\/04\/ev1060.jpg?resize=350%2C200&ssl=1","width":350,"height":200},"classes":[]},{"id":3829,"url":"https:\/\/ryfi.online\/fr\/produit\/t-shirt-manches-longues-spiderman\/","url_meta":{"origin":7171,"position":1},"title":"T-shirt \u00e0 manches longues Spiderman HU1007","date":"octobre 8, 2021","format":false,"excerpt":"Livraison gratuite en 1-3 jours ouvrables","rel":"","context":"Article similaire","img":{"alt_text":"T-shirt enfant Spiderman - 1","src":"https:\/\/i0.wp.com\/ryfi.online\/wp-content\/uploads\/2021\/10\/hu1007.jpg?resize=350%2C200&ssl=1","width":350,"height":200},"classes":[]},{"id":3169,"url":"https:\/\/ryfi.online\/fr\/produit\/t-shirt-paw-patrol-garcons-manches-longues\/","url_meta":{"origin":7171,"position":2},"title":"Pat&#8217; Patrouille &#8211; T-shirt \u00e0 manches longues pour gar\u00e7on HU1023","date":"octobre 8, 2021","format":false,"excerpt":"Exp\u00e9dition rapide et s\u00fbre en 1-3 jours ouvrables","rel":"","context":"Article similaire","img":{"alt_text":"Camiseta para ninos Paw Patrol -1","src":"https:\/\/i0.wp.com\/ryfi.online\/wp-content\/uploads\/2021\/10\/hu1023.jpg?resize=350%2C200&ssl=1","width":350,"height":200},"classes":[]},{"id":3267,"url":"https:\/\/ryfi.online\/fr\/produit\/t-shirt-manches-longues-filles-congelees\/","url_meta":{"origin":7171,"position":3},"title":"T-shirt \u00e0 manches longues pour filles Frozen HU1095","date":"octobre 8, 2021","format":false,"excerpt":"Exp\u00e9dition rapide et s\u00fbre en 1-3 jours ouvrables","rel":"","context":"Article similaire","img":{"alt_text":"Camiseta para ninas Frozen -1","src":"https:\/\/i0.wp.com\/ryfi.online\/wp-content\/uploads\/2021\/10\/hu1095.jpg?resize=350%2C200&ssl=1","width":350,"height":200},"classes":[]},{"id":3225,"url":"https:\/\/ryfi.online\/fr\/produit\/t-shirt-manches-longues-fille-coccinelle\/","url_meta":{"origin":7171,"position":4},"title":"T-shirt manches longues fille coccinelle HU1097","date":"octobre 8, 2021","format":false,"excerpt":"Exp\u00e9dition rapide et s\u00fbre en 1-3 jours ouvrables","rel":"","context":"Article similaire","img":{"alt_text":"Camiseta para ninas Lady Bug -1","src":"https:\/\/i0.wp.com\/ryfi.online\/wp-content\/uploads\/2021\/10\/hu1097.jpg?resize=350%2C200&ssl=1","width":350,"height":200},"classes":[]},{"id":7157,"url":"https:\/\/ryfi.online\/fr\/produit\/tee-shirt-cars-ninos-manches-longues\/","url_meta":{"origin":7171,"position":5},"title":"T-shirt \u00e0 manches longues pour enfants Cars HU1320","date":"octobre 31, 2021","format":false,"excerpt":"Exp\u00e9dition rapide et s\u00fbre en 1-3 jours ouvrables","rel":"","context":"Article similaire","img":{"alt_text":"Camiseta para ninos Cars -1","src":"https:\/\/i0.wp.com\/ryfi.online\/wp-content\/uploads\/2021\/10\/hu1320_bl.jpg?resize=350%2C200&ssl=1","width":350,"height":200},"classes":[]}],"_links":{"self":[{"href":"https:\/\/ryfi.online\/fr\/wp-json\/wp\/v2\/product\/7171","targetHints":{"allow":["GET"]}}],"collection":[{"href":"https:\/\/ryfi.online\/fr\/wp-json\/wp\/v2\/product"}],"about":[{"href":"https:\/\/ryfi.online\/fr\/wp-json\/wp\/v2\/types\/product"}],"replies":[{"embeddable":true,"href":"https:\/\/ryfi.online\/fr\/wp-json\/wp\/v2\/comments?post=7171"}],"wp:featuredmedia":[{"embeddable":true,"href":"https:\/\/ryfi.online\/fr\/wp-json\/wp\/v2\/media\/6489"}],"wp:attachment":[{"href":"https:\/\/ryfi.online\/fr\/wp-json\/wp\/v2\/media?parent=7171"}],"wp:term":[{"taxonomy":"product_brand","embeddable":true,"href":"https:\/\/ryfi.online\/fr\/wp-json\/wp\/v2\/product_brand?post=7171"},{"taxonomy":"product_cat","embeddable":true,"href":"https:\/\/ryfi.online\/fr\/wp-json\/wp\/v2\/product_cat?post=7171"},{"taxonomy":"product_tag","embeddable":true,"href":"https:\/\/ryfi.online\/fr\/wp-json\/wp\/v2\/product_tag?post=7171"}],"curies":[{"name":"wp","href":"https:\/\/api.w.org\/{rel}","templated":true}]}}