{"id":7129,"date":"2021-10-31T09:45:53","date_gmt":"2021-11-01T09:52:44","guid":{"rendered":"https:\/\/ryfi.online\/product\/pantalon-de-jogging-sun-city-avengers-pour-garcons\/"},"modified":"2022-05-16T17:36:12","modified_gmt":"2022-05-16T17:36:12","slug":"pantalon-de-survetement-sun-city-avengers-pour-garcons","status":"publish","type":"product","link":"https:\/\/ryfi.online\/fr\/produit\/pantalon-de-survetement-sun-city-avengers-pour-garcons\/","title":{"rendered":"Sun City Avengers Pantalon de jogging pour gar\u00e7on HU1297"},"content":{"rendered":"<p>Comme cadeau d&#8217;anniversaire, \u00e0 P\u00e2ques ou juste comme \u00e7a. Avec ce magnifique pantalon Avengers, vous ne pouvez pas vous tromper ! La finition est excellente et les couleurs tr\u00e8s fortes. Lavable en machine \u00e0 30\u00b0C, pour une longue dur\u00e9e de vie, mais le lavage \u00e0 la main est recommand\u00e9. Avec ce t-shirt, les yeux des enfants commencent \u00e0 rayonner !<\/p>\n<ul>\n<li>Particularit\u00e9s : texte sympa sur les c\u00f4t\u00e9s des jambes.<\/li>\n<li>Taille \u00e9lastiqu\u00e9e avec cordon de serrage fixe (longueur environ 30 cm) \u00e0 nouer.<\/li>\n<li>Poches : 2 poches lat\u00e9rales.<\/li>\n<li>Mati\u00e8re : 100 % polyester.<\/li>\n<li>Lavage en machine jusqu&#8217;\u00e0 30\u00b0C.<\/li>\n<li>Ne convient pas au s\u00e8che-linge.<\/li>\n<li>Produit officiel.<\/li>\n<li><span class=\"a-list-item\">MERCHANDISING OFFICIEL DE MARVEL<\/span><\/li>\n<li>\u00c2ge 4 ans, 6 ans, 8 ans et 10 ans<\/li>\n<\/ul>\n","protected":false},"excerpt":{"rendered":"<p>Exp\u00e9dition rapide et s\u00fbre en 1-3 jours ouvrables<\/p>\n","protected":false},"featured_media":6537,"comment_status":"open","ping_status":"closed","template":"","meta":[],"product_brand":[],"product_cat":[222],"product_tag":[],"class_list":{"0":"post-7129","1":"product","2":"type-product","3":"status-publish","4":"has-post-thumbnail","6":"product_cat-survetement","8":"first","9":"instock","10":"featured","11":"taxable","12":"shipping-taxable","13":"purchasable","14":"product-type-variable"},"yoast_head":"<!-- This site is optimized with the Yoast SEO Premium plugin v17.1.2 (Yoast SEO v27.4) - https:\/\/yoast.com\/product\/yoast-seo-premium-wordpress\/ -->\n<title>Sun City Avengers Pantalon de jogging pour gar\u00e7on HU1297 - Ryfi Online Store<\/title>\n<meta name=\"description\" content=\"Si vous \u00eates un vrai fan des Avengers, vous devez acheter des pantalons de surv\u00eatement Avengers sur notre boutique en ligne. Notre ensemble est sp\u00e9cialement con\u00e7u pour les amoureux des Avengers. Commandez maintenant!!\" \/>\n<meta name=\"robots\" content=\"index, follow, max-snippet:-1, max-image-preview:large, max-video-preview:-1\" \/>\n<link rel=\"canonical\" href=\"https:\/\/ryfi.online\/fr\/produit\/pantalon-de-survetement-sun-city-avengers-pour-garcons\/\" \/>\n<meta property=\"og:locale\" content=\"fr_FR\" \/>\n<meta property=\"og:type\" content=\"article\" \/>\n<meta property=\"og:title\" content=\"Sun City Avengers Pantalon de jogging pour gar\u00e7on HU1297\" \/>\n<meta property=\"og:description\" content=\"Si vous \u00eates un vrai fan des Avengers, vous devez acheter des pantalons de surv\u00eatement Avengers sur notre boutique en ligne. Notre ensemble est sp\u00e9cialement con\u00e7u pour les amoureux des Avengers. Commandez maintenant!!\" \/>\n<meta property=\"og:url\" content=\"https:\/\/ryfi.online\/fr\/produit\/pantalon-de-survetement-sun-city-avengers-pour-garcons\/\" \/>\n<meta property=\"og:site_name\" content=\"Ryfi Online Store\" \/>\n<meta property=\"article:publisher\" content=\"https:\/\/www.facebook.com\/ryfi.online\/\" \/>\n<meta property=\"article:modified_time\" content=\"2022-05-16T17:36:12+00:00\" \/>\n<meta property=\"og:image\" content=\"https:\/\/ryfi.online\/wp-content\/uploads\/2021\/10\/hu1297.jpg\" \/>\n\t<meta property=\"og:image:width\" content=\"800\" \/>\n\t<meta property=\"og:image:height\" content=\"565\" \/>\n\t<meta property=\"og:image:type\" content=\"image\/jpeg\" \/>\n<meta name=\"twitter:card\" content=\"summary_large_image\" \/>\n<meta name=\"twitter:label1\" content=\"Availability\" \/>\n\t<meta name=\"twitter:data1\" content=\"In stock\" \/>\n<meta property=\"product:brand\" content=\"Surv\u00eatement\" \/>\n<meta property=\"og:availability\" content=\"instock\" \/>\n<meta property=\"product:availability\" content=\"instock\" \/>\n<meta property=\"product:condition\" content=\"new\" \/>\n<!-- \/ Yoast SEO Premium plugin. -->","yoast_head_json":{"title":"Sun City Avengers Pantalon de jogging pour gar\u00e7on HU1297 - Ryfi Online Store","description":"Si vous \u00eates un vrai fan des Avengers, vous devez acheter des pantalons de surv\u00eatement Avengers sur notre boutique en ligne. Notre ensemble est sp\u00e9cialement con\u00e7u pour les amoureux des Avengers. Commandez maintenant!!","robots":{"index":"index","follow":"follow","max-snippet":"max-snippet:-1","max-image-preview":"max-image-preview:large","max-video-preview":"max-video-preview:-1"},"canonical":"https:\/\/ryfi.online\/fr\/produit\/pantalon-de-survetement-sun-city-avengers-pour-garcons\/","og_locale":"fr_FR","og_type":"article","og_title":"Sun City Avengers Pantalon de jogging pour gar\u00e7on HU1297","og_description":"Si vous \u00eates un vrai fan des Avengers, vous devez acheter des pantalons de surv\u00eatement Avengers sur notre boutique en ligne. Notre ensemble est sp\u00e9cialement con\u00e7u pour les amoureux des Avengers. Commandez maintenant!!","og_url":"https:\/\/ryfi.online\/fr\/produit\/pantalon-de-survetement-sun-city-avengers-pour-garcons\/","og_site_name":"Ryfi Online Store","article_publisher":"https:\/\/www.facebook.com\/ryfi.online\/","article_modified_time":"2022-05-16T17:36:12+00:00","og_image":[{"width":800,"height":565,"url":"https:\/\/ryfi.online\/wp-content\/uploads\/2021\/10\/hu1297.jpg","type":"image\/jpeg"}],"twitter_card":"summary_large_image","twitter_misc":{"Availability":"In stock"},"schema":{"@context":"https:\/\/schema.org","@graph":[{"@type":"WebPage","@id":"https:\/\/ryfi.online\/fr\/produit\/pantalon-de-survetement-sun-city-avengers-pour-garcons\/","url":"https:\/\/ryfi.online\/fr\/produit\/pantalon-de-survetement-sun-city-avengers-pour-garcons\/","name":"Sun City Avengers Pantalon de jogging pour gar\u00e7on HU1297 - Ryfi Online Store","isPartOf":{"@id":"https:\/\/ryfi.online\/fr\/#website"},"primaryImageOfPage":{"@id":"https:\/\/ryfi.online\/fr\/produit\/pantalon-de-survetement-sun-city-avengers-pour-garcons\/#primaryimage"},"image":{"@id":"https:\/\/ryfi.online\/fr\/produit\/pantalon-de-survetement-sun-city-avengers-pour-garcons\/#primaryimage"},"thumbnailUrl":"https:\/\/ryfi.online\/wp-content\/uploads\/2021\/10\/hu1297.jpg","datePublished":"2021-11-01T09:52:44+00:00","dateModified":"2022-05-16T17:36:12+00:00","description":"Si vous \u00eates un vrai fan des Avengers, vous devez acheter des pantalons de surv\u00eatement Avengers sur notre boutique en ligne. Notre ensemble est sp\u00e9cialement con\u00e7u pour les amoureux des Avengers. Commandez maintenant!!","breadcrumb":{"@id":"https:\/\/ryfi.online\/fr\/produit\/pantalon-de-survetement-sun-city-avengers-pour-garcons\/#breadcrumb"},"inLanguage":"fr-FR","potentialAction":[{"@type":"ReadAction","target":["https:\/\/ryfi.online\/fr\/produit\/pantalon-de-survetement-sun-city-avengers-pour-garcons\/"]}]},{"@type":"ImageObject","inLanguage":"fr-FR","@id":"https:\/\/ryfi.online\/fr\/produit\/pantalon-de-survetement-sun-city-avengers-pour-garcons\/#primaryimage","url":"https:\/\/ryfi.online\/wp-content\/uploads\/2021\/10\/hu1297.jpg","contentUrl":"https:\/\/ryfi.online\/wp-content\/uploads\/2021\/10\/hu1297.jpg","width":800,"height":565,"caption":"Chandals para ninos Avengers -1"},{"@type":"BreadcrumbList","@id":"https:\/\/ryfi.online\/fr\/produit\/pantalon-de-survetement-sun-city-avengers-pour-garcons\/#breadcrumb","itemListElement":[{"@type":"ListItem","position":1,"name":"Home","item":"https:\/\/ryfi.online\/fr\/"},{"@type":"ListItem","position":2,"name":"Free and Fast Shipping whitin 1-3 Days!!!","item":"https:\/\/ryfi.online\/shop\/"},{"@type":"ListItem","position":3,"name":"Sun City Avengers Pantalon de jogging pour gar\u00e7on HU1297"}]},{"@type":"WebSite","@id":"https:\/\/ryfi.online\/fr\/#website","url":"https:\/\/ryfi.online\/fr\/","name":"Ryfi Online Store","description":"Online Store","publisher":{"@id":"https:\/\/ryfi.online\/fr\/#organization"},"potentialAction":[{"@type":"SearchAction","target":{"@type":"EntryPoint","urlTemplate":"https:\/\/ryfi.online\/fr\/?s={search_term_string}"},"query-input":{"@type":"PropertyValueSpecification","valueRequired":true,"valueName":"search_term_string"}}],"inLanguage":"fr-FR"},{"@type":"Organization","@id":"https:\/\/ryfi.online\/fr\/#organization","name":"Ryan Future Investments LLC","url":"https:\/\/ryfi.online\/fr\/","logo":{"@type":"ImageObject","inLanguage":"fr-FR","@id":"https:\/\/ryfi.online\/fr\/#\/schema\/logo\/image\/","url":"https:\/\/ryfi.online\/wp-content\/uploads\/2021\/03\/2-03.png","contentUrl":"https:\/\/ryfi.online\/wp-content\/uploads\/2021\/03\/2-03.png","width":1010,"height":310,"caption":"Ryan Future Investments LLC"},"image":{"@id":"https:\/\/ryfi.online\/fr\/#\/schema\/logo\/image\/"},"sameAs":["https:\/\/www.facebook.com\/ryfi.online\/"]}]},"product_brand":"Surv\u00eatement","og_availability":"instock","product_availability":"instock","product_condition":"new"},"jetpack-related-posts":[{"id":3765,"url":"https:\/\/ryfi.online\/fr\/produit\/pyjama-long-coralina-avengers\/","url_meta":{"origin":7129,"position":0},"title":"Coraline Avengers Pyjama Long HU7382","date":"octobre 8, 2021","format":false,"excerpt":"Exp\u00e9dition rapide et s\u00fbre en 1-3 jours ouvrables","rel":"","context":"Article similaire","img":{"alt_text":"","src":"https:\/\/i0.wp.com\/ryfi.online\/wp-content\/uploads\/2021\/10\/hu7382.i00.b.jpg?resize=350%2C200&ssl=1","width":350,"height":200},"classes":[]},{"id":3925,"url":"https:\/\/ryfi.online\/fr\/produit\/pantalons-de-jogging-pour-fille-avec-motif-peppa-pig\/","url_meta":{"origin":7129,"position":1},"title":"Pantalon de surv\u00eatement fille imprim\u00e9 Peppa Pig TH1251","date":"octobre 8, 2021","format":false,"excerpt":"Exp\u00e9dition rapide et s\u00fbre en 1-3 jours ouvrables","rel":"","context":"Article similaire","img":{"alt_text":"Surv\u00eatement pour filles Peppa Pig","src":"https:\/\/i0.wp.com\/ryfi.online\/wp-content\/uploads\/2021\/10\/th1251-Copy.jpg?resize=350%2C200&ssl=1","width":350,"height":200},"classes":[]},{"id":4167,"url":"https:\/\/ryfi.online\/fr\/produit\/minions-hoodie-sweatshirt-pour-garcon-minions-produit-officiel\/","url_meta":{"origin":7129,"position":2},"title":"Sweat \u00e0 capuche Minions gar\u00e7on &#8211; Produit officiel Minions EP1033","date":"octobre 8, 2021","format":false,"excerpt":"Exp\u00e9dition rapide et s\u00e9curis\u00e9e en 1 \u00e0 3 jours. travail","rel":"","context":"Article similaire","img":{"alt_text":"","src":"https:\/\/i0.wp.com\/ryfi.online\/wp-content\/uploads\/2021\/10\/ep1033.jpg?resize=350%2C200&ssl=1","width":350,"height":200},"classes":[]},{"id":4139,"url":"https:\/\/ryfi.online\/fr\/produit\/sweat-a-capuche-minion-pour-fille\/","url_meta":{"origin":7129,"position":3},"title":"MINION &#8211; Sweat \u00e0 capuche &#8211; pour fille PH1522","date":"octobre 8, 2021","format":false,"excerpt":"Exp\u00e9dition rapide et s\u00fbre en 1-3 jours ouvrables","rel":"","context":"Article similaire","img":{"alt_text":"","src":"https:\/\/i0.wp.com\/ryfi.online\/wp-content\/uploads\/2021\/10\/ph1522.jpg?resize=350%2C200&ssl=1","width":350,"height":200},"classes":[]},{"id":4052,"url":"https:\/\/ryfi.online\/fr\/produit\/pantalon-de-survetement-star-wars\/","url_meta":{"origin":7129,"position":4},"title":"Pantalon de surv\u00eatement Star Wars APH1544","date":"octobre 8, 2021","format":false,"excerpt":"Exp\u00e9dition rapide et s\u00fbre en 1-3 jours ouvrables","rel":"","context":"Article similaire","img":{"alt_text":"Surv\u00eatements pour enfants Star Wars -1","src":"https:\/\/i0.wp.com\/ryfi.online\/wp-content\/uploads\/2021\/10\/aph1544.jpg?resize=350%2C200&ssl=1","width":350,"height":200},"classes":[]},{"id":4854,"url":"https:\/\/ryfi.online\/fr\/produit\/marvel-avengers-t-shirt-et-short-enfant\/","url_meta":{"origin":7129,"position":5},"title":"Ensemble t-shirt et pantalon Avengers pour enfants UE1068","date":"juillet 30, 2021","format":false,"excerpt":"Exp\u00e9dition rapide et s\u00fbre en 1-3 jours ouvrables","rel":"","context":"Article similaire","img":{"alt_text":"Conjunto camiseta pantalones Avengers","src":"https:\/\/i0.wp.com\/ryfi.online\/wp-content\/uploads\/2021\/07\/ue1068.jpg?resize=350%2C200&ssl=1","width":350,"height":200},"classes":[]}],"_links":{"self":[{"href":"https:\/\/ryfi.online\/fr\/wp-json\/wp\/v2\/product\/7129","targetHints":{"allow":["GET"]}}],"collection":[{"href":"https:\/\/ryfi.online\/fr\/wp-json\/wp\/v2\/product"}],"about":[{"href":"https:\/\/ryfi.online\/fr\/wp-json\/wp\/v2\/types\/product"}],"replies":[{"embeddable":true,"href":"https:\/\/ryfi.online\/fr\/wp-json\/wp\/v2\/comments?post=7129"}],"wp:featuredmedia":[{"embeddable":true,"href":"https:\/\/ryfi.online\/fr\/wp-json\/wp\/v2\/media\/6537"}],"wp:attachment":[{"href":"https:\/\/ryfi.online\/fr\/wp-json\/wp\/v2\/media?parent=7129"}],"wp:term":[{"taxonomy":"product_brand","embeddable":true,"href":"https:\/\/ryfi.online\/fr\/wp-json\/wp\/v2\/product_brand?post=7129"},{"taxonomy":"product_cat","embeddable":true,"href":"https:\/\/ryfi.online\/fr\/wp-json\/wp\/v2\/product_cat?post=7129"},{"taxonomy":"product_tag","embeddable":true,"href":"https:\/\/ryfi.online\/fr\/wp-json\/wp\/v2\/product_tag?post=7129"}],"curies":[{"name":"wp","href":"https:\/\/api.w.org\/{rel}","templated":true}]}}