{"id":6965,"date":"2021-10-31T10:16:33","date_gmt":"2021-11-01T09:51:25","guid":{"rendered":"https:\/\/ryfi.online\/product\/pat-patrouille-parapluie-transparent\/"},"modified":"2023-02-03T23:03:47","modified_gmt":"2023-02-03T23:03:47","slug":"transparent-parapluie-patte-patrouille","status":"publish","type":"product","link":"https:\/\/ryfi.online\/fr\/produit\/transparent-parapluie-patte-patrouille\/","title":{"rendered":"Parapluie Transparent Paw Patrol HU9147.E00"},"content":{"rendered":"<p>Parapluie Paw Patrol transparent Pour les vrais fans de Paw Patrol<\/p>\n<ul class=\"a-unordered-list a-vertical a-spacing-mini\">\n<li><span class=\"a-list-item\">Parapluie pour enfants Paw Patrol<br \/>\n<\/span><\/li>\n<li><span class=\"a-list-item\">Transparent<\/span><\/li>\n<li><span class=\"a-list-item\">Automatique<\/span><\/li>\n<\/ul>\n","protected":false},"excerpt":{"rendered":"<p>Exp\u00e9dition rapide et s\u00fbre en 1-3 jours ouvrables<\/p>\n","protected":false},"featured_media":6635,"comment_status":"open","ping_status":"closed","template":"","meta":[],"product_brand":[],"product_cat":[275,288],"product_tag":[],"class_list":{"0":"post-6965","1":"product","2":"type-product","3":"status-publish","4":"has-post-thumbnail","6":"product_cat-parapluie","7":"product_cat-parapluie-enfant","9":"first","10":"instock","11":"featured","12":"taxable","13":"shipping-taxable","14":"purchasable","15":"product-type-variable"},"yoast_head":"<!-- This site is optimized with the Yoast SEO Premium plugin v17.1.2 (Yoast SEO v27.5) - https:\/\/yoast.com\/product\/yoast-seo-premium-wordpress\/ -->\n<title>Parapluie Transparent Paw Patrol HU9147.E00 - Ryfi Online Store<\/title>\n<meta name=\"robots\" content=\"index, follow, max-snippet:-1, max-image-preview:large, max-video-preview:-1\" \/>\n<link rel=\"canonical\" href=\"https:\/\/ryfi.online\/fr\/produit\/transparent-parapluie-patte-patrouille\/\" \/>\n<meta property=\"og:locale\" content=\"fr_FR\" \/>\n<meta property=\"og:type\" content=\"article\" \/>\n<meta property=\"og:title\" content=\"Parapluie Transparent Paw Patrol HU9147.E00\" \/>\n<meta property=\"og:description\" content=\"Exp\u00e9dition rapide et s\u00fbre en 1-3 jours ouvrables\" \/>\n<meta property=\"og:url\" content=\"https:\/\/ryfi.online\/fr\/produit\/transparent-parapluie-patte-patrouille\/\" \/>\n<meta property=\"og:site_name\" content=\"Ryfi Online Store\" \/>\n<meta property=\"article:publisher\" content=\"https:\/\/www.facebook.com\/ryfi.online\/\" \/>\n<meta property=\"article:modified_time\" content=\"2023-02-03T23:03:47+00:00\" \/>\n<meta property=\"og:image\" content=\"https:\/\/ryfi.online\/wp-content\/uploads\/2021\/10\/hu9147.e001.jpg\" \/>\n\t<meta property=\"og:image:width\" content=\"2256\" \/>\n\t<meta property=\"og:image:height\" content=\"1948\" \/>\n\t<meta property=\"og:image:type\" content=\"image\/jpeg\" \/>\n<meta name=\"twitter:card\" content=\"summary_large_image\" \/>\n<meta name=\"twitter:label1\" content=\"Availability\" \/>\n\t<meta name=\"twitter:data1\" content=\"In stock\" \/>\n<meta property=\"product:brand\" content=\"parapluie enfant\" \/>\n<meta property=\"og:availability\" content=\"instock\" \/>\n<meta property=\"product:availability\" content=\"instock\" \/>\n<meta property=\"product:condition\" content=\"new\" \/>\n<!-- \/ Yoast SEO Premium plugin. -->","yoast_head_json":{"title":"Parapluie Transparent Paw Patrol HU9147.E00 - Ryfi Online Store","robots":{"index":"index","follow":"follow","max-snippet":"max-snippet:-1","max-image-preview":"max-image-preview:large","max-video-preview":"max-video-preview:-1"},"canonical":"https:\/\/ryfi.online\/fr\/produit\/transparent-parapluie-patte-patrouille\/","og_locale":"fr_FR","og_type":"article","og_title":"Parapluie Transparent Paw Patrol HU9147.E00","og_description":"Exp\u00e9dition rapide et s\u00fbre en 1-3 jours ouvrables","og_url":"https:\/\/ryfi.online\/fr\/produit\/transparent-parapluie-patte-patrouille\/","og_site_name":"Ryfi Online Store","article_publisher":"https:\/\/www.facebook.com\/ryfi.online\/","article_modified_time":"2023-02-03T23:03:47+00:00","og_image":[{"width":2256,"height":1948,"url":"https:\/\/ryfi.online\/wp-content\/uploads\/2021\/10\/hu9147.e001.jpg","type":"image\/jpeg"}],"twitter_card":"summary_large_image","twitter_misc":{"Availability":"In stock"},"schema":{"@context":"https:\/\/schema.org","@graph":[{"@type":"WebPage","@id":"https:\/\/ryfi.online\/fr\/produit\/transparent-parapluie-patte-patrouille\/","url":"https:\/\/ryfi.online\/fr\/produit\/transparent-parapluie-patte-patrouille\/","name":"Parapluie Transparent Paw Patrol HU9147.E00 - Ryfi Online Store","isPartOf":{"@id":"https:\/\/ryfi.online\/fr\/#website"},"primaryImageOfPage":{"@id":"https:\/\/ryfi.online\/fr\/produit\/transparent-parapluie-patte-patrouille\/#primaryimage"},"image":{"@id":"https:\/\/ryfi.online\/fr\/produit\/transparent-parapluie-patte-patrouille\/#primaryimage"},"thumbnailUrl":"https:\/\/ryfi.online\/wp-content\/uploads\/2021\/10\/hu9147.e001.jpg","datePublished":"2021-11-01T09:51:25+00:00","dateModified":"2023-02-03T23:03:47+00:00","breadcrumb":{"@id":"https:\/\/ryfi.online\/fr\/produit\/transparent-parapluie-patte-patrouille\/#breadcrumb"},"inLanguage":"fr-FR","potentialAction":[{"@type":"ReadAction","target":["https:\/\/ryfi.online\/fr\/produit\/transparent-parapluie-patte-patrouille\/"]}]},{"@type":"ImageObject","inLanguage":"fr-FR","@id":"https:\/\/ryfi.online\/fr\/produit\/transparent-parapluie-patte-patrouille\/#primaryimage","url":"https:\/\/ryfi.online\/wp-content\/uploads\/2021\/10\/hu9147.e001.jpg","contentUrl":"https:\/\/ryfi.online\/wp-content\/uploads\/2021\/10\/hu9147.e001.jpg","width":2256,"height":1948},{"@type":"BreadcrumbList","@id":"https:\/\/ryfi.online\/fr\/produit\/transparent-parapluie-patte-patrouille\/#breadcrumb","itemListElement":[{"@type":"ListItem","position":1,"name":"Home","item":"https:\/\/ryfi.online\/fr\/"},{"@type":"ListItem","position":2,"name":"Free and Fast Shipping whitin 1-3 Days!!!","item":"https:\/\/ryfi.online\/shop\/"},{"@type":"ListItem","position":3,"name":"Parapluie Transparent Paw Patrol HU9147.E00"}]},{"@type":"WebSite","@id":"https:\/\/ryfi.online\/fr\/#website","url":"https:\/\/ryfi.online\/fr\/","name":"Ryfi Online Store","description":"Online Store","publisher":{"@id":"https:\/\/ryfi.online\/fr\/#organization"},"potentialAction":[{"@type":"SearchAction","target":{"@type":"EntryPoint","urlTemplate":"https:\/\/ryfi.online\/fr\/?s={search_term_string}"},"query-input":{"@type":"PropertyValueSpecification","valueRequired":true,"valueName":"search_term_string"}}],"inLanguage":"fr-FR"},{"@type":"Organization","@id":"https:\/\/ryfi.online\/fr\/#organization","name":"Ryan Future Investments LLC","url":"https:\/\/ryfi.online\/fr\/","logo":{"@type":"ImageObject","inLanguage":"fr-FR","@id":"https:\/\/ryfi.online\/fr\/#\/schema\/logo\/image\/","url":"https:\/\/ryfi.online\/wp-content\/uploads\/2021\/03\/2-03.png","contentUrl":"https:\/\/ryfi.online\/wp-content\/uploads\/2021\/03\/2-03.png","width":1010,"height":310,"caption":"Ryan Future Investments LLC"},"image":{"@id":"https:\/\/ryfi.online\/fr\/#\/schema\/logo\/image\/"},"sameAs":["https:\/\/www.facebook.com\/ryfi.online\/"]}]},"product_brand":"parapluie enfant","og_availability":"instock","product_availability":"instock","product_condition":"new"},"jetpack-related-posts":[{"id":6964,"url":"https:\/\/ryfi.online\/product\/transparent-umbrella-paw-patrol\/","url_meta":{"origin":6965,"position":0},"title":"Transparent Umbrella Paw Patrol HU9147.E00","date":"octobre 31, 2021","format":false,"excerpt":"Fast and safe shipping in 1-3 business days","rel":"","context":"Article similaire","img":{"alt_text":"","src":"https:\/\/i0.wp.com\/ryfi.online\/wp-content\/uploads\/2021\/10\/hu9147.e001.jpg?resize=350%2C200&ssl=1","width":350,"height":200},"classes":[]},{"id":6961,"url":"https:\/\/ryfi.online\/de\/produkt\/transparent-regenschirm-pfote-patrouille\/","url_meta":{"origin":6965,"position":1},"title":"Transparenter Regenschirm Paw Patrol HU9147.E00","date":"octobre 31, 2021","format":false,"excerpt":"Schneller und sicherer Versand in 1-3 Werktagen","rel":"","context":"Article similaire","img":{"alt_text":"","src":"https:\/\/i0.wp.com\/ryfi.online\/wp-content\/uploads\/2021\/10\/hu9147.e001.jpg?resize=350%2C200&ssl=1","width":350,"height":200},"classes":[]},{"id":5470,"url":"https:\/\/ryfi.online\/fr\/produit\/nickelodeon-paw-patrol-cartoon-t-shirt-pour-filles\/","url_meta":{"origin":6965,"position":2},"title":"T-shirt de dessin anim\u00e9 Nickelodeon Paw Patrol pour filles","date":"juin 15, 2021","format":false,"excerpt":"Livraison gratuite 1-3 jours ouvrables Retour gratuit","rel":"","context":"Article similaire","img":{"alt_text":"T-shirt Pat' Patrouille","src":"https:\/\/i0.wp.com\/ryfi.online\/wp-content\/uploads\/2021\/06\/se1488_dfu.jpg?resize=350%2C200&ssl=1","width":350,"height":200},"classes":[]},{"id":11381,"url":"https:\/\/ryfi.online\/ro\/produs\/transparent-umbrela-patrula-laba\/","url_meta":{"origin":6965,"position":3},"title":"Umbrela Transparenta Paw Patrol HU9147.E00","date":"octobre 31, 2021","format":false,"excerpt":"Livrare rapid\u0103 \u0219i sigur\u0103 \u00een 1-3 zile lucr\u0103toare","rel":"","context":"Article similaire","img":{"alt_text":"","src":"https:\/\/i0.wp.com\/ryfi.online\/wp-content\/uploads\/2021\/10\/hu9147.e001.jpg?resize=350%2C200&ssl=1","width":350,"height":200},"classes":[]},{"id":5431,"url":"https:\/\/ryfi.online\/fr\/produit\/nickelodeon-paw-patrol-cartoon-t-shirt-pour-enfants\/","url_meta":{"origin":6965,"position":4},"title":"T-shirt de dessin anim\u00e9 Nickelodeon Paw Patrol pour enfants","date":"juin 15, 2021","format":false,"excerpt":"Livraison gratuite 1-3 jours ouvrables Retour gratuit","rel":"","context":"Article similaire","img":{"alt_text":"T-shirt Pat' Patrouille","src":"https:\/\/i0.wp.com\/ryfi.online\/wp-content\/uploads\/2021\/06\/ue1153_bl.jpg?resize=350%2C200&ssl=1","width":350,"height":200},"classes":[]},{"id":5850,"url":"https:\/\/ryfi.online\/fr\/produit\/fille-nickelodeon-paw-patrol-maillot-de-bain-maillot-de-bain-pour-fille\/","url_meta":{"origin":6965,"position":5},"title":"Filles Nickelodeon Paw Patrol Maillot de Bain SE1828","date":"juin 9, 2021","format":false,"excerpt":"Exp\u00e9dition rapide et s\u00e9curis\u00e9e en 1 \u00e0 3 jours ouvrables","rel":"","context":"Article similaire","img":{"alt_text":"Pat Patrouille Nickelodeon","src":"https:\/\/i0.wp.com\/ryfi.online\/wp-content\/uploads\/2021\/06\/se1828_pi.jpg?resize=350%2C200&ssl=1","width":350,"height":200},"classes":[]}],"_links":{"self":[{"href":"https:\/\/ryfi.online\/fr\/wp-json\/wp\/v2\/product\/6965","targetHints":{"allow":["GET"]}}],"collection":[{"href":"https:\/\/ryfi.online\/fr\/wp-json\/wp\/v2\/product"}],"about":[{"href":"https:\/\/ryfi.online\/fr\/wp-json\/wp\/v2\/types\/product"}],"replies":[{"embeddable":true,"href":"https:\/\/ryfi.online\/fr\/wp-json\/wp\/v2\/comments?post=6965"}],"wp:featuredmedia":[{"embeddable":true,"href":"https:\/\/ryfi.online\/fr\/wp-json\/wp\/v2\/media\/6635"}],"wp:attachment":[{"href":"https:\/\/ryfi.online\/fr\/wp-json\/wp\/v2\/media?parent=6965"}],"wp:term":[{"taxonomy":"product_brand","embeddable":true,"href":"https:\/\/ryfi.online\/fr\/wp-json\/wp\/v2\/product_brand?post=6965"},{"taxonomy":"product_cat","embeddable":true,"href":"https:\/\/ryfi.online\/fr\/wp-json\/wp\/v2\/product_cat?post=6965"},{"taxonomy":"product_tag","embeddable":true,"href":"https:\/\/ryfi.online\/fr\/wp-json\/wp\/v2\/product_tag?post=6965"}],"curies":[{"name":"wp","href":"https:\/\/api.w.org\/{rel}","templated":true}]}}