{"id":5988,"date":"2021-06-09T16:16:55","date_gmt":"2021-10-15T15:15:01","guid":{"rendered":"https:\/\/ryfi.online\/product\/boxer-bano-avec-motif-marvel-spiderman-pour-garcon\/"},"modified":"2022-05-17T14:24:11","modified_gmt":"2022-05-17T14:24:11","slug":"garcons-marvel-spider-man-design-swim-boxer-boxer","status":"publish","type":"product","link":"https:\/\/ryfi.online\/fr\/produit\/garcons-marvel-spider-man-design-swim-boxer-boxer\/","title":{"rendered":"Boxer de bain avec design Marvel Spiderman pour gar\u00e7on UE1888"},"content":{"rendered":"<p><span class=\"a-list-item\">\u2705 Maillot de bain Marvel Spiderman pour gar\u00e7on<\/span><\/p>\n<p><span class=\"a-list-item\">\u2705 Couleur Noir-Bleu<\/span><\/p>\n<p><span class=\"a-list-item\">\u2705 82 % coton, 18 % polyester<\/span><\/p>\n<p id=\"title\" class=\"a-size-large a-spacing-none\"><span id=\"productTitle\" class=\"a-size-large product-title-word-break\"><span class=\"a-list-item\">\u2705<\/span> \u00c2ge : 3 ans, 4 ans, 6 ans, 8 ans<\/span><\/p>\n<p><span id=\"productTitle\" class=\"a-size-large product-title-word-break\"><span class=\"a-list-item\">\u2705 <\/span> <\/span><\/p>\n","protected":false},"excerpt":{"rendered":"<p>Exp\u00e9dition rapide et s\u00fbre en 1-3 jours ouvrables<\/p>\n","protected":false},"featured_media":6000,"comment_status":"open","ping_status":"closed","template":"","meta":[],"product_brand":[],"product_cat":[236,291],"product_tag":[],"class_list":{"0":"post-5988","1":"product","2":"type-product","3":"status-publish","4":"has-post-thumbnail","6":"product_cat-slip","7":"product_cat-slip-de-bain","9":"first","10":"instock","11":"featured","12":"taxable","13":"shipping-taxable","14":"purchasable","15":"product-type-variable"},"yoast_head":"<!-- This site is optimized with the Yoast SEO Premium plugin v17.1.2 (Yoast SEO v27.4) - https:\/\/yoast.com\/product\/yoast-seo-premium-wordpress\/ -->\n<title>Boxers Spider Man en ligne pour gar\u00e7ons | Boxer de bain avec Marvel Spiderman pour gar\u00e7on<\/title>\n<meta name=\"description\" content=\"Achetez des slips Marvel Spiderman pour gar\u00e7ons en ligne au meilleur prix. 82% coton peign\u00e9, 18% polyester imprim\u00e9s Spiderman assortis.\" \/>\n<meta name=\"robots\" content=\"index, follow, max-snippet:-1, max-image-preview:large, max-video-preview:-1\" \/>\n<link rel=\"canonical\" href=\"https:\/\/ryfi.online\/fr\/produit\/garcons-marvel-spider-man-design-swim-boxer-boxer\/\" \/>\n<meta property=\"og:locale\" content=\"fr_FR\" \/>\n<meta property=\"og:type\" content=\"article\" \/>\n<meta property=\"og:title\" content=\"Boxer de bain avec design Marvel Spiderman pour gar\u00e7on UE1888\" \/>\n<meta property=\"og:description\" content=\"Achetez des slips Marvel Spiderman pour gar\u00e7ons en ligne au meilleur prix. 82% coton peign\u00e9, 18% polyester imprim\u00e9s Spiderman assortis.\" \/>\n<meta property=\"og:url\" content=\"https:\/\/ryfi.online\/fr\/produit\/garcons-marvel-spider-man-design-swim-boxer-boxer\/\" \/>\n<meta property=\"og:site_name\" content=\"Ryfi Online Store\" \/>\n<meta property=\"article:publisher\" content=\"https:\/\/www.facebook.com\/ryfi.online\/\" \/>\n<meta property=\"article:modified_time\" content=\"2022-05-17T14:24:11+00:00\" \/>\n<meta property=\"og:image\" content=\"https:\/\/ryfi.online\/wp-content\/uploads\/2021\/06\/ue1888_lna.jpg\" \/>\n\t<meta property=\"og:image:width\" content=\"800\" \/>\n\t<meta property=\"og:image:height\" content=\"1200\" \/>\n\t<meta property=\"og:image:type\" content=\"image\/jpeg\" \/>\n<meta name=\"twitter:card\" content=\"summary_large_image\" \/>\n<meta name=\"twitter:label1\" content=\"Availability\" \/>\n\t<meta name=\"twitter:data1\" content=\"In stock\" \/>\n<meta property=\"product:brand\" content=\"Slip de bain\" \/>\n<meta property=\"og:availability\" content=\"instock\" \/>\n<meta property=\"product:availability\" content=\"instock\" \/>\n<meta property=\"product:condition\" content=\"new\" \/>\n<!-- \/ Yoast SEO Premium plugin. -->","yoast_head_json":{"title":"Boxers Spider Man en ligne pour gar\u00e7ons | Boxer de bain avec Marvel Spiderman pour gar\u00e7on","description":"Achetez des slips Marvel Spiderman pour gar\u00e7ons en ligne au meilleur prix. 82% coton peign\u00e9, 18% polyester imprim\u00e9s Spiderman assortis.","robots":{"index":"index","follow":"follow","max-snippet":"max-snippet:-1","max-image-preview":"max-image-preview:large","max-video-preview":"max-video-preview:-1"},"canonical":"https:\/\/ryfi.online\/fr\/produit\/garcons-marvel-spider-man-design-swim-boxer-boxer\/","og_locale":"fr_FR","og_type":"article","og_title":"Boxer de bain avec design Marvel Spiderman pour gar\u00e7on UE1888","og_description":"Achetez des slips Marvel Spiderman pour gar\u00e7ons en ligne au meilleur prix. 82% coton peign\u00e9, 18% polyester imprim\u00e9s Spiderman assortis.","og_url":"https:\/\/ryfi.online\/fr\/produit\/garcons-marvel-spider-man-design-swim-boxer-boxer\/","og_site_name":"Ryfi Online Store","article_publisher":"https:\/\/www.facebook.com\/ryfi.online\/","article_modified_time":"2022-05-17T14:24:11+00:00","og_image":[{"width":800,"height":1200,"url":"https:\/\/ryfi.online\/wp-content\/uploads\/2021\/06\/ue1888_lna.jpg","type":"image\/jpeg"}],"twitter_card":"summary_large_image","twitter_misc":{"Availability":"In stock"},"schema":{"@context":"https:\/\/schema.org","@graph":[{"@type":"WebPage","@id":"https:\/\/ryfi.online\/fr\/produit\/garcons-marvel-spider-man-design-swim-boxer-boxer\/","url":"https:\/\/ryfi.online\/fr\/produit\/garcons-marvel-spider-man-design-swim-boxer-boxer\/","name":"Boxers Spider Man en ligne pour gar\u00e7ons | Boxer de bain avec Marvel Spiderman pour gar\u00e7on","isPartOf":{"@id":"https:\/\/ryfi.online\/fr\/#website"},"primaryImageOfPage":{"@id":"https:\/\/ryfi.online\/fr\/produit\/garcons-marvel-spider-man-design-swim-boxer-boxer\/#primaryimage"},"image":{"@id":"https:\/\/ryfi.online\/fr\/produit\/garcons-marvel-spider-man-design-swim-boxer-boxer\/#primaryimage"},"thumbnailUrl":"https:\/\/ryfi.online\/wp-content\/uploads\/2021\/06\/ue1888_lna.jpg","datePublished":"2021-10-15T15:15:01+00:00","dateModified":"2022-05-17T14:24:11+00:00","description":"Achetez des slips Marvel Spiderman pour gar\u00e7ons en ligne au meilleur prix. 82% coton peign\u00e9, 18% polyester imprim\u00e9s Spiderman assortis.","breadcrumb":{"@id":"https:\/\/ryfi.online\/fr\/produit\/garcons-marvel-spider-man-design-swim-boxer-boxer\/#breadcrumb"},"inLanguage":"fr-FR","potentialAction":[{"@type":"ReadAction","target":["https:\/\/ryfi.online\/fr\/produit\/garcons-marvel-spider-man-design-swim-boxer-boxer\/"]}]},{"@type":"ImageObject","inLanguage":"fr-FR","@id":"https:\/\/ryfi.online\/fr\/produit\/garcons-marvel-spider-man-design-swim-boxer-boxer\/#primaryimage","url":"https:\/\/ryfi.online\/wp-content\/uploads\/2021\/06\/ue1888_lna.jpg","contentUrl":"https:\/\/ryfi.online\/wp-content\/uploads\/2021\/06\/ue1888_lna.jpg","width":800,"height":1200,"caption":"Maillot de bain Marvel Spiderman"},{"@type":"BreadcrumbList","@id":"https:\/\/ryfi.online\/fr\/produit\/garcons-marvel-spider-man-design-swim-boxer-boxer\/#breadcrumb","itemListElement":[{"@type":"ListItem","position":1,"name":"Home","item":"https:\/\/ryfi.online\/fr\/"},{"@type":"ListItem","position":2,"name":"Free and Fast Shipping whitin 1-3 Days!!!","item":"https:\/\/ryfi.online\/shop\/"},{"@type":"ListItem","position":3,"name":"Boxer de bain avec design Marvel Spiderman pour gar\u00e7on UE1888"}]},{"@type":"WebSite","@id":"https:\/\/ryfi.online\/fr\/#website","url":"https:\/\/ryfi.online\/fr\/","name":"Ryfi Online Store","description":"Online Store","publisher":{"@id":"https:\/\/ryfi.online\/fr\/#organization"},"potentialAction":[{"@type":"SearchAction","target":{"@type":"EntryPoint","urlTemplate":"https:\/\/ryfi.online\/fr\/?s={search_term_string}"},"query-input":{"@type":"PropertyValueSpecification","valueRequired":true,"valueName":"search_term_string"}}],"inLanguage":"fr-FR"},{"@type":"Organization","@id":"https:\/\/ryfi.online\/fr\/#organization","name":"Ryan Future Investments LLC","url":"https:\/\/ryfi.online\/fr\/","logo":{"@type":"ImageObject","inLanguage":"fr-FR","@id":"https:\/\/ryfi.online\/fr\/#\/schema\/logo\/image\/","url":"https:\/\/ryfi.online\/wp-content\/uploads\/2021\/03\/2-03.png","contentUrl":"https:\/\/ryfi.online\/wp-content\/uploads\/2021\/03\/2-03.png","width":1010,"height":310,"caption":"Ryan Future Investments LLC"},"image":{"@id":"https:\/\/ryfi.online\/fr\/#\/schema\/logo\/image\/"},"sameAs":["https:\/\/www.facebook.com\/ryfi.online\/"]}]},"product_brand":"Slip de bain","og_availability":"instock","product_availability":"instock","product_condition":"new"},"jetpack-related-posts":[{"id":5905,"url":"https:\/\/ryfi.online\/fr\/produit\/boxer-de-bain-avec-design-mervel-avengers-pour-garcons\/","url_meta":{"origin":5988,"position":0},"title":"Boxer de bain avec motif Marvel Avengers pour gar\u00e7on UE1869","date":"juin 9, 2021","format":false,"excerpt":"Exp\u00e9dition rapide et s\u00fbre en 1-3 jours ouvrables","rel":"","context":"Article similaire","img":{"alt_text":"Maillot de bain Marvel The Avengers ","src":"https:\/\/i0.wp.com\/ryfi.online\/wp-content\/uploads\/2021\/06\/ue1869_lna-1.jpg?resize=350%2C200&ssl=1","width":350,"height":200},"classes":[]},{"id":5088,"url":"https:\/\/ryfi.online\/fr\/produit\/set-3-marvel-spiderman-100-coton-slips-pour-garcons-6-8-ans\/","url_meta":{"origin":5988,"position":1},"title":"Set 3 slips Marvel Spiderman 100% coton gar\u00e7on 6-8 ans UE3009","date":"juillet 5, 2021","format":false,"excerpt":"Livraison gratuite 1-3 jours Retour gratuit","rel":"","context":"Article similaire","img":{"alt_text":"Set 3 calzoncillos Spiderman -2","src":"https:\/\/i0.wp.com\/ryfi.online\/wp-content\/uploads\/2021\/07\/ue3009.68y.e00-scaled.jpg?resize=350%2C200&ssl=1","width":350,"height":200},"classes":[]},{"id":5214,"url":"https:\/\/ryfi.online\/fr\/produit\/3-culottes-100-coton-pour-enfants-marvel-spiderman-6-8-ans\/","url_meta":{"origin":5988,"position":2},"title":"3 slips 100% coton gar\u00e7on Marvel Spiderman 6-8 ans","date":"juillet 2, 2021","format":false,"excerpt":"Livraison gratuite 1-3 jours ouvrables Retour gratuit","rel":"","context":"Article similaire","img":{"alt_text":"Set 3 calzoncillos Spiderman","src":"https:\/\/i0.wp.com\/ryfi.online\/wp-content\/uploads\/2021\/07\/img_141921_063855668ffb7096235876846a9fbb9f_20.jpg?resize=350%2C200&ssl=1","width":350,"height":200},"classes":[]},{"id":5667,"url":"https:\/\/ryfi.online\/fr\/produit\/casquette-de-baseball-a-motif-spider-man-pour-enfants-marvel\/","url_meta":{"origin":5988,"position":3},"title":"Casquette de baseball Marvel Spiderman pour gar\u00e7on","date":"juin 9, 2021","format":false,"excerpt":"Env\u00edo gratuito en 1-3 d\u00edas laborales","rel":"","context":"Article similaire","img":{"alt_text":"Casquette Marvel Spiderman","src":"https:\/\/i0.wp.com\/ryfi.online\/wp-content\/uploads\/2021\/06\/et4022_bk.jpg?resize=350%2C200&ssl=1","width":350,"height":200},"classes":[]},{"id":5344,"url":"https:\/\/ryfi.online\/fr\/produit\/garcon-nickelodeon-paw-patrol-design-boxer-de-salle-de-bains\/","url_meta":{"origin":5988,"position":4},"title":"Boxer de bain Nickelodeon Paw Patrol pour gar\u00e7on","date":"juin 16, 2021","format":false,"excerpt":"Livraison gratuite 1-3 jours ouvrables Retour gratuit","rel":"","context":"Article similaire","img":{"alt_text":"Pat' Patrouille Maillot de bain","src":"https:\/\/i0.wp.com\/ryfi.online\/wp-content\/uploads\/2021\/06\/ue0102_lna.jpg?resize=350%2C200&ssl=1","width":350,"height":200},"classes":[]},{"id":9392,"url":"https:\/\/ryfi.online\/fr\/produit\/set-spiderman-ev1057\/","url_meta":{"origin":5988,"position":5},"title":"Ensemble Spiderman pour enfants EV1057","date":"avril 29, 2022","format":false,"excerpt":"Exp\u00e9dition rapide et s\u00fbre en 1-3 jours ouvrables","rel":"","context":"Article similaire","img":{"alt_text":"","src":"https:\/\/i0.wp.com\/ryfi.online\/wp-content\/uploads\/2022\/04\/ev1057.jpg?resize=350%2C200&ssl=1","width":350,"height":200},"classes":[]}],"_links":{"self":[{"href":"https:\/\/ryfi.online\/fr\/wp-json\/wp\/v2\/product\/5988","targetHints":{"allow":["GET"]}}],"collection":[{"href":"https:\/\/ryfi.online\/fr\/wp-json\/wp\/v2\/product"}],"about":[{"href":"https:\/\/ryfi.online\/fr\/wp-json\/wp\/v2\/types\/product"}],"replies":[{"embeddable":true,"href":"https:\/\/ryfi.online\/fr\/wp-json\/wp\/v2\/comments?post=5988"}],"wp:featuredmedia":[{"embeddable":true,"href":"https:\/\/ryfi.online\/fr\/wp-json\/wp\/v2\/media\/6000"}],"wp:attachment":[{"href":"https:\/\/ryfi.online\/fr\/wp-json\/wp\/v2\/media?parent=5988"}],"wp:term":[{"taxonomy":"product_brand","embeddable":true,"href":"https:\/\/ryfi.online\/fr\/wp-json\/wp\/v2\/product_brand?post=5988"},{"taxonomy":"product_cat","embeddable":true,"href":"https:\/\/ryfi.online\/fr\/wp-json\/wp\/v2\/product_cat?post=5988"},{"taxonomy":"product_tag","embeddable":true,"href":"https:\/\/ryfi.online\/fr\/wp-json\/wp\/v2\/product_tag?post=5988"}],"curies":[{"name":"wp","href":"https:\/\/api.w.org\/{rel}","templated":true}]}}