{"id":5648,"date":"2021-06-09T17:07:26","date_gmt":"2021-10-15T15:14:33","guid":{"rendered":"https:\/\/ryfi.online\/product\/set-2-body-bebes-filles-minnie-disney\/"},"modified":"2022-05-17T13:59:47","modified_gmt":"2022-05-17T13:59:47","slug":"set-2-body-babies-girls-minnie-disney","status":"publish","type":"product","link":"https:\/\/ryfi.online\/fr\/produit\/set-2-body-babies-girls-minnie-disney\/","title":{"rendered":"Set 2 Body B\u00e9b\u00e9s-Filles Minnie Disney UE0314"},"content":{"rendered":"<p><span class=\"a-list-item\">\u2705 Set 2 body b\u00e9b\u00e9s-filles Minnie Disney<\/span><\/p>\n<p><span class=\"a-list-item\">\u2705 Couleur Rose-Blanc<\/span><\/p>\n<p><span class=\"a-list-item\">\u2705 100% Coton<\/span><\/p>\n<p id=\"title\" class=\"a-size-large a-spacing-none\"><span id=\"productTitle\" class=\"a-size-large product-title-word-break\"><span class=\"a-list-item\">\u2705<\/span> \u00c2ge : 6 mois, 12 mois, 18 mois, 24 mois<\/span><\/p>\n<p>&nbsp;<\/p>\n","protected":false},"excerpt":{"rendered":"<p>Livraison gratuite et s\u00e9curis\u00e9e en 1 \u00e0 3 jours ouvr\u00e9s<\/p>\n","protected":false},"featured_media":5676,"comment_status":"open","ping_status":"closed","template":"","meta":[],"product_brand":[],"product_cat":[266,209],"product_tag":[],"class_list":{"0":"post-5648","1":"product","2":"type-product","3":"status-publish","4":"has-post-thumbnail","6":"product_cat-lot-2-bodys-bebe-fille","7":"product_cat-t-shirt-pour-garcons","9":"first","10":"instock","11":"featured","12":"taxable","13":"shipping-taxable","14":"purchasable","15":"product-type-variable"},"yoast_head":"<!-- This site is optimized with the Yoast SEO Premium plugin v17.1.2 (Yoast SEO v27.4) - https:\/\/yoast.com\/product\/yoast-seo-premium-wordpress\/ -->\n<title>Tenue b\u00e9b\u00e9-fille | Body Minnie Disney en ligne pour filles<\/title>\n<meta name=\"description\" content=\"La boutique en ligne Ryfi est l&#039;une des meilleures boutiques en ligne d&#039;Espagne qui propose le body pour filles \u00e0 un prix tr\u00e8s abordable. Acheter maintenant!\" \/>\n<meta name=\"robots\" content=\"index, follow, max-snippet:-1, max-image-preview:large, max-video-preview:-1\" \/>\n<link rel=\"canonical\" href=\"https:\/\/ryfi.online\/fr\/produit\/set-2-body-babies-girls-minnie-disney\/\" \/>\n<meta property=\"og:locale\" content=\"fr_FR\" \/>\n<meta property=\"og:type\" content=\"article\" \/>\n<meta property=\"og:title\" content=\"Set 2 Body B\u00e9b\u00e9s-Filles Minnie Disney UE0314\" \/>\n<meta property=\"og:description\" content=\"La boutique en ligne Ryfi est l&#039;une des meilleures boutiques en ligne d&#039;Espagne qui propose le body pour filles \u00e0 un prix tr\u00e8s abordable. Acheter maintenant!\" \/>\n<meta property=\"og:url\" content=\"https:\/\/ryfi.online\/fr\/produit\/set-2-body-babies-girls-minnie-disney\/\" \/>\n<meta property=\"og:site_name\" content=\"Ryfi Online Store\" \/>\n<meta property=\"article:publisher\" content=\"https:\/\/www.facebook.com\/ryfi.online\/\" \/>\n<meta property=\"article:modified_time\" content=\"2022-05-17T13:59:47+00:00\" \/>\n<meta property=\"og:image\" content=\"https:\/\/ryfi.online\/wp-content\/uploads\/2021\/06\/UE0314_SET-1.jpg\" \/>\n\t<meta property=\"og:image:width\" content=\"800\" \/>\n\t<meta property=\"og:image:height\" content=\"1200\" \/>\n\t<meta property=\"og:image:type\" content=\"image\/jpeg\" \/>\n<meta name=\"twitter:card\" content=\"summary_large_image\" \/>\n<meta name=\"twitter:label1\" content=\"Availability\" \/>\n\t<meta name=\"twitter:data1\" content=\"In stock\" \/>\n<meta property=\"product:brand\" content=\"Lot 2 bodys b\u00e9b\u00e9 fille\" \/>\n<meta property=\"og:availability\" content=\"instock\" \/>\n<meta property=\"product:availability\" content=\"instock\" \/>\n<meta property=\"product:condition\" content=\"new\" \/>\n<!-- \/ Yoast SEO Premium plugin. -->","yoast_head_json":{"title":"Tenue b\u00e9b\u00e9-fille | Body Minnie Disney en ligne pour filles","description":"La boutique en ligne Ryfi est l'une des meilleures boutiques en ligne d'Espagne qui propose le body pour filles \u00e0 un prix tr\u00e8s abordable. Acheter maintenant!","robots":{"index":"index","follow":"follow","max-snippet":"max-snippet:-1","max-image-preview":"max-image-preview:large","max-video-preview":"max-video-preview:-1"},"canonical":"https:\/\/ryfi.online\/fr\/produit\/set-2-body-babies-girls-minnie-disney\/","og_locale":"fr_FR","og_type":"article","og_title":"Set 2 Body B\u00e9b\u00e9s-Filles Minnie Disney UE0314","og_description":"La boutique en ligne Ryfi est l'une des meilleures boutiques en ligne d'Espagne qui propose le body pour filles \u00e0 un prix tr\u00e8s abordable. Acheter maintenant!","og_url":"https:\/\/ryfi.online\/fr\/produit\/set-2-body-babies-girls-minnie-disney\/","og_site_name":"Ryfi Online Store","article_publisher":"https:\/\/www.facebook.com\/ryfi.online\/","article_modified_time":"2022-05-17T13:59:47+00:00","og_image":[{"width":800,"height":1200,"url":"https:\/\/ryfi.online\/wp-content\/uploads\/2021\/06\/UE0314_SET-1.jpg","type":"image\/jpeg"}],"twitter_card":"summary_large_image","twitter_misc":{"Availability":"In stock"},"schema":{"@context":"https:\/\/schema.org","@graph":[{"@type":"WebPage","@id":"https:\/\/ryfi.online\/fr\/produit\/set-2-body-babies-girls-minnie-disney\/","url":"https:\/\/ryfi.online\/fr\/produit\/set-2-body-babies-girls-minnie-disney\/","name":"Tenue b\u00e9b\u00e9-fille | Body Minnie Disney en ligne pour filles","isPartOf":{"@id":"https:\/\/ryfi.online\/fr\/#website"},"primaryImageOfPage":{"@id":"https:\/\/ryfi.online\/fr\/produit\/set-2-body-babies-girls-minnie-disney\/#primaryimage"},"image":{"@id":"https:\/\/ryfi.online\/fr\/produit\/set-2-body-babies-girls-minnie-disney\/#primaryimage"},"thumbnailUrl":"https:\/\/ryfi.online\/wp-content\/uploads\/2021\/06\/UE0314_SET-1.jpg","datePublished":"2021-10-15T15:14:33+00:00","dateModified":"2022-05-17T13:59:47+00:00","description":"La boutique en ligne Ryfi est l'une des meilleures boutiques en ligne d'Espagne qui propose le body pour filles \u00e0 un prix tr\u00e8s abordable. Acheter maintenant!","breadcrumb":{"@id":"https:\/\/ryfi.online\/fr\/produit\/set-2-body-babies-girls-minnie-disney\/#breadcrumb"},"inLanguage":"fr-FR","potentialAction":[{"@type":"ReadAction","target":["https:\/\/ryfi.online\/fr\/produit\/set-2-body-babies-girls-minnie-disney\/"]}]},{"@type":"ImageObject","inLanguage":"fr-FR","@id":"https:\/\/ryfi.online\/fr\/produit\/set-2-body-babies-girls-minnie-disney\/#primaryimage","url":"https:\/\/ryfi.online\/wp-content\/uploads\/2021\/06\/UE0314_SET-1.jpg","contentUrl":"https:\/\/ryfi.online\/wp-content\/uploads\/2021\/06\/UE0314_SET-1.jpg","width":800,"height":1200,"caption":"Set 2 bodies b\u00e9b\u00e9s-filles Minnie Disney"},{"@type":"BreadcrumbList","@id":"https:\/\/ryfi.online\/fr\/produit\/set-2-body-babies-girls-minnie-disney\/#breadcrumb","itemListElement":[{"@type":"ListItem","position":1,"name":"Home","item":"https:\/\/ryfi.online\/fr\/"},{"@type":"ListItem","position":2,"name":"Free and Fast Shipping whitin 1-3 Days!!!","item":"https:\/\/ryfi.online\/shop\/"},{"@type":"ListItem","position":3,"name":"Set 2 Body B\u00e9b\u00e9s-Filles Minnie Disney UE0314"}]},{"@type":"WebSite","@id":"https:\/\/ryfi.online\/fr\/#website","url":"https:\/\/ryfi.online\/fr\/","name":"Ryfi Online Store","description":"Online Store","publisher":{"@id":"https:\/\/ryfi.online\/fr\/#organization"},"potentialAction":[{"@type":"SearchAction","target":{"@type":"EntryPoint","urlTemplate":"https:\/\/ryfi.online\/fr\/?s={search_term_string}"},"query-input":{"@type":"PropertyValueSpecification","valueRequired":true,"valueName":"search_term_string"}}],"inLanguage":"fr-FR"},{"@type":"Organization","@id":"https:\/\/ryfi.online\/fr\/#organization","name":"Ryan Future Investments LLC","url":"https:\/\/ryfi.online\/fr\/","logo":{"@type":"ImageObject","inLanguage":"fr-FR","@id":"https:\/\/ryfi.online\/fr\/#\/schema\/logo\/image\/","url":"https:\/\/ryfi.online\/wp-content\/uploads\/2021\/03\/2-03.png","contentUrl":"https:\/\/ryfi.online\/wp-content\/uploads\/2021\/03\/2-03.png","width":1010,"height":310,"caption":"Ryan Future Investments LLC"},"image":{"@id":"https:\/\/ryfi.online\/fr\/#\/schema\/logo\/image\/"},"sameAs":["https:\/\/www.facebook.com\/ryfi.online\/"]}]},"product_brand":"Lot 2 bodys b\u00e9b\u00e9 fille","og_availability":"instock","product_availability":"instock","product_condition":"new"},"jetpack-related-posts":[{"id":5202,"url":"https:\/\/ryfi.online\/de\/produkt\/3-disney-minnie-girls-100-cotton-slips-2-3-jahre\/","url_meta":{"origin":5648,"position":0},"title":"Set 3 Disney Minnie M\u00e4dchen Slips aus 100 % Baumwolle 2\u20133 Jahre UE3000","date":"juillet 5, 2021","format":false,"excerpt":"Kostenloser Versand 1-3 Tage Kostenlose R\u00fcckgabe","rel":"","context":"Article similaire","img":{"alt_text":"Stellen Sie 3 Calzoncillos Minnie -1 ein","src":"https:\/\/i0.wp.com\/ryfi.online\/wp-content\/uploads\/2021\/07\/ue3000.23y.e00-scaled.jpg?resize=350%2C200&ssl=1","width":350,"height":200},"classes":[]},{"id":6117,"url":"https:\/\/ryfi.online\/de\/produkt\/t-shirt-mit-disney-minnie-design-fur-madchen\/","url_meta":{"origin":5648,"position":1},"title":"M\u00e4dchen Disney Minnie Mouse T-Shirt ET1119","date":"juin 9, 2021","format":false,"excerpt":"Kostenloser Versand 1-3 Werktage Kostenlose R\u00fccksendung","rel":"","context":"Article similaire","img":{"alt_text":"Minnie Maus-T-Shirt","src":"https:\/\/i0.wp.com\/ryfi.online\/wp-content\/uploads\/2021\/06\/ET1119_REF1.jpg?resize=350%2C200&ssl=1","width":350,"height":200},"classes":[]},{"id":12659,"url":"https:\/\/ryfi.online\/de\/produkt\/disney-minnie-design-baseballmutze-fur-madchen\/","url_meta":{"origin":5648,"position":2},"title":"M\u00e4dchen Disney Minnie Baseballcap","date":"juin 9, 2021","format":false,"excerpt":"Als Geburtstagsgeschenk, Feiertage oder zu Ostern oder einfach so. Mit der sch\u00f6nen Disney Minnie Cap kannst du nichts falsch machen! 100 % Baumwolle und 100 % Polyester. Auf der R\u00fcckseite befindet sich ein Verschluss f\u00fcr eine perfekte Passform mit den kleinen K\u00f6pfen f\u00fcr maximalen Komfort. Die Verarbeitung ist hervorragend und\u2026","rel":"","context":"Article similaire","img":{"alt_text":"Disney Minnie M\u00fctze","src":"https:\/\/i0.wp.com\/ryfi.online\/wp-content\/uploads\/2021\/06\/et4050_pi.jpg?resize=350%2C200&ssl=1","width":350,"height":200},"classes":[]},{"id":12878,"url":"https:\/\/ryfi.online\/de\/produkt\/disney-1-pack-minnie-maus-bowtique-16oz-pull-top-squirt-wasser-flaschen-lila-rosa-bpa-frei\/","url_meta":{"origin":5648,"position":3},"title":"Disney 1-Pack Minnie Mouse Bowtique 16oz Pull-Top Squirt Wasserflaschen, lila\/rosa, BPA-frei","date":"avril 4, 2021","format":false,"excerpt":"Kostenloser und schneller Versand innerhalb von 1-3 Tagen. Kaufe 4, erhalte 5 Beeilen Sie sich, hei\u00dfe Verk\u00e4ufe!!!","rel":"","context":"Article similaire","img":{"alt_text":"","src":"https:\/\/i0.wp.com\/ryfi.online\/wp-content\/uploads\/2021\/04\/51TjhBshTML._AC_SL1000_.jpg?resize=350%2C200&ssl=1","width":350,"height":200},"classes":[]},{"id":5666,"url":"https:\/\/ryfi.online\/de\/produkt\/baseball-cap-mit-disney-minnie-design-fur-madchen\/","url_meta":{"origin":5648,"position":4},"title":"M\u00e4dchen Disney Minnie Mouse Baseball Cap ET4050","date":"juin 9, 2021","format":false,"excerpt":"Kostenloser Versand in 1-3 Werktagen","rel":"","context":"Article similaire","img":{"alt_text":"Disney Minnie M\u00fctze","src":"https:\/\/i0.wp.com\/ryfi.online\/wp-content\/uploads\/2021\/06\/et4050_pi.jpg?resize=350%2C200&ssl=1","width":350,"height":200},"classes":[]},{"id":12873,"url":"https:\/\/ryfi.online\/de\/produkt\/disney-minnie-maus-gestreift-15oz-buddy-sip-tumbler-becher-mit-deckel-stroh-bpa-frei\/","url_meta":{"origin":5648,"position":5},"title":"Disney Minnie Mouse gestreift 15oz Buddy Sip Becher mit Deckel &amp; Strohhalm, BPA-frei","date":"avril 4, 2021","format":false,"excerpt":"Kostenloser und schneller Versand innerhalb von 1-3 Tagen. Kaufe 4, erhalte 5 Beeilen Sie sich, hei\u00dfe Verk\u00e4ufe!!!","rel":"","context":"Article similaire","img":{"alt_text":"","src":"https:\/\/i0.wp.com\/ryfi.online\/wp-content\/uploads\/2021\/04\/71jFmrzWXL._AC_SL1244_.jpg?resize=350%2C200&ssl=1","width":350,"height":200},"classes":[]}],"_links":{"self":[{"href":"https:\/\/ryfi.online\/fr\/wp-json\/wp\/v2\/product\/5648","targetHints":{"allow":["GET"]}}],"collection":[{"href":"https:\/\/ryfi.online\/fr\/wp-json\/wp\/v2\/product"}],"about":[{"href":"https:\/\/ryfi.online\/fr\/wp-json\/wp\/v2\/types\/product"}],"replies":[{"embeddable":true,"href":"https:\/\/ryfi.online\/fr\/wp-json\/wp\/v2\/comments?post=5648"}],"wp:featuredmedia":[{"embeddable":true,"href":"https:\/\/ryfi.online\/fr\/wp-json\/wp\/v2\/media\/5676"}],"wp:attachment":[{"href":"https:\/\/ryfi.online\/fr\/wp-json\/wp\/v2\/media?parent=5648"}],"wp:term":[{"taxonomy":"product_brand","embeddable":true,"href":"https:\/\/ryfi.online\/fr\/wp-json\/wp\/v2\/product_brand?post=5648"},{"taxonomy":"product_cat","embeddable":true,"href":"https:\/\/ryfi.online\/fr\/wp-json\/wp\/v2\/product_cat?post=5648"},{"taxonomy":"product_tag","embeddable":true,"href":"https:\/\/ryfi.online\/fr\/wp-json\/wp\/v2\/product_tag?post=5648"}],"curies":[{"name":"wp","href":"https:\/\/api.w.org\/{rel}","templated":true}]}}