{"id":5476,"date":"2021-06-15T14:40:14","date_gmt":"2021-10-15T15:14:27","guid":{"rendered":"https:\/\/ryfi.online\/product\/t-shirt-de-dessin-anime-miraculous-lady-bug-pour-les-filles\/"},"modified":"2022-05-17T13:59:44","modified_gmt":"2022-05-17T13:59:44","slug":"t-shirt-dessin-anime-miraculous-lady-bug-pour-filles","status":"publish","type":"product","link":"https:\/\/ryfi.online\/fr\/produit\/t-shirt-dessin-anime-miraculous-lady-bug-pour-filles\/","title":{"rendered":"T-shirt dessin anim\u00e9 Miraculous Lady Bug fille"},"content":{"rendered":"<p><span class=\"a-list-item\">\u2705 T-shirt Miraculous Lady Bug fille<\/span><\/p>\n<p><span class=\"a-list-item\">\u2705 Couleur : Rouge-Blanc<\/span><\/p>\n<p><span class=\"a-list-item\">\u2705 100% Coton, <\/span><\/p>\n<p id=\"title\" class=\"a-size-large a-spacing-none\"><span id=\"productTitle\" class=\"a-size-large product-title-word-break\"><span class=\"a-list-item\">\u2705<\/span> \u00c2ge : 4 ans, 5 ans, 6 ans, 8 ans<\/span><\/p>\n<p>&nbsp;<\/p>\n","protected":false},"excerpt":{"rendered":"<p>Livraison gratuite 1-3 jours ouvrables<\/p>\n<p>Retour gratuit<\/p>\n","protected":false},"featured_media":5531,"comment_status":"open","ping_status":"closed","template":"","meta":[],"product_brand":[],"product_cat":[209],"product_tag":[],"class_list":{"0":"post-5476","1":"product","2":"type-product","3":"status-publish","4":"has-post-thumbnail","6":"product_cat-t-shirt-pour-garcons","8":"first","9":"instock","10":"featured","11":"taxable","12":"shipping-taxable","13":"purchasable","14":"product-type-variable"},"yoast_head":"<!-- This site is optimized with the Yoast SEO Premium plugin v17.1.2 (Yoast SEO v27.5) - https:\/\/yoast.com\/product\/yoast-seo-premium-wordpress\/ -->\n<title>Acheter t-shirt dessin anim\u00e9 Lady Bug | T-shirt en ligne Lady Bug pour fille<\/title>\n<meta name=\"description\" content=\"La boutique en ligne Ryfi est l&#039;une des meilleures boutiques en ligne du Royaume-Uni qui propose des t-shirts de dessin anim\u00e9 Lady Bug pour filles de diff\u00e9rentes couleurs. Visitez maintenant !!!\" \/>\n<meta name=\"robots\" content=\"index, follow, max-snippet:-1, max-image-preview:large, max-video-preview:-1\" \/>\n<link rel=\"canonical\" href=\"https:\/\/ryfi.online\/fr\/produit\/t-shirt-dessin-anime-miraculous-lady-bug-pour-filles\/\" \/>\n<meta property=\"og:locale\" content=\"fr_FR\" \/>\n<meta property=\"og:type\" content=\"article\" \/>\n<meta property=\"og:title\" content=\"T-shirt dessin anim\u00e9 Miraculous Lady Bug fille\" \/>\n<meta property=\"og:description\" content=\"La boutique en ligne Ryfi est l&#039;une des meilleures boutiques en ligne du Royaume-Uni qui propose des t-shirts de dessin anim\u00e9 Lady Bug pour filles de diff\u00e9rentes couleurs. Visitez maintenant !!!\" \/>\n<meta property=\"og:url\" content=\"https:\/\/ryfi.online\/fr\/produit\/t-shirt-dessin-anime-miraculous-lady-bug-pour-filles\/\" \/>\n<meta property=\"og:site_name\" content=\"Ryfi Online Store\" \/>\n<meta property=\"article:publisher\" content=\"https:\/\/www.facebook.com\/ryfi.online\/\" \/>\n<meta property=\"article:modified_time\" content=\"2022-05-17T13:59:44+00:00\" \/>\n<meta property=\"og:image\" content=\"https:\/\/ryfi.online\/wp-content\/uploads\/2021\/06\/et1298_rd.jpg\" \/>\n\t<meta property=\"og:image:width\" content=\"800\" \/>\n\t<meta property=\"og:image:height\" content=\"1200\" \/>\n\t<meta property=\"og:image:type\" content=\"image\/jpeg\" \/>\n<meta name=\"twitter:card\" content=\"summary_large_image\" \/>\n<meta name=\"twitter:label1\" content=\"Availability\" \/>\n\t<meta name=\"twitter:data1\" content=\"In stock\" \/>\n<meta property=\"product:brand\" content=\"T-shirt pour gar\u00e7ons\" \/>\n<meta property=\"og:availability\" content=\"instock\" \/>\n<meta property=\"product:availability\" content=\"instock\" \/>\n<meta property=\"product:condition\" content=\"new\" \/>\n<!-- \/ Yoast SEO Premium plugin. -->","yoast_head_json":{"title":"Acheter t-shirt dessin anim\u00e9 Lady Bug | T-shirt en ligne Lady Bug pour fille","description":"La boutique en ligne Ryfi est l'une des meilleures boutiques en ligne du Royaume-Uni qui propose des t-shirts de dessin anim\u00e9 Lady Bug pour filles de diff\u00e9rentes couleurs. Visitez maintenant !!!","robots":{"index":"index","follow":"follow","max-snippet":"max-snippet:-1","max-image-preview":"max-image-preview:large","max-video-preview":"max-video-preview:-1"},"canonical":"https:\/\/ryfi.online\/fr\/produit\/t-shirt-dessin-anime-miraculous-lady-bug-pour-filles\/","og_locale":"fr_FR","og_type":"article","og_title":"T-shirt dessin anim\u00e9 Miraculous Lady Bug fille","og_description":"La boutique en ligne Ryfi est l'une des meilleures boutiques en ligne du Royaume-Uni qui propose des t-shirts de dessin anim\u00e9 Lady Bug pour filles de diff\u00e9rentes couleurs. Visitez maintenant !!!","og_url":"https:\/\/ryfi.online\/fr\/produit\/t-shirt-dessin-anime-miraculous-lady-bug-pour-filles\/","og_site_name":"Ryfi Online Store","article_publisher":"https:\/\/www.facebook.com\/ryfi.online\/","article_modified_time":"2022-05-17T13:59:44+00:00","og_image":[{"width":800,"height":1200,"url":"https:\/\/ryfi.online\/wp-content\/uploads\/2021\/06\/et1298_rd.jpg","type":"image\/jpeg"}],"twitter_card":"summary_large_image","twitter_misc":{"Availability":"In stock"},"schema":{"@context":"https:\/\/schema.org","@graph":[{"@type":"WebPage","@id":"https:\/\/ryfi.online\/fr\/produit\/t-shirt-dessin-anime-miraculous-lady-bug-pour-filles\/","url":"https:\/\/ryfi.online\/fr\/produit\/t-shirt-dessin-anime-miraculous-lady-bug-pour-filles\/","name":"Acheter t-shirt dessin anim\u00e9 Lady Bug | T-shirt en ligne Lady Bug pour fille","isPartOf":{"@id":"https:\/\/ryfi.online\/fr\/#website"},"primaryImageOfPage":{"@id":"https:\/\/ryfi.online\/fr\/produit\/t-shirt-dessin-anime-miraculous-lady-bug-pour-filles\/#primaryimage"},"image":{"@id":"https:\/\/ryfi.online\/fr\/produit\/t-shirt-dessin-anime-miraculous-lady-bug-pour-filles\/#primaryimage"},"thumbnailUrl":"https:\/\/ryfi.online\/wp-content\/uploads\/2021\/06\/et1298_rd.jpg","datePublished":"2021-10-15T15:14:27+00:00","dateModified":"2022-05-17T13:59:44+00:00","description":"La boutique en ligne Ryfi est l'une des meilleures boutiques en ligne du Royaume-Uni qui propose des t-shirts de dessin anim\u00e9 Lady Bug pour filles de diff\u00e9rentes couleurs. Visitez maintenant !!!","breadcrumb":{"@id":"https:\/\/ryfi.online\/fr\/produit\/t-shirt-dessin-anime-miraculous-lady-bug-pour-filles\/#breadcrumb"},"inLanguage":"fr-FR","potentialAction":[{"@type":"ReadAction","target":["https:\/\/ryfi.online\/fr\/produit\/t-shirt-dessin-anime-miraculous-lady-bug-pour-filles\/"]}]},{"@type":"ImageObject","inLanguage":"fr-FR","@id":"https:\/\/ryfi.online\/fr\/produit\/t-shirt-dessin-anime-miraculous-lady-bug-pour-filles\/#primaryimage","url":"https:\/\/ryfi.online\/wp-content\/uploads\/2021\/06\/et1298_rd.jpg","contentUrl":"https:\/\/ryfi.online\/wp-content\/uploads\/2021\/06\/et1298_rd.jpg","width":800,"height":1200,"caption":"T-shirt coccinelle"},{"@type":"BreadcrumbList","@id":"https:\/\/ryfi.online\/fr\/produit\/t-shirt-dessin-anime-miraculous-lady-bug-pour-filles\/#breadcrumb","itemListElement":[{"@type":"ListItem","position":1,"name":"Home","item":"https:\/\/ryfi.online\/fr\/"},{"@type":"ListItem","position":2,"name":"Free and Fast Shipping whitin 1-3 Days!!!","item":"https:\/\/ryfi.online\/shop\/"},{"@type":"ListItem","position":3,"name":"T-shirt dessin anim\u00e9 Miraculous Lady Bug fille"}]},{"@type":"WebSite","@id":"https:\/\/ryfi.online\/fr\/#website","url":"https:\/\/ryfi.online\/fr\/","name":"Ryfi Online Store","description":"Online Store","publisher":{"@id":"https:\/\/ryfi.online\/fr\/#organization"},"potentialAction":[{"@type":"SearchAction","target":{"@type":"EntryPoint","urlTemplate":"https:\/\/ryfi.online\/fr\/?s={search_term_string}"},"query-input":{"@type":"PropertyValueSpecification","valueRequired":true,"valueName":"search_term_string"}}],"inLanguage":"fr-FR"},{"@type":"Organization","@id":"https:\/\/ryfi.online\/fr\/#organization","name":"Ryan Future Investments LLC","url":"https:\/\/ryfi.online\/fr\/","logo":{"@type":"ImageObject","inLanguage":"fr-FR","@id":"https:\/\/ryfi.online\/fr\/#\/schema\/logo\/image\/","url":"https:\/\/ryfi.online\/wp-content\/uploads\/2021\/03\/2-03.png","contentUrl":"https:\/\/ryfi.online\/wp-content\/uploads\/2021\/03\/2-03.png","width":1010,"height":310,"caption":"Ryan Future Investments LLC"},"image":{"@id":"https:\/\/ryfi.online\/fr\/#\/schema\/logo\/image\/"},"sameAs":["https:\/\/www.facebook.com\/ryfi.online\/"]}]},"product_brand":"T-shirt pour gar\u00e7ons","og_availability":"instock","product_availability":"instock","product_condition":"new"},"jetpack-related-posts":[{"id":1980,"url":"https:\/\/ryfi.online\/product\/miraculous-lady-bug-cartoon-t-shirt-for-girls\/","url_meta":{"origin":5476,"position":0},"title":"Miraculous Lady Bug cartoon t-shirt for girls","date":"juin 15, 2021","format":false,"excerpt":"Free Shipping 1-3 business days Free Return","rel":"","context":"Article similaire","img":{"alt_text":"Lady Bug T-shirt","src":"https:\/\/i0.wp.com\/ryfi.online\/wp-content\/uploads\/2021\/06\/et1298_rd.jpg?resize=350%2C200&ssl=1","width":350,"height":200},"classes":[]},{"id":11944,"url":"https:\/\/ryfi.online\/ro\/produs\/miraculous-lady-bug-tricou-desene-animat-pentru-fete\/","url_meta":{"origin":5476,"position":1},"title":"Tricou cu desene animate Miraculous Lady Bug pentru fete","date":"juin 15, 2021","format":false,"excerpt":"Livrare gratuit\u0103 1-3 zile lucr\u0103toare Retur gratuit","rel":"","context":"Article similaire","img":{"alt_text":"Tricou Lady Bug","src":"https:\/\/i0.wp.com\/ryfi.online\/wp-content\/uploads\/2021\/06\/et1298_rd.jpg?resize=350%2C200&ssl=1","width":350,"height":200},"classes":[]},{"id":5540,"url":"https:\/\/ryfi.online\/it\/prodotto\/miracolosa-coccinella-cartone-animato-t-shirt-per-ragazze\/","url_meta":{"origin":5476,"position":2},"title":"T-shirt Miraculous Lady Bug cartone animato per ragazze","date":"juin 15, 2021","format":false,"excerpt":"Spedizione gratuita 1-3 giorni lavorativi Reso gratuito","rel":"","context":"Article similaire","img":{"alt_text":"Maglietta con coccinella","src":"https:\/\/i0.wp.com\/ryfi.online\/wp-content\/uploads\/2021\/06\/et1298_rd.jpg?resize=350%2C200&ssl=1","width":350,"height":200},"classes":[]},{"id":5474,"url":"https:\/\/ryfi.online\/de\/produkt\/wunderbare-lady-bug-cartoon-t-shirt-fur-madchen\/","url_meta":{"origin":5476,"position":3},"title":"Cartoon-T &#8211; Shirt wunderbarer Dame Bug f\u00fcr M\u00e4dchen","date":"juin 15, 2021","format":false,"excerpt":"Kostenloser Versand 1-3 Werktage Kostenlose R\u00fccksendung","rel":"","context":"Article similaire","img":{"alt_text":"Ladybug-T-Shirt","src":"https:\/\/i0.wp.com\/ryfi.online\/wp-content\/uploads\/2021\/06\/et1298_rd.jpg?resize=350%2C200&ssl=1","width":350,"height":200},"classes":[]},{"id":1668,"url":"https:\/\/ryfi.online\/es\/producto\/camiseta-dibujo-animado-de-lady-bug-de-miraculous-para-ninas\/","url_meta":{"origin":5476,"position":4},"title":"Camiseta dibujo animado de Lady Bug de Miraculous para ni\u00f1as","date":"juin 15, 2021","format":false,"excerpt":"Envio Gratis 1-3 dias laborales Devolucion Gratuito","rel":"","context":"Article similaire","img":{"alt_text":"Camiseta Lady Bug","src":"https:\/\/i0.wp.com\/ryfi.online\/wp-content\/uploads\/2021\/06\/et1298_rd.jpg?resize=350%2C200&ssl=1","width":350,"height":200},"classes":[]},{"id":5448,"url":"https:\/\/ryfi.online\/fr\/produit\/t-shirt-dessin-anime-de-marvel-avengers-pour-enfants\/","url_meta":{"origin":5476,"position":5},"title":"T-shirt de dessin anim\u00e9 Marvel Avengers pour enfants","date":"juin 15, 2021","format":false,"excerpt":"Livraison gratuite 1-3 jours ouvrables Retour gratuit","rel":"","context":"Article similaire","img":{"alt_text":"Tee-shirt Vengeurs","src":"https:\/\/i0.wp.com\/ryfi.online\/wp-content\/uploads\/2021\/06\/ue1060_gy.jpg?resize=350%2C200&ssl=1","width":350,"height":200},"classes":[]}],"_links":{"self":[{"href":"https:\/\/ryfi.online\/fr\/wp-json\/wp\/v2\/product\/5476","targetHints":{"allow":["GET"]}}],"collection":[{"href":"https:\/\/ryfi.online\/fr\/wp-json\/wp\/v2\/product"}],"about":[{"href":"https:\/\/ryfi.online\/fr\/wp-json\/wp\/v2\/types\/product"}],"replies":[{"embeddable":true,"href":"https:\/\/ryfi.online\/fr\/wp-json\/wp\/v2\/comments?post=5476"}],"wp:featuredmedia":[{"embeddable":true,"href":"https:\/\/ryfi.online\/fr\/wp-json\/wp\/v2\/media\/5531"}],"wp:attachment":[{"href":"https:\/\/ryfi.online\/fr\/wp-json\/wp\/v2\/media?parent=5476"}],"wp:term":[{"taxonomy":"product_brand","embeddable":true,"href":"https:\/\/ryfi.online\/fr\/wp-json\/wp\/v2\/product_brand?post=5476"},{"taxonomy":"product_cat","embeddable":true,"href":"https:\/\/ryfi.online\/fr\/wp-json\/wp\/v2\/product_cat?post=5476"},{"taxonomy":"product_tag","embeddable":true,"href":"https:\/\/ryfi.online\/fr\/wp-json\/wp\/v2\/product_tag?post=5476"}],"curies":[{"name":"wp","href":"https:\/\/api.w.org\/{rel}","templated":true}]}}