{"id":5448,"date":"2021-06-15T15:02:16","date_gmt":"2021-10-15T15:14:23","guid":{"rendered":"https:\/\/ryfi.online\/product\/t-shirt-de-dessin-anime-marvel-avengers-pour-enfants\/"},"modified":"2022-05-17T13:53:51","modified_gmt":"2022-05-17T13:53:51","slug":"t-shirt-dessin-anime-de-marvel-avengers-pour-enfants","status":"publish","type":"product","link":"https:\/\/ryfi.online\/fr\/produit\/t-shirt-dessin-anime-de-marvel-avengers-pour-enfants\/","title":{"rendered":"T-shirt de dessin anim\u00e9 Marvel Avengers pour enfants"},"content":{"rendered":"<p><span class=\"a-list-item\">\u2705 T-shirt Marvel Avengers pour gar\u00e7on <\/span><\/p>\n<p><span class=\"a-list-item\">\u2705 Couleur : Gris-Blanc<\/span><\/p>\n<p><span class=\"a-list-item\">\u2705 100% Coton, <\/span><\/p>\n<p id=\"title\" class=\"a-size-large a-spacing-none\"><span id=\"productTitle\" class=\"a-size-large product-title-word-break\"><span class=\"a-list-item\">\u2705<\/span> \u00c2ge : 4 ans, 6 ans, 8 ans, 10 ans<\/span><\/p>\n<p>&nbsp;<\/p>\n","protected":false},"excerpt":{"rendered":"<p>Livraison gratuite 1-3 jours ouvrables<\/p>\n<p>Retour gratuit<\/p>\n","protected":false},"featured_media":5473,"comment_status":"open","ping_status":"closed","template":"","meta":[],"product_brand":[],"product_cat":[209],"product_tag":[],"class_list":{"0":"post-5448","1":"product","2":"type-product","3":"status-publish","4":"has-post-thumbnail","6":"product_cat-t-shirt-pour-garcons","8":"first","9":"instock","10":"featured","11":"taxable","12":"shipping-taxable","13":"purchasable","14":"product-type-variable"},"yoast_head":"<!-- This site is optimized with the Yoast SEO Premium plugin v17.1.2 (Yoast SEO v27.5) - https:\/\/yoast.com\/product\/yoast-seo-premium-wordpress\/ -->\n<title>Acheter T-shirt Marvel&#039;s Avengers Cartoon pour enfants | t-shirt en ligne pour enfants<\/title>\n<meta name=\"description\" content=\"Achetez un t-shirt de dessin anim\u00e9 Marvel&#039;s Avengers 100 % coton et gris blanc pour gar\u00e7ons uniquement dans la boutique en ligne Ryfi. pour plus d&#039;informations, visitez notre site Web maintenant!\" \/>\n<meta name=\"robots\" content=\"index, follow, max-snippet:-1, max-image-preview:large, max-video-preview:-1\" \/>\n<link rel=\"canonical\" href=\"https:\/\/ryfi.online\/fr\/produit\/t-shirt-dessin-anime-de-marvel-avengers-pour-enfants\/\" \/>\n<meta property=\"og:locale\" content=\"fr_FR\" \/>\n<meta property=\"og:type\" content=\"article\" \/>\n<meta property=\"og:title\" content=\"T-shirt de dessin anim\u00e9 Marvel Avengers pour enfants\" \/>\n<meta property=\"og:description\" content=\"Achetez un t-shirt de dessin anim\u00e9 Marvel&#039;s Avengers 100 % coton et gris blanc pour gar\u00e7ons uniquement dans la boutique en ligne Ryfi. pour plus d&#039;informations, visitez notre site Web maintenant!\" \/>\n<meta property=\"og:url\" content=\"https:\/\/ryfi.online\/fr\/produit\/t-shirt-dessin-anime-de-marvel-avengers-pour-enfants\/\" \/>\n<meta property=\"og:site_name\" content=\"Ryfi Online Store\" \/>\n<meta property=\"article:publisher\" content=\"https:\/\/www.facebook.com\/ryfi.online\/\" \/>\n<meta property=\"article:modified_time\" content=\"2022-05-17T13:53:51+00:00\" \/>\n<meta property=\"og:image\" content=\"https:\/\/ryfi.online\/wp-content\/uploads\/2021\/06\/ue1060_gy.jpg\" \/>\n\t<meta property=\"og:image:width\" content=\"800\" \/>\n\t<meta property=\"og:image:height\" content=\"1200\" \/>\n\t<meta property=\"og:image:type\" content=\"image\/jpeg\" \/>\n<meta name=\"twitter:card\" content=\"summary_large_image\" \/>\n<meta name=\"twitter:label1\" content=\"Availability\" \/>\n\t<meta name=\"twitter:data1\" content=\"In stock\" \/>\n<meta property=\"product:brand\" content=\"T-shirt pour gar\u00e7ons\" \/>\n<meta property=\"og:availability\" content=\"instock\" \/>\n<meta property=\"product:availability\" content=\"instock\" \/>\n<meta property=\"product:condition\" content=\"new\" \/>\n<!-- \/ Yoast SEO Premium plugin. -->","yoast_head_json":{"title":"Acheter T-shirt Marvel's Avengers Cartoon pour enfants | t-shirt en ligne pour enfants","description":"Achetez un t-shirt de dessin anim\u00e9 Marvel's Avengers 100 % coton et gris blanc pour gar\u00e7ons uniquement dans la boutique en ligne Ryfi. pour plus d'informations, visitez notre site Web maintenant!","robots":{"index":"index","follow":"follow","max-snippet":"max-snippet:-1","max-image-preview":"max-image-preview:large","max-video-preview":"max-video-preview:-1"},"canonical":"https:\/\/ryfi.online\/fr\/produit\/t-shirt-dessin-anime-de-marvel-avengers-pour-enfants\/","og_locale":"fr_FR","og_type":"article","og_title":"T-shirt de dessin anim\u00e9 Marvel Avengers pour enfants","og_description":"Achetez un t-shirt de dessin anim\u00e9 Marvel's Avengers 100 % coton et gris blanc pour gar\u00e7ons uniquement dans la boutique en ligne Ryfi. pour plus d'informations, visitez notre site Web maintenant!","og_url":"https:\/\/ryfi.online\/fr\/produit\/t-shirt-dessin-anime-de-marvel-avengers-pour-enfants\/","og_site_name":"Ryfi Online Store","article_publisher":"https:\/\/www.facebook.com\/ryfi.online\/","article_modified_time":"2022-05-17T13:53:51+00:00","og_image":[{"width":800,"height":1200,"url":"https:\/\/ryfi.online\/wp-content\/uploads\/2021\/06\/ue1060_gy.jpg","type":"image\/jpeg"}],"twitter_card":"summary_large_image","twitter_misc":{"Availability":"In stock"},"schema":{"@context":"https:\/\/schema.org","@graph":[{"@type":"WebPage","@id":"https:\/\/ryfi.online\/fr\/produit\/t-shirt-dessin-anime-de-marvel-avengers-pour-enfants\/","url":"https:\/\/ryfi.online\/fr\/produit\/t-shirt-dessin-anime-de-marvel-avengers-pour-enfants\/","name":"Acheter T-shirt Marvel's Avengers Cartoon pour enfants | t-shirt en ligne pour enfants","isPartOf":{"@id":"https:\/\/ryfi.online\/fr\/#website"},"primaryImageOfPage":{"@id":"https:\/\/ryfi.online\/fr\/produit\/t-shirt-dessin-anime-de-marvel-avengers-pour-enfants\/#primaryimage"},"image":{"@id":"https:\/\/ryfi.online\/fr\/produit\/t-shirt-dessin-anime-de-marvel-avengers-pour-enfants\/#primaryimage"},"thumbnailUrl":"https:\/\/ryfi.online\/wp-content\/uploads\/2021\/06\/ue1060_gy.jpg","datePublished":"2021-10-15T15:14:23+00:00","dateModified":"2022-05-17T13:53:51+00:00","description":"Achetez un t-shirt de dessin anim\u00e9 Marvel's Avengers 100 % coton et gris blanc pour gar\u00e7ons uniquement dans la boutique en ligne Ryfi. pour plus d'informations, visitez notre site Web maintenant!","breadcrumb":{"@id":"https:\/\/ryfi.online\/fr\/produit\/t-shirt-dessin-anime-de-marvel-avengers-pour-enfants\/#breadcrumb"},"inLanguage":"fr-FR","potentialAction":[{"@type":"ReadAction","target":["https:\/\/ryfi.online\/fr\/produit\/t-shirt-dessin-anime-de-marvel-avengers-pour-enfants\/"]}]},{"@type":"ImageObject","inLanguage":"fr-FR","@id":"https:\/\/ryfi.online\/fr\/produit\/t-shirt-dessin-anime-de-marvel-avengers-pour-enfants\/#primaryimage","url":"https:\/\/ryfi.online\/wp-content\/uploads\/2021\/06\/ue1060_gy.jpg","contentUrl":"https:\/\/ryfi.online\/wp-content\/uploads\/2021\/06\/ue1060_gy.jpg","width":800,"height":1200,"caption":"Tee-shirt Vengeurs"},{"@type":"BreadcrumbList","@id":"https:\/\/ryfi.online\/fr\/produit\/t-shirt-dessin-anime-de-marvel-avengers-pour-enfants\/#breadcrumb","itemListElement":[{"@type":"ListItem","position":1,"name":"Home","item":"https:\/\/ryfi.online\/fr\/"},{"@type":"ListItem","position":2,"name":"Free and Fast Shipping whitin 1-3 Days!!!","item":"https:\/\/ryfi.online\/shop\/"},{"@type":"ListItem","position":3,"name":"T-shirt de dessin anim\u00e9 Marvel Avengers pour enfants"}]},{"@type":"WebSite","@id":"https:\/\/ryfi.online\/fr\/#website","url":"https:\/\/ryfi.online\/fr\/","name":"Ryfi Online Store","description":"Online Store","publisher":{"@id":"https:\/\/ryfi.online\/fr\/#organization"},"potentialAction":[{"@type":"SearchAction","target":{"@type":"EntryPoint","urlTemplate":"https:\/\/ryfi.online\/fr\/?s={search_term_string}"},"query-input":{"@type":"PropertyValueSpecification","valueRequired":true,"valueName":"search_term_string"}}],"inLanguage":"fr-FR"},{"@type":"Organization","@id":"https:\/\/ryfi.online\/fr\/#organization","name":"Ryan Future Investments LLC","url":"https:\/\/ryfi.online\/fr\/","logo":{"@type":"ImageObject","inLanguage":"fr-FR","@id":"https:\/\/ryfi.online\/fr\/#\/schema\/logo\/image\/","url":"https:\/\/ryfi.online\/wp-content\/uploads\/2021\/03\/2-03.png","contentUrl":"https:\/\/ryfi.online\/wp-content\/uploads\/2021\/03\/2-03.png","width":1010,"height":310,"caption":"Ryan Future Investments LLC"},"image":{"@id":"https:\/\/ryfi.online\/fr\/#\/schema\/logo\/image\/"},"sameAs":["https:\/\/www.facebook.com\/ryfi.online\/"]}]},"product_brand":"T-shirt pour gar\u00e7ons","og_availability":"instock","product_availability":"instock","product_condition":"new"},"jetpack-related-posts":[{"id":4848,"url":"https:\/\/ryfi.online\/fr\/produit\/set-3-marvel-avengers-100-slip-coton-pour-garcons-4-5-ans\/","url_meta":{"origin":5448,"position":0},"title":"Set 3 slips 100% coton Marvel Avengers pour gar\u00e7on 4\u20135 ans UE3028","date":"juillet 5, 2021","format":false,"excerpt":"Livraison gratuite 1-3 jours Retour gratuit","rel":"","context":"Article similaire","img":{"alt_text":"","src":"https:\/\/i0.wp.com\/ryfi.online\/wp-content\/uploads\/2021\/07\/ue3028.45y.e00-scaled.jpg?resize=350%2C200&ssl=1","width":350,"height":200},"classes":[]},{"id":4854,"url":"https:\/\/ryfi.online\/fr\/produit\/marvel-avengers-t-shirt-et-short-enfant\/","url_meta":{"origin":5448,"position":1},"title":"Ensemble t-shirt et pantalon Avengers pour enfants UE1068","date":"juillet 30, 2021","format":false,"excerpt":"Exp\u00e9dition rapide et s\u00fbre en 1-3 jours ouvrables","rel":"","context":"Article similaire","img":{"alt_text":"Conjunto camiseta pantalones Avengers","src":"https:\/\/i0.wp.com\/ryfi.online\/wp-content\/uploads\/2021\/07\/ue1068.jpg?resize=350%2C200&ssl=1","width":350,"height":200},"classes":[]},{"id":1973,"url":"https:\/\/ryfi.online\/product\/marvel-avengers-cartoon-t-shirt-for-kids\/","url_meta":{"origin":5448,"position":2},"title":"Marvel Avengers cartoon t-shirt for kids","date":"juin 15, 2021","format":false,"excerpt":"Free Shipping 1-3 business days Free Return","rel":"","context":"Article similaire","img":{"alt_text":"Avengers T-shirt","src":"https:\/\/i0.wp.com\/ryfi.online\/wp-content\/uploads\/2021\/06\/ue1060_gy.jpg?resize=350%2C200&ssl=1","width":350,"height":200},"classes":[]},{"id":5470,"url":"https:\/\/ryfi.online\/fr\/produit\/nickelodeon-paw-patrol-cartoon-t-shirt-pour-filles\/","url_meta":{"origin":5448,"position":3},"title":"T-shirt de dessin anim\u00e9 Nickelodeon Paw Patrol pour filles","date":"juin 15, 2021","format":false,"excerpt":"Livraison gratuite 1-3 jours ouvrables Retour gratuit","rel":"","context":"Article similaire","img":{"alt_text":"T-shirt Pat' Patrouille","src":"https:\/\/i0.wp.com\/ryfi.online\/wp-content\/uploads\/2021\/06\/se1488_dfu.jpg?resize=350%2C200&ssl=1","width":350,"height":200},"classes":[]},{"id":5467,"url":"https:\/\/ryfi.online\/de\/produkt\/t-shirt-cartoon-von-marvel-avengers-for-kids\/","url_meta":{"origin":5448,"position":4},"title":"Kinder Marvel Avengers Cartoon T-Shirt","date":"juin 15, 2021","format":false,"excerpt":"Kostenloser Versand 1-3 Werktage Kostenlose R\u00fccksendung","rel":"","context":"Article similaire","img":{"alt_text":"Avengers-T-Shirt","src":"https:\/\/i0.wp.com\/ryfi.online\/wp-content\/uploads\/2021\/06\/ue1060_gy.jpg?resize=350%2C200&ssl=1","width":350,"height":200},"classes":[]},{"id":5476,"url":"https:\/\/ryfi.online\/fr\/produit\/t-shirt-dessin-anime-miraculous-lady-bug-pour-filles\/","url_meta":{"origin":5448,"position":5},"title":"T-shirt dessin anim\u00e9 Miraculous Lady Bug fille","date":"juin 15, 2021","format":false,"excerpt":"Livraison gratuite 1-3 jours ouvrables Retour gratuit","rel":"","context":"Article similaire","img":{"alt_text":"T-shirt coccinelle","src":"https:\/\/i0.wp.com\/ryfi.online\/wp-content\/uploads\/2021\/06\/et1298_rd.jpg?resize=350%2C200&ssl=1","width":350,"height":200},"classes":[]}],"_links":{"self":[{"href":"https:\/\/ryfi.online\/fr\/wp-json\/wp\/v2\/product\/5448","targetHints":{"allow":["GET"]}}],"collection":[{"href":"https:\/\/ryfi.online\/fr\/wp-json\/wp\/v2\/product"}],"about":[{"href":"https:\/\/ryfi.online\/fr\/wp-json\/wp\/v2\/types\/product"}],"replies":[{"embeddable":true,"href":"https:\/\/ryfi.online\/fr\/wp-json\/wp\/v2\/comments?post=5448"}],"wp:featuredmedia":[{"embeddable":true,"href":"https:\/\/ryfi.online\/fr\/wp-json\/wp\/v2\/media\/5473"}],"wp:attachment":[{"href":"https:\/\/ryfi.online\/fr\/wp-json\/wp\/v2\/media?parent=5448"}],"wp:term":[{"taxonomy":"product_brand","embeddable":true,"href":"https:\/\/ryfi.online\/fr\/wp-json\/wp\/v2\/product_brand?post=5448"},{"taxonomy":"product_cat","embeddable":true,"href":"https:\/\/ryfi.online\/fr\/wp-json\/wp\/v2\/product_cat?post=5448"},{"taxonomy":"product_tag","embeddable":true,"href":"https:\/\/ryfi.online\/fr\/wp-json\/wp\/v2\/product_tag?post=5448"}],"curies":[{"name":"wp","href":"https:\/\/api.w.org\/{rel}","templated":true}]}}