{"id":5247,"date":"2021-06-30T21:38:27","date_gmt":"2021-10-15T15:11:11","guid":{"rendered":"https:\/\/ryfi.online\/product\/sac-a-dos-reversible-2-en-1-la-reine-des-neiges\/"},"modified":"2022-05-17T13:40:11","modified_gmt":"2022-05-17T13:40:11","slug":"sac-a-dos-frozen-2-en-1-reversible","status":"publish","type":"product","link":"https:\/\/ryfi.online\/fr\/produit\/sac-a-dos-frozen-2-en-1-reversible\/","title":{"rendered":"Sac \u00e0 dos r\u00e9versible 2 en 1 Frozen TH9138"},"content":{"rendered":"<ul class=\"a-unordered-list a-vertical a-spacing-mini\">\n<li>Sac \u00e0 dos Frozen 2 fille<\/li>\n<li><span class=\"a-list-item\">Dimensions : 35x28x14 cm<\/span><\/li>\n<li><span class=\"a-list-item\">\u00c2ge : 7-15 ans<\/span><\/li>\n<\/ul>\n","protected":false},"excerpt":{"rendered":"<p>Exp\u00e9dition rapide et s\u00fbre en 1-3 jours ouvrables<\/p>\n","protected":false},"featured_media":5201,"comment_status":"open","ping_status":"closed","template":"","meta":[],"product_brand":[],"product_cat":[233],"product_tag":[],"class_list":{"0":"post-5247","1":"product","2":"type-product","3":"status-publish","4":"has-post-thumbnail","6":"product_cat-sac-a-dos","8":"first","9":"instock","10":"featured","11":"taxable","12":"shipping-taxable","13":"purchasable","14":"product-type-simple"},"yoast_head":"<!-- This site is optimized with the Yoast SEO Premium plugin v17.1.2 (Yoast SEO v27.6) - https:\/\/yoast.com\/product\/yoast-seo-premium-wordpress\/ -->\n<title>Sac \u00e0 dos r\u00e9versible Frozen pour enfants | Sac \u00e0 dos en ligne Frozen pour enfants<\/title>\n<meta name=\"description\" content=\"Si vous recherchez un sac \u00e0 dos r\u00e9versible Frozen pour enfants en Espagne, alors vous \u00eates au bon endroit, la boutique en ligne Ryfi propose le meilleur sac \u00e0 dos pour enfants.\" \/>\n<meta name=\"robots\" content=\"index, follow, max-snippet:-1, max-image-preview:large, max-video-preview:-1\" \/>\n<link rel=\"canonical\" href=\"https:\/\/ryfi.online\/fr\/produit\/sac-a-dos-frozen-2-en-1-reversible\/\" \/>\n<meta property=\"og:locale\" content=\"fr_FR\" \/>\n<meta property=\"og:type\" content=\"article\" \/>\n<meta property=\"og:title\" content=\"Sac \u00e0 dos r\u00e9versible 2 en 1 Frozen TH9138\" \/>\n<meta property=\"og:description\" content=\"Si vous recherchez un sac \u00e0 dos r\u00e9versible Frozen pour enfants en Espagne, alors vous \u00eates au bon endroit, la boutique en ligne Ryfi propose le meilleur sac \u00e0 dos pour enfants.\" \/>\n<meta property=\"og:url\" content=\"https:\/\/ryfi.online\/fr\/produit\/sac-a-dos-frozen-2-en-1-reversible\/\" \/>\n<meta property=\"og:site_name\" content=\"Ryfi Online Store\" \/>\n<meta property=\"article:publisher\" content=\"https:\/\/www.facebook.com\/ryfi.online\/\" \/>\n<meta property=\"article:modified_time\" content=\"2022-05-17T13:40:11+00:00\" \/>\n<meta property=\"og:image\" content=\"https:\/\/ryfi.online\/wp-content\/uploads\/2021\/06\/th9138.e00.jpg\" \/>\n\t<meta property=\"og:image:width\" content=\"800\" \/>\n\t<meta property=\"og:image:height\" content=\"566\" \/>\n\t<meta property=\"og:image:type\" content=\"image\/jpeg\" \/>\n<meta name=\"twitter:card\" content=\"summary_large_image\" \/>\n<meta name=\"twitter:label1\" content=\"Prix\" \/>\n\t<meta name=\"twitter:data1\" content=\"&#036;14.99\" \/>\n\t<meta name=\"twitter:label2\" content=\"Availability\" \/>\n\t<meta name=\"twitter:data2\" content=\"In stock\" \/>\n<meta property=\"product:brand\" content=\"Sac \u00e0 dos\" \/>\n<meta property=\"product:price:amount\" content=\"14.99\" \/>\n<meta property=\"product:price:currency\" content=\"USD\" \/>\n<meta property=\"og:availability\" content=\"instock\" \/>\n<meta property=\"product:availability\" content=\"instock\" \/>\n<meta property=\"product:condition\" content=\"new\" \/>\n<!-- \/ Yoast SEO Premium plugin. -->","yoast_head_json":{"title":"Sac \u00e0 dos r\u00e9versible Frozen pour enfants | Sac \u00e0 dos en ligne Frozen pour enfants","description":"Si vous recherchez un sac \u00e0 dos r\u00e9versible Frozen pour enfants en Espagne, alors vous \u00eates au bon endroit, la boutique en ligne Ryfi propose le meilleur sac \u00e0 dos pour enfants.","robots":{"index":"index","follow":"follow","max-snippet":"max-snippet:-1","max-image-preview":"max-image-preview:large","max-video-preview":"max-video-preview:-1"},"canonical":"https:\/\/ryfi.online\/fr\/produit\/sac-a-dos-frozen-2-en-1-reversible\/","og_locale":"fr_FR","og_type":"article","og_title":"Sac \u00e0 dos r\u00e9versible 2 en 1 Frozen TH9138","og_description":"Si vous recherchez un sac \u00e0 dos r\u00e9versible Frozen pour enfants en Espagne, alors vous \u00eates au bon endroit, la boutique en ligne Ryfi propose le meilleur sac \u00e0 dos pour enfants.","og_url":"https:\/\/ryfi.online\/fr\/produit\/sac-a-dos-frozen-2-en-1-reversible\/","og_site_name":"Ryfi Online Store","article_publisher":"https:\/\/www.facebook.com\/ryfi.online\/","article_modified_time":"2022-05-17T13:40:11+00:00","og_image":[{"width":800,"height":566,"url":"https:\/\/ryfi.online\/wp-content\/uploads\/2021\/06\/th9138.e00.jpg","type":"image\/jpeg"}],"twitter_card":"summary_large_image","twitter_misc":{"Prix":"&#36;14.99","Availability":"In stock"},"schema":{"@context":"https:\/\/schema.org","@graph":[{"@type":"WebPage","@id":"https:\/\/ryfi.online\/fr\/produit\/sac-a-dos-frozen-2-en-1-reversible\/","url":"https:\/\/ryfi.online\/fr\/produit\/sac-a-dos-frozen-2-en-1-reversible\/","name":"Sac \u00e0 dos r\u00e9versible Frozen pour enfants | Sac \u00e0 dos en ligne Frozen pour enfants","isPartOf":{"@id":"https:\/\/ryfi.online\/fr\/#website"},"primaryImageOfPage":{"@id":"https:\/\/ryfi.online\/fr\/produit\/sac-a-dos-frozen-2-en-1-reversible\/#primaryimage"},"image":{"@id":"https:\/\/ryfi.online\/fr\/produit\/sac-a-dos-frozen-2-en-1-reversible\/#primaryimage"},"thumbnailUrl":"https:\/\/ryfi.online\/wp-content\/uploads\/2021\/06\/th9138.e00.jpg","datePublished":"2021-10-15T15:11:11+00:00","dateModified":"2022-05-17T13:40:11+00:00","description":"Si vous recherchez un sac \u00e0 dos r\u00e9versible Frozen pour enfants en Espagne, alors vous \u00eates au bon endroit, la boutique en ligne Ryfi propose le meilleur sac \u00e0 dos pour enfants.","breadcrumb":{"@id":"https:\/\/ryfi.online\/fr\/produit\/sac-a-dos-frozen-2-en-1-reversible\/#breadcrumb"},"inLanguage":"fr-FR","potentialAction":[{"@type":"ReadAction","target":["https:\/\/ryfi.online\/fr\/produit\/sac-a-dos-frozen-2-en-1-reversible\/"]}]},{"@type":"ImageObject","inLanguage":"fr-FR","@id":"https:\/\/ryfi.online\/fr\/produit\/sac-a-dos-frozen-2-en-1-reversible\/#primaryimage","url":"https:\/\/ryfi.online\/wp-content\/uploads\/2021\/06\/th9138.e00.jpg","contentUrl":"https:\/\/ryfi.online\/wp-content\/uploads\/2021\/06\/th9138.e00.jpg","width":800,"height":566,"caption":"Mochila reversible 2 en 1 Frozen"},{"@type":"BreadcrumbList","@id":"https:\/\/ryfi.online\/fr\/produit\/sac-a-dos-frozen-2-en-1-reversible\/#breadcrumb","itemListElement":[{"@type":"ListItem","position":1,"name":"Home","item":"https:\/\/ryfi.online\/fr\/"},{"@type":"ListItem","position":2,"name":"Free and Fast Shipping whitin 1-3 Days!!!","item":"https:\/\/ryfi.online\/shop\/"},{"@type":"ListItem","position":3,"name":"Sac \u00e0 dos r\u00e9versible 2 en 1 Frozen TH9138"}]},{"@type":"WebSite","@id":"https:\/\/ryfi.online\/fr\/#website","url":"https:\/\/ryfi.online\/fr\/","name":"Ryfi Online Store","description":"Online Store","publisher":{"@id":"https:\/\/ryfi.online\/fr\/#organization"},"potentialAction":[{"@type":"SearchAction","target":{"@type":"EntryPoint","urlTemplate":"https:\/\/ryfi.online\/fr\/?s={search_term_string}"},"query-input":{"@type":"PropertyValueSpecification","valueRequired":true,"valueName":"search_term_string"}}],"inLanguage":"fr-FR"},{"@type":"Organization","@id":"https:\/\/ryfi.online\/fr\/#organization","name":"Ryan Future Investments LLC","url":"https:\/\/ryfi.online\/fr\/","logo":{"@type":"ImageObject","inLanguage":"fr-FR","@id":"https:\/\/ryfi.online\/fr\/#\/schema\/logo\/image\/","url":"https:\/\/ryfi.online\/wp-content\/uploads\/2021\/03\/2-03.png","contentUrl":"https:\/\/ryfi.online\/wp-content\/uploads\/2021\/03\/2-03.png","width":1010,"height":310,"caption":"Ryan Future Investments LLC"},"image":{"@id":"https:\/\/ryfi.online\/fr\/#\/schema\/logo\/image\/"},"sameAs":["https:\/\/www.facebook.com\/ryfi.online\/"]}]},"product_brand":"Sac \u00e0 dos","product_price_amount":"14.99","product_price_currency":"USD","og_availability":"instock","product_availability":"instock","product_condition":"new"},"jetpack-related-posts":[{"id":4793,"url":"https:\/\/ryfi.online\/fr\/produit\/ryfi-sac-a-dos-3d-frozen-enfant\/","url_meta":{"origin":5247,"position":0},"title":"Ryfi 3D FROZEN SAC \u00c0 DOS POUR ENFANTS TH9122","date":"septembre 2, 2021","format":false,"excerpt":"Exp\u00e9dition rapide et s\u00fbre en 1-3 jours ouvrables","rel":"","context":"Article similaire","img":{"alt_text":"Mochila 3D Frozen -1","src":"https:\/\/i0.wp.com\/ryfi.online\/wp-content\/uploads\/2021\/09\/th9122.e00.jpg?resize=350%2C200&ssl=1","width":350,"height":200},"classes":[]},{"id":5195,"url":"https:\/\/ryfi.online\/fr\/produit\/ryfi-reversible-minnie-sac-a-dos-2-en-1\/","url_meta":{"origin":5247,"position":1},"title":"Sac \u00e0 dos r\u00e9versible 2 en 1 Minnie TH9129","date":"juin 30, 2021","format":false,"excerpt":"Exp\u00e9dition rapide et s\u00fbre en 1-3 jours ouvrables","rel":"","context":"Article similaire","img":{"alt_text":"Mochila reversible 2 en 1 Minnie","src":"https:\/\/i0.wp.com\/ryfi.online\/wp-content\/uploads\/2021\/06\/th9129.e00.jpg?resize=350%2C200&ssl=1","width":350,"height":200},"classes":[]},{"id":5265,"url":"https:\/\/ryfi.online\/fr\/produit\/sac-a-dos-spiderman-reversible-2-en-1\/","url_meta":{"origin":5247,"position":2},"title":"Sac \u00e0 dos r\u00e9versible Spiderman 2 en 1 TH9128","date":"juin 30, 2021","format":false,"excerpt":"Exp\u00e9dition rapide et s\u00fbre en 1-3 jours ouvrables","rel":"","context":"Article similaire","img":{"alt_text":"Mochila reversible 2 en 1 Spiderman","src":"https:\/\/i0.wp.com\/ryfi.online\/wp-content\/uploads\/2021\/06\/th9128.e00.jpg?resize=350%2C200&ssl=1","width":350,"height":200},"classes":[]},{"id":9706,"url":"https:\/\/ryfi.online\/fr\/produit\/sac-a-dos-mickey-reversible-2-en-1\/","url_meta":{"origin":5247,"position":3},"title":"Sac \u00e0 dos r\u00e9versible 2 en 1 Mickey TH9136","date":"juin 30, 2021","format":false,"excerpt":"Exp\u00e9dition rapide et s\u00fbre en 1-3 jours ouvrables","rel":"","context":"Article similaire","img":{"alt_text":"Mochilla reversible Minnie","src":"https:\/\/i0.wp.com\/ryfi.online\/wp-content\/uploads\/2021\/06\/th9136.e00.jpg?resize=350%2C200&ssl=1","width":350,"height":200},"classes":[]},{"id":5235,"url":"https:\/\/ryfi.online\/fr\/produit\/sac-a-dos-enfant-peluche-bleu-turquoise\/","url_meta":{"origin":5247,"position":4},"title":"Sac \u00e0 dos en peluche bleu turquoise pour enfant PH4912","date":"juillet 1, 2021","format":false,"excerpt":"Exp\u00e9dition rapide et s\u00fbre en 1-3 jours ouvrables","rel":"","context":"Article similaire","img":{"alt_text":"Sac \u00e0 dos Pat' Patrouille -1","src":"https:\/\/i0.wp.com\/ryfi.online\/wp-content\/uploads\/2021\/07\/er2625.jpg?resize=350%2C200&ssl=1","width":350,"height":200},"classes":[]},{"id":4776,"url":"https:\/\/ryfi.online\/fr\/produit\/sac-a-dos-spiderman-sublimation-et-extracteur-caoutchouc\/","url_meta":{"origin":5247,"position":5},"title":"SPIDERMAN SUBLIMATION ET SAC \u00c0 DOS EN CAOUTCHOUC TH9191","date":"septembre 2, 2021","format":false,"excerpt":"Exp\u00e9dition rapide et s\u00fbre en 1-3 jours ouvrables","rel":"","context":"Article similaire","img":{"alt_text":"Mochilla Spiderman -1","src":"https:\/\/i0.wp.com\/ryfi.online\/wp-content\/uploads\/2021\/09\/th9191.e00.jpg?resize=350%2C200&ssl=1","width":350,"height":200},"classes":[]}],"_links":{"self":[{"href":"https:\/\/ryfi.online\/fr\/wp-json\/wp\/v2\/product\/5247","targetHints":{"allow":["GET"]}}],"collection":[{"href":"https:\/\/ryfi.online\/fr\/wp-json\/wp\/v2\/product"}],"about":[{"href":"https:\/\/ryfi.online\/fr\/wp-json\/wp\/v2\/types\/product"}],"replies":[{"embeddable":true,"href":"https:\/\/ryfi.online\/fr\/wp-json\/wp\/v2\/comments?post=5247"}],"wp:featuredmedia":[{"embeddable":true,"href":"https:\/\/ryfi.online\/fr\/wp-json\/wp\/v2\/media\/5201"}],"wp:attachment":[{"href":"https:\/\/ryfi.online\/fr\/wp-json\/wp\/v2\/media?parent=5247"}],"wp:term":[{"taxonomy":"product_brand","embeddable":true,"href":"https:\/\/ryfi.online\/fr\/wp-json\/wp\/v2\/product_brand?post=5247"},{"taxonomy":"product_cat","embeddable":true,"href":"https:\/\/ryfi.online\/fr\/wp-json\/wp\/v2\/product_cat?post=5247"},{"taxonomy":"product_tag","embeddable":true,"href":"https:\/\/ryfi.online\/fr\/wp-json\/wp\/v2\/product_tag?post=5247"}],"curies":[{"name":"wp","href":"https:\/\/api.w.org\/{rel}","templated":true}]}}