{"id":5127,"date":"2021-07-05T18:37:38","date_gmt":"2021-10-15T15:10:18","guid":{"rendered":"https:\/\/ryfi.online\/product\/set-3-slips-disney-mickey-100-coton-pour-garcon-6-8-ans\/"},"modified":"2022-05-17T13:25:21","modified_gmt":"2022-05-17T13:25:21","slug":"set-3-disney-mickey-100-coton-slips-pour-garcons-6-8-ans","status":"publish","type":"product","link":"https:\/\/ryfi.online\/fr\/produit\/set-3-disney-mickey-100-coton-slips-pour-garcons-6-8-ans\/","title":{"rendered":"Set 3 slips Disney Mickey 100% coton gar\u00e7on 6-8 ans UE3091"},"content":{"rendered":"<p><span class=\"a-list-item\">\u2705 Lot de trois culottes pour gar\u00e7on<\/span><\/p>\n<p><span class=\"a-list-item\">\u2705 Lot de trois culottes pour enfant taille 6\/8 ans<\/span><\/p>\n<p><span class=\"a-list-item\">\u2705 Fermeture : avec cordon de serrage<\/span><\/p>\n<p><span class=\"a-list-item\">Lavage en machine<\/span><\/p>\n<p><span class=\"a-list-item\">Bref<\/span><\/p>\n<p><span class=\"a-list-item\">Coton original Disney Mickey.<\/span><\/p>\n<p><span class=\"a-list-item\">Lavable en machine<\/span><\/p>\n<p><span class=\"a-list-item\">Cadeau parfait pour l&#8217;anniversaire des enfants ou No\u00ebl.<\/span><\/p>\n","protected":false},"excerpt":{"rendered":"<div class=\"woocommerce-product-details__short-description\">\n<p>Livraison gratuite 1-3 jours<\/p>\n<p>Retour gratuit<\/p>\n<\/div>\n","protected":false},"featured_media":5133,"comment_status":"open","ping_status":"closed","template":"","meta":[],"product_brand":[],"product_cat":[236],"product_tag":[237],"class_list":{"0":"post-5127","1":"product","2":"type-product","3":"status-publish","4":"has-post-thumbnail","6":"product_cat-slip","7":"product_tag-fr","9":"first","10":"instock","11":"featured","12":"taxable","13":"shipping-taxable","14":"purchasable","15":"product-type-simple"},"yoast_head":"<!-- This site is optimized with the Yoast SEO Premium plugin v17.1.2 (Yoast SEO v27.6) - https:\/\/yoast.com\/product\/yoast-seo-premium-wordpress\/ -->\n<title>Set 3 slips Disney Mickey 100% coton gar\u00e7on 6-8 ans UE3091 - Ryfi Online Store<\/title>\n<meta name=\"description\" content=\"Achetez des slips Disney Mickey 100 % coton pour gar\u00e7ons de 6 \u00e0 8 ans \u00e0 un prix tr\u00e8s abordable sur la meilleure boutique en ligne des \u00c9tats-Unis Ryfi.\" \/>\n<meta name=\"robots\" content=\"index, follow, max-snippet:-1, max-image-preview:large, max-video-preview:-1\" \/>\n<link rel=\"canonical\" href=\"https:\/\/ryfi.online\/fr\/produit\/set-3-disney-mickey-100-coton-slips-pour-garcons-6-8-ans\/\" \/>\n<meta property=\"og:locale\" content=\"fr_FR\" \/>\n<meta property=\"og:type\" content=\"article\" \/>\n<meta property=\"og:title\" content=\"Set 3 slips Disney Mickey 100% coton gar\u00e7on 6-8 ans UE3091\" \/>\n<meta property=\"og:description\" content=\"Achetez des slips Disney Mickey 100 % coton pour gar\u00e7ons de 6 \u00e0 8 ans \u00e0 un prix tr\u00e8s abordable sur la meilleure boutique en ligne des \u00c9tats-Unis Ryfi.\" \/>\n<meta property=\"og:url\" content=\"https:\/\/ryfi.online\/fr\/produit\/set-3-disney-mickey-100-coton-slips-pour-garcons-6-8-ans\/\" \/>\n<meta property=\"og:site_name\" content=\"Ryfi Online Store\" \/>\n<meta property=\"article:publisher\" content=\"https:\/\/www.facebook.com\/ryfi.online\/\" \/>\n<meta property=\"article:modified_time\" content=\"2022-05-17T13:25:21+00:00\" \/>\n<meta property=\"og:image\" content=\"https:\/\/ryfi.online\/wp-content\/uploads\/2021\/07\/er3091.68y.e00.jpg\" \/>\n\t<meta property=\"og:image:width\" content=\"800\" \/>\n\t<meta property=\"og:image:height\" content=\"566\" \/>\n\t<meta property=\"og:image:type\" content=\"image\/jpeg\" \/>\n<meta name=\"twitter:card\" content=\"summary_large_image\" \/>\n<meta name=\"twitter:label1\" content=\"Prix\" \/>\n\t<meta name=\"twitter:data1\" content=\"&#036;2.99\" \/>\n\t<meta name=\"twitter:label2\" content=\"Availability\" \/>\n\t<meta name=\"twitter:data2\" content=\"In stock\" \/>\n<meta property=\"product:brand\" content=\"Slip\" \/>\n<meta property=\"product:price:amount\" content=\"2.99\" \/>\n<meta property=\"product:price:currency\" content=\"USD\" \/>\n<meta property=\"og:availability\" content=\"instock\" \/>\n<meta property=\"product:availability\" content=\"instock\" \/>\n<meta property=\"product:condition\" content=\"new\" \/>\n<!-- \/ Yoast SEO Premium plugin. -->","yoast_head_json":{"title":"Set 3 slips Disney Mickey 100% coton gar\u00e7on 6-8 ans UE3091 - Ryfi Online Store","description":"Achetez des slips Disney Mickey 100 % coton pour gar\u00e7ons de 6 \u00e0 8 ans \u00e0 un prix tr\u00e8s abordable sur la meilleure boutique en ligne des \u00c9tats-Unis Ryfi.","robots":{"index":"index","follow":"follow","max-snippet":"max-snippet:-1","max-image-preview":"max-image-preview:large","max-video-preview":"max-video-preview:-1"},"canonical":"https:\/\/ryfi.online\/fr\/produit\/set-3-disney-mickey-100-coton-slips-pour-garcons-6-8-ans\/","og_locale":"fr_FR","og_type":"article","og_title":"Set 3 slips Disney Mickey 100% coton gar\u00e7on 6-8 ans UE3091","og_description":"Achetez des slips Disney Mickey 100 % coton pour gar\u00e7ons de 6 \u00e0 8 ans \u00e0 un prix tr\u00e8s abordable sur la meilleure boutique en ligne des \u00c9tats-Unis Ryfi.","og_url":"https:\/\/ryfi.online\/fr\/produit\/set-3-disney-mickey-100-coton-slips-pour-garcons-6-8-ans\/","og_site_name":"Ryfi Online Store","article_publisher":"https:\/\/www.facebook.com\/ryfi.online\/","article_modified_time":"2022-05-17T13:25:21+00:00","og_image":[{"width":800,"height":566,"url":"https:\/\/ryfi.online\/wp-content\/uploads\/2021\/07\/er3091.68y.e00.jpg","type":"image\/jpeg"}],"twitter_card":"summary_large_image","twitter_misc":{"Prix":"&#36;2.99","Availability":"In stock"},"schema":{"@context":"https:\/\/schema.org","@graph":[{"@type":"WebPage","@id":"https:\/\/ryfi.online\/fr\/produit\/set-3-disney-mickey-100-coton-slips-pour-garcons-6-8-ans\/","url":"https:\/\/ryfi.online\/fr\/produit\/set-3-disney-mickey-100-coton-slips-pour-garcons-6-8-ans\/","name":"Set 3 slips Disney Mickey 100% coton gar\u00e7on 6-8 ans UE3091 - Ryfi Online Store","isPartOf":{"@id":"https:\/\/ryfi.online\/fr\/#website"},"primaryImageOfPage":{"@id":"https:\/\/ryfi.online\/fr\/produit\/set-3-disney-mickey-100-coton-slips-pour-garcons-6-8-ans\/#primaryimage"},"image":{"@id":"https:\/\/ryfi.online\/fr\/produit\/set-3-disney-mickey-100-coton-slips-pour-garcons-6-8-ans\/#primaryimage"},"thumbnailUrl":"https:\/\/ryfi.online\/wp-content\/uploads\/2021\/07\/er3091.68y.e00.jpg","datePublished":"2021-10-15T15:10:18+00:00","dateModified":"2022-05-17T13:25:21+00:00","description":"Achetez des slips Disney Mickey 100 % coton pour gar\u00e7ons de 6 \u00e0 8 ans \u00e0 un prix tr\u00e8s abordable sur la meilleure boutique en ligne des \u00c9tats-Unis Ryfi.","breadcrumb":{"@id":"https:\/\/ryfi.online\/fr\/produit\/set-3-disney-mickey-100-coton-slips-pour-garcons-6-8-ans\/#breadcrumb"},"inLanguage":"fr-FR","potentialAction":[{"@type":"ReadAction","target":["https:\/\/ryfi.online\/fr\/produit\/set-3-disney-mickey-100-coton-slips-pour-garcons-6-8-ans\/"]}]},{"@type":"ImageObject","inLanguage":"fr-FR","@id":"https:\/\/ryfi.online\/fr\/produit\/set-3-disney-mickey-100-coton-slips-pour-garcons-6-8-ans\/#primaryimage","url":"https:\/\/ryfi.online\/wp-content\/uploads\/2021\/07\/er3091.68y.e00.jpg","contentUrl":"https:\/\/ryfi.online\/wp-content\/uploads\/2021\/07\/er3091.68y.e00.jpg","width":800,"height":566,"caption":"Set 3 calzoncillos Mickey - 1"},{"@type":"BreadcrumbList","@id":"https:\/\/ryfi.online\/fr\/produit\/set-3-disney-mickey-100-coton-slips-pour-garcons-6-8-ans\/#breadcrumb","itemListElement":[{"@type":"ListItem","position":1,"name":"Home","item":"https:\/\/ryfi.online\/fr\/"},{"@type":"ListItem","position":2,"name":"Free and Fast Shipping whitin 1-3 Days!!!","item":"https:\/\/ryfi.online\/shop\/"},{"@type":"ListItem","position":3,"name":"Set 3 slips Disney Mickey 100% coton gar\u00e7on 6-8 ans UE3091"}]},{"@type":"WebSite","@id":"https:\/\/ryfi.online\/fr\/#website","url":"https:\/\/ryfi.online\/fr\/","name":"Ryfi Online Store","description":"Online Store","publisher":{"@id":"https:\/\/ryfi.online\/fr\/#organization"},"potentialAction":[{"@type":"SearchAction","target":{"@type":"EntryPoint","urlTemplate":"https:\/\/ryfi.online\/fr\/?s={search_term_string}"},"query-input":{"@type":"PropertyValueSpecification","valueRequired":true,"valueName":"search_term_string"}}],"inLanguage":"fr-FR"},{"@type":"Organization","@id":"https:\/\/ryfi.online\/fr\/#organization","name":"Ryan Future Investments LLC","url":"https:\/\/ryfi.online\/fr\/","logo":{"@type":"ImageObject","inLanguage":"fr-FR","@id":"https:\/\/ryfi.online\/fr\/#\/schema\/logo\/image\/","url":"https:\/\/ryfi.online\/wp-content\/uploads\/2021\/03\/2-03.png","contentUrl":"https:\/\/ryfi.online\/wp-content\/uploads\/2021\/03\/2-03.png","width":1010,"height":310,"caption":"Ryan Future Investments LLC"},"image":{"@id":"https:\/\/ryfi.online\/fr\/#\/schema\/logo\/image\/"},"sameAs":["https:\/\/www.facebook.com\/ryfi.online\/"]}]},"product_brand":"Slip","product_price_amount":"2.99","product_price_currency":"USD","og_availability":"instock","product_availability":"instock","product_condition":"new"},"jetpack-related-posts":[{"id":5214,"url":"https:\/\/ryfi.online\/fr\/produit\/3-culottes-100-coton-pour-enfants-marvel-spiderman-6-8-ans\/","url_meta":{"origin":5127,"position":0},"title":"3 slips 100% coton gar\u00e7on Marvel Spiderman 6-8 ans","date":"juillet 2, 2021","format":false,"excerpt":"Livraison gratuite 1-3 jours ouvrables Retour gratuit","rel":"","context":"Article similaire","img":{"alt_text":"Set 3 calzoncillos Spiderman","src":"https:\/\/i0.wp.com\/ryfi.online\/wp-content\/uploads\/2021\/07\/img_141921_063855668ffb7096235876846a9fbb9f_20.jpg?resize=350%2C200&ssl=1","width":350,"height":200},"classes":[]},{"id":5088,"url":"https:\/\/ryfi.online\/fr\/produit\/set-3-marvel-spiderman-100-coton-slips-pour-garcons-6-8-ans\/","url_meta":{"origin":5127,"position":1},"title":"Set 3 slips Marvel Spiderman 100% coton gar\u00e7on 6-8 ans UE3009","date":"juillet 5, 2021","format":false,"excerpt":"Livraison gratuite 1-3 jours Retour gratuit","rel":"","context":"Article similaire","img":{"alt_text":"Set 3 calzoncillos Spiderman -2","src":"https:\/\/i0.wp.com\/ryfi.online\/wp-content\/uploads\/2021\/07\/ue3009.68y.e00-scaled.jpg?resize=350%2C200&ssl=1","width":350,"height":200},"classes":[]},{"id":4848,"url":"https:\/\/ryfi.online\/fr\/produit\/set-3-marvel-avengers-100-slip-coton-pour-garcons-4-5-ans\/","url_meta":{"origin":5127,"position":2},"title":"Set 3 slips 100% coton Marvel Avengers pour gar\u00e7on 4\u20135 ans UE3028","date":"juillet 5, 2021","format":false,"excerpt":"Livraison gratuite 1-3 jours Retour gratuit","rel":"","context":"Article similaire","img":{"alt_text":"","src":"https:\/\/i0.wp.com\/ryfi.online\/wp-content\/uploads\/2021\/07\/ue3028.45y.e00-scaled.jpg?resize=350%2C200&ssl=1","width":350,"height":200},"classes":[]},{"id":5139,"url":"https:\/\/ryfi.online\/fr\/produit\/set-3-batman-100-coton-slips-pour-garcons-4-5-ans\/","url_meta":{"origin":5127,"position":3},"title":"Lot 3 slips Batman 100% coton gar\u00e7on 4-5 ans UE8088","date":"juillet 5, 2021","format":false,"excerpt":"Livraison gratuite 1-3 jours Retour gratuit","rel":"","context":"Article similaire","img":{"alt_text":"","src":"https:\/\/i0.wp.com\/ryfi.online\/wp-content\/uploads\/2021\/07\/ue8088.45y.e00-scaled.jpg?resize=350%2C200&ssl=1","width":350,"height":200},"classes":[]},{"id":5189,"url":"https:\/\/ryfi.online\/fr\/produit\/3-disney-minnie-girls-100-slip-coton-2-3-ans\/","url_meta":{"origin":5127,"position":4},"title":"Set 3 slips filles Disney Minnie 100% coton 2\u20133 ans UE3000","date":"juillet 5, 2021","format":false,"excerpt":"Livraison gratuite 1-3 jours Retour gratuit","rel":"","context":"Article similaire","img":{"alt_text":"Set 3 calzoncillos Minnie -1","src":"https:\/\/i0.wp.com\/ryfi.online\/wp-content\/uploads\/2021\/07\/ue3000.23y.e00-scaled.jpg?resize=350%2C200&ssl=1","width":350,"height":200},"classes":[]},{"id":5004,"url":"https:\/\/ryfi.online\/fr\/produit\/3-100-culottes-en-coton-pour-filles-disney-princess-6-8-ans\/","url_meta":{"origin":5127,"position":5},"title":"3 Slips 100% coton Disney Princesses fille 6-8 ans TH3040","date":"juillet 17, 2021","format":false,"excerpt":"Exp\u00e9dition rapide et s\u00fbre en 1-3 jours ouvrables","rel":"","context":"Article similaire","img":{"alt_text":"","src":"https:\/\/i0.wp.com\/ryfi.online\/wp-content\/uploads\/2021\/07\/et3013.23y_pack.jpg?resize=350%2C200&ssl=1","width":350,"height":200},"classes":[]}],"_links":{"self":[{"href":"https:\/\/ryfi.online\/fr\/wp-json\/wp\/v2\/product\/5127","targetHints":{"allow":["GET"]}}],"collection":[{"href":"https:\/\/ryfi.online\/fr\/wp-json\/wp\/v2\/product"}],"about":[{"href":"https:\/\/ryfi.online\/fr\/wp-json\/wp\/v2\/types\/product"}],"replies":[{"embeddable":true,"href":"https:\/\/ryfi.online\/fr\/wp-json\/wp\/v2\/comments?post=5127"}],"wp:featuredmedia":[{"embeddable":true,"href":"https:\/\/ryfi.online\/fr\/wp-json\/wp\/v2\/media\/5133"}],"wp:attachment":[{"href":"https:\/\/ryfi.online\/fr\/wp-json\/wp\/v2\/media?parent=5127"}],"wp:term":[{"taxonomy":"product_brand","embeddable":true,"href":"https:\/\/ryfi.online\/fr\/wp-json\/wp\/v2\/product_brand?post=5127"},{"taxonomy":"product_cat","embeddable":true,"href":"https:\/\/ryfi.online\/fr\/wp-json\/wp\/v2\/product_cat?post=5127"},{"taxonomy":"product_tag","embeddable":true,"href":"https:\/\/ryfi.online\/fr\/wp-json\/wp\/v2\/product_tag?post=5127"}],"curies":[{"name":"wp","href":"https:\/\/api.w.org\/{rel}","templated":true}]}}