{"id":4970,"date":"2021-07-23T08:55:48","date_gmt":"2021-10-13T16:40:43","guid":{"rendered":"https:\/\/ryfi.online\/product\/robe-de-bande-dessinee-anekke-pour-les-filles\/"},"modified":"2023-02-03T11:34:28","modified_gmt":"2023-02-03T11:34:28","slug":"anekke-cartoon-robe-pour-filles","status":"publish","type":"product","link":"https:\/\/ryfi.online\/fr\/produit\/anekke-cartoon-robe-pour-filles\/","title":{"rendered":"Robe de dessin anim\u00e9 pour filles Anekke SE1500"},"content":{"rendered":"<p><span class=\"a-list-item\">\u2705 Robe fille Anekke<\/span><\/p>\n<p><span class=\"a-list-item\">\u2705 Couleur : Rouge<\/span><\/p>\n<p><span class=\"a-list-item\">\u2705 100% Coton, <\/span><\/p>\n<p id=\"title\" class=\"a-size-large a-spacing-none\"><span id=\"productTitle\" class=\"a-size-large product-title-word-break\"><span class=\"a-list-item\">\u2705<\/span> \u00c2ge : 6 ans, 8 ans, 10 ans, 12 ans, 14 ans<\/span><\/p>\n","protected":false},"excerpt":{"rendered":"<p>Exp\u00e9dition rapide et s\u00fbre en 1-3 jours ouvrables<\/p>\n","protected":false},"featured_media":4976,"comment_status":"open","ping_status":"closed","template":"","meta":[],"product_brand":[],"product_cat":[241],"product_tag":[],"class_list":{"0":"post-4970","1":"product","2":"type-product","3":"status-publish","4":"has-post-thumbnail","6":"product_cat-robe","8":"first","9":"instock","10":"featured","11":"taxable","12":"shipping-taxable","13":"purchasable","14":"product-type-variable"},"yoast_head":"<!-- This site is optimized with the Yoast SEO Premium plugin v17.1.2 (Yoast SEO v27.6) - https:\/\/yoast.com\/product\/yoast-seo-premium-wordpress\/ -->\n<title>Robe de dessin anim\u00e9 pour filles Anekke SE1500 - Ryfi Online Store<\/title>\n<meta name=\"description\" content=\"Nous proposons en ligne la robe de dessin anim\u00e9 Anekke pour les filles de 6 \u00e0 14 ans en Espagne \u00e0 un prix tr\u00e8s raisonnable qui conviendra \u00e0 votre budget. Acheter maintenant!\" \/>\n<meta name=\"robots\" content=\"index, follow, max-snippet:-1, max-image-preview:large, max-video-preview:-1\" \/>\n<link rel=\"canonical\" href=\"https:\/\/ryfi.online\/fr\/produit\/anekke-cartoon-robe-pour-filles\/\" \/>\n<meta property=\"og:locale\" content=\"fr_FR\" \/>\n<meta property=\"og:type\" content=\"article\" \/>\n<meta property=\"og:title\" content=\"Robe de dessin anim\u00e9 pour filles Anekke SE1500\" \/>\n<meta property=\"og:description\" content=\"Nous proposons en ligne la robe de dessin anim\u00e9 Anekke pour les filles de 6 \u00e0 14 ans en Espagne \u00e0 un prix tr\u00e8s raisonnable qui conviendra \u00e0 votre budget. Acheter maintenant!\" \/>\n<meta property=\"og:url\" content=\"https:\/\/ryfi.online\/fr\/produit\/anekke-cartoon-robe-pour-filles\/\" \/>\n<meta property=\"og:site_name\" content=\"Ryfi Online Store\" \/>\n<meta property=\"article:publisher\" content=\"https:\/\/www.facebook.com\/ryfi.online\/\" \/>\n<meta property=\"article:modified_time\" content=\"2023-02-03T11:34:28+00:00\" \/>\n<meta property=\"og:image\" content=\"https:\/\/ryfi.online\/wp-content\/uploads\/2021\/07\/20200630010832969292_m.jpg\" \/>\n\t<meta property=\"og:image:width\" content=\"480\" \/>\n\t<meta property=\"og:image:height\" content=\"537\" \/>\n\t<meta property=\"og:image:type\" content=\"image\/jpeg\" \/>\n<meta name=\"twitter:card\" content=\"summary_large_image\" \/>\n<meta name=\"twitter:label1\" content=\"Availability\" \/>\n\t<meta name=\"twitter:data1\" content=\"In stock\" \/>\n<meta property=\"product:brand\" content=\"Robe\" \/>\n<meta property=\"og:availability\" content=\"instock\" \/>\n<meta property=\"product:availability\" content=\"instock\" \/>\n<meta property=\"product:condition\" content=\"new\" \/>\n<!-- \/ Yoast SEO Premium plugin. -->","yoast_head_json":{"title":"Robe de dessin anim\u00e9 pour filles Anekke SE1500 - Ryfi Online Store","description":"Nous proposons en ligne la robe de dessin anim\u00e9 Anekke pour les filles de 6 \u00e0 14 ans en Espagne \u00e0 un prix tr\u00e8s raisonnable qui conviendra \u00e0 votre budget. Acheter maintenant!","robots":{"index":"index","follow":"follow","max-snippet":"max-snippet:-1","max-image-preview":"max-image-preview:large","max-video-preview":"max-video-preview:-1"},"canonical":"https:\/\/ryfi.online\/fr\/produit\/anekke-cartoon-robe-pour-filles\/","og_locale":"fr_FR","og_type":"article","og_title":"Robe de dessin anim\u00e9 pour filles Anekke SE1500","og_description":"Nous proposons en ligne la robe de dessin anim\u00e9 Anekke pour les filles de 6 \u00e0 14 ans en Espagne \u00e0 un prix tr\u00e8s raisonnable qui conviendra \u00e0 votre budget. Acheter maintenant!","og_url":"https:\/\/ryfi.online\/fr\/produit\/anekke-cartoon-robe-pour-filles\/","og_site_name":"Ryfi Online Store","article_publisher":"https:\/\/www.facebook.com\/ryfi.online\/","article_modified_time":"2023-02-03T11:34:28+00:00","og_image":[{"width":480,"height":537,"url":"https:\/\/ryfi.online\/wp-content\/uploads\/2021\/07\/20200630010832969292_m.jpg","type":"image\/jpeg"}],"twitter_card":"summary_large_image","twitter_misc":{"Availability":"In stock"},"schema":{"@context":"https:\/\/schema.org","@graph":[{"@type":"WebPage","@id":"https:\/\/ryfi.online\/fr\/produit\/anekke-cartoon-robe-pour-filles\/","url":"https:\/\/ryfi.online\/fr\/produit\/anekke-cartoon-robe-pour-filles\/","name":"Robe de dessin anim\u00e9 pour filles Anekke SE1500 - Ryfi Online Store","isPartOf":{"@id":"https:\/\/ryfi.online\/fr\/#website"},"primaryImageOfPage":{"@id":"https:\/\/ryfi.online\/fr\/produit\/anekke-cartoon-robe-pour-filles\/#primaryimage"},"image":{"@id":"https:\/\/ryfi.online\/fr\/produit\/anekke-cartoon-robe-pour-filles\/#primaryimage"},"thumbnailUrl":"https:\/\/ryfi.online\/wp-content\/uploads\/2021\/07\/20200630010832969292_m.jpg","datePublished":"2021-10-13T16:40:43+00:00","dateModified":"2023-02-03T11:34:28+00:00","description":"Nous proposons en ligne la robe de dessin anim\u00e9 Anekke pour les filles de 6 \u00e0 14 ans en Espagne \u00e0 un prix tr\u00e8s raisonnable qui conviendra \u00e0 votre budget. Acheter maintenant!","breadcrumb":{"@id":"https:\/\/ryfi.online\/fr\/produit\/anekke-cartoon-robe-pour-filles\/#breadcrumb"},"inLanguage":"fr-FR","potentialAction":[{"@type":"ReadAction","target":["https:\/\/ryfi.online\/fr\/produit\/anekke-cartoon-robe-pour-filles\/"]}]},{"@type":"ImageObject","inLanguage":"fr-FR","@id":"https:\/\/ryfi.online\/fr\/produit\/anekke-cartoon-robe-pour-filles\/#primaryimage","url":"https:\/\/ryfi.online\/wp-content\/uploads\/2021\/07\/20200630010832969292_m.jpg","contentUrl":"https:\/\/ryfi.online\/wp-content\/uploads\/2021\/07\/20200630010832969292_m.jpg","width":480,"height":537,"caption":"Robe Anekk\u00e9"},{"@type":"BreadcrumbList","@id":"https:\/\/ryfi.online\/fr\/produit\/anekke-cartoon-robe-pour-filles\/#breadcrumb","itemListElement":[{"@type":"ListItem","position":1,"name":"Home","item":"https:\/\/ryfi.online\/fr\/"},{"@type":"ListItem","position":2,"name":"Free and Fast Shipping whitin 1-3 Days!!!","item":"https:\/\/ryfi.online\/shop\/"},{"@type":"ListItem","position":3,"name":"Robe de dessin anim\u00e9 pour filles Anekke SE1500"}]},{"@type":"WebSite","@id":"https:\/\/ryfi.online\/fr\/#website","url":"https:\/\/ryfi.online\/fr\/","name":"Ryfi Online Store","description":"Online Store","publisher":{"@id":"https:\/\/ryfi.online\/fr\/#organization"},"potentialAction":[{"@type":"SearchAction","target":{"@type":"EntryPoint","urlTemplate":"https:\/\/ryfi.online\/fr\/?s={search_term_string}"},"query-input":{"@type":"PropertyValueSpecification","valueRequired":true,"valueName":"search_term_string"}}],"inLanguage":"fr-FR"},{"@type":"Organization","@id":"https:\/\/ryfi.online\/fr\/#organization","name":"Ryan Future Investments LLC","url":"https:\/\/ryfi.online\/fr\/","logo":{"@type":"ImageObject","inLanguage":"fr-FR","@id":"https:\/\/ryfi.online\/fr\/#\/schema\/logo\/image\/","url":"https:\/\/ryfi.online\/wp-content\/uploads\/2021\/03\/2-03.png","contentUrl":"https:\/\/ryfi.online\/wp-content\/uploads\/2021\/03\/2-03.png","width":1010,"height":310,"caption":"Ryan Future Investments LLC"},"image":{"@id":"https:\/\/ryfi.online\/fr\/#\/schema\/logo\/image\/"},"sameAs":["https:\/\/www.facebook.com\/ryfi.online\/"]}]},"product_brand":"Robe","og_availability":"instock","product_availability":"instock","product_condition":"new"},"jetpack-related-posts":[{"id":4981,"url":"https:\/\/ryfi.online\/de\/produkt\/anekke-cartoon-kleid-fur-madchen\/","url_meta":{"origin":4970,"position":0},"title":"Anekke M\u00e4dchen Cartoon Kleid SE1500","date":"juillet 23, 2021","format":false,"excerpt":"Schneller und sicherer Versand in 1-3 Werktagen","rel":"","context":"Article similaire","img":{"alt_text":"Anekke-Kleid","src":"https:\/\/i0.wp.com\/ryfi.online\/wp-content\/uploads\/2021\/07\/20200630010832969292_m.jpg?resize=350%2C200&ssl=1","width":350,"height":200},"classes":[]},{"id":2278,"url":"https:\/\/ryfi.online\/product\/cartoon-dress-by-anekke-for-girls\/","url_meta":{"origin":4970,"position":1},"title":"Anekke Girls Cartoon Dress SE1500","date":"juillet 23, 2021","format":false,"excerpt":"Fast and safe shipping in 1-3 business days","rel":"","context":"Article similaire","img":{"alt_text":"Anekke dress","src":"https:\/\/i0.wp.com\/ryfi.online\/wp-content\/uploads\/2021\/07\/20200630010832969292_m.jpg?resize=350%2C200&ssl=1","width":350,"height":200},"classes":[]},{"id":2261,"url":"https:\/\/ryfi.online\/product\/cartoon-anekke-t-shirt-for-girls\/","url_meta":{"origin":4970,"position":2},"title":"Anekke cartoon t-shirt for girls SE1479","date":"juillet 17, 2021","format":false,"excerpt":"Fast and safe shipping in 1-3 business days","rel":"","context":"Article similaire","img":{"alt_text":"Anekke T-shirt","src":"https:\/\/i0.wp.com\/ryfi.online\/wp-content\/uploads\/2021\/07\/img_91355_4ba08d53d1efba1ea99377fa4b3b303f_20.jpg?resize=350%2C200&ssl=1","width":350,"height":200},"classes":[]},{"id":11874,"url":"https:\/\/ryfi.online\/ro\/produs\/rochie-desene-animate-anekke-pentru-fete\/","url_meta":{"origin":4970,"position":3},"title":"Rochie de desene animate pentru fete Anekke SE1500","date":"juillet 23, 2021","format":false,"excerpt":"Livrare rapid\u0103 \u0219i sigur\u0103 \u00een 1-3 zile lucr\u0103toare","rel":"","context":"Article similaire","img":{"alt_text":"Rochie Anekke","src":"https:\/\/i0.wp.com\/ryfi.online\/wp-content\/uploads\/2021\/07\/20200630010832969292_m.jpg?resize=350%2C200&ssl=1","width":350,"height":200},"classes":[]},{"id":4982,"url":"https:\/\/ryfi.online\/it\/prodotto\/anekke-vestito-cartone-animato-per-ragazze\/","url_meta":{"origin":4970,"position":4},"title":"Abito da cartone animato per ragazze Anekke SE1500","date":"juillet 23, 2021","format":false,"excerpt":"Spedizione veloce e sicura in 1-3 giorni lavorativi","rel":"","context":"Article similaire","img":{"alt_text":"Abito Anekke","src":"https:\/\/i0.wp.com\/ryfi.online\/wp-content\/uploads\/2021\/07\/20200630010832969292_m.jpg?resize=350%2C200&ssl=1","width":350,"height":200},"classes":[]},{"id":2270,"url":"https:\/\/ryfi.online\/es\/producto\/vestido-dibujo-animado-de-anekke-para-ninas\/","url_meta":{"origin":4970,"position":5},"title":"Vestido dibujo animado de Anekke para ni\u00f1as SE1500","date":"juillet 23, 2021","format":false,"excerpt":"Env\u00edo rapido y seguro en 1-3 dias laborales","rel":"","context":"Article similaire","img":{"alt_text":"Vestido Anekke","src":"https:\/\/i0.wp.com\/ryfi.online\/wp-content\/uploads\/2021\/07\/20200630010832969292_m.jpg?resize=350%2C200&ssl=1","width":350,"height":200},"classes":[]}],"_links":{"self":[{"href":"https:\/\/ryfi.online\/fr\/wp-json\/wp\/v2\/product\/4970","targetHints":{"allow":["GET"]}}],"collection":[{"href":"https:\/\/ryfi.online\/fr\/wp-json\/wp\/v2\/product"}],"about":[{"href":"https:\/\/ryfi.online\/fr\/wp-json\/wp\/v2\/types\/product"}],"replies":[{"embeddable":true,"href":"https:\/\/ryfi.online\/fr\/wp-json\/wp\/v2\/comments?post=4970"}],"wp:featuredmedia":[{"embeddable":true,"href":"https:\/\/ryfi.online\/fr\/wp-json\/wp\/v2\/media\/4976"}],"wp:attachment":[{"href":"https:\/\/ryfi.online\/fr\/wp-json\/wp\/v2\/media?parent=4970"}],"wp:term":[{"taxonomy":"product_brand","embeddable":true,"href":"https:\/\/ryfi.online\/fr\/wp-json\/wp\/v2\/product_brand?post=4970"},{"taxonomy":"product_cat","embeddable":true,"href":"https:\/\/ryfi.online\/fr\/wp-json\/wp\/v2\/product_cat?post=4970"},{"taxonomy":"product_tag","embeddable":true,"href":"https:\/\/ryfi.online\/fr\/wp-json\/wp\/v2\/product_tag?post=4970"}],"curies":[{"name":"wp","href":"https:\/\/api.w.org\/{rel}","templated":true}]}}