{"id":4748,"date":"2021-09-02T08:20:52","date_gmt":"2021-10-13T15:43:39","guid":{"rendered":"https:\/\/ryfi.online\/product\/sac-a-dos-imprime-lenticulaire-ryfi-cars\/"},"modified":"2022-05-17T11:09:55","modified_gmt":"2022-05-17T11:09:55","slug":"ryfi-sac-a-dos-voitures-imprime-lenticulaire","status":"publish","type":"product","link":"https:\/\/ryfi.online\/fr\/produit\/ryfi-sac-a-dos-voitures-imprime-lenticulaire\/","title":{"rendered":"Ryfi CARS IMPRIM\u00c9 LENTICULAIRE SAC \u00c0 DOS SE2558"},"content":{"rendered":"<ul class=\"a-unordered-list a-vertical a-spacing-mini\">\n<li>Sac \u00e0 dos Cars pour enfants<\/li>\n<li><span class=\"a-list-item\">Dimensions : 27x22x18<\/span><\/li>\n<li><span class=\"a-list-item\">Saison automne-hiver<\/span><\/li>\n<li><span class=\"a-list-item\">\u00c2ge : 3-7 ans<\/span><\/li>\n<\/ul>\n","protected":false},"excerpt":{"rendered":"<p>Exp\u00e9dition rapide et s\u00fbre en 1-3 jours ouvrables<\/p>\n","protected":false},"featured_media":4749,"comment_status":"open","ping_status":"closed","template":"","meta":[],"product_brand":[],"product_cat":[233],"product_tag":[],"class_list":{"0":"post-4748","1":"product","2":"type-product","3":"status-publish","4":"has-post-thumbnail","6":"product_cat-sac-a-dos","8":"first","9":"instock","10":"featured","11":"taxable","12":"shipping-taxable","13":"purchasable","14":"product-type-simple"},"yoast_head":"<!-- This site is optimized with the Yoast SEO Premium plugin v17.1.2 (Yoast SEO v27.5) - https:\/\/yoast.com\/product\/yoast-seo-premium-wordpress\/ -->\n<title>Acheter Sac \u00e0 dos Cars Lenticular imprim\u00e9 en 3D - Ryfi Online Store<\/title>\n<meta name=\"description\" content=\"La boutique en ligne Ryfi est l&#039;une des meilleures boutiques en ligne d&#039;Espagne qui propose le sac \u00e0 dos lenticulaire imprim\u00e9 en 3D pour enfants \u00e0 un prix tr\u00e8s abordable. visite maintenant.\" \/>\n<meta name=\"robots\" content=\"index, follow, max-snippet:-1, max-image-preview:large, max-video-preview:-1\" \/>\n<link rel=\"canonical\" href=\"https:\/\/ryfi.online\/fr\/produit\/ryfi-sac-a-dos-voitures-imprime-lenticulaire\/\" \/>\n<meta property=\"og:locale\" content=\"fr_FR\" \/>\n<meta property=\"og:type\" content=\"article\" \/>\n<meta property=\"og:title\" content=\"Ryfi CARS IMPRIM\u00c9 LENTICULAIRE SAC \u00c0 DOS SE2558\" \/>\n<meta property=\"og:description\" content=\"La boutique en ligne Ryfi est l&#039;une des meilleures boutiques en ligne d&#039;Espagne qui propose le sac \u00e0 dos lenticulaire imprim\u00e9 en 3D pour enfants \u00e0 un prix tr\u00e8s abordable. visite maintenant.\" \/>\n<meta property=\"og:url\" content=\"https:\/\/ryfi.online\/fr\/produit\/ryfi-sac-a-dos-voitures-imprime-lenticulaire\/\" \/>\n<meta property=\"og:site_name\" content=\"Ryfi Online Store\" \/>\n<meta property=\"article:publisher\" content=\"https:\/\/www.facebook.com\/ryfi.online\/\" \/>\n<meta property=\"article:modified_time\" content=\"2022-05-17T11:09:55+00:00\" \/>\n<meta property=\"og:image\" content=\"https:\/\/ryfi.online\/wp-content\/uploads\/2021\/09\/se2558.jpg\" \/>\n\t<meta property=\"og:image:width\" content=\"800\" \/>\n\t<meta property=\"og:image:height\" content=\"565\" \/>\n\t<meta property=\"og:image:type\" content=\"image\/jpeg\" \/>\n<meta name=\"twitter:card\" content=\"summary_large_image\" \/>\n<meta name=\"twitter:label1\" content=\"Prix\" \/>\n\t<meta name=\"twitter:data1\" content=\"&#036;14.99\" \/>\n\t<meta name=\"twitter:label2\" content=\"Availability\" \/>\n\t<meta name=\"twitter:data2\" content=\"In stock\" \/>\n<meta property=\"product:brand\" content=\"Sac \u00e0 dos\" \/>\n<meta property=\"product:price:amount\" content=\"14.99\" \/>\n<meta property=\"product:price:currency\" content=\"USD\" \/>\n<meta property=\"og:availability\" content=\"instock\" \/>\n<meta property=\"product:availability\" content=\"instock\" \/>\n<meta property=\"product:condition\" content=\"new\" \/>\n<!-- \/ Yoast SEO Premium plugin. -->","yoast_head_json":{"title":"Acheter Sac \u00e0 dos Cars Lenticular imprim\u00e9 en 3D - Ryfi Online Store","description":"La boutique en ligne Ryfi est l'une des meilleures boutiques en ligne d'Espagne qui propose le sac \u00e0 dos lenticulaire imprim\u00e9 en 3D pour enfants \u00e0 un prix tr\u00e8s abordable. visite maintenant.","robots":{"index":"index","follow":"follow","max-snippet":"max-snippet:-1","max-image-preview":"max-image-preview:large","max-video-preview":"max-video-preview:-1"},"canonical":"https:\/\/ryfi.online\/fr\/produit\/ryfi-sac-a-dos-voitures-imprime-lenticulaire\/","og_locale":"fr_FR","og_type":"article","og_title":"Ryfi CARS IMPRIM\u00c9 LENTICULAIRE SAC \u00c0 DOS SE2558","og_description":"La boutique en ligne Ryfi est l'une des meilleures boutiques en ligne d'Espagne qui propose le sac \u00e0 dos lenticulaire imprim\u00e9 en 3D pour enfants \u00e0 un prix tr\u00e8s abordable. visite maintenant.","og_url":"https:\/\/ryfi.online\/fr\/produit\/ryfi-sac-a-dos-voitures-imprime-lenticulaire\/","og_site_name":"Ryfi Online Store","article_publisher":"https:\/\/www.facebook.com\/ryfi.online\/","article_modified_time":"2022-05-17T11:09:55+00:00","og_image":[{"width":800,"height":565,"url":"https:\/\/ryfi.online\/wp-content\/uploads\/2021\/09\/se2558.jpg","type":"image\/jpeg"}],"twitter_card":"summary_large_image","twitter_misc":{"Prix":"&#36;14.99","Availability":"In stock"},"schema":{"@context":"https:\/\/schema.org","@graph":[{"@type":"WebPage","@id":"https:\/\/ryfi.online\/fr\/produit\/ryfi-sac-a-dos-voitures-imprime-lenticulaire\/","url":"https:\/\/ryfi.online\/fr\/produit\/ryfi-sac-a-dos-voitures-imprime-lenticulaire\/","name":"Acheter Sac \u00e0 dos Cars Lenticular imprim\u00e9 en 3D - Ryfi Online Store","isPartOf":{"@id":"https:\/\/ryfi.online\/fr\/#website"},"primaryImageOfPage":{"@id":"https:\/\/ryfi.online\/fr\/produit\/ryfi-sac-a-dos-voitures-imprime-lenticulaire\/#primaryimage"},"image":{"@id":"https:\/\/ryfi.online\/fr\/produit\/ryfi-sac-a-dos-voitures-imprime-lenticulaire\/#primaryimage"},"thumbnailUrl":"https:\/\/ryfi.online\/wp-content\/uploads\/2021\/09\/se2558.jpg","datePublished":"2021-10-13T15:43:39+00:00","dateModified":"2022-05-17T11:09:55+00:00","description":"La boutique en ligne Ryfi est l'une des meilleures boutiques en ligne d'Espagne qui propose le sac \u00e0 dos lenticulaire imprim\u00e9 en 3D pour enfants \u00e0 un prix tr\u00e8s abordable. visite maintenant.","breadcrumb":{"@id":"https:\/\/ryfi.online\/fr\/produit\/ryfi-sac-a-dos-voitures-imprime-lenticulaire\/#breadcrumb"},"inLanguage":"fr-FR","potentialAction":[{"@type":"ReadAction","target":["https:\/\/ryfi.online\/fr\/produit\/ryfi-sac-a-dos-voitures-imprime-lenticulaire\/"]}]},{"@type":"ImageObject","inLanguage":"fr-FR","@id":"https:\/\/ryfi.online\/fr\/produit\/ryfi-sac-a-dos-voitures-imprime-lenticulaire\/#primaryimage","url":"https:\/\/ryfi.online\/wp-content\/uploads\/2021\/09\/se2558.jpg","contentUrl":"https:\/\/ryfi.online\/wp-content\/uploads\/2021\/09\/se2558.jpg","width":800,"height":565,"caption":"Mochila Cars -1"},{"@type":"BreadcrumbList","@id":"https:\/\/ryfi.online\/fr\/produit\/ryfi-sac-a-dos-voitures-imprime-lenticulaire\/#breadcrumb","itemListElement":[{"@type":"ListItem","position":1,"name":"Home","item":"https:\/\/ryfi.online\/fr\/"},{"@type":"ListItem","position":2,"name":"Free and Fast Shipping whitin 1-3 Days!!!","item":"https:\/\/ryfi.online\/shop\/"},{"@type":"ListItem","position":3,"name":"Ryfi CARS IMPRIM\u00c9 LENTICULAIRE SAC \u00c0 DOS SE2558"}]},{"@type":"WebSite","@id":"https:\/\/ryfi.online\/fr\/#website","url":"https:\/\/ryfi.online\/fr\/","name":"Ryfi Online Store","description":"Online Store","publisher":{"@id":"https:\/\/ryfi.online\/fr\/#organization"},"potentialAction":[{"@type":"SearchAction","target":{"@type":"EntryPoint","urlTemplate":"https:\/\/ryfi.online\/fr\/?s={search_term_string}"},"query-input":{"@type":"PropertyValueSpecification","valueRequired":true,"valueName":"search_term_string"}}],"inLanguage":"fr-FR"},{"@type":"Organization","@id":"https:\/\/ryfi.online\/fr\/#organization","name":"Ryan Future Investments LLC","url":"https:\/\/ryfi.online\/fr\/","logo":{"@type":"ImageObject","inLanguage":"fr-FR","@id":"https:\/\/ryfi.online\/fr\/#\/schema\/logo\/image\/","url":"https:\/\/ryfi.online\/wp-content\/uploads\/2021\/03\/2-03.png","contentUrl":"https:\/\/ryfi.online\/wp-content\/uploads\/2021\/03\/2-03.png","width":1010,"height":310,"caption":"Ryan Future Investments LLC"},"image":{"@id":"https:\/\/ryfi.online\/fr\/#\/schema\/logo\/image\/"},"sameAs":["https:\/\/www.facebook.com\/ryfi.online\/"]}]},"product_brand":"Sac \u00e0 dos","product_price_amount":"14.99","product_price_currency":"USD","og_availability":"instock","product_availability":"instock","product_condition":"new"},"jetpack-related-posts":[{"id":4747,"url":"https:\/\/ryfi.online\/fr\/produit\/ryfi-sac-a-dos-3d-spiderman\/","url_meta":{"origin":4748,"position":0},"title":"SAC \u00c0 DOS Ryfi 3D SPIDERMAN TH9120","date":"septembre 2, 2021","format":false,"excerpt":"Exp\u00e9dition rapide et s\u00fbre en 1-3 jours ouvrables","rel":"","context":"Article similaire","img":{"alt_text":"Sac \u00e0 dos Spiderman 3D","src":"https:\/\/i0.wp.com\/ryfi.online\/wp-content\/uploads\/2021\/09\/th9120.e00-1.jpg?resize=350%2C200&ssl=1","width":350,"height":200},"classes":[]},{"id":5235,"url":"https:\/\/ryfi.online\/fr\/produit\/sac-a-dos-enfant-peluche-bleu-turquoise\/","url_meta":{"origin":4748,"position":1},"title":"Sac \u00e0 dos en peluche bleu turquoise pour enfant PH4912","date":"juillet 1, 2021","format":false,"excerpt":"Exp\u00e9dition rapide et s\u00fbre en 1-3 jours ouvrables","rel":"","context":"Article similaire","img":{"alt_text":"Sac \u00e0 dos Pat' Patrouille -1","src":"https:\/\/i0.wp.com\/ryfi.online\/wp-content\/uploads\/2021\/07\/er2625.jpg?resize=350%2C200&ssl=1","width":350,"height":200},"classes":[]},{"id":4697,"url":"https:\/\/ryfi.online\/fr\/produit\/ryfi-sac-a-dos-3d-minnie\/","url_meta":{"origin":4748,"position":2},"title":"Ryfi SAC \u00c0 DOS MINNIE 3D","date":"septembre 2, 2021","format":false,"excerpt":"Livraison gratuite 1-3 jours ouvrables Retour gratuit","rel":"","context":"Article similaire","img":{"alt_text":"Mochila 3D Minnie","src":"https:\/\/i0.wp.com\/ryfi.online\/wp-content\/uploads\/2021\/09\/51mSQo-t2IL.jpg?resize=350%2C200&ssl=1","width":350,"height":200},"classes":[]},{"id":4776,"url":"https:\/\/ryfi.online\/fr\/produit\/sac-a-dos-spiderman-sublimation-et-extracteur-caoutchouc\/","url_meta":{"origin":4748,"position":3},"title":"SPIDERMAN SUBLIMATION ET SAC \u00c0 DOS EN CAOUTCHOUC TH9191","date":"septembre 2, 2021","format":false,"excerpt":"Exp\u00e9dition rapide et s\u00fbre en 1-3 jours ouvrables","rel":"","context":"Article similaire","img":{"alt_text":"Mochilla Spiderman -1","src":"https:\/\/i0.wp.com\/ryfi.online\/wp-content\/uploads\/2021\/09\/th9191.e00.jpg?resize=350%2C200&ssl=1","width":350,"height":200},"classes":[]},{"id":4793,"url":"https:\/\/ryfi.online\/fr\/produit\/ryfi-sac-a-dos-3d-frozen-enfant\/","url_meta":{"origin":4748,"position":4},"title":"Ryfi 3D FROZEN SAC \u00c0 DOS POUR ENFANTS TH9122","date":"septembre 2, 2021","format":false,"excerpt":"Exp\u00e9dition rapide et s\u00fbre en 1-3 jours ouvrables","rel":"","context":"Article similaire","img":{"alt_text":"Mochila 3D Frozen -1","src":"https:\/\/i0.wp.com\/ryfi.online\/wp-content\/uploads\/2021\/09\/th9122.e00.jpg?resize=350%2C200&ssl=1","width":350,"height":200},"classes":[]},{"id":9706,"url":"https:\/\/ryfi.online\/fr\/produit\/sac-a-dos-mickey-reversible-2-en-1\/","url_meta":{"origin":4748,"position":5},"title":"Sac \u00e0 dos r\u00e9versible 2 en 1 Mickey TH9136","date":"juin 30, 2021","format":false,"excerpt":"Exp\u00e9dition rapide et s\u00fbre en 1-3 jours ouvrables","rel":"","context":"Article similaire","img":{"alt_text":"Mochilla reversible Minnie","src":"https:\/\/i0.wp.com\/ryfi.online\/wp-content\/uploads\/2021\/06\/th9136.e00.jpg?resize=350%2C200&ssl=1","width":350,"height":200},"classes":[]}],"_links":{"self":[{"href":"https:\/\/ryfi.online\/fr\/wp-json\/wp\/v2\/product\/4748","targetHints":{"allow":["GET"]}}],"collection":[{"href":"https:\/\/ryfi.online\/fr\/wp-json\/wp\/v2\/product"}],"about":[{"href":"https:\/\/ryfi.online\/fr\/wp-json\/wp\/v2\/types\/product"}],"replies":[{"embeddable":true,"href":"https:\/\/ryfi.online\/fr\/wp-json\/wp\/v2\/comments?post=4748"}],"wp:featuredmedia":[{"embeddable":true,"href":"https:\/\/ryfi.online\/fr\/wp-json\/wp\/v2\/media\/4749"}],"wp:attachment":[{"href":"https:\/\/ryfi.online\/fr\/wp-json\/wp\/v2\/media?parent=4748"}],"wp:term":[{"taxonomy":"product_brand","embeddable":true,"href":"https:\/\/ryfi.online\/fr\/wp-json\/wp\/v2\/product_brand?post=4748"},{"taxonomy":"product_cat","embeddable":true,"href":"https:\/\/ryfi.online\/fr\/wp-json\/wp\/v2\/product_cat?post=4748"},{"taxonomy":"product_tag","embeddable":true,"href":"https:\/\/ryfi.online\/fr\/wp-json\/wp\/v2\/product_tag?post=4748"}],"curies":[{"name":"wp","href":"https:\/\/api.w.org\/{rel}","templated":true}]}}