{"id":4747,"date":"2021-09-02T08:23:00","date_gmt":"2021-10-13T15:43:39","guid":{"rendered":"https:\/\/ryfi.online\/product\/sac-a-dos-spiderman-ryfi-3d\/"},"modified":"2022-05-17T11:09:54","modified_gmt":"2022-05-17T11:09:54","slug":"ryfi-sac-a-dos-3d-spiderman","status":"publish","type":"product","link":"https:\/\/ryfi.online\/fr\/produit\/ryfi-sac-a-dos-3d-spiderman\/","title":{"rendered":"SAC \u00c0 DOS Ryfi 3D SPIDERMAN TH9120"},"content":{"rendered":"<ul class=\"a-unordered-list a-vertical a-spacing-mini\">\n<li>Sac \u00e0 dos Spiderman gar\u00e7on<\/li>\n<li><span class=\"a-list-item\">Dimensions : 32x24x11<\/span><\/li>\n<li><span class=\"a-list-item\">Saison automne-hiver<\/span><\/li>\n<li><span class=\"a-list-item\">\u00c2ge : 3-7 ans<\/span><\/li>\n<\/ul>\n","protected":false},"excerpt":{"rendered":"<p>Exp\u00e9dition rapide et s\u00fbre en 1-3 jours ouvrables<\/p>\n","protected":false},"featured_media":4759,"comment_status":"open","ping_status":"closed","template":"","meta":[],"product_brand":[],"product_cat":[233],"product_tag":[],"class_list":{"0":"post-4747","1":"product","2":"type-product","3":"status-publish","4":"has-post-thumbnail","6":"product_cat-sac-a-dos","8":"first","9":"instock","10":"featured","11":"taxable","12":"shipping-taxable","13":"purchasable","14":"product-type-simple"},"yoast_head":"<!-- This site is optimized with the Yoast SEO Premium plugin v17.1.2 (Yoast SEO v27.4) - https:\/\/yoast.com\/product\/yoast-seo-premium-wordpress\/ -->\n<title>Achats en ligne Sac \u00e0 dos Spiderman 3D | Sac Spiderman 3D - Boutique en ligne Ryfi<\/title>\n<meta name=\"description\" content=\"Nous proposons un sac \u00e0 dos Spiderman 3D en ligne pour les enfants de 3 \u00e0 7 ans en Espagne \u00e0 un prix tr\u00e8s raisonnable qui conviendra \u00e0 votre budget. Acheter maintenant!\" \/>\n<meta name=\"robots\" content=\"index, follow, max-snippet:-1, max-image-preview:large, max-video-preview:-1\" \/>\n<link rel=\"canonical\" href=\"https:\/\/ryfi.online\/fr\/produit\/ryfi-sac-a-dos-3d-spiderman\/\" \/>\n<meta property=\"og:locale\" content=\"fr_FR\" \/>\n<meta property=\"og:type\" content=\"article\" \/>\n<meta property=\"og:title\" content=\"SAC \u00c0 DOS Ryfi 3D SPIDERMAN TH9120\" \/>\n<meta property=\"og:description\" content=\"Nous proposons un sac \u00e0 dos Spiderman 3D en ligne pour les enfants de 3 \u00e0 7 ans en Espagne \u00e0 un prix tr\u00e8s raisonnable qui conviendra \u00e0 votre budget. Acheter maintenant!\" \/>\n<meta property=\"og:url\" content=\"https:\/\/ryfi.online\/fr\/produit\/ryfi-sac-a-dos-3d-spiderman\/\" \/>\n<meta property=\"og:site_name\" content=\"Ryfi Online Store\" \/>\n<meta property=\"article:publisher\" content=\"https:\/\/www.facebook.com\/ryfi.online\/\" \/>\n<meta property=\"article:modified_time\" content=\"2022-05-17T11:09:54+00:00\" \/>\n<meta property=\"og:image\" content=\"https:\/\/ryfi.online\/wp-content\/uploads\/2021\/09\/th9120.e00-1.jpg\" \/>\n\t<meta property=\"og:image:width\" content=\"800\" \/>\n\t<meta property=\"og:image:height\" content=\"566\" \/>\n\t<meta property=\"og:image:type\" content=\"image\/jpeg\" \/>\n<meta name=\"twitter:card\" content=\"summary_large_image\" \/>\n<meta name=\"twitter:label1\" content=\"Prix\" \/>\n\t<meta name=\"twitter:data1\" content=\"&#036;14.99\" \/>\n\t<meta name=\"twitter:label2\" content=\"Availability\" \/>\n\t<meta name=\"twitter:data2\" content=\"In stock\" \/>\n<meta property=\"product:brand\" content=\"Sac \u00e0 dos\" \/>\n<meta property=\"product:price:amount\" content=\"14.99\" \/>\n<meta property=\"product:price:currency\" content=\"USD\" \/>\n<meta property=\"og:availability\" content=\"instock\" \/>\n<meta property=\"product:availability\" content=\"instock\" \/>\n<meta property=\"product:condition\" content=\"new\" \/>\n<!-- \/ Yoast SEO Premium plugin. -->","yoast_head_json":{"title":"Achats en ligne Sac \u00e0 dos Spiderman 3D | Sac Spiderman 3D - Boutique en ligne Ryfi","description":"Nous proposons un sac \u00e0 dos Spiderman 3D en ligne pour les enfants de 3 \u00e0 7 ans en Espagne \u00e0 un prix tr\u00e8s raisonnable qui conviendra \u00e0 votre budget. Acheter maintenant!","robots":{"index":"index","follow":"follow","max-snippet":"max-snippet:-1","max-image-preview":"max-image-preview:large","max-video-preview":"max-video-preview:-1"},"canonical":"https:\/\/ryfi.online\/fr\/produit\/ryfi-sac-a-dos-3d-spiderman\/","og_locale":"fr_FR","og_type":"article","og_title":"SAC \u00c0 DOS Ryfi 3D SPIDERMAN TH9120","og_description":"Nous proposons un sac \u00e0 dos Spiderman 3D en ligne pour les enfants de 3 \u00e0 7 ans en Espagne \u00e0 un prix tr\u00e8s raisonnable qui conviendra \u00e0 votre budget. Acheter maintenant!","og_url":"https:\/\/ryfi.online\/fr\/produit\/ryfi-sac-a-dos-3d-spiderman\/","og_site_name":"Ryfi Online Store","article_publisher":"https:\/\/www.facebook.com\/ryfi.online\/","article_modified_time":"2022-05-17T11:09:54+00:00","og_image":[{"width":800,"height":566,"url":"https:\/\/ryfi.online\/wp-content\/uploads\/2021\/09\/th9120.e00-1.jpg","type":"image\/jpeg"}],"twitter_card":"summary_large_image","twitter_misc":{"Prix":"&#36;14.99","Availability":"In stock"},"schema":{"@context":"https:\/\/schema.org","@graph":[{"@type":"WebPage","@id":"https:\/\/ryfi.online\/fr\/produit\/ryfi-sac-a-dos-3d-spiderman\/","url":"https:\/\/ryfi.online\/fr\/produit\/ryfi-sac-a-dos-3d-spiderman\/","name":"Achats en ligne Sac \u00e0 dos Spiderman 3D | Sac Spiderman 3D - Boutique en ligne Ryfi","isPartOf":{"@id":"https:\/\/ryfi.online\/fr\/#website"},"primaryImageOfPage":{"@id":"https:\/\/ryfi.online\/fr\/produit\/ryfi-sac-a-dos-3d-spiderman\/#primaryimage"},"image":{"@id":"https:\/\/ryfi.online\/fr\/produit\/ryfi-sac-a-dos-3d-spiderman\/#primaryimage"},"thumbnailUrl":"https:\/\/ryfi.online\/wp-content\/uploads\/2021\/09\/th9120.e00-1.jpg","datePublished":"2021-10-13T15:43:39+00:00","dateModified":"2022-05-17T11:09:54+00:00","description":"Nous proposons un sac \u00e0 dos Spiderman 3D en ligne pour les enfants de 3 \u00e0 7 ans en Espagne \u00e0 un prix tr\u00e8s raisonnable qui conviendra \u00e0 votre budget. Acheter maintenant!","breadcrumb":{"@id":"https:\/\/ryfi.online\/fr\/produit\/ryfi-sac-a-dos-3d-spiderman\/#breadcrumb"},"inLanguage":"fr-FR","potentialAction":[{"@type":"ReadAction","target":["https:\/\/ryfi.online\/fr\/produit\/ryfi-sac-a-dos-3d-spiderman\/"]}]},{"@type":"ImageObject","inLanguage":"fr-FR","@id":"https:\/\/ryfi.online\/fr\/produit\/ryfi-sac-a-dos-3d-spiderman\/#primaryimage","url":"https:\/\/ryfi.online\/wp-content\/uploads\/2021\/09\/th9120.e00-1.jpg","contentUrl":"https:\/\/ryfi.online\/wp-content\/uploads\/2021\/09\/th9120.e00-1.jpg","width":800,"height":566,"caption":"Sac \u00e0 dos Spiderman 3D"},{"@type":"BreadcrumbList","@id":"https:\/\/ryfi.online\/fr\/produit\/ryfi-sac-a-dos-3d-spiderman\/#breadcrumb","itemListElement":[{"@type":"ListItem","position":1,"name":"Home","item":"https:\/\/ryfi.online\/fr\/"},{"@type":"ListItem","position":2,"name":"Free and Fast Shipping whitin 1-3 Days!!!","item":"https:\/\/ryfi.online\/shop\/"},{"@type":"ListItem","position":3,"name":"SAC \u00c0 DOS Ryfi 3D SPIDERMAN TH9120"}]},{"@type":"WebSite","@id":"https:\/\/ryfi.online\/fr\/#website","url":"https:\/\/ryfi.online\/fr\/","name":"Ryfi Online Store","description":"Online Store","publisher":{"@id":"https:\/\/ryfi.online\/fr\/#organization"},"potentialAction":[{"@type":"SearchAction","target":{"@type":"EntryPoint","urlTemplate":"https:\/\/ryfi.online\/fr\/?s={search_term_string}"},"query-input":{"@type":"PropertyValueSpecification","valueRequired":true,"valueName":"search_term_string"}}],"inLanguage":"fr-FR"},{"@type":"Organization","@id":"https:\/\/ryfi.online\/fr\/#organization","name":"Ryan Future Investments LLC","url":"https:\/\/ryfi.online\/fr\/","logo":{"@type":"ImageObject","inLanguage":"fr-FR","@id":"https:\/\/ryfi.online\/fr\/#\/schema\/logo\/image\/","url":"https:\/\/ryfi.online\/wp-content\/uploads\/2021\/03\/2-03.png","contentUrl":"https:\/\/ryfi.online\/wp-content\/uploads\/2021\/03\/2-03.png","width":1010,"height":310,"caption":"Ryan Future Investments LLC"},"image":{"@id":"https:\/\/ryfi.online\/fr\/#\/schema\/logo\/image\/"},"sameAs":["https:\/\/www.facebook.com\/ryfi.online\/"]}]},"product_brand":"Sac \u00e0 dos","product_price_amount":"14.99","product_price_currency":"USD","og_availability":"instock","product_availability":"instock","product_condition":"new"},"jetpack-related-posts":[{"id":4776,"url":"https:\/\/ryfi.online\/fr\/produit\/sac-a-dos-spiderman-sublimation-et-extracteur-caoutchouc\/","url_meta":{"origin":4747,"position":0},"title":"SPIDERMAN SUBLIMATION ET SAC \u00c0 DOS EN CAOUTCHOUC TH9191","date":"septembre 2, 2021","format":false,"excerpt":"Exp\u00e9dition rapide et s\u00fbre en 1-3 jours ouvrables","rel":"","context":"Article similaire","img":{"alt_text":"Mochilla Spiderman -1","src":"https:\/\/i0.wp.com\/ryfi.online\/wp-content\/uploads\/2021\/09\/th9191.e00.jpg?resize=350%2C200&ssl=1","width":350,"height":200},"classes":[]},{"id":5265,"url":"https:\/\/ryfi.online\/fr\/produit\/sac-a-dos-spiderman-reversible-2-en-1\/","url_meta":{"origin":4747,"position":1},"title":"Sac \u00e0 dos r\u00e9versible Spiderman 2 en 1 TH9128","date":"juin 30, 2021","format":false,"excerpt":"Exp\u00e9dition rapide et s\u00fbre en 1-3 jours ouvrables","rel":"","context":"Article similaire","img":{"alt_text":"Mochila reversible 2 en 1 Spiderman","src":"https:\/\/i0.wp.com\/ryfi.online\/wp-content\/uploads\/2021\/06\/th9128.e00.jpg?resize=350%2C200&ssl=1","width":350,"height":200},"classes":[]},{"id":2430,"url":"https:\/\/ryfi.online\/product\/ryfi-backpack-3d-spiderman\/","url_meta":{"origin":4747,"position":2},"title":"Ryfi 3D SPIDERMAN BACKPACK TH9120","date":"septembre 2, 2021","format":false,"excerpt":"Fast and safe shipping in 1-3 business days","rel":"","context":"Article similaire","img":{"alt_text":"Spiderman 3D backpack","src":"https:\/\/i0.wp.com\/ryfi.online\/wp-content\/uploads\/2021\/09\/th9120.e00-1.jpg?resize=350%2C200&ssl=1","width":350,"height":200},"classes":[]},{"id":4715,"url":"https:\/\/ryfi.online\/it\/prodotto\/ryfi-zaino-3d-spiderman\/","url_meta":{"origin":4747,"position":3},"title":"ZAINO Ryfi 3D SPIDERMAN TH9120","date":"septembre 2, 2021","format":false,"excerpt":"Spedizione veloce e sicura in 1-3 giorni lavorativi","rel":"","context":"Article similaire","img":{"alt_text":"Zaino Spiderman 3D","src":"https:\/\/i0.wp.com\/ryfi.online\/wp-content\/uploads\/2021\/09\/th9120.e00-1.jpg?resize=350%2C200&ssl=1","width":350,"height":200},"classes":[]},{"id":2446,"url":"https:\/\/ryfi.online\/product\/spiderman-sublimation-and-rubber-puller-backpack\/","url_meta":{"origin":4747,"position":4},"title":"SPIDERMAN SUBLIMATION AND RUBBER PULLER BACKPACK TH9191","date":"septembre 2, 2021","format":false,"excerpt":"Fast and safe shipping in 1-3 business days","rel":"","context":"Article similaire","img":{"alt_text":"Mochilla Spiderman -1","src":"https:\/\/i0.wp.com\/ryfi.online\/wp-content\/uploads\/2021\/09\/th9191.e00.jpg?resize=350%2C200&ssl=1","width":350,"height":200},"classes":[]},{"id":11839,"url":"https:\/\/ryfi.online\/ro\/produs\/ryfi-rucsac-3d-spiderman\/","url_meta":{"origin":4747,"position":5},"title":"RUCSAC Ryfi 3D SPIDERMAN TH9120","date":"septembre 2, 2021","format":false,"excerpt":"Livrare rapid\u0103 \u0219i sigur\u0103 \u00een 1-3 zile lucr\u0103toare","rel":"","context":"Article similaire","img":{"alt_text":"Rucsac 3D Spiderman","src":"https:\/\/i0.wp.com\/ryfi.online\/wp-content\/uploads\/2021\/09\/th9120.e00-1.jpg?resize=350%2C200&ssl=1","width":350,"height":200},"classes":[]}],"_links":{"self":[{"href":"https:\/\/ryfi.online\/fr\/wp-json\/wp\/v2\/product\/4747","targetHints":{"allow":["GET"]}}],"collection":[{"href":"https:\/\/ryfi.online\/fr\/wp-json\/wp\/v2\/product"}],"about":[{"href":"https:\/\/ryfi.online\/fr\/wp-json\/wp\/v2\/types\/product"}],"replies":[{"embeddable":true,"href":"https:\/\/ryfi.online\/fr\/wp-json\/wp\/v2\/comments?post=4747"}],"wp:featuredmedia":[{"embeddable":true,"href":"https:\/\/ryfi.online\/fr\/wp-json\/wp\/v2\/media\/4759"}],"wp:attachment":[{"href":"https:\/\/ryfi.online\/fr\/wp-json\/wp\/v2\/media?parent=4747"}],"wp:term":[{"taxonomy":"product_brand","embeddable":true,"href":"https:\/\/ryfi.online\/fr\/wp-json\/wp\/v2\/product_brand?post=4747"},{"taxonomy":"product_cat","embeddable":true,"href":"https:\/\/ryfi.online\/fr\/wp-json\/wp\/v2\/product_cat?post=4747"},{"taxonomy":"product_tag","embeddable":true,"href":"https:\/\/ryfi.online\/fr\/wp-json\/wp\/v2\/product_tag?post=4747"}],"curies":[{"name":"wp","href":"https:\/\/api.w.org\/{rel}","templated":true}]}}