{"id":4697,"date":"2021-09-02T08:24:03","date_gmt":"2021-10-13T15:42:59","guid":{"rendered":"https:\/\/ryfi.online\/product\/sac-a-dos-ryfi-3d-minnie\/"},"modified":"2022-05-17T11:09:55","modified_gmt":"2022-05-17T11:09:55","slug":"ryfi-sac-a-dos-3d-minnie","status":"publish","type":"product","link":"https:\/\/ryfi.online\/fr\/produit\/ryfi-sac-a-dos-3d-minnie\/","title":{"rendered":"Ryfi SAC \u00c0 DOS MINNIE 3D"},"content":{"rendered":"<ul class=\"a-unordered-list a-vertical a-spacing-mini\">\n<li>Sac \u00e0 dos Minnie pour filles<\/li>\n<li><span class=\"a-list-item\">Dimensions : 32x24x11<\/span><\/li>\n<li><span class=\"a-list-item\">Saison automne-hiver<\/span><\/li>\n<li><span class=\"a-list-item\">\u00c2ge : 3-7 ans<\/span><\/li>\n<\/ul>\n","protected":false},"excerpt":{"rendered":"<p>Livraison gratuite 1-3 jours ouvrables<\/p>\n<p>Retour gratuit<\/p>\n","protected":false},"featured_media":4698,"comment_status":"open","ping_status":"closed","template":"","meta":[],"product_brand":[],"product_cat":[233],"product_tag":[],"class_list":{"0":"post-4697","1":"product","2":"type-product","3":"status-publish","4":"has-post-thumbnail","6":"product_cat-sac-a-dos","8":"first","9":"instock","10":"featured","11":"taxable","12":"shipping-taxable","13":"purchasable","14":"product-type-simple"},"yoast_head":"<!-- This site is optimized with the Yoast SEO Premium plugin v17.1.2 (Yoast SEO v27.4) - https:\/\/yoast.com\/product\/yoast-seo-premium-wordpress\/ -->\n<title>Sac \u00e0 dos Ryfi 3D Minnie | Sac \u00e0 dos Minnie pour petites filles - Boutique en ligne Ryfi<\/title>\n<meta name=\"description\" content=\"La boutique en ligne Ryfi est l&#039;une des meilleures boutiques en ligne d&#039;Espagne qui propose le sac \u00e0 dos 3D Minnie \u00e0 un prix tr\u00e8s abordable. visite maintenant.\" \/>\n<meta name=\"robots\" content=\"index, follow, max-snippet:-1, max-image-preview:large, max-video-preview:-1\" \/>\n<link rel=\"canonical\" href=\"https:\/\/ryfi.online\/fr\/produit\/ryfi-sac-a-dos-3d-minnie\/\" \/>\n<meta property=\"og:locale\" content=\"fr_FR\" \/>\n<meta property=\"og:type\" content=\"article\" \/>\n<meta property=\"og:title\" content=\"Ryfi SAC \u00c0 DOS MINNIE 3D\" \/>\n<meta property=\"og:description\" content=\"La boutique en ligne Ryfi est l&#039;une des meilleures boutiques en ligne d&#039;Espagne qui propose le sac \u00e0 dos 3D Minnie \u00e0 un prix tr\u00e8s abordable. visite maintenant.\" \/>\n<meta property=\"og:url\" content=\"https:\/\/ryfi.online\/fr\/produit\/ryfi-sac-a-dos-3d-minnie\/\" \/>\n<meta property=\"og:site_name\" content=\"Ryfi Online Store\" \/>\n<meta property=\"article:publisher\" content=\"https:\/\/www.facebook.com\/ryfi.online\/\" \/>\n<meta property=\"article:modified_time\" content=\"2022-05-17T11:09:55+00:00\" \/>\n<meta property=\"og:image\" content=\"https:\/\/ryfi.online\/wp-content\/uploads\/2021\/09\/51mSQo-t2IL.jpg\" \/>\n\t<meta property=\"og:image:width\" content=\"500\" \/>\n\t<meta property=\"og:image:height\" content=\"354\" \/>\n\t<meta property=\"og:image:type\" content=\"image\/jpeg\" \/>\n<meta name=\"twitter:card\" content=\"summary_large_image\" \/>\n<meta name=\"twitter:label1\" content=\"Prix\" \/>\n\t<meta name=\"twitter:data1\" content=\"&#036;14.99\" \/>\n\t<meta name=\"twitter:label2\" content=\"Availability\" \/>\n\t<meta name=\"twitter:data2\" content=\"In stock\" \/>\n<meta property=\"product:brand\" content=\"Sac \u00e0 dos\" \/>\n<meta property=\"product:price:amount\" content=\"14.99\" \/>\n<meta property=\"product:price:currency\" content=\"USD\" \/>\n<meta property=\"og:availability\" content=\"instock\" \/>\n<meta property=\"product:availability\" content=\"instock\" \/>\n<meta property=\"product:condition\" content=\"new\" \/>\n<!-- \/ Yoast SEO Premium plugin. -->","yoast_head_json":{"title":"Sac \u00e0 dos Ryfi 3D Minnie | Sac \u00e0 dos Minnie pour petites filles - Boutique en ligne Ryfi","description":"La boutique en ligne Ryfi est l'une des meilleures boutiques en ligne d'Espagne qui propose le sac \u00e0 dos 3D Minnie \u00e0 un prix tr\u00e8s abordable. visite maintenant.","robots":{"index":"index","follow":"follow","max-snippet":"max-snippet:-1","max-image-preview":"max-image-preview:large","max-video-preview":"max-video-preview:-1"},"canonical":"https:\/\/ryfi.online\/fr\/produit\/ryfi-sac-a-dos-3d-minnie\/","og_locale":"fr_FR","og_type":"article","og_title":"Ryfi SAC \u00c0 DOS MINNIE 3D","og_description":"La boutique en ligne Ryfi est l'une des meilleures boutiques en ligne d'Espagne qui propose le sac \u00e0 dos 3D Minnie \u00e0 un prix tr\u00e8s abordable. visite maintenant.","og_url":"https:\/\/ryfi.online\/fr\/produit\/ryfi-sac-a-dos-3d-minnie\/","og_site_name":"Ryfi Online Store","article_publisher":"https:\/\/www.facebook.com\/ryfi.online\/","article_modified_time":"2022-05-17T11:09:55+00:00","og_image":[{"width":500,"height":354,"url":"https:\/\/ryfi.online\/wp-content\/uploads\/2021\/09\/51mSQo-t2IL.jpg","type":"image\/jpeg"}],"twitter_card":"summary_large_image","twitter_misc":{"Prix":"&#36;14.99","Availability":"In stock"},"schema":{"@context":"https:\/\/schema.org","@graph":[{"@type":"WebPage","@id":"https:\/\/ryfi.online\/fr\/produit\/ryfi-sac-a-dos-3d-minnie\/","url":"https:\/\/ryfi.online\/fr\/produit\/ryfi-sac-a-dos-3d-minnie\/","name":"Sac \u00e0 dos Ryfi 3D Minnie | Sac \u00e0 dos Minnie pour petites filles - Boutique en ligne Ryfi","isPartOf":{"@id":"https:\/\/ryfi.online\/fr\/#website"},"primaryImageOfPage":{"@id":"https:\/\/ryfi.online\/fr\/produit\/ryfi-sac-a-dos-3d-minnie\/#primaryimage"},"image":{"@id":"https:\/\/ryfi.online\/fr\/produit\/ryfi-sac-a-dos-3d-minnie\/#primaryimage"},"thumbnailUrl":"https:\/\/ryfi.online\/wp-content\/uploads\/2021\/09\/51mSQo-t2IL.jpg","datePublished":"2021-10-13T15:42:59+00:00","dateModified":"2022-05-17T11:09:55+00:00","description":"La boutique en ligne Ryfi est l'une des meilleures boutiques en ligne d'Espagne qui propose le sac \u00e0 dos 3D Minnie \u00e0 un prix tr\u00e8s abordable. visite maintenant.","breadcrumb":{"@id":"https:\/\/ryfi.online\/fr\/produit\/ryfi-sac-a-dos-3d-minnie\/#breadcrumb"},"inLanguage":"fr-FR","potentialAction":[{"@type":"ReadAction","target":["https:\/\/ryfi.online\/fr\/produit\/ryfi-sac-a-dos-3d-minnie\/"]}]},{"@type":"ImageObject","inLanguage":"fr-FR","@id":"https:\/\/ryfi.online\/fr\/produit\/ryfi-sac-a-dos-3d-minnie\/#primaryimage","url":"https:\/\/ryfi.online\/wp-content\/uploads\/2021\/09\/51mSQo-t2IL.jpg","contentUrl":"https:\/\/ryfi.online\/wp-content\/uploads\/2021\/09\/51mSQo-t2IL.jpg","width":500,"height":354,"caption":"Mochila 3D Minnie"},{"@type":"BreadcrumbList","@id":"https:\/\/ryfi.online\/fr\/produit\/ryfi-sac-a-dos-3d-minnie\/#breadcrumb","itemListElement":[{"@type":"ListItem","position":1,"name":"Home","item":"https:\/\/ryfi.online\/fr\/"},{"@type":"ListItem","position":2,"name":"Free and Fast Shipping whitin 1-3 Days!!!","item":"https:\/\/ryfi.online\/shop\/"},{"@type":"ListItem","position":3,"name":"Ryfi SAC \u00c0 DOS MINNIE 3D"}]},{"@type":"WebSite","@id":"https:\/\/ryfi.online\/fr\/#website","url":"https:\/\/ryfi.online\/fr\/","name":"Ryfi Online Store","description":"Online Store","publisher":{"@id":"https:\/\/ryfi.online\/fr\/#organization"},"potentialAction":[{"@type":"SearchAction","target":{"@type":"EntryPoint","urlTemplate":"https:\/\/ryfi.online\/fr\/?s={search_term_string}"},"query-input":{"@type":"PropertyValueSpecification","valueRequired":true,"valueName":"search_term_string"}}],"inLanguage":"fr-FR"},{"@type":"Organization","@id":"https:\/\/ryfi.online\/fr\/#organization","name":"Ryan Future Investments LLC","url":"https:\/\/ryfi.online\/fr\/","logo":{"@type":"ImageObject","inLanguage":"fr-FR","@id":"https:\/\/ryfi.online\/fr\/#\/schema\/logo\/image\/","url":"https:\/\/ryfi.online\/wp-content\/uploads\/2021\/03\/2-03.png","contentUrl":"https:\/\/ryfi.online\/wp-content\/uploads\/2021\/03\/2-03.png","width":1010,"height":310,"caption":"Ryan Future Investments LLC"},"image":{"@id":"https:\/\/ryfi.online\/fr\/#\/schema\/logo\/image\/"},"sameAs":["https:\/\/www.facebook.com\/ryfi.online\/"]}]},"product_brand":"Sac \u00e0 dos","product_price_amount":"14.99","product_price_currency":"USD","og_availability":"instock","product_availability":"instock","product_condition":"new"},"jetpack-related-posts":[{"id":12890,"url":"https:\/\/ryfi.online\/fr\/produit\/disney-1-pack-minnie-mouse-bowtique-16oz-pull-top-squirt-water-bottles-purple-pink-bpa-free-2\/","url_meta":{"origin":4697,"position":0},"title":"Disney 1-Pack Minnie Mouse Bowtique 16oz Pull-Top Squirt Water Bottles, Purple\/Pink, BPA-Free","date":"avril 4, 2021","format":false,"excerpt":"Livraison gratuite et rapide sous 1 \u00e0 3 jours. Achetez 4 obtenez 5 D\u00e9p\u00eachez-vous, ventes chaudes !!!","rel":"","context":"Article similaire","img":{"alt_text":"","src":"https:\/\/i0.wp.com\/ryfi.online\/wp-content\/uploads\/2021\/04\/51TjhBshTML._AC_SL1000_.jpg?resize=350%2C200&ssl=1","width":350,"height":200},"classes":[]},{"id":5189,"url":"https:\/\/ryfi.online\/fr\/produit\/3-disney-minnie-girls-100-slip-coton-2-3-ans\/","url_meta":{"origin":4697,"position":1},"title":"Set 3 slips filles Disney Minnie 100% coton 2\u20133 ans UE3000","date":"juillet 5, 2021","format":false,"excerpt":"Livraison gratuite 1-3 jours Retour gratuit","rel":"","context":"Article similaire","img":{"alt_text":"Set 3 calzoncillos Minnie -1","src":"https:\/\/i0.wp.com\/ryfi.online\/wp-content\/uploads\/2021\/07\/ue3000.23y.e00-scaled.jpg?resize=350%2C200&ssl=1","width":350,"height":200},"classes":[]},{"id":5195,"url":"https:\/\/ryfi.online\/fr\/produit\/ryfi-reversible-minnie-sac-a-dos-2-en-1\/","url_meta":{"origin":4697,"position":2},"title":"Sac \u00e0 dos r\u00e9versible 2 en 1 Minnie TH9129","date":"juin 30, 2021","format":false,"excerpt":"Exp\u00e9dition rapide et s\u00fbre en 1-3 jours ouvrables","rel":"","context":"Article similaire","img":{"alt_text":"Mochila reversible 2 en 1 Minnie","src":"https:\/\/i0.wp.com\/ryfi.online\/wp-content\/uploads\/2021\/06\/th9129.e00.jpg?resize=350%2C200&ssl=1","width":350,"height":200},"classes":[]},{"id":6116,"url":"https:\/\/ryfi.online\/fr\/produit\/t-shirt-avec-motif-disney-minnie-pour-fille\/","url_meta":{"origin":4697,"position":3},"title":"T-shirt Disney Minnie Mouse ET1119 pour fille","date":"juin 9, 2021","format":false,"excerpt":"Livraison gratuite 1-3 jours ouvrables Retour gratuit","rel":"","context":"Article similaire","img":{"alt_text":"T-shirt Minnie Mouse","src":"https:\/\/i0.wp.com\/ryfi.online\/wp-content\/uploads\/2021\/06\/ET1119_REF1.jpg?resize=350%2C200&ssl=1","width":350,"height":200},"classes":[]},{"id":11849,"url":"https:\/\/ryfi.online\/ro\/produs\/ryfi-rucsac-3d-minnie\/","url_meta":{"origin":4697,"position":4},"title":"RUCSAC Ryfi MINNIE 3D","date":"septembre 2, 2021","format":false,"excerpt":"Livrare gratuit\u0103 1-3 zile lucr\u0103toare Retur gratuit","rel":"","context":"Article similaire","img":{"alt_text":"","src":"https:\/\/i0.wp.com\/ryfi.online\/wp-content\/uploads\/2021\/09\/51mSQo-t2IL.jpg?resize=350%2C200&ssl=1","width":350,"height":200},"classes":[]},{"id":4883,"url":"https:\/\/ryfi.online\/fr\/produit\/t-shirt-dessin-anime-de-disney-minnie-pour-fille\/","url_meta":{"origin":4697,"position":5},"title":"T-shirt Disney Minnie Cartoon pour fille ET1137","date":"juillet 26, 2021","format":false,"excerpt":"Livraison gratuite et s\u00e9curis\u00e9e en 1 \u00e0 3 jours ouvr\u00e9s","rel":"","context":"Article similaire","img":{"alt_text":"T-shirt Minnie","src":"https:\/\/i0.wp.com\/ryfi.online\/wp-content\/uploads\/2021\/07\/et1137.jpg?resize=350%2C200&ssl=1","width":350,"height":200},"classes":[]}],"_links":{"self":[{"href":"https:\/\/ryfi.online\/fr\/wp-json\/wp\/v2\/product\/4697","targetHints":{"allow":["GET"]}}],"collection":[{"href":"https:\/\/ryfi.online\/fr\/wp-json\/wp\/v2\/product"}],"about":[{"href":"https:\/\/ryfi.online\/fr\/wp-json\/wp\/v2\/types\/product"}],"replies":[{"embeddable":true,"href":"https:\/\/ryfi.online\/fr\/wp-json\/wp\/v2\/comments?post=4697"}],"wp:featuredmedia":[{"embeddable":true,"href":"https:\/\/ryfi.online\/fr\/wp-json\/wp\/v2\/media\/4698"}],"wp:attachment":[{"href":"https:\/\/ryfi.online\/fr\/wp-json\/wp\/v2\/media?parent=4697"}],"wp:term":[{"taxonomy":"product_brand","embeddable":true,"href":"https:\/\/ryfi.online\/fr\/wp-json\/wp\/v2\/product_brand?post=4697"},{"taxonomy":"product_cat","embeddable":true,"href":"https:\/\/ryfi.online\/fr\/wp-json\/wp\/v2\/product_cat?post=4697"},{"taxonomy":"product_tag","embeddable":true,"href":"https:\/\/ryfi.online\/fr\/wp-json\/wp\/v2\/product_tag?post=4697"}],"curies":[{"name":"wp","href":"https:\/\/api.w.org\/{rel}","templated":true}]}}