{"id":4571,"date":"2021-09-03T15:01:10","date_gmt":"2021-10-13T15:32:00","guid":{"rendered":"https:\/\/ryfi.online\/product\/flacon-sport-easy-420-ml-avengers-rolling-thunder\/"},"modified":"2022-05-16T18:06:20","modified_gmt":"2022-05-16T18:06:20","slug":"bidon-sport-easy-420-ml-avengers-rolling-thunder","status":"publish","type":"product","link":"https:\/\/ryfi.online\/fr\/produit\/bidon-sport-easy-420-ml-avengers-rolling-thunder\/","title":{"rendered":"BOUTEILLE SPORT EASY 420 ML AVENGERS ROLLING THUNDER"},"content":{"rendered":"<div><img fetchpriority=\"high\" decoding=\"async\" class=\"alignnone size-medium wp-image-4605\" src=\"https:\/\/ryfi.online\/wp-content\/uploads\/2021\/09\/57731_A-300x300.jpg\" alt=\"BOTELLA SPORT EASY 420 ML AVENGERS ROLLING THUNDER\" width=\"300\" height=\"300\" srcset=\"https:\/\/ryfi.online\/wp-content\/uploads\/2021\/09\/57731_A-300x300.jpg 300w, https:\/\/ryfi.online\/wp-content\/uploads\/2021\/09\/57731_A-1024x1024.jpg 1024w, https:\/\/ryfi.online\/wp-content\/uploads\/2021\/09\/57731_A-150x150.jpg 150w, https:\/\/ryfi.online\/wp-content\/uploads\/2021\/09\/57731_A-768x768.jpg 768w, https:\/\/ryfi.online\/wp-content\/uploads\/2021\/09\/57731_A-1536x1536.jpg 1536w, https:\/\/ryfi.online\/wp-content\/uploads\/2021\/09\/57731_A-60x60.jpg 60w, https:\/\/ryfi.online\/wp-content\/uploads\/2021\/09\/57731_A-100x100.jpg 100w, https:\/\/ryfi.online\/wp-content\/uploads\/2021\/09\/57731_A.jpg 2000w\" sizes=\"(max-width: 300px) 100vw, 300px\" \/> <img decoding=\"async\" class=\"alignnone size-medium wp-image-4584\" src=\"https:\/\/ryfi.online\/wp-content\/uploads\/2021\/09\/57731_B-300x300.jpg\" alt=\"BOTELLA SPORT EASY 420 ML AVENGERS ROLLING THUNDER\" width=\"300\" height=\"300\" srcset=\"https:\/\/ryfi.online\/wp-content\/uploads\/2021\/09\/57731_B-300x300.jpg 300w, https:\/\/ryfi.online\/wp-content\/uploads\/2021\/09\/57731_B-1024x1024.jpg 1024w, https:\/\/ryfi.online\/wp-content\/uploads\/2021\/09\/57731_B-150x150.jpg 150w, https:\/\/ryfi.online\/wp-content\/uploads\/2021\/09\/57731_B-768x768.jpg 768w, https:\/\/ryfi.online\/wp-content\/uploads\/2021\/09\/57731_B-1536x1536.jpg 1536w, https:\/\/ryfi.online\/wp-content\/uploads\/2021\/09\/57731_B-60x60.jpg 60w, https:\/\/ryfi.online\/wp-content\/uploads\/2021\/09\/57731_B-100x100.jpg 100w, https:\/\/ryfi.online\/wp-content\/uploads\/2021\/09\/57731_B.jpg 2000w\" sizes=\"(max-width: 300px) 100vw, 300px\" \/> <img decoding=\"async\" class=\"alignnone size-medium wp-image-4594\" src=\"https:\/\/ryfi.online\/wp-content\/uploads\/2021\/09\/57731_C-300x300.jpg\" alt=\"BOTELLA SPORT EASY 420 ML AVENGERS ROLLING THUNDER\" width=\"300\" height=\"300\" srcset=\"https:\/\/ryfi.online\/wp-content\/uploads\/2021\/09\/57731_C-300x300.jpg 300w, https:\/\/ryfi.online\/wp-content\/uploads\/2021\/09\/57731_C-1024x1024.jpg 1024w, https:\/\/ryfi.online\/wp-content\/uploads\/2021\/09\/57731_C-150x150.jpg 150w, https:\/\/ryfi.online\/wp-content\/uploads\/2021\/09\/57731_C-768x768.jpg 768w, https:\/\/ryfi.online\/wp-content\/uploads\/2021\/09\/57731_C-1536x1536.jpg 1536w, https:\/\/ryfi.online\/wp-content\/uploads\/2021\/09\/57731_C-60x60.jpg 60w, https:\/\/ryfi.online\/wp-content\/uploads\/2021\/09\/57731_C-100x100.jpg 100w, https:\/\/ryfi.online\/wp-content\/uploads\/2021\/09\/57731_C.jpg 2000w\" sizes=\"(max-width: 300px) 100vw, 300px\" \/><\/div>\n<div id=\"short_description_content\" class=\"rte align_justify\">SPORT EASY BOUTEILLE 420 ML AVENGERS ROLLING THUNDER | Magasin de marque<\/div>\n<div id=\"description_product\" class=\"rte align_justify\">\n<p>Gourde de sport pratique au design ergonomique, ce qui facilite son utilisation par les enfants. Il est dot\u00e9 d&#8217;un bouchon de s\u00e9curit\u00e9 pour \u00e9viter les gouttes et les d\u00e9versements accidentels et est disponible en plusieurs mod\u00e8les avec diff\u00e9rents designs bas\u00e9s sur certains des personnages les plus c\u00e9l\u00e8bres du monde du cin\u00e9ma et de la t\u00e9l\u00e9vision. Un biberon id\u00e9al, que les petits seront heureux d&#8217;utiliser \u00e0 tout moment et avec lequel ils pourront s&#8217;hydrater quand ils en auront besoin.<\/p>\n<p><strong>Caract\u00e9ristique:<\/strong><\/p>\n<p>&#8211; Capacit\u00e9 : 420 ml.<br \/>\n&#8211; Design ergonomique<br \/>\n&#8211; Bouchon anti-goutte<br \/>\n&#8211; Sans BPA<\/p>\n<\/div>\n<div><\/div>\n<div>\n<table class=\"table-data-sheet\" style=\"height: 201px;\" width=\"463\">\n<tbody>\n<tr class=\"odd\">\n<td>Personnage<\/td>\n<td>vengeurs<\/td>\n<\/tr>\n<tr class=\"even\">\n<td>Mat\u00e9riel<\/td>\n<td>Plastique<\/td>\n<\/tr>\n<tr class=\"odd\">\n<td>Capacit\u00e9<\/td>\n<td>420ml<\/td>\n<\/tr>\n<tr class=\"odd\">\n<td>Haute<\/td>\n<td>16cm<\/td>\n<\/tr>\n<tr class=\"odd\">\n<td>Large<\/td>\n<td>6,8 cm<\/td>\n<\/tr>\n<tr class=\"odd\">\n<td>Bas<\/td>\n<td>6,8 cm<\/td>\n<\/tr>\n<tr class=\"odd\">\n<td>Masse<\/td>\n<td>33g<\/td>\n<\/tr>\n<\/tbody>\n<\/table>\n<p>&nbsp;<\/p>\n<\/div>\n","protected":false},"excerpt":{"rendered":"<p>Livraison gratuite 1-3 jours ouvrables<\/p>\n<p>Retour gratuit<\/p>\n","protected":false},"featured_media":4605,"comment_status":"open","ping_status":"closed","template":"","meta":[],"product_brand":[],"product_cat":[228,227],"product_tag":[],"class_list":{"0":"post-4571","1":"product","2":"type-product","3":"status-publish","4":"has-post-thumbnail","6":"product_cat-bouteille","7":"product_cat-bouteilles-deau-de-sport","9":"first","10":"instock","11":"featured","12":"taxable","13":"shipping-taxable","14":"purchasable","15":"product-type-simple"},"yoast_head":"<!-- This site is optimized with the Yoast SEO Premium plugin v17.1.2 (Yoast SEO v27.5) - https:\/\/yoast.com\/product\/yoast-seo-premium-wordpress\/ -->\n<title>Acheter en ligne Bidon de sport Rolling Thunder 420 ML - Boutique en ligne Ryfi<\/title>\n<meta name=\"description\" content=\"Nous proposons la meilleure s\u00e9lection de bouteilles de sport Rolling Thunder pour enfants en Espagne \u00e0 un prix tr\u00e8s raisonnable qui conviendra \u00e0 votre budget. Acheter maintenant!\" \/>\n<meta name=\"robots\" content=\"index, follow, max-snippet:-1, max-image-preview:large, max-video-preview:-1\" \/>\n<link rel=\"canonical\" href=\"https:\/\/ryfi.online\/fr\/produit\/bidon-sport-easy-420-ml-avengers-rolling-thunder\/\" \/>\n<meta property=\"og:locale\" content=\"fr_FR\" \/>\n<meta property=\"og:type\" content=\"article\" \/>\n<meta property=\"og:title\" content=\"BOUTEILLE SPORT EASY 420 ML AVENGERS ROLLING THUNDER\" \/>\n<meta property=\"og:description\" content=\"Nous proposons la meilleure s\u00e9lection de bouteilles de sport Rolling Thunder pour enfants en Espagne \u00e0 un prix tr\u00e8s raisonnable qui conviendra \u00e0 votre budget. Acheter maintenant!\" \/>\n<meta property=\"og:url\" content=\"https:\/\/ryfi.online\/fr\/produit\/bidon-sport-easy-420-ml-avengers-rolling-thunder\/\" \/>\n<meta property=\"og:site_name\" content=\"Ryfi Online Store\" \/>\n<meta property=\"article:publisher\" content=\"https:\/\/www.facebook.com\/ryfi.online\/\" \/>\n<meta property=\"article:modified_time\" content=\"2022-05-16T18:06:20+00:00\" \/>\n<meta property=\"og:image\" content=\"https:\/\/ryfi.online\/wp-content\/uploads\/2021\/09\/57731_A.jpg\" \/>\n\t<meta property=\"og:image:width\" content=\"2000\" \/>\n\t<meta property=\"og:image:height\" content=\"2000\" \/>\n\t<meta property=\"og:image:type\" content=\"image\/jpeg\" \/>\n<meta name=\"twitter:card\" content=\"summary_large_image\" \/>\n<meta name=\"twitter:label1\" content=\"Prix\" \/>\n\t<meta name=\"twitter:data1\" content=\"&#036;11.98\" \/>\n\t<meta name=\"twitter:label2\" content=\"Availability\" \/>\n\t<meta name=\"twitter:data2\" content=\"In stock\" \/>\n<meta property=\"product:brand\" content=\"Bouteille\" \/>\n<meta property=\"product:price:amount\" content=\"11.98\" \/>\n<meta property=\"product:price:currency\" content=\"USD\" \/>\n<meta property=\"og:availability\" content=\"instock\" \/>\n<meta property=\"product:availability\" content=\"instock\" \/>\n<meta property=\"product:condition\" content=\"new\" \/>\n<!-- \/ Yoast SEO Premium plugin. -->","yoast_head_json":{"title":"Acheter en ligne Bidon de sport Rolling Thunder 420 ML - Boutique en ligne Ryfi","description":"Nous proposons la meilleure s\u00e9lection de bouteilles de sport Rolling Thunder pour enfants en Espagne \u00e0 un prix tr\u00e8s raisonnable qui conviendra \u00e0 votre budget. Acheter maintenant!","robots":{"index":"index","follow":"follow","max-snippet":"max-snippet:-1","max-image-preview":"max-image-preview:large","max-video-preview":"max-video-preview:-1"},"canonical":"https:\/\/ryfi.online\/fr\/produit\/bidon-sport-easy-420-ml-avengers-rolling-thunder\/","og_locale":"fr_FR","og_type":"article","og_title":"BOUTEILLE SPORT EASY 420 ML AVENGERS ROLLING THUNDER","og_description":"Nous proposons la meilleure s\u00e9lection de bouteilles de sport Rolling Thunder pour enfants en Espagne \u00e0 un prix tr\u00e8s raisonnable qui conviendra \u00e0 votre budget. Acheter maintenant!","og_url":"https:\/\/ryfi.online\/fr\/produit\/bidon-sport-easy-420-ml-avengers-rolling-thunder\/","og_site_name":"Ryfi Online Store","article_publisher":"https:\/\/www.facebook.com\/ryfi.online\/","article_modified_time":"2022-05-16T18:06:20+00:00","og_image":[{"width":2000,"height":2000,"url":"https:\/\/ryfi.online\/wp-content\/uploads\/2021\/09\/57731_A.jpg","type":"image\/jpeg"}],"twitter_card":"summary_large_image","twitter_misc":{"Prix":"&#36;11.98","Availability":"In stock"},"schema":{"@context":"https:\/\/schema.org","@graph":[{"@type":"WebPage","@id":"https:\/\/ryfi.online\/fr\/produit\/bidon-sport-easy-420-ml-avengers-rolling-thunder\/","url":"https:\/\/ryfi.online\/fr\/produit\/bidon-sport-easy-420-ml-avengers-rolling-thunder\/","name":"Acheter en ligne Bidon de sport Rolling Thunder 420 ML - Boutique en ligne Ryfi","isPartOf":{"@id":"https:\/\/ryfi.online\/fr\/#website"},"primaryImageOfPage":{"@id":"https:\/\/ryfi.online\/fr\/produit\/bidon-sport-easy-420-ml-avengers-rolling-thunder\/#primaryimage"},"image":{"@id":"https:\/\/ryfi.online\/fr\/produit\/bidon-sport-easy-420-ml-avengers-rolling-thunder\/#primaryimage"},"thumbnailUrl":"https:\/\/ryfi.online\/wp-content\/uploads\/2021\/09\/57731_A.jpg","datePublished":"2021-10-13T15:32:00+00:00","dateModified":"2022-05-16T18:06:20+00:00","description":"Nous proposons la meilleure s\u00e9lection de bouteilles de sport Rolling Thunder pour enfants en Espagne \u00e0 un prix tr\u00e8s raisonnable qui conviendra \u00e0 votre budget. Acheter maintenant!","breadcrumb":{"@id":"https:\/\/ryfi.online\/fr\/produit\/bidon-sport-easy-420-ml-avengers-rolling-thunder\/#breadcrumb"},"inLanguage":"fr-FR","potentialAction":[{"@type":"ReadAction","target":["https:\/\/ryfi.online\/fr\/produit\/bidon-sport-easy-420-ml-avengers-rolling-thunder\/"]}]},{"@type":"ImageObject","inLanguage":"fr-FR","@id":"https:\/\/ryfi.online\/fr\/produit\/bidon-sport-easy-420-ml-avengers-rolling-thunder\/#primaryimage","url":"https:\/\/ryfi.online\/wp-content\/uploads\/2021\/09\/57731_A.jpg","contentUrl":"https:\/\/ryfi.online\/wp-content\/uploads\/2021\/09\/57731_A.jpg","width":2000,"height":2000,"caption":"BOUTEILLE SPORT EASY 420 ML AVENGERS ROLLING THUNDER"},{"@type":"BreadcrumbList","@id":"https:\/\/ryfi.online\/fr\/produit\/bidon-sport-easy-420-ml-avengers-rolling-thunder\/#breadcrumb","itemListElement":[{"@type":"ListItem","position":1,"name":"Home","item":"https:\/\/ryfi.online\/fr\/"},{"@type":"ListItem","position":2,"name":"Free and Fast Shipping whitin 1-3 Days!!!","item":"https:\/\/ryfi.online\/shop\/"},{"@type":"ListItem","position":3,"name":"BOUTEILLE SPORT EASY 420 ML AVENGERS ROLLING THUNDER"}]},{"@type":"WebSite","@id":"https:\/\/ryfi.online\/fr\/#website","url":"https:\/\/ryfi.online\/fr\/","name":"Ryfi Online Store","description":"Online Store","publisher":{"@id":"https:\/\/ryfi.online\/fr\/#organization"},"potentialAction":[{"@type":"SearchAction","target":{"@type":"EntryPoint","urlTemplate":"https:\/\/ryfi.online\/fr\/?s={search_term_string}"},"query-input":{"@type":"PropertyValueSpecification","valueRequired":true,"valueName":"search_term_string"}}],"inLanguage":"fr-FR"},{"@type":"Organization","@id":"https:\/\/ryfi.online\/fr\/#organization","name":"Ryan Future Investments LLC","url":"https:\/\/ryfi.online\/fr\/","logo":{"@type":"ImageObject","inLanguage":"fr-FR","@id":"https:\/\/ryfi.online\/fr\/#\/schema\/logo\/image\/","url":"https:\/\/ryfi.online\/wp-content\/uploads\/2021\/03\/2-03.png","contentUrl":"https:\/\/ryfi.online\/wp-content\/uploads\/2021\/03\/2-03.png","width":1010,"height":310,"caption":"Ryan Future Investments LLC"},"image":{"@id":"https:\/\/ryfi.online\/fr\/#\/schema\/logo\/image\/"},"sameAs":["https:\/\/www.facebook.com\/ryfi.online\/"]}]},"product_brand":"Bouteille","product_price_amount":"11.98","product_price_currency":"USD","og_availability":"instock","product_availability":"instock","product_condition":"new"},"jetpack-related-posts":[{"id":11840,"url":"https:\/\/ryfi.online\/ro\/produs\/sticla-sport-easy-420-ml-avengers-rolling-thunder\/","url_meta":{"origin":4571,"position":0},"title":"SPORT EASY BOTTLE 420 ML AVENGERS ROLLING THUNDER","date":"septembre 3, 2021","format":false,"excerpt":"Livrare gratuit\u0103 1-3 zile lucr\u0103toare Retur gratuit","rel":"","context":"Article similaire","img":{"alt_text":"SPORT EASY BOTTLE 420 ML AVENGERS ROLLING THUNDER","src":"https:\/\/i0.wp.com\/ryfi.online\/wp-content\/uploads\/2021\/09\/57731_A.jpg?resize=350%2C200&ssl=1","width":350,"height":200},"classes":[]},{"id":9692,"url":"https:\/\/ryfi.online\/de\/produkt\/flasche-sport-einfach-420-ml-avengers-rollender-donner\/","url_meta":{"origin":4571,"position":1},"title":"SPORT EASY FLASCHE 420 ML AVENGERS ROLLING THUNDER","date":"septembre 3, 2021","format":false,"excerpt":"Kostenloser Versand 1-3 Werktage Kostenlose R\u00fccksendung","rel":"","context":"Article similaire","img":{"alt_text":"SPORT EASY FLASCHE 420 ML AVENGERS ROLLING THUNDER","src":"https:\/\/i0.wp.com\/ryfi.online\/wp-content\/uploads\/2021\/09\/57731_A.jpg?resize=350%2C200&ssl=1","width":350,"height":200},"classes":[]},{"id":2454,"url":"https:\/\/ryfi.online\/es\/producto\/botella-sport-easy-420-ml-avengers-rolling-thunder\/","url_meta":{"origin":4571,"position":2},"title":"BOTELLA SPORT EASY 420 ML AVENGERS ROLLING THUNDER","date":"septembre 3, 2021","format":false,"excerpt":"Envio Gratis 1-3 dias laborales Devolucion Gratuito","rel":"","context":"Article similaire","img":{"alt_text":"BOTELLA SPORT EASY 420 ML AVENGERS ROLLING THUNDER","src":"https:\/\/i0.wp.com\/ryfi.online\/wp-content\/uploads\/2021\/09\/57731_A.jpg?resize=350%2C200&ssl=1","width":350,"height":200},"classes":[]},{"id":2496,"url":"https:\/\/ryfi.online\/product\/bottle-sport-easy-420-ml-avengers-rolling-thunder\/","url_meta":{"origin":4571,"position":3},"title":"SPORT EASY 420 ML BOTTLE AVENGERS ROLLING THUNDER","date":"septembre 3, 2021","format":false,"excerpt":"Free Shipping 1-3 business days Free Return","rel":"","context":"Article similaire","img":{"alt_text":"SPORT EASY 420 ML BOTTLE AVENGERS ROLLING THUNDER","src":"https:\/\/i0.wp.com\/ryfi.online\/wp-content\/uploads\/2021\/09\/57731_A.jpg?resize=350%2C200&ssl=1","width":350,"height":200},"classes":[]},{"id":4168,"url":"https:\/\/ryfi.online\/fr\/produit\/bidon-sport-400-ml-spiderman-streets\/","url_meta":{"origin":4571,"position":4},"title":"BOUTEILLE DE SPORT 400 ML SPIDERMAN STREET","date":"septembre 4, 2021","format":false,"excerpt":"Livraison gratuite 1-3 jours ouvrables Retour gratuit","rel":"","context":"Article similaire","img":{"alt_text":"","src":"https:\/\/i0.wp.com\/ryfi.online\/wp-content\/uploads\/2021\/09\/51332_A.jpg?resize=350%2C200&ssl=1","width":350,"height":200},"classes":[]},{"id":4238,"url":"https:\/\/ryfi.online\/fr\/produit\/flacon-sport-400-ml-frozen-ii-blue-forest\/","url_meta":{"origin":4571,"position":5},"title":"BOUTEILLE SPORT 400 ML FROZEN II FORET BLEUE","date":"septembre 4, 2021","format":false,"excerpt":"Livraison gratuite 1-3 jours ouvrables Retour gratuit","rel":"","context":"Article similaire","img":{"alt_text":"","src":"https:\/\/i0.wp.com\/ryfi.online\/wp-content\/uploads\/2021\/09\/51032_A.jpg?resize=350%2C200&ssl=1","width":350,"height":200},"classes":[]}],"_links":{"self":[{"href":"https:\/\/ryfi.online\/fr\/wp-json\/wp\/v2\/product\/4571","targetHints":{"allow":["GET"]}}],"collection":[{"href":"https:\/\/ryfi.online\/fr\/wp-json\/wp\/v2\/product"}],"about":[{"href":"https:\/\/ryfi.online\/fr\/wp-json\/wp\/v2\/types\/product"}],"replies":[{"embeddable":true,"href":"https:\/\/ryfi.online\/fr\/wp-json\/wp\/v2\/comments?post=4571"}],"wp:featuredmedia":[{"embeddable":true,"href":"https:\/\/ryfi.online\/fr\/wp-json\/wp\/v2\/media\/4605"}],"wp:attachment":[{"href":"https:\/\/ryfi.online\/fr\/wp-json\/wp\/v2\/media?parent=4571"}],"wp:term":[{"taxonomy":"product_brand","embeddable":true,"href":"https:\/\/ryfi.online\/fr\/wp-json\/wp\/v2\/product_brand?post=4571"},{"taxonomy":"product_cat","embeddable":true,"href":"https:\/\/ryfi.online\/fr\/wp-json\/wp\/v2\/product_cat?post=4571"},{"taxonomy":"product_tag","embeddable":true,"href":"https:\/\/ryfi.online\/fr\/wp-json\/wp\/v2\/product_tag?post=4571"}],"curies":[{"name":"wp","href":"https:\/\/api.w.org\/{rel}","templated":true}]}}