{"id":4480,"date":"2021-09-03T15:28:43","date_gmt":"2021-10-13T15:31:56","guid":{"rendered":"https:\/\/ryfi.online\/product\/bouteille-ergo-400-ml-aladdin\/"},"modified":"2022-05-16T18:06:18","modified_gmt":"2022-05-16T18:06:18","slug":"flacon-ergo-400-ml-aladdin","status":"publish","type":"product","link":"https:\/\/ryfi.online\/fr\/produit\/flacon-ergo-400-ml-aladdin\/","title":{"rendered":"FLACON ERGONOMIQUE 400 ML | ALADIN"},"content":{"rendered":"<div><img fetchpriority=\"high\" decoding=\"async\" class=\"alignnone size-medium wp-image-4481\" src=\"https:\/\/ryfi.online\/wp-content\/uploads\/2021\/09\/21028_A-300x300.jpg\" alt=\"BOTELLA ERGO 400 ML | ALADDIN\" width=\"300\" height=\"300\" srcset=\"https:\/\/ryfi.online\/wp-content\/uploads\/2021\/09\/21028_A-300x300.jpg 300w, https:\/\/ryfi.online\/wp-content\/uploads\/2021\/09\/21028_A-1024x1024.jpg 1024w, https:\/\/ryfi.online\/wp-content\/uploads\/2021\/09\/21028_A-150x150.jpg 150w, https:\/\/ryfi.online\/wp-content\/uploads\/2021\/09\/21028_A-768x768.jpg 768w, https:\/\/ryfi.online\/wp-content\/uploads\/2021\/09\/21028_A-1536x1536.jpg 1536w, https:\/\/ryfi.online\/wp-content\/uploads\/2021\/09\/21028_A-60x60.jpg 60w, https:\/\/ryfi.online\/wp-content\/uploads\/2021\/09\/21028_A-100x100.jpg 100w, https:\/\/ryfi.online\/wp-content\/uploads\/2021\/09\/21028_A.jpg 2000w\" sizes=\"(max-width: 300px) 100vw, 300px\" \/> <img decoding=\"async\" class=\"alignnone size-medium wp-image-4486\" src=\"https:\/\/ryfi.online\/wp-content\/uploads\/2021\/09\/21028_B-300x300.jpg\" alt=\"BOTELLA ERGO 400 ML | ALADDIN\" width=\"300\" height=\"300\" srcset=\"https:\/\/ryfi.online\/wp-content\/uploads\/2021\/09\/21028_B-300x300.jpg 300w, https:\/\/ryfi.online\/wp-content\/uploads\/2021\/09\/21028_B-1024x1024.jpg 1024w, https:\/\/ryfi.online\/wp-content\/uploads\/2021\/09\/21028_B-150x150.jpg 150w, https:\/\/ryfi.online\/wp-content\/uploads\/2021\/09\/21028_B-768x768.jpg 768w, https:\/\/ryfi.online\/wp-content\/uploads\/2021\/09\/21028_B-1536x1536.jpg 1536w, https:\/\/ryfi.online\/wp-content\/uploads\/2021\/09\/21028_B-60x60.jpg 60w, https:\/\/ryfi.online\/wp-content\/uploads\/2021\/09\/21028_B-100x100.jpg 100w, https:\/\/ryfi.online\/wp-content\/uploads\/2021\/09\/21028_B.jpg 2000w\" sizes=\"(max-width: 300px) 100vw, 300px\" \/><\/div>\n<div id=\"short_description_content\" class=\"rte align_justify\">FLACON ERGONOMIQUE 400 ML | ALADIN | Magasin de marque<\/div>\n<div id=\"description_product\" class=\"rte align_justify\">\n<p>Biberon enfant r\u00e9utilisable avec lequel les plus petits pourront boire confortablement gr\u00e2ce \u00e0 sa forme ergonomique, son bouchon anti-goutte et sa bande antid\u00e9rapante. Disponible dans une grande vari\u00e9t\u00e9 de designs originaux bas\u00e9s sur certains des personnages les plus c\u00e9l\u00e8bres du monde du cin\u00e9ma et de la t\u00e9l\u00e9vision. Une gourde id\u00e9ale pour que les enfants soient toujours hydrat\u00e9s lors de leurs sorties hors de chez eux.<\/p>\n<p><strong>Caract\u00e9ristique:<\/strong><\/p>\n<p>&#8211; Contenance : 400 ml.<br \/>\n&#8211; Sans BPA<br \/>\n&#8211; Anti-goutte<br \/>\n&#8211; Antid\u00e9rapant<br \/>\n&#8211; Facile \u00e0 nettoyer<br \/>\n&#8211; Licences officielles<\/p>\n<\/div>\n<div><\/div>\n<div>\n<table class=\"table-data-sheet\">\n<tbody>\n<tr class=\"odd\">\n<td>Personnage<\/td>\n<td>Aladdin<\/td>\n<\/tr>\n<tr class=\"even\">\n<td>Mat\u00e9riel<\/td>\n<td>Plastique<\/td>\n<\/tr>\n<tr class=\"odd\">\n<td>Capacit\u00e9<\/td>\n<td>400ml<\/td>\n<\/tr>\n<tr class=\"odd\">\n<td>Haute<\/td>\n<td>19cm<\/td>\n<\/tr>\n<tr class=\"odd\">\n<td>Large<\/td>\n<td>6,45cm.<\/td>\n<\/tr>\n<tr class=\"odd\">\n<td>Bas<\/td>\n<td>6,45cm.<\/td>\n<\/tr>\n<tr class=\"odd\">\n<td>Masse<\/td>\n<td>53g<\/td>\n<\/tr>\n<\/tbody>\n<\/table>\n<\/div>\n","protected":false},"excerpt":{"rendered":"<p>Livraison gratuite 1-3 jours ouvrables<\/p>\n<p>Retour gratuit<\/p>\n","protected":false},"featured_media":4481,"comment_status":"open","ping_status":"closed","template":"","meta":[],"product_brand":[],"product_cat":[228,227],"product_tag":[],"class_list":{"0":"post-4480","1":"product","2":"type-product","3":"status-publish","4":"has-post-thumbnail","6":"product_cat-bouteille","7":"product_cat-bouteilles-deau-de-sport","9":"first","10":"instock","11":"featured","12":"taxable","13":"shipping-taxable","14":"purchasable","15":"product-type-simple"},"yoast_head":"<!-- This site is optimized with the Yoast SEO Premium plugin v17.1.2 (Yoast SEO v27.4) - https:\/\/yoast.com\/product\/yoast-seo-premium-wordpress\/ -->\n<title>Acheter en ligne Bouteille Ergo 400 ML Aladdin - Boutique en ligne Ryfi<\/title>\n<meta name=\"description\" content=\"Achetez le biberon Ergo Aladdin en ligne 100% authentique \u00e0 un prix tr\u00e8s abordable en Espagne dans la meilleure boutique en ligne Ryfi.\" \/>\n<meta name=\"robots\" content=\"index, follow, max-snippet:-1, max-image-preview:large, max-video-preview:-1\" \/>\n<link rel=\"canonical\" href=\"https:\/\/ryfi.online\/fr\/produit\/flacon-ergo-400-ml-aladdin\/\" \/>\n<meta property=\"og:locale\" content=\"fr_FR\" \/>\n<meta property=\"og:type\" content=\"article\" \/>\n<meta property=\"og:title\" content=\"FLACON ERGONOMIQUE 400 ML | ALADIN\" \/>\n<meta property=\"og:description\" content=\"Achetez le biberon Ergo Aladdin en ligne 100% authentique \u00e0 un prix tr\u00e8s abordable en Espagne dans la meilleure boutique en ligne Ryfi.\" \/>\n<meta property=\"og:url\" content=\"https:\/\/ryfi.online\/fr\/produit\/flacon-ergo-400-ml-aladdin\/\" \/>\n<meta property=\"og:site_name\" content=\"Ryfi Online Store\" \/>\n<meta property=\"article:publisher\" content=\"https:\/\/www.facebook.com\/ryfi.online\/\" \/>\n<meta property=\"article:modified_time\" content=\"2022-05-16T18:06:18+00:00\" \/>\n<meta property=\"og:image\" content=\"https:\/\/ryfi.online\/wp-content\/uploads\/2021\/09\/21028_A.jpg\" \/>\n\t<meta property=\"og:image:width\" content=\"2000\" \/>\n\t<meta property=\"og:image:height\" content=\"2000\" \/>\n\t<meta property=\"og:image:type\" content=\"image\/jpeg\" \/>\n<meta name=\"twitter:card\" content=\"summary_large_image\" \/>\n<meta name=\"twitter:label1\" content=\"Prix\" \/>\n\t<meta name=\"twitter:data1\" content=\"&#036;11.98\" \/>\n\t<meta name=\"twitter:label2\" content=\"Availability\" \/>\n\t<meta name=\"twitter:data2\" content=\"In stock\" \/>\n<meta property=\"product:brand\" content=\"Bouteille\" \/>\n<meta property=\"product:price:amount\" content=\"11.98\" \/>\n<meta property=\"product:price:currency\" content=\"USD\" \/>\n<meta property=\"og:availability\" content=\"instock\" \/>\n<meta property=\"product:availability\" content=\"instock\" \/>\n<meta property=\"product:condition\" content=\"new\" \/>\n<!-- \/ Yoast SEO Premium plugin. -->","yoast_head_json":{"title":"Acheter en ligne Bouteille Ergo 400 ML Aladdin - Boutique en ligne Ryfi","description":"Achetez le biberon Ergo Aladdin en ligne 100% authentique \u00e0 un prix tr\u00e8s abordable en Espagne dans la meilleure boutique en ligne Ryfi.","robots":{"index":"index","follow":"follow","max-snippet":"max-snippet:-1","max-image-preview":"max-image-preview:large","max-video-preview":"max-video-preview:-1"},"canonical":"https:\/\/ryfi.online\/fr\/produit\/flacon-ergo-400-ml-aladdin\/","og_locale":"fr_FR","og_type":"article","og_title":"FLACON ERGONOMIQUE 400 ML | ALADIN","og_description":"Achetez le biberon Ergo Aladdin en ligne 100% authentique \u00e0 un prix tr\u00e8s abordable en Espagne dans la meilleure boutique en ligne Ryfi.","og_url":"https:\/\/ryfi.online\/fr\/produit\/flacon-ergo-400-ml-aladdin\/","og_site_name":"Ryfi Online Store","article_publisher":"https:\/\/www.facebook.com\/ryfi.online\/","article_modified_time":"2022-05-16T18:06:18+00:00","og_image":[{"width":2000,"height":2000,"url":"https:\/\/ryfi.online\/wp-content\/uploads\/2021\/09\/21028_A.jpg","type":"image\/jpeg"}],"twitter_card":"summary_large_image","twitter_misc":{"Prix":"&#36;11.98","Availability":"In stock"},"schema":{"@context":"https:\/\/schema.org","@graph":[{"@type":"WebPage","@id":"https:\/\/ryfi.online\/fr\/produit\/flacon-ergo-400-ml-aladdin\/","url":"https:\/\/ryfi.online\/fr\/produit\/flacon-ergo-400-ml-aladdin\/","name":"Acheter en ligne Bouteille Ergo 400 ML Aladdin - Boutique en ligne Ryfi","isPartOf":{"@id":"https:\/\/ryfi.online\/fr\/#website"},"primaryImageOfPage":{"@id":"https:\/\/ryfi.online\/fr\/produit\/flacon-ergo-400-ml-aladdin\/#primaryimage"},"image":{"@id":"https:\/\/ryfi.online\/fr\/produit\/flacon-ergo-400-ml-aladdin\/#primaryimage"},"thumbnailUrl":"https:\/\/ryfi.online\/wp-content\/uploads\/2021\/09\/21028_A.jpg","datePublished":"2021-10-13T15:31:56+00:00","dateModified":"2022-05-16T18:06:18+00:00","description":"Achetez le biberon Ergo Aladdin en ligne 100% authentique \u00e0 un prix tr\u00e8s abordable en Espagne dans la meilleure boutique en ligne Ryfi.","breadcrumb":{"@id":"https:\/\/ryfi.online\/fr\/produit\/flacon-ergo-400-ml-aladdin\/#breadcrumb"},"inLanguage":"fr-FR","potentialAction":[{"@type":"ReadAction","target":["https:\/\/ryfi.online\/fr\/produit\/flacon-ergo-400-ml-aladdin\/"]}]},{"@type":"ImageObject","inLanguage":"fr-FR","@id":"https:\/\/ryfi.online\/fr\/produit\/flacon-ergo-400-ml-aladdin\/#primaryimage","url":"https:\/\/ryfi.online\/wp-content\/uploads\/2021\/09\/21028_A.jpg","contentUrl":"https:\/\/ryfi.online\/wp-content\/uploads\/2021\/09\/21028_A.jpg","width":2000,"height":2000,"caption":"FLACON ERGONOMIQUE 400 ML | ALADIN"},{"@type":"BreadcrumbList","@id":"https:\/\/ryfi.online\/fr\/produit\/flacon-ergo-400-ml-aladdin\/#breadcrumb","itemListElement":[{"@type":"ListItem","position":1,"name":"Home","item":"https:\/\/ryfi.online\/fr\/"},{"@type":"ListItem","position":2,"name":"Free and Fast Shipping whitin 1-3 Days!!!","item":"https:\/\/ryfi.online\/shop\/"},{"@type":"ListItem","position":3,"name":"FLACON ERGONOMIQUE 400 ML | ALADIN"}]},{"@type":"WebSite","@id":"https:\/\/ryfi.online\/fr\/#website","url":"https:\/\/ryfi.online\/fr\/","name":"Ryfi Online Store","description":"Online Store","publisher":{"@id":"https:\/\/ryfi.online\/fr\/#organization"},"potentialAction":[{"@type":"SearchAction","target":{"@type":"EntryPoint","urlTemplate":"https:\/\/ryfi.online\/fr\/?s={search_term_string}"},"query-input":{"@type":"PropertyValueSpecification","valueRequired":true,"valueName":"search_term_string"}}],"inLanguage":"fr-FR"},{"@type":"Organization","@id":"https:\/\/ryfi.online\/fr\/#organization","name":"Ryan Future Investments LLC","url":"https:\/\/ryfi.online\/fr\/","logo":{"@type":"ImageObject","inLanguage":"fr-FR","@id":"https:\/\/ryfi.online\/fr\/#\/schema\/logo\/image\/","url":"https:\/\/ryfi.online\/wp-content\/uploads\/2021\/03\/2-03.png","contentUrl":"https:\/\/ryfi.online\/wp-content\/uploads\/2021\/03\/2-03.png","width":1010,"height":310,"caption":"Ryan Future Investments LLC"},"image":{"@id":"https:\/\/ryfi.online\/fr\/#\/schema\/logo\/image\/"},"sameAs":["https:\/\/www.facebook.com\/ryfi.online\/"]}]},"product_brand":"Bouteille","product_price_amount":"11.98","product_price_currency":"USD","og_availability":"instock","product_availability":"instock","product_condition":"new"},"jetpack-related-posts":[{"id":4529,"url":"https:\/\/ryfi.online\/fr\/produit\/flacon-ergo-400-ml-minions-fun-land\/","url_meta":{"origin":4480,"position":0},"title":"FLACON ERGONOMIQUE 400 ML | MINIONS FUN LAND","date":"septembre 3, 2021","format":false,"excerpt":"Livraison gratuite 1-3 jours ouvrables Retour gratuit","rel":"","context":"Article similaire","img":{"alt_text":"FLACON ERGONOMIQUE 400 ML | MINIONS FUN LAND","src":"https:\/\/i0.wp.com\/ryfi.online\/wp-content\/uploads\/2021\/09\/17428_B.jpg?resize=350%2C200&ssl=1","width":350,"height":200},"classes":[]},{"id":4633,"url":"https:\/\/ryfi.online\/fr\/produit\/flacon-ergo-400-ml-moi-mechant-3\/","url_meta":{"origin":4480,"position":1},"title":"FLACON ERGONOMIQUE 400 ML | Moi m\u00e9prisable 3","date":"septembre 3, 2021","format":false,"excerpt":"Livraison gratuite 1-3 jours ouvrables Retour gratuit","rel":"","context":"Article similaire","img":{"alt_text":"FLACON ERGONOMIQUE 400 ML | Moi m\u00e9prisable 3","src":"https:\/\/i0.wp.com\/ryfi.online\/wp-content\/uploads\/2021\/09\/24028_B.jpg?resize=350%2C200&ssl=1","width":350,"height":200},"classes":[]},{"id":4238,"url":"https:\/\/ryfi.online\/fr\/produit\/flacon-sport-400-ml-frozen-ii-blue-forest\/","url_meta":{"origin":4480,"position":2},"title":"BOUTEILLE SPORT 400 ML FROZEN II FORET BLEUE","date":"septembre 4, 2021","format":false,"excerpt":"Livraison gratuite 1-3 jours ouvrables Retour gratuit","rel":"","context":"Article similaire","img":{"alt_text":"","src":"https:\/\/i0.wp.com\/ryfi.online\/wp-content\/uploads\/2021\/09\/51032_A.jpg?resize=350%2C200&ssl=1","width":350,"height":200},"classes":[]},{"id":4168,"url":"https:\/\/ryfi.online\/fr\/produit\/bidon-sport-400-ml-spiderman-streets\/","url_meta":{"origin":4480,"position":3},"title":"BOUTEILLE DE SPORT 400 ML SPIDERMAN STREET","date":"septembre 4, 2021","format":false,"excerpt":"Livraison gratuite 1-3 jours ouvrables Retour gratuit","rel":"","context":"Article similaire","img":{"alt_text":"","src":"https:\/\/i0.wp.com\/ryfi.online\/wp-content\/uploads\/2021\/09\/51332_A.jpg?resize=350%2C200&ssl=1","width":350,"height":200},"classes":[]},{"id":4321,"url":"https:\/\/ryfi.online\/fr\/produit\/brik-460-ml-voitures-usage-quotidien\/","url_meta":{"origin":4480,"position":4},"title":"BRIQUE 460ML | VOITURES UTILISATION QUOTIDIENNE","date":"septembre 4, 2021","format":false,"excerpt":"Livraison gratuite 1-3 jours ouvrables Retour gratuit","rel":"","context":"Article similaire","img":{"alt_text":"","src":"https:\/\/i0.wp.com\/ryfi.online\/wp-content\/uploads\/2021\/09\/04918_A.jpg?resize=350%2C200&ssl=1","width":350,"height":200},"classes":[]},{"id":4354,"url":"https:\/\/ryfi.online\/fr\/produit\/brik-460-ml-cars-racers-edge\/","url_meta":{"origin":4480,"position":5},"title":"BRIQUE 460ML | CARS RACERS EDGE","date":"septembre 4, 2021","format":false,"excerpt":"Livraison gratuite 1-3 jours ouvrables Retour gratuit","rel":"","context":"Article similaire","img":{"alt_text":"","src":"https:\/\/i0.wp.com\/ryfi.online\/wp-content\/uploads\/2021\/09\/22705_A.jpg?resize=350%2C200&ssl=1","width":350,"height":200},"classes":[]}],"_links":{"self":[{"href":"https:\/\/ryfi.online\/fr\/wp-json\/wp\/v2\/product\/4480","targetHints":{"allow":["GET"]}}],"collection":[{"href":"https:\/\/ryfi.online\/fr\/wp-json\/wp\/v2\/product"}],"about":[{"href":"https:\/\/ryfi.online\/fr\/wp-json\/wp\/v2\/types\/product"}],"replies":[{"embeddable":true,"href":"https:\/\/ryfi.online\/fr\/wp-json\/wp\/v2\/comments?post=4480"}],"wp:featuredmedia":[{"embeddable":true,"href":"https:\/\/ryfi.online\/fr\/wp-json\/wp\/v2\/media\/4481"}],"wp:attachment":[{"href":"https:\/\/ryfi.online\/fr\/wp-json\/wp\/v2\/media?parent=4480"}],"wp:term":[{"taxonomy":"product_brand","embeddable":true,"href":"https:\/\/ryfi.online\/fr\/wp-json\/wp\/v2\/product_brand?post=4480"},{"taxonomy":"product_cat","embeddable":true,"href":"https:\/\/ryfi.online\/fr\/wp-json\/wp\/v2\/product_cat?post=4480"},{"taxonomy":"product_tag","embeddable":true,"href":"https:\/\/ryfi.online\/fr\/wp-json\/wp\/v2\/product_tag?post=4480"}],"curies":[{"name":"wp","href":"https:\/\/api.w.org\/{rel}","templated":true}]}}