{"id":4052,"date":"2021-10-08T14:57:14","date_gmt":"2021-10-13T15:29:37","guid":{"rendered":"https:\/\/ryfi.online\/product\/pantalon-de-survetement-star-wars\/"},"modified":"2025-05-27T03:40:42","modified_gmt":"2025-05-27T03:40:42","slug":"pantalon-de-survetement-star-wars","status":"publish","type":"product","link":"https:\/\/ryfi.online\/fr\/produit\/pantalon-de-survetement-star-wars\/","title":{"rendered":"Pantalon de surv\u00eatement Star Wars APH1544"},"content":{"rendered":"<p>Comme cadeau d&#8217;anniversaire, \u00e0 P\u00e2ques ou juste comme \u00e7a. Avec le beau pantalon Star Wars, vous ne pouvez pas vous tromper ! La finition est excellente et les couleurs tr\u00e8s fortes. Avec ce magnifique pyjama, les enfants se reposeront bien ! Lavable en machine \u00e0 30\u00b0C, pour une longue dur\u00e9e de vie, mais le lavage \u00e0 la main est recommand\u00e9. Avec cet ensemble, les yeux des enfants commencent \u00e0 rayonner !<\/p>\n<ul class=\"a-unordered-list a-vertical a-spacing-mini\">\n<li>Pantalon de surv\u00eatement Star Wars pour gar\u00e7on<\/li>\n<li><span class=\"a-list-item\">Polyester<\/span><\/li>\n<li>\u00c2ge 4 ans, 6 ans, 8 ans et 10 ans<\/li>\n<\/ul>\n","protected":false},"excerpt":{"rendered":"<p>Exp\u00e9dition rapide et s\u00fbre en 1-3 jours ouvrables<\/p>\n","protected":false},"featured_media":4081,"comment_status":"open","ping_status":"closed","template":"","meta":[],"product_brand":[],"product_cat":[222],"product_tag":[],"class_list":{"0":"post-4052","1":"product","2":"type-product","3":"status-publish","4":"has-post-thumbnail","6":"product_cat-survetement","8":"first","9":"instock","10":"featured","11":"taxable","12":"shipping-taxable","13":"purchasable","14":"product-type-variable"},"yoast_head":"<!-- This site is optimized with the Yoast SEO Premium plugin v17.1.2 (Yoast SEO v27.6) - https:\/\/yoast.com\/product\/yoast-seo-premium-wordpress\/ -->\n<title>Pantalons de surv\u00eatement Star Wars pour gar\u00e7ons - Boutique en ligne Ryfi<\/title>\n<meta name=\"description\" content=\"Si vous souhaitez acheter des pantalons de surv\u00eatement Star Wars pour gar\u00e7ons en Espagne, nous sommes l\u00e0 pour vous aider, nous vous fournissons des pantalons de surv\u00eatement Star Wars de haute qualit\u00e9.\" \/>\n<meta name=\"robots\" content=\"index, follow, max-snippet:-1, max-image-preview:large, max-video-preview:-1\" \/>\n<link rel=\"canonical\" href=\"https:\/\/ryfi.online\/fr\/produit\/pantalon-de-survetement-star-wars\/\" \/>\n<meta property=\"og:locale\" content=\"fr_FR\" \/>\n<meta property=\"og:type\" content=\"article\" \/>\n<meta property=\"og:title\" content=\"Pantalon de surv\u00eatement Star Wars APH1544\" \/>\n<meta property=\"og:description\" content=\"Si vous souhaitez acheter des pantalons de surv\u00eatement Star Wars pour gar\u00e7ons en Espagne, nous sommes l\u00e0 pour vous aider, nous vous fournissons des pantalons de surv\u00eatement Star Wars de haute qualit\u00e9.\" \/>\n<meta property=\"og:url\" content=\"https:\/\/ryfi.online\/fr\/produit\/pantalon-de-survetement-star-wars\/\" \/>\n<meta property=\"og:site_name\" content=\"Ryfi Online Store\" \/>\n<meta property=\"article:publisher\" content=\"https:\/\/www.facebook.com\/ryfi.online\/\" \/>\n<meta property=\"article:modified_time\" content=\"2025-05-27T03:40:42+00:00\" \/>\n<meta property=\"og:image\" content=\"https:\/\/ryfi.online\/wp-content\/uploads\/2021\/10\/aph1544.jpg\" \/>\n\t<meta property=\"og:image:width\" content=\"800\" \/>\n\t<meta property=\"og:image:height\" content=\"565\" \/>\n\t<meta property=\"og:image:type\" content=\"image\/jpeg\" \/>\n<meta name=\"twitter:card\" content=\"summary_large_image\" \/>\n<meta name=\"twitter:label1\" content=\"Availability\" \/>\n\t<meta name=\"twitter:data1\" content=\"In stock\" \/>\n<meta property=\"product:brand\" content=\"Surv\u00eatement\" \/>\n<meta property=\"og:availability\" content=\"instock\" \/>\n<meta property=\"product:availability\" content=\"instock\" \/>\n<meta property=\"product:condition\" content=\"new\" \/>\n<!-- \/ Yoast SEO Premium plugin. -->","yoast_head_json":{"title":"Pantalons de surv\u00eatement Star Wars pour gar\u00e7ons - Boutique en ligne Ryfi","description":"Si vous souhaitez acheter des pantalons de surv\u00eatement Star Wars pour gar\u00e7ons en Espagne, nous sommes l\u00e0 pour vous aider, nous vous fournissons des pantalons de surv\u00eatement Star Wars de haute qualit\u00e9.","robots":{"index":"index","follow":"follow","max-snippet":"max-snippet:-1","max-image-preview":"max-image-preview:large","max-video-preview":"max-video-preview:-1"},"canonical":"https:\/\/ryfi.online\/fr\/produit\/pantalon-de-survetement-star-wars\/","og_locale":"fr_FR","og_type":"article","og_title":"Pantalon de surv\u00eatement Star Wars APH1544","og_description":"Si vous souhaitez acheter des pantalons de surv\u00eatement Star Wars pour gar\u00e7ons en Espagne, nous sommes l\u00e0 pour vous aider, nous vous fournissons des pantalons de surv\u00eatement Star Wars de haute qualit\u00e9.","og_url":"https:\/\/ryfi.online\/fr\/produit\/pantalon-de-survetement-star-wars\/","og_site_name":"Ryfi Online Store","article_publisher":"https:\/\/www.facebook.com\/ryfi.online\/","article_modified_time":"2025-05-27T03:40:42+00:00","og_image":[{"width":800,"height":565,"url":"https:\/\/ryfi.online\/wp-content\/uploads\/2021\/10\/aph1544.jpg","type":"image\/jpeg"}],"twitter_card":"summary_large_image","twitter_misc":{"Availability":"In stock"},"schema":{"@context":"https:\/\/schema.org","@graph":[{"@type":"WebPage","@id":"https:\/\/ryfi.online\/fr\/produit\/pantalon-de-survetement-star-wars\/","url":"https:\/\/ryfi.online\/fr\/produit\/pantalon-de-survetement-star-wars\/","name":"Pantalons de surv\u00eatement Star Wars pour gar\u00e7ons - Boutique en ligne Ryfi","isPartOf":{"@id":"https:\/\/ryfi.online\/fr\/#website"},"primaryImageOfPage":{"@id":"https:\/\/ryfi.online\/fr\/produit\/pantalon-de-survetement-star-wars\/#primaryimage"},"image":{"@id":"https:\/\/ryfi.online\/fr\/produit\/pantalon-de-survetement-star-wars\/#primaryimage"},"thumbnailUrl":"https:\/\/ryfi.online\/wp-content\/uploads\/2021\/10\/aph1544.jpg","datePublished":"2021-10-13T15:29:37+00:00","dateModified":"2025-05-27T03:40:42+00:00","description":"Si vous souhaitez acheter des pantalons de surv\u00eatement Star Wars pour gar\u00e7ons en Espagne, nous sommes l\u00e0 pour vous aider, nous vous fournissons des pantalons de surv\u00eatement Star Wars de haute qualit\u00e9.","breadcrumb":{"@id":"https:\/\/ryfi.online\/fr\/produit\/pantalon-de-survetement-star-wars\/#breadcrumb"},"inLanguage":"fr-FR","potentialAction":[{"@type":"ReadAction","target":["https:\/\/ryfi.online\/fr\/produit\/pantalon-de-survetement-star-wars\/"]}]},{"@type":"ImageObject","inLanguage":"fr-FR","@id":"https:\/\/ryfi.online\/fr\/produit\/pantalon-de-survetement-star-wars\/#primaryimage","url":"https:\/\/ryfi.online\/wp-content\/uploads\/2021\/10\/aph1544.jpg","contentUrl":"https:\/\/ryfi.online\/wp-content\/uploads\/2021\/10\/aph1544.jpg","width":800,"height":565,"caption":"Surv\u00eatements pour enfants Star Wars -1"},{"@type":"BreadcrumbList","@id":"https:\/\/ryfi.online\/fr\/produit\/pantalon-de-survetement-star-wars\/#breadcrumb","itemListElement":[{"@type":"ListItem","position":1,"name":"Home","item":"https:\/\/ryfi.online\/fr\/"},{"@type":"ListItem","position":2,"name":"Free and Fast Shipping whitin 1-3 Days!!!","item":"https:\/\/ryfi.online\/shop\/"},{"@type":"ListItem","position":3,"name":"Pantalon de surv\u00eatement Star Wars APH1544"}]},{"@type":"WebSite","@id":"https:\/\/ryfi.online\/fr\/#website","url":"https:\/\/ryfi.online\/fr\/","name":"Ryfi Online Store","description":"Online Store","publisher":{"@id":"https:\/\/ryfi.online\/fr\/#organization"},"potentialAction":[{"@type":"SearchAction","target":{"@type":"EntryPoint","urlTemplate":"https:\/\/ryfi.online\/fr\/?s={search_term_string}"},"query-input":{"@type":"PropertyValueSpecification","valueRequired":true,"valueName":"search_term_string"}}],"inLanguage":"fr-FR"},{"@type":"Organization","@id":"https:\/\/ryfi.online\/fr\/#organization","name":"Ryan Future Investments LLC","url":"https:\/\/ryfi.online\/fr\/","logo":{"@type":"ImageObject","inLanguage":"fr-FR","@id":"https:\/\/ryfi.online\/fr\/#\/schema\/logo\/image\/","url":"https:\/\/ryfi.online\/wp-content\/uploads\/2021\/03\/2-03.png","contentUrl":"https:\/\/ryfi.online\/wp-content\/uploads\/2021\/03\/2-03.png","width":1010,"height":310,"caption":"Ryan Future Investments LLC"},"image":{"@id":"https:\/\/ryfi.online\/fr\/#\/schema\/logo\/image\/"},"sameAs":["https:\/\/www.facebook.com\/ryfi.online\/"]}]},"product_brand":"Surv\u00eatement","og_availability":"instock","product_availability":"instock","product_condition":"new"},"jetpack-related-posts":[{"id":4023,"url":"https:\/\/ryfi.online\/fr\/produit\/disney-congele-2-anna-elsa-personnages-survetement-pantalon\/","url_meta":{"origin":4052,"position":0},"title":"Disney La Reine des Neiges 2 Personnages Anna et Elsa Pantalon de surv\u00eatement TH1076","date":"octobre 8, 2021","format":false,"excerpt":"Exp\u00e9dition rapide et s\u00fbre en 1-3 jours ouvrables","rel":"","context":"Article similaire","img":{"alt_text":" Surv\u00eatements pour filles Anna&amp;Elsa -1","src":"https:\/\/i0.wp.com\/ryfi.online\/wp-content\/uploads\/2021\/10\/th1076.jpg?resize=350%2C200&ssl=1","width":350,"height":200},"classes":[]},{"id":7129,"url":"https:\/\/ryfi.online\/fr\/produit\/pantalon-de-survetement-sun-city-avengers-pour-garcons\/","url_meta":{"origin":4052,"position":1},"title":"Sun City Avengers Pantalon de jogging pour gar\u00e7on HU1297","date":"octobre 31, 2021","format":false,"excerpt":"Exp\u00e9dition rapide et s\u00fbre en 1-3 jours ouvrables","rel":"","context":"Article similaire","img":{"alt_text":"Chandals para ninos Avengers -1","src":"https:\/\/i0.wp.com\/ryfi.online\/wp-content\/uploads\/2021\/10\/hu1297.jpg?resize=350%2C200&ssl=1","width":350,"height":200},"classes":[]},{"id":3981,"url":"https:\/\/ryfi.online\/fr\/produit\/pantalon-de-jogging-fille-avec-imprime-minnie-mouse\/","url_meta":{"origin":4052,"position":2},"title":"Pantalon de surv\u00eatement \u00e0 imprim\u00e9 Minnie Mouse pour filles TH1116","date":"octobre 8, 2021","format":false,"excerpt":"Exp\u00e9dition rapide et s\u00fbre en 1-3 jours ouvrables","rel":"","context":"Article similaire","img":{"alt_text":"Surv\u00eatement pour filles Minnie Mouse -1","src":"https:\/\/i0.wp.com\/ryfi.online\/wp-content\/uploads\/2021\/10\/th1116.jpg?resize=350%2C200&ssl=1","width":350,"height":200},"classes":[]},{"id":9592,"url":"https:\/\/ryfi.online\/fr\/produit\/set-cars-enfants-t-shirt-et-pantalon-copy\/","url_meta":{"origin":4052,"position":3},"title":"Ensemble t-shirt et pantalon enfant Cars ET1081","date":"avril 21, 2022","format":false,"excerpt":"Exp\u00e9dition rapide et s\u00fbre en 1-3 jours ouvrables","rel":"","context":"Article similaire","img":{"alt_text":"Conjunto camiseta pantalones Cars","src":"https:\/\/i0.wp.com\/ryfi.online\/wp-content\/uploads\/2022\/04\/et1081.jpg?resize=350%2C200&ssl=1","width":350,"height":200},"classes":[]},{"id":9579,"url":"https:\/\/ryfi.online\/fr\/produit\/spiderman-t-shirt-et-pantalon-enfant\/","url_meta":{"origin":4052,"position":4},"title":"Ensemble t-shirt et pantalon Spiderman pour enfants UE1109","date":"avril 19, 2022","format":false,"excerpt":"Exp\u00e9dition rapide et s\u00fbre en 1-3 jours ouvrables","rel":"","context":"Article similaire","img":{"alt_text":"Ensemble Spiderman","src":"https:\/\/i0.wp.com\/ryfi.online\/wp-content\/uploads\/2022\/04\/img_142084_b9dd3931f3ae76581b7aae01014ee611_20.jpg?resize=350%2C200&ssl=1","width":350,"height":200},"classes":[]},{"id":4854,"url":"https:\/\/ryfi.online\/fr\/produit\/marvel-avengers-t-shirt-et-short-enfant\/","url_meta":{"origin":4052,"position":5},"title":"Ensemble t-shirt et pantalon Avengers pour enfants UE1068","date":"juillet 30, 2021","format":false,"excerpt":"Exp\u00e9dition rapide et s\u00fbre en 1-3 jours ouvrables","rel":"","context":"Article similaire","img":{"alt_text":"Conjunto camiseta pantalones Avengers","src":"https:\/\/i0.wp.com\/ryfi.online\/wp-content\/uploads\/2021\/07\/ue1068.jpg?resize=350%2C200&ssl=1","width":350,"height":200},"classes":[]}],"_links":{"self":[{"href":"https:\/\/ryfi.online\/fr\/wp-json\/wp\/v2\/product\/4052","targetHints":{"allow":["GET"]}}],"collection":[{"href":"https:\/\/ryfi.online\/fr\/wp-json\/wp\/v2\/product"}],"about":[{"href":"https:\/\/ryfi.online\/fr\/wp-json\/wp\/v2\/types\/product"}],"replies":[{"embeddable":true,"href":"https:\/\/ryfi.online\/fr\/wp-json\/wp\/v2\/comments?post=4052"}],"wp:featuredmedia":[{"embeddable":true,"href":"https:\/\/ryfi.online\/fr\/wp-json\/wp\/v2\/media\/4081"}],"wp:attachment":[{"href":"https:\/\/ryfi.online\/fr\/wp-json\/wp\/v2\/media?parent=4052"}],"wp:term":[{"taxonomy":"product_brand","embeddable":true,"href":"https:\/\/ryfi.online\/fr\/wp-json\/wp\/v2\/product_brand?post=4052"},{"taxonomy":"product_cat","embeddable":true,"href":"https:\/\/ryfi.online\/fr\/wp-json\/wp\/v2\/product_cat?post=4052"},{"taxonomy":"product_tag","embeddable":true,"href":"https:\/\/ryfi.online\/fr\/wp-json\/wp\/v2\/product_tag?post=4052"}],"curies":[{"name":"wp","href":"https:\/\/api.w.org\/{rel}","templated":true}]}}