{"id":3981,"date":"2021-10-08T15:13:39","date_gmt":"2021-10-13T15:29:07","guid":{"rendered":"https:\/\/ryfi.online\/product\/pantalon-de-survetement-imprime-minnie-mouse-pour-fille\/"},"modified":"2022-05-16T17:44:57","modified_gmt":"2022-05-16T17:44:57","slug":"pantalon-de-jogging-fille-avec-imprime-minnie-mouse","status":"publish","type":"product","link":"https:\/\/ryfi.online\/fr\/produit\/pantalon-de-jogging-fille-avec-imprime-minnie-mouse\/","title":{"rendered":"Pantalon de surv\u00eatement \u00e0 imprim\u00e9 Minnie Mouse pour filles TH1116"},"content":{"rendered":"<p>Comme cadeau d&#8217;anniversaire, \u00e0 P\u00e2ques ou juste comme \u00e7a. Avec cette belle chemise Minnie, vous ne pouvez pas vous tromper ! La finition est excellente et les couleurs tr\u00e8s fortes. Lavable en machine \u00e0 30\u00b0C, pour une longue dur\u00e9e de vie, mais le lavage \u00e0 la main est recommand\u00e9. Avec ce t-shirt, les yeux des enfants commencent \u00e0 rayonner !<\/p>\n<ul class=\"a-unordered-list a-vertical a-spacing-mini\">\n<li><span class=\"a-list-item\">Pantalon de surv\u00eatement en coton Minnie pour fille<\/span><\/li>\n<li><span class=\"a-list-item\">95 % coton, 5 % \u00e9lasthanne<\/span><\/li>\n<li><span class=\"a-list-item\">Fermeture : Cordon ajustable<\/span><\/li>\n<li><span class=\"a-list-item\">Fer 2, jusqu&#8217;\u00e0 max. Repasser \u00e0 150\u00b0C, laver \u00e0 40\u00b0C, programme pour v\u00eatements d\u00e9licats, ne pas s\u00e9cher au s\u00e8che-linge, ne pas utiliser de chlore ni d&#8217;eau de Javel, suspendre pour s\u00e9cher.<\/span><\/li>\n<li><span class=\"a-list-item\">Exp\u00e9dition 24-48 heures<\/span><\/li>\n<li>\u00c2ge 3 ans, 4 ans, 6 ans et 8 ans<\/li>\n<\/ul>\n","protected":false},"excerpt":{"rendered":"<div class=\"woocommerce-product-details__short-description\">\n<p>Exp\u00e9dition rapide et s\u00fbre en 1-3 jours ouvrables<\/p>\n<\/div>\n","protected":false},"featured_media":3990,"comment_status":"open","ping_status":"closed","template":"","meta":[],"product_brand":[],"product_cat":[222],"product_tag":[],"class_list":{"0":"post-3981","1":"product","2":"type-product","3":"status-publish","4":"has-post-thumbnail","6":"product_cat-survetement","8":"first","9":"instock","10":"featured","11":"taxable","12":"shipping-taxable","13":"purchasable","14":"product-type-variable"},"yoast_head":"<!-- This site is optimized with the Yoast SEO Premium plugin v17.1.2 (Yoast SEO v27.6) - https:\/\/yoast.com\/product\/yoast-seo-premium-wordpress\/ -->\n<title>Acheter des pantalons de surv\u00eatement en coton imprim\u00e9 Minnie Mouse pour fille - Boutique en ligne Ryfi<\/title>\n<meta name=\"description\" content=\"Achetez en ligne des pantalons de surv\u00eatement en coton \u00e0 imprim\u00e9 Minnie Mouse pour filles sur la boutique en ligne de Ryfi. Avec exp\u00e9dition rapide en 1-3 jours et \u00e9change ou retour gratuit.\" \/>\n<meta name=\"robots\" content=\"index, follow, max-snippet:-1, max-image-preview:large, max-video-preview:-1\" \/>\n<link rel=\"canonical\" href=\"https:\/\/ryfi.online\/fr\/produit\/pantalon-de-jogging-fille-avec-imprime-minnie-mouse\/\" \/>\n<meta property=\"og:locale\" content=\"fr_FR\" \/>\n<meta property=\"og:type\" content=\"article\" \/>\n<meta property=\"og:title\" content=\"Pantalon de surv\u00eatement \u00e0 imprim\u00e9 Minnie Mouse pour filles TH1116\" \/>\n<meta property=\"og:description\" content=\"Achetez en ligne des pantalons de surv\u00eatement en coton \u00e0 imprim\u00e9 Minnie Mouse pour filles sur la boutique en ligne de Ryfi. Avec exp\u00e9dition rapide en 1-3 jours et \u00e9change ou retour gratuit.\" \/>\n<meta property=\"og:url\" content=\"https:\/\/ryfi.online\/fr\/produit\/pantalon-de-jogging-fille-avec-imprime-minnie-mouse\/\" \/>\n<meta property=\"og:site_name\" content=\"Ryfi Online Store\" \/>\n<meta property=\"article:publisher\" content=\"https:\/\/www.facebook.com\/ryfi.online\/\" \/>\n<meta property=\"article:modified_time\" content=\"2022-05-16T17:44:57+00:00\" \/>\n<meta property=\"og:image\" content=\"https:\/\/ryfi.online\/wp-content\/uploads\/2021\/10\/th1116.jpg\" \/>\n\t<meta property=\"og:image:width\" content=\"800\" \/>\n\t<meta property=\"og:image:height\" content=\"565\" \/>\n\t<meta property=\"og:image:type\" content=\"image\/jpeg\" \/>\n<meta name=\"twitter:card\" content=\"summary_large_image\" \/>\n<meta name=\"twitter:label1\" content=\"Availability\" \/>\n\t<meta name=\"twitter:data1\" content=\"In stock\" \/>\n<meta property=\"product:brand\" content=\"Surv\u00eatement\" \/>\n<meta property=\"og:availability\" content=\"instock\" \/>\n<meta property=\"product:availability\" content=\"instock\" \/>\n<meta property=\"product:condition\" content=\"new\" \/>\n<!-- \/ Yoast SEO Premium plugin. -->","yoast_head_json":{"title":"Acheter des pantalons de surv\u00eatement en coton imprim\u00e9 Minnie Mouse pour fille - Boutique en ligne Ryfi","description":"Achetez en ligne des pantalons de surv\u00eatement en coton \u00e0 imprim\u00e9 Minnie Mouse pour filles sur la boutique en ligne de Ryfi. Avec exp\u00e9dition rapide en 1-3 jours et \u00e9change ou retour gratuit.","robots":{"index":"index","follow":"follow","max-snippet":"max-snippet:-1","max-image-preview":"max-image-preview:large","max-video-preview":"max-video-preview:-1"},"canonical":"https:\/\/ryfi.online\/fr\/produit\/pantalon-de-jogging-fille-avec-imprime-minnie-mouse\/","og_locale":"fr_FR","og_type":"article","og_title":"Pantalon de surv\u00eatement \u00e0 imprim\u00e9 Minnie Mouse pour filles TH1116","og_description":"Achetez en ligne des pantalons de surv\u00eatement en coton \u00e0 imprim\u00e9 Minnie Mouse pour filles sur la boutique en ligne de Ryfi. Avec exp\u00e9dition rapide en 1-3 jours et \u00e9change ou retour gratuit.","og_url":"https:\/\/ryfi.online\/fr\/produit\/pantalon-de-jogging-fille-avec-imprime-minnie-mouse\/","og_site_name":"Ryfi Online Store","article_publisher":"https:\/\/www.facebook.com\/ryfi.online\/","article_modified_time":"2022-05-16T17:44:57+00:00","og_image":[{"width":800,"height":565,"url":"https:\/\/ryfi.online\/wp-content\/uploads\/2021\/10\/th1116.jpg","type":"image\/jpeg"}],"twitter_card":"summary_large_image","twitter_misc":{"Availability":"In stock"},"schema":{"@context":"https:\/\/schema.org","@graph":[{"@type":"WebPage","@id":"https:\/\/ryfi.online\/fr\/produit\/pantalon-de-jogging-fille-avec-imprime-minnie-mouse\/","url":"https:\/\/ryfi.online\/fr\/produit\/pantalon-de-jogging-fille-avec-imprime-minnie-mouse\/","name":"Acheter des pantalons de surv\u00eatement en coton imprim\u00e9 Minnie Mouse pour fille - Boutique en ligne Ryfi","isPartOf":{"@id":"https:\/\/ryfi.online\/fr\/#website"},"primaryImageOfPage":{"@id":"https:\/\/ryfi.online\/fr\/produit\/pantalon-de-jogging-fille-avec-imprime-minnie-mouse\/#primaryimage"},"image":{"@id":"https:\/\/ryfi.online\/fr\/produit\/pantalon-de-jogging-fille-avec-imprime-minnie-mouse\/#primaryimage"},"thumbnailUrl":"https:\/\/ryfi.online\/wp-content\/uploads\/2021\/10\/th1116.jpg","datePublished":"2021-10-13T15:29:07+00:00","dateModified":"2022-05-16T17:44:57+00:00","description":"Achetez en ligne des pantalons de surv\u00eatement en coton \u00e0 imprim\u00e9 Minnie Mouse pour filles sur la boutique en ligne de Ryfi. Avec exp\u00e9dition rapide en 1-3 jours et \u00e9change ou retour gratuit.","breadcrumb":{"@id":"https:\/\/ryfi.online\/fr\/produit\/pantalon-de-jogging-fille-avec-imprime-minnie-mouse\/#breadcrumb"},"inLanguage":"fr-FR","potentialAction":[{"@type":"ReadAction","target":["https:\/\/ryfi.online\/fr\/produit\/pantalon-de-jogging-fille-avec-imprime-minnie-mouse\/"]}]},{"@type":"ImageObject","inLanguage":"fr-FR","@id":"https:\/\/ryfi.online\/fr\/produit\/pantalon-de-jogging-fille-avec-imprime-minnie-mouse\/#primaryimage","url":"https:\/\/ryfi.online\/wp-content\/uploads\/2021\/10\/th1116.jpg","contentUrl":"https:\/\/ryfi.online\/wp-content\/uploads\/2021\/10\/th1116.jpg","width":800,"height":565,"caption":"Surv\u00eatement pour filles Minnie Mouse -1"},{"@type":"BreadcrumbList","@id":"https:\/\/ryfi.online\/fr\/produit\/pantalon-de-jogging-fille-avec-imprime-minnie-mouse\/#breadcrumb","itemListElement":[{"@type":"ListItem","position":1,"name":"Home","item":"https:\/\/ryfi.online\/fr\/"},{"@type":"ListItem","position":2,"name":"Free and Fast Shipping whitin 1-3 Days!!!","item":"https:\/\/ryfi.online\/shop\/"},{"@type":"ListItem","position":3,"name":"Pantalon de surv\u00eatement \u00e0 imprim\u00e9 Minnie Mouse pour filles TH1116"}]},{"@type":"WebSite","@id":"https:\/\/ryfi.online\/fr\/#website","url":"https:\/\/ryfi.online\/fr\/","name":"Ryfi Online Store","description":"Online Store","publisher":{"@id":"https:\/\/ryfi.online\/fr\/#organization"},"potentialAction":[{"@type":"SearchAction","target":{"@type":"EntryPoint","urlTemplate":"https:\/\/ryfi.online\/fr\/?s={search_term_string}"},"query-input":{"@type":"PropertyValueSpecification","valueRequired":true,"valueName":"search_term_string"}}],"inLanguage":"fr-FR"},{"@type":"Organization","@id":"https:\/\/ryfi.online\/fr\/#organization","name":"Ryan Future Investments LLC","url":"https:\/\/ryfi.online\/fr\/","logo":{"@type":"ImageObject","inLanguage":"fr-FR","@id":"https:\/\/ryfi.online\/fr\/#\/schema\/logo\/image\/","url":"https:\/\/ryfi.online\/wp-content\/uploads\/2021\/03\/2-03.png","contentUrl":"https:\/\/ryfi.online\/wp-content\/uploads\/2021\/03\/2-03.png","width":1010,"height":310,"caption":"Ryan Future Investments LLC"},"image":{"@id":"https:\/\/ryfi.online\/fr\/#\/schema\/logo\/image\/"},"sameAs":["https:\/\/www.facebook.com\/ryfi.online\/"]}]},"product_brand":"Surv\u00eatement","og_availability":"instock","product_availability":"instock","product_condition":"new"},"jetpack-related-posts":[{"id":3995,"url":"https:\/\/ryfi.online\/fr\/produit\/pantalon-de-jogging-garcon-avec-imprime-mickey-mouse\/","url_meta":{"origin":3981,"position":0},"title":"Pantalon de surv\u00eatement gar\u00e7on avec imprim\u00e9 Mickey Mouse UE1161","date":"octobre 8, 2021","format":false,"excerpt":"Exp\u00e9dition rapide et s\u00fbre en 1-3 jours ouvrables","rel":"","context":"Article similaire","img":{"alt_text":" Surv\u00eatements pour gar\u00e7ons Mickey Mouse -1","src":"https:\/\/i0.wp.com\/ryfi.online\/wp-content\/uploads\/2021\/10\/ue1161.jpg?resize=350%2C200&ssl=1","width":350,"height":200},"classes":[]},{"id":3870,"url":"https:\/\/ryfi.online\/fr\/produit\/pantalon-de-jogging-unisexe-avec-minions-print\/","url_meta":{"origin":3981,"position":1},"title":"Pantalon de surv\u00eatement unisexe avec imprim\u00e9 Minions TH1211","date":"octobre 8, 2021","format":false,"excerpt":"Livraison gratuite et s\u00e9curis\u00e9e en 1 \u00e0 3 jours ouvr\u00e9s","rel":"","context":"Article similaire","img":{"alt_text":"Pantalon de surv\u00eatement","src":"https:\/\/i0.wp.com\/ryfi.online\/wp-content\/uploads\/2021\/10\/th1211.jpg?resize=350%2C200&ssl=1","width":350,"height":200},"classes":[]},{"id":4023,"url":"https:\/\/ryfi.online\/fr\/produit\/disney-congele-2-anna-elsa-personnages-survetement-pantalon\/","url_meta":{"origin":3981,"position":2},"title":"Disney La Reine des Neiges 2 Personnages Anna et Elsa Pantalon de surv\u00eatement TH1076","date":"octobre 8, 2021","format":false,"excerpt":"Exp\u00e9dition rapide et s\u00fbre en 1-3 jours ouvrables","rel":"","context":"Article similaire","img":{"alt_text":" Surv\u00eatements pour filles Anna&amp;Elsa -1","src":"https:\/\/i0.wp.com\/ryfi.online\/wp-content\/uploads\/2021\/10\/th1076.jpg?resize=350%2C200&ssl=1","width":350,"height":200},"classes":[]},{"id":9579,"url":"https:\/\/ryfi.online\/fr\/produit\/spiderman-t-shirt-et-pantalon-enfant\/","url_meta":{"origin":3981,"position":3},"title":"Ensemble t-shirt et pantalon Spiderman pour enfants UE1109","date":"avril 19, 2022","format":false,"excerpt":"Exp\u00e9dition rapide et s\u00fbre en 1-3 jours ouvrables","rel":"","context":"Article similaire","img":{"alt_text":"Ensemble Spiderman","src":"https:\/\/i0.wp.com\/ryfi.online\/wp-content\/uploads\/2022\/04\/img_142084_b9dd3931f3ae76581b7aae01014ee611_20.jpg?resize=350%2C200&ssl=1","width":350,"height":200},"classes":[]},{"id":4052,"url":"https:\/\/ryfi.online\/fr\/produit\/pantalon-de-survetement-star-wars\/","url_meta":{"origin":3981,"position":4},"title":"Pantalon de surv\u00eatement Star Wars APH1544","date":"octobre 8, 2021","format":false,"excerpt":"Exp\u00e9dition rapide et s\u00fbre en 1-3 jours ouvrables","rel":"","context":"Article similaire","img":{"alt_text":"Surv\u00eatements pour enfants Star Wars -1","src":"https:\/\/i0.wp.com\/ryfi.online\/wp-content\/uploads\/2021\/10\/aph1544.jpg?resize=350%2C200&ssl=1","width":350,"height":200},"classes":[]},{"id":9592,"url":"https:\/\/ryfi.online\/fr\/produit\/set-cars-enfants-t-shirt-et-pantalon-copy\/","url_meta":{"origin":3981,"position":5},"title":"Ensemble t-shirt et pantalon enfant Cars ET1081","date":"avril 21, 2022","format":false,"excerpt":"Exp\u00e9dition rapide et s\u00fbre en 1-3 jours ouvrables","rel":"","context":"Article similaire","img":{"alt_text":"Conjunto camiseta pantalones Cars","src":"https:\/\/i0.wp.com\/ryfi.online\/wp-content\/uploads\/2022\/04\/et1081.jpg?resize=350%2C200&ssl=1","width":350,"height":200},"classes":[]}],"_links":{"self":[{"href":"https:\/\/ryfi.online\/fr\/wp-json\/wp\/v2\/product\/3981","targetHints":{"allow":["GET"]}}],"collection":[{"href":"https:\/\/ryfi.online\/fr\/wp-json\/wp\/v2\/product"}],"about":[{"href":"https:\/\/ryfi.online\/fr\/wp-json\/wp\/v2\/types\/product"}],"replies":[{"embeddable":true,"href":"https:\/\/ryfi.online\/fr\/wp-json\/wp\/v2\/comments?post=3981"}],"wp:featuredmedia":[{"embeddable":true,"href":"https:\/\/ryfi.online\/fr\/wp-json\/wp\/v2\/media\/3990"}],"wp:attachment":[{"href":"https:\/\/ryfi.online\/fr\/wp-json\/wp\/v2\/media?parent=3981"}],"wp:term":[{"taxonomy":"product_brand","embeddable":true,"href":"https:\/\/ryfi.online\/fr\/wp-json\/wp\/v2\/product_brand?post=3981"},{"taxonomy":"product_cat","embeddable":true,"href":"https:\/\/ryfi.online\/fr\/wp-json\/wp\/v2\/product_cat?post=3981"},{"taxonomy":"product_tag","embeddable":true,"href":"https:\/\/ryfi.online\/fr\/wp-json\/wp\/v2\/product_tag?post=3981"}],"curies":[{"name":"wp","href":"https:\/\/api.w.org\/{rel}","templated":true}]}}