{"id":3829,"date":"2021-10-08T15:31:39","date_gmt":"2021-10-13T15:28:24","guid":{"rendered":"https:\/\/ryfi.online\/product\/t-shirt-a-manches-longues-spiderman\/"},"modified":"2022-05-16T17:44:53","modified_gmt":"2022-05-16T17:44:53","slug":"t-shirt-manches-longues-spiderman","status":"publish","type":"product","link":"https:\/\/ryfi.online\/fr\/produit\/t-shirt-manches-longues-spiderman\/","title":{"rendered":"T-shirt \u00e0 manches longues Spiderman HU1007"},"content":{"rendered":"<p>Comme cadeau d&#8217;anniversaire, \u00e0 P\u00e2ques ou juste comme \u00e7a. Avec ce magnifique t-shirt Spiderman, vous ne pouvez pas vous tromper ! La finition est excellente et les couleurs tr\u00e8s fortes. Lavable en machine \u00e0 30\u00b0C, pour une longue dur\u00e9e de vie, mais le lavage \u00e0 la main est recommand\u00e9. Avec ce t-shirt, les yeux des enfants commencent \u00e0 rayonner !<\/p>\n<ul class=\"a-unordered-list a-vertical a-spacing-mini\">\n<li><span class=\"a-list-item\">Haut \u00e0 manches longues Spiderman pour gar\u00e7on<br \/>\n<\/span><\/li>\n<li><span class=\"a-list-item\">Ces t-shirts Marvel sont dot\u00e9s de manches longues et de l&#8217;embl\u00e9matique araign\u00e9e de Spider-Man&nbsp;!<\/span><\/li>\n<li><span class=\"a-list-item\">100% Coton<\/span><\/li>\n<li><span class=\"a-list-item\">Manches longues<\/span><\/li>\n<li><span class=\"a-list-item\">Le compl\u00e9ment id\u00e9al \u00e0 la garde-robe de tout petit Spider-Man.<\/span><\/li>\n<li>\u00c2ge 3 ans, 4 ans, 6 ans et 8 ans<\/li>\n<\/ul>\n","protected":false},"excerpt":{"rendered":"<div class=\"woocommerce-product-details__short-description\">\n<div class=\"woocommerce-product-details__short-description\">\n<div class=\"woocommerce-product-details__short-description\">\n<p>Livraison gratuite en 1-3 jours ouvrables<\/p>\n<\/div>\n<\/div>\n<\/div>\n","protected":false},"featured_media":3850,"comment_status":"open","ping_status":"closed","template":"","meta":[],"product_brand":[],"product_cat":[209],"product_tag":[],"class_list":{"0":"post-3829","1":"product","2":"type-product","3":"status-publish","4":"has-post-thumbnail","6":"product_cat-t-shirt-pour-garcons","8":"first","9":"instock","10":"featured","11":"taxable","12":"shipping-taxable","13":"purchasable","14":"product-type-variable"},"yoast_head":"<!-- This site is optimized with the Yoast SEO Premium plugin v17.1.2 (Yoast SEO v27.5) - https:\/\/yoast.com\/product\/yoast-seo-premium-wordpress\/ -->\n<title>Acheter un t-shirt \u00e0 manches longues Spiderman en ligne en Espagne - Ryfi Online Store<\/title>\n<meta name=\"description\" content=\"Achetez un t-shirt \u00e0 manches longues Spiderman en ligne en Espagne avec 100% coton dans la boutique en ligne Ryfi. Notre large s\u00e9lection est \u00e9ligible \u00e0 la livraison gratuite.\" \/>\n<meta name=\"robots\" content=\"index, follow, max-snippet:-1, max-image-preview:large, max-video-preview:-1\" \/>\n<link rel=\"canonical\" href=\"https:\/\/ryfi.online\/fr\/produit\/t-shirt-manches-longues-spiderman\/\" \/>\n<meta property=\"og:locale\" content=\"fr_FR\" \/>\n<meta property=\"og:type\" content=\"article\" \/>\n<meta property=\"og:title\" content=\"T-shirt \u00e0 manches longues Spiderman HU1007\" \/>\n<meta property=\"og:description\" content=\"Achetez un t-shirt \u00e0 manches longues Spiderman en ligne en Espagne avec 100% coton dans la boutique en ligne Ryfi. Notre large s\u00e9lection est \u00e9ligible \u00e0 la livraison gratuite.\" \/>\n<meta property=\"og:url\" content=\"https:\/\/ryfi.online\/fr\/produit\/t-shirt-manches-longues-spiderman\/\" \/>\n<meta property=\"og:site_name\" content=\"Ryfi Online Store\" \/>\n<meta property=\"article:publisher\" content=\"https:\/\/www.facebook.com\/ryfi.online\/\" \/>\n<meta property=\"article:modified_time\" content=\"2022-05-16T17:44:53+00:00\" \/>\n<meta property=\"og:image\" content=\"https:\/\/ryfi.online\/wp-content\/uploads\/2021\/10\/hu1007.jpg\" \/>\n\t<meta property=\"og:image:width\" content=\"800\" \/>\n\t<meta property=\"og:image:height\" content=\"565\" \/>\n\t<meta property=\"og:image:type\" content=\"image\/jpeg\" \/>\n<meta name=\"twitter:card\" content=\"summary_large_image\" \/>\n<meta name=\"twitter:label1\" content=\"Availability\" \/>\n\t<meta name=\"twitter:data1\" content=\"In stock\" \/>\n<meta property=\"product:brand\" content=\"T-shirt pour gar\u00e7ons\" \/>\n<meta property=\"og:availability\" content=\"instock\" \/>\n<meta property=\"product:availability\" content=\"instock\" \/>\n<meta property=\"product:condition\" content=\"new\" \/>\n<!-- \/ Yoast SEO Premium plugin. -->","yoast_head_json":{"title":"Acheter un t-shirt \u00e0 manches longues Spiderman en ligne en Espagne - Ryfi Online Store","description":"Achetez un t-shirt \u00e0 manches longues Spiderman en ligne en Espagne avec 100% coton dans la boutique en ligne Ryfi. Notre large s\u00e9lection est \u00e9ligible \u00e0 la livraison gratuite.","robots":{"index":"index","follow":"follow","max-snippet":"max-snippet:-1","max-image-preview":"max-image-preview:large","max-video-preview":"max-video-preview:-1"},"canonical":"https:\/\/ryfi.online\/fr\/produit\/t-shirt-manches-longues-spiderman\/","og_locale":"fr_FR","og_type":"article","og_title":"T-shirt \u00e0 manches longues Spiderman HU1007","og_description":"Achetez un t-shirt \u00e0 manches longues Spiderman en ligne en Espagne avec 100% coton dans la boutique en ligne Ryfi. Notre large s\u00e9lection est \u00e9ligible \u00e0 la livraison gratuite.","og_url":"https:\/\/ryfi.online\/fr\/produit\/t-shirt-manches-longues-spiderman\/","og_site_name":"Ryfi Online Store","article_publisher":"https:\/\/www.facebook.com\/ryfi.online\/","article_modified_time":"2022-05-16T17:44:53+00:00","og_image":[{"width":800,"height":565,"url":"https:\/\/ryfi.online\/wp-content\/uploads\/2021\/10\/hu1007.jpg","type":"image\/jpeg"}],"twitter_card":"summary_large_image","twitter_misc":{"Availability":"In stock"},"schema":{"@context":"https:\/\/schema.org","@graph":[{"@type":"WebPage","@id":"https:\/\/ryfi.online\/fr\/produit\/t-shirt-manches-longues-spiderman\/","url":"https:\/\/ryfi.online\/fr\/produit\/t-shirt-manches-longues-spiderman\/","name":"Acheter un t-shirt \u00e0 manches longues Spiderman en ligne en Espagne - Ryfi Online Store","isPartOf":{"@id":"https:\/\/ryfi.online\/fr\/#website"},"primaryImageOfPage":{"@id":"https:\/\/ryfi.online\/fr\/produit\/t-shirt-manches-longues-spiderman\/#primaryimage"},"image":{"@id":"https:\/\/ryfi.online\/fr\/produit\/t-shirt-manches-longues-spiderman\/#primaryimage"},"thumbnailUrl":"https:\/\/ryfi.online\/wp-content\/uploads\/2021\/10\/hu1007.jpg","datePublished":"2021-10-13T15:28:24+00:00","dateModified":"2022-05-16T17:44:53+00:00","description":"Achetez un t-shirt \u00e0 manches longues Spiderman en ligne en Espagne avec 100% coton dans la boutique en ligne Ryfi. Notre large s\u00e9lection est \u00e9ligible \u00e0 la livraison gratuite.","breadcrumb":{"@id":"https:\/\/ryfi.online\/fr\/produit\/t-shirt-manches-longues-spiderman\/#breadcrumb"},"inLanguage":"fr-FR","potentialAction":[{"@type":"ReadAction","target":["https:\/\/ryfi.online\/fr\/produit\/t-shirt-manches-longues-spiderman\/"]}]},{"@type":"ImageObject","inLanguage":"fr-FR","@id":"https:\/\/ryfi.online\/fr\/produit\/t-shirt-manches-longues-spiderman\/#primaryimage","url":"https:\/\/ryfi.online\/wp-content\/uploads\/2021\/10\/hu1007.jpg","contentUrl":"https:\/\/ryfi.online\/wp-content\/uploads\/2021\/10\/hu1007.jpg","width":800,"height":565,"caption":"T-shirt enfant Spiderman - 1"},{"@type":"BreadcrumbList","@id":"https:\/\/ryfi.online\/fr\/produit\/t-shirt-manches-longues-spiderman\/#breadcrumb","itemListElement":[{"@type":"ListItem","position":1,"name":"Home","item":"https:\/\/ryfi.online\/fr\/"},{"@type":"ListItem","position":2,"name":"Free and Fast Shipping whitin 1-3 Days!!!","item":"https:\/\/ryfi.online\/shop\/"},{"@type":"ListItem","position":3,"name":"T-shirt \u00e0 manches longues Spiderman HU1007"}]},{"@type":"WebSite","@id":"https:\/\/ryfi.online\/fr\/#website","url":"https:\/\/ryfi.online\/fr\/","name":"Ryfi Online Store","description":"Online Store","publisher":{"@id":"https:\/\/ryfi.online\/fr\/#organization"},"potentialAction":[{"@type":"SearchAction","target":{"@type":"EntryPoint","urlTemplate":"https:\/\/ryfi.online\/fr\/?s={search_term_string}"},"query-input":{"@type":"PropertyValueSpecification","valueRequired":true,"valueName":"search_term_string"}}],"inLanguage":"fr-FR"},{"@type":"Organization","@id":"https:\/\/ryfi.online\/fr\/#organization","name":"Ryan Future Investments LLC","url":"https:\/\/ryfi.online\/fr\/","logo":{"@type":"ImageObject","inLanguage":"fr-FR","@id":"https:\/\/ryfi.online\/fr\/#\/schema\/logo\/image\/","url":"https:\/\/ryfi.online\/wp-content\/uploads\/2021\/03\/2-03.png","contentUrl":"https:\/\/ryfi.online\/wp-content\/uploads\/2021\/03\/2-03.png","width":1010,"height":310,"caption":"Ryan Future Investments LLC"},"image":{"@id":"https:\/\/ryfi.online\/fr\/#\/schema\/logo\/image\/"},"sameAs":["https:\/\/www.facebook.com\/ryfi.online\/"]}]},"product_brand":"T-shirt pour gar\u00e7ons","og_availability":"instock","product_availability":"instock","product_condition":"new"},"jetpack-related-posts":[{"id":7171,"url":"https:\/\/ryfi.online\/fr\/produit\/t-shirt-avengers-enfants-manches-longues\/","url_meta":{"origin":3829,"position":0},"title":"T-shirt \u00e0 manches longues pour enfants Avengers HU1296","date":"octobre 31, 2021","format":false,"excerpt":"Exp\u00e9dition rapide et s\u00fbre en 1-3 jours ouvrables","rel":"","context":"Article similaire","img":{"alt_text":"Camiseta para ninos Avengers -1","src":"https:\/\/i0.wp.com\/ryfi.online\/wp-content\/uploads\/2021\/10\/hu1296_bl.jpg?resize=350%2C200&ssl=1","width":350,"height":200},"classes":[]},{"id":3267,"url":"https:\/\/ryfi.online\/fr\/produit\/t-shirt-manches-longues-filles-congelees\/","url_meta":{"origin":3829,"position":1},"title":"T-shirt \u00e0 manches longues pour filles Frozen HU1095","date":"octobre 8, 2021","format":false,"excerpt":"Exp\u00e9dition rapide et s\u00fbre en 1-3 jours ouvrables","rel":"","context":"Article similaire","img":{"alt_text":"Camiseta para ninas Frozen -1","src":"https:\/\/i0.wp.com\/ryfi.online\/wp-content\/uploads\/2021\/10\/hu1095.jpg?resize=350%2C200&ssl=1","width":350,"height":200},"classes":[]},{"id":3225,"url":"https:\/\/ryfi.online\/fr\/produit\/t-shirt-manches-longues-fille-coccinelle\/","url_meta":{"origin":3829,"position":2},"title":"T-shirt manches longues fille coccinelle HU1097","date":"octobre 8, 2021","format":false,"excerpt":"Exp\u00e9dition rapide et s\u00fbre en 1-3 jours ouvrables","rel":"","context":"Article similaire","img":{"alt_text":"Camiseta para ninas Lady Bug -1","src":"https:\/\/i0.wp.com\/ryfi.online\/wp-content\/uploads\/2021\/10\/hu1097.jpg?resize=350%2C200&ssl=1","width":350,"height":200},"classes":[]},{"id":3169,"url":"https:\/\/ryfi.online\/fr\/produit\/t-shirt-paw-patrol-garcons-manches-longues\/","url_meta":{"origin":3829,"position":3},"title":"Pat&#8217; Patrouille &#8211; T-shirt \u00e0 manches longues pour gar\u00e7on HU1023","date":"octobre 8, 2021","format":false,"excerpt":"Exp\u00e9dition rapide et s\u00fbre en 1-3 jours ouvrables","rel":"","context":"Article similaire","img":{"alt_text":"Camiseta para ninos Paw Patrol -1","src":"https:\/\/i0.wp.com\/ryfi.online\/wp-content\/uploads\/2021\/10\/hu1023.jpg?resize=350%2C200&ssl=1","width":350,"height":200},"classes":[]},{"id":7157,"url":"https:\/\/ryfi.online\/fr\/produit\/tee-shirt-cars-ninos-manches-longues\/","url_meta":{"origin":3829,"position":4},"title":"T-shirt \u00e0 manches longues pour enfants Cars HU1320","date":"octobre 31, 2021","format":false,"excerpt":"Exp\u00e9dition rapide et s\u00fbre en 1-3 jours ouvrables","rel":"","context":"Article similaire","img":{"alt_text":"Camiseta para ninos Cars -1","src":"https:\/\/i0.wp.com\/ryfi.online\/wp-content\/uploads\/2021\/10\/hu1320_bl.jpg?resize=350%2C200&ssl=1","width":350,"height":200},"classes":[]},{"id":9517,"url":"https:\/\/ryfi.online\/fr\/produit\/t-shirt-manches-courtes-frozen-ev1017\/","url_meta":{"origin":3829,"position":5},"title":"T-shirt \u00e0 manches courtes Frozen pour filles EV1017","date":"avril 29, 2022","format":false,"excerpt":"Exp\u00e9dition rapide et s\u00fbre en 1-3 jours ouvrables","rel":"","context":"Article similaire","img":{"alt_text":"","src":"https:\/\/i0.wp.com\/ryfi.online\/wp-content\/uploads\/2022\/04\/ev1017.jpg?resize=350%2C200&ssl=1","width":350,"height":200},"classes":[]}],"_links":{"self":[{"href":"https:\/\/ryfi.online\/fr\/wp-json\/wp\/v2\/product\/3829","targetHints":{"allow":["GET"]}}],"collection":[{"href":"https:\/\/ryfi.online\/fr\/wp-json\/wp\/v2\/product"}],"about":[{"href":"https:\/\/ryfi.online\/fr\/wp-json\/wp\/v2\/types\/product"}],"replies":[{"embeddable":true,"href":"https:\/\/ryfi.online\/fr\/wp-json\/wp\/v2\/comments?post=3829"}],"wp:featuredmedia":[{"embeddable":true,"href":"https:\/\/ryfi.online\/fr\/wp-json\/wp\/v2\/media\/3850"}],"wp:attachment":[{"href":"https:\/\/ryfi.online\/fr\/wp-json\/wp\/v2\/media?parent=3829"}],"wp:term":[{"taxonomy":"product_brand","embeddable":true,"href":"https:\/\/ryfi.online\/fr\/wp-json\/wp\/v2\/product_brand?post=3829"},{"taxonomy":"product_cat","embeddable":true,"href":"https:\/\/ryfi.online\/fr\/wp-json\/wp\/v2\/product_cat?post=3829"},{"taxonomy":"product_tag","embeddable":true,"href":"https:\/\/ryfi.online\/fr\/wp-json\/wp\/v2\/product_tag?post=3829"}],"curies":[{"name":"wp","href":"https:\/\/api.w.org\/{rel}","templated":true}]}}