{"id":3765,"date":"2021-10-08T15:43:45","date_gmt":"2021-10-13T15:28:16","guid":{"rendered":"https:\/\/ryfi.online\/product\/pyjama-long-corail-avengers\/"},"modified":"2022-05-16T17:50:22","modified_gmt":"2022-05-16T17:50:22","slug":"pyjama-long-coralina-avengers","status":"publish","type":"product","link":"https:\/\/ryfi.online\/fr\/produit\/pyjama-long-coralina-avengers\/","title":{"rendered":"Coraline Avengers Pyjama Long HU7382"},"content":{"rendered":"<p>Comme cadeau d&#8217;anniversaire, \u00e0 P\u00e2ques ou juste comme \u00e7a. Avec le magnifique pyjama Avengers, vous ne pouvez pas vous tromper ! La finition est excellente et les couleurs tr\u00e8s fortes. Avec ce magnifique pyjama, les enfants se reposeront bien ! Lavable en machine \u00e0 30\u00b0C, pour une longue dur\u00e9e de vie, mais le lavage \u00e0 la main est recommand\u00e9. Avec cet ensemble, les yeux des enfants commencent \u00e0 rayonner !<\/p>\n<ul class=\"a-unordered-list a-vertical a-spacing-mini\">\n<li><span class=\"a-list-item\">Pyjama Avengers Gar\u00e7ons<\/span><\/li>\n<li><span class=\"a-list-item\">100% Coton<\/span><\/li>\n<li><span class=\"a-list-item\">C&#8217;est parfait pour les fans d&#8217;Avengers<\/span><\/li>\n<li><span class=\"a-list-item\">Marchandise Avengers sous licence officielle con\u00e7ue exclusivement<\/span><\/li>\n<li>\u00c2ge 3 ans, 4 ans, 5 ans, 6 ans, 7 ans et 8 ans<\/li>\n<\/ul>\n","protected":false},"excerpt":{"rendered":"<div class=\"woocommerce-product-details__short-description\">\n<div class=\"woocommerce-product-details__short-description\">\n<div class=\"woocommerce-product-details__short-description\">\n<div class=\"woocommerce-product-details__short-description\">\n<div class=\"woocommerce-product-details__short-description\">\n<p>Exp\u00e9dition rapide et s\u00fbre en 1-3 jours ouvrables<\/p>\n<\/div>\n<\/div>\n<\/div>\n<\/div>\n<\/div>\n","protected":false},"featured_media":3794,"comment_status":"open","ping_status":"closed","template":"","meta":[],"product_brand":[],"product_cat":[220],"product_tag":[],"class_list":{"0":"post-3765","1":"product","2":"type-product","3":"status-publish","4":"has-post-thumbnail","6":"product_cat-pyjama-polaire","8":"first","9":"instock","10":"featured","11":"taxable","12":"shipping-taxable","13":"purchasable","14":"product-type-variable"},"yoast_head":"<!-- This site is optimized with the Yoast SEO Premium plugin v17.1.2 (Yoast SEO v27.4) - https:\/\/yoast.com\/product\/yoast-seo-premium-wordpress\/ -->\n<title>Acheter en ligne un pyjama long Coralina Avengers - Ryfi Online Store<\/title>\n<meta name=\"description\" content=\"Achetez le pyjama long Avengers Coralina Marvel pour enfants dans la boutique en ligne de Ryfi. Avec livraison gratuite en 1-3 jours et retour ou \u00e9change gratuit.\" \/>\n<meta name=\"robots\" content=\"index, follow, max-snippet:-1, max-image-preview:large, max-video-preview:-1\" \/>\n<link rel=\"canonical\" href=\"https:\/\/ryfi.online\/fr\/produit\/pyjama-long-coralina-avengers\/\" \/>\n<meta property=\"og:locale\" content=\"fr_FR\" \/>\n<meta property=\"og:type\" content=\"article\" \/>\n<meta property=\"og:title\" content=\"Coraline Avengers Pyjama Long HU7382\" \/>\n<meta property=\"og:description\" content=\"Achetez le pyjama long Avengers Coralina Marvel pour enfants dans la boutique en ligne de Ryfi. Avec livraison gratuite en 1-3 jours et retour ou \u00e9change gratuit.\" \/>\n<meta property=\"og:url\" content=\"https:\/\/ryfi.online\/fr\/produit\/pyjama-long-coralina-avengers\/\" \/>\n<meta property=\"og:site_name\" content=\"Ryfi Online Store\" \/>\n<meta property=\"article:publisher\" content=\"https:\/\/www.facebook.com\/ryfi.online\/\" \/>\n<meta property=\"article:modified_time\" content=\"2022-05-16T17:50:22+00:00\" \/>\n<meta property=\"og:image\" content=\"https:\/\/ryfi.online\/wp-content\/uploads\/2021\/10\/hu7382.i00.b.jpg\" \/>\n\t<meta property=\"og:image:width\" content=\"565\" \/>\n\t<meta property=\"og:image:height\" content=\"800\" \/>\n\t<meta property=\"og:image:type\" content=\"image\/jpeg\" \/>\n<meta name=\"twitter:card\" content=\"summary_large_image\" \/>\n<meta name=\"twitter:label1\" content=\"Availability\" \/>\n\t<meta name=\"twitter:data1\" content=\"In stock\" \/>\n<meta property=\"product:brand\" content=\"Pyjama polaire\" \/>\n<meta property=\"og:availability\" content=\"instock\" \/>\n<meta property=\"product:availability\" content=\"instock\" \/>\n<meta property=\"product:condition\" content=\"new\" \/>\n<!-- \/ Yoast SEO Premium plugin. -->","yoast_head_json":{"title":"Acheter en ligne un pyjama long Coralina Avengers - Ryfi Online Store","description":"Achetez le pyjama long Avengers Coralina Marvel pour enfants dans la boutique en ligne de Ryfi. Avec livraison gratuite en 1-3 jours et retour ou \u00e9change gratuit.","robots":{"index":"index","follow":"follow","max-snippet":"max-snippet:-1","max-image-preview":"max-image-preview:large","max-video-preview":"max-video-preview:-1"},"canonical":"https:\/\/ryfi.online\/fr\/produit\/pyjama-long-coralina-avengers\/","og_locale":"fr_FR","og_type":"article","og_title":"Coraline Avengers Pyjama Long HU7382","og_description":"Achetez le pyjama long Avengers Coralina Marvel pour enfants dans la boutique en ligne de Ryfi. Avec livraison gratuite en 1-3 jours et retour ou \u00e9change gratuit.","og_url":"https:\/\/ryfi.online\/fr\/produit\/pyjama-long-coralina-avengers\/","og_site_name":"Ryfi Online Store","article_publisher":"https:\/\/www.facebook.com\/ryfi.online\/","article_modified_time":"2022-05-16T17:50:22+00:00","og_image":[{"width":565,"height":800,"url":"https:\/\/ryfi.online\/wp-content\/uploads\/2021\/10\/hu7382.i00.b.jpg","type":"image\/jpeg"}],"twitter_card":"summary_large_image","twitter_misc":{"Availability":"In stock"},"schema":{"@context":"https:\/\/schema.org","@graph":[{"@type":"WebPage","@id":"https:\/\/ryfi.online\/fr\/produit\/pyjama-long-coralina-avengers\/","url":"https:\/\/ryfi.online\/fr\/produit\/pyjama-long-coralina-avengers\/","name":"Acheter en ligne un pyjama long Coralina Avengers - Ryfi Online Store","isPartOf":{"@id":"https:\/\/ryfi.online\/fr\/#website"},"primaryImageOfPage":{"@id":"https:\/\/ryfi.online\/fr\/produit\/pyjama-long-coralina-avengers\/#primaryimage"},"image":{"@id":"https:\/\/ryfi.online\/fr\/produit\/pyjama-long-coralina-avengers\/#primaryimage"},"thumbnailUrl":"https:\/\/ryfi.online\/wp-content\/uploads\/2021\/10\/hu7382.i00.b.jpg","datePublished":"2021-10-13T15:28:16+00:00","dateModified":"2022-05-16T17:50:22+00:00","description":"Achetez le pyjama long Avengers Coralina Marvel pour enfants dans la boutique en ligne de Ryfi. Avec livraison gratuite en 1-3 jours et retour ou \u00e9change gratuit.","breadcrumb":{"@id":"https:\/\/ryfi.online\/fr\/produit\/pyjama-long-coralina-avengers\/#breadcrumb"},"inLanguage":"fr-FR","potentialAction":[{"@type":"ReadAction","target":["https:\/\/ryfi.online\/fr\/produit\/pyjama-long-coralina-avengers\/"]}]},{"@type":"ImageObject","inLanguage":"fr-FR","@id":"https:\/\/ryfi.online\/fr\/produit\/pyjama-long-coralina-avengers\/#primaryimage","url":"https:\/\/ryfi.online\/wp-content\/uploads\/2021\/10\/hu7382.i00.b.jpg","contentUrl":"https:\/\/ryfi.online\/wp-content\/uploads\/2021\/10\/hu7382.i00.b.jpg","width":565,"height":800},{"@type":"BreadcrumbList","@id":"https:\/\/ryfi.online\/fr\/produit\/pyjama-long-coralina-avengers\/#breadcrumb","itemListElement":[{"@type":"ListItem","position":1,"name":"Home","item":"https:\/\/ryfi.online\/fr\/"},{"@type":"ListItem","position":2,"name":"Free and Fast Shipping whitin 1-3 Days!!!","item":"https:\/\/ryfi.online\/shop\/"},{"@type":"ListItem","position":3,"name":"Coraline Avengers Pyjama Long HU7382"}]},{"@type":"WebSite","@id":"https:\/\/ryfi.online\/fr\/#website","url":"https:\/\/ryfi.online\/fr\/","name":"Ryfi Online Store","description":"Online Store","publisher":{"@id":"https:\/\/ryfi.online\/fr\/#organization"},"potentialAction":[{"@type":"SearchAction","target":{"@type":"EntryPoint","urlTemplate":"https:\/\/ryfi.online\/fr\/?s={search_term_string}"},"query-input":{"@type":"PropertyValueSpecification","valueRequired":true,"valueName":"search_term_string"}}],"inLanguage":"fr-FR"},{"@type":"Organization","@id":"https:\/\/ryfi.online\/fr\/#organization","name":"Ryan Future Investments LLC","url":"https:\/\/ryfi.online\/fr\/","logo":{"@type":"ImageObject","inLanguage":"fr-FR","@id":"https:\/\/ryfi.online\/fr\/#\/schema\/logo\/image\/","url":"https:\/\/ryfi.online\/wp-content\/uploads\/2021\/03\/2-03.png","contentUrl":"https:\/\/ryfi.online\/wp-content\/uploads\/2021\/03\/2-03.png","width":1010,"height":310,"caption":"Ryan Future Investments LLC"},"image":{"@id":"https:\/\/ryfi.online\/fr\/#\/schema\/logo\/image\/"},"sameAs":["https:\/\/www.facebook.com\/ryfi.online\/"]}]},"product_brand":"Pyjama polaire","og_availability":"instock","product_availability":"instock","product_condition":"new"},"jetpack-related-posts":[{"id":13080,"url":"https:\/\/ryfi.online\/fr\/produit\/paw-patrol-10-chase-plush-toy-standing-plush-with-stitched-detailing-for-ages-3-and-up-2\/","url_meta":{"origin":3765,"position":0},"title":"Paw Patrol &#8211; Jouet en peluche Chase 10&#8243;, peluche debout avec d\u00e9tails cousus, pour les 3 ans et plus","date":"mai 4, 2021","format":false,"excerpt":"Les petits fans de PAW Patrol peuvent se blottir et r\u00eaver d'aventure avec leur chiot pr\u00e9f\u00e9r\u00e9, Chase ! Ce chiot en peluche de 10 pouces se tient debout tout seul, pr\u00eat \u00e0 l'action ! Chase porte son uniforme caract\u00e9ristique de la Patrouille des papillons, avec son bonnet douillet et son\u2026","rel":"","context":"Article similaire","img":{"alt_text":"","src":"https:\/\/i0.wp.com\/ryfi.online\/wp-content\/uploads\/2021\/05\/81c46n9nwAL._AC_SL1500_.jpg?resize=350%2C200&ssl=1","width":350,"height":200},"classes":[]},{"id":13081,"url":"https:\/\/ryfi.online\/fr\/produit\/paw-patrol-5-plush-ball-plush-pour-ages-1-et-plus\/","url_meta":{"origin":3765,"position":1},"title":"Paw Patrol &#8211; 5&#8243; Plush Ball, Peluche pour les 1 ans et plus","date":"mai 4, 2021","format":false,"excerpt":"DIMENSIONS : Chaque boule mesure environ 5 \u00e0 6 pouces de diam\u00e8tre. Les balles l\u00e9g\u00e8res, souples et compressibles sont \u00e9tonnamment durables et amusantes \u00e0 lancer. ENSEMBLE CADEAU : Id\u00e9al pour les enfants de 1 an et plus. Id\u00e9al pour jouer \u00e0 l'int\u00e9rieur et \u00e0 l'ext\u00e9rieur ! FUN & SAFE :\u2026","rel":"","context":"Article similaire","img":{"alt_text":"","src":"https:\/\/i0.wp.com\/ryfi.online\/wp-content\/uploads\/2021\/05\/20210504_1503061-scaled.jpg?resize=350%2C200&ssl=1","width":350,"height":200},"classes":[]},{"id":2932,"url":"https:\/\/ryfi.online\/es\/producto\/pijama-largo-coralina-avengers\/","url_meta":{"origin":3765,"position":2},"title":"Pijama Largo Coralina Avengers HU7382","date":"octobre 8, 2021","format":false,"excerpt":"Env\u00edo gratuito y r\u00e1pido en 1-3 d\u00edas.","rel":"","context":"Article similaire","img":{"alt_text":"","src":"https:\/\/i0.wp.com\/ryfi.online\/wp-content\/uploads\/2021\/10\/hu7382.i00.b.jpg?resize=350%2C200&ssl=1","width":350,"height":200},"classes":[]},{"id":2454,"url":"https:\/\/ryfi.online\/es\/producto\/botella-sport-easy-420-ml-avengers-rolling-thunder\/","url_meta":{"origin":3765,"position":3},"title":"BOTELLA SPORT EASY 420 ML AVENGERS ROLLING THUNDER","date":"septembre 3, 2021","format":false,"excerpt":"Envio Gratis 1-3 dias laborales Devolucion Gratuito","rel":"","context":"Article similaire","img":{"alt_text":"BOTELLA SPORT EASY 420 ML AVENGERS ROLLING THUNDER","src":"https:\/\/i0.wp.com\/ryfi.online\/wp-content\/uploads\/2021\/09\/57731_A.jpg?resize=350%2C200&ssl=1","width":350,"height":200},"classes":[]},{"id":8688,"url":"https:\/\/ryfi.online\/es\/producto\/conjunto-avengers-ev1061\/","url_meta":{"origin":3765,"position":4},"title":"Conjunto Avengers para ni\u00f1os EV1061","date":"avril 30, 2022","format":false,"excerpt":"Env\u00edo rapido y seguro en 1-3 dias laborales","rel":"","context":"Article similaire","img":{"alt_text":"","src":"https:\/\/i0.wp.com\/ryfi.online\/wp-content\/uploads\/2022\/04\/ev1061.jpg?resize=350%2C200&ssl=1","width":350,"height":200},"classes":[]},{"id":6486,"url":"https:\/\/ryfi.online\/es\/producto\/avengers-ninos-camiseta-de-manga-larga\/","url_meta":{"origin":3765,"position":5},"title":"Avengers Ni\u00f1os Camiseta de Manga Larga HU1296","date":"octobre 31, 2021","format":false,"excerpt":"Env\u00edo rapido y seguro en 1-3 dias laborales","rel":"","context":"Article similaire","img":{"alt_text":"","src":"https:\/\/i0.wp.com\/ryfi.online\/wp-content\/uploads\/2021\/10\/hu1296_bl.jpg?resize=350%2C200&ssl=1","width":350,"height":200},"classes":[]}],"_links":{"self":[{"href":"https:\/\/ryfi.online\/fr\/wp-json\/wp\/v2\/product\/3765","targetHints":{"allow":["GET"]}}],"collection":[{"href":"https:\/\/ryfi.online\/fr\/wp-json\/wp\/v2\/product"}],"about":[{"href":"https:\/\/ryfi.online\/fr\/wp-json\/wp\/v2\/types\/product"}],"replies":[{"embeddable":true,"href":"https:\/\/ryfi.online\/fr\/wp-json\/wp\/v2\/comments?post=3765"}],"wp:featuredmedia":[{"embeddable":true,"href":"https:\/\/ryfi.online\/fr\/wp-json\/wp\/v2\/media\/3794"}],"wp:attachment":[{"href":"https:\/\/ryfi.online\/fr\/wp-json\/wp\/v2\/media?parent=3765"}],"wp:term":[{"taxonomy":"product_brand","embeddable":true,"href":"https:\/\/ryfi.online\/fr\/wp-json\/wp\/v2\/product_brand?post=3765"},{"taxonomy":"product_cat","embeddable":true,"href":"https:\/\/ryfi.online\/fr\/wp-json\/wp\/v2\/product_cat?post=3765"},{"taxonomy":"product_tag","embeddable":true,"href":"https:\/\/ryfi.online\/fr\/wp-json\/wp\/v2\/product_tag?post=3765"}],"curies":[{"name":"wp","href":"https:\/\/api.w.org\/{rel}","templated":true}]}}