{"id":3735,"date":"2021-10-08T15:49:07","date_gmt":"2021-10-13T15:28:12","guid":{"rendered":"https:\/\/ryfi.online\/product\/peignoir-minions-pour-enfants\/"},"modified":"2023-02-03T12:03:25","modified_gmt":"2023-02-03T12:03:25","slug":"peignoir-minions-pour-enfants","status":"publish","type":"product","link":"https:\/\/ryfi.online\/fr\/produit\/peignoir-minions-pour-enfants\/","title":{"rendered":"Robe de chambre Minions enfant HU2043"},"content":{"rendered":"<p>Comme cadeau d&#8217;anniversaire, \u00e0 P\u00e2ques ou juste comme \u00e7a. Avec cette magnifique robe Minions, vous ne pouvez pas vous tromper ! La finition est excellente et les couleurs tr\u00e8s fortes. Lavable en machine \u00e0 30\u00b0C, pour une longue dur\u00e9e de vie, mais le lavage \u00e0 la main est recommand\u00e9. Avec ce t-shirt, les yeux des enfants commencent \u00e0 rayonner !<\/p>\n<ul class=\"a-unordered-list a-vertical a-spacing-mini\">\n<li><span class=\"a-list-item\">Peignoir enfants Minions pour gar\u00e7on<br \/>\n<\/span><\/li>\n<li><span class=\"a-list-item\">100% Coton<\/span><\/li>\n<li><span class=\"a-list-item\">Pour un amoureux des Minions<\/span><\/li>\n<li><span class=\"a-list-item\">mat\u00e9riaux de qualit\u00e9<\/span><\/li>\n<li><span class=\"a-list-item\">V\u00eatements officiels des Minions<\/span><\/li>\n<li>\u00c2ge 4 ans, 6 ans, 8 ans et 10 ans<\/li>\n<\/ul>\n","protected":false},"excerpt":{"rendered":"<p>Exp\u00e9dition rapide et s\u00fbre en 1-3 jours ouvrables<\/p>\n","protected":false},"featured_media":3751,"comment_status":"open","ping_status":"closed","template":"","meta":[],"product_brand":[],"product_cat":[217],"product_tag":[],"class_list":{"0":"post-3735","1":"product","2":"type-product","3":"status-publish","4":"has-post-thumbnail","6":"product_cat-manteau","8":"first","9":"instock","10":"featured","11":"taxable","12":"shipping-taxable","13":"purchasable","14":"product-type-variable"},"yoast_head":"<!-- This site is optimized with the Yoast SEO Premium plugin v17.1.2 (Yoast SEO v27.5) - https:\/\/yoast.com\/product\/yoast-seo-premium-wordpress\/ -->\n<title>Chemise de nuit Minions pour enfants - Boutique en ligne Ryfi<\/title>\n<meta name=\"description\" content=\"Obtenez la meilleure qualit\u00e9 de robe de nuit Minions pour enfants livr\u00e9e \u00e0 votre porte et \u00e9conomisez de l&#039;argent et du temps. S\u00e9lectionnez la m\u00eame livraison 1-3 avec la livraison gratuite.\" \/>\n<meta name=\"robots\" content=\"index, follow, max-snippet:-1, max-image-preview:large, max-video-preview:-1\" \/>\n<link rel=\"canonical\" href=\"https:\/\/ryfi.online\/fr\/produit\/peignoir-minions-pour-enfants\/\" \/>\n<meta property=\"og:locale\" content=\"fr_FR\" \/>\n<meta property=\"og:type\" content=\"article\" \/>\n<meta property=\"og:title\" content=\"Robe de chambre Minions enfant HU2043\" \/>\n<meta property=\"og:description\" content=\"Obtenez la meilleure qualit\u00e9 de robe de nuit Minions pour enfants livr\u00e9e \u00e0 votre porte et \u00e9conomisez de l&#039;argent et du temps. S\u00e9lectionnez la m\u00eame livraison 1-3 avec la livraison gratuite.\" \/>\n<meta property=\"og:url\" content=\"https:\/\/ryfi.online\/fr\/produit\/peignoir-minions-pour-enfants\/\" \/>\n<meta property=\"og:site_name\" content=\"Ryfi Online Store\" \/>\n<meta property=\"article:publisher\" content=\"https:\/\/www.facebook.com\/ryfi.online\/\" \/>\n<meta property=\"article:modified_time\" content=\"2023-02-03T12:03:25+00:00\" \/>\n<meta property=\"og:image\" content=\"https:\/\/ryfi.online\/wp-content\/uploads\/2021\/10\/hu2043.jpg\" \/>\n\t<meta property=\"og:image:width\" content=\"800\" \/>\n\t<meta property=\"og:image:height\" content=\"565\" \/>\n\t<meta property=\"og:image:type\" content=\"image\/jpeg\" \/>\n<meta name=\"twitter:card\" content=\"summary_large_image\" \/>\n<meta name=\"twitter:label1\" content=\"Availability\" \/>\n\t<meta name=\"twitter:data1\" content=\"In stock\" \/>\n<meta property=\"product:brand\" content=\"Manteau\" \/>\n<meta property=\"og:availability\" content=\"instock\" \/>\n<meta property=\"product:availability\" content=\"instock\" \/>\n<meta property=\"product:condition\" content=\"new\" \/>\n<!-- \/ Yoast SEO Premium plugin. -->","yoast_head_json":{"title":"Chemise de nuit Minions pour enfants - Boutique en ligne Ryfi","description":"Obtenez la meilleure qualit\u00e9 de robe de nuit Minions pour enfants livr\u00e9e \u00e0 votre porte et \u00e9conomisez de l'argent et du temps. S\u00e9lectionnez la m\u00eame livraison 1-3 avec la livraison gratuite.","robots":{"index":"index","follow":"follow","max-snippet":"max-snippet:-1","max-image-preview":"max-image-preview:large","max-video-preview":"max-video-preview:-1"},"canonical":"https:\/\/ryfi.online\/fr\/produit\/peignoir-minions-pour-enfants\/","og_locale":"fr_FR","og_type":"article","og_title":"Robe de chambre Minions enfant HU2043","og_description":"Obtenez la meilleure qualit\u00e9 de robe de nuit Minions pour enfants livr\u00e9e \u00e0 votre porte et \u00e9conomisez de l'argent et du temps. S\u00e9lectionnez la m\u00eame livraison 1-3 avec la livraison gratuite.","og_url":"https:\/\/ryfi.online\/fr\/produit\/peignoir-minions-pour-enfants\/","og_site_name":"Ryfi Online Store","article_publisher":"https:\/\/www.facebook.com\/ryfi.online\/","article_modified_time":"2023-02-03T12:03:25+00:00","og_image":[{"width":800,"height":565,"url":"https:\/\/ryfi.online\/wp-content\/uploads\/2021\/10\/hu2043.jpg","type":"image\/jpeg"}],"twitter_card":"summary_large_image","twitter_misc":{"Availability":"In stock"},"schema":{"@context":"https:\/\/schema.org","@graph":[{"@type":"WebPage","@id":"https:\/\/ryfi.online\/fr\/produit\/peignoir-minions-pour-enfants\/","url":"https:\/\/ryfi.online\/fr\/produit\/peignoir-minions-pour-enfants\/","name":"Chemise de nuit Minions pour enfants - Boutique en ligne Ryfi","isPartOf":{"@id":"https:\/\/ryfi.online\/fr\/#website"},"primaryImageOfPage":{"@id":"https:\/\/ryfi.online\/fr\/produit\/peignoir-minions-pour-enfants\/#primaryimage"},"image":{"@id":"https:\/\/ryfi.online\/fr\/produit\/peignoir-minions-pour-enfants\/#primaryimage"},"thumbnailUrl":"https:\/\/ryfi.online\/wp-content\/uploads\/2021\/10\/hu2043.jpg","datePublished":"2021-10-13T15:28:12+00:00","dateModified":"2023-02-03T12:03:25+00:00","description":"Obtenez la meilleure qualit\u00e9 de robe de nuit Minions pour enfants livr\u00e9e \u00e0 votre porte et \u00e9conomisez de l'argent et du temps. S\u00e9lectionnez la m\u00eame livraison 1-3 avec la livraison gratuite.","breadcrumb":{"@id":"https:\/\/ryfi.online\/fr\/produit\/peignoir-minions-pour-enfants\/#breadcrumb"},"inLanguage":"fr-FR","potentialAction":[{"@type":"ReadAction","target":["https:\/\/ryfi.online\/fr\/produit\/peignoir-minions-pour-enfants\/"]}]},{"@type":"ImageObject","inLanguage":"fr-FR","@id":"https:\/\/ryfi.online\/fr\/produit\/peignoir-minions-pour-enfants\/#primaryimage","url":"https:\/\/ryfi.online\/wp-content\/uploads\/2021\/10\/hu2043.jpg","contentUrl":"https:\/\/ryfi.online\/wp-content\/uploads\/2021\/10\/hu2043.jpg","width":800,"height":565},{"@type":"BreadcrumbList","@id":"https:\/\/ryfi.online\/fr\/produit\/peignoir-minions-pour-enfants\/#breadcrumb","itemListElement":[{"@type":"ListItem","position":1,"name":"Home","item":"https:\/\/ryfi.online\/fr\/"},{"@type":"ListItem","position":2,"name":"Free and Fast Shipping whitin 1-3 Days!!!","item":"https:\/\/ryfi.online\/shop\/"},{"@type":"ListItem","position":3,"name":"Robe de chambre Minions enfant HU2043"}]},{"@type":"WebSite","@id":"https:\/\/ryfi.online\/fr\/#website","url":"https:\/\/ryfi.online\/fr\/","name":"Ryfi Online Store","description":"Online Store","publisher":{"@id":"https:\/\/ryfi.online\/fr\/#organization"},"potentialAction":[{"@type":"SearchAction","target":{"@type":"EntryPoint","urlTemplate":"https:\/\/ryfi.online\/fr\/?s={search_term_string}"},"query-input":{"@type":"PropertyValueSpecification","valueRequired":true,"valueName":"search_term_string"}}],"inLanguage":"fr-FR"},{"@type":"Organization","@id":"https:\/\/ryfi.online\/fr\/#organization","name":"Ryan Future Investments LLC","url":"https:\/\/ryfi.online\/fr\/","logo":{"@type":"ImageObject","inLanguage":"fr-FR","@id":"https:\/\/ryfi.online\/fr\/#\/schema\/logo\/image\/","url":"https:\/\/ryfi.online\/wp-content\/uploads\/2021\/03\/2-03.png","contentUrl":"https:\/\/ryfi.online\/wp-content\/uploads\/2021\/03\/2-03.png","width":1010,"height":310,"caption":"Ryan Future Investments LLC"},"image":{"@id":"https:\/\/ryfi.online\/fr\/#\/schema\/logo\/image\/"},"sameAs":["https:\/\/www.facebook.com\/ryfi.online\/"]}]},"product_brand":"Manteau","og_availability":"instock","product_availability":"instock","product_condition":"new"},"jetpack-related-posts":[{"id":4139,"url":"https:\/\/ryfi.online\/fr\/produit\/sweat-a-capuche-minion-pour-fille\/","url_meta":{"origin":3735,"position":0},"title":"MINION &#8211; Sweat \u00e0 capuche &#8211; pour fille PH1522","date":"octobre 8, 2021","format":false,"excerpt":"Exp\u00e9dition rapide et s\u00fbre en 1-3 jours ouvrables","rel":"","context":"Article similaire","img":{"alt_text":"","src":"https:\/\/i0.wp.com\/ryfi.online\/wp-content\/uploads\/2021\/10\/ph1522.jpg?resize=350%2C200&ssl=1","width":350,"height":200},"classes":[]},{"id":9454,"url":"https:\/\/ryfi.online\/fr\/produit\/t-shirt-les-minions-et6729\/","url_meta":{"origin":3735,"position":1},"title":"T-shirt Minions Enfant ET6729","date":"avril 29, 2022","format":false,"excerpt":"Exp\u00e9dition rapide et s\u00fbre en 1-3 jours ouvrables","rel":"","context":"Article similaire","img":{"alt_text":"","src":"https:\/\/i0.wp.com\/ryfi.online\/wp-content\/uploads\/2022\/04\/et6729.e18-scaled.jpg?resize=350%2C200&ssl=1","width":350,"height":200},"classes":[]},{"id":4167,"url":"https:\/\/ryfi.online\/fr\/produit\/minions-hoodie-sweatshirt-pour-garcon-minions-produit-officiel\/","url_meta":{"origin":3735,"position":2},"title":"Sweat \u00e0 capuche Minions gar\u00e7on &#8211; Produit officiel Minions EP1033","date":"octobre 8, 2021","format":false,"excerpt":"Exp\u00e9dition rapide et s\u00e9curis\u00e9e en 1 \u00e0 3 jours. travail","rel":"","context":"Article similaire","img":{"alt_text":"","src":"https:\/\/i0.wp.com\/ryfi.online\/wp-content\/uploads\/2021\/10\/ep1033.jpg?resize=350%2C200&ssl=1","width":350,"height":200},"classes":[]},{"id":9551,"url":"https:\/\/ryfi.online\/fr\/produit\/cap-minions\/","url_meta":{"origin":3735,"position":3},"title":"Casquette Minions EP4341","date":"avril 27, 2022","format":false,"excerpt":"Exp\u00e9dition rapide et s\u00e9curis\u00e9e en 1 \u00e0 3 jours ouvrables Retour gratuit","rel":"","context":"Article similaire","img":{"alt_text":"Casquette Minion Jaune","src":"https:\/\/i0.wp.com\/ryfi.online\/wp-content\/uploads\/2022\/04\/ep4341_ye.jpg?resize=350%2C200&ssl=1","width":350,"height":200},"classes":[]},{"id":7040,"url":"https:\/\/ryfi.online\/fr\/produit\/ryfi-pyjama-polaire-garcon-sbires\/","url_meta":{"origin":3735,"position":4},"title":"Ryfi Pyjama Polaire Gar\u00e7on Minions HU2046","date":"octobre 31, 2021","format":false,"excerpt":"Exp\u00e9dition rapide et s\u00fbre en 1-3 jours ouvrables","rel":"","context":"Article similaire","img":{"alt_text":"","src":"https:\/\/i0.wp.com\/ryfi.online\/wp-content\/uploads\/2021\/10\/hu2046.jpg?resize=350%2C200&ssl=1","width":350,"height":200},"classes":[]},{"id":3870,"url":"https:\/\/ryfi.online\/fr\/produit\/pantalon-de-jogging-unisexe-avec-minions-print\/","url_meta":{"origin":3735,"position":5},"title":"Pantalon de surv\u00eatement unisexe avec imprim\u00e9 Minions TH1211","date":"octobre 8, 2021","format":false,"excerpt":"Livraison gratuite et s\u00e9curis\u00e9e en 1 \u00e0 3 jours ouvr\u00e9s","rel":"","context":"Article similaire","img":{"alt_text":"Pantalon de surv\u00eatement","src":"https:\/\/i0.wp.com\/ryfi.online\/wp-content\/uploads\/2021\/10\/th1211.jpg?resize=350%2C200&ssl=1","width":350,"height":200},"classes":[]}],"_links":{"self":[{"href":"https:\/\/ryfi.online\/fr\/wp-json\/wp\/v2\/product\/3735","targetHints":{"allow":["GET"]}}],"collection":[{"href":"https:\/\/ryfi.online\/fr\/wp-json\/wp\/v2\/product"}],"about":[{"href":"https:\/\/ryfi.online\/fr\/wp-json\/wp\/v2\/types\/product"}],"replies":[{"embeddable":true,"href":"https:\/\/ryfi.online\/fr\/wp-json\/wp\/v2\/comments?post=3735"}],"wp:featuredmedia":[{"embeddable":true,"href":"https:\/\/ryfi.online\/fr\/wp-json\/wp\/v2\/media\/3751"}],"wp:attachment":[{"href":"https:\/\/ryfi.online\/fr\/wp-json\/wp\/v2\/media?parent=3735"}],"wp:term":[{"taxonomy":"product_brand","embeddable":true,"href":"https:\/\/ryfi.online\/fr\/wp-json\/wp\/v2\/product_brand?post=3735"},{"taxonomy":"product_cat","embeddable":true,"href":"https:\/\/ryfi.online\/fr\/wp-json\/wp\/v2\/product_cat?post=3735"},{"taxonomy":"product_tag","embeddable":true,"href":"https:\/\/ryfi.online\/fr\/wp-json\/wp\/v2\/product_tag?post=3735"}],"curies":[{"name":"wp","href":"https:\/\/api.w.org\/{rel}","templated":true}]}}