{"id":15437,"date":"2023-01-24T17:58:01","date_gmt":"2023-01-24T19:00:08","guid":{"rendered":"https:\/\/ryfi.online\/product\/ourson-de-fin-detudes\/"},"modified":"2024-04-19T15:29:37","modified_gmt":"2024-04-19T15:29:37","slug":"ours-de-graduation","status":"publish","type":"product","link":"https:\/\/ryfi.online\/fr\/produit\/ours-de-graduation\/","title":{"rendered":"Ourson de fin d&#8217;\u00e9tudes"},"content":{"rendered":"<ul class=\"a-unordered-list a-vertical a-spacing-mini\">\n<li><span class=\"a-list-item\"> La meilleure d\u00e9coration de branche pour les amis lors de la remise des dipl\u00f4mes, ou peut \u00eatre plac\u00e9e sur la d\u00e9coration de table. <\/span><\/li>\n<li><span class=\"a-list-item\"> Avec l&#8217;uniforme du chapeau de dipl\u00f4m\u00e9 et le design du dipl\u00f4me de bachelier, il est facile de cr\u00e9er une atmosph\u00e8re de f\u00eate de fin d&#8217;\u00e9tudes. <\/span><\/li>\n<li><span class=\"a-list-item\"> Mat\u00e9riaux s\u00fbrs de haute qualit\u00e9 et fabrication soign\u00e9e, ne se d\u00e9colorent pas facilement. <\/span><\/li>\n<li><span class=\"a-list-item\"> Vous pouvez l&#8217;utiliser comme accessoire photo pour prendre des photos avec vos camarades de classe et vos amis. <\/span><\/li>\n<li><span class=\"a-list-item\"> Ils peuvent \u00eatre utilis\u00e9s non seulement pour d\u00e9corer des bouquets, mais aussi comme d\u00e9corations, qui peuvent \u00eatre plac\u00e9es dans les salles de classe, les jardins, etc. <\/span><\/li>\n<\/ul>\n","protected":false},"excerpt":{"rendered":"<p>Livraison gratuite et rapide en 1-3 jours.<\/p>\n","protected":false},"featured_media":0,"comment_status":"open","ping_status":"closed","template":"","meta":[],"product_brand":[],"product_cat":[403],"product_tag":[],"class_list":{"0":"post-15437","1":"product","2":"type-product","3":"status-publish","5":"product_cat-jouet-en-peluche","7":"first","8":"instock","9":"featured","10":"taxable","11":"shipping-taxable","12":"purchasable","13":"product-type-simple"},"yoast_head":"<!-- This site is optimized with the Yoast SEO Premium plugin v17.1.2 (Yoast SEO v27.4) - https:\/\/yoast.com\/product\/yoast-seo-premium-wordpress\/ -->\n<title>Ourson de fin d&#039;\u00e9tudes - Ryfi Online Store<\/title>\n<meta name=\"description\" content=\"Si vous cherchez des ours en peluche en Europe... Alors vous \u00eates au bon endroit, Ryfi.online fournit les diff\u00e9rents types de peluches, pour plus d&#039;informations visitez notre site aujourd&#039;hui !\" \/>\n<meta name=\"robots\" content=\"index, follow, max-snippet:-1, max-image-preview:large, max-video-preview:-1\" \/>\n<link rel=\"canonical\" href=\"https:\/\/ryfi.online\/fr\/produit\/ours-de-graduation\/\" \/>\n<meta property=\"og:locale\" content=\"fr_FR\" \/>\n<meta property=\"og:type\" content=\"article\" \/>\n<meta property=\"og:title\" content=\"Ourson de fin d&#039;\u00e9tudes\" \/>\n<meta property=\"og:description\" content=\"Si vous cherchez des ours en peluche en Europe... Alors vous \u00eates au bon endroit, Ryfi.online fournit les diff\u00e9rents types de peluches, pour plus d&#039;informations visitez notre site aujourd&#039;hui !\" \/>\n<meta property=\"og:url\" content=\"https:\/\/ryfi.online\/fr\/produit\/ours-de-graduation\/\" \/>\n<meta property=\"og:site_name\" content=\"Ryfi Online Store\" \/>\n<meta property=\"article:publisher\" content=\"https:\/\/www.facebook.com\/ryfi.online\/\" \/>\n<meta property=\"article:modified_time\" content=\"2024-04-19T15:29:37+00:00\" \/>\n<meta property=\"og:image\" content=\"https:\/\/ryfi.online\/wp-content\/uploads\/2021\/03\/H89f48063f95940e583df854ff6ec5f689-Copy-Copy.jpg\" \/>\n\t<meta property=\"og:image:width\" content=\"500\" \/>\n\t<meta property=\"og:image:height\" content=\"500\" \/>\n\t<meta property=\"og:image:type\" content=\"image\/jpeg\" \/>\n<meta name=\"twitter:card\" content=\"summary_large_image\" \/>\n<meta name=\"twitter:label1\" content=\"Prix\" \/>\n\t<meta name=\"twitter:data1\" content=\"&#036;12.99\" \/>\n\t<meta name=\"twitter:label2\" content=\"Availability\" \/>\n\t<meta name=\"twitter:data2\" content=\"In stock\" \/>\n<meta property=\"product:brand\" content=\"Jouet en peluche\" \/>\n<meta property=\"product:price:amount\" content=\"12.99\" \/>\n<meta property=\"product:price:currency\" content=\"USD\" \/>\n<meta property=\"og:availability\" content=\"instock\" \/>\n<meta property=\"product:availability\" content=\"instock\" \/>\n<meta property=\"product:condition\" content=\"new\" \/>\n<!-- \/ Yoast SEO Premium plugin. -->","yoast_head_json":{"title":"Ourson de fin d'\u00e9tudes - Ryfi Online Store","description":"Si vous cherchez des ours en peluche en Europe... Alors vous \u00eates au bon endroit, Ryfi.online fournit les diff\u00e9rents types de peluches, pour plus d'informations visitez notre site aujourd'hui !","robots":{"index":"index","follow":"follow","max-snippet":"max-snippet:-1","max-image-preview":"max-image-preview:large","max-video-preview":"max-video-preview:-1"},"canonical":"https:\/\/ryfi.online\/fr\/produit\/ours-de-graduation\/","og_locale":"fr_FR","og_type":"article","og_title":"Ourson de fin d'\u00e9tudes","og_description":"Si vous cherchez des ours en peluche en Europe... Alors vous \u00eates au bon endroit, Ryfi.online fournit les diff\u00e9rents types de peluches, pour plus d'informations visitez notre site aujourd'hui !","og_url":"https:\/\/ryfi.online\/fr\/produit\/ours-de-graduation\/","og_site_name":"Ryfi Online Store","article_publisher":"https:\/\/www.facebook.com\/ryfi.online\/","article_modified_time":"2024-04-19T15:29:37+00:00","og_image":[{"width":500,"height":500,"url":"https:\/\/ryfi.online\/wp-content\/uploads\/2021\/03\/H89f48063f95940e583df854ff6ec5f689-Copy-Copy.jpg","type":"image\/jpeg"}],"twitter_card":"summary_large_image","twitter_misc":{"Prix":"&#36;12.99","Availability":"In stock"},"schema":{"@context":"https:\/\/schema.org","@graph":[{"@type":"WebPage","@id":"https:\/\/ryfi.online\/fr\/produit\/ours-de-graduation\/","url":"https:\/\/ryfi.online\/fr\/produit\/ours-de-graduation\/","name":"Ourson de fin d'\u00e9tudes - Ryfi Online Store","isPartOf":{"@id":"https:\/\/ryfi.online\/fr\/#website"},"datePublished":"2023-01-24T19:00:08+00:00","dateModified":"2024-04-19T15:29:37+00:00","description":"Si vous cherchez des ours en peluche en Europe... Alors vous \u00eates au bon endroit, Ryfi.online fournit les diff\u00e9rents types de peluches, pour plus d'informations visitez notre site aujourd'hui !","breadcrumb":{"@id":"https:\/\/ryfi.online\/fr\/produit\/ours-de-graduation\/#breadcrumb"},"inLanguage":"fr-FR","potentialAction":[{"@type":"ReadAction","target":["https:\/\/ryfi.online\/fr\/produit\/ours-de-graduation\/"]}]},{"@type":"BreadcrumbList","@id":"https:\/\/ryfi.online\/fr\/produit\/ours-de-graduation\/#breadcrumb","itemListElement":[{"@type":"ListItem","position":1,"name":"Home","item":"https:\/\/ryfi.online\/fr\/"},{"@type":"ListItem","position":2,"name":"Free and Fast Shipping whitin 1-3 Days!!!","item":"https:\/\/ryfi.online\/shop\/"},{"@type":"ListItem","position":3,"name":"Ourson de fin d&#8217;\u00e9tudes"}]},{"@type":"WebSite","@id":"https:\/\/ryfi.online\/fr\/#website","url":"https:\/\/ryfi.online\/fr\/","name":"Ryfi Online Store","description":"Online Store","publisher":{"@id":"https:\/\/ryfi.online\/fr\/#organization"},"potentialAction":[{"@type":"SearchAction","target":{"@type":"EntryPoint","urlTemplate":"https:\/\/ryfi.online\/fr\/?s={search_term_string}"},"query-input":{"@type":"PropertyValueSpecification","valueRequired":true,"valueName":"search_term_string"}}],"inLanguage":"fr-FR"},{"@type":"Organization","@id":"https:\/\/ryfi.online\/fr\/#organization","name":"Ryan Future Investments LLC","url":"https:\/\/ryfi.online\/fr\/","logo":{"@type":"ImageObject","inLanguage":"fr-FR","@id":"https:\/\/ryfi.online\/fr\/#\/schema\/logo\/image\/","url":"https:\/\/ryfi.online\/wp-content\/uploads\/2021\/03\/2-03.png","contentUrl":"https:\/\/ryfi.online\/wp-content\/uploads\/2021\/03\/2-03.png","width":1010,"height":310,"caption":"Ryan Future Investments LLC"},"image":{"@id":"https:\/\/ryfi.online\/fr\/#\/schema\/logo\/image\/"},"sameAs":["https:\/\/www.facebook.com\/ryfi.online\/"]}]},"product_brand":"Jouet en peluche","product_price_amount":"12.99","product_price_currency":"USD","og_availability":"instock","product_availability":"instock","product_condition":"new"},"jetpack-related-posts":[{"id":15445,"url":"https:\/\/ryfi.online\/fr\/produit\/ours-blanc-avec-heureux-jour-de-la-valentine-12-inch\/","url_meta":{"origin":15437,"position":0},"title":"Ours blanc avec Happy Valentine&#8217;s Day 12 pouces","date":"janvier 24, 2023","format":false,"excerpt":"Livraison gratuite et rapide en 1-3 jours.","rel":"","context":"Article similaire","img":{"alt_text":"","src":"","width":0,"height":0},"classes":[]},{"id":15449,"url":"https:\/\/ryfi.online\/fr\/produit\/ours-blanc-avec-coeur-et-chapeau-14-pouces\/","url_meta":{"origin":15437,"position":1},"title":"Ours blanc avec coeur et chapeau 14 pouces","date":"janvier 24, 2023","format":false,"excerpt":"Livraison gratuite et rapide en 1-3 jours.","rel":"","context":"Article similaire","img":{"alt_text":"","src":"https:\/\/i0.wp.com\/ryfi.online\/wp-content\/uploads\/2023\/01\/indice.jpg?resize=350%2C200&ssl=1","width":350,"height":200},"classes":[]},{"id":15392,"url":"https:\/\/ryfi.online\/fr\/produit\/poupee\/","url_meta":{"origin":15437,"position":2},"title":"Baby Doll","date":"janvier 24, 2023","format":false,"excerpt":"Livraison gratuite et rapide en 1-3 jours.","rel":"","context":"Article similaire","img":{"alt_text":"","src":"","width":0,"height":0},"classes":[]},{"id":6271,"url":"https:\/\/ryfi.online\/fr\/produit\/reversible-pieuvre-peluche\/","url_meta":{"origin":15437,"position":3},"title":"Peluche de poulpe r\u00e9versible","date":"mars 8, 2021","format":false,"excerpt":"Livraison gratuite et rapide sous 1 \u00e0 3 jours. Achetez 4 obtenez 5 D\u00e9p\u00eachez-vous, ventes chaudes !!! \u00a0","rel":"","context":"Article similaire","img":{"alt_text":"heureux animal en peluche triste","src":"https:\/\/i0.wp.com\/ryfi.online\/wp-content\/uploads\/2021\/03\/H89f48063f95940e583df854ff6ec5f689-Copy-Copy.jpg?resize=350%2C200&ssl=1","width":350,"height":200},"classes":[]},{"id":12896,"url":"https:\/\/ryfi.online\/fr\/produit\/disney-minnie-mouse-striped-15oz-buddy-sip-tumbler-cup-avec-couvercle-paille-bpa-free\/","url_meta":{"origin":15437,"position":4},"title":"Gobelet 15oz Disney Minnie Mouse Striped Buddy Sip avec couvercle et paille, sans BPA.","date":"avril 4, 2021","format":false,"excerpt":"Livraison gratuite et rapide sous 1 \u00e0 3 jours. Achetez 4 obtenez 5 D\u00e9p\u00eachez-vous, ventes chaudes !!!","rel":"","context":"Article similaire","img":{"alt_text":"","src":"https:\/\/i0.wp.com\/ryfi.online\/wp-content\/uploads\/2021\/04\/71jFmrzWXL._AC_SL1244_.jpg?resize=350%2C200&ssl=1","width":350,"height":200},"classes":[]},{"id":9882,"url":"https:\/\/ryfi.online\/fr\/produit\/porte-cles-poulpe-reversible-peluche-peluche\/","url_meta":{"origin":15437,"position":5},"title":"Porte-cl\u00e9s Octopus r\u00e9versible Toutes les couleurs","date":"mars 17, 2021","format":false,"excerpt":"Livraison gratuite et rapide sous 1 \u00e0 3 jours. Achetez 4 obtenez 5 D\u00e9p\u00eachez-vous, ventes chaudes !!! \u00a0","rel":"","context":"Article similaire","img":{"alt_text":"porte-cl\u00e9s r\u00e9versible pieuvre","src":"https:\/\/i0.wp.com\/ryfi.online\/wp-content\/uploads\/2021\/03\/20.jpg?resize=350%2C200&ssl=1","width":350,"height":200},"classes":[]}],"_links":{"self":[{"href":"https:\/\/ryfi.online\/fr\/wp-json\/wp\/v2\/product\/15437","targetHints":{"allow":["GET"]}}],"collection":[{"href":"https:\/\/ryfi.online\/fr\/wp-json\/wp\/v2\/product"}],"about":[{"href":"https:\/\/ryfi.online\/fr\/wp-json\/wp\/v2\/types\/product"}],"replies":[{"embeddable":true,"href":"https:\/\/ryfi.online\/fr\/wp-json\/wp\/v2\/comments?post=15437"}],"wp:attachment":[{"href":"https:\/\/ryfi.online\/fr\/wp-json\/wp\/v2\/media?parent=15437"}],"wp:term":[{"taxonomy":"product_brand","embeddable":true,"href":"https:\/\/ryfi.online\/fr\/wp-json\/wp\/v2\/product_brand?post=15437"},{"taxonomy":"product_cat","embeddable":true,"href":"https:\/\/ryfi.online\/fr\/wp-json\/wp\/v2\/product_cat?post=15437"},{"taxonomy":"product_tag","embeddable":true,"href":"https:\/\/ryfi.online\/fr\/wp-json\/wp\/v2\/product_tag?post=15437"}],"curies":[{"name":"wp","href":"https:\/\/api.w.org\/{rel}","templated":true}]}}