{"id":12965,"date":"2021-04-19T18:30:01","date_gmt":"2022-11-30T19:07:27","guid":{"rendered":"https:\/\/ryfi.online\/product\/maillot-de-bain-bikini\/"},"modified":"2022-11-30T19:07:27","modified_gmt":"2022-11-30T19:07:27","slug":"bikini-maillot-de-bain","status":"publish","type":"product","link":"https:\/\/ryfi.online\/fr\/produit\/bikini-maillot-de-bain\/","title":{"rendered":"Maillot de bain bikini"},"content":{"rendered":"<p>Les maillots de bain bikini sexy pour femmes sont d\u00e9licatement faits \u00e0 la main avec des diamants en cristal sur le haut et le bas du bikini, brillants et \u00e9tincelants pour vous rendre fascinante et attirante. Nous avons en stock 6 couleurs et toutes les tailles de Bikini Swimsuit qui attendent d&#8217;\u00eatre achet\u00e9s par vous par le biais de paiements s\u00fbrs et s\u00e9curis\u00e9s uniquement sur <a href=\"https:\/\/ryfi.online\/\">ryfi.online<\/a> avec une exp\u00e9dition gratuite et rapide dans les 1-3 jours ouvrables.<\/p>\n<p>??<strong> Livraison gratuite et rapide sous 1 \u00e0 3 jours<\/strong><\/p>\n<p>\u2705 Fermeture par cravate.100% Polyester<\/p>\n<p>\u2705 Mat\u00e9riau : Polyester, chinlon, doux et confortable \u00e0 porter, durable et \u00e0 s\u00e9chage rapide.<\/p>\n<p>\u2705 Maillots de bain bikini deux pi\u00e8ces , Design dos nu, lien au cou et au dos, bikinis sexy pour femmes br\u00e9siliennes, la\u00e7age, push up, coussinets amovibles.<\/p>\n<p>\u2705 Avec un d\u00e9licat diamant en cristal fait \u00e0 la main sur le haut et le bas du bikini, brillant et \u00e9tincelant pour vous rendre fascinant et attrayant. Culotte sexy avec n\u0153ud papillon de bandage sur le c\u00f4t\u00e9, chic et unique.<\/p>\n<p>\u2705 Parfait pour les vacances tropicales, l&#8217;\u00e9t\u00e9, la plage et la piscine, les tenues de club de nuit, les tenues de plage, les f\u00eates et les vacances.Convient pour la natation, l&#8217;entra\u00eenement, la course ou toute autre occasion.<\/p>\n<p>\u2705 Veuillez choisir la taille avec soin selon le tableau des tailles dans la description.<\/p>\n<p>\u2705 Haute qualit\u00e9 et inspection stricte : Le maillot de bain bikini sexy est fait de strass et d&#8217;alliage de haute qualit\u00e9. Et nous sommes des professionnels de la mode. Chaque maillot de bain bikini est inspect\u00e9 avec soin par nos soins.<\/p>\n<p>\u2705 Le collier \u00e0 cha\u00eene sexy est compatible avec les T-shirts, les robes, les maillots de bain\/bikini\/tankini, les couvertures de plage, ou sur le corps nu comme soutien-gorge \u00e0 cha\u00eene.<\/p>\n<p>&nbsp;<\/p>\n<p>&nbsp;<\/p>\n","protected":false},"excerpt":{"rendered":"<p><strong>Livraison gratuite et rapide sous 1 \u00e0 3 jours.<\/strong><\/p>\n<h3><strong>Achetez 4 obtenez 5<\/strong><\/h3>\n<h3><span style=\"color: #ff0000;\"><strong><em>D\u00e9p\u00eachez-vous, ventes chaudes !!!<\/em><\/strong><\/span><\/h3>\n","protected":false},"featured_media":10607,"comment_status":"open","ping_status":"closed","template":"","meta":[],"product_brand":[],"product_cat":[340],"product_tag":[237],"class_list":{"0":"post-12965","1":"product","2":"type-product","3":"status-publish","4":"has-post-thumbnail","6":"product_cat-maillots-de-bain-bikini","7":"product_tag-fr","9":"first","10":"instock","11":"featured","12":"taxable","13":"shipping-taxable","14":"purchasable","15":"product-type-variable","16":"has-default-attributes"},"yoast_head":"<!-- This site is optimized with the Yoast SEO Premium plugin v17.1.2 (Yoast SEO v27.5) - https:\/\/yoast.com\/product\/yoast-seo-premium-wordpress\/ -->\n<title>Maillot de bain bikini en ligne aux USA | Maillots de bain sexy pour femmes | Boutique de maillots de bain mignons<\/title>\n<meta name=\"description\" content=\"Achetez les derni\u00e8res tailles et couleurs de maillots de bain, bikinis sexy et bikinis string pour femmes aux \u00c9tats-Unis dans la boutique en ligne Ryfi. Livraison gratuite avec &amp; retours gratuits.\" \/>\n<meta name=\"robots\" content=\"index, follow, max-snippet:-1, max-image-preview:large, max-video-preview:-1\" \/>\n<link rel=\"canonical\" href=\"https:\/\/ryfi.online\/fr\/produit\/bikini-maillot-de-bain\/\" \/>\n<meta property=\"og:locale\" content=\"fr_FR\" \/>\n<meta property=\"og:type\" content=\"article\" \/>\n<meta property=\"og:title\" content=\"Maillot de bain bikini\" \/>\n<meta property=\"og:description\" content=\"Achetez les derni\u00e8res tailles et couleurs de maillots de bain, bikinis sexy et bikinis string pour femmes aux \u00c9tats-Unis dans la boutique en ligne Ryfi. Livraison gratuite avec &amp; retours gratuits.\" \/>\n<meta property=\"og:url\" content=\"https:\/\/ryfi.online\/fr\/produit\/bikini-maillot-de-bain\/\" \/>\n<meta property=\"og:site_name\" content=\"Ryfi Online Store\" \/>\n<meta property=\"article:publisher\" content=\"https:\/\/www.facebook.com\/ryfi.online\/\" \/>\n<meta property=\"og:image\" content=\"https:\/\/ryfi.online\/wp-content\/uploads\/2021\/04\/f6bfce011f897d03e8f175b34aa562a2.jpg\" \/>\n\t<meta property=\"og:image:width\" content=\"1024\" \/>\n\t<meta property=\"og:image:height\" content=\"1280\" \/>\n\t<meta property=\"og:image:type\" content=\"image\/jpeg\" \/>\n<meta name=\"twitter:card\" content=\"summary_large_image\" \/>\n<meta name=\"twitter:label1\" content=\"Availability\" \/>\n\t<meta name=\"twitter:data1\" content=\"In stock\" \/>\n<meta property=\"product:brand\" content=\"Maillots de bain bikini\" \/>\n<meta property=\"og:availability\" content=\"instock\" \/>\n<meta property=\"product:availability\" content=\"instock\" \/>\n<meta property=\"product:condition\" content=\"new\" \/>\n<!-- \/ Yoast SEO Premium plugin. -->","yoast_head_json":{"title":"Maillot de bain bikini en ligne aux USA | Maillots de bain sexy pour femmes | Boutique de maillots de bain mignons","description":"Achetez les derni\u00e8res tailles et couleurs de maillots de bain, bikinis sexy et bikinis string pour femmes aux \u00c9tats-Unis dans la boutique en ligne Ryfi. Livraison gratuite avec & retours gratuits.","robots":{"index":"index","follow":"follow","max-snippet":"max-snippet:-1","max-image-preview":"max-image-preview:large","max-video-preview":"max-video-preview:-1"},"canonical":"https:\/\/ryfi.online\/fr\/produit\/bikini-maillot-de-bain\/","og_locale":"fr_FR","og_type":"article","og_title":"Maillot de bain bikini","og_description":"Achetez les derni\u00e8res tailles et couleurs de maillots de bain, bikinis sexy et bikinis string pour femmes aux \u00c9tats-Unis dans la boutique en ligne Ryfi. Livraison gratuite avec & retours gratuits.","og_url":"https:\/\/ryfi.online\/fr\/produit\/bikini-maillot-de-bain\/","og_site_name":"Ryfi Online Store","article_publisher":"https:\/\/www.facebook.com\/ryfi.online\/","og_image":[{"width":1024,"height":1280,"url":"https:\/\/ryfi.online\/wp-content\/uploads\/2021\/04\/f6bfce011f897d03e8f175b34aa562a2.jpg","type":"image\/jpeg"}],"twitter_card":"summary_large_image","twitter_misc":{"Availability":"In stock"},"schema":{"@context":"https:\/\/schema.org","@graph":[{"@type":"WebPage","@id":"https:\/\/ryfi.online\/fr\/produit\/bikini-maillot-de-bain\/","url":"https:\/\/ryfi.online\/fr\/produit\/bikini-maillot-de-bain\/","name":"Maillot de bain bikini en ligne aux USA | Maillots de bain sexy pour femmes | Boutique de maillots de bain mignons","isPartOf":{"@id":"https:\/\/ryfi.online\/fr\/#website"},"primaryImageOfPage":{"@id":"https:\/\/ryfi.online\/fr\/produit\/bikini-maillot-de-bain\/#primaryimage"},"image":{"@id":"https:\/\/ryfi.online\/fr\/produit\/bikini-maillot-de-bain\/#primaryimage"},"thumbnailUrl":"https:\/\/ryfi.online\/wp-content\/uploads\/2021\/04\/f6bfce011f897d03e8f175b34aa562a2.jpg","datePublished":"2022-11-30T19:07:27+00:00","description":"Achetez les derni\u00e8res tailles et couleurs de maillots de bain, bikinis sexy et bikinis string pour femmes aux \u00c9tats-Unis dans la boutique en ligne Ryfi. Livraison gratuite avec & retours gratuits.","breadcrumb":{"@id":"https:\/\/ryfi.online\/fr\/produit\/bikini-maillot-de-bain\/#breadcrumb"},"inLanguage":"fr-FR","potentialAction":[{"@type":"ReadAction","target":["https:\/\/ryfi.online\/fr\/produit\/bikini-maillot-de-bain\/"]}]},{"@type":"ImageObject","inLanguage":"fr-FR","@id":"https:\/\/ryfi.online\/fr\/produit\/bikini-maillot-de-bain\/#primaryimage","url":"https:\/\/ryfi.online\/wp-content\/uploads\/2021\/04\/f6bfce011f897d03e8f175b34aa562a2.jpg","contentUrl":"https:\/\/ryfi.online\/wp-content\/uploads\/2021\/04\/f6bfce011f897d03e8f175b34aa562a2.jpg","width":1024,"height":1280},{"@type":"BreadcrumbList","@id":"https:\/\/ryfi.online\/fr\/produit\/bikini-maillot-de-bain\/#breadcrumb","itemListElement":[{"@type":"ListItem","position":1,"name":"Home","item":"https:\/\/ryfi.online\/fr\/"},{"@type":"ListItem","position":2,"name":"Free and Fast Shipping whitin 1-3 Days!!!","item":"https:\/\/ryfi.online\/shop\/"},{"@type":"ListItem","position":3,"name":"Maillot de bain bikini"}]},{"@type":"WebSite","@id":"https:\/\/ryfi.online\/fr\/#website","url":"https:\/\/ryfi.online\/fr\/","name":"Ryfi Online Store","description":"Online Store","publisher":{"@id":"https:\/\/ryfi.online\/fr\/#organization"},"potentialAction":[{"@type":"SearchAction","target":{"@type":"EntryPoint","urlTemplate":"https:\/\/ryfi.online\/fr\/?s={search_term_string}"},"query-input":{"@type":"PropertyValueSpecification","valueRequired":true,"valueName":"search_term_string"}}],"inLanguage":"fr-FR"},{"@type":"Organization","@id":"https:\/\/ryfi.online\/fr\/#organization","name":"Ryan Future Investments LLC","url":"https:\/\/ryfi.online\/fr\/","logo":{"@type":"ImageObject","inLanguage":"fr-FR","@id":"https:\/\/ryfi.online\/fr\/#\/schema\/logo\/image\/","url":"https:\/\/ryfi.online\/wp-content\/uploads\/2021\/03\/2-03.png","contentUrl":"https:\/\/ryfi.online\/wp-content\/uploads\/2021\/03\/2-03.png","width":1010,"height":310,"caption":"Ryan Future Investments LLC"},"image":{"@id":"https:\/\/ryfi.online\/fr\/#\/schema\/logo\/image\/"},"sameAs":["https:\/\/www.facebook.com\/ryfi.online\/"]}]},"product_brand":"Maillots de bain bikini","og_availability":"instock","product_availability":"instock","product_condition":"new"},"jetpack-related-posts":[{"id":9882,"url":"https:\/\/ryfi.online\/fr\/produit\/porte-cles-poulpe-reversible-peluche-peluche\/","url_meta":{"origin":12965,"position":0},"title":"Porte-cl\u00e9s Octopus r\u00e9versible Toutes les couleurs","date":"mars 17, 2021","format":false,"excerpt":"Livraison gratuite et rapide sous 1 \u00e0 3 jours. Achetez 4 obtenez 5 D\u00e9p\u00eachez-vous, ventes chaudes !!! \u00a0","rel":"","context":"Article similaire","img":{"alt_text":"porte-cl\u00e9s r\u00e9versible pieuvre","src":"https:\/\/i0.wp.com\/ryfi.online\/wp-content\/uploads\/2021\/03\/20.jpg?resize=350%2C200&ssl=1","width":350,"height":200},"classes":[]},{"id":5344,"url":"https:\/\/ryfi.online\/fr\/produit\/garcon-nickelodeon-paw-patrol-design-boxer-de-salle-de-bains\/","url_meta":{"origin":12965,"position":1},"title":"Boxer de bain Nickelodeon Paw Patrol pour gar\u00e7on","date":"juin 16, 2021","format":false,"excerpt":"Livraison gratuite 1-3 jours ouvrables Retour gratuit","rel":"","context":"Article similaire","img":{"alt_text":"Pat' Patrouille Maillot de bain","src":"https:\/\/i0.wp.com\/ryfi.online\/wp-content\/uploads\/2021\/06\/ue0102_lna.jpg?resize=350%2C200&ssl=1","width":350,"height":200},"classes":[]},{"id":6271,"url":"https:\/\/ryfi.online\/fr\/produit\/reversible-pieuvre-peluche\/","url_meta":{"origin":12965,"position":2},"title":"Peluche de poulpe r\u00e9versible","date":"mars 8, 2021","format":false,"excerpt":"Livraison gratuite et rapide sous 1 \u00e0 3 jours. Achetez 4 obtenez 5 D\u00e9p\u00eachez-vous, ventes chaudes !!! \u00a0","rel":"","context":"Article similaire","img":{"alt_text":"heureux animal en peluche triste","src":"https:\/\/i0.wp.com\/ryfi.online\/wp-content\/uploads\/2021\/03\/H89f48063f95940e583df854ff6ec5f689-Copy-Copy.jpg?resize=350%2C200&ssl=1","width":350,"height":200},"classes":[]},{"id":5905,"url":"https:\/\/ryfi.online\/fr\/produit\/boxer-de-bain-avec-design-mervel-avengers-pour-garcons\/","url_meta":{"origin":12965,"position":3},"title":"Boxer de bain avec motif Marvel Avengers pour gar\u00e7on UE1869","date":"juin 9, 2021","format":false,"excerpt":"Exp\u00e9dition rapide et s\u00fbre en 1-3 jours ouvrables","rel":"","context":"Article similaire","img":{"alt_text":"Maillot de bain Marvel The Avengers ","src":"https:\/\/i0.wp.com\/ryfi.online\/wp-content\/uploads\/2021\/06\/ue1869_lna-1.jpg?resize=350%2C200&ssl=1","width":350,"height":200},"classes":[]},{"id":12958,"url":"https:\/\/ryfi.online\/ro\/produs\/bikini-swimsuit-2\/","url_meta":{"origin":12965,"position":4},"title":"Costum de baie bikini","date":"avril 19, 2021","format":false,"excerpt":"Transport gratuit \u0219i rapid \u00een termen de 1-3 zile. Buy 4 get 5 Hurry up, hot sales!!!","rel":"","context":"Article similaire","img":{"alt_text":"","src":"https:\/\/i0.wp.com\/ryfi.online\/wp-content\/uploads\/2021\/04\/f6bfce011f897d03e8f175b34aa562a2.jpg?resize=350%2C200&ssl=1","width":350,"height":200},"classes":[]},{"id":5988,"url":"https:\/\/ryfi.online\/fr\/produit\/garcons-marvel-spider-man-design-swim-boxer-boxer\/","url_meta":{"origin":12965,"position":5},"title":"Boxer de bain avec design Marvel Spiderman pour gar\u00e7on UE1888","date":"juin 9, 2021","format":false,"excerpt":"Exp\u00e9dition rapide et s\u00fbre en 1-3 jours ouvrables","rel":"","context":"Article similaire","img":{"alt_text":"Maillot de bain Marvel Spiderman","src":"https:\/\/i0.wp.com\/ryfi.online\/wp-content\/uploads\/2021\/06\/ue1888_lna.jpg?resize=350%2C200&ssl=1","width":350,"height":200},"classes":[]}],"_links":{"self":[{"href":"https:\/\/ryfi.online\/fr\/wp-json\/wp\/v2\/product\/12965","targetHints":{"allow":["GET"]}}],"collection":[{"href":"https:\/\/ryfi.online\/fr\/wp-json\/wp\/v2\/product"}],"about":[{"href":"https:\/\/ryfi.online\/fr\/wp-json\/wp\/v2\/types\/product"}],"replies":[{"embeddable":true,"href":"https:\/\/ryfi.online\/fr\/wp-json\/wp\/v2\/comments?post=12965"}],"wp:featuredmedia":[{"embeddable":true,"href":"https:\/\/ryfi.online\/fr\/wp-json\/wp\/v2\/media\/10607"}],"wp:attachment":[{"href":"https:\/\/ryfi.online\/fr\/wp-json\/wp\/v2\/media?parent=12965"}],"wp:term":[{"taxonomy":"product_brand","embeddable":true,"href":"https:\/\/ryfi.online\/fr\/wp-json\/wp\/v2\/product_brand?post=12965"},{"taxonomy":"product_cat","embeddable":true,"href":"https:\/\/ryfi.online\/fr\/wp-json\/wp\/v2\/product_cat?post=12965"},{"taxonomy":"product_tag","embeddable":true,"href":"https:\/\/ryfi.online\/fr\/wp-json\/wp\/v2\/product_tag?post=12965"}],"curies":[{"name":"wp","href":"https:\/\/api.w.org\/{rel}","templated":true}]}}