{"id":12935,"date":"2021-05-04T18:30:57","date_gmt":"2022-11-30T19:07:22","guid":{"rendered":"https:\/\/ryfi.online\/product\/paw-patrol-jouet-en-peluche-marshall-10-peluche-debout-avec-details-cousus-pour-les-3-ans-et-plus\/"},"modified":"2022-11-30T19:07:22","modified_gmt":"2022-11-30T19:07:22","slug":"paw-patrol-10-marshall-plush-toy-standing-plush-with-stitched-detailing-for-ages-3-and-up-2","status":"publish","type":"product","link":"https:\/\/ryfi.online\/fr\/produit\/paw-patrol-10-marshall-plush-toy-standing-plush-with-stitched-detailing-for-ages-3-and-up-2\/","title":{"rendered":"Paw Patrol &#8211; Jouet en peluche Marshall 10&#8243;, peluche debout avec d\u00e9tails cousus, pour les 3 ans et plus"},"content":{"rendered":"<p>Les petits fans de PAW Patrol peuvent se blottir et r\u00eaver d&#8217;aventure avec leur chiot pr\u00e9f\u00e9r\u00e9, Marshall ! Ce chiot en peluche de 10 pouces se tient debout tout seul, pr\u00eat \u00e0 l&#8217;action ! Marshall porte son uniforme caract\u00e9ristique de la Patrouille des papillons, avec son chapeau douillet et son insigne de la Patrouille des papillons. Il a m\u00eame des empreintes de pattes \u00e0 quatre pattes ! Sa fourrure douce et son visage expressif donnent vie \u00e0 ce personnage bien-aim\u00e9. Offrez \u00e0 votre petit fan de PAW Patrol un compagnon qu&#8217;il pourra emmener de la r\u00e9cr\u00e9ation \u00e0 la sieste avec la peluche Marshall de 10&#8243; !<\/p>\n<ul class=\"a-unordered-list a-vertical a-spacing-mini\">\n<li><span class=\"a-list-item\">Jouet en peluche : c\u00e2linez le chiot bien-aim\u00e9 de la patrouille PAW : Marshall Ce chiot en peluche se tient debout tout seul, sur des pattes pr\u00e9sentant de vraies empreintes de pattes. Mesurant 10 pouces, il est de la taille parfaite pour les petits fans de la patrouille des papillons.<\/span><\/li>\n<li><span class=\"a-list-item\">CARACT\u00c9RISTIQUES R\u00c9ALISTES : Fabriqu\u00e9 dans un mat\u00e9riau doux, Marshall porte un chapeau en peluche et son uniforme caract\u00e9ristique de la Patrouille des papillons. Avec des d\u00e9tails r\u00e9alistes, ce personnage bien-aim\u00e9 prend vie.<\/span><\/li>\n<li><span class=\"a-list-item\">COLLECTIONNEZ-LES TOUS : Ajoutez toutes les peluches de la patrouille PAW \u00e0 votre collection et recr\u00e9ez toute l&#8217;excitation et l&#8217;aventure de la s\u00e9rie t\u00e9l\u00e9vis\u00e9e \u00e0 succ\u00e8s. Chaque peluche est vendue s\u00e9par\u00e9ment.<\/span><\/li>\n<li><span class=\"a-list-item\">La peluche Marshall de PAW Patrol est destin\u00e9e aux enfants \u00e2g\u00e9s de 3 ans et plus. Ramenez ce chiot en peluche \u00e0 la maison pour jouer et faire la sieste.<\/span><\/li>\n<\/ul>\n","protected":false},"excerpt":{"rendered":"<p>Les petits fans de PAW Patrol peuvent se blottir et r\u00eaver d&#8217;aventure avec leur chiot pr\u00e9f\u00e9r\u00e9, Marshall ! Ce chiot en peluche de 10 pouces se tient debout tout seul, pr\u00eat \u00e0 l&#8217;action ! Marshall porte son uniforme caract\u00e9ristique de la Patrouille des papillons, avec son chapeau douillet et son insigne de la Patrouille des [&hellip;]<\/p>\n","protected":false},"featured_media":10719,"comment_status":"open","ping_status":"closed","template":"","meta":[],"product_brand":[],"product_cat":[297],"product_tag":[237],"class_list":{"0":"post-12935","1":"product","2":"type-product","3":"status-publish","4":"has-post-thumbnail","6":"product_cat-jouets-en-peluche","7":"product_tag-fr","9":"first","10":"instock","11":"featured","12":"taxable","13":"shipping-taxable","14":"purchasable","15":"product-type-simple"},"yoast_head":"<!-- This site is optimized with the Yoast SEO Premium plugin v17.1.2 (Yoast SEO v27.5) - https:\/\/yoast.com\/product\/yoast-seo-premium-wordpress\/ -->\n<title>Jouet en peluche Marshall | Jouet en peluche debout Paw Patrol - Ryfi Online Store<\/title>\n<meta name=\"description\" content=\"Si vous cherchez des jouets en peluche de la Patrouille des Mar\u00e9chaux aux USA ? Alors, vous \u00eates au bon endroit, Ryfi.online fournit les diff\u00e9rentes sortes de peluches, pour plus d&#039;informations visitez notre site web aujourd&#039;hui !\" \/>\n<meta name=\"robots\" content=\"index, follow, max-snippet:-1, max-image-preview:large, max-video-preview:-1\" \/>\n<link rel=\"canonical\" href=\"https:\/\/ryfi.online\/fr\/produit\/paw-patrol-10-marshall-plush-toy-standing-plush-with-stitched-detailing-for-ages-3-and-up-2\/\" \/>\n<meta property=\"og:locale\" content=\"fr_FR\" \/>\n<meta property=\"og:type\" content=\"article\" \/>\n<meta property=\"og:title\" content=\"Paw Patrol - Jouet en peluche Marshall 10&quot;, peluche debout avec d\u00e9tails cousus, pour les 3 ans et plus\" \/>\n<meta property=\"og:description\" content=\"Si vous cherchez des jouets en peluche de la Patrouille des Mar\u00e9chaux aux USA ? Alors, vous \u00eates au bon endroit, Ryfi.online fournit les diff\u00e9rentes sortes de peluches, pour plus d&#039;informations visitez notre site web aujourd&#039;hui !\" \/>\n<meta property=\"og:url\" content=\"https:\/\/ryfi.online\/fr\/produit\/paw-patrol-10-marshall-plush-toy-standing-plush-with-stitched-detailing-for-ages-3-and-up-2\/\" \/>\n<meta property=\"og:site_name\" content=\"Ryfi Online Store\" \/>\n<meta property=\"article:publisher\" content=\"https:\/\/www.facebook.com\/ryfi.online\/\" \/>\n<meta property=\"og:image\" content=\"https:\/\/ryfi.online\/wp-content\/uploads\/2021\/05\/71x19VxDhSL._AC_SL1500_.jpg\" \/>\n\t<meta property=\"og:image:width\" content=\"1071\" \/>\n\t<meta property=\"og:image:height\" content=\"1500\" \/>\n\t<meta property=\"og:image:type\" content=\"image\/jpeg\" \/>\n<meta name=\"twitter:card\" content=\"summary_large_image\" \/>\n<meta name=\"twitter:label1\" content=\"Prix\" \/>\n\t<meta name=\"twitter:data1\" content=\"&#036;14.99\" \/>\n\t<meta name=\"twitter:label2\" content=\"Availability\" \/>\n\t<meta name=\"twitter:data2\" content=\"In stock\" \/>\n<meta property=\"product:brand\" content=\"Jouets en peluche\" \/>\n<meta property=\"product:price:amount\" content=\"14.99\" \/>\n<meta property=\"product:price:currency\" content=\"USD\" \/>\n<meta property=\"og:availability\" content=\"instock\" \/>\n<meta property=\"product:availability\" content=\"instock\" \/>\n<meta property=\"product:condition\" content=\"new\" \/>\n<!-- \/ Yoast SEO Premium plugin. -->","yoast_head_json":{"title":"Jouet en peluche Marshall | Jouet en peluche debout Paw Patrol - Ryfi Online Store","description":"Si vous cherchez des jouets en peluche de la Patrouille des Mar\u00e9chaux aux USA ? Alors, vous \u00eates au bon endroit, Ryfi.online fournit les diff\u00e9rentes sortes de peluches, pour plus d'informations visitez notre site web aujourd'hui !","robots":{"index":"index","follow":"follow","max-snippet":"max-snippet:-1","max-image-preview":"max-image-preview:large","max-video-preview":"max-video-preview:-1"},"canonical":"https:\/\/ryfi.online\/fr\/produit\/paw-patrol-10-marshall-plush-toy-standing-plush-with-stitched-detailing-for-ages-3-and-up-2\/","og_locale":"fr_FR","og_type":"article","og_title":"Paw Patrol - Jouet en peluche Marshall 10\", peluche debout avec d\u00e9tails cousus, pour les 3 ans et plus","og_description":"Si vous cherchez des jouets en peluche de la Patrouille des Mar\u00e9chaux aux USA ? Alors, vous \u00eates au bon endroit, Ryfi.online fournit les diff\u00e9rentes sortes de peluches, pour plus d'informations visitez notre site web aujourd'hui !","og_url":"https:\/\/ryfi.online\/fr\/produit\/paw-patrol-10-marshall-plush-toy-standing-plush-with-stitched-detailing-for-ages-3-and-up-2\/","og_site_name":"Ryfi Online Store","article_publisher":"https:\/\/www.facebook.com\/ryfi.online\/","og_image":[{"width":1071,"height":1500,"url":"https:\/\/ryfi.online\/wp-content\/uploads\/2021\/05\/71x19VxDhSL._AC_SL1500_.jpg","type":"image\/jpeg"}],"twitter_card":"summary_large_image","twitter_misc":{"Prix":"&#36;14.99","Availability":"In stock"},"schema":{"@context":"https:\/\/schema.org","@graph":[{"@type":"WebPage","@id":"https:\/\/ryfi.online\/fr\/produit\/paw-patrol-10-marshall-plush-toy-standing-plush-with-stitched-detailing-for-ages-3-and-up-2\/","url":"https:\/\/ryfi.online\/fr\/produit\/paw-patrol-10-marshall-plush-toy-standing-plush-with-stitched-detailing-for-ages-3-and-up-2\/","name":"Jouet en peluche Marshall | Jouet en peluche debout Paw Patrol - Ryfi Online Store","isPartOf":{"@id":"https:\/\/ryfi.online\/fr\/#website"},"primaryImageOfPage":{"@id":"https:\/\/ryfi.online\/fr\/produit\/paw-patrol-10-marshall-plush-toy-standing-plush-with-stitched-detailing-for-ages-3-and-up-2\/#primaryimage"},"image":{"@id":"https:\/\/ryfi.online\/fr\/produit\/paw-patrol-10-marshall-plush-toy-standing-plush-with-stitched-detailing-for-ages-3-and-up-2\/#primaryimage"},"thumbnailUrl":"https:\/\/ryfi.online\/wp-content\/uploads\/2021\/05\/71x19VxDhSL._AC_SL1500_.jpg","datePublished":"2022-11-30T19:07:22+00:00","description":"Si vous cherchez des jouets en peluche de la Patrouille des Mar\u00e9chaux aux USA ? Alors, vous \u00eates au bon endroit, Ryfi.online fournit les diff\u00e9rentes sortes de peluches, pour plus d'informations visitez notre site web aujourd'hui !","breadcrumb":{"@id":"https:\/\/ryfi.online\/fr\/produit\/paw-patrol-10-marshall-plush-toy-standing-plush-with-stitched-detailing-for-ages-3-and-up-2\/#breadcrumb"},"inLanguage":"fr-FR","potentialAction":[{"@type":"ReadAction","target":["https:\/\/ryfi.online\/fr\/produit\/paw-patrol-10-marshall-plush-toy-standing-plush-with-stitched-detailing-for-ages-3-and-up-2\/"]}]},{"@type":"ImageObject","inLanguage":"fr-FR","@id":"https:\/\/ryfi.online\/fr\/produit\/paw-patrol-10-marshall-plush-toy-standing-plush-with-stitched-detailing-for-ages-3-and-up-2\/#primaryimage","url":"https:\/\/ryfi.online\/wp-content\/uploads\/2021\/05\/71x19VxDhSL._AC_SL1500_.jpg","contentUrl":"https:\/\/ryfi.online\/wp-content\/uploads\/2021\/05\/71x19VxDhSL._AC_SL1500_.jpg","width":1071,"height":1500},{"@type":"BreadcrumbList","@id":"https:\/\/ryfi.online\/fr\/produit\/paw-patrol-10-marshall-plush-toy-standing-plush-with-stitched-detailing-for-ages-3-and-up-2\/#breadcrumb","itemListElement":[{"@type":"ListItem","position":1,"name":"Home","item":"https:\/\/ryfi.online\/fr\/"},{"@type":"ListItem","position":2,"name":"Free and Fast Shipping whitin 1-3 Days!!!","item":"https:\/\/ryfi.online\/shop\/"},{"@type":"ListItem","position":3,"name":"Paw Patrol &#8211; Jouet en peluche Marshall 10&#8243;, peluche debout avec d\u00e9tails cousus, pour les 3 ans et plus"}]},{"@type":"WebSite","@id":"https:\/\/ryfi.online\/fr\/#website","url":"https:\/\/ryfi.online\/fr\/","name":"Ryfi Online Store","description":"Online Store","publisher":{"@id":"https:\/\/ryfi.online\/fr\/#organization"},"potentialAction":[{"@type":"SearchAction","target":{"@type":"EntryPoint","urlTemplate":"https:\/\/ryfi.online\/fr\/?s={search_term_string}"},"query-input":{"@type":"PropertyValueSpecification","valueRequired":true,"valueName":"search_term_string"}}],"inLanguage":"fr-FR"},{"@type":"Organization","@id":"https:\/\/ryfi.online\/fr\/#organization","name":"Ryan Future Investments LLC","url":"https:\/\/ryfi.online\/fr\/","logo":{"@type":"ImageObject","inLanguage":"fr-FR","@id":"https:\/\/ryfi.online\/fr\/#\/schema\/logo\/image\/","url":"https:\/\/ryfi.online\/wp-content\/uploads\/2021\/03\/2-03.png","contentUrl":"https:\/\/ryfi.online\/wp-content\/uploads\/2021\/03\/2-03.png","width":1010,"height":310,"caption":"Ryan Future Investments LLC"},"image":{"@id":"https:\/\/ryfi.online\/fr\/#\/schema\/logo\/image\/"},"sameAs":["https:\/\/www.facebook.com\/ryfi.online\/"]}]},"product_brand":"Jouets en peluche","product_price_amount":"14.99","product_price_currency":"USD","og_availability":"instock","product_availability":"instock","product_condition":"new"},"jetpack-related-posts":[{"id":13012,"url":"https:\/\/ryfi.online\/fr\/produit\/paw-patrol-10-rubble-plush-toy-standing-plush-with-stitched-detailing-for-ages-3-and-up-multicolor-2\/","url_meta":{"origin":12935,"position":0},"title":"Paw Patrol &#8211; Jouet en peluche Rubble 10&#8243;, peluche debout avec d\u00e9tails cousus, pour les 3 ans et plus, Multicolore","date":"mai 4, 2021","format":false,"excerpt":"Les petits fans de PAW Patrol peuvent se blottir et r\u00eaver d'aventure avec leur chiot pr\u00e9f\u00e9r\u00e9, Rubble ! Ce chiot en peluche de 10 pouces se tient debout tout seul, pr\u00eat \u00e0 l'action ! Rubble porte son uniforme caract\u00e9ristique de la Patrouille des papillons, avec son bonnet douillet et son\u2026","rel":"","context":"Article similaire","img":{"alt_text":"","src":"https:\/\/i0.wp.com\/ryfi.online\/wp-content\/uploads\/2021\/05\/71AtjhCJL._AC_SL1500_.jpg?resize=350%2C200&ssl=1","width":350,"height":200},"classes":[]},{"id":12991,"url":"https:\/\/ryfi.online\/fr\/produit\/paw-patrol-10-skye-plush-toy-standing-plush-with-stitched-detailing-for-ages-3-and-up-2\/","url_meta":{"origin":12935,"position":1},"title":"Paw Patrol &#8211; Jouet en peluche Skye 10&#8243;, peluche debout avec d\u00e9tails cousus, pour les 3 ans et plus","date":"mai 4, 2021","format":false,"excerpt":"Les petits fans de PAW Patrol peuvent se blottir et r\u00eaver d'aventure avec leur chiot pr\u00e9f\u00e9r\u00e9, Skye ! Ce chiot en peluche de 10 pouces se tient debout tout seul, pr\u00eat \u00e0 l'action ! Skye porte son uniforme caract\u00e9ristique de la Patrouille des papillons, avec son bonnet douillet et son\u2026","rel":"","context":"Article similaire","img":{"alt_text":"","src":"https:\/\/i0.wp.com\/ryfi.online\/wp-content\/uploads\/2021\/05\/81EbdDqXYyL._AC_SL1500_.jpg?resize=350%2C200&ssl=1","width":350,"height":200},"classes":[]},{"id":3801,"url":"https:\/\/ryfi.online\/fr\/produit\/pat-patrouille-pyjama-pour-enfants\/","url_meta":{"origin":12935,"position":2},"title":"Paw Patrol Gar\u00e7on Pyjama HU2034","date":"octobre 8, 2021","format":false,"excerpt":"Exp\u00e9dition rapide et s\u00fbre en 1-3 jours ouvrables","rel":"","context":"Article similaire","img":{"alt_text":"","src":"https:\/\/i0.wp.com\/ryfi.online\/wp-content\/uploads\/2021\/10\/hu2034.jpg?resize=350%2C200&ssl=1","width":350,"height":200},"classes":[]},{"id":9882,"url":"https:\/\/ryfi.online\/fr\/produit\/porte-cles-poulpe-reversible-peluche-peluche\/","url_meta":{"origin":12935,"position":3},"title":"Porte-cl\u00e9s Octopus r\u00e9versible Toutes les couleurs","date":"mars 17, 2021","format":false,"excerpt":"Livraison gratuite et rapide sous 1 \u00e0 3 jours. Achetez 4 obtenez 5 D\u00e9p\u00eachez-vous, ventes chaudes !!! \u00a0","rel":"","context":"Article similaire","img":{"alt_text":"porte-cl\u00e9s r\u00e9versible pieuvre","src":"https:\/\/i0.wp.com\/ryfi.online\/wp-content\/uploads\/2021\/03\/20.jpg?resize=350%2C200&ssl=1","width":350,"height":200},"classes":[]},{"id":6271,"url":"https:\/\/ryfi.online\/fr\/produit\/reversible-pieuvre-peluche\/","url_meta":{"origin":12935,"position":4},"title":"Peluche de poulpe r\u00e9versible","date":"mars 8, 2021","format":false,"excerpt":"Livraison gratuite et rapide sous 1 \u00e0 3 jours. Achetez 4 obtenez 5 D\u00e9p\u00eachez-vous, ventes chaudes !!! \u00a0","rel":"","context":"Article similaire","img":{"alt_text":"heureux animal en peluche triste","src":"https:\/\/i0.wp.com\/ryfi.online\/wp-content\/uploads\/2021\/03\/H89f48063f95940e583df854ff6ec5f689-Copy-Copy.jpg?resize=350%2C200&ssl=1","width":350,"height":200},"classes":[]},{"id":6965,"url":"https:\/\/ryfi.online\/fr\/produit\/transparent-parapluie-patte-patrouille\/","url_meta":{"origin":12935,"position":5},"title":"Parapluie Transparent Paw Patrol HU9147.E00","date":"octobre 31, 2021","format":false,"excerpt":"Exp\u00e9dition rapide et s\u00fbre en 1-3 jours ouvrables","rel":"","context":"Article similaire","img":{"alt_text":"","src":"https:\/\/i0.wp.com\/ryfi.online\/wp-content\/uploads\/2021\/10\/hu9147.e001.jpg?resize=350%2C200&ssl=1","width":350,"height":200},"classes":[]}],"_links":{"self":[{"href":"https:\/\/ryfi.online\/fr\/wp-json\/wp\/v2\/product\/12935","targetHints":{"allow":["GET"]}}],"collection":[{"href":"https:\/\/ryfi.online\/fr\/wp-json\/wp\/v2\/product"}],"about":[{"href":"https:\/\/ryfi.online\/fr\/wp-json\/wp\/v2\/types\/product"}],"replies":[{"embeddable":true,"href":"https:\/\/ryfi.online\/fr\/wp-json\/wp\/v2\/comments?post=12935"}],"wp:featuredmedia":[{"embeddable":true,"href":"https:\/\/ryfi.online\/fr\/wp-json\/wp\/v2\/media\/10719"}],"wp:attachment":[{"href":"https:\/\/ryfi.online\/fr\/wp-json\/wp\/v2\/media?parent=12935"}],"wp:term":[{"taxonomy":"product_brand","embeddable":true,"href":"https:\/\/ryfi.online\/fr\/wp-json\/wp\/v2\/product_brand?post=12935"},{"taxonomy":"product_cat","embeddable":true,"href":"https:\/\/ryfi.online\/fr\/wp-json\/wp\/v2\/product_cat?post=12935"},{"taxonomy":"product_tag","embeddable":true,"href":"https:\/\/ryfi.online\/fr\/wp-json\/wp\/v2\/product_tag?post=12935"}],"curies":[{"name":"wp","href":"https:\/\/api.w.org\/{rel}","templated":true}]}}