{"id":12907,"date":"2021-04-04T20:29:11","date_gmt":"2022-11-30T19:03:57","guid":{"rendered":"https:\/\/ryfi.online\/product\/zak-designs-1-pack-pj-masks-16-5oz-kids-sullivan-sports-water-bottle-bpa-free\/"},"modified":"2022-11-30T19:03:57","modified_gmt":"2022-11-30T19:03:57","slug":"zak-designs-1-pack-pj-masks-16-5oz-kids-sullivan-sports-water-bottle-bpa-free-2","status":"publish","type":"product","link":"https:\/\/ryfi.online\/fr\/produit\/zak-designs-1-pack-pj-masks-16-5oz-kids-sullivan-sports-water-bottle-bpa-free-2\/","title":{"rendered":"Zak Designs [1-Pack] PJ Masks 16.5oz Kids Sullivan Sports Water Bottle, BPA-Free"},"content":{"rendered":"<div class=\"celwidget\" data-csa-c-id=\"1gczap-t5xhjk-28g08n-oyzonf\" data-cel-widget=\"dpx-product-description_csm_instrumentation_wrapper\">\n<div id=\"descriptionAndDetails\" class=\"a-section a-spacing-extra-large\">\n<div id=\"productDescription_feature_div\" class=\"celwidget\" data-feature-name=\"productDescription\" data-csa-c-id=\"jtdjl7-2bv79w-kesh72-tugbx0\" data-cel-widget=\"productDescription_feature_div\">\n<div>\n<div id=\"productDescription_feature_div\" class=\"a-row feature\" data-feature-name=\"productDescription\" data-template-name=\"productDescription\" data-cel-widget=\"productDescription_feature_div\">\n<div id=\"productDescription\" class=\"a-section a-spacing-small\">\n<p>L&#8217;illustration amusante rend l&#8217;hydratation amusante ! Cette bouteille a une capacit\u00e9 de 16,5 onces, avec une boucle de transport int\u00e9gr\u00e9e au couvercle pour que vous puissiez l&#8217;emporter. Le couvercle \u00e0 ouverture facile prot\u00e8ge le bec verseur lorsqu&#8217;il n&#8217;est pas utilis\u00e9, et le tout est fabriqu\u00e9 en plastique durable. La bouteille est totalement exempte de BPA. Le lavage \u00e0 la main est recommand\u00e9 ; ne pas mettre au micro-ondes. Ensemble de un.<\/p>\n<\/div>\n<\/div>\n<\/div>\n<\/div>\n<\/div>\n<\/div>\n<p><span class=\"a-list-item\">\u2705 Set de 1 \u00e0 l&#8217;effigie des PJ Masks &#8211; licence officielle<\/span><\/p>\n<p><span class=\"a-list-item\">\u2705 Couvercle viss\u00e9 avec boucle de transport int\u00e9gr\u00e9e<\/span><\/p>\n<p><span class=\"a-list-item\">\u2705 Fabriqu\u00e9 en plastique durable sans BPA<\/span><\/p>\n<p><span class=\"a-list-item\">\u2705 Capacit\u00e9 de 16,5 oz avec couvercle \u00e0 ouverture facile qui permet de garder le bec propre.<\/span><\/p>\n<p><span class=\"a-list-item\">\u2705 Le lavage \u00e0 la main est recommand\u00e9 ; ne pas mettre au micro-ondes.<\/span><\/p>\n","protected":false},"excerpt":{"rendered":"<p><strong>Livraison gratuite et rapide sous 1 \u00e0 3 jours.<\/strong><\/p>\n<h3><strong>Achetez 4 obtenez 5<\/strong><\/h3>\n<h3><span style=\"color: #ff0000;\"><strong><em>D\u00e9p\u00eachez-vous, ventes chaudes !!!<\/em><\/strong><\/span><\/h3>\n","protected":false},"featured_media":10583,"comment_status":"open","ping_status":"closed","template":"","meta":[],"product_brand":[],"product_cat":[227],"product_tag":[237],"class_list":{"0":"post-12907","1":"product","2":"type-product","3":"status-publish","4":"has-post-thumbnail","6":"product_cat-bouteilles-deau-de-sport","7":"product_tag-fr","9":"first","10":"instock","11":"featured","12":"taxable","13":"shipping-taxable","14":"purchasable","15":"product-type-simple"},"yoast_head":"<!-- This site is optimized with the Yoast SEO Premium plugin v17.1.2 (Yoast SEO v27.4) - https:\/\/yoast.com\/product\/yoast-seo-premium-wordpress\/ -->\n<title>Bouteille d&#039;eau de sport Sullivan pour enfants | Bouteille d&#039;eau Zak Designs<\/title>\n<meta name=\"description\" content=\"Achetez la bouteille d&#039;eau de sport Zak Designs Kids Sullivan pour vos enfants \u00e0 un prix tr\u00e8s abordable dans le meilleur magasin en ligne des \u00c9tats-Unis, Ryfi.\" \/>\n<meta name=\"robots\" content=\"index, follow, max-snippet:-1, max-image-preview:large, max-video-preview:-1\" \/>\n<link rel=\"canonical\" href=\"https:\/\/ryfi.online\/fr\/produit\/zak-designs-1-pack-pj-masks-16-5oz-kids-sullivan-sports-water-bottle-bpa-free-2\/\" \/>\n<meta property=\"og:locale\" content=\"fr_FR\" \/>\n<meta property=\"og:type\" content=\"article\" \/>\n<meta property=\"og:title\" content=\"Zak Designs [1-Pack] PJ Masks 16.5oz Kids Sullivan Sports Water Bottle, BPA-Free\" \/>\n<meta property=\"og:description\" content=\"Achetez la bouteille d&#039;eau de sport Zak Designs Kids Sullivan pour vos enfants \u00e0 un prix tr\u00e8s abordable dans le meilleur magasin en ligne des \u00c9tats-Unis, Ryfi.\" \/>\n<meta property=\"og:url\" content=\"https:\/\/ryfi.online\/fr\/produit\/zak-designs-1-pack-pj-masks-16-5oz-kids-sullivan-sports-water-bottle-bpa-free-2\/\" \/>\n<meta property=\"og:site_name\" content=\"Ryfi Online Store\" \/>\n<meta property=\"article:publisher\" content=\"https:\/\/www.facebook.com\/ryfi.online\/\" \/>\n<meta property=\"og:image\" content=\"https:\/\/ryfi.online\/wp-content\/uploads\/2021\/04\/51SXcTRp3VL._AC_SL1000_.jpg\" \/>\n\t<meta property=\"og:image:width\" content=\"882\" \/>\n\t<meta property=\"og:image:height\" content=\"632\" \/>\n\t<meta property=\"og:image:type\" content=\"image\/jpeg\" \/>\n<meta name=\"twitter:card\" content=\"summary_large_image\" \/>\n<meta name=\"twitter:label1\" content=\"Prix\" \/>\n\t<meta name=\"twitter:data1\" content=\"&#036;9.99\" \/>\n\t<meta name=\"twitter:label2\" content=\"Availability\" \/>\n\t<meta name=\"twitter:data2\" content=\"In stock\" \/>\n<meta property=\"product:brand\" content=\"Bouteilles d&#039;eau de sport\" \/>\n<meta property=\"product:price:amount\" content=\"9.99\" \/>\n<meta property=\"product:price:currency\" content=\"USD\" \/>\n<meta property=\"og:availability\" content=\"instock\" \/>\n<meta property=\"product:availability\" content=\"instock\" \/>\n<meta property=\"product:condition\" content=\"new\" \/>\n<!-- \/ Yoast SEO Premium plugin. -->","yoast_head_json":{"title":"Bouteille d'eau de sport Sullivan pour enfants | Bouteille d'eau Zak Designs","description":"Achetez la bouteille d'eau de sport Zak Designs Kids Sullivan pour vos enfants \u00e0 un prix tr\u00e8s abordable dans le meilleur magasin en ligne des \u00c9tats-Unis, Ryfi.","robots":{"index":"index","follow":"follow","max-snippet":"max-snippet:-1","max-image-preview":"max-image-preview:large","max-video-preview":"max-video-preview:-1"},"canonical":"https:\/\/ryfi.online\/fr\/produit\/zak-designs-1-pack-pj-masks-16-5oz-kids-sullivan-sports-water-bottle-bpa-free-2\/","og_locale":"fr_FR","og_type":"article","og_title":"Zak Designs [1-Pack] PJ Masks 16.5oz Kids Sullivan Sports Water Bottle, BPA-Free","og_description":"Achetez la bouteille d'eau de sport Zak Designs Kids Sullivan pour vos enfants \u00e0 un prix tr\u00e8s abordable dans le meilleur magasin en ligne des \u00c9tats-Unis, Ryfi.","og_url":"https:\/\/ryfi.online\/fr\/produit\/zak-designs-1-pack-pj-masks-16-5oz-kids-sullivan-sports-water-bottle-bpa-free-2\/","og_site_name":"Ryfi Online Store","article_publisher":"https:\/\/www.facebook.com\/ryfi.online\/","og_image":[{"width":882,"height":632,"url":"https:\/\/ryfi.online\/wp-content\/uploads\/2021\/04\/51SXcTRp3VL._AC_SL1000_.jpg","type":"image\/jpeg"}],"twitter_card":"summary_large_image","twitter_misc":{"Prix":"&#36;9.99","Availability":"In stock"},"schema":{"@context":"https:\/\/schema.org","@graph":[{"@type":"WebPage","@id":"https:\/\/ryfi.online\/fr\/produit\/zak-designs-1-pack-pj-masks-16-5oz-kids-sullivan-sports-water-bottle-bpa-free-2\/","url":"https:\/\/ryfi.online\/fr\/produit\/zak-designs-1-pack-pj-masks-16-5oz-kids-sullivan-sports-water-bottle-bpa-free-2\/","name":"Bouteille d'eau de sport Sullivan pour enfants | Bouteille d'eau Zak Designs","isPartOf":{"@id":"https:\/\/ryfi.online\/fr\/#website"},"primaryImageOfPage":{"@id":"https:\/\/ryfi.online\/fr\/produit\/zak-designs-1-pack-pj-masks-16-5oz-kids-sullivan-sports-water-bottle-bpa-free-2\/#primaryimage"},"image":{"@id":"https:\/\/ryfi.online\/fr\/produit\/zak-designs-1-pack-pj-masks-16-5oz-kids-sullivan-sports-water-bottle-bpa-free-2\/#primaryimage"},"thumbnailUrl":"https:\/\/ryfi.online\/wp-content\/uploads\/2021\/04\/51SXcTRp3VL._AC_SL1000_.jpg","datePublished":"2022-11-30T19:03:57+00:00","description":"Achetez la bouteille d'eau de sport Zak Designs Kids Sullivan pour vos enfants \u00e0 un prix tr\u00e8s abordable dans le meilleur magasin en ligne des \u00c9tats-Unis, Ryfi.","breadcrumb":{"@id":"https:\/\/ryfi.online\/fr\/produit\/zak-designs-1-pack-pj-masks-16-5oz-kids-sullivan-sports-water-bottle-bpa-free-2\/#breadcrumb"},"inLanguage":"fr-FR","potentialAction":[{"@type":"ReadAction","target":["https:\/\/ryfi.online\/fr\/produit\/zak-designs-1-pack-pj-masks-16-5oz-kids-sullivan-sports-water-bottle-bpa-free-2\/"]}]},{"@type":"ImageObject","inLanguage":"fr-FR","@id":"https:\/\/ryfi.online\/fr\/produit\/zak-designs-1-pack-pj-masks-16-5oz-kids-sullivan-sports-water-bottle-bpa-free-2\/#primaryimage","url":"https:\/\/ryfi.online\/wp-content\/uploads\/2021\/04\/51SXcTRp3VL._AC_SL1000_.jpg","contentUrl":"https:\/\/ryfi.online\/wp-content\/uploads\/2021\/04\/51SXcTRp3VL._AC_SL1000_.jpg","width":882,"height":632},{"@type":"BreadcrumbList","@id":"https:\/\/ryfi.online\/fr\/produit\/zak-designs-1-pack-pj-masks-16-5oz-kids-sullivan-sports-water-bottle-bpa-free-2\/#breadcrumb","itemListElement":[{"@type":"ListItem","position":1,"name":"Home","item":"https:\/\/ryfi.online\/fr\/"},{"@type":"ListItem","position":2,"name":"Free and Fast Shipping whitin 1-3 Days!!!","item":"https:\/\/ryfi.online\/shop\/"},{"@type":"ListItem","position":3,"name":"Zak Designs [1-Pack] PJ Masks 16.5oz Kids Sullivan Sports Water Bottle, BPA-Free"}]},{"@type":"WebSite","@id":"https:\/\/ryfi.online\/fr\/#website","url":"https:\/\/ryfi.online\/fr\/","name":"Ryfi Online Store","description":"Online Store","publisher":{"@id":"https:\/\/ryfi.online\/fr\/#organization"},"potentialAction":[{"@type":"SearchAction","target":{"@type":"EntryPoint","urlTemplate":"https:\/\/ryfi.online\/fr\/?s={search_term_string}"},"query-input":{"@type":"PropertyValueSpecification","valueRequired":true,"valueName":"search_term_string"}}],"inLanguage":"fr-FR"},{"@type":"Organization","@id":"https:\/\/ryfi.online\/fr\/#organization","name":"Ryan Future Investments LLC","url":"https:\/\/ryfi.online\/fr\/","logo":{"@type":"ImageObject","inLanguage":"fr-FR","@id":"https:\/\/ryfi.online\/fr\/#\/schema\/logo\/image\/","url":"https:\/\/ryfi.online\/wp-content\/uploads\/2021\/03\/2-03.png","contentUrl":"https:\/\/ryfi.online\/wp-content\/uploads\/2021\/03\/2-03.png","width":1010,"height":310,"caption":"Ryan Future Investments LLC"},"image":{"@id":"https:\/\/ryfi.online\/fr\/#\/schema\/logo\/image\/"},"sameAs":["https:\/\/www.facebook.com\/ryfi.online\/"]}]},"product_brand":"Bouteilles d'eau de sport","product_price_amount":"9.99","product_price_currency":"USD","og_availability":"instock","product_availability":"instock","product_condition":"new"},"jetpack-related-posts":[{"id":12895,"url":"https:\/\/ryfi.online\/fr\/produit\/marvel-universe-16-5oz-kids-sullivan-sports-water-bottle-bpa-free-black-red-blue-2\/","url_meta":{"origin":12907,"position":0},"title":"Bouteille d&#8217;eau pour enfants Marvel Universe 16.5oz Sullivan, sans BPA, Noir, Rouge, Bleu.","date":"avril 4, 2021","format":false,"excerpt":"Livraison gratuite et rapide sous 1 \u00e0 3 jours. Achetez 4 obtenez 5 D\u00e9p\u00eachez-vous, ventes chaudes !!!","rel":"","context":"Article similaire","img":{"alt_text":"","src":"https:\/\/i0.wp.com\/ryfi.online\/wp-content\/uploads\/2021\/04\/51yLdOxL4L._AC_.jpg?resize=350%2C200&ssl=1","width":350,"height":200},"classes":[]},{"id":12896,"url":"https:\/\/ryfi.online\/fr\/produit\/disney-minnie-mouse-striped-15oz-buddy-sip-tumbler-cup-avec-couvercle-paille-bpa-free\/","url_meta":{"origin":12907,"position":1},"title":"Gobelet 15oz Disney Minnie Mouse Striped Buddy Sip avec couvercle et paille, sans BPA.","date":"avril 4, 2021","format":false,"excerpt":"Livraison gratuite et rapide sous 1 \u00e0 3 jours. Achetez 4 obtenez 5 D\u00e9p\u00eachez-vous, ventes chaudes !!!","rel":"","context":"Article similaire","img":{"alt_text":"","src":"https:\/\/i0.wp.com\/ryfi.online\/wp-content\/uploads\/2021\/04\/71jFmrzWXL._AC_SL1244_.jpg?resize=350%2C200&ssl=1","width":350,"height":200},"classes":[]},{"id":12890,"url":"https:\/\/ryfi.online\/fr\/produit\/disney-1-pack-minnie-mouse-bowtique-16oz-pull-top-squirt-water-bottles-purple-pink-bpa-free-2\/","url_meta":{"origin":12907,"position":2},"title":"Disney 1-Pack Minnie Mouse Bowtique 16oz Pull-Top Squirt Water Bottles, Purple\/Pink, BPA-Free","date":"avril 4, 2021","format":false,"excerpt":"Livraison gratuite et rapide sous 1 \u00e0 3 jours. Achetez 4 obtenez 5 D\u00e9p\u00eachez-vous, ventes chaudes !!!","rel":"","context":"Article similaire","img":{"alt_text":"","src":"https:\/\/i0.wp.com\/ryfi.online\/wp-content\/uploads\/2021\/04\/51TjhBshTML._AC_SL1000_.jpg?resize=350%2C200&ssl=1","width":350,"height":200},"classes":[]},{"id":4571,"url":"https:\/\/ryfi.online\/fr\/produit\/bidon-sport-easy-420-ml-avengers-rolling-thunder\/","url_meta":{"origin":12907,"position":3},"title":"BOUTEILLE SPORT EASY 420 ML AVENGERS ROLLING THUNDER","date":"septembre 3, 2021","format":false,"excerpt":"Livraison gratuite 1-3 jours ouvrables Retour gratuit","rel":"","context":"Article similaire","img":{"alt_text":"BOUTEILLE SPORT EASY 420 ML AVENGERS ROLLING THUNDER","src":"https:\/\/i0.wp.com\/ryfi.online\/wp-content\/uploads\/2021\/09\/57731_A.jpg?resize=350%2C200&ssl=1","width":350,"height":200},"classes":[]},{"id":9271,"url":"https:\/\/ryfi.online\/fr\/produit\/casquette-gelee-ue4140\/","url_meta":{"origin":12907,"position":4},"title":"Casquette Frozen pour filles UE4140","date":"avril 29, 2022","format":false,"excerpt":"Exp\u00e9dition rapide et s\u00fbre en 1-3 jours ouvrables","rel":"","context":"Article similaire","img":{"alt_text":"","src":"https:\/\/i0.wp.com\/ryfi.online\/wp-content\/uploads\/2022\/04\/ue4140_lna.jpg?resize=350%2C200&ssl=1","width":350,"height":200},"classes":[]},{"id":5751,"url":"https:\/\/ryfi.online\/fr\/produit\/casquette-fille-disney-frozen-baseball-pour-fille\/","url_meta":{"origin":12907,"position":5},"title":"Casquette de Baseball Fille Disney La Reine des Neiges ET4121","date":"juin 9, 2021","format":false,"excerpt":"Env\u00edo gratuito en 1-3 d\u00edas laborales","rel":"","context":"Article similaire","img":{"alt_text":"Casquette La Reine des neiges Disney","src":"https:\/\/i0.wp.com\/ryfi.online\/wp-content\/uploads\/2021\/06\/et4117_tur.jpg?resize=350%2C200&ssl=1","width":350,"height":200},"classes":[]}],"_links":{"self":[{"href":"https:\/\/ryfi.online\/fr\/wp-json\/wp\/v2\/product\/12907","targetHints":{"allow":["GET"]}}],"collection":[{"href":"https:\/\/ryfi.online\/fr\/wp-json\/wp\/v2\/product"}],"about":[{"href":"https:\/\/ryfi.online\/fr\/wp-json\/wp\/v2\/types\/product"}],"replies":[{"embeddable":true,"href":"https:\/\/ryfi.online\/fr\/wp-json\/wp\/v2\/comments?post=12907"}],"wp:featuredmedia":[{"embeddable":true,"href":"https:\/\/ryfi.online\/fr\/wp-json\/wp\/v2\/media\/10583"}],"wp:attachment":[{"href":"https:\/\/ryfi.online\/fr\/wp-json\/wp\/v2\/media?parent=12907"}],"wp:term":[{"taxonomy":"product_brand","embeddable":true,"href":"https:\/\/ryfi.online\/fr\/wp-json\/wp\/v2\/product_brand?post=12907"},{"taxonomy":"product_cat","embeddable":true,"href":"https:\/\/ryfi.online\/fr\/wp-json\/wp\/v2\/product_cat?post=12907"},{"taxonomy":"product_tag","embeddable":true,"href":"https:\/\/ryfi.online\/fr\/wp-json\/wp\/v2\/product_tag?post=12907"}],"curies":[{"name":"wp","href":"https:\/\/api.w.org\/{rel}","templated":true}]}}