{"id":12896,"date":"2021-04-04T20:23:05","date_gmt":"2022-11-30T18:58:32","guid":{"rendered":"https:\/\/ryfi.online\/product\/gobelet-15oz-disney-minnie-mouse-striped-buddy-sip-avec-couvercle-et-paille-sans-bpa\/"},"modified":"2025-09-25T05:24:54","modified_gmt":"2025-09-25T05:24:54","slug":"disney-minnie-mouse-striped-15oz-buddy-sip-tumbler-cup-avec-couvercle-paille-bpa-free","status":"publish","type":"product","link":"https:\/\/ryfi.online\/fr\/produit\/disney-minnie-mouse-striped-15oz-buddy-sip-tumbler-cup-avec-couvercle-paille-bpa-free\/","title":{"rendered":"Gobelet 15oz Disney Minnie Mouse Striped Buddy Sip avec couvercle et paille, sans BPA."},"content":{"rendered":"<div class=\"celwidget\" data-csa-c-id=\"yputfv-akga7c-z8rex3-pmreuu\" data-cel-widget=\"dpx-product-description_csm_instrumentation_wrapper\">\n<div id=\"descriptionAndDetails\" class=\"a-section a-spacing-extra-large\">\n<div id=\"productDescription_feature_div\" class=\"celwidget\" data-feature-name=\"productDescription\" data-csa-c-id=\"xhgkch-ewo0w8-de55vr-x83okb\" data-cel-widget=\"productDescription_feature_div\">\n<div>\n<div id=\"productDescription_feature_div\" class=\"a-row feature\" data-feature-name=\"productDescription\" data-template-name=\"productDescription\" data-cel-widget=\"productDescription_feature_div\">\n<div id=\"productDescription\" class=\"a-section a-spacing-small\">\n<p>Cet ensemble de gobelets utilise le syst\u00e8me de jumelage &#8211; Minnie Mouse de Disney rend l&#8217;hydratation amusante ! Ce gobelet, avec paille, couvercle et personnage sculpt\u00e9, tient compagnie aux enfants et les encourage \u00e0 boire de l&#8217;eau tout au long de la journ\u00e9e. Il contient 15 onces et est fabriqu\u00e9 \u00e0 partir de mat\u00e9riaux durables et r\u00e9sistants. La paille en accord\u00e9on est \u00e0 la fois souple et r\u00e9sistante aux morsures, et elle est munie d&#8217;un bouchon qui l&#8217;emp\u00eache d&#8217;\u00eatre arrach\u00e9e et perdue. Le graphique du personnage est enti\u00e8rement envelopp\u00e9 et la figure sur le couvercle est sculpt\u00e9e \u00e0 360 degr\u00e9s, ce qui signifie qu&#8217;elle est visible sous tous les angles. La taille du gobelet permet aux petites mains de le tenir confortablement, et il s&#8217;adapte \u00e0 la plupart des porte-gobelets de voiture pour un voyage pratique. Tout est enti\u00e8rement sans BPA et peut \u00eatre mis au lave-vaisselle dans le panier sup\u00e9rieur. Ne pas mettre au micro-ondes. Recommand\u00e9 pour les enfants de 3 ans et plus. Ensemble de 1.<\/p>\n<\/div>\n<\/div>\n<\/div>\n<\/div>\n<\/div>\n<\/div>\n<p><span class=\"a-list-item\">\u2705 Ensemble de gobelets Buddy Sip de 15 onces \u00e0 l&#8217;effigie de Minnie Mouse de Disney !<\/span><\/p>\n<p><span class=\"a-list-item\">\u2705 Le gobelet avec paille, le couvercle \u00e0 pression et la figurine sculpt\u00e9e sont fabriqu\u00e9s en mat\u00e9riaux durables et r\u00e9sistants.<\/span><\/p>\n<p><span class=\"a-list-item\">\u2705 La paille en accord\u00e9on est flexible, extra durable et r\u00e9sistante au m\u00e2chonnement.<\/span><\/p>\n<p><span class=\"a-list-item\">\u2705 Le personnage sur le couvercle est sculpt\u00e9 \u00e0 360 degr\u00e9s et le graphique est enti\u00e8rement envelopp\u00e9 pour s&#8217;amuser sous tous les angles.<\/span><\/p>\n<p><span class=\"a-list-item\">\u2705 Sans BPA, Lavable au lave-vaisselle sur le panier sup\u00e9rieur, Ne pas mettre au micro-ondes, Recommand\u00e9 pour les enfants de 3 ans et +.<\/span><\/p>\n","protected":false},"excerpt":{"rendered":"<p><strong>Livraison gratuite et rapide sous 1 \u00e0 3 jours.<\/strong><\/p>\n<h3><strong>Achetez 4 obtenez 5<\/strong><\/h3>\n<h3><span style=\"color: #ff0000;\"><strong><em>D\u00e9p\u00eachez-vous, ventes chaudes !!!<\/em><\/strong><\/span><\/h3>\n<h3><\/h3>\n","protected":false},"featured_media":10575,"comment_status":"open","ping_status":"closed","template":"","meta":[],"product_brand":[],"product_cat":[227],"product_tag":[237],"class_list":{"0":"post-12896","1":"product","2":"type-product","3":"status-publish","4":"has-post-thumbnail","6":"product_cat-bouteilles-deau-de-sport","7":"product_tag-fr","9":"first","10":"instock","11":"featured","12":"taxable","13":"shipping-taxable","14":"purchasable","15":"product-type-simple"},"yoast_head":"<!-- This site is optimized with the Yoast SEO Premium plugin v17.1.2 (Yoast SEO v27.6) - https:\/\/yoast.com\/product\/yoast-seo-premium-wordpress\/ -->\n<title>Disney Minnie Mouse Striped USA - Ryfi Online Store<\/title>\n<meta name=\"description\" content=\"Achetez le gobelet ray\u00e9 Disney Minnie Mouse pour enfants en rouge et autres couleurs d\u00e9contract\u00e9es dans la boutique en ligne Ryfi. Notre large s\u00e9lection est \u00e9ligible \u00e0 la livraison et aux retours gratuits.\" \/>\n<meta name=\"robots\" content=\"index, follow, max-snippet:-1, max-image-preview:large, max-video-preview:-1\" \/>\n<link rel=\"canonical\" href=\"https:\/\/ryfi.online\/fr\/produit\/disney-minnie-mouse-striped-15oz-buddy-sip-tumbler-cup-avec-couvercle-paille-bpa-free\/\" \/>\n<meta property=\"og:locale\" content=\"fr_FR\" \/>\n<meta property=\"og:type\" content=\"article\" \/>\n<meta property=\"og:title\" content=\"Gobelet 15oz Disney Minnie Mouse Striped Buddy Sip avec couvercle et paille, sans BPA.\" \/>\n<meta property=\"og:description\" content=\"Achetez le gobelet ray\u00e9 Disney Minnie Mouse pour enfants en rouge et autres couleurs d\u00e9contract\u00e9es dans la boutique en ligne Ryfi. Notre large s\u00e9lection est \u00e9ligible \u00e0 la livraison et aux retours gratuits.\" \/>\n<meta property=\"og:url\" content=\"https:\/\/ryfi.online\/fr\/produit\/disney-minnie-mouse-striped-15oz-buddy-sip-tumbler-cup-avec-couvercle-paille-bpa-free\/\" \/>\n<meta property=\"og:site_name\" content=\"Ryfi Online Store\" \/>\n<meta property=\"article:publisher\" content=\"https:\/\/www.facebook.com\/ryfi.online\/\" \/>\n<meta property=\"article:modified_time\" content=\"2025-09-25T05:24:54+00:00\" \/>\n<meta property=\"og:image\" content=\"https:\/\/ryfi.online\/wp-content\/uploads\/2021\/04\/71jFmrzWXL._AC_SL1244_.jpg\" \/>\n\t<meta property=\"og:image:width\" content=\"1116\" \/>\n\t<meta property=\"og:image:height\" content=\"1124\" \/>\n\t<meta property=\"og:image:type\" content=\"image\/jpeg\" \/>\n<meta name=\"twitter:card\" content=\"summary_large_image\" \/>\n<meta name=\"twitter:label1\" content=\"Prix\" \/>\n\t<meta name=\"twitter:data1\" content=\"&#036;12.99\" \/>\n\t<meta name=\"twitter:label2\" content=\"Availability\" \/>\n\t<meta name=\"twitter:data2\" content=\"In stock\" \/>\n<meta property=\"product:brand\" content=\"Bouteilles d&#039;eau de sport\" \/>\n<meta property=\"product:price:amount\" content=\"12.99\" \/>\n<meta property=\"product:price:currency\" content=\"USD\" \/>\n<meta property=\"og:availability\" content=\"instock\" \/>\n<meta property=\"product:availability\" content=\"instock\" \/>\n<meta property=\"product:condition\" content=\"new\" \/>\n<!-- \/ Yoast SEO Premium plugin. -->","yoast_head_json":{"title":"Disney Minnie Mouse Striped USA - Ryfi Online Store","description":"Achetez le gobelet ray\u00e9 Disney Minnie Mouse pour enfants en rouge et autres couleurs d\u00e9contract\u00e9es dans la boutique en ligne Ryfi. Notre large s\u00e9lection est \u00e9ligible \u00e0 la livraison et aux retours gratuits.","robots":{"index":"index","follow":"follow","max-snippet":"max-snippet:-1","max-image-preview":"max-image-preview:large","max-video-preview":"max-video-preview:-1"},"canonical":"https:\/\/ryfi.online\/fr\/produit\/disney-minnie-mouse-striped-15oz-buddy-sip-tumbler-cup-avec-couvercle-paille-bpa-free\/","og_locale":"fr_FR","og_type":"article","og_title":"Gobelet 15oz Disney Minnie Mouse Striped Buddy Sip avec couvercle et paille, sans BPA.","og_description":"Achetez le gobelet ray\u00e9 Disney Minnie Mouse pour enfants en rouge et autres couleurs d\u00e9contract\u00e9es dans la boutique en ligne Ryfi. Notre large s\u00e9lection est \u00e9ligible \u00e0 la livraison et aux retours gratuits.","og_url":"https:\/\/ryfi.online\/fr\/produit\/disney-minnie-mouse-striped-15oz-buddy-sip-tumbler-cup-avec-couvercle-paille-bpa-free\/","og_site_name":"Ryfi Online Store","article_publisher":"https:\/\/www.facebook.com\/ryfi.online\/","article_modified_time":"2025-09-25T05:24:54+00:00","og_image":[{"width":1116,"height":1124,"url":"https:\/\/ryfi.online\/wp-content\/uploads\/2021\/04\/71jFmrzWXL._AC_SL1244_.jpg","type":"image\/jpeg"}],"twitter_card":"summary_large_image","twitter_misc":{"Prix":"&#36;12.99","Availability":"In stock"},"schema":{"@context":"https:\/\/schema.org","@graph":[{"@type":"WebPage","@id":"https:\/\/ryfi.online\/fr\/produit\/disney-minnie-mouse-striped-15oz-buddy-sip-tumbler-cup-avec-couvercle-paille-bpa-free\/","url":"https:\/\/ryfi.online\/fr\/produit\/disney-minnie-mouse-striped-15oz-buddy-sip-tumbler-cup-avec-couvercle-paille-bpa-free\/","name":"Disney Minnie Mouse Striped USA - Ryfi Online Store","isPartOf":{"@id":"https:\/\/ryfi.online\/fr\/#website"},"primaryImageOfPage":{"@id":"https:\/\/ryfi.online\/fr\/produit\/disney-minnie-mouse-striped-15oz-buddy-sip-tumbler-cup-avec-couvercle-paille-bpa-free\/#primaryimage"},"image":{"@id":"https:\/\/ryfi.online\/fr\/produit\/disney-minnie-mouse-striped-15oz-buddy-sip-tumbler-cup-avec-couvercle-paille-bpa-free\/#primaryimage"},"thumbnailUrl":"https:\/\/ryfi.online\/wp-content\/uploads\/2021\/04\/71jFmrzWXL._AC_SL1244_.jpg","datePublished":"2022-11-30T18:58:32+00:00","dateModified":"2025-09-25T05:24:54+00:00","description":"Achetez le gobelet ray\u00e9 Disney Minnie Mouse pour enfants en rouge et autres couleurs d\u00e9contract\u00e9es dans la boutique en ligne Ryfi. Notre large s\u00e9lection est \u00e9ligible \u00e0 la livraison et aux retours gratuits.","breadcrumb":{"@id":"https:\/\/ryfi.online\/fr\/produit\/disney-minnie-mouse-striped-15oz-buddy-sip-tumbler-cup-avec-couvercle-paille-bpa-free\/#breadcrumb"},"inLanguage":"fr-FR","potentialAction":[{"@type":"ReadAction","target":["https:\/\/ryfi.online\/fr\/produit\/disney-minnie-mouse-striped-15oz-buddy-sip-tumbler-cup-avec-couvercle-paille-bpa-free\/"]}]},{"@type":"ImageObject","inLanguage":"fr-FR","@id":"https:\/\/ryfi.online\/fr\/produit\/disney-minnie-mouse-striped-15oz-buddy-sip-tumbler-cup-avec-couvercle-paille-bpa-free\/#primaryimage","url":"https:\/\/ryfi.online\/wp-content\/uploads\/2021\/04\/71jFmrzWXL._AC_SL1244_.jpg","contentUrl":"https:\/\/ryfi.online\/wp-content\/uploads\/2021\/04\/71jFmrzWXL._AC_SL1244_.jpg","width":1116,"height":1124},{"@type":"BreadcrumbList","@id":"https:\/\/ryfi.online\/fr\/produit\/disney-minnie-mouse-striped-15oz-buddy-sip-tumbler-cup-avec-couvercle-paille-bpa-free\/#breadcrumb","itemListElement":[{"@type":"ListItem","position":1,"name":"Home","item":"https:\/\/ryfi.online\/fr\/"},{"@type":"ListItem","position":2,"name":"Free and Fast Shipping whitin 1-3 Days!!!","item":"https:\/\/ryfi.online\/shop\/"},{"@type":"ListItem","position":3,"name":"Gobelet 15oz Disney Minnie Mouse Striped Buddy Sip avec couvercle et paille, sans BPA."}]},{"@type":"WebSite","@id":"https:\/\/ryfi.online\/fr\/#website","url":"https:\/\/ryfi.online\/fr\/","name":"Ryfi Online Store","description":"Online Store","publisher":{"@id":"https:\/\/ryfi.online\/fr\/#organization"},"potentialAction":[{"@type":"SearchAction","target":{"@type":"EntryPoint","urlTemplate":"https:\/\/ryfi.online\/fr\/?s={search_term_string}"},"query-input":{"@type":"PropertyValueSpecification","valueRequired":true,"valueName":"search_term_string"}}],"inLanguage":"fr-FR"},{"@type":"Organization","@id":"https:\/\/ryfi.online\/fr\/#organization","name":"Ryan Future Investments LLC","url":"https:\/\/ryfi.online\/fr\/","logo":{"@type":"ImageObject","inLanguage":"fr-FR","@id":"https:\/\/ryfi.online\/fr\/#\/schema\/logo\/image\/","url":"https:\/\/ryfi.online\/wp-content\/uploads\/2021\/03\/2-03.png","contentUrl":"https:\/\/ryfi.online\/wp-content\/uploads\/2021\/03\/2-03.png","width":1010,"height":310,"caption":"Ryan Future Investments LLC"},"image":{"@id":"https:\/\/ryfi.online\/fr\/#\/schema\/logo\/image\/"},"sameAs":["https:\/\/www.facebook.com\/ryfi.online\/"]}]},"product_brand":"Bouteilles d'eau de sport","product_price_amount":"12.99","product_price_currency":"USD","og_availability":"instock","product_availability":"instock","product_condition":"new"},"jetpack-related-posts":[{"id":12890,"url":"https:\/\/ryfi.online\/fr\/produit\/disney-1-pack-minnie-mouse-bowtique-16oz-pull-top-squirt-water-bottles-purple-pink-bpa-free-2\/","url_meta":{"origin":12896,"position":0},"title":"Disney 1-Pack Minnie Mouse Bowtique 16oz Pull-Top Squirt Water Bottles, Purple\/Pink, BPA-Free","date":"avril 4, 2021","format":false,"excerpt":"Livraison gratuite et rapide sous 1 \u00e0 3 jours. Achetez 4 obtenez 5 D\u00e9p\u00eachez-vous, ventes chaudes !!!","rel":"","context":"Article similaire","img":{"alt_text":"","src":"https:\/\/i0.wp.com\/ryfi.online\/wp-content\/uploads\/2021\/04\/51TjhBshTML._AC_SL1000_.jpg?resize=350%2C200&ssl=1","width":350,"height":200},"classes":[]},{"id":5670,"url":"https:\/\/ryfi.online\/fr\/produit\/casquette-de-baseball-avec-motif-disney-minnie-pour-fille\/","url_meta":{"origin":12896,"position":1},"title":"Casquette de baseball Disney Minnie Mouse pour filles ET4050","date":"juin 9, 2021","format":false,"excerpt":"Env\u00edo gratuito en 1-3 d\u00edas laborales","rel":"","context":"Article similaire","img":{"alt_text":"Casquette Minnie Disney","src":"https:\/\/i0.wp.com\/ryfi.online\/wp-content\/uploads\/2021\/06\/et4050_pi.jpg?resize=350%2C200&ssl=1","width":350,"height":200},"classes":[]},{"id":6116,"url":"https:\/\/ryfi.online\/fr\/produit\/t-shirt-avec-motif-disney-minnie-pour-fille\/","url_meta":{"origin":12896,"position":2},"title":"T-shirt Disney Minnie Mouse ET1119 pour fille","date":"juin 9, 2021","format":false,"excerpt":"Livraison gratuite 1-3 jours ouvrables Retour gratuit","rel":"","context":"Article similaire","img":{"alt_text":"T-shirt Minnie Mouse","src":"https:\/\/i0.wp.com\/ryfi.online\/wp-content\/uploads\/2021\/06\/ET1119_REF1.jpg?resize=350%2C200&ssl=1","width":350,"height":200},"classes":[]},{"id":5758,"url":"https:\/\/ryfi.online\/fr\/produit\/casquette-de-baseball-avec-motif-princesse-disney-pour-fille\/","url_meta":{"origin":12896,"position":3},"title":"Casquette de Baseball Princesses Disney pour Filles ET4145","date":"juin 9, 2021","format":false,"excerpt":"Livraison gratuite 1-3 jours ouvrables Retour gratuit","rel":"","context":"Article similaire","img":{"alt_text":"Casquette Princesse Disney","src":"https:\/\/i0.wp.com\/ryfi.online\/wp-content\/uploads\/2021\/06\/et4145_wh.jpg?resize=350%2C200&ssl=1","width":350,"height":200},"classes":[]},{"id":5846,"url":"https:\/\/ryfi.online\/fr\/produit\/casquette-de-baseball-avec-motif-disney-mickey-pour-enfants\/","url_meta":{"origin":12896,"position":4},"title":"Casquette de Baseball Gar\u00e7on Disney Mickey Design UE4176","date":"juin 9, 2021","format":false,"excerpt":"Env\u00edo gratuito en 1-3 d\u00edas laborales","rel":"","context":"Article similaire","img":{"alt_text":"Casquette Disney Mickey","src":"https:\/\/i0.wp.com\/ryfi.online\/wp-content\/uploads\/2021\/06\/ue4176_lna.jpg?resize=350%2C200&ssl=1","width":350,"height":200},"classes":[]},{"id":12655,"url":"https:\/\/ryfi.online\/fr\/produit\/casquette-de-baseball-pour-filles-disney-minnie-design\/","url_meta":{"origin":12896,"position":5},"title":"Casquette de baseball Disney Minnie pour fille","date":"juin 9, 2021","format":false,"excerpt":"Comme cadeau d'anniversaire, de vacances ou \u00e0 P\u00e2ques ou juste comme \u00e7a. Avec la belle casquette Disney Minnie, vous ne pouvez pas vous tromper ! 100% coton et 100% polyester. Il y a une fermeture \u00e0 l'arri\u00e8re pour un ajustement parfait avec les petites t\u00eates pour un maximum de confort.\u2026","rel":"","context":"Article similaire","img":{"alt_text":"Casquette Minnie Disney","src":"https:\/\/i0.wp.com\/ryfi.online\/wp-content\/uploads\/2021\/06\/et4050_pi.jpg?resize=350%2C200&ssl=1","width":350,"height":200},"classes":[]}],"_links":{"self":[{"href":"https:\/\/ryfi.online\/fr\/wp-json\/wp\/v2\/product\/12896","targetHints":{"allow":["GET"]}}],"collection":[{"href":"https:\/\/ryfi.online\/fr\/wp-json\/wp\/v2\/product"}],"about":[{"href":"https:\/\/ryfi.online\/fr\/wp-json\/wp\/v2\/types\/product"}],"replies":[{"embeddable":true,"href":"https:\/\/ryfi.online\/fr\/wp-json\/wp\/v2\/comments?post=12896"}],"wp:featuredmedia":[{"embeddable":true,"href":"https:\/\/ryfi.online\/fr\/wp-json\/wp\/v2\/media\/10575"}],"wp:attachment":[{"href":"https:\/\/ryfi.online\/fr\/wp-json\/wp\/v2\/media?parent=12896"}],"wp:term":[{"taxonomy":"product_brand","embeddable":true,"href":"https:\/\/ryfi.online\/fr\/wp-json\/wp\/v2\/product_brand?post=12896"},{"taxonomy":"product_cat","embeddable":true,"href":"https:\/\/ryfi.online\/fr\/wp-json\/wp\/v2\/product_cat?post=12896"},{"taxonomy":"product_tag","embeddable":true,"href":"https:\/\/ryfi.online\/fr\/wp-json\/wp\/v2\/product_tag?post=12896"}],"curies":[{"name":"wp","href":"https:\/\/api.w.org\/{rel}","templated":true}]}}