{"id":12895,"date":"2021-04-04T20:26:32","date_gmt":"2022-11-30T18:58:29","guid":{"rendered":"https:\/\/ryfi.online\/product\/bouteille-deau-pour-enfants-marvel-universe-16-5oz-sullivan-sans-bpa-noir-rouge-bleu\/"},"modified":"2022-11-30T18:58:29","modified_gmt":"2022-11-30T18:58:29","slug":"marvel-universe-16-5oz-kids-sullivan-sports-water-bottle-bpa-free-black-red-blue-2","status":"publish","type":"product","link":"https:\/\/ryfi.online\/fr\/produit\/marvel-universe-16-5oz-kids-sullivan-sports-water-bottle-bpa-free-black-red-blue-2\/","title":{"rendered":"Bouteille d&#8217;eau pour enfants Marvel Universe 16.5oz Sullivan, sans BPA, Noir, Rouge, Bleu."},"content":{"rendered":"<p>L&#8217;illustration amusante rend l&#8217;hydratation amusante ! Cette bouteille a une capacit\u00e9 de 16,5 onces, avec une boucle de transport int\u00e9gr\u00e9e au couvercle pour que vous puissiez l&#8217;emporter. Le couvercle \u00e0 ouverture facile prot\u00e8ge le bec verseur lorsqu&#8217;il n&#8217;est pas utilis\u00e9, et le tout est fabriqu\u00e9 en plastique durable. La bouteille est totalement exempte de BPA. Le lavage \u00e0 la main est recommand\u00e9 ; ne pas mettre au micro-ondes. Ensemble de un.<\/p>\n<p><span class=\"a-list-item\">\u2705 Lot de 1 \u00e0 l&#8217;effigie du gang de l&#8217;univers Marvel &#8211; licence officielle de Zak Designs. Le recto pr\u00e9sente Hulk, Captain Marvel, Captain America, Spider-Man et Thor. Le verso pr\u00e9sente Iron Man, Groot, Black Panther, Rocket Racoon et Ant Man.<\/span><\/p>\n<p><span class=\"a-list-item\">\u2705 Couvercle \u00e0 visser avec boucle de transport int\u00e9gr\u00e9e Couvercle \u00e0 visser avec boucle de transport int\u00e9gr\u00e9e<\/span><\/p>\n<p><span class=\"a-list-item\">\u2705 Fabriqu\u00e9 en plastique durable sans BPA<\/span><\/p>\n<p><span class=\"a-list-item\">\u2705 Capacit\u00e9 de 16,5 oz avec couvercle \u00e0 ouverture facile qui permet de garder le bec propre.<\/span><\/p>\n<p><span class=\"a-list-item\">\u2705 Le lavage \u00e0 la main est recommand\u00e9 ; ne pas mettre au micro-ondes.<\/span><\/p>\n","protected":false},"excerpt":{"rendered":"<p><strong>Livraison gratuite et rapide sous 1 \u00e0 3 jours.<\/strong><\/p>\n<h3><strong>Achetez 4 obtenez 5<\/strong><\/h3>\n<h3><span style=\"color: #ff0000;\"><strong><em>D\u00e9p\u00eachez-vous, ventes chaudes !!!<\/em><\/strong><\/span><\/h3>\n","protected":false},"featured_media":10579,"comment_status":"open","ping_status":"closed","template":"","meta":[],"product_brand":[],"product_cat":[227],"product_tag":[237],"class_list":{"0":"post-12895","1":"product","2":"type-product","3":"status-publish","4":"has-post-thumbnail","6":"product_cat-bouteilles-deau-de-sport","7":"product_tag-fr","9":"first","10":"instock","11":"featured","12":"taxable","13":"shipping-taxable","14":"purchasable","15":"product-type-simple"},"yoast_head":"<!-- This site is optimized with the Yoast SEO Premium plugin v17.1.2 (Yoast SEO v27.5) - https:\/\/yoast.com\/product\/yoast-seo-premium-wordpress\/ -->\n<title>Bouteille d&#039;eau sportive Marvel Universe | Bouteille d&#039;eau sportive Sullivan<\/title>\n<meta name=\"description\" content=\"Acheter Bouteille d&#039;eau sportive Marvel Universe - Captain America, Iron Man &amp; Groot : Bouteilles d&#039;eau pour le sport de Sullivan - Ryfi.online \u2713 Livraison GRATUITE possible sur les produits \u00e9ligibles.\" \/>\n<meta name=\"robots\" content=\"index, follow, max-snippet:-1, max-image-preview:large, max-video-preview:-1\" \/>\n<link rel=\"canonical\" href=\"https:\/\/ryfi.online\/fr\/produit\/marvel-universe-16-5oz-kids-sullivan-sports-water-bottle-bpa-free-black-red-blue-2\/\" \/>\n<meta property=\"og:locale\" content=\"fr_FR\" \/>\n<meta property=\"og:type\" content=\"article\" \/>\n<meta property=\"og:title\" content=\"Bouteille d&#039;eau pour enfants Marvel Universe 16.5oz Sullivan, sans BPA, Noir, Rouge, Bleu.\" \/>\n<meta property=\"og:description\" content=\"Acheter Bouteille d&#039;eau sportive Marvel Universe - Captain America, Iron Man &amp; Groot : Bouteilles d&#039;eau pour le sport de Sullivan - Ryfi.online \u2713 Livraison GRATUITE possible sur les produits \u00e9ligibles.\" \/>\n<meta property=\"og:url\" content=\"https:\/\/ryfi.online\/fr\/produit\/marvel-universe-16-5oz-kids-sullivan-sports-water-bottle-bpa-free-black-red-blue-2\/\" \/>\n<meta property=\"og:site_name\" content=\"Ryfi Online Store\" \/>\n<meta property=\"article:publisher\" content=\"https:\/\/www.facebook.com\/ryfi.online\/\" \/>\n<meta property=\"og:image\" content=\"https:\/\/ryfi.online\/wp-content\/uploads\/2021\/04\/51yLdOxL4L._AC_.jpg\" \/>\n\t<meta property=\"og:image:width\" content=\"498\" \/>\n\t<meta property=\"og:image:height\" content=\"378\" \/>\n\t<meta property=\"og:image:type\" content=\"image\/jpeg\" \/>\n<meta name=\"twitter:card\" content=\"summary_large_image\" \/>\n<meta name=\"twitter:label1\" content=\"Prix\" \/>\n\t<meta name=\"twitter:data1\" content=\"&#036;9.99\" \/>\n\t<meta name=\"twitter:label2\" content=\"Availability\" \/>\n\t<meta name=\"twitter:data2\" content=\"In stock\" \/>\n<meta property=\"product:brand\" content=\"Bouteilles d&#039;eau de sport\" \/>\n<meta property=\"product:price:amount\" content=\"9.99\" \/>\n<meta property=\"product:price:currency\" content=\"USD\" \/>\n<meta property=\"og:availability\" content=\"instock\" \/>\n<meta property=\"product:availability\" content=\"instock\" \/>\n<meta property=\"product:condition\" content=\"new\" \/>\n<!-- \/ Yoast SEO Premium plugin. -->","yoast_head_json":{"title":"Bouteille d'eau sportive Marvel Universe | Bouteille d'eau sportive Sullivan","description":"Acheter Bouteille d'eau sportive Marvel Universe - Captain America, Iron Man & Groot : Bouteilles d'eau pour le sport de Sullivan - Ryfi.online \u2713 Livraison GRATUITE possible sur les produits \u00e9ligibles.","robots":{"index":"index","follow":"follow","max-snippet":"max-snippet:-1","max-image-preview":"max-image-preview:large","max-video-preview":"max-video-preview:-1"},"canonical":"https:\/\/ryfi.online\/fr\/produit\/marvel-universe-16-5oz-kids-sullivan-sports-water-bottle-bpa-free-black-red-blue-2\/","og_locale":"fr_FR","og_type":"article","og_title":"Bouteille d'eau pour enfants Marvel Universe 16.5oz Sullivan, sans BPA, Noir, Rouge, Bleu.","og_description":"Acheter Bouteille d'eau sportive Marvel Universe - Captain America, Iron Man & Groot : Bouteilles d'eau pour le sport de Sullivan - Ryfi.online \u2713 Livraison GRATUITE possible sur les produits \u00e9ligibles.","og_url":"https:\/\/ryfi.online\/fr\/produit\/marvel-universe-16-5oz-kids-sullivan-sports-water-bottle-bpa-free-black-red-blue-2\/","og_site_name":"Ryfi Online Store","article_publisher":"https:\/\/www.facebook.com\/ryfi.online\/","og_image":[{"width":498,"height":378,"url":"https:\/\/ryfi.online\/wp-content\/uploads\/2021\/04\/51yLdOxL4L._AC_.jpg","type":"image\/jpeg"}],"twitter_card":"summary_large_image","twitter_misc":{"Prix":"&#36;9.99","Availability":"In stock"},"schema":{"@context":"https:\/\/schema.org","@graph":[{"@type":"WebPage","@id":"https:\/\/ryfi.online\/fr\/produit\/marvel-universe-16-5oz-kids-sullivan-sports-water-bottle-bpa-free-black-red-blue-2\/","url":"https:\/\/ryfi.online\/fr\/produit\/marvel-universe-16-5oz-kids-sullivan-sports-water-bottle-bpa-free-black-red-blue-2\/","name":"Bouteille d'eau sportive Marvel Universe | Bouteille d'eau sportive Sullivan","isPartOf":{"@id":"https:\/\/ryfi.online\/fr\/#website"},"primaryImageOfPage":{"@id":"https:\/\/ryfi.online\/fr\/produit\/marvel-universe-16-5oz-kids-sullivan-sports-water-bottle-bpa-free-black-red-blue-2\/#primaryimage"},"image":{"@id":"https:\/\/ryfi.online\/fr\/produit\/marvel-universe-16-5oz-kids-sullivan-sports-water-bottle-bpa-free-black-red-blue-2\/#primaryimage"},"thumbnailUrl":"https:\/\/ryfi.online\/wp-content\/uploads\/2021\/04\/51yLdOxL4L._AC_.jpg","datePublished":"2022-11-30T18:58:29+00:00","description":"Acheter Bouteille d'eau sportive Marvel Universe - Captain America, Iron Man & Groot : Bouteilles d'eau pour le sport de Sullivan - Ryfi.online \u2713 Livraison GRATUITE possible sur les produits \u00e9ligibles.","breadcrumb":{"@id":"https:\/\/ryfi.online\/fr\/produit\/marvel-universe-16-5oz-kids-sullivan-sports-water-bottle-bpa-free-black-red-blue-2\/#breadcrumb"},"inLanguage":"fr-FR","potentialAction":[{"@type":"ReadAction","target":["https:\/\/ryfi.online\/fr\/produit\/marvel-universe-16-5oz-kids-sullivan-sports-water-bottle-bpa-free-black-red-blue-2\/"]}]},{"@type":"ImageObject","inLanguage":"fr-FR","@id":"https:\/\/ryfi.online\/fr\/produit\/marvel-universe-16-5oz-kids-sullivan-sports-water-bottle-bpa-free-black-red-blue-2\/#primaryimage","url":"https:\/\/ryfi.online\/wp-content\/uploads\/2021\/04\/51yLdOxL4L._AC_.jpg","contentUrl":"https:\/\/ryfi.online\/wp-content\/uploads\/2021\/04\/51yLdOxL4L._AC_.jpg","width":498,"height":378},{"@type":"BreadcrumbList","@id":"https:\/\/ryfi.online\/fr\/produit\/marvel-universe-16-5oz-kids-sullivan-sports-water-bottle-bpa-free-black-red-blue-2\/#breadcrumb","itemListElement":[{"@type":"ListItem","position":1,"name":"Home","item":"https:\/\/ryfi.online\/fr\/"},{"@type":"ListItem","position":2,"name":"Free and Fast Shipping whitin 1-3 Days!!!","item":"https:\/\/ryfi.online\/shop\/"},{"@type":"ListItem","position":3,"name":"Bouteille d&#8217;eau pour enfants Marvel Universe 16.5oz Sullivan, sans BPA, Noir, Rouge, Bleu."}]},{"@type":"WebSite","@id":"https:\/\/ryfi.online\/fr\/#website","url":"https:\/\/ryfi.online\/fr\/","name":"Ryfi Online Store","description":"Online Store","publisher":{"@id":"https:\/\/ryfi.online\/fr\/#organization"},"potentialAction":[{"@type":"SearchAction","target":{"@type":"EntryPoint","urlTemplate":"https:\/\/ryfi.online\/fr\/?s={search_term_string}"},"query-input":{"@type":"PropertyValueSpecification","valueRequired":true,"valueName":"search_term_string"}}],"inLanguage":"fr-FR"},{"@type":"Organization","@id":"https:\/\/ryfi.online\/fr\/#organization","name":"Ryan Future Investments LLC","url":"https:\/\/ryfi.online\/fr\/","logo":{"@type":"ImageObject","inLanguage":"fr-FR","@id":"https:\/\/ryfi.online\/fr\/#\/schema\/logo\/image\/","url":"https:\/\/ryfi.online\/wp-content\/uploads\/2021\/03\/2-03.png","contentUrl":"https:\/\/ryfi.online\/wp-content\/uploads\/2021\/03\/2-03.png","width":1010,"height":310,"caption":"Ryan Future Investments LLC"},"image":{"@id":"https:\/\/ryfi.online\/fr\/#\/schema\/logo\/image\/"},"sameAs":["https:\/\/www.facebook.com\/ryfi.online\/"]}]},"product_brand":"Bouteilles d'eau de sport","product_price_amount":"9.99","product_price_currency":"USD","og_availability":"instock","product_availability":"instock","product_condition":"new"},"jetpack-related-posts":[{"id":12907,"url":"https:\/\/ryfi.online\/fr\/produit\/zak-designs-1-pack-pj-masks-16-5oz-kids-sullivan-sports-water-bottle-bpa-free-2\/","url_meta":{"origin":12895,"position":0},"title":"Zak Designs [1-Pack] PJ Masks 16.5oz Kids Sullivan Sports Water Bottle, BPA-Free","date":"avril 4, 2021","format":false,"excerpt":"Livraison gratuite et rapide sous 1 \u00e0 3 jours. Achetez 4 obtenez 5 D\u00e9p\u00eachez-vous, ventes chaudes !!!","rel":"","context":"Article similaire","img":{"alt_text":"","src":"https:\/\/i0.wp.com\/ryfi.online\/wp-content\/uploads\/2021\/04\/51SXcTRp3VL._AC_SL1000_.jpg?resize=350%2C200&ssl=1","width":350,"height":200},"classes":[]},{"id":12890,"url":"https:\/\/ryfi.online\/fr\/produit\/disney-1-pack-minnie-mouse-bowtique-16oz-pull-top-squirt-water-bottles-purple-pink-bpa-free-2\/","url_meta":{"origin":12895,"position":1},"title":"Disney 1-Pack Minnie Mouse Bowtique 16oz Pull-Top Squirt Water Bottles, Purple\/Pink, BPA-Free","date":"avril 4, 2021","format":false,"excerpt":"Livraison gratuite et rapide sous 1 \u00e0 3 jours. Achetez 4 obtenez 5 D\u00e9p\u00eachez-vous, ventes chaudes !!!","rel":"","context":"Article similaire","img":{"alt_text":"","src":"https:\/\/i0.wp.com\/ryfi.online\/wp-content\/uploads\/2021\/04\/51TjhBshTML._AC_SL1000_.jpg?resize=350%2C200&ssl=1","width":350,"height":200},"classes":[]},{"id":12896,"url":"https:\/\/ryfi.online\/fr\/produit\/disney-minnie-mouse-striped-15oz-buddy-sip-tumbler-cup-avec-couvercle-paille-bpa-free\/","url_meta":{"origin":12895,"position":2},"title":"Gobelet 15oz Disney Minnie Mouse Striped Buddy Sip avec couvercle et paille, sans BPA.","date":"avril 4, 2021","format":false,"excerpt":"Livraison gratuite et rapide sous 1 \u00e0 3 jours. Achetez 4 obtenez 5 D\u00e9p\u00eachez-vous, ventes chaudes !!!","rel":"","context":"Article similaire","img":{"alt_text":"","src":"https:\/\/i0.wp.com\/ryfi.online\/wp-content\/uploads\/2021\/04\/71jFmrzWXL._AC_SL1244_.jpg?resize=350%2C200&ssl=1","width":350,"height":200},"classes":[]},{"id":5710,"url":"https:\/\/ryfi.online\/fr\/produit\/casquette-de-baseball-avec-design-mervel-avengers-pour-les-enfants\/","url_meta":{"origin":12895,"position":3},"title":"Casquette de baseball Marvel Avengers pour gar\u00e7on","date":"juin 9, 2021","format":false,"excerpt":"Env\u00edo gratuito en 1-3 d\u00edas laborales","rel":"","context":"Article similaire","img":{"alt_text":"Casquette Avengers Marvel","src":"https:\/\/i0.wp.com\/ryfi.online\/wp-content\/uploads\/2021\/06\/et4174_bl-1.jpg?resize=350%2C200&ssl=1","width":350,"height":200},"classes":[]},{"id":5667,"url":"https:\/\/ryfi.online\/fr\/produit\/casquette-de-baseball-a-motif-spider-man-pour-enfants-marvel\/","url_meta":{"origin":12895,"position":4},"title":"Casquette de baseball Marvel Spiderman pour gar\u00e7on","date":"juin 9, 2021","format":false,"excerpt":"Env\u00edo gratuito en 1-3 d\u00edas laborales","rel":"","context":"Article similaire","img":{"alt_text":"Casquette Marvel Spiderman","src":"https:\/\/i0.wp.com\/ryfi.online\/wp-content\/uploads\/2021\/06\/et4022_bk.jpg?resize=350%2C200&ssl=1","width":350,"height":200},"classes":[]},{"id":9551,"url":"https:\/\/ryfi.online\/fr\/produit\/cap-minions\/","url_meta":{"origin":12895,"position":5},"title":"Casquette Minions EP4341","date":"avril 27, 2022","format":false,"excerpt":"Exp\u00e9dition rapide et s\u00e9curis\u00e9e en 1 \u00e0 3 jours ouvrables Retour gratuit","rel":"","context":"Article similaire","img":{"alt_text":"Casquette Minion Jaune","src":"https:\/\/i0.wp.com\/ryfi.online\/wp-content\/uploads\/2022\/04\/ep4341_ye.jpg?resize=350%2C200&ssl=1","width":350,"height":200},"classes":[]}],"_links":{"self":[{"href":"https:\/\/ryfi.online\/fr\/wp-json\/wp\/v2\/product\/12895","targetHints":{"allow":["GET"]}}],"collection":[{"href":"https:\/\/ryfi.online\/fr\/wp-json\/wp\/v2\/product"}],"about":[{"href":"https:\/\/ryfi.online\/fr\/wp-json\/wp\/v2\/types\/product"}],"replies":[{"embeddable":true,"href":"https:\/\/ryfi.online\/fr\/wp-json\/wp\/v2\/comments?post=12895"}],"wp:featuredmedia":[{"embeddable":true,"href":"https:\/\/ryfi.online\/fr\/wp-json\/wp\/v2\/media\/10579"}],"wp:attachment":[{"href":"https:\/\/ryfi.online\/fr\/wp-json\/wp\/v2\/media?parent=12895"}],"wp:term":[{"taxonomy":"product_brand","embeddable":true,"href":"https:\/\/ryfi.online\/fr\/wp-json\/wp\/v2\/product_brand?post=12895"},{"taxonomy":"product_cat","embeddable":true,"href":"https:\/\/ryfi.online\/fr\/wp-json\/wp\/v2\/product_cat?post=12895"},{"taxonomy":"product_tag","embeddable":true,"href":"https:\/\/ryfi.online\/fr\/wp-json\/wp\/v2\/product_tag?post=12895"}],"curies":[{"name":"wp","href":"https:\/\/api.w.org\/{rel}","templated":true}]}}