{"id":12788,"date":"2021-03-13T22:33:48","date_gmt":"2022-11-30T18:57:35","guid":{"rendered":"https:\/\/ryfi.online\/product\/etui-pour-iphone-xs-max-telephone-mobile-avec-porte-cartes-pour-iphone-xs-max\/"},"modified":"2022-11-30T18:57:35","modified_gmt":"2022-11-30T18:57:35","slug":"boitier-pour-iphone-xs-max-boitier-pour-telephone-mobile-avec-adsorption-magnetique-porte-cartes-pour-iphone-xs-max","status":"publish","type":"product","link":"https:\/\/ryfi.online\/fr\/produit\/boitier-pour-iphone-xs-max-boitier-pour-telephone-mobile-avec-adsorption-magnetique-porte-cartes-pour-iphone-xs-max\/","title":{"rendered":"\u00c9tui pour iPhone Xs Max T\u00e9l\u00e9phone mobile avec porte-cartes pour iPhone Xs Max"},"content":{"rendered":"<p>\u00c9tui de t\u00e9l\u00e9phone mobile avec porte-carte pour iPhone Xs Max con\u00e7u avec la technologie MILITAIRE, emp\u00eache votre iPhone bien-aim\u00e9 de glisser et de tomber accidentellement.<\/p>\n<p>\u2705 [SGS Drop Protection] Cette coque pour iPhone Xs Max est con\u00e7ue avec une technologie MILITAIRE, quatre poches d&#8217;air dans les coins emp\u00eachent votre iPhone Xs Max ador\u00e9 de glisser et de tomber accidentellement.<\/p>\n<p>\u2705 [IPhone Xs Max Case] Vous permet de d\u00e9coller rapidement et de mettre cet \u00e9tui bien en place sans rayer le t\u00e9l\u00e9phone.Durable et flexible : Durable, raye et d\u00e9chire et emp\u00eache l&#8217;accumulation de poussi\u00e8re et d&#8217;huile.<\/p>\n<p>\u2705 [Compatible with iPhone Xs Max] L&#8217;\u00e9tui convient \u00e0 l&#8217;iPhone Xs Max et seuls les \u00e9tuis de t\u00e9l\u00e9phone sont inclus dans la fourniture, veuillez confirmer que votre mod\u00e8le de t\u00e9l\u00e9phone mobile est iPhone Xs Max avant de commander. S&#8217;il y a un probl\u00e8me de qualit\u00e9 .S&#8217;il vous pla\u00eet ne vous inqui\u00e9tez pas, nous allons fournir un service \u00e0 la client\u00e8le en temps opportun pour mieux r\u00e9soudre votre probl\u00e8me.<\/p>\n<p>\u2705 Protection compl\u00e8te : Un cadre sur\u00e9lev\u00e9 et une d\u00e9coupe pour la cam\u00e9ra prot\u00e8gent l&#8217;objectif. Offre une protection compl\u00e8te, tous les coins, les bords et le dos sont enti\u00e8rement couverts.<\/p>\n<p>\u2705 Ajustement parfait : D\u00e9coupes pr\u00e9cises pour tous les contr\u00f4les de port, de capteur et d&#8217;appareil photo, acc\u00e8s facile aux fonctions de votre t\u00e9l\u00e9phone sans le retirer.<\/p>\n","protected":false},"excerpt":{"rendered":"<p><strong>Livraison gratuite et rapide sous 1 \u00e0 3 jours.<\/strong><\/p>\n<h3><strong>Achetez 4 obtenez 5<\/strong><\/h3>\n<h3><span style=\"color: #ff0000;\"><strong><em>D\u00e9p\u00eachez-vous, ventes chaudes !!!<\/em><\/strong><\/span><\/h3>\n","protected":false},"featured_media":10280,"comment_status":"open","ping_status":"closed","template":"","meta":[],"product_brand":[],"product_cat":[334],"product_tag":[237],"class_list":{"0":"post-12788","1":"product","2":"type-product","3":"status-publish","4":"has-post-thumbnail","6":"product_cat-etui-pour-telephone","7":"product_tag-fr","9":"first","10":"instock","11":"featured","12":"taxable","13":"shipping-taxable","14":"purchasable","15":"product-type-variable","16":"has-default-attributes"},"yoast_head":"<!-- This site is optimized with the Yoast SEO Premium plugin v17.1.2 (Yoast SEO v27.4) - https:\/\/yoast.com\/product\/yoast-seo-premium-wordpress\/ -->\n<title>\u00c9tui pour IPhone Xs Max T\u00e9l\u00e9phone mobile - Ryfi Online Store<\/title>\n<meta name=\"description\" content=\"Porte-cartes iphone Xs \u00c9tui pour t\u00e9l\u00e9phone portable Service aux \u00c9tats-Unis. Commandez en ligne sur notre site web d\u00e8s maintenant, et faites-vous livrer un \u00e9tui pour t\u00e9l\u00e9phone portable \u00e0 domicile.\" \/>\n<meta name=\"robots\" content=\"index, follow, max-snippet:-1, max-image-preview:large, max-video-preview:-1\" \/>\n<link rel=\"canonical\" href=\"https:\/\/ryfi.online\/fr\/produit\/boitier-pour-iphone-xs-max-boitier-pour-telephone-mobile-avec-adsorption-magnetique-porte-cartes-pour-iphone-xs-max\/\" \/>\n<meta property=\"og:locale\" content=\"fr_FR\" \/>\n<meta property=\"og:type\" content=\"article\" \/>\n<meta property=\"og:title\" content=\"\u00c9tui pour iPhone Xs Max T\u00e9l\u00e9phone mobile avec porte-cartes pour iPhone Xs Max\" \/>\n<meta property=\"og:description\" content=\"Porte-cartes iphone Xs \u00c9tui pour t\u00e9l\u00e9phone portable Service aux \u00c9tats-Unis. Commandez en ligne sur notre site web d\u00e8s maintenant, et faites-vous livrer un \u00e9tui pour t\u00e9l\u00e9phone portable \u00e0 domicile.\" \/>\n<meta property=\"og:url\" content=\"https:\/\/ryfi.online\/fr\/produit\/boitier-pour-iphone-xs-max-boitier-pour-telephone-mobile-avec-adsorption-magnetique-porte-cartes-pour-iphone-xs-max\/\" \/>\n<meta property=\"og:site_name\" content=\"Ryfi Online Store\" \/>\n<meta property=\"article:publisher\" content=\"https:\/\/www.facebook.com\/ryfi.online\/\" \/>\n<meta property=\"og:image\" content=\"https:\/\/ryfi.online\/wp-content\/uploads\/2021\/03\/HTB17H_UXYr1gK0jSZR0762P8XXaD-1.png\" \/>\n\t<meta property=\"og:image:width\" content=\"1000\" \/>\n\t<meta property=\"og:image:height\" content=\"1000\" \/>\n\t<meta property=\"og:image:type\" content=\"image\/png\" \/>\n<meta name=\"twitter:card\" content=\"summary_large_image\" \/>\n<meta name=\"twitter:label1\" content=\"Availability\" \/>\n\t<meta name=\"twitter:data1\" content=\"In stock\" \/>\n<meta property=\"product:brand\" content=\"\u00c9tui pour t\u00e9l\u00e9phone\" \/>\n<meta property=\"og:availability\" content=\"instock\" \/>\n<meta property=\"product:availability\" content=\"instock\" \/>\n<meta property=\"product:retailer_item_id\" content=\"XX-YFKE-O06W-1\" \/>\n<meta property=\"product:condition\" content=\"new\" \/>\n<!-- \/ Yoast SEO Premium plugin. -->","yoast_head_json":{"title":"\u00c9tui pour IPhone Xs Max T\u00e9l\u00e9phone mobile - Ryfi Online Store","description":"Porte-cartes iphone Xs \u00c9tui pour t\u00e9l\u00e9phone portable Service aux \u00c9tats-Unis. Commandez en ligne sur notre site web d\u00e8s maintenant, et faites-vous livrer un \u00e9tui pour t\u00e9l\u00e9phone portable \u00e0 domicile.","robots":{"index":"index","follow":"follow","max-snippet":"max-snippet:-1","max-image-preview":"max-image-preview:large","max-video-preview":"max-video-preview:-1"},"canonical":"https:\/\/ryfi.online\/fr\/produit\/boitier-pour-iphone-xs-max-boitier-pour-telephone-mobile-avec-adsorption-magnetique-porte-cartes-pour-iphone-xs-max\/","og_locale":"fr_FR","og_type":"article","og_title":"\u00c9tui pour iPhone Xs Max T\u00e9l\u00e9phone mobile avec porte-cartes pour iPhone Xs Max","og_description":"Porte-cartes iphone Xs \u00c9tui pour t\u00e9l\u00e9phone portable Service aux \u00c9tats-Unis. Commandez en ligne sur notre site web d\u00e8s maintenant, et faites-vous livrer un \u00e9tui pour t\u00e9l\u00e9phone portable \u00e0 domicile.","og_url":"https:\/\/ryfi.online\/fr\/produit\/boitier-pour-iphone-xs-max-boitier-pour-telephone-mobile-avec-adsorption-magnetique-porte-cartes-pour-iphone-xs-max\/","og_site_name":"Ryfi Online Store","article_publisher":"https:\/\/www.facebook.com\/ryfi.online\/","og_image":[{"width":1000,"height":1000,"url":"https:\/\/ryfi.online\/wp-content\/uploads\/2021\/03\/HTB17H_UXYr1gK0jSZR0762P8XXaD-1.png","type":"image\/png"}],"twitter_card":"summary_large_image","twitter_misc":{"Availability":"In stock"},"schema":{"@context":"https:\/\/schema.org","@graph":[{"@type":"WebPage","@id":"https:\/\/ryfi.online\/fr\/produit\/boitier-pour-iphone-xs-max-boitier-pour-telephone-mobile-avec-adsorption-magnetique-porte-cartes-pour-iphone-xs-max\/","url":"https:\/\/ryfi.online\/fr\/produit\/boitier-pour-iphone-xs-max-boitier-pour-telephone-mobile-avec-adsorption-magnetique-porte-cartes-pour-iphone-xs-max\/","name":"\u00c9tui pour IPhone Xs Max T\u00e9l\u00e9phone mobile - Ryfi Online Store","isPartOf":{"@id":"https:\/\/ryfi.online\/fr\/#website"},"primaryImageOfPage":{"@id":"https:\/\/ryfi.online\/fr\/produit\/boitier-pour-iphone-xs-max-boitier-pour-telephone-mobile-avec-adsorption-magnetique-porte-cartes-pour-iphone-xs-max\/#primaryimage"},"image":{"@id":"https:\/\/ryfi.online\/fr\/produit\/boitier-pour-iphone-xs-max-boitier-pour-telephone-mobile-avec-adsorption-magnetique-porte-cartes-pour-iphone-xs-max\/#primaryimage"},"thumbnailUrl":"https:\/\/ryfi.online\/wp-content\/uploads\/2021\/03\/HTB17H_UXYr1gK0jSZR0762P8XXaD-1.png","datePublished":"2022-11-30T18:57:35+00:00","description":"Porte-cartes iphone Xs \u00c9tui pour t\u00e9l\u00e9phone portable Service aux \u00c9tats-Unis. Commandez en ligne sur notre site web d\u00e8s maintenant, et faites-vous livrer un \u00e9tui pour t\u00e9l\u00e9phone portable \u00e0 domicile.","breadcrumb":{"@id":"https:\/\/ryfi.online\/fr\/produit\/boitier-pour-iphone-xs-max-boitier-pour-telephone-mobile-avec-adsorption-magnetique-porte-cartes-pour-iphone-xs-max\/#breadcrumb"},"inLanguage":"fr-FR","potentialAction":[{"@type":"ReadAction","target":["https:\/\/ryfi.online\/fr\/produit\/boitier-pour-iphone-xs-max-boitier-pour-telephone-mobile-avec-adsorption-magnetique-porte-cartes-pour-iphone-xs-max\/"]}]},{"@type":"ImageObject","inLanguage":"fr-FR","@id":"https:\/\/ryfi.online\/fr\/produit\/boitier-pour-iphone-xs-max-boitier-pour-telephone-mobile-avec-adsorption-magnetique-porte-cartes-pour-iphone-xs-max\/#primaryimage","url":"https:\/\/ryfi.online\/wp-content\/uploads\/2021\/03\/HTB17H_UXYr1gK0jSZR0762P8XXaD-1.png","contentUrl":"https:\/\/ryfi.online\/wp-content\/uploads\/2021\/03\/HTB17H_UXYr1gK0jSZR0762P8XXaD-1.png","width":1000,"height":1000},{"@type":"BreadcrumbList","@id":"https:\/\/ryfi.online\/fr\/produit\/boitier-pour-iphone-xs-max-boitier-pour-telephone-mobile-avec-adsorption-magnetique-porte-cartes-pour-iphone-xs-max\/#breadcrumb","itemListElement":[{"@type":"ListItem","position":1,"name":"Home","item":"https:\/\/ryfi.online\/fr\/"},{"@type":"ListItem","position":2,"name":"Free and Fast Shipping whitin 1-3 Days!!!","item":"https:\/\/ryfi.online\/shop\/"},{"@type":"ListItem","position":3,"name":"\u00c9tui pour iPhone Xs Max T\u00e9l\u00e9phone mobile avec porte-cartes pour iPhone Xs Max"}]},{"@type":"WebSite","@id":"https:\/\/ryfi.online\/fr\/#website","url":"https:\/\/ryfi.online\/fr\/","name":"Ryfi Online Store","description":"Online Store","publisher":{"@id":"https:\/\/ryfi.online\/fr\/#organization"},"potentialAction":[{"@type":"SearchAction","target":{"@type":"EntryPoint","urlTemplate":"https:\/\/ryfi.online\/fr\/?s={search_term_string}"},"query-input":{"@type":"PropertyValueSpecification","valueRequired":true,"valueName":"search_term_string"}}],"inLanguage":"fr-FR"},{"@type":"Organization","@id":"https:\/\/ryfi.online\/fr\/#organization","name":"Ryan Future Investments LLC","url":"https:\/\/ryfi.online\/fr\/","logo":{"@type":"ImageObject","inLanguage":"fr-FR","@id":"https:\/\/ryfi.online\/fr\/#\/schema\/logo\/image\/","url":"https:\/\/ryfi.online\/wp-content\/uploads\/2021\/03\/2-03.png","contentUrl":"https:\/\/ryfi.online\/wp-content\/uploads\/2021\/03\/2-03.png","width":1010,"height":310,"caption":"Ryan Future Investments LLC"},"image":{"@id":"https:\/\/ryfi.online\/fr\/#\/schema\/logo\/image\/"},"sameAs":["https:\/\/www.facebook.com\/ryfi.online\/"]}]},"product_brand":"\u00c9tui pour t\u00e9l\u00e9phone","og_availability":"instock","product_availability":"instock","product_retailer_item_id":"XX-YFKE-O06W-1","product_condition":"new"},"jetpack-related-posts":[{"id":12689,"url":"https:\/\/ryfi.online\/fr\/produit\/iphone-11-case-mobile-phone-case-with-magnetic-adsorption-card-holder-for-iphone-11-2\/","url_meta":{"origin":12788,"position":0},"title":"\u00c9tui pour iPhone 11 T\u00e9l\u00e9phone portable avec porte-cartes pour iPhone 11,11 Pro,11 Pro Max","date":"mars 10, 2021","format":false,"excerpt":"Livraison gratuite et rapide sous 1 \u00e0 3 jours. Achetez 4 obtenez 5 D\u00e9p\u00eachez-vous, ventes chaudes !!!","rel":"","context":"Article similaire","img":{"alt_text":"","src":"https:\/\/i0.wp.com\/ryfi.online\/wp-content\/uploads\/2021\/03\/HTB16OjSX7P2gK0jSZPx761cQpXaw.png?resize=350%2C200&ssl=1","width":350,"height":200},"classes":[]},{"id":12733,"url":"https:\/\/ryfi.online\/fr\/produit\/iphone-12-tous-modeles-etui-mobile-etui-avec-adsorption-magnetique-pour-iphone-1212-pro12-pro-max12-mini\/","url_meta":{"origin":12788,"position":1},"title":"\u00c9tui pour iPhone 12 T\u00e9l\u00e9phone portable avec porte-cartes pour iPhone 12,12 Pro,12 Pro Max,12 Mini","date":"mars 15, 2021","format":false,"excerpt":"Livraison gratuite et rapide sous 1 \u00e0 3 jours. Achetez 4 obtenez 5 D\u00e9p\u00eachez-vous, ventes chaudes !!!","rel":"","context":"Article similaire","img":{"alt_text":"","src":"https:\/\/i0.wp.com\/ryfi.online\/wp-content\/uploads\/2021\/03\/H9fbad9f47c5041c980a84525fb257ec9v-1.png?resize=350%2C200&ssl=1","width":350,"height":200},"classes":[]},{"id":12724,"url":"https:\/\/ryfi.online\/de\/produkt\/iphone-xs-max-etui-mobiltelefonetui-mit-magnetischer-adsorption-kartenhalterung-fur-iphone-xs-max\/","url_meta":{"origin":12788,"position":2},"title":"iPhone Xs Max H\u00fclle Handy mit Kartenhalter f\u00fcr iPhone Xs Max","date":"mars 13, 2021","format":false,"excerpt":"Kostenloser und schneller Versand innerhalb von 1-3 Tagen. Kaufe 4, erhalte 5 Beeilen Sie sich, hei\u00dfe Verk\u00e4ufe!!!","rel":"","context":"Article similaire","img":{"alt_text":"","src":"https:\/\/i0.wp.com\/ryfi.online\/wp-content\/uploads\/2021\/03\/HTB17H_UXYr1gK0jSZR0762P8XXaD-1.png?resize=350%2C200&ssl=1","width":350,"height":200},"classes":[]},{"id":12663,"url":"https:\/\/ryfi.online\/ro\/produs\/iphone-xs-max-caz-mobil-cu-caz-cu-suport-de-card-cu-absorbtie-magnetica-pentru-iphone-xs-max\/","url_meta":{"origin":12788,"position":3},"title":"iPhone Xs Max Cazul iPhone Xs Max Telefon mobil cu suport de card pentru iPhone Xs Max","date":"mars 13, 2021","format":false,"excerpt":"Transport gratuit \u0219i rapid \u00een termen de 1-3 zile. Buy 4 get 5 Hurry up, hot sales!!!","rel":"","context":"Article similaire","img":{"alt_text":"","src":"https:\/\/i0.wp.com\/ryfi.online\/wp-content\/uploads\/2021\/03\/HTB17H_UXYr1gK0jSZR0762P8XXaD-1.png?resize=350%2C200&ssl=1","width":350,"height":200},"classes":[]},{"id":12770,"url":"https:\/\/ryfi.online\/es\/producto\/carcasa-para-iphone-xs-max-con-soporte-de-tarjeta-magnetica-para-iphone-xs-max\/","url_meta":{"origin":12788,"position":4},"title":"Funda para iPhone Xs Max Tel\u00e9fono m\u00f3vil con tarjetero para iPhone Xs Max","date":"mars 13, 2021","format":false,"excerpt":"Env\u00edo gratuito y r\u00e1pido en 1-3 d\u00edas. Compre 4 y obtenga 5 \u00a1Date prisa, ventas rapides!","rel":"","context":"Article similaire","img":{"alt_text":"","src":"https:\/\/i0.wp.com\/ryfi.online\/wp-content\/uploads\/2021\/03\/HTB17H_UXYr1gK0jSZR0762P8XXaD-1.png?resize=350%2C200&ssl=1","width":350,"height":200},"classes":[]},{"id":587,"url":"https:\/\/ryfi.online\/product\/iphone-xs-max-case-mobile-phone-case-with-magnetic-adsorption-card-holder-for-iphone-xs-max\/","url_meta":{"origin":12788,"position":5},"title":"iPhone Xs Max Case Mobile Phone with Card Holder for iPhone Xs Max","date":"mars 13, 2021","format":false,"excerpt":"Free and fast shipping within 1-3 days. Buy 4\u00a0 get 5 Hurry up, hot sales!!!","rel":"","context":"Article similaire","img":{"alt_text":"Phone Case Iphone Card","src":"https:\/\/i0.wp.com\/ryfi.online\/wp-content\/uploads\/2021\/03\/HTB17H_UXYr1gK0jSZR0762P8XXaD-1.png?resize=350%2C200&ssl=1","width":350,"height":200},"classes":[]}],"_links":{"self":[{"href":"https:\/\/ryfi.online\/fr\/wp-json\/wp\/v2\/product\/12788","targetHints":{"allow":["GET"]}}],"collection":[{"href":"https:\/\/ryfi.online\/fr\/wp-json\/wp\/v2\/product"}],"about":[{"href":"https:\/\/ryfi.online\/fr\/wp-json\/wp\/v2\/types\/product"}],"replies":[{"embeddable":true,"href":"https:\/\/ryfi.online\/fr\/wp-json\/wp\/v2\/comments?post=12788"}],"wp:featuredmedia":[{"embeddable":true,"href":"https:\/\/ryfi.online\/fr\/wp-json\/wp\/v2\/media\/10280"}],"wp:attachment":[{"href":"https:\/\/ryfi.online\/fr\/wp-json\/wp\/v2\/media?parent=12788"}],"wp:term":[{"taxonomy":"product_brand","embeddable":true,"href":"https:\/\/ryfi.online\/fr\/wp-json\/wp\/v2\/product_brand?post=12788"},{"taxonomy":"product_cat","embeddable":true,"href":"https:\/\/ryfi.online\/fr\/wp-json\/wp\/v2\/product_cat?post=12788"},{"taxonomy":"product_tag","embeddable":true,"href":"https:\/\/ryfi.online\/fr\/wp-json\/wp\/v2\/product_tag?post=12788"}],"curies":[{"name":"wp","href":"https:\/\/api.w.org\/{rel}","templated":true}]}}