{"id":3647,"date":"2021-10-11T14:17:53","date_gmt":"2021-10-11T14:17:53","guid":{"rendered":"https:\/\/ryfi.online\/politique-dexpedition\/"},"modified":"2021-10-11T14:17:54","modified_gmt":"2021-10-11T14:17:54","slug":"politique-dexpedition","status":"publish","type":"page","link":"https:\/\/ryfi.online\/fr\/politique-dexpedition\/","title":{"rendered":"Politique d&#8217;exp\u00e9dition"},"content":{"rendered":"\t\t<div data-elementor-type=\"wp-page\" data-elementor-id=\"3647\" class=\"elementor elementor-3647 elementor-603\">\n\t\t\t\t\t\t<section class=\"elementor-section elementor-top-section elementor-element elementor-element-4b34b5f1 elementor-section-boxed elementor-section-height-default elementor-section-height-default\" data-id=\"4b34b5f1\" data-element_type=\"section\" data-e-type=\"section\">\n\t\t\t\t\t\t<div class=\"elementor-container elementor-column-gap-default\">\n\t\t\t\t\t<div class=\"elementor-column elementor-col-100 elementor-top-column elementor-element elementor-element-41c9f960\" data-id=\"41c9f960\" data-element_type=\"column\" data-e-type=\"column\">\n\t\t\t<div class=\"elementor-widget-wrap elementor-element-populated\">\n\t\t\t\t\t\t<div class=\"elementor-element elementor-element-43e030a8 elementor-widget elementor-widget-text-editor\" data-id=\"43e030a8\" data-element_type=\"widget\" data-e-type=\"widget\" data-widget_type=\"text-editor.default\">\n\t\t\t\t<div class=\"elementor-widget-container\">\n\t\t\t\t\t\t\t\t\t<div>\n<p><strong>O LIVRONS-NOUS ?<\/strong><\/p>\n<p><span style=\"color: #ff0000;\">Nous fournissons la LIVRAISON GRATUITE aux \u00c9tats-Unis et en Europe.<\/span><\/p>\n<p><strong><span style=\"font-size: inherit; text-align: inherit; background-color: inherit; color: var(--theme-text-color); font-family: var(--fontFamily); font-style: var(--fontStyle, inherit); letter-spacing: var(--letterSpacing); text-transform: var(--textTransform);\">QUEL EST LE MONTANT DES FRAIS D&#8217;EXP\u00c9DITION?<\/span><\/strong><\/p>\n<p>Les frais d&#8217;exp\u00e9dition varient en fonction de la destination d&#8217;exp\u00e9dition et du nombre d&#8217;articles que vous achetez. Vous pouvez obtenir un calcul de vos frais d&#8217;exp\u00e9dition exacts en ajoutant des articles \u00e0 votre panier, en passant \u00e0 la caisse et en entrant votre adresse postale. Les frais d&#8217;exp\u00e9dition seront automatiquement mis \u00e0 jour et affich\u00e9s dans vos co\u00fbts totaux.<\/p>\n<hr>\n<p><strong><span style=\"font-size: inherit; text-align: inherit; background-color: inherit; color: var(--theme-text-color); font-family: var(--fontFamily); font-style: var(--fontStyle, inherit); letter-spacing: var(--letterSpacing); text-transform: var(--textTransform);\">COMBIEN DE TEMPS FAUT-IL POUR L&#8217;ACHETEUR POUR RECEVOIR SA COMMANDE ?<\/span><\/strong><\/p>\n<p>En moyenne, les marchandises sont produites et exp\u00e9di\u00e9es de nos installations le m\u00eame jour ouvrable apr\u00e8s l&#8217;achat. Les d\u00e9lais d&#8217;exp\u00e9dition\/de transit standard s&#8217;appliquent (1 \u00e0 3 jours pour les \u00c9tats-Unis et l&#8217;Espagne et 3 \u00e0 7 jours pour le reste de l&#8217;Europe).<\/p>\n<div><strong>O PUIS-JE TROUVER MON NUM\u00c9RO DE SUIVI?<\/strong><\/div>\n<div> <\/div>\n<p><span style=\"{wpml_trans_unit_2_0_0_9_0_-1_0}\"><span style=\"{wpml_trans_unit_2_0_0_9_0_0_-1_0}\">Vous recevez un email de confirmation avec un lien avec votre num\u00e9ro de suivi.<\/span><\/span><span style=\"text-align: inherit; letter-spacing: var(--letterSpacing); text-transform: var(--textTransform); color: #202124; font-family: arial, sans-serif; font-size: 16px; background-color: #ffffff;\"> Une fois votre<\/span> ordre<span style=\"text-align: inherit; letter-spacing: var(--letterSpacing); text-transform: var(--textTransform); color: #202124; font-family: arial, sans-serif; font-size: 16px; background-color: #ffffff;\"> navires, un<\/span> suivi<span style=\"text-align: inherit; letter-spacing: var(--letterSpacing); text-transform: var(--textTransform); color: #202124; font-family: arial, sans-serif; font-size: 16px; background-color: #ffffff;\"> num\u00e9ro sera attribu\u00e9 et il appara\u00eetra dans votre<\/span> ordre<span style=\"text-align: inherit; letter-spacing: var(--letterSpacing); text-transform: var(--textTransform); color: #202124; font-family: arial, sans-serif; font-size: 16px; background-color: #ffffff;\"> informations. Vous pouvez alors <\/span>Piste<span style=\"text-align: inherit; letter-spacing: var(--letterSpacing); text-transform: var(--textTransform); color: #202124; font-family: arial, sans-serif; font-size: 16px; background-color: #ffffff;\"> ton<\/span> ordre<span style=\"text-align: inherit; letter-spacing: var(--letterSpacing); text-transform: var(--textTransform); color: #202124; font-family: arial, sans-serif; font-size: 16px; background-color: #ffffff;\"> avec votre<\/span> suivi<span style=\"text-align: inherit; letter-spacing: var(--letterSpacing); text-transform: var(--textTransform); color: #202124; font-family: arial, sans-serif; font-size: 16px; background-color: #ffffff;\"> num\u00e9ro.<\/span><\/p>\n<div><strong><span style=\"font-size: inherit; text-align: inherit; background-color: inherit; color: var(--theme-text-color); font-family: var(--fontFamily); font-style: var(--fontStyle, inherit); letter-spacing: var(--letterSpacing); text-transform: var(--textTransform);\">LA COMMANDE PEUT-ELLE \u00caTRE LIVR\u00c9E \u00c0 PLUSIEURS ADRESSES ?<\/span><\/strong><\/div>\n<div> <\/div>\n<p>Nous n&#8217;offrons pas l&#8217;exp\u00e9dition \u00e0 plusieurs adresses pour une seule commande. Si vous souhaitez que les articles soient livr\u00e9s \u00e0 plusieurs adresses, veuillez passer ces commandes s\u00e9par\u00e9ment.<\/p>\n<hr>\n<p><strong>OFFREZ-VOUS LA LIVRAISON AUX BO\u00ceTES POSTALES OU AUX ADRESSES MILITAIRES APO\/FPO ?<\/strong><\/p>\n<p>Oui, nous pouvons envoyer des envois \u00e0 des bo\u00eetes postales et \u00e0 des adresses militaires APO\/FPO<\/p>\n<\/div>\n\t\t\t\t\t\t\t\t<\/div>\n\t\t\t\t<\/div>\n\t\t\t\t\t<\/div>\n\t\t<\/div>\n\t\t\t\t\t<\/div>\n\t\t<\/section>\n\t\t\t\t<\/div>\n\t\t","protected":false},"excerpt":{"rendered":"<p>O LIVRONS-NOUS ? Nous fournissons la LIVRAISON GRATUITE aux \u00c9tats-Unis et en Europe. QUEL EST LE MONTANT DES FRAIS D&#8217;EXP\u00c9DITION? Les frais d&#8217;exp\u00e9dition varient en fonction de la destination d&#8217;exp\u00e9dition et du nombre d&#8217;articles que vous achetez. Vous pouvez obtenir un calcul de vos frais d&#8217;exp\u00e9dition exacts en ajoutant des articles \u00e0 votre panier, en [&hellip;]<\/p>\n","protected":false},"author":1,"featured_media":0,"parent":0,"menu_order":0,"comment_status":"closed","ping_status":"closed","template":"","meta":{"footnotes":""},"class_list":["post-3647","page","type-page","status-publish","hentry"],"blocksy_meta":{"styles_descriptor":{"styles":{"desktop":"","tablet":"","mobile":""},"google_fonts":[],"version":6}},"yoast_head":"<!-- This site is optimized with the Yoast SEO Premium plugin v17.1.2 (Yoast SEO v27.4) - https:\/\/yoast.com\/product\/yoast-seo-premium-wordpress\/ -->\n<title>Politique d&#039;exp\u00e9dition - Ryfi Online Store<\/title>\n<meta name=\"description\" content=\"Lisez notre politique d&#039;exp\u00e9dition : c&#039;est ainsi que nous proc\u00e9dons avec votre politique d&#039;exp\u00e9dition.\" \/>\n<meta name=\"robots\" content=\"index, follow, max-snippet:-1, max-image-preview:large, max-video-preview:-1\" \/>\n<link rel=\"canonical\" href=\"https:\/\/ryfi.online\/fr\/politique-dexpedition\/\" \/>\n<meta property=\"og:locale\" content=\"fr_FR\" \/>\n<meta property=\"og:type\" content=\"article\" \/>\n<meta property=\"og:title\" content=\"Politique d&#039;exp\u00e9dition\" \/>\n<meta property=\"og:description\" content=\"Lisez notre politique d&#039;exp\u00e9dition : c&#039;est ainsi que nous proc\u00e9dons avec votre politique d&#039;exp\u00e9dition.\" \/>\n<meta property=\"og:url\" content=\"https:\/\/ryfi.online\/fr\/politique-dexpedition\/\" \/>\n<meta property=\"og:site_name\" content=\"Ryfi Online Store\" \/>\n<meta property=\"article:publisher\" content=\"https:\/\/www.facebook.com\/ryfi.online\/\" \/>\n<meta property=\"article:modified_time\" content=\"2021-10-11T14:17:54+00:00\" \/>\n<meta property=\"og:image\" content=\"https:\/\/ryfi.online\/wp-content\/uploads\/2021\/03\/H89f48063f95940e583df854ff6ec5f689-Copy-Copy.jpg\" \/>\n\t<meta property=\"og:image:width\" content=\"500\" \/>\n\t<meta property=\"og:image:height\" content=\"500\" \/>\n\t<meta property=\"og:image:type\" content=\"image\/jpeg\" \/>\n<meta name=\"twitter:card\" content=\"summary_large_image\" \/>\n<meta name=\"twitter:label1\" content=\"Dur\u00e9e de lecture estim\u00e9e\" \/>\n\t<meta name=\"twitter:data1\" content=\"1 minute\" \/>\n<!-- \/ Yoast SEO Premium plugin. -->","yoast_head_json":{"title":"Politique d'exp\u00e9dition - Ryfi Online Store","description":"Lisez notre politique d'exp\u00e9dition : c'est ainsi que nous proc\u00e9dons avec votre politique d'exp\u00e9dition.","robots":{"index":"index","follow":"follow","max-snippet":"max-snippet:-1","max-image-preview":"max-image-preview:large","max-video-preview":"max-video-preview:-1"},"canonical":"https:\/\/ryfi.online\/fr\/politique-dexpedition\/","og_locale":"fr_FR","og_type":"article","og_title":"Politique d'exp\u00e9dition","og_description":"Lisez notre politique d'exp\u00e9dition : c'est ainsi que nous proc\u00e9dons avec votre politique d'exp\u00e9dition.","og_url":"https:\/\/ryfi.online\/fr\/politique-dexpedition\/","og_site_name":"Ryfi Online Store","article_publisher":"https:\/\/www.facebook.com\/ryfi.online\/","article_modified_time":"2021-10-11T14:17:54+00:00","og_image":[{"width":500,"height":500,"url":"https:\/\/ryfi.online\/wp-content\/uploads\/2021\/03\/H89f48063f95940e583df854ff6ec5f689-Copy-Copy.jpg","type":"image\/jpeg"}],"twitter_card":"summary_large_image","twitter_misc":{"Dur\u00e9e de lecture estim\u00e9e":"1 minute"},"schema":{"@context":"https:\/\/schema.org","@graph":[{"@type":"WebPage","@id":"https:\/\/ryfi.online\/fr\/politique-dexpedition\/","url":"https:\/\/ryfi.online\/fr\/politique-dexpedition\/","name":"Politique d'exp\u00e9dition - Ryfi Online Store","isPartOf":{"@id":"https:\/\/ryfi.online\/fr\/#website"},"datePublished":"2021-10-11T14:17:53+00:00","dateModified":"2021-10-11T14:17:54+00:00","description":"Lisez notre politique d'exp\u00e9dition : c'est ainsi que nous proc\u00e9dons avec votre politique d'exp\u00e9dition.","breadcrumb":{"@id":"https:\/\/ryfi.online\/fr\/politique-dexpedition\/#breadcrumb"},"inLanguage":"fr-FR","potentialAction":[{"@type":"ReadAction","target":["https:\/\/ryfi.online\/fr\/politique-dexpedition\/"]}]},{"@type":"BreadcrumbList","@id":"https:\/\/ryfi.online\/fr\/politique-dexpedition\/#breadcrumb","itemListElement":[{"@type":"ListItem","position":1,"name":"Home","item":"https:\/\/ryfi.online\/fr\/"},{"@type":"ListItem","position":2,"name":"Politique d&#8217;exp\u00e9dition"}]},{"@type":"WebSite","@id":"https:\/\/ryfi.online\/fr\/#website","url":"https:\/\/ryfi.online\/fr\/","name":"Ryfi Online Store","description":"Online Store","publisher":{"@id":"https:\/\/ryfi.online\/fr\/#organization"},"potentialAction":[{"@type":"SearchAction","target":{"@type":"EntryPoint","urlTemplate":"https:\/\/ryfi.online\/fr\/?s={search_term_string}"},"query-input":{"@type":"PropertyValueSpecification","valueRequired":true,"valueName":"search_term_string"}}],"inLanguage":"fr-FR"},{"@type":"Organization","@id":"https:\/\/ryfi.online\/fr\/#organization","name":"Ryan Future Investments LLC","url":"https:\/\/ryfi.online\/fr\/","logo":{"@type":"ImageObject","inLanguage":"fr-FR","@id":"https:\/\/ryfi.online\/fr\/#\/schema\/logo\/image\/","url":"https:\/\/ryfi.online\/wp-content\/uploads\/2021\/03\/2-03.png","contentUrl":"https:\/\/ryfi.online\/wp-content\/uploads\/2021\/03\/2-03.png","width":1010,"height":310,"caption":"Ryan Future Investments LLC"},"image":{"@id":"https:\/\/ryfi.online\/fr\/#\/schema\/logo\/image\/"},"sameAs":["https:\/\/www.facebook.com\/ryfi.online\/"]}]}},"jetpack-related-posts":[{"id":3624,"url":"https:\/\/ryfi.online\/fr\/remboursement-et-retour\/","url_meta":{"origin":3647,"position":0},"title":"Remboursement et retour","date":"octobre 11, 2021","format":false,"excerpt":"Les clients peuvent demander un remboursement ou un retour dans les 30 jours suivant la r\u00e9ception du ou des produits. Les remboursements seront effectu\u00e9s par la m\u00eame m\u00e9thode que vous avez utilis\u00e9e pour payer. Les articles sold\u00e9s et promotionnels sont exclus et restent soumis \u00e0 notre politique habituelle de remboursement\/retour.\u2026","rel":"","context":"Article similaire","img":{"alt_text":"","src":"","width":0,"height":0},"classes":[]},{"id":3312,"url":"https:\/\/ryfi.online\/fr\/nous-contacter\/","url_meta":{"origin":3647,"position":1},"title":"Nous contacter","date":"octobre 11, 2021","format":false,"excerpt":"Velturpis nunc eget lorem dolor sedviverra ipsum malesuada fames ac turpis egestas maecenas pharetra amet facilisis magna etiam tempor.","rel":"","context":"Article similaire","img":{"alt_text":"","src":"","width":0,"height":0},"classes":[]},{"id":3281,"url":"https:\/\/ryfi.online\/fr\/a-propos-de-nous\/","url_meta":{"origin":3647,"position":2},"title":"\u00c0 propos de nous","date":"octobre 11, 2021","format":false,"excerpt":"Massa sed elementum tempus egestas sed sed risus. Risus \u00e0 ultrices mi tempus imperdiet nulla malesuada pellentesque elit.","rel":"","context":"Article similaire","img":{"alt_text":"","src":"https:\/\/i1.wp.com\/ryfi.online\/wp-content\/uploads\/2020\/03\/zachary-kyra-derksen-RfgWAyCBNWk-unsplash.jpg?fit=660%2C400&ssl=1&resize=350%2C200","width":350,"height":200},"classes":[]},{"id":1517,"url":"https:\/\/ryfi.online\/es\/reembolso-y-devolucion\/","url_meta":{"origin":3647,"position":3},"title":"Reembolso y devoluci\u00f3n","date":"juin 12, 2021","format":false,"excerpt":"Los clientes pueden solicitar un reembolso o devoluci\u00f3n dentro de los 30 d\u00edas posteriores a la recepci\u00f3n de los productos. Los reembolsos se realizar\u00e1n mediante el mismo m\u00e9todo que utiliz\u00f3 para pagar. Los art\u00edculos en oferta y promocionales est\u00e1n excluidos y siguen sujetos a nuestra pol\u00edtica regular de reembolso \/\u2026","rel":"","context":"Article similaire","img":{"alt_text":"","src":"","width":0,"height":0},"classes":[]},{"id":3360,"url":"https:\/\/ryfi.online\/fr\/","url_meta":{"origin":3647,"position":4},"title":"Accueil","date":"octobre 11, 2021","format":false,"excerpt":"Offre de la semaine ! ACHETER 4 OBTENIR 5 Saisissez l'offre maintenant 25 % D\u00e9p\u00eachez-vous, ventes chaudes !! Bienvenue dans la boutique en ligne Ryfi Previous Next Achetez 4 Obtenez 5 Nos clients heureux ! Que disent les clients de nos produits. J'adore !!! Mon fils est tr\u00e8s heureux\u2026 j'ach\u00e8terai\u2026","rel":"","context":"Article similaire","img":{"alt_text":"","src":"https:\/\/i0.wp.com\/ryfi.online\/wp-content\/uploads\/2020\/03\/stefan-stefancik-QXevDflbl8A-unsplash.jpg?resize=350%2C200&ssl=1","width":350,"height":200},"classes":[]},{"id":1521,"url":"https:\/\/ryfi.online\/es\/politica-de-envios\/","url_meta":{"origin":3647,"position":5},"title":"Politica de envios","date":"juin 12, 2021","format":false,"excerpt":"\u00bfD\u00d3NDE ENTREGAMOS? Ofrecemos ENV\u00cdO GRATIS y R\u00e1pido en toda\u00a0 Europa. \u00bfCU\u00c1NTO CUESTA EL ENV\u00cdO? Los costos de env\u00edo var\u00edan seg\u00fan el destino de env\u00edo y la cantidad de art\u00edculos que compre. Puede obtener un c\u00e1lculo de sus gastos de env\u00edo exactos agregando art\u00edculos a su carrito, pasando por el pago\u2026","rel":"","context":"Article similaire","img":{"alt_text":"","src":"","width":0,"height":0},"classes":[]}],"_links":{"self":[{"href":"https:\/\/ryfi.online\/fr\/wp-json\/wp\/v2\/pages\/3647","targetHints":{"allow":["GET"]}}],"collection":[{"href":"https:\/\/ryfi.online\/fr\/wp-json\/wp\/v2\/pages"}],"about":[{"href":"https:\/\/ryfi.online\/fr\/wp-json\/wp\/v2\/types\/page"}],"author":[{"embeddable":true,"href":"https:\/\/ryfi.online\/fr\/wp-json\/wp\/v2\/users\/1"}],"replies":[{"embeddable":true,"href":"https:\/\/ryfi.online\/fr\/wp-json\/wp\/v2\/comments?post=3647"}],"version-history":[{"count":1,"href":"https:\/\/ryfi.online\/fr\/wp-json\/wp\/v2\/pages\/3647\/revisions"}],"predecessor-version":[{"id":3648,"href":"https:\/\/ryfi.online\/fr\/wp-json\/wp\/v2\/pages\/3647\/revisions\/3648"}],"wp:attachment":[{"href":"https:\/\/ryfi.online\/fr\/wp-json\/wp\/v2\/media?parent=3647"}],"curies":[{"name":"wp","href":"https:\/\/api.w.org\/{rel}","templated":true}]}}