{"id":8909,"date":"2022-04-30T19:44:22","date_gmt":"2022-04-30T19:44:22","guid":{"rendered":"https:\/\/ryfi.online\/?post_type=product&#038;p=8909"},"modified":"2024-10-31T20:54:07","modified_gmt":"2024-10-31T20:54:07","slug":"pijama-de-patrulla-canina-para-ninos-ev2098","status":"publish","type":"product","link":"https:\/\/ryfi.online\/es\/producto\/pijama-de-patrulla-canina-para-ninos-ev2098\/","title":{"rendered":"Pijama de Patrulla Canina para ni\u00f1os EV2098"},"content":{"rendered":"<p>Como regalo de cumplea\u00f1os, en Semana Santa o simplemente as\u00ed. Con el hermoso pijama de Patrulla Canina, no puedes equivocarte! La mano de obra es excelente y los colores muy fuertes. Con este maravilloso pijama, los ni\u00f1os descansaran genial! Lavable a 30 \u00b0 C en la m\u00e1quina, para una larga vida \u00fatil, pero se recomienda lavarse las manos. Con este pijama los ojos de los ni\u00f1os empiezan a irradiar!<\/p>\n<p>&nbsp;<\/p>\n<p>\u2705 Pijama de Patrulla Canina para ni\u00f1os<\/p>\n<p>\u2705 Color: Azul-Gris<\/p>\n<p>\u2705 100% Algod\u00f3n<\/p>\n<p>\u2705 Edad: 3 a\u00f1os, 4 a\u00f1os, 5 a\u00f1os, 6 a\u00f1os, 8 a\u00f1os<\/p>\n","protected":false},"excerpt":{"rendered":"<p>Env\u00edo rapido y seguro en 1-3 dias laborales<\/p>\n","protected":false},"featured_media":8930,"comment_status":"open","ping_status":"closed","template":"","meta":[],"product_brand":[],"product_cat":[194],"product_tag":[],"class_list":{"0":"post-8909","1":"product","2":"type-product","3":"status-publish","4":"has-post-thumbnail","6":"product_cat-pijama","8":"first","9":"instock","10":"featured","11":"taxable","12":"shipping-taxable","13":"purchasable","14":"product-type-variable"},"yoast_head":"<!-- This site is optimized with the Yoast SEO Premium plugin v17.1.2 (Yoast SEO v27.5) - https:\/\/yoast.com\/product\/yoast-seo-premium-wordpress\/ -->\n<title>Pijama de Patrulla Canina para ni\u00f1os EV2098 - Ryfi Online Store<\/title>\n<meta name=\"description\" content=\"El pijama de la Patrulla Canina de este ni\u00f1o es perfecto para el verano y otras vacaciones. Los colores vibrantes que se usan en los pijamas son muy atractivos y le dan un aspecto fabuloso.\" \/>\n<meta name=\"robots\" content=\"index, follow, max-snippet:-1, max-image-preview:large, max-video-preview:-1\" \/>\n<link rel=\"canonical\" href=\"https:\/\/ryfi.online\/es\/producto\/pijama-de-patrulla-canina-para-ninos-ev2098\/\" \/>\n<meta property=\"og:locale\" content=\"es_ES\" \/>\n<meta property=\"og:type\" content=\"article\" \/>\n<meta property=\"og:title\" content=\"Pijama de Patrulla Canina para ni\u00f1os EV2098\" \/>\n<meta property=\"og:description\" content=\"El pijama de la Patrulla Canina de este ni\u00f1o es perfecto para el verano y otras vacaciones. Los colores vibrantes que se usan en los pijamas son muy atractivos y le dan un aspecto fabuloso.\" \/>\n<meta property=\"og:url\" content=\"https:\/\/ryfi.online\/es\/producto\/pijama-de-patrulla-canina-para-ninos-ev2098\/\" \/>\n<meta property=\"og:site_name\" content=\"Ryfi Online Store\" \/>\n<meta property=\"article:publisher\" content=\"https:\/\/www.facebook.com\/ryfi.online\/\" \/>\n<meta property=\"article:modified_time\" content=\"2024-10-31T20:54:07+00:00\" \/>\n<meta property=\"og:image\" content=\"https:\/\/ryfi.online\/wp-content\/uploads\/2022\/04\/ev2098.i00.b.jpg\" \/>\n\t<meta property=\"og:image:width\" content=\"800\" \/>\n\t<meta property=\"og:image:height\" content=\"567\" \/>\n\t<meta property=\"og:image:type\" content=\"image\/jpeg\" \/>\n<meta name=\"twitter:card\" content=\"summary_large_image\" \/>\n<meta name=\"twitter:label1\" content=\"Availability\" \/>\n\t<meta name=\"twitter:data1\" content=\"In stock\" \/>\n<meta property=\"product:brand\" content=\"Pijama Ni\u00f1os\" \/>\n<meta property=\"og:availability\" content=\"instock\" \/>\n<meta property=\"product:availability\" content=\"instock\" \/>\n<meta property=\"product:condition\" content=\"new\" \/>\n<!-- \/ Yoast SEO Premium plugin. -->","yoast_head_json":{"title":"Pijama de Patrulla Canina para ni\u00f1os EV2098 - Ryfi Online Store","description":"El pijama de la Patrulla Canina de este ni\u00f1o es perfecto para el verano y otras vacaciones. Los colores vibrantes que se usan en los pijamas son muy atractivos y le dan un aspecto fabuloso.","robots":{"index":"index","follow":"follow","max-snippet":"max-snippet:-1","max-image-preview":"max-image-preview:large","max-video-preview":"max-video-preview:-1"},"canonical":"https:\/\/ryfi.online\/es\/producto\/pijama-de-patrulla-canina-para-ninos-ev2098\/","og_locale":"es_ES","og_type":"article","og_title":"Pijama de Patrulla Canina para ni\u00f1os EV2098","og_description":"El pijama de la Patrulla Canina de este ni\u00f1o es perfecto para el verano y otras vacaciones. Los colores vibrantes que se usan en los pijamas son muy atractivos y le dan un aspecto fabuloso.","og_url":"https:\/\/ryfi.online\/es\/producto\/pijama-de-patrulla-canina-para-ninos-ev2098\/","og_site_name":"Ryfi Online Store","article_publisher":"https:\/\/www.facebook.com\/ryfi.online\/","article_modified_time":"2024-10-31T20:54:07+00:00","og_image":[{"width":800,"height":567,"url":"https:\/\/ryfi.online\/wp-content\/uploads\/2022\/04\/ev2098.i00.b.jpg","type":"image\/jpeg"}],"twitter_card":"summary_large_image","twitter_misc":{"Availability":"In stock"},"schema":{"@context":"https:\/\/schema.org","@graph":[{"@type":"WebPage","@id":"https:\/\/ryfi.online\/es\/producto\/pijama-de-patrulla-canina-para-ninos-ev2098\/","url":"https:\/\/ryfi.online\/es\/producto\/pijama-de-patrulla-canina-para-ninos-ev2098\/","name":"Pijama de Patrulla Canina para ni\u00f1os EV2098 - Ryfi Online Store","isPartOf":{"@id":"https:\/\/ryfi.online\/es\/#website"},"primaryImageOfPage":{"@id":"https:\/\/ryfi.online\/es\/producto\/pijama-de-patrulla-canina-para-ninos-ev2098\/#primaryimage"},"image":{"@id":"https:\/\/ryfi.online\/es\/producto\/pijama-de-patrulla-canina-para-ninos-ev2098\/#primaryimage"},"thumbnailUrl":"https:\/\/ryfi.online\/wp-content\/uploads\/2022\/04\/ev2098.i00.b.jpg","datePublished":"2022-04-30T19:44:22+00:00","dateModified":"2024-10-31T20:54:07+00:00","description":"El pijama de la Patrulla Canina de este ni\u00f1o es perfecto para el verano y otras vacaciones. Los colores vibrantes que se usan en los pijamas son muy atractivos y le dan un aspecto fabuloso.","breadcrumb":{"@id":"https:\/\/ryfi.online\/es\/producto\/pijama-de-patrulla-canina-para-ninos-ev2098\/#breadcrumb"},"inLanguage":"es","potentialAction":[{"@type":"ReadAction","target":["https:\/\/ryfi.online\/es\/producto\/pijama-de-patrulla-canina-para-ninos-ev2098\/"]}]},{"@type":"ImageObject","inLanguage":"es","@id":"https:\/\/ryfi.online\/es\/producto\/pijama-de-patrulla-canina-para-ninos-ev2098\/#primaryimage","url":"https:\/\/ryfi.online\/wp-content\/uploads\/2022\/04\/ev2098.i00.b.jpg","contentUrl":"https:\/\/ryfi.online\/wp-content\/uploads\/2022\/04\/ev2098.i00.b.jpg","width":800,"height":567,"caption":"pijama patrulla canina"},{"@type":"BreadcrumbList","@id":"https:\/\/ryfi.online\/es\/producto\/pijama-de-patrulla-canina-para-ninos-ev2098\/#breadcrumb","itemListElement":[{"@type":"ListItem","position":1,"name":"Home","item":"https:\/\/ryfi.online\/es\/"},{"@type":"ListItem","position":2,"name":"Free and Fast Shipping whitin 1-3 Days!!!","item":"https:\/\/ryfi.online\/shop\/"},{"@type":"ListItem","position":3,"name":"Pijama de Patrulla Canina para ni\u00f1os EV2098"}]},{"@type":"WebSite","@id":"https:\/\/ryfi.online\/es\/#website","url":"https:\/\/ryfi.online\/es\/","name":"Ryfi Online Store","description":"Online Store","publisher":{"@id":"https:\/\/ryfi.online\/es\/#organization"},"potentialAction":[{"@type":"SearchAction","target":{"@type":"EntryPoint","urlTemplate":"https:\/\/ryfi.online\/es\/?s={search_term_string}"},"query-input":{"@type":"PropertyValueSpecification","valueRequired":true,"valueName":"search_term_string"}}],"inLanguage":"es"},{"@type":"Organization","@id":"https:\/\/ryfi.online\/es\/#organization","name":"Ryan Future Investments LLC","url":"https:\/\/ryfi.online\/es\/","logo":{"@type":"ImageObject","inLanguage":"es","@id":"https:\/\/ryfi.online\/es\/#\/schema\/logo\/image\/","url":"https:\/\/ryfi.online\/wp-content\/uploads\/2021\/03\/2-03.png","contentUrl":"https:\/\/ryfi.online\/wp-content\/uploads\/2021\/03\/2-03.png","width":1010,"height":310,"caption":"Ryan Future Investments LLC"},"image":{"@id":"https:\/\/ryfi.online\/es\/#\/schema\/logo\/image\/"},"sameAs":["https:\/\/www.facebook.com\/ryfi.online\/"]}]},"product_brand":"Pijama Ni\u00f1os","og_availability":"instock","product_availability":"instock","product_condition":"new"},"jetpack-related-posts":[{"id":9791,"url":"https:\/\/ryfi.online\/de\/produkt\/gorra-de-beisbol-con-diseno-de-princesas-de-disney-para-ninas\/","url_meta":{"origin":8909,"position":0},"title":"Gorra de b\u00e9isbol con dise\u00f1o de Princesas de Disney para ni\u00f1as ET4145","date":"junio 9, 2021","format":false,"excerpt":"Kostenloser Versand 1-3 Werktage Kostenlose R\u00fccksendung","rel":"","context":"Entrada similar","img":{"alt_text":"Gorra Princesas Disney","src":"https:\/\/i0.wp.com\/ryfi.online\/wp-content\/uploads\/2021\/06\/et4145_wh.jpg?resize=350%2C200&ssl=1","width":350,"height":200},"classes":[]},{"id":9555,"url":"https:\/\/ryfi.online\/de\/produkt\/autos-kinder-langarm-t-shirt\/","url_meta":{"origin":8909,"position":1},"title":"Autos Kinder Langarm T-Shirt HU1320","date":"octubre 31, 2021","format":false,"excerpt":"Schneller und sicherer Versand in 1-3 Werktagen","rel":"","context":"Entrada similar","img":{"alt_text":"Camiseta para ninos Cars -1","src":"https:\/\/i0.wp.com\/ryfi.online\/wp-content\/uploads\/2021\/10\/hu1320_bl.jpg?resize=350%2C200&ssl=1","width":350,"height":200},"classes":[]},{"id":3183,"url":"https:\/\/ryfi.online\/de\/produkt\/paw-patrol-boys-langarm-t-shirt\/","url_meta":{"origin":8909,"position":2},"title":"Paw Patrol &#8211; Langarm-T-Shirt f\u00fcr Jungen HU1023","date":"octubre 8, 2021","format":false,"excerpt":"Schneller und sicherer Versand in 1-3 Werktagen","rel":"","context":"Entrada similar","img":{"alt_text":"Camiseta para ninos Paw Patrol -1","src":"https:\/\/i0.wp.com\/ryfi.online\/wp-content\/uploads\/2021\/10\/hu1023.jpg?resize=350%2C200&ssl=1","width":350,"height":200},"classes":[]},{"id":7164,"url":"https:\/\/ryfi.online\/de\/produkt\/avengers-kinder-langarm-t-shirt\/","url_meta":{"origin":8909,"position":3},"title":"Avengers Kinder T-Shirt mit langen \u00c4rmeln HU1296","date":"octubre 31, 2021","format":false,"excerpt":"Schneller und sicherer Versand in 1-3 Werktagen","rel":"","context":"Entrada similar","img":{"alt_text":"Camiseta para ninos Avengers -1","src":"https:\/\/i0.wp.com\/ryfi.online\/wp-content\/uploads\/2021\/10\/hu1296_bl.jpg?resize=350%2C200&ssl=1","width":350,"height":200},"classes":[]},{"id":7130,"url":"https:\/\/ryfi.online\/de\/produkt\/sun-city-avengers-jogginghose-fur-jungen\/","url_meta":{"origin":8909,"position":4},"title":"Sun City Avengers Joggerhose f\u00fcr Jungen HU1297","date":"octubre 31, 2021","format":false,"excerpt":"Schneller und sicherer Versand in 1-3 Werktagen","rel":"","context":"Entrada similar","img":{"alt_text":"Chandals para ninos Avengers -1","src":"https:\/\/i0.wp.com\/ryfi.online\/wp-content\/uploads\/2021\/10\/hu1297.jpg?resize=350%2C200&ssl=1","width":350,"height":200},"classes":[]},{"id":12724,"url":"https:\/\/ryfi.online\/de\/produkt\/iphone-xs-max-etui-mobiltelefonetui-mit-magnetischer-adsorption-kartenhalterung-fur-iphone-xs-max\/","url_meta":{"origin":8909,"position":5},"title":"iPhone Xs Max H\u00fclle Handy mit Kartenhalter f\u00fcr iPhone Xs Max","date":"marzo 13, 2021","format":false,"excerpt":"Kostenloser und schneller Versand innerhalb von 1-3 Tagen. Kaufe 4, erhalte 5 Beeilen Sie sich, hei\u00dfe Verk\u00e4ufe!!!","rel":"","context":"Entrada similar","img":{"alt_text":"","src":"https:\/\/i0.wp.com\/ryfi.online\/wp-content\/uploads\/2021\/03\/HTB17H_UXYr1gK0jSZR0762P8XXaD-1.png?resize=350%2C200&ssl=1","width":350,"height":200},"classes":[]}],"_links":{"self":[{"href":"https:\/\/ryfi.online\/es\/wp-json\/wp\/v2\/product\/8909","targetHints":{"allow":["GET"]}}],"collection":[{"href":"https:\/\/ryfi.online\/es\/wp-json\/wp\/v2\/product"}],"about":[{"href":"https:\/\/ryfi.online\/es\/wp-json\/wp\/v2\/types\/product"}],"replies":[{"embeddable":true,"href":"https:\/\/ryfi.online\/es\/wp-json\/wp\/v2\/comments?post=8909"}],"wp:featuredmedia":[{"embeddable":true,"href":"https:\/\/ryfi.online\/es\/wp-json\/wp\/v2\/media\/8930"}],"wp:attachment":[{"href":"https:\/\/ryfi.online\/es\/wp-json\/wp\/v2\/media?parent=8909"}],"wp:term":[{"taxonomy":"product_brand","embeddable":true,"href":"https:\/\/ryfi.online\/es\/wp-json\/wp\/v2\/product_brand?post=8909"},{"taxonomy":"product_cat","embeddable":true,"href":"https:\/\/ryfi.online\/es\/wp-json\/wp\/v2\/product_cat?post=8909"},{"taxonomy":"product_tag","embeddable":true,"href":"https:\/\/ryfi.online\/es\/wp-json\/wp\/v2\/product_tag?post=8909"}],"curies":[{"name":"wp","href":"https:\/\/api.w.org\/{rel}","templated":true}]}}