{"id":8688,"date":"2022-04-30T16:35:08","date_gmt":"2022-04-30T16:35:08","guid":{"rendered":"https:\/\/ryfi.online\/?post_type=product&#038;p=8688"},"modified":"2023-01-05T20:32:34","modified_gmt":"2023-01-05T20:32:34","slug":"conjunto-avengers-ev1061","status":"publish","type":"product","link":"https:\/\/ryfi.online\/es\/producto\/conjunto-avengers-ev1061\/","title":{"rendered":"Conjunto Avengers para ni\u00f1os EV1061"},"content":{"rendered":"<p>Como regalo de cumplea\u00f1os, en Semana Santa o simplemente as\u00ed. Con el hermoso conjunto, de Avengers, no puedes equivocarte! La mano de obra es excelente y los colores muy fuertes. El conjuto de Avengers es ideal para lucirlo en los mejores momentos. Lavable a 30 \u00b0 C en la m\u00e1quina, para una larga vida \u00fatil, pero se recomienda lavarse las manos. Con este conjunto los ojos de los ni\u00f1os empiezan a irradiar!<\/p>\n<p>&nbsp;<\/p>\n<p>\u2705 Conjunto camiseta y pantalones para ni\u00f1os de Avengers<\/p>\n<p>\u2705 Color: Rojo-Blanco<\/p>\n<p>\u2705 100% Algod\u00f3n,<\/p>\n<p>\u2705 Edad: 4 a\u00f1os, 6 a\u00f1os, 8 a\u00f1os, 10 a\u00f1os<\/p>\n","protected":false},"excerpt":{"rendered":"<p>Env\u00edo rapido y seguro en 1-3 dias laborales<\/p>\n","protected":false},"featured_media":8707,"comment_status":"open","ping_status":"closed","template":"","meta":[],"product_brand":[],"product_cat":[45,191,85],"product_tag":[],"class_list":{"0":"post-8688","1":"product","2":"type-product","3":"status-publish","4":"has-post-thumbnail","6":"product_cat-camiseta-ninos-licencia-online","7":"product_cat-chandal-es","8":"product_cat-conjunto-ninos","10":"first","11":"instock","12":"featured","13":"taxable","14":"shipping-taxable","15":"purchasable","16":"product-type-variable"},"yoast_head":"<!-- This site is optimized with the Yoast SEO Premium plugin v17.1.2 (Yoast SEO v27.4) - https:\/\/yoast.com\/product\/yoast-seo-premium-wordpress\/ -->\n<title>Conjunto Avengers para ni\u00f1os EV1061 - Ryfi Online Store<\/title>\n<meta name=\"description\" content=\"Compra este juego completo de los Vengadores para ni\u00f1os que consiste en una camiseta y un pantal\u00f3n con el estampado de los Vengadores. Este conjunto es apto para cualquier forma de cuerpo de ni\u00f1os.\" \/>\n<meta name=\"robots\" content=\"index, follow, max-snippet:-1, max-image-preview:large, max-video-preview:-1\" \/>\n<link rel=\"canonical\" href=\"https:\/\/ryfi.online\/es\/producto\/conjunto-avengers-ev1061\/\" \/>\n<meta property=\"og:locale\" content=\"es_ES\" \/>\n<meta property=\"og:type\" content=\"article\" \/>\n<meta property=\"og:title\" content=\"Conjunto Avengers para ni\u00f1os EV1061\" \/>\n<meta property=\"og:description\" content=\"Compra este juego completo de los Vengadores para ni\u00f1os que consiste en una camiseta y un pantal\u00f3n con el estampado de los Vengadores. Este conjunto es apto para cualquier forma de cuerpo de ni\u00f1os.\" \/>\n<meta property=\"og:url\" content=\"https:\/\/ryfi.online\/es\/producto\/conjunto-avengers-ev1061\/\" \/>\n<meta property=\"og:site_name\" content=\"Ryfi Online Store\" \/>\n<meta property=\"article:publisher\" content=\"https:\/\/www.facebook.com\/ryfi.online\/\" \/>\n<meta property=\"article:modified_time\" content=\"2023-01-05T20:32:34+00:00\" \/>\n<meta property=\"og:image\" content=\"https:\/\/ryfi.online\/wp-content\/uploads\/2022\/04\/ev1061.jpg\" \/>\n\t<meta property=\"og:image:width\" content=\"800\" \/>\n\t<meta property=\"og:image:height\" content=\"566\" \/>\n\t<meta property=\"og:image:type\" content=\"image\/jpeg\" \/>\n<meta name=\"twitter:card\" content=\"summary_large_image\" \/>\n<meta name=\"twitter:label1\" content=\"Availability\" \/>\n\t<meta name=\"twitter:data1\" content=\"In stock\" \/>\n<meta property=\"product:brand\" content=\"Conjunto ni\u00f1os\" \/>\n<meta property=\"og:availability\" content=\"instock\" \/>\n<meta property=\"product:availability\" content=\"instock\" \/>\n<meta property=\"product:condition\" content=\"new\" \/>\n<!-- \/ Yoast SEO Premium plugin. -->","yoast_head_json":{"title":"Conjunto Avengers para ni\u00f1os EV1061 - Ryfi Online Store","description":"Compra este juego completo de los Vengadores para ni\u00f1os que consiste en una camiseta y un pantal\u00f3n con el estampado de los Vengadores. Este conjunto es apto para cualquier forma de cuerpo de ni\u00f1os.","robots":{"index":"index","follow":"follow","max-snippet":"max-snippet:-1","max-image-preview":"max-image-preview:large","max-video-preview":"max-video-preview:-1"},"canonical":"https:\/\/ryfi.online\/es\/producto\/conjunto-avengers-ev1061\/","og_locale":"es_ES","og_type":"article","og_title":"Conjunto Avengers para ni\u00f1os EV1061","og_description":"Compra este juego completo de los Vengadores para ni\u00f1os que consiste en una camiseta y un pantal\u00f3n con el estampado de los Vengadores. Este conjunto es apto para cualquier forma de cuerpo de ni\u00f1os.","og_url":"https:\/\/ryfi.online\/es\/producto\/conjunto-avengers-ev1061\/","og_site_name":"Ryfi Online Store","article_publisher":"https:\/\/www.facebook.com\/ryfi.online\/","article_modified_time":"2023-01-05T20:32:34+00:00","og_image":[{"width":800,"height":566,"url":"https:\/\/ryfi.online\/wp-content\/uploads\/2022\/04\/ev1061.jpg","type":"image\/jpeg"}],"twitter_card":"summary_large_image","twitter_misc":{"Availability":"In stock"},"schema":{"@context":"https:\/\/schema.org","@graph":[{"@type":"WebPage","@id":"https:\/\/ryfi.online\/es\/producto\/conjunto-avengers-ev1061\/","url":"https:\/\/ryfi.online\/es\/producto\/conjunto-avengers-ev1061\/","name":"Conjunto Avengers para ni\u00f1os EV1061 - Ryfi Online Store","isPartOf":{"@id":"https:\/\/ryfi.online\/es\/#website"},"primaryImageOfPage":{"@id":"https:\/\/ryfi.online\/es\/producto\/conjunto-avengers-ev1061\/#primaryimage"},"image":{"@id":"https:\/\/ryfi.online\/es\/producto\/conjunto-avengers-ev1061\/#primaryimage"},"thumbnailUrl":"https:\/\/ryfi.online\/wp-content\/uploads\/2022\/04\/ev1061.jpg","datePublished":"2022-04-30T16:35:08+00:00","dateModified":"2023-01-05T20:32:34+00:00","description":"Compra este juego completo de los Vengadores para ni\u00f1os que consiste en una camiseta y un pantal\u00f3n con el estampado de los Vengadores. Este conjunto es apto para cualquier forma de cuerpo de ni\u00f1os.","breadcrumb":{"@id":"https:\/\/ryfi.online\/es\/producto\/conjunto-avengers-ev1061\/#breadcrumb"},"inLanguage":"es","potentialAction":[{"@type":"ReadAction","target":["https:\/\/ryfi.online\/es\/producto\/conjunto-avengers-ev1061\/"]}]},{"@type":"ImageObject","inLanguage":"es","@id":"https:\/\/ryfi.online\/es\/producto\/conjunto-avengers-ev1061\/#primaryimage","url":"https:\/\/ryfi.online\/wp-content\/uploads\/2022\/04\/ev1061.jpg","contentUrl":"https:\/\/ryfi.online\/wp-content\/uploads\/2022\/04\/ev1061.jpg","width":800,"height":566},{"@type":"BreadcrumbList","@id":"https:\/\/ryfi.online\/es\/producto\/conjunto-avengers-ev1061\/#breadcrumb","itemListElement":[{"@type":"ListItem","position":1,"name":"Home","item":"https:\/\/ryfi.online\/es\/"},{"@type":"ListItem","position":2,"name":"Free and Fast Shipping whitin 1-3 Days!!!","item":"https:\/\/ryfi.online\/shop\/"},{"@type":"ListItem","position":3,"name":"Conjunto Avengers para ni\u00f1os EV1061"}]},{"@type":"WebSite","@id":"https:\/\/ryfi.online\/es\/#website","url":"https:\/\/ryfi.online\/es\/","name":"Ryfi Online Store","description":"Online Store","publisher":{"@id":"https:\/\/ryfi.online\/es\/#organization"},"potentialAction":[{"@type":"SearchAction","target":{"@type":"EntryPoint","urlTemplate":"https:\/\/ryfi.online\/es\/?s={search_term_string}"},"query-input":{"@type":"PropertyValueSpecification","valueRequired":true,"valueName":"search_term_string"}}],"inLanguage":"es"},{"@type":"Organization","@id":"https:\/\/ryfi.online\/es\/#organization","name":"Ryan Future Investments LLC","url":"https:\/\/ryfi.online\/es\/","logo":{"@type":"ImageObject","inLanguage":"es","@id":"https:\/\/ryfi.online\/es\/#\/schema\/logo\/image\/","url":"https:\/\/ryfi.online\/wp-content\/uploads\/2021\/03\/2-03.png","contentUrl":"https:\/\/ryfi.online\/wp-content\/uploads\/2021\/03\/2-03.png","width":1010,"height":310,"caption":"Ryan Future Investments LLC"},"image":{"@id":"https:\/\/ryfi.online\/es\/#\/schema\/logo\/image\/"},"sameAs":["https:\/\/www.facebook.com\/ryfi.online\/"]}]},"product_brand":"Conjunto ni\u00f1os","og_availability":"instock","product_availability":"instock","product_condition":"new"},"jetpack-related-posts":[{"id":8554,"url":"https:\/\/ryfi.online\/es\/producto\/conjunto-spiderman-ev1057\/","url_meta":{"origin":8688,"position":0},"title":"Conjunto Spiderman para ni\u00f1os EV1057","date":"abril 29, 2022","format":false,"excerpt":"Env\u00edo rapido y seguro en 1-3 dias laborales","rel":"","context":"Entrada similar","img":{"alt_text":"","src":"https:\/\/i0.wp.com\/ryfi.online\/wp-content\/uploads\/2022\/04\/ev1057.jpg?resize=350%2C200&ssl=1","width":350,"height":200},"classes":[]},{"id":7769,"url":"https:\/\/ryfi.online\/es\/producto\/spiderman-ninos-camiseta-y-pantalon\/","url_meta":{"origin":8688,"position":1},"title":"Conjunto Spiderman Ni\u00f1os Camiseta y Pantalon UE1109","date":"abril 19, 2022","format":false,"excerpt":"Env\u00edo rapido y seguro en 1-3 dias laborales","rel":"","context":"Entrada similar","img":{"alt_text":"Conjunto Spiderman","src":"https:\/\/i0.wp.com\/ryfi.online\/wp-content\/uploads\/2022\/04\/img_142084_b9dd3931f3ae76581b7aae01014ee611_20.jpg?resize=350%2C200&ssl=1","width":350,"height":200},"classes":[]},{"id":2134,"url":"https:\/\/ryfi.online\/es\/producto\/set-3-marvel-avengers-100-calzoncillos-de-algodon-para-ninos-4-5-anos\/","url_meta":{"origin":8688,"position":2},"title":"Set de 3 calzoncillos de 100% algod\u00f3n Marvel Avengers para ni\u00f1os de 4 a 5 a\u00f1os UE3028","date":"julio 5, 2021","format":false,"excerpt":"Env\u00edo rapido y seguro en 1-3 dias laborales","rel":"","context":"Entrada similar","img":{"alt_text":"","src":"https:\/\/i0.wp.com\/ryfi.online\/wp-content\/uploads\/2021\/07\/ue3028.45y.e00-scaled.jpg?resize=350%2C200&ssl=1","width":350,"height":200},"classes":[]},{"id":8644,"url":"https:\/\/ryfi.online\/es\/producto\/camiseta-peppa-pig-ue1120\/","url_meta":{"origin":8688,"position":3},"title":"Camiseta Peppa Pig para ni\u00f1as UE1120","date":"abril 29, 2022","format":false,"excerpt":"Env\u00edo rapido y seguro en 1-3 dias laborales","rel":"","context":"Entrada similar","img":{"alt_text":"","src":"https:\/\/i0.wp.com\/ryfi.online\/wp-content\/uploads\/2022\/04\/ue1120.jpg?resize=350%2C200&ssl=1","width":350,"height":200},"classes":[]},{"id":8760,"url":"https:\/\/ryfi.online\/es\/producto\/camiseta-manga-corta-minnie-ev1081\/","url_meta":{"origin":8688,"position":4},"title":"Camiseta Manga Corta Minnie para ni\u00f1as EV1081","date":"abril 30, 2022","format":false,"excerpt":"Env\u00edo gratuito y r\u00e1pido en 1-3 d\u00edas.","rel":"","context":"Entrada similar","img":{"alt_text":"Camiseta Minnie","src":"https:\/\/i0.wp.com\/ryfi.online\/wp-content\/uploads\/2022\/04\/ev1081.jpg?resize=350%2C200&ssl=1","width":350,"height":200},"classes":[]},{"id":1415,"url":"https:\/\/ryfi.online\/es\/producto\/gorra-de-beisbol-con-diseno-de-avengers-de-marvel-para-ninos\/","url_meta":{"origin":8688,"position":5},"title":"Gorra de b\u00e9isbol con dise\u00f1o de Avengers de Marvel para ni\u00f1os","date":"junio 9, 2021","format":false,"excerpt":"Env\u00edo gratuito en 1-3 d\u00edas laborales","rel":"","context":"Entrada similar","img":{"alt_text":"Gorra Avengers Marvel","src":"https:\/\/i0.wp.com\/ryfi.online\/wp-content\/uploads\/2021\/06\/et4174_bl-1.jpg?resize=350%2C200&ssl=1","width":350,"height":200},"classes":[]}],"_links":{"self":[{"href":"https:\/\/ryfi.online\/es\/wp-json\/wp\/v2\/product\/8688","targetHints":{"allow":["GET"]}}],"collection":[{"href":"https:\/\/ryfi.online\/es\/wp-json\/wp\/v2\/product"}],"about":[{"href":"https:\/\/ryfi.online\/es\/wp-json\/wp\/v2\/types\/product"}],"replies":[{"embeddable":true,"href":"https:\/\/ryfi.online\/es\/wp-json\/wp\/v2\/comments?post=8688"}],"wp:featuredmedia":[{"embeddable":true,"href":"https:\/\/ryfi.online\/es\/wp-json\/wp\/v2\/media\/8707"}],"wp:attachment":[{"href":"https:\/\/ryfi.online\/es\/wp-json\/wp\/v2\/media?parent=8688"}],"wp:term":[{"taxonomy":"product_brand","embeddable":true,"href":"https:\/\/ryfi.online\/es\/wp-json\/wp\/v2\/product_brand?post=8688"},{"taxonomy":"product_cat","embeddable":true,"href":"https:\/\/ryfi.online\/es\/wp-json\/wp\/v2\/product_cat?post=8688"},{"taxonomy":"product_tag","embeddable":true,"href":"https:\/\/ryfi.online\/es\/wp-json\/wp\/v2\/product_tag?post=8688"}],"curies":[{"name":"wp","href":"https:\/\/api.w.org\/{rel}","templated":true}]}}