{"id":8602,"date":"2022-04-29T17:37:21","date_gmt":"2022-04-29T17:37:21","guid":{"rendered":"https:\/\/ryfi.online\/?post_type=product&#038;p=8602"},"modified":"2025-05-28T10:49:07","modified_gmt":"2025-05-28T10:49:07","slug":"gorra-spiderman-ev4009","status":"publish","type":"product","link":"https:\/\/ryfi.online\/es\/producto\/gorra-spiderman-ev4009\/","title":{"rendered":"Gorra Spiderman para ni\u00f1os EV4009"},"content":{"rendered":"<p>Como regalo de cumplea\u00f1os, en Semana Santa o simplemente as\u00ed. Con la hermosa gorra, de Spiderman, no puedes equivocarte! La Cappy es 100% algod\u00f3n y 100% poli\u00e9ster. Hay un cierre de velcro en la parte posterior para un ajuste perfecto con las peque\u00f1as cabezas para una m\u00e1xima comodidad. La mano de obra es excelente y los colores muy fuertes. La gorra de pico es ideal para pasear al sol, un d\u00eda en la piscina o para las vacaciones. As\u00ed que las cabezas de los m\u00e1s peque\u00f1os est\u00e1n bien protegidas del sol abrasador. La tapa es lavable a 30 \u00b0 C en la m\u00e1quina, para una larga vida \u00fatil, pero se recomienda lavarse las manos. Con esta gorra los ojos de los ni\u00f1os empiezan a irradiar!<\/p>\n<p>&nbsp;<\/p>\n<p>\u2705 Gorra de Spiderman<\/p>\n<p>\u2705 Color: Rojo-Azul<\/p>\n<p>\u2705 100% Algod\u00f3n,<\/p>\n<p>\u2705 Tama\u00f1o 52-54<\/p>\n","protected":false},"excerpt":{"rendered":"<p>Env\u00edo rapido y seguro en 1-3 dias laborales<\/p>\n","protected":false},"featured_media":8608,"comment_status":"open","ping_status":"closed","template":"","meta":[],"product_brand":[],"product_cat":[41],"product_tag":[],"class_list":{"0":"post-8602","1":"product","2":"type-product","3":"status-publish","4":"has-post-thumbnail","6":"product_cat-gorras-ninos-con-licencia-originales","8":"first","9":"instock","10":"featured","11":"taxable","12":"shipping-taxable","13":"purchasable","14":"product-type-variable"},"yoast_head":"<!-- This site is optimized with the Yoast SEO Premium plugin v17.1.2 (Yoast SEO v27.6) - https:\/\/yoast.com\/product\/yoast-seo-premium-wordpress\/ -->\n<title>Gorra Spiderman para ni\u00f1os EV4009 - Ryfi Online Store<\/title>\n<meta name=\"description\" content=\"Si busca gorra de spiderman para ni\u00f1os en Europa.. \u00a1Entonces, usted ha venido al lugar correcto, Ryfi.online proporciona el tipo de felpa diferente, para m\u00e1s informaci\u00f3n visite nuestro sitio web hoy!\" \/>\n<meta name=\"robots\" content=\"index, follow, max-snippet:-1, max-image-preview:large, max-video-preview:-1\" \/>\n<link rel=\"canonical\" href=\"https:\/\/ryfi.online\/es\/producto\/gorra-spiderman-ev4009\/\" \/>\n<meta property=\"og:locale\" content=\"es_ES\" \/>\n<meta property=\"og:type\" content=\"article\" \/>\n<meta property=\"og:title\" content=\"Gorra Spiderman para ni\u00f1os EV4009\" \/>\n<meta property=\"og:description\" content=\"Si busca gorra de spiderman para ni\u00f1os en Europa.. \u00a1Entonces, usted ha venido al lugar correcto, Ryfi.online proporciona el tipo de felpa diferente, para m\u00e1s informaci\u00f3n visite nuestro sitio web hoy!\" \/>\n<meta property=\"og:url\" content=\"https:\/\/ryfi.online\/es\/producto\/gorra-spiderman-ev4009\/\" \/>\n<meta property=\"og:site_name\" content=\"Ryfi Online Store\" \/>\n<meta property=\"article:publisher\" content=\"https:\/\/www.facebook.com\/ryfi.online\/\" \/>\n<meta property=\"article:modified_time\" content=\"2025-05-28T10:49:07+00:00\" \/>\n<meta property=\"og:image\" content=\"https:\/\/ryfi.online\/wp-content\/uploads\/2022\/04\/ev4009_bl.jpg\" \/>\n\t<meta property=\"og:image:width\" content=\"800\" \/>\n\t<meta property=\"og:image:height\" content=\"1200\" \/>\n\t<meta property=\"og:image:type\" content=\"image\/jpeg\" \/>\n<meta name=\"twitter:card\" content=\"summary_large_image\" \/>\n<meta name=\"twitter:label1\" content=\"Availability\" \/>\n\t<meta name=\"twitter:data1\" content=\"In stock\" \/>\n<meta property=\"product:brand\" content=\"Gorras ni\u00f1os\" \/>\n<meta property=\"og:availability\" content=\"instock\" \/>\n<meta property=\"product:availability\" content=\"instock\" \/>\n<meta property=\"product:condition\" content=\"new\" \/>\n<!-- \/ Yoast SEO Premium plugin. -->","yoast_head_json":{"title":"Gorra Spiderman para ni\u00f1os EV4009 - Ryfi Online Store","description":"Si busca gorra de spiderman para ni\u00f1os en Europa.. \u00a1Entonces, usted ha venido al lugar correcto, Ryfi.online proporciona el tipo de felpa diferente, para m\u00e1s informaci\u00f3n visite nuestro sitio web hoy!","robots":{"index":"index","follow":"follow","max-snippet":"max-snippet:-1","max-image-preview":"max-image-preview:large","max-video-preview":"max-video-preview:-1"},"canonical":"https:\/\/ryfi.online\/es\/producto\/gorra-spiderman-ev4009\/","og_locale":"es_ES","og_type":"article","og_title":"Gorra Spiderman para ni\u00f1os EV4009","og_description":"Si busca gorra de spiderman para ni\u00f1os en Europa.. \u00a1Entonces, usted ha venido al lugar correcto, Ryfi.online proporciona el tipo de felpa diferente, para m\u00e1s informaci\u00f3n visite nuestro sitio web hoy!","og_url":"https:\/\/ryfi.online\/es\/producto\/gorra-spiderman-ev4009\/","og_site_name":"Ryfi Online Store","article_publisher":"https:\/\/www.facebook.com\/ryfi.online\/","article_modified_time":"2025-05-28T10:49:07+00:00","og_image":[{"width":800,"height":1200,"url":"https:\/\/ryfi.online\/wp-content\/uploads\/2022\/04\/ev4009_bl.jpg","type":"image\/jpeg"}],"twitter_card":"summary_large_image","twitter_misc":{"Availability":"In stock"},"schema":{"@context":"https:\/\/schema.org","@graph":[{"@type":"WebPage","@id":"https:\/\/ryfi.online\/es\/producto\/gorra-spiderman-ev4009\/","url":"https:\/\/ryfi.online\/es\/producto\/gorra-spiderman-ev4009\/","name":"Gorra Spiderman para ni\u00f1os EV4009 - Ryfi Online Store","isPartOf":{"@id":"https:\/\/ryfi.online\/es\/#website"},"primaryImageOfPage":{"@id":"https:\/\/ryfi.online\/es\/producto\/gorra-spiderman-ev4009\/#primaryimage"},"image":{"@id":"https:\/\/ryfi.online\/es\/producto\/gorra-spiderman-ev4009\/#primaryimage"},"thumbnailUrl":"https:\/\/ryfi.online\/wp-content\/uploads\/2022\/04\/ev4009_bl.jpg","datePublished":"2022-04-29T17:37:21+00:00","dateModified":"2025-05-28T10:49:07+00:00","description":"Si busca gorra de spiderman para ni\u00f1os en Europa.. \u00a1Entonces, usted ha venido al lugar correcto, Ryfi.online proporciona el tipo de felpa diferente, para m\u00e1s informaci\u00f3n visite nuestro sitio web hoy!","breadcrumb":{"@id":"https:\/\/ryfi.online\/es\/producto\/gorra-spiderman-ev4009\/#breadcrumb"},"inLanguage":"es","potentialAction":[{"@type":"ReadAction","target":["https:\/\/ryfi.online\/es\/producto\/gorra-spiderman-ev4009\/"]}]},{"@type":"ImageObject","inLanguage":"es","@id":"https:\/\/ryfi.online\/es\/producto\/gorra-spiderman-ev4009\/#primaryimage","url":"https:\/\/ryfi.online\/wp-content\/uploads\/2022\/04\/ev4009_bl.jpg","contentUrl":"https:\/\/ryfi.online\/wp-content\/uploads\/2022\/04\/ev4009_bl.jpg","width":800,"height":1200},{"@type":"BreadcrumbList","@id":"https:\/\/ryfi.online\/es\/producto\/gorra-spiderman-ev4009\/#breadcrumb","itemListElement":[{"@type":"ListItem","position":1,"name":"Home","item":"https:\/\/ryfi.online\/es\/"},{"@type":"ListItem","position":2,"name":"Free and Fast Shipping whitin 1-3 Days!!!","item":"https:\/\/ryfi.online\/shop\/"},{"@type":"ListItem","position":3,"name":"Gorra Spiderman para ni\u00f1os EV4009"}]},{"@type":"WebSite","@id":"https:\/\/ryfi.online\/es\/#website","url":"https:\/\/ryfi.online\/es\/","name":"Ryfi Online Store","description":"Online Store","publisher":{"@id":"https:\/\/ryfi.online\/es\/#organization"},"potentialAction":[{"@type":"SearchAction","target":{"@type":"EntryPoint","urlTemplate":"https:\/\/ryfi.online\/es\/?s={search_term_string}"},"query-input":{"@type":"PropertyValueSpecification","valueRequired":true,"valueName":"search_term_string"}}],"inLanguage":"es"},{"@type":"Organization","@id":"https:\/\/ryfi.online\/es\/#organization","name":"Ryan Future Investments LLC","url":"https:\/\/ryfi.online\/es\/","logo":{"@type":"ImageObject","inLanguage":"es","@id":"https:\/\/ryfi.online\/es\/#\/schema\/logo\/image\/","url":"https:\/\/ryfi.online\/wp-content\/uploads\/2021\/03\/2-03.png","contentUrl":"https:\/\/ryfi.online\/wp-content\/uploads\/2021\/03\/2-03.png","width":1010,"height":310,"caption":"Ryan Future Investments LLC"},"image":{"@id":"https:\/\/ryfi.online\/es\/#\/schema\/logo\/image\/"},"sameAs":["https:\/\/www.facebook.com\/ryfi.online\/"]}]},"product_brand":"Gorras ni\u00f1os","og_availability":"instock","product_availability":"instock","product_condition":"new"},"jetpack-related-posts":[{"id":1322,"url":"https:\/\/ryfi.online\/es\/producto\/gorra-de-beisbol-con-diseno-de-spiderman-de-marvel-para-ninos\/","url_meta":{"origin":8602,"position":0},"title":"Gorra de b\u00e9isbol con dise\u00f1o de Spiderman de Marvel para ni\u00f1os","date":"junio 9, 2021","format":false,"excerpt":"Env\u00edo gratuito en 1-3 d\u00edas\u00a0laborales","rel":"","context":"Entrada similar","img":{"alt_text":"Gorra Spiderman Marvel","src":"https:\/\/i0.wp.com\/ryfi.online\/wp-content\/uploads\/2021\/06\/et4022_bk.jpg?resize=350%2C200&ssl=1","width":350,"height":200},"classes":[]},{"id":8668,"url":"https:\/\/ryfi.online\/es\/producto\/gorra-frozen-ue4140\/","url_meta":{"origin":8602,"position":1},"title":"Gorra Frozen para ni\u00f1as UE4140","date":"abril 29, 2022","format":false,"excerpt":"Env\u00edo rapido y seguro en 1-3 dias laborales","rel":"","context":"Entrada similar","img":{"alt_text":"","src":"https:\/\/i0.wp.com\/ryfi.online\/wp-content\/uploads\/2022\/04\/ue4140_lna.jpg?resize=350%2C200&ssl=1","width":350,"height":200},"classes":[]},{"id":1734,"url":"https:\/\/ryfi.online\/es\/producto\/gorra-de-beisbol-con-diseno-de-batman-para-ninos\/","url_meta":{"origin":8602,"position":2},"title":"Gorra de b\u00e9isbol con dise\u00f1o de Batman para ni\u00f1os UE4224","date":"junio 16, 2021","format":false,"excerpt":"Env\u00edo gratuito y r\u00e1pido en 1-3 d\u00edas.","rel":"","context":"Entrada similar","img":{"alt_text":"Gorra Batman","src":"https:\/\/i0.wp.com\/ryfi.online\/wp-content\/uploads\/2021\/06\/ue4224_bk.jpg?resize=350%2C200&ssl=1","width":350,"height":200},"classes":[]},{"id":8443,"url":"https:\/\/ryfi.online\/es\/producto\/gorra-minions\/","url_meta":{"origin":8602,"position":3},"title":"Gorra Minions EP4341","date":"abril 27, 2022","format":false,"excerpt":"Env\u00edo gratuito y r\u00e1pido en 1-3 d\u00edas.","rel":"","context":"Entrada similar","img":{"alt_text":"Gorra Minion Amarillo","src":"https:\/\/i0.wp.com\/ryfi.online\/wp-content\/uploads\/2022\/04\/ep4341_ye.jpg?resize=350%2C200&ssl=1","width":350,"height":200},"classes":[]},{"id":1418,"url":"https:\/\/ryfi.online\/es\/producto\/gorra-de-beisbol-con-diseno-de-patrulla-canina-de-nickelodeon-para-ninos\/","url_meta":{"origin":8602,"position":4},"title":"Gorra de b\u00e9isbol con dise\u00f1o de Patrulla Canina de Nickelodeon para ni\u00f1os UE4157","date":"junio 9, 2021","format":false,"excerpt":"Env\u00edo gratuito y r\u00e1pido en 1-3 d\u00edas.","rel":"","context":"Entrada similar","img":{"alt_text":"Gorra Patrulla Canina Nickelodeon","src":"https:\/\/i0.wp.com\/ryfi.online\/wp-content\/uploads\/2021\/06\/ue4157_ye.jpg?resize=350%2C200&ssl=1","width":350,"height":200},"classes":[]},{"id":1415,"url":"https:\/\/ryfi.online\/es\/producto\/gorra-de-beisbol-con-diseno-de-avengers-de-marvel-para-ninos\/","url_meta":{"origin":8602,"position":5},"title":"Gorra de b\u00e9isbol con dise\u00f1o de Avengers de Marvel para ni\u00f1os","date":"junio 9, 2021","format":false,"excerpt":"Env\u00edo gratuito en 1-3 d\u00edas laborales","rel":"","context":"Entrada similar","img":{"alt_text":"Gorra Avengers Marvel","src":"https:\/\/i0.wp.com\/ryfi.online\/wp-content\/uploads\/2021\/06\/et4174_bl-1.jpg?resize=350%2C200&ssl=1","width":350,"height":200},"classes":[]}],"_links":{"self":[{"href":"https:\/\/ryfi.online\/es\/wp-json\/wp\/v2\/product\/8602","targetHints":{"allow":["GET"]}}],"collection":[{"href":"https:\/\/ryfi.online\/es\/wp-json\/wp\/v2\/product"}],"about":[{"href":"https:\/\/ryfi.online\/es\/wp-json\/wp\/v2\/types\/product"}],"replies":[{"embeddable":true,"href":"https:\/\/ryfi.online\/es\/wp-json\/wp\/v2\/comments?post=8602"}],"wp:featuredmedia":[{"embeddable":true,"href":"https:\/\/ryfi.online\/es\/wp-json\/wp\/v2\/media\/8608"}],"wp:attachment":[{"href":"https:\/\/ryfi.online\/es\/wp-json\/wp\/v2\/media?parent=8602"}],"wp:term":[{"taxonomy":"product_brand","embeddable":true,"href":"https:\/\/ryfi.online\/es\/wp-json\/wp\/v2\/product_brand?post=8602"},{"taxonomy":"product_cat","embeddable":true,"href":"https:\/\/ryfi.online\/es\/wp-json\/wp\/v2\/product_cat?post=8602"},{"taxonomy":"product_tag","embeddable":true,"href":"https:\/\/ryfi.online\/es\/wp-json\/wp\/v2\/product_tag?post=8602"}],"curies":[{"name":"wp","href":"https:\/\/api.w.org\/{rel}","templated":true}]}}