{"id":7945,"date":"2022-04-21T18:13:15","date_gmt":"2022-04-21T18:13:15","guid":{"rendered":"https:\/\/ryfi.online\/?post_type=product&#038;p=7945"},"modified":"2023-01-03T18:48:16","modified_gmt":"2023-01-03T18:48:16","slug":"conjunto-cars-ninos-camiseta-y-pantalon-copy","status":"publish","type":"product","link":"https:\/\/ryfi.online\/es\/producto\/conjunto-cars-ninos-camiseta-y-pantalon-copy\/","title":{"rendered":"Conjunto Cars Ni\u00f1os Camiseta y Pantalon ET1081"},"content":{"rendered":"<p>Como regalo de cumplea\u00f1os, en Semana Santa o simplemente as\u00ed. Con el hermoso conjunto, de Cars, no puedes equivocarte! La mano de obra es excelente y los colores muy fuertes. El conjuto de Cars es ideal para lucirlo en los mejores momentos. Lavable a 30 \u00b0 C en la m\u00e1quina, para una larga vida \u00fatil, pero se recomienda lavarse las manos. Con este conjunto los ojos de los ni\u00f1os empiezan a irradiar!<\/p>\n<p>&nbsp;<\/p>\n<p><span class=\"a-list-item\">\u2705 Conjunto Cars Ni\u00f1os Camiseta y Pantalon<\/span><\/p>\n<p><span class=\"a-list-item\">\u2705 Colores: Rojo-Blanco<\/span><\/p>\n<p><span class=\"a-list-item\">\u2705 100% Cotton,<\/span><\/p>\n<p id=\"title\" class=\"a-size-large a-spacing-none\"><span id=\"productTitle\" class=\"a-size-large product-title-word-break\"><span class=\"a-list-item\">\u2705<\/span> Age: \u00a03 a\u00f1os, 4 a\u00f1os, 6 a\u00f1os, 8 a\u00f1os<\/span><\/p>\n","protected":false},"excerpt":{"rendered":"<p>Env\u00edo gratuito y r\u00e1pido en 1-3 d\u00edas.<\/p>\n","protected":false},"featured_media":7972,"comment_status":"open","ping_status":"closed","template":"","meta":[],"product_brand":[],"product_cat":[45,191,85],"product_tag":[],"class_list":{"0":"post-7945","1":"product","2":"type-product","3":"status-publish","4":"has-post-thumbnail","6":"product_cat-camiseta-ninos-licencia-online","7":"product_cat-chandal-es","8":"product_cat-conjunto-ninos","10":"first","11":"instock","12":"featured","13":"taxable","14":"shipping-taxable","15":"purchasable","16":"product-type-variable"},"yoast_head":"<!-- This site is optimized with the Yoast SEO Premium plugin v17.1.2 (Yoast SEO v27.4) - https:\/\/yoast.com\/product\/yoast-seo-premium-wordpress\/ -->\n<title>Conjunto Cars Ni\u00f1os Camiseta y Pantalon ET1081 - Ryfi Online Store<\/title>\n<meta name=\"description\" content=\"Encuentra la mejor colecci\u00f3n de camisetas y pantalones para ni\u00f1os de Spiderman en Espa\u00f1a en Ryfi Online Store Env\u00edo r\u00e1pido en 1 3 d\u00edas laborables\" \/>\n<meta name=\"robots\" content=\"index, follow, max-snippet:-1, max-image-preview:large, max-video-preview:-1\" \/>\n<link rel=\"canonical\" href=\"https:\/\/ryfi.online\/es\/producto\/conjunto-cars-ninos-camiseta-y-pantalon-copy\/\" \/>\n<meta property=\"og:locale\" content=\"es_ES\" \/>\n<meta property=\"og:type\" content=\"article\" \/>\n<meta property=\"og:title\" content=\"Conjunto Cars Ni\u00f1os Camiseta y Pantalon ET1081\" \/>\n<meta property=\"og:description\" content=\"Encuentra la mejor colecci\u00f3n de camisetas y pantalones para ni\u00f1os de Spiderman en Espa\u00f1a en Ryfi Online Store Env\u00edo r\u00e1pido en 1 3 d\u00edas laborables\" \/>\n<meta property=\"og:url\" content=\"https:\/\/ryfi.online\/es\/producto\/conjunto-cars-ninos-camiseta-y-pantalon-copy\/\" \/>\n<meta property=\"og:site_name\" content=\"Ryfi Online Store\" \/>\n<meta property=\"article:publisher\" content=\"https:\/\/www.facebook.com\/ryfi.online\/\" \/>\n<meta property=\"article:modified_time\" content=\"2023-01-03T18:48:16+00:00\" \/>\n<meta property=\"og:image\" content=\"https:\/\/ryfi.online\/wp-content\/uploads\/2022\/04\/et1081.jpg\" \/>\n\t<meta property=\"og:image:width\" content=\"800\" \/>\n\t<meta property=\"og:image:height\" content=\"565\" \/>\n\t<meta property=\"og:image:type\" content=\"image\/jpeg\" \/>\n<meta name=\"twitter:card\" content=\"summary_large_image\" \/>\n<meta name=\"twitter:label1\" content=\"Availability\" \/>\n\t<meta name=\"twitter:data1\" content=\"In stock\" \/>\n<meta property=\"product:brand\" content=\"Camiseta ni\u00f1os\" \/>\n<meta property=\"og:availability\" content=\"instock\" \/>\n<meta property=\"product:availability\" content=\"instock\" \/>\n<meta property=\"product:condition\" content=\"new\" \/>\n<!-- \/ Yoast SEO Premium plugin. -->","yoast_head_json":{"title":"Conjunto Cars Ni\u00f1os Camiseta y Pantalon ET1081 - Ryfi Online Store","description":"Encuentra la mejor colecci\u00f3n de camisetas y pantalones para ni\u00f1os de Spiderman en Espa\u00f1a en Ryfi Online Store Env\u00edo r\u00e1pido en 1 3 d\u00edas laborables","robots":{"index":"index","follow":"follow","max-snippet":"max-snippet:-1","max-image-preview":"max-image-preview:large","max-video-preview":"max-video-preview:-1"},"canonical":"https:\/\/ryfi.online\/es\/producto\/conjunto-cars-ninos-camiseta-y-pantalon-copy\/","og_locale":"es_ES","og_type":"article","og_title":"Conjunto Cars Ni\u00f1os Camiseta y Pantalon ET1081","og_description":"Encuentra la mejor colecci\u00f3n de camisetas y pantalones para ni\u00f1os de Spiderman en Espa\u00f1a en Ryfi Online Store Env\u00edo r\u00e1pido en 1 3 d\u00edas laborables","og_url":"https:\/\/ryfi.online\/es\/producto\/conjunto-cars-ninos-camiseta-y-pantalon-copy\/","og_site_name":"Ryfi Online Store","article_publisher":"https:\/\/www.facebook.com\/ryfi.online\/","article_modified_time":"2023-01-03T18:48:16+00:00","og_image":[{"width":800,"height":565,"url":"https:\/\/ryfi.online\/wp-content\/uploads\/2022\/04\/et1081.jpg","type":"image\/jpeg"}],"twitter_card":"summary_large_image","twitter_misc":{"Availability":"In stock"},"schema":{"@context":"https:\/\/schema.org","@graph":[{"@type":"WebPage","@id":"https:\/\/ryfi.online\/es\/producto\/conjunto-cars-ninos-camiseta-y-pantalon-copy\/","url":"https:\/\/ryfi.online\/es\/producto\/conjunto-cars-ninos-camiseta-y-pantalon-copy\/","name":"Conjunto Cars Ni\u00f1os Camiseta y Pantalon ET1081 - Ryfi Online Store","isPartOf":{"@id":"https:\/\/ryfi.online\/es\/#website"},"primaryImageOfPage":{"@id":"https:\/\/ryfi.online\/es\/producto\/conjunto-cars-ninos-camiseta-y-pantalon-copy\/#primaryimage"},"image":{"@id":"https:\/\/ryfi.online\/es\/producto\/conjunto-cars-ninos-camiseta-y-pantalon-copy\/#primaryimage"},"thumbnailUrl":"https:\/\/ryfi.online\/wp-content\/uploads\/2022\/04\/et1081.jpg","datePublished":"2022-04-21T18:13:15+00:00","dateModified":"2023-01-03T18:48:16+00:00","description":"Encuentra la mejor colecci\u00f3n de camisetas y pantalones para ni\u00f1os de Spiderman en Espa\u00f1a en Ryfi Online Store Env\u00edo r\u00e1pido en 1 3 d\u00edas laborables","breadcrumb":{"@id":"https:\/\/ryfi.online\/es\/producto\/conjunto-cars-ninos-camiseta-y-pantalon-copy\/#breadcrumb"},"inLanguage":"es","potentialAction":[{"@type":"ReadAction","target":["https:\/\/ryfi.online\/es\/producto\/conjunto-cars-ninos-camiseta-y-pantalon-copy\/"]}]},{"@type":"ImageObject","inLanguage":"es","@id":"https:\/\/ryfi.online\/es\/producto\/conjunto-cars-ninos-camiseta-y-pantalon-copy\/#primaryimage","url":"https:\/\/ryfi.online\/wp-content\/uploads\/2022\/04\/et1081.jpg","contentUrl":"https:\/\/ryfi.online\/wp-content\/uploads\/2022\/04\/et1081.jpg","width":800,"height":565},{"@type":"BreadcrumbList","@id":"https:\/\/ryfi.online\/es\/producto\/conjunto-cars-ninos-camiseta-y-pantalon-copy\/#breadcrumb","itemListElement":[{"@type":"ListItem","position":1,"name":"Home","item":"https:\/\/ryfi.online\/es\/"},{"@type":"ListItem","position":2,"name":"Free and Fast Shipping whitin 1-3 Days!!!","item":"https:\/\/ryfi.online\/shop\/"},{"@type":"ListItem","position":3,"name":"Conjunto Cars Ni\u00f1os Camiseta y Pantalon ET1081"}]},{"@type":"WebSite","@id":"https:\/\/ryfi.online\/es\/#website","url":"https:\/\/ryfi.online\/es\/","name":"Ryfi Online Store","description":"Online Store","publisher":{"@id":"https:\/\/ryfi.online\/es\/#organization"},"potentialAction":[{"@type":"SearchAction","target":{"@type":"EntryPoint","urlTemplate":"https:\/\/ryfi.online\/es\/?s={search_term_string}"},"query-input":{"@type":"PropertyValueSpecification","valueRequired":true,"valueName":"search_term_string"}}],"inLanguage":"es"},{"@type":"Organization","@id":"https:\/\/ryfi.online\/es\/#organization","name":"Ryan Future Investments LLC","url":"https:\/\/ryfi.online\/es\/","logo":{"@type":"ImageObject","inLanguage":"es","@id":"https:\/\/ryfi.online\/es\/#\/schema\/logo\/image\/","url":"https:\/\/ryfi.online\/wp-content\/uploads\/2021\/03\/2-03.png","contentUrl":"https:\/\/ryfi.online\/wp-content\/uploads\/2021\/03\/2-03.png","width":1010,"height":310,"caption":"Ryan Future Investments LLC"},"image":{"@id":"https:\/\/ryfi.online\/es\/#\/schema\/logo\/image\/"},"sameAs":["https:\/\/www.facebook.com\/ryfi.online\/"]}]},"product_brand":"Camiseta ni\u00f1os","og_availability":"instock","product_availability":"instock","product_condition":"new"},"jetpack-related-posts":[{"id":7769,"url":"https:\/\/ryfi.online\/es\/producto\/spiderman-ninos-camiseta-y-pantalon\/","url_meta":{"origin":7945,"position":0},"title":"Conjunto Spiderman Ni\u00f1os Camiseta y Pantalon UE1109","date":"abril 19, 2022","format":false,"excerpt":"Env\u00edo rapido y seguro en 1-3 dias laborales","rel":"","context":"Entrada similar","img":{"alt_text":"Conjunto Spiderman","src":"https:\/\/i0.wp.com\/ryfi.online\/wp-content\/uploads\/2022\/04\/img_142084_b9dd3931f3ae76581b7aae01014ee611_20.jpg?resize=350%2C200&ssl=1","width":350,"height":200},"classes":[]},{"id":8554,"url":"https:\/\/ryfi.online\/es\/producto\/conjunto-spiderman-ev1057\/","url_meta":{"origin":7945,"position":1},"title":"Conjunto Spiderman para ni\u00f1os EV1057","date":"abril 29, 2022","format":false,"excerpt":"Env\u00edo rapido y seguro en 1-3 dias laborales","rel":"","context":"Entrada similar","img":{"alt_text":"","src":"https:\/\/i0.wp.com\/ryfi.online\/wp-content\/uploads\/2022\/04\/ev1057.jpg?resize=350%2C200&ssl=1","width":350,"height":200},"classes":[]},{"id":8644,"url":"https:\/\/ryfi.online\/es\/producto\/camiseta-peppa-pig-ue1120\/","url_meta":{"origin":7945,"position":2},"title":"Camiseta Peppa Pig para ni\u00f1as UE1120","date":"abril 29, 2022","format":false,"excerpt":"Env\u00edo rapido y seguro en 1-3 dias laborales","rel":"","context":"Entrada similar","img":{"alt_text":"","src":"https:\/\/i0.wp.com\/ryfi.online\/wp-content\/uploads\/2022\/04\/ue1120.jpg?resize=350%2C200&ssl=1","width":350,"height":200},"classes":[]},{"id":8760,"url":"https:\/\/ryfi.online\/es\/producto\/camiseta-manga-corta-minnie-ev1081\/","url_meta":{"origin":7945,"position":3},"title":"Camiseta Manga Corta Minnie para ni\u00f1as EV1081","date":"abril 30, 2022","format":false,"excerpt":"Env\u00edo gratuito y r\u00e1pido en 1-3 d\u00edas.","rel":"","context":"Entrada similar","img":{"alt_text":"Camiseta Minnie","src":"https:\/\/i0.wp.com\/ryfi.online\/wp-content\/uploads\/2022\/04\/ev1081.jpg?resize=350%2C200&ssl=1","width":350,"height":200},"classes":[]},{"id":2856,"url":"https:\/\/ryfi.online\/es\/producto\/pantalon-de-chandal-star-wars\/","url_meta":{"origin":7945,"position":4},"title":"Pantal\u00f3n de ch\u00e1ndal Star Wars APH1544","date":"octubre 8, 2021","format":false,"excerpt":"Env\u00edo rapido y seguro en 1-3 dias laborales","rel":"","context":"Entrada similar","img":{"alt_text":"Chandals para ninos Star Wars -1","src":"https:\/\/i0.wp.com\/ryfi.online\/wp-content\/uploads\/2021\/10\/aph1544.jpg?resize=350%2C200&ssl=1","width":350,"height":200},"classes":[]},{"id":2869,"url":"https:\/\/ryfi.online\/es\/producto\/disney-frozen-2-anna-elsa-characters-pantalones-de-chandal\/","url_meta":{"origin":7945,"position":5},"title":"Disney Frozen 2 Anna &#038; Elsa Characters &#8211; Pantalones de ch\u00e1ndal TH1076","date":"octubre 8, 2021","format":false,"excerpt":"Env\u00edo rapido y seguro en 1-3 dias laborales","rel":"","context":"Entrada similar","img":{"alt_text":" Chandals para ninas Anna&Elsa -1","src":"https:\/\/i0.wp.com\/ryfi.online\/wp-content\/uploads\/2021\/10\/th1076.jpg?resize=350%2C200&ssl=1","width":350,"height":200},"classes":[]}],"_links":{"self":[{"href":"https:\/\/ryfi.online\/es\/wp-json\/wp\/v2\/product\/7945","targetHints":{"allow":["GET"]}}],"collection":[{"href":"https:\/\/ryfi.online\/es\/wp-json\/wp\/v2\/product"}],"about":[{"href":"https:\/\/ryfi.online\/es\/wp-json\/wp\/v2\/types\/product"}],"replies":[{"embeddable":true,"href":"https:\/\/ryfi.online\/es\/wp-json\/wp\/v2\/comments?post=7945"}],"wp:featuredmedia":[{"embeddable":true,"href":"https:\/\/ryfi.online\/es\/wp-json\/wp\/v2\/media\/7972"}],"wp:attachment":[{"href":"https:\/\/ryfi.online\/es\/wp-json\/wp\/v2\/media?parent=7945"}],"wp:term":[{"taxonomy":"product_brand","embeddable":true,"href":"https:\/\/ryfi.online\/es\/wp-json\/wp\/v2\/product_brand?post=7945"},{"taxonomy":"product_cat","embeddable":true,"href":"https:\/\/ryfi.online\/es\/wp-json\/wp\/v2\/product_cat?post=7945"},{"taxonomy":"product_tag","embeddable":true,"href":"https:\/\/ryfi.online\/es\/wp-json\/wp\/v2\/product_tag?post=7945"}],"curies":[{"name":"wp","href":"https:\/\/api.w.org\/{rel}","templated":true}]}}