{"id":6630,"date":"2021-10-31T10:16:33","date_gmt":"2021-10-31T10:16:33","guid":{"rendered":"https:\/\/ryfi.online\/?post_type=product&#038;p=6630"},"modified":"2023-01-04T19:59:24","modified_gmt":"2023-01-04T19:59:24","slug":"paraguas-transparente-patrulla-canina","status":"publish","type":"product","link":"https:\/\/ryfi.online\/es\/producto\/paraguas-transparente-patrulla-canina\/","title":{"rendered":"Paraguas Transparente Patrulla Canina HU9147.E00-HU9146.E00"},"content":{"rendered":"<p>Paragua Transparente de Patrulla Canina Para fanaticos de verdad de la Patrulla Canina<\/p>\n<ul class=\"a-unordered-list a-vertical a-spacing-mini\">\n<li><span class=\"a-list-item\">Paraguas para ni\u00f1os de Patrulla Canina<br \/>\n<\/span><\/li>\n<li><span class=\"a-list-item\">Transparente<\/span><\/li>\n<li><span class=\"a-list-item\">Automatico<\/span><\/li>\n<\/ul>\n","protected":false},"excerpt":{"rendered":"<p>Env\u00edo gratuito y r\u00e1pido en 1-3 d\u00edas.<\/p>\n","protected":false},"featured_media":6633,"comment_status":"open","ping_status":"closed","template":"","meta":[],"product_brand":[],"product_cat":[272,277],"product_tag":[],"class_list":{"0":"post-6630","1":"product","2":"type-product","3":"status-publish","4":"has-post-thumbnail","6":"product_cat-paraguas","7":"product_cat-paraguas-ninos","9":"first","10":"instock","11":"featured","12":"taxable","13":"shipping-taxable","14":"purchasable","15":"product-type-variable"},"yoast_head":"<!-- This site is optimized with the Yoast SEO Premium plugin v17.1.2 (Yoast SEO v27.6) - https:\/\/yoast.com\/product\/yoast-seo-premium-wordpress\/ -->\n<title>Paraguas Transparente Patrulla Canina - Ryfi Online Store<\/title>\n<meta name=\"description\" content=\"Obtenga este incre\u00edble paraguas transparente de los personajes de la patrulla canina, que es un paraguas lo suficientemente fuerte como para salvarlo de la lluvia. Este paraguas viene en dos colores.\" \/>\n<meta name=\"robots\" content=\"index, follow, max-snippet:-1, max-image-preview:large, max-video-preview:-1\" \/>\n<link rel=\"canonical\" href=\"https:\/\/ryfi.online\/es\/producto\/paraguas-transparente-patrulla-canina\/\" \/>\n<meta property=\"og:locale\" content=\"es_ES\" \/>\n<meta property=\"og:type\" content=\"article\" \/>\n<meta property=\"og:title\" content=\"Paraguas Transparente Patrulla Canina HU9147.E00-HU9146.E00\" \/>\n<meta property=\"og:description\" content=\"Obtenga este incre\u00edble paraguas transparente de los personajes de la patrulla canina, que es un paraguas lo suficientemente fuerte como para salvarlo de la lluvia. Este paraguas viene en dos colores.\" \/>\n<meta property=\"og:url\" content=\"https:\/\/ryfi.online\/es\/producto\/paraguas-transparente-patrulla-canina\/\" \/>\n<meta property=\"og:site_name\" content=\"Ryfi Online Store\" \/>\n<meta property=\"article:publisher\" content=\"https:\/\/www.facebook.com\/ryfi.online\/\" \/>\n<meta property=\"article:modified_time\" content=\"2023-01-04T19:59:24+00:00\" \/>\n<meta property=\"og:image\" content=\"https:\/\/ryfi.online\/wp-content\/uploads\/2021\/10\/hu9147.e001.jpg\" \/>\n\t<meta property=\"og:image:width\" content=\"2256\" \/>\n\t<meta property=\"og:image:height\" content=\"1948\" \/>\n\t<meta property=\"og:image:type\" content=\"image\/jpeg\" \/>\n<meta name=\"twitter:card\" content=\"summary_large_image\" \/>\n<meta name=\"twitter:label1\" content=\"Availability\" \/>\n\t<meta name=\"twitter:data1\" content=\"In stock\" \/>\n<meta property=\"product:brand\" content=\"Paraguas ni\u00f1os\" \/>\n<meta property=\"og:availability\" content=\"instock\" \/>\n<meta property=\"product:availability\" content=\"instock\" \/>\n<meta property=\"product:condition\" content=\"new\" \/>\n<!-- \/ Yoast SEO Premium plugin. -->","yoast_head_json":{"title":"Paraguas Transparente Patrulla Canina - Ryfi Online Store","description":"Obtenga este incre\u00edble paraguas transparente de los personajes de la patrulla canina, que es un paraguas lo suficientemente fuerte como para salvarlo de la lluvia. Este paraguas viene en dos colores.","robots":{"index":"index","follow":"follow","max-snippet":"max-snippet:-1","max-image-preview":"max-image-preview:large","max-video-preview":"max-video-preview:-1"},"canonical":"https:\/\/ryfi.online\/es\/producto\/paraguas-transparente-patrulla-canina\/","og_locale":"es_ES","og_type":"article","og_title":"Paraguas Transparente Patrulla Canina HU9147.E00-HU9146.E00","og_description":"Obtenga este incre\u00edble paraguas transparente de los personajes de la patrulla canina, que es un paraguas lo suficientemente fuerte como para salvarlo de la lluvia. Este paraguas viene en dos colores.","og_url":"https:\/\/ryfi.online\/es\/producto\/paraguas-transparente-patrulla-canina\/","og_site_name":"Ryfi Online Store","article_publisher":"https:\/\/www.facebook.com\/ryfi.online\/","article_modified_time":"2023-01-04T19:59:24+00:00","og_image":[{"width":2256,"height":1948,"url":"https:\/\/ryfi.online\/wp-content\/uploads\/2021\/10\/hu9147.e001.jpg","type":"image\/jpeg"}],"twitter_card":"summary_large_image","twitter_misc":{"Availability":"In stock"},"schema":{"@context":"https:\/\/schema.org","@graph":[{"@type":"WebPage","@id":"https:\/\/ryfi.online\/es\/producto\/paraguas-transparente-patrulla-canina\/","url":"https:\/\/ryfi.online\/es\/producto\/paraguas-transparente-patrulla-canina\/","name":"Paraguas Transparente Patrulla Canina - Ryfi Online Store","isPartOf":{"@id":"https:\/\/ryfi.online\/es\/#website"},"primaryImageOfPage":{"@id":"https:\/\/ryfi.online\/es\/producto\/paraguas-transparente-patrulla-canina\/#primaryimage"},"image":{"@id":"https:\/\/ryfi.online\/es\/producto\/paraguas-transparente-patrulla-canina\/#primaryimage"},"thumbnailUrl":"https:\/\/ryfi.online\/wp-content\/uploads\/2021\/10\/hu9147.e001.jpg","datePublished":"2021-10-31T10:16:33+00:00","dateModified":"2023-01-04T19:59:24+00:00","description":"Obtenga este incre\u00edble paraguas transparente de los personajes de la patrulla canina, que es un paraguas lo suficientemente fuerte como para salvarlo de la lluvia. Este paraguas viene en dos colores.","breadcrumb":{"@id":"https:\/\/ryfi.online\/es\/producto\/paraguas-transparente-patrulla-canina\/#breadcrumb"},"inLanguage":"es","potentialAction":[{"@type":"ReadAction","target":["https:\/\/ryfi.online\/es\/producto\/paraguas-transparente-patrulla-canina\/"]}]},{"@type":"ImageObject","inLanguage":"es","@id":"https:\/\/ryfi.online\/es\/producto\/paraguas-transparente-patrulla-canina\/#primaryimage","url":"https:\/\/ryfi.online\/wp-content\/uploads\/2021\/10\/hu9147.e001.jpg","contentUrl":"https:\/\/ryfi.online\/wp-content\/uploads\/2021\/10\/hu9147.e001.jpg","width":2256,"height":1948},{"@type":"BreadcrumbList","@id":"https:\/\/ryfi.online\/es\/producto\/paraguas-transparente-patrulla-canina\/#breadcrumb","itemListElement":[{"@type":"ListItem","position":1,"name":"Home","item":"https:\/\/ryfi.online\/es\/"},{"@type":"ListItem","position":2,"name":"Free and Fast Shipping whitin 1-3 Days!!!","item":"https:\/\/ryfi.online\/shop\/"},{"@type":"ListItem","position":3,"name":"Paraguas Transparente Patrulla Canina HU9147.E00-HU9146.E00"}]},{"@type":"WebSite","@id":"https:\/\/ryfi.online\/es\/#website","url":"https:\/\/ryfi.online\/es\/","name":"Ryfi Online Store","description":"Online Store","publisher":{"@id":"https:\/\/ryfi.online\/es\/#organization"},"potentialAction":[{"@type":"SearchAction","target":{"@type":"EntryPoint","urlTemplate":"https:\/\/ryfi.online\/es\/?s={search_term_string}"},"query-input":{"@type":"PropertyValueSpecification","valueRequired":true,"valueName":"search_term_string"}}],"inLanguage":"es"},{"@type":"Organization","@id":"https:\/\/ryfi.online\/es\/#organization","name":"Ryan Future Investments LLC","url":"https:\/\/ryfi.online\/es\/","logo":{"@type":"ImageObject","inLanguage":"es","@id":"https:\/\/ryfi.online\/es\/#\/schema\/logo\/image\/","url":"https:\/\/ryfi.online\/wp-content\/uploads\/2021\/03\/2-03.png","contentUrl":"https:\/\/ryfi.online\/wp-content\/uploads\/2021\/03\/2-03.png","width":1010,"height":310,"caption":"Ryan Future Investments LLC"},"image":{"@id":"https:\/\/ryfi.online\/es\/#\/schema\/logo\/image\/"},"sameAs":["https:\/\/www.facebook.com\/ryfi.online\/"]}]},"product_brand":"Paraguas ni\u00f1os","og_availability":"instock","product_availability":"instock","product_condition":"new"},"jetpack-related-posts":[{"id":1421,"url":"https:\/\/ryfi.online\/es\/producto\/banador-con-diseno-de-patrulla-canina-de-nickelodeon-para-ninas\/","url_meta":{"origin":6630,"position":0},"title":"Ba\u00f1ador con dise\u00f1o de Patrulla Canina de Nickelodeon para ni\u00f1as SE1828","date":"junio 9, 2021","format":false,"excerpt":"Env\u00edo Rapido y Seguro en 1-3 d\u00edas laborales","rel":"","context":"Entrada similar","img":{"alt_text":"Patrulla Canina de Nickelodeon","src":"https:\/\/i0.wp.com\/ryfi.online\/wp-content\/uploads\/2021\/06\/se1828_pi.jpg?resize=350%2C200&ssl=1","width":350,"height":200},"classes":[]},{"id":12010,"url":"https:\/\/ryfi.online\/ro\/produs\/banador-con-diseno-de-patrulla-canina-de-nickelodeon-para-ninas-2\/","url_meta":{"origin":6630,"position":1},"title":"Ba\u00f1ador con dise\u00f1o de Patrulla Canina de Nickelodeon para ni\u00f1as SE1828","date":"junio 9, 2021","format":false,"excerpt":"Env\u00edo Rapido y Seguro en 1-3 d\u00edas laborales","rel":"","context":"Entrada similar","img":{"alt_text":"Patrulla Canina de Nickelodeon","src":"https:\/\/i0.wp.com\/ryfi.online\/wp-content\/uploads\/2021\/06\/se1828_pi.jpg?resize=350%2C200&ssl=1","width":350,"height":200},"classes":[]},{"id":1679,"url":"https:\/\/ryfi.online\/es\/producto\/camiseta-dibujo-animado-de-patrulla-canina-de-nickelodeon-para-ninas\/","url_meta":{"origin":6630,"position":2},"title":"Camiseta dibujo animado de Patrulla Canina de Nickelodeon para ni\u00f1as","date":"junio 15, 2021","format":false,"excerpt":"Envio Gratis 1-3 dias laborales Devolucion Gratuito","rel":"","context":"Entrada similar","img":{"alt_text":"Camiseta Patrulla Canina","src":"https:\/\/i0.wp.com\/ryfi.online\/wp-content\/uploads\/2021\/06\/se1488_dfu.jpg?resize=350%2C200&ssl=1","width":350,"height":200},"classes":[]},{"id":1704,"url":"https:\/\/ryfi.online\/es\/producto\/camiseta-dibujo-animado-de-patrulla-canina-de-nickelodeon-para-ninos\/","url_meta":{"origin":6630,"position":3},"title":"Camiseta dibujo animado de Patrulla Canina de Nickelodeon para ni\u00f1os","date":"junio 15, 2021","format":false,"excerpt":"Envio Gratis 1-3 dias laborales Devolucion Gratuito","rel":"","context":"Entrada similar","img":{"alt_text":"Camiseta Patrulla Canina","src":"https:\/\/i0.wp.com\/ryfi.online\/wp-content\/uploads\/2021\/06\/ue1153_bl.jpg?resize=350%2C200&ssl=1","width":350,"height":200},"classes":[]},{"id":1717,"url":"https:\/\/ryfi.online\/es\/producto\/boxer-bano-con-diseno-de-patrulla-canina-de-nickelodeon-para-ninos\/","url_meta":{"origin":6630,"position":4},"title":"Boxer Ba\u00f1o con dise\u00f1o de Patrulla Canina de Nickelodeon para ni\u00f1os","date":"junio 16, 2021","format":false,"excerpt":"Envio Gratis 1-3 dias laborales Devolucion Gratuito","rel":"","context":"Entrada similar","img":{"alt_text":"Banador Patrulla Canina","src":"https:\/\/i0.wp.com\/ryfi.online\/wp-content\/uploads\/2021\/06\/ue0102_lna.jpg?resize=350%2C200&ssl=1","width":350,"height":200},"classes":[]},{"id":13079,"url":"https:\/\/ryfi.online\/es\/producto\/paw-patrol-10-marshall-plush-toy-standing-plush-con-detalle-cosido-para-edades-3-y-arriba\/","url_meta":{"origin":6630,"position":5},"title":"La Patrulla Canina &#8211; Peluche de Marshall de 10&#8243;, de pie con detalles cosidos, para mayores de 3 a\u00f1os","date":"mayo 4, 2021","format":false,"excerpt":"Los peque\u00f1os fans de la Patrulla Canina pueden acurrucarse y so\u00f1ar con aventuras con su cachorro favorito, Marshall. Este cachorro de peluche de 10\" de altura se mantiene erguido por s\u00ed mismo, \u00a1listo para la acci\u00f3n! Marshall luce su caracter\u00edstico uniforme de la Patrulla Canina, con su gorro y la\u2026","rel":"","context":"Entrada similar","img":{"alt_text":"","src":"https:\/\/i0.wp.com\/ryfi.online\/wp-content\/uploads\/2021\/05\/71x19VxDhSL._AC_SL1500_.jpg?resize=350%2C200&ssl=1","width":350,"height":200},"classes":[]}],"_links":{"self":[{"href":"https:\/\/ryfi.online\/es\/wp-json\/wp\/v2\/product\/6630","targetHints":{"allow":["GET"]}}],"collection":[{"href":"https:\/\/ryfi.online\/es\/wp-json\/wp\/v2\/product"}],"about":[{"href":"https:\/\/ryfi.online\/es\/wp-json\/wp\/v2\/types\/product"}],"replies":[{"embeddable":true,"href":"https:\/\/ryfi.online\/es\/wp-json\/wp\/v2\/comments?post=6630"}],"wp:featuredmedia":[{"embeddable":true,"href":"https:\/\/ryfi.online\/es\/wp-json\/wp\/v2\/media\/6633"}],"wp:attachment":[{"href":"https:\/\/ryfi.online\/es\/wp-json\/wp\/v2\/media?parent=6630"}],"wp:term":[{"taxonomy":"product_brand","embeddable":true,"href":"https:\/\/ryfi.online\/es\/wp-json\/wp\/v2\/product_brand?post=6630"},{"taxonomy":"product_cat","embeddable":true,"href":"https:\/\/ryfi.online\/es\/wp-json\/wp\/v2\/product_cat?post=6630"},{"taxonomy":"product_tag","embeddable":true,"href":"https:\/\/ryfi.online\/es\/wp-json\/wp\/v2\/product_tag?post=6630"}],"curies":[{"name":"wp","href":"https:\/\/api.w.org\/{rel}","templated":true}]}}